{"id":51250,"date":"2024-11-21T11:24:53","date_gmt":"2024-11-21T10:24:53","guid":{"rendered":"https:\/\/antderground.com\/producto\/isosnack-naturalna-dieta-dla-izopodow\/"},"modified":"2024-11-21T11:24:53","modified_gmt":"2024-11-21T10:24:53","slug":"isosnack-naturalna-dieta-dla-izopodow","status":"publish","type":"product","link":"https:\/\/antderground.com\/pl\/produkt\/isosnack-naturalna-dieta-dla-izopodow\/","title":{"rendered":"IsoSnack: Naturalna dieta dla izopod\u00f3w"},"content":{"rendered":"","protected":false},"excerpt":{"rendered":"<p><strong>IsoSnack: Naturalna dieta dla izopod\u00f3w<\/strong><\/p>\n<p>Fantastyczny pokarm dla izopod\u00f3w, idealny jako suplement ich codziennej diety. Dost\u0119pny w praktycznej formie pellet\u00f3w, co u\u0142atwia spo\u017cycie i zapewnia zr\u00f3wnowa\u017cone od\u017cywianie.<\/p>\n<p><strong>Informacje:<\/strong><\/p>\n<ul>\n<li>Mo\u017cna go miesza\u0107 z innymi naturalnymi pokarmami, takimi jak suche li\u015bcie, drewno w rozk\u0142adzie oraz \u015bwie\u017ce owoce i warzywa. Nie stosowa\u0107 jako jedyny pokarm \u2013 izopody potrzebuj\u0105 r\u00f3\u017cnorodno\u015bci, aby uzyska\u0107 inne sk\u0142adniki od\u017cywcze i mikroorganizmy, kt\u00f3rych nie ma w tym produkcie.<\/li>\n<li>\u0141\u0105czy\u0107 z pod\u0142o\u017cem bogatym w naturalne sk\u0142adniki, aby zapewni\u0107 pe\u0142ne spektrum warto\u015bci od\u017cywczych.<\/li>\n<\/ul>\n<p><strong>Sk\u0142ad:<\/strong><br \/>\nBia\u0142ko surowe 20%, W\u0142\u00f3kno surowe 18%, T\u0142uszcze i oleje surowe 2%, Popi\u00f3\u0142 surowy 9%, Wap\u0144 4%, Fosfor 0,5%, S\u00f3d 0,2%.<\/p>\n<p><strong>Zalecenie:<\/strong> Podawa\u0107 w ma\u0142ych ilo\u015bciach.<br \/>\n<strong>Uwaga:<\/strong> Nieprzeznaczone do spo\u017cycia przez ludzi. Produkt stworzony wy\u0142\u0105cznie dla izopod\u00f3w.<\/p>\n","protected":false},"featured_media":51251,"template":"","meta":[],"product_brand":[],"product_cat":[780,784],"product_tag":[],"class_list":{"0":"post-51250","1":"product","2":"type-product","3":"status-publish","4":"has-post-thumbnail","6":"product_cat-karmienie","7":"product_cat-nasiona-i-ziarna","9":"first","10":"instock","11":"shipping-taxable","12":"purchasable","13":"product-type-variable"},"yoast_head":"<!-- This site is optimized with the Yoast SEO plugin v27.3 - https:\/\/yoast.com\/product\/yoast-seo-wordpress\/ -->\n<title>IsoSnack: Naturalna dieta dla izopod\u00f3w - ANTDERGROUND<\/title>\n<meta name=\"description\" content=\"Premium pokarm dla izopod\u00f3w! \ud83c\udf3f Uzupe\u0142nij ich diet\u0119 po\u017cywnymi i wygodnymi pelletemi. Idealny dla zdrowia i dobrostanu Twoich izopod\u00f3w. \ud83e\udeb5 #Izopody\" \/>\n<meta name=\"robots\" content=\"index, follow, max-snippet:-1, max-image-preview:large, max-video-preview:-1\" \/>\n<link rel=\"canonical\" href=\"https:\/\/antderground.com\/pl\/produkt\/isosnack-naturalna-dieta-dla-izopodow\/\" \/>\n<meta property=\"og:locale\" content=\"pl_PL\" \/>\n<meta property=\"og:type\" content=\"article\" \/>\n<meta property=\"og:title\" content=\"IsoSnack: Naturalna dieta dla izopod\u00f3w - ANTDERGROUND\" \/>\n<meta property=\"og:description\" content=\"Premium pokarm dla izopod\u00f3w! \ud83c\udf3f Uzupe\u0142nij ich diet\u0119 po\u017cywnymi i wygodnymi pelletemi. Idealny dla zdrowia i dobrostanu Twoich izopod\u00f3w. \ud83e\udeb5 #Izopody\" \/>\n<meta property=\"og:url\" content=\"https:\/\/antderground.com\/pl\/produkt\/isosnack-naturalna-dieta-dla-izopodow\/\" \/>\n<meta property=\"og:site_name\" content=\"ANTDERGROUND\" \/>\n<meta property=\"og:image\" content=\"https:\/\/antderground.com\/wp-content\/uploads\/2024\/11\/comida-isopodos.jpeg\" \/>\n\t<meta property=\"og:image:width\" content=\"2048\" \/>\n\t<meta property=\"og:image:height\" content=\"2048\" \/>\n\t<meta property=\"og:image:type\" content=\"image\/jpeg\" \/>\n<meta name=\"twitter:card\" content=\"summary_large_image\" \/>\n<script type=\"application\/ld+json\" class=\"yoast-schema-graph\">{\"@context\":\"https:\\\/\\\/schema.org\",\"@graph\":[{\"@type\":\"WebPage\",\"@id\":\"https:\\\/\\\/antderground.com\\\/pl\\\/produkt\\\/isosnack-naturalna-dieta-dla-izopodow\\\/\",\"url\":\"https:\\\/\\\/antderground.com\\\/pl\\\/produkt\\\/isosnack-naturalna-dieta-dla-izopodow\\\/\",\"name\":\"IsoSnack: Naturalna dieta dla izopod\u00f3w - ANTDERGROUND\",\"isPartOf\":{\"@id\":\"https:\\\/\\\/antderground.com\\\/pl\\\/#website\"},\"primaryImageOfPage\":{\"@id\":\"https:\\\/\\\/antderground.com\\\/pl\\\/produkt\\\/isosnack-naturalna-dieta-dla-izopodow\\\/#primaryimage\"},\"image\":{\"@id\":\"https:\\\/\\\/antderground.com\\\/pl\\\/produkt\\\/isosnack-naturalna-dieta-dla-izopodow\\\/#primaryimage\"},\"thumbnailUrl\":\"https:\\\/\\\/antderground.com\\\/wp-content\\\/uploads\\\/2024\\\/11\\\/comida-isopodos.jpeg\",\"datePublished\":\"2024-11-21T10:24:53+00:00\",\"description\":\"Premium pokarm dla izopod\u00f3w! \ud83c\udf3f Uzupe\u0142nij ich diet\u0119 po\u017cywnymi i wygodnymi pelletemi. Idealny dla zdrowia i dobrostanu Twoich izopod\u00f3w. \ud83e\udeb5 #Izopody\",\"breadcrumb\":{\"@id\":\"https:\\\/\\\/antderground.com\\\/pl\\\/produkt\\\/isosnack-naturalna-dieta-dla-izopodow\\\/#breadcrumb\"},\"inLanguage\":\"pl-PL\",\"potentialAction\":[{\"@type\":\"ReadAction\",\"target\":[\"https:\\\/\\\/antderground.com\\\/pl\\\/produkt\\\/isosnack-naturalna-dieta-dla-izopodow\\\/\"]}]},{\"@type\":\"ImageObject\",\"inLanguage\":\"pl-PL\",\"@id\":\"https:\\\/\\\/antderground.com\\\/pl\\\/produkt\\\/isosnack-naturalna-dieta-dla-izopodow\\\/#primaryimage\",\"url\":\"https:\\\/\\\/antderground.com\\\/wp-content\\\/uploads\\\/2024\\\/11\\\/comida-isopodos.jpeg\",\"contentUrl\":\"https:\\\/\\\/antderground.com\\\/wp-content\\\/uploads\\\/2024\\\/11\\\/comida-isopodos.jpeg\",\"width\":2048,\"height\":2048,\"caption\":\"IsoSnack: Naturalna dieta dla izopod\u00f3w\"},{\"@type\":\"BreadcrumbList\",\"@id\":\"https:\\\/\\\/antderground.com\\\/pl\\\/produkt\\\/isosnack-naturalna-dieta-dla-izopodow\\\/#breadcrumb\",\"itemListElement\":[{\"@type\":\"ListItem\",\"position\":1,\"name\":\"Portada\",\"item\":\"https:\\\/\\\/antderground.com\\\/pl\\\/\"},{\"@type\":\"ListItem\",\"position\":2,\"name\":\"Sklep\",\"item\":\"https:\\\/\\\/antderground.com\\\/pl\\\/sklep\\\/\"},{\"@type\":\"ListItem\",\"position\":3,\"name\":\"IsoSnack: Naturalna dieta dla izopod\u00f3w\"}]},{\"@type\":\"WebSite\",\"@id\":\"https:\\\/\\\/antderground.com\\\/pl\\\/#website\",\"url\":\"https:\\\/\\\/antderground.com\\\/pl\\\/\",\"name\":\"ANTDERGROUND\",\"description\":\"Tu tienda de hormigas, gran variedad de hormigueros acr\u00edlicos,madera,arena,3D y mas.. Pide tus hormigas gratis con tu pedido, somos expertos en hormigueros antifugas.\",\"publisher\":{\"@id\":\"https:\\\/\\\/antderground.com\\\/pl\\\/#\\\/schema\\\/person\\\/0e322c505e84fe72c65e2f6d08f96b81\"},\"alternateName\":\"Antderground\",\"potentialAction\":[{\"@type\":\"SearchAction\",\"target\":{\"@type\":\"EntryPoint\",\"urlTemplate\":\"https:\\\/\\\/antderground.com\\\/pl\\\/?s={search_term_string}\"},\"query-input\":{\"@type\":\"PropertyValueSpecification\",\"valueRequired\":true,\"valueName\":\"search_term_string\"}}],\"inLanguage\":\"pl-PL\"},{\"@type\":[\"Person\",\"Organization\"],\"@id\":\"https:\\\/\\\/antderground.com\\\/pl\\\/#\\\/schema\\\/person\\\/0e322c505e84fe72c65e2f6d08f96b81\",\"name\":\"Eric de Antderground\",\"image\":{\"@type\":\"ImageObject\",\"inLanguage\":\"pl-PL\",\"@id\":\"https:\\\/\\\/secure.gravatar.com\\\/avatar\\\/c49a1b9f79216d1498cb73c1e85cd47f4465dda35f2a94c03790d491bd4423c3?s=96&d=mm&r=g\",\"url\":\"https:\\\/\\\/secure.gravatar.com\\\/avatar\\\/c49a1b9f79216d1498cb73c1e85cd47f4465dda35f2a94c03790d491bd4423c3?s=96&d=mm&r=g\",\"contentUrl\":\"https:\\\/\\\/secure.gravatar.com\\\/avatar\\\/c49a1b9f79216d1498cb73c1e85cd47f4465dda35f2a94c03790d491bd4423c3?s=96&d=mm&r=g\",\"caption\":\"Eric de Antderground\"},\"logo\":{\"@id\":\"https:\\\/\\\/secure.gravatar.com\\\/avatar\\\/c49a1b9f79216d1498cb73c1e85cd47f4465dda35f2a94c03790d491bd4423c3?s=96&d=mm&r=g\"},\"description\":\"Eric es el especialista y fundador de Antderground, con una amplia trayectoria en artr\u00f3podos y enfocado en la mirmecolog\u00eda y el dise\u00f1o de hormigueros artificiales. Su enfoque combina la innovaci\u00f3n t\u00e9cnica con el respeto por la biolog\u00eda de las hormigas, is\u00f3podos y otros, desarrollando sistemas de nidos modulares 3D y acr\u00edlicos que son referentes para aficionados y profesionales en toda Europa. Su objetivo es facilitar la cr\u00eda de hormigas y otros artr\u00f3podos mediante soluciones seguras y divulgaci\u00f3n de calidad.\",\"sameAs\":[\"https:\\\/\\\/antderground.com\\\/\",\"https:\\\/\\\/www.youtube.com\\\/channel\\\/UCio72z7TlbufkAthAJIJfPw\"]}]}<\/script>\n<!-- \/ Yoast SEO plugin. -->","yoast_head_json":{"title":"IsoSnack: Naturalna dieta dla izopod\u00f3w - ANTDERGROUND","description":"Premium pokarm dla izopod\u00f3w! \ud83c\udf3f Uzupe\u0142nij ich diet\u0119 po\u017cywnymi i wygodnymi pelletemi. Idealny dla zdrowia i dobrostanu Twoich izopod\u00f3w. \ud83e\udeb5 #Izopody","robots":{"index":"index","follow":"follow","max-snippet":"max-snippet:-1","max-image-preview":"max-image-preview:large","max-video-preview":"max-video-preview:-1"},"canonical":"https:\/\/antderground.com\/pl\/produkt\/isosnack-naturalna-dieta-dla-izopodow\/","og_locale":"pl_PL","og_type":"article","og_title":"IsoSnack: Naturalna dieta dla izopod\u00f3w - ANTDERGROUND","og_description":"Premium pokarm dla izopod\u00f3w! \ud83c\udf3f Uzupe\u0142nij ich diet\u0119 po\u017cywnymi i wygodnymi pelletemi. Idealny dla zdrowia i dobrostanu Twoich izopod\u00f3w. \ud83e\udeb5 #Izopody","og_url":"https:\/\/antderground.com\/pl\/produkt\/isosnack-naturalna-dieta-dla-izopodow\/","og_site_name":"ANTDERGROUND","og_image":[{"width":2048,"height":2048,"url":"https:\/\/antderground.com\/wp-content\/uploads\/2024\/11\/comida-isopodos.jpeg","type":"image\/jpeg"}],"twitter_card":"summary_large_image","schema":{"@context":"https:\/\/schema.org","@graph":[{"@type":"WebPage","@id":"https:\/\/antderground.com\/pl\/produkt\/isosnack-naturalna-dieta-dla-izopodow\/","url":"https:\/\/antderground.com\/pl\/produkt\/isosnack-naturalna-dieta-dla-izopodow\/","name":"IsoSnack: Naturalna dieta dla izopod\u00f3w - ANTDERGROUND","isPartOf":{"@id":"https:\/\/antderground.com\/pl\/#website"},"primaryImageOfPage":{"@id":"https:\/\/antderground.com\/pl\/produkt\/isosnack-naturalna-dieta-dla-izopodow\/#primaryimage"},"image":{"@id":"https:\/\/antderground.com\/pl\/produkt\/isosnack-naturalna-dieta-dla-izopodow\/#primaryimage"},"thumbnailUrl":"https:\/\/antderground.com\/wp-content\/uploads\/2024\/11\/comida-isopodos.jpeg","datePublished":"2024-11-21T10:24:53+00:00","description":"Premium pokarm dla izopod\u00f3w! \ud83c\udf3f Uzupe\u0142nij ich diet\u0119 po\u017cywnymi i wygodnymi pelletemi. Idealny dla zdrowia i dobrostanu Twoich izopod\u00f3w. \ud83e\udeb5 #Izopody","breadcrumb":{"@id":"https:\/\/antderground.com\/pl\/produkt\/isosnack-naturalna-dieta-dla-izopodow\/#breadcrumb"},"inLanguage":"pl-PL","potentialAction":[{"@type":"ReadAction","target":["https:\/\/antderground.com\/pl\/produkt\/isosnack-naturalna-dieta-dla-izopodow\/"]}]},{"@type":"ImageObject","inLanguage":"pl-PL","@id":"https:\/\/antderground.com\/pl\/produkt\/isosnack-naturalna-dieta-dla-izopodow\/#primaryimage","url":"https:\/\/antderground.com\/wp-content\/uploads\/2024\/11\/comida-isopodos.jpeg","contentUrl":"https:\/\/antderground.com\/wp-content\/uploads\/2024\/11\/comida-isopodos.jpeg","width":2048,"height":2048,"caption":"IsoSnack: Naturalna dieta dla izopod\u00f3w"},{"@type":"BreadcrumbList","@id":"https:\/\/antderground.com\/pl\/produkt\/isosnack-naturalna-dieta-dla-izopodow\/#breadcrumb","itemListElement":[{"@type":"ListItem","position":1,"name":"Portada","item":"https:\/\/antderground.com\/pl\/"},{"@type":"ListItem","position":2,"name":"Sklep","item":"https:\/\/antderground.com\/pl\/sklep\/"},{"@type":"ListItem","position":3,"name":"IsoSnack: Naturalna dieta dla izopod\u00f3w"}]},{"@type":"WebSite","@id":"https:\/\/antderground.com\/pl\/#website","url":"https:\/\/antderground.com\/pl\/","name":"ANTDERGROUND","description":"Tu tienda de hormigas, gran variedad de hormigueros acr\u00edlicos,madera,arena,3D y mas.. Pide tus hormigas gratis con tu pedido, somos expertos en hormigueros antifugas.","publisher":{"@id":"https:\/\/antderground.com\/pl\/#\/schema\/person\/0e322c505e84fe72c65e2f6d08f96b81"},"alternateName":"Antderground","potentialAction":[{"@type":"SearchAction","target":{"@type":"EntryPoint","urlTemplate":"https:\/\/antderground.com\/pl\/?s={search_term_string}"},"query-input":{"@type":"PropertyValueSpecification","valueRequired":true,"valueName":"search_term_string"}}],"inLanguage":"pl-PL"},{"@type":["Person","Organization"],"@id":"https:\/\/antderground.com\/pl\/#\/schema\/person\/0e322c505e84fe72c65e2f6d08f96b81","name":"Eric de Antderground","image":{"@type":"ImageObject","inLanguage":"pl-PL","@id":"https:\/\/secure.gravatar.com\/avatar\/c49a1b9f79216d1498cb73c1e85cd47f4465dda35f2a94c03790d491bd4423c3?s=96&d=mm&r=g","url":"https:\/\/secure.gravatar.com\/avatar\/c49a1b9f79216d1498cb73c1e85cd47f4465dda35f2a94c03790d491bd4423c3?s=96&d=mm&r=g","contentUrl":"https:\/\/secure.gravatar.com\/avatar\/c49a1b9f79216d1498cb73c1e85cd47f4465dda35f2a94c03790d491bd4423c3?s=96&d=mm&r=g","caption":"Eric de Antderground"},"logo":{"@id":"https:\/\/secure.gravatar.com\/avatar\/c49a1b9f79216d1498cb73c1e85cd47f4465dda35f2a94c03790d491bd4423c3?s=96&d=mm&r=g"},"description":"Eric es el especialista y fundador de Antderground, con una amplia trayectoria en artr\u00f3podos y enfocado en la mirmecolog\u00eda y el dise\u00f1o de hormigueros artificiales. Su enfoque combina la innovaci\u00f3n t\u00e9cnica con el respeto por la biolog\u00eda de las hormigas, is\u00f3podos y otros, desarrollando sistemas de nidos modulares 3D y acr\u00edlicos que son referentes para aficionados y profesionales en toda Europa. Su objetivo es facilitar la cr\u00eda de hormigas y otros artr\u00f3podos mediante soluciones seguras y divulgaci\u00f3n de calidad.","sameAs":["https:\/\/antderground.com\/","https:\/\/www.youtube.com\/channel\/UCio72z7TlbufkAthAJIJfPw"]}]}},"_links":{"self":[{"href":"https:\/\/antderground.com\/pl\/wp-json\/wp\/v2\/product\/51250","targetHints":{"allow":["GET"]}}],"collection":[{"href":"https:\/\/antderground.com\/pl\/wp-json\/wp\/v2\/product"}],"about":[{"href":"https:\/\/antderground.com\/pl\/wp-json\/wp\/v2\/types\/product"}],"version-history":[{"count":0,"href":"https:\/\/antderground.com\/pl\/wp-json\/wp\/v2\/product\/51250\/revisions"}],"wp:featuredmedia":[{"embeddable":true,"href":"https:\/\/antderground.com\/pl\/wp-json\/wp\/v2\/media\/51251"}],"wp:attachment":[{"href":"https:\/\/antderground.com\/pl\/wp-json\/wp\/v2\/media?parent=51250"}],"wp:term":[{"taxonomy":"product_brand","embeddable":true,"href":"https:\/\/antderground.com\/pl\/wp-json\/wp\/v2\/product_brand?post=51250"},{"taxonomy":"product_cat","embeddable":true,"href":"https:\/\/antderground.com\/pl\/wp-json\/wp\/v2\/product_cat?post=51250"},{"taxonomy":"product_tag","embeddable":true,"href":"https:\/\/antderground.com\/pl\/wp-json\/wp\/v2\/product_tag?post=51250"}],"curies":[{"name":"wp","href":"https:\/\/api.w.org\/{rel}","templated":true}]}}