{"id":51254,"date":"2024-09-26T11:40:55","date_gmt":"2024-09-26T09:40:55","guid":{"rendered":"https:\/\/antderground.com\/producto\/swierszcze-acheta-domesticus\/"},"modified":"2024-09-26T11:40:55","modified_gmt":"2024-09-26T09:40:55","slug":"swierszcze-acheta-domesticus","status":"publish","type":"product","link":"https:\/\/antderground.com\/pl\/produkt\/swierszcze-acheta-domesticus\/","title":{"rendered":"\u015awierszcze Acheta domesticus"},"content":{"rendered":"<h3>Specyfikacja techniczna i opis<\/h3>\n<h4>\u015awierszcze <em>Acheta domesticus<\/em>: Idealny \u017cywy pokarm<\/h4>\n<p><strong>Nazwa zwyczajowa:<\/strong> \u015awierszcz domowy<br \/>\n<strong>Nazwa naukowa:<\/strong> <em>Acheta domesticus<\/em><br \/>\n<strong>Rodzina:<\/strong> Gryllidae<br \/>\n<strong>Rodzaj:<\/strong> <em>Acheta<\/em><br \/>\n<strong>Pochodzenie:<\/strong> Gatunek kosmopolityczny, powszechnie hodowany w kontrolowanych hodowlach<br \/>\n<strong>Rozmiar:<\/strong> Zale\u017cny od dost\u0119pnych wariant\u00f3w<br \/>\n<strong>D\u0142ugo\u015b\u0107 \u017cycia:<\/strong> 8\u201310 tygodni<\/p>\n<h4>Warto\u015bci od\u017cywcze<\/h4>\n<ul>\n<li><strong>Bia\u0142ko:<\/strong> Wysoka zawarto\u015b\u0107 (60\u201370%), wspiera wzrost i prawid\u0142owy rozw\u00f3j zwierz\u0105t.<\/li>\n<li><strong>Niska zawarto\u015b\u0107 t\u0142uszczu:<\/strong> Dostarcza energii bez nadmiernego obci\u0105\u017cenia kalorycznego.<\/li>\n<li><strong>Witaminy i minera\u0142y:<\/strong> Zawiera wap\u0144, \u017celazo, magnez oraz witamin\u0119 B12, wa\u017cne dla zbilansowanej diety.<\/li>\n<\/ul>\n<h4>Idealny pokarm dla zwierz\u0105t<\/h4>\n<p>\u015awierszcze s\u0105 \u0142atwe do strawienia i pobudzaj\u0105 naturalny instynkt \u0142owiecki u gad\u00f3w, p\u0142az\u00f3w, stawonog\u00f3w oraz owado\u017cernych ssak\u00f3w.<\/p>\n<h4>Zalecenia dotycz\u0105ce przechowywania<\/h4>\n<p>Przechowywa\u0107 w ch\u0142odnym i dobrze wentylowanym miejscu oraz zapewni\u0107 odpowiednie \u017ar\u00f3d\u0142o nawodnienia.<\/p>\n<p><em>Uwaga: \u015awierszcze sprzedawane w naszym sklepie internetowym nie s\u0105 przeznaczone do spo\u017cycia przez ludzi.<\/em><\/p>\n","protected":false},"excerpt":{"rendered":"<p>\u015awierszcze Acheta domesticus to idealny \u017cywy pokarm dla gad\u00f3w, p\u0142az\u00f3w, stawonog\u00f3w oraz owado\u017cernych ssak\u00f3w. Bogate w bia\u0142ko i minera\u0142y, stymuluj\u0105 naturalny instynkt \u0142owiecki i zapewniaj\u0105 pe\u0142nowarto\u015bciowe od\u017cywianie. Gwarancja jako\u015bci!<\/p>\n","protected":false},"featured_media":51255,"template":"","meta":[],"product_brand":[],"product_cat":[780,781],"product_tag":[833],"class_list":{"0":"post-51254","1":"product","2":"type-product","3":"status-publish","4":"has-post-thumbnail","6":"product_cat-karmienie","7":"product_cat-pokarm-zywy","8":"product_tag-alimentos-vivos","10":"first","11":"instock","12":"shipping-taxable","13":"purchasable","14":"product-type-variable"},"yoast_head":"<!-- This site is optimized with the Yoast SEO plugin v27.3 - https:\/\/yoast.com\/product\/yoast-seo-wordpress\/ -->\n<title>\u015awierszcze Acheta domesticus | Idealny \u017cywy pokarm - ANTDERGROUND<\/title>\n<meta name=\"description\" content=\"\u015awierszcze Acheta domesticus, po\u017cywny \u017cywy pokarm dla stawonog\u00f3w, gad\u00f3w, p\u0142az\u00f3w oraz ssak\u00f3w owado\u017cernych. Wysoka zawarto\u015b\u0107 bia\u0142ka i \u0142atwa strawno\u015b\u0107.\" \/>\n<meta name=\"robots\" content=\"index, follow, max-snippet:-1, max-image-preview:large, max-video-preview:-1\" \/>\n<link rel=\"canonical\" href=\"https:\/\/antderground.com\/pl\/produkt\/swierszcze-acheta-domesticus\/\" \/>\n<meta property=\"og:locale\" content=\"pl_PL\" \/>\n<meta property=\"og:type\" content=\"article\" \/>\n<meta property=\"og:title\" content=\"\u015awierszcze Acheta domesticus | Idealny \u017cywy pokarm - ANTDERGROUND\" \/>\n<meta property=\"og:description\" content=\"\u015awierszcze Acheta domesticus, po\u017cywny \u017cywy pokarm dla stawonog\u00f3w, gad\u00f3w, p\u0142az\u00f3w oraz ssak\u00f3w owado\u017cernych. Wysoka zawarto\u015b\u0107 bia\u0142ka i \u0142atwa strawno\u015b\u0107.\" \/>\n<meta property=\"og:url\" content=\"https:\/\/antderground.com\/pl\/produkt\/swierszcze-acheta-domesticus\/\" \/>\n<meta property=\"og:site_name\" content=\"ANTDERGROUND\" \/>\n<meta property=\"og:image\" content=\"https:\/\/antderground.com\/wp-content\/uploads\/2024\/09\/grillos-acheta-domestica.jpg\" \/>\n\t<meta property=\"og:image:width\" content=\"1600\" \/>\n\t<meta property=\"og:image:height\" content=\"1600\" \/>\n\t<meta property=\"og:image:type\" content=\"image\/jpeg\" \/>\n<meta name=\"twitter:card\" content=\"summary_large_image\" \/>\n<meta name=\"twitter:label1\" content=\"Szacowany czas czytania\" \/>\n\t<meta name=\"twitter:data1\" content=\"1 minuta\" \/>\n<script type=\"application\/ld+json\" class=\"yoast-schema-graph\">{\"@context\":\"https:\\\/\\\/schema.org\",\"@graph\":[{\"@type\":\"WebPage\",\"@id\":\"https:\\\/\\\/antderground.com\\\/pl\\\/produkt\\\/swierszcze-acheta-domesticus\\\/\",\"url\":\"https:\\\/\\\/antderground.com\\\/pl\\\/produkt\\\/swierszcze-acheta-domesticus\\\/\",\"name\":\"\u015awierszcze Acheta domesticus | Idealny \u017cywy pokarm - ANTDERGROUND\",\"isPartOf\":{\"@id\":\"https:\\\/\\\/antderground.com\\\/pl\\\/#website\"},\"primaryImageOfPage\":{\"@id\":\"https:\\\/\\\/antderground.com\\\/pl\\\/produkt\\\/swierszcze-acheta-domesticus\\\/#primaryimage\"},\"image\":{\"@id\":\"https:\\\/\\\/antderground.com\\\/pl\\\/produkt\\\/swierszcze-acheta-domesticus\\\/#primaryimage\"},\"thumbnailUrl\":\"https:\\\/\\\/antderground.com\\\/wp-content\\\/uploads\\\/2024\\\/09\\\/grillos-acheta-domestica.jpg\",\"datePublished\":\"2024-09-26T09:40:55+00:00\",\"description\":\"\u015awierszcze Acheta domesticus, po\u017cywny \u017cywy pokarm dla stawonog\u00f3w, gad\u00f3w, p\u0142az\u00f3w oraz ssak\u00f3w owado\u017cernych. Wysoka zawarto\u015b\u0107 bia\u0142ka i \u0142atwa strawno\u015b\u0107.\",\"breadcrumb\":{\"@id\":\"https:\\\/\\\/antderground.com\\\/pl\\\/produkt\\\/swierszcze-acheta-domesticus\\\/#breadcrumb\"},\"inLanguage\":\"pl-PL\",\"potentialAction\":[{\"@type\":\"ReadAction\",\"target\":[\"https:\\\/\\\/antderground.com\\\/pl\\\/produkt\\\/swierszcze-acheta-domesticus\\\/\"]}]},{\"@type\":\"ImageObject\",\"inLanguage\":\"pl-PL\",\"@id\":\"https:\\\/\\\/antderground.com\\\/pl\\\/produkt\\\/swierszcze-acheta-domesticus\\\/#primaryimage\",\"url\":\"https:\\\/\\\/antderground.com\\\/wp-content\\\/uploads\\\/2024\\\/09\\\/grillos-acheta-domestica.jpg\",\"contentUrl\":\"https:\\\/\\\/antderground.com\\\/wp-content\\\/uploads\\\/2024\\\/09\\\/grillos-acheta-domestica.jpg\",\"width\":1600,\"height\":1600,\"caption\":\"\u015awierszcze Acheta domesticus\"},{\"@type\":\"BreadcrumbList\",\"@id\":\"https:\\\/\\\/antderground.com\\\/pl\\\/produkt\\\/swierszcze-acheta-domesticus\\\/#breadcrumb\",\"itemListElement\":[{\"@type\":\"ListItem\",\"position\":1,\"name\":\"Portada\",\"item\":\"https:\\\/\\\/antderground.com\\\/pl\\\/\"},{\"@type\":\"ListItem\",\"position\":2,\"name\":\"Sklep\",\"item\":\"https:\\\/\\\/antderground.com\\\/pl\\\/sklep\\\/\"},{\"@type\":\"ListItem\",\"position\":3,\"name\":\"\u015awierszcze Acheta domesticus\"}]},{\"@type\":\"WebSite\",\"@id\":\"https:\\\/\\\/antderground.com\\\/pl\\\/#website\",\"url\":\"https:\\\/\\\/antderground.com\\\/pl\\\/\",\"name\":\"ANTDERGROUND\",\"description\":\"Tu tienda de hormigas, gran variedad de hormigueros acr\u00edlicos,madera,arena,3D y mas.. Pide tus hormigas gratis con tu pedido, somos expertos en hormigueros antifugas.\",\"publisher\":{\"@id\":\"https:\\\/\\\/antderground.com\\\/pl\\\/#\\\/schema\\\/person\\\/0e322c505e84fe72c65e2f6d08f96b81\"},\"alternateName\":\"Antderground\",\"potentialAction\":[{\"@type\":\"SearchAction\",\"target\":{\"@type\":\"EntryPoint\",\"urlTemplate\":\"https:\\\/\\\/antderground.com\\\/pl\\\/?s={search_term_string}\"},\"query-input\":{\"@type\":\"PropertyValueSpecification\",\"valueRequired\":true,\"valueName\":\"search_term_string\"}}],\"inLanguage\":\"pl-PL\"},{\"@type\":[\"Person\",\"Organization\"],\"@id\":\"https:\\\/\\\/antderground.com\\\/pl\\\/#\\\/schema\\\/person\\\/0e322c505e84fe72c65e2f6d08f96b81\",\"name\":\"Eric de Antderground\",\"image\":{\"@type\":\"ImageObject\",\"inLanguage\":\"pl-PL\",\"@id\":\"https:\\\/\\\/secure.gravatar.com\\\/avatar\\\/c49a1b9f79216d1498cb73c1e85cd47f4465dda35f2a94c03790d491bd4423c3?s=96&d=mm&r=g\",\"url\":\"https:\\\/\\\/secure.gravatar.com\\\/avatar\\\/c49a1b9f79216d1498cb73c1e85cd47f4465dda35f2a94c03790d491bd4423c3?s=96&d=mm&r=g\",\"contentUrl\":\"https:\\\/\\\/secure.gravatar.com\\\/avatar\\\/c49a1b9f79216d1498cb73c1e85cd47f4465dda35f2a94c03790d491bd4423c3?s=96&d=mm&r=g\",\"caption\":\"Eric de Antderground\"},\"logo\":{\"@id\":\"https:\\\/\\\/secure.gravatar.com\\\/avatar\\\/c49a1b9f79216d1498cb73c1e85cd47f4465dda35f2a94c03790d491bd4423c3?s=96&d=mm&r=g\"},\"description\":\"Eric es el especialista y fundador de Antderground, con una amplia trayectoria en artr\u00f3podos y enfocado en la mirmecolog\u00eda y el dise\u00f1o de hormigueros artificiales. Su enfoque combina la innovaci\u00f3n t\u00e9cnica con el respeto por la biolog\u00eda de las hormigas, is\u00f3podos y otros, desarrollando sistemas de nidos modulares 3D y acr\u00edlicos que son referentes para aficionados y profesionales en toda Europa. Su objetivo es facilitar la cr\u00eda de hormigas y otros artr\u00f3podos mediante soluciones seguras y divulgaci\u00f3n de calidad.\",\"sameAs\":[\"https:\\\/\\\/antderground.com\\\/\",\"https:\\\/\\\/www.youtube.com\\\/channel\\\/UCio72z7TlbufkAthAJIJfPw\"]}]}<\/script>\n<!-- \/ Yoast SEO plugin. -->","yoast_head_json":{"title":"\u015awierszcze Acheta domesticus | Idealny \u017cywy pokarm - ANTDERGROUND","description":"\u015awierszcze Acheta domesticus, po\u017cywny \u017cywy pokarm dla stawonog\u00f3w, gad\u00f3w, p\u0142az\u00f3w oraz ssak\u00f3w owado\u017cernych. Wysoka zawarto\u015b\u0107 bia\u0142ka i \u0142atwa strawno\u015b\u0107.","robots":{"index":"index","follow":"follow","max-snippet":"max-snippet:-1","max-image-preview":"max-image-preview:large","max-video-preview":"max-video-preview:-1"},"canonical":"https:\/\/antderground.com\/pl\/produkt\/swierszcze-acheta-domesticus\/","og_locale":"pl_PL","og_type":"article","og_title":"\u015awierszcze Acheta domesticus | Idealny \u017cywy pokarm - ANTDERGROUND","og_description":"\u015awierszcze Acheta domesticus, po\u017cywny \u017cywy pokarm dla stawonog\u00f3w, gad\u00f3w, p\u0142az\u00f3w oraz ssak\u00f3w owado\u017cernych. Wysoka zawarto\u015b\u0107 bia\u0142ka i \u0142atwa strawno\u015b\u0107.","og_url":"https:\/\/antderground.com\/pl\/produkt\/swierszcze-acheta-domesticus\/","og_site_name":"ANTDERGROUND","og_image":[{"width":1600,"height":1600,"url":"https:\/\/antderground.com\/wp-content\/uploads\/2024\/09\/grillos-acheta-domestica.jpg","type":"image\/jpeg"}],"twitter_card":"summary_large_image","twitter_misc":{"Szacowany czas czytania":"1 minuta"},"schema":{"@context":"https:\/\/schema.org","@graph":[{"@type":"WebPage","@id":"https:\/\/antderground.com\/pl\/produkt\/swierszcze-acheta-domesticus\/","url":"https:\/\/antderground.com\/pl\/produkt\/swierszcze-acheta-domesticus\/","name":"\u015awierszcze Acheta domesticus | Idealny \u017cywy pokarm - ANTDERGROUND","isPartOf":{"@id":"https:\/\/antderground.com\/pl\/#website"},"primaryImageOfPage":{"@id":"https:\/\/antderground.com\/pl\/produkt\/swierszcze-acheta-domesticus\/#primaryimage"},"image":{"@id":"https:\/\/antderground.com\/pl\/produkt\/swierszcze-acheta-domesticus\/#primaryimage"},"thumbnailUrl":"https:\/\/antderground.com\/wp-content\/uploads\/2024\/09\/grillos-acheta-domestica.jpg","datePublished":"2024-09-26T09:40:55+00:00","description":"\u015awierszcze Acheta domesticus, po\u017cywny \u017cywy pokarm dla stawonog\u00f3w, gad\u00f3w, p\u0142az\u00f3w oraz ssak\u00f3w owado\u017cernych. Wysoka zawarto\u015b\u0107 bia\u0142ka i \u0142atwa strawno\u015b\u0107.","breadcrumb":{"@id":"https:\/\/antderground.com\/pl\/produkt\/swierszcze-acheta-domesticus\/#breadcrumb"},"inLanguage":"pl-PL","potentialAction":[{"@type":"ReadAction","target":["https:\/\/antderground.com\/pl\/produkt\/swierszcze-acheta-domesticus\/"]}]},{"@type":"ImageObject","inLanguage":"pl-PL","@id":"https:\/\/antderground.com\/pl\/produkt\/swierszcze-acheta-domesticus\/#primaryimage","url":"https:\/\/antderground.com\/wp-content\/uploads\/2024\/09\/grillos-acheta-domestica.jpg","contentUrl":"https:\/\/antderground.com\/wp-content\/uploads\/2024\/09\/grillos-acheta-domestica.jpg","width":1600,"height":1600,"caption":"\u015awierszcze Acheta domesticus"},{"@type":"BreadcrumbList","@id":"https:\/\/antderground.com\/pl\/produkt\/swierszcze-acheta-domesticus\/#breadcrumb","itemListElement":[{"@type":"ListItem","position":1,"name":"Portada","item":"https:\/\/antderground.com\/pl\/"},{"@type":"ListItem","position":2,"name":"Sklep","item":"https:\/\/antderground.com\/pl\/sklep\/"},{"@type":"ListItem","position":3,"name":"\u015awierszcze Acheta domesticus"}]},{"@type":"WebSite","@id":"https:\/\/antderground.com\/pl\/#website","url":"https:\/\/antderground.com\/pl\/","name":"ANTDERGROUND","description":"Tu tienda de hormigas, gran variedad de hormigueros acr\u00edlicos,madera,arena,3D y mas.. Pide tus hormigas gratis con tu pedido, somos expertos en hormigueros antifugas.","publisher":{"@id":"https:\/\/antderground.com\/pl\/#\/schema\/person\/0e322c505e84fe72c65e2f6d08f96b81"},"alternateName":"Antderground","potentialAction":[{"@type":"SearchAction","target":{"@type":"EntryPoint","urlTemplate":"https:\/\/antderground.com\/pl\/?s={search_term_string}"},"query-input":{"@type":"PropertyValueSpecification","valueRequired":true,"valueName":"search_term_string"}}],"inLanguage":"pl-PL"},{"@type":["Person","Organization"],"@id":"https:\/\/antderground.com\/pl\/#\/schema\/person\/0e322c505e84fe72c65e2f6d08f96b81","name":"Eric de Antderground","image":{"@type":"ImageObject","inLanguage":"pl-PL","@id":"https:\/\/secure.gravatar.com\/avatar\/c49a1b9f79216d1498cb73c1e85cd47f4465dda35f2a94c03790d491bd4423c3?s=96&d=mm&r=g","url":"https:\/\/secure.gravatar.com\/avatar\/c49a1b9f79216d1498cb73c1e85cd47f4465dda35f2a94c03790d491bd4423c3?s=96&d=mm&r=g","contentUrl":"https:\/\/secure.gravatar.com\/avatar\/c49a1b9f79216d1498cb73c1e85cd47f4465dda35f2a94c03790d491bd4423c3?s=96&d=mm&r=g","caption":"Eric de Antderground"},"logo":{"@id":"https:\/\/secure.gravatar.com\/avatar\/c49a1b9f79216d1498cb73c1e85cd47f4465dda35f2a94c03790d491bd4423c3?s=96&d=mm&r=g"},"description":"Eric es el especialista y fundador de Antderground, con una amplia trayectoria en artr\u00f3podos y enfocado en la mirmecolog\u00eda y el dise\u00f1o de hormigueros artificiales. Su enfoque combina la innovaci\u00f3n t\u00e9cnica con el respeto por la biolog\u00eda de las hormigas, is\u00f3podos y otros, desarrollando sistemas de nidos modulares 3D y acr\u00edlicos que son referentes para aficionados y profesionales en toda Europa. Su objetivo es facilitar la cr\u00eda de hormigas y otros artr\u00f3podos mediante soluciones seguras y divulgaci\u00f3n de calidad.","sameAs":["https:\/\/antderground.com\/","https:\/\/www.youtube.com\/channel\/UCio72z7TlbufkAthAJIJfPw"]}]}},"_links":{"self":[{"href":"https:\/\/antderground.com\/pl\/wp-json\/wp\/v2\/product\/51254","targetHints":{"allow":["GET"]}}],"collection":[{"href":"https:\/\/antderground.com\/pl\/wp-json\/wp\/v2\/product"}],"about":[{"href":"https:\/\/antderground.com\/pl\/wp-json\/wp\/v2\/types\/product"}],"version-history":[{"count":0,"href":"https:\/\/antderground.com\/pl\/wp-json\/wp\/v2\/product\/51254\/revisions"}],"wp:featuredmedia":[{"embeddable":true,"href":"https:\/\/antderground.com\/pl\/wp-json\/wp\/v2\/media\/51255"}],"wp:attachment":[{"href":"https:\/\/antderground.com\/pl\/wp-json\/wp\/v2\/media?parent=51254"}],"wp:term":[{"taxonomy":"product_brand","embeddable":true,"href":"https:\/\/antderground.com\/pl\/wp-json\/wp\/v2\/product_brand?post=51254"},{"taxonomy":"product_cat","embeddable":true,"href":"https:\/\/antderground.com\/pl\/wp-json\/wp\/v2\/product_cat?post=51254"},{"taxonomy":"product_tag","embeddable":true,"href":"https:\/\/antderground.com\/pl\/wp-json\/wp\/v2\/product_tag?post=51254"}],"curies":[{"name":"wp","href":"https:\/\/api.w.org\/{rel}","templated":true}]}}