{"id":51259,"date":"2024-06-10T15:52:38","date_gmt":"2024-06-10T13:52:38","guid":{"rendered":"https:\/\/antderground.com\/producto\/pokarm-dla-skoczogonkow\/"},"modified":"2024-06-10T15:52:38","modified_gmt":"2024-06-10T13:52:38","slug":"pokarm-dla-skoczogonkow","status":"publish","type":"product","link":"https:\/\/antderground.com\/pl\/produkt\/pokarm-dla-skoczogonkow\/","title":{"rendered":"Pokarm dla skoczogonk\u00f3w"},"content":{"rendered":"","protected":false},"excerpt":{"rendered":"<p>Zadbaj o zdrowie swoich skoczogonk\u00f3w dzi\u0119ki naszej mieszance mielonych zb\u00f3\u017c. Zapewnia ona niezb\u0119dne sk\u0142adniki od\u017cywcze wspieraj\u0105ce ich rozw\u00f3j i rozmna\u017canie. Wspomaga prawid\u0142owy cykl \u017cycia w hodowli.<\/p>\n","protected":false},"featured_media":51260,"template":"","meta":[],"product_brand":[],"product_cat":[780,784,785],"product_tag":[],"class_list":{"0":"post-51259","1":"product","2":"type-product","3":"status-publish","4":"has-post-thumbnail","6":"product_cat-karmienie","7":"product_cat-nasiona-i-ziarna","8":"product_cat-suplementy","10":"first","11":"instock","12":"shipping-taxable","13":"purchasable","14":"product-type-variable"},"yoast_head":"<!-- This site is optimized with the Yoast SEO plugin v27.3 - https:\/\/yoast.com\/product\/yoast-seo-wordpress\/ -->\n<title>Pokarm dla skoczogonk\u00f3w | Pokarm dla owad\u00f3w - ANTDERGROUND<\/title>\n<meta name=\"description\" content=\"Odkryj pokarm dla skoczogonk\u00f3w \u2013 idealne po\u0142\u0105czenie do karmienia Twojej hodowli skoczogonk\u00f3w na bazie mielonych zb\u00f3\u017c. Wszystko, czego potrzebuj\u0105 Twoje owady!\" \/>\n<meta name=\"robots\" content=\"index, follow, max-snippet:-1, max-image-preview:large, max-video-preview:-1\" \/>\n<link rel=\"canonical\" href=\"https:\/\/antderground.com\/pl\/produkt\/pokarm-dla-skoczogonkow\/\" \/>\n<meta property=\"og:locale\" content=\"pl_PL\" \/>\n<meta property=\"og:type\" content=\"article\" \/>\n<meta property=\"og:title\" content=\"Pokarm dla skoczogonk\u00f3w | Pokarm dla owad\u00f3w - ANTDERGROUND\" \/>\n<meta property=\"og:description\" content=\"Odkryj pokarm dla skoczogonk\u00f3w \u2013 idealne po\u0142\u0105czenie do karmienia Twojej hodowli skoczogonk\u00f3w na bazie mielonych zb\u00f3\u017c. Wszystko, czego potrzebuj\u0105 Twoje owady!\" \/>\n<meta property=\"og:url\" content=\"https:\/\/antderground.com\/pl\/produkt\/pokarm-dla-skoczogonkow\/\" \/>\n<meta property=\"og:site_name\" content=\"ANTDERGROUND\" \/>\n<meta property=\"og:image\" content=\"https:\/\/antderground.com\/wp-content\/uploads\/2024\/06\/Alimento-para-colembolos.jpg\" \/>\n\t<meta property=\"og:image:width\" content=\"2048\" \/>\n\t<meta property=\"og:image:height\" content=\"2048\" \/>\n\t<meta property=\"og:image:type\" content=\"image\/jpeg\" \/>\n<meta name=\"twitter:card\" content=\"summary_large_image\" \/>\n<script type=\"application\/ld+json\" class=\"yoast-schema-graph\">{\"@context\":\"https:\\\/\\\/schema.org\",\"@graph\":[{\"@type\":\"WebPage\",\"@id\":\"https:\\\/\\\/antderground.com\\\/pl\\\/produkt\\\/pokarm-dla-skoczogonkow\\\/\",\"url\":\"https:\\\/\\\/antderground.com\\\/pl\\\/produkt\\\/pokarm-dla-skoczogonkow\\\/\",\"name\":\"Pokarm dla skoczogonk\u00f3w | Pokarm dla owad\u00f3w - ANTDERGROUND\",\"isPartOf\":{\"@id\":\"https:\\\/\\\/antderground.com\\\/pl\\\/#website\"},\"primaryImageOfPage\":{\"@id\":\"https:\\\/\\\/antderground.com\\\/pl\\\/produkt\\\/pokarm-dla-skoczogonkow\\\/#primaryimage\"},\"image\":{\"@id\":\"https:\\\/\\\/antderground.com\\\/pl\\\/produkt\\\/pokarm-dla-skoczogonkow\\\/#primaryimage\"},\"thumbnailUrl\":\"https:\\\/\\\/antderground.com\\\/wp-content\\\/uploads\\\/2024\\\/06\\\/Alimento-para-colembolos.jpg\",\"datePublished\":\"2024-06-10T13:52:38+00:00\",\"description\":\"Odkryj pokarm dla skoczogonk\u00f3w \u2013 idealne po\u0142\u0105czenie do karmienia Twojej hodowli skoczogonk\u00f3w na bazie mielonych zb\u00f3\u017c. Wszystko, czego potrzebuj\u0105 Twoje owady!\",\"breadcrumb\":{\"@id\":\"https:\\\/\\\/antderground.com\\\/pl\\\/produkt\\\/pokarm-dla-skoczogonkow\\\/#breadcrumb\"},\"inLanguage\":\"pl-PL\",\"potentialAction\":[{\"@type\":\"ReadAction\",\"target\":[\"https:\\\/\\\/antderground.com\\\/pl\\\/produkt\\\/pokarm-dla-skoczogonkow\\\/\"]}]},{\"@type\":\"ImageObject\",\"inLanguage\":\"pl-PL\",\"@id\":\"https:\\\/\\\/antderground.com\\\/pl\\\/produkt\\\/pokarm-dla-skoczogonkow\\\/#primaryimage\",\"url\":\"https:\\\/\\\/antderground.com\\\/wp-content\\\/uploads\\\/2024\\\/06\\\/Alimento-para-colembolos.jpg\",\"contentUrl\":\"https:\\\/\\\/antderground.com\\\/wp-content\\\/uploads\\\/2024\\\/06\\\/Alimento-para-colembolos.jpg\",\"width\":2048,\"height\":2048,\"caption\":\"Pokarm dla skoczogonk\u00f3w\"},{\"@type\":\"BreadcrumbList\",\"@id\":\"https:\\\/\\\/antderground.com\\\/pl\\\/produkt\\\/pokarm-dla-skoczogonkow\\\/#breadcrumb\",\"itemListElement\":[{\"@type\":\"ListItem\",\"position\":1,\"name\":\"Portada\",\"item\":\"https:\\\/\\\/antderground.com\\\/pl\\\/\"},{\"@type\":\"ListItem\",\"position\":2,\"name\":\"Sklep\",\"item\":\"https:\\\/\\\/antderground.com\\\/pl\\\/sklep\\\/\"},{\"@type\":\"ListItem\",\"position\":3,\"name\":\"Pokarm dla skoczogonk\u00f3w\"}]},{\"@type\":\"WebSite\",\"@id\":\"https:\\\/\\\/antderground.com\\\/pl\\\/#website\",\"url\":\"https:\\\/\\\/antderground.com\\\/pl\\\/\",\"name\":\"ANTDERGROUND\",\"description\":\"Tu tienda de hormigas, gran variedad de hormigueros acr\u00edlicos,madera,arena,3D y mas.. Pide tus hormigas gratis con tu pedido, somos expertos en hormigueros antifugas.\",\"publisher\":{\"@id\":\"https:\\\/\\\/antderground.com\\\/pl\\\/#\\\/schema\\\/person\\\/0e322c505e84fe72c65e2f6d08f96b81\"},\"alternateName\":\"Antderground\",\"potentialAction\":[{\"@type\":\"SearchAction\",\"target\":{\"@type\":\"EntryPoint\",\"urlTemplate\":\"https:\\\/\\\/antderground.com\\\/pl\\\/?s={search_term_string}\"},\"query-input\":{\"@type\":\"PropertyValueSpecification\",\"valueRequired\":true,\"valueName\":\"search_term_string\"}}],\"inLanguage\":\"pl-PL\"},{\"@type\":[\"Person\",\"Organization\"],\"@id\":\"https:\\\/\\\/antderground.com\\\/pl\\\/#\\\/schema\\\/person\\\/0e322c505e84fe72c65e2f6d08f96b81\",\"name\":\"Eric de Antderground\",\"image\":{\"@type\":\"ImageObject\",\"inLanguage\":\"pl-PL\",\"@id\":\"https:\\\/\\\/secure.gravatar.com\\\/avatar\\\/c49a1b9f79216d1498cb73c1e85cd47f4465dda35f2a94c03790d491bd4423c3?s=96&d=mm&r=g\",\"url\":\"https:\\\/\\\/secure.gravatar.com\\\/avatar\\\/c49a1b9f79216d1498cb73c1e85cd47f4465dda35f2a94c03790d491bd4423c3?s=96&d=mm&r=g\",\"contentUrl\":\"https:\\\/\\\/secure.gravatar.com\\\/avatar\\\/c49a1b9f79216d1498cb73c1e85cd47f4465dda35f2a94c03790d491bd4423c3?s=96&d=mm&r=g\",\"caption\":\"Eric de Antderground\"},\"logo\":{\"@id\":\"https:\\\/\\\/secure.gravatar.com\\\/avatar\\\/c49a1b9f79216d1498cb73c1e85cd47f4465dda35f2a94c03790d491bd4423c3?s=96&d=mm&r=g\"},\"description\":\"Eric es el especialista y fundador de Antderground, con una amplia trayectoria en artr\u00f3podos y enfocado en la mirmecolog\u00eda y el dise\u00f1o de hormigueros artificiales. Su enfoque combina la innovaci\u00f3n t\u00e9cnica con el respeto por la biolog\u00eda de las hormigas, is\u00f3podos y otros, desarrollando sistemas de nidos modulares 3D y acr\u00edlicos que son referentes para aficionados y profesionales en toda Europa. Su objetivo es facilitar la cr\u00eda de hormigas y otros artr\u00f3podos mediante soluciones seguras y divulgaci\u00f3n de calidad.\",\"sameAs\":[\"https:\\\/\\\/antderground.com\\\/\",\"https:\\\/\\\/www.youtube.com\\\/channel\\\/UCio72z7TlbufkAthAJIJfPw\"]}]}<\/script>\n<!-- \/ Yoast SEO plugin. -->","yoast_head_json":{"title":"Pokarm dla skoczogonk\u00f3w | Pokarm dla owad\u00f3w - ANTDERGROUND","description":"Odkryj pokarm dla skoczogonk\u00f3w \u2013 idealne po\u0142\u0105czenie do karmienia Twojej hodowli skoczogonk\u00f3w na bazie mielonych zb\u00f3\u017c. Wszystko, czego potrzebuj\u0105 Twoje owady!","robots":{"index":"index","follow":"follow","max-snippet":"max-snippet:-1","max-image-preview":"max-image-preview:large","max-video-preview":"max-video-preview:-1"},"canonical":"https:\/\/antderground.com\/pl\/produkt\/pokarm-dla-skoczogonkow\/","og_locale":"pl_PL","og_type":"article","og_title":"Pokarm dla skoczogonk\u00f3w | Pokarm dla owad\u00f3w - ANTDERGROUND","og_description":"Odkryj pokarm dla skoczogonk\u00f3w \u2013 idealne po\u0142\u0105czenie do karmienia Twojej hodowli skoczogonk\u00f3w na bazie mielonych zb\u00f3\u017c. Wszystko, czego potrzebuj\u0105 Twoje owady!","og_url":"https:\/\/antderground.com\/pl\/produkt\/pokarm-dla-skoczogonkow\/","og_site_name":"ANTDERGROUND","og_image":[{"width":2048,"height":2048,"url":"https:\/\/antderground.com\/wp-content\/uploads\/2024\/06\/Alimento-para-colembolos.jpg","type":"image\/jpeg"}],"twitter_card":"summary_large_image","schema":{"@context":"https:\/\/schema.org","@graph":[{"@type":"WebPage","@id":"https:\/\/antderground.com\/pl\/produkt\/pokarm-dla-skoczogonkow\/","url":"https:\/\/antderground.com\/pl\/produkt\/pokarm-dla-skoczogonkow\/","name":"Pokarm dla skoczogonk\u00f3w | Pokarm dla owad\u00f3w - ANTDERGROUND","isPartOf":{"@id":"https:\/\/antderground.com\/pl\/#website"},"primaryImageOfPage":{"@id":"https:\/\/antderground.com\/pl\/produkt\/pokarm-dla-skoczogonkow\/#primaryimage"},"image":{"@id":"https:\/\/antderground.com\/pl\/produkt\/pokarm-dla-skoczogonkow\/#primaryimage"},"thumbnailUrl":"https:\/\/antderground.com\/wp-content\/uploads\/2024\/06\/Alimento-para-colembolos.jpg","datePublished":"2024-06-10T13:52:38+00:00","description":"Odkryj pokarm dla skoczogonk\u00f3w \u2013 idealne po\u0142\u0105czenie do karmienia Twojej hodowli skoczogonk\u00f3w na bazie mielonych zb\u00f3\u017c. Wszystko, czego potrzebuj\u0105 Twoje owady!","breadcrumb":{"@id":"https:\/\/antderground.com\/pl\/produkt\/pokarm-dla-skoczogonkow\/#breadcrumb"},"inLanguage":"pl-PL","potentialAction":[{"@type":"ReadAction","target":["https:\/\/antderground.com\/pl\/produkt\/pokarm-dla-skoczogonkow\/"]}]},{"@type":"ImageObject","inLanguage":"pl-PL","@id":"https:\/\/antderground.com\/pl\/produkt\/pokarm-dla-skoczogonkow\/#primaryimage","url":"https:\/\/antderground.com\/wp-content\/uploads\/2024\/06\/Alimento-para-colembolos.jpg","contentUrl":"https:\/\/antderground.com\/wp-content\/uploads\/2024\/06\/Alimento-para-colembolos.jpg","width":2048,"height":2048,"caption":"Pokarm dla skoczogonk\u00f3w"},{"@type":"BreadcrumbList","@id":"https:\/\/antderground.com\/pl\/produkt\/pokarm-dla-skoczogonkow\/#breadcrumb","itemListElement":[{"@type":"ListItem","position":1,"name":"Portada","item":"https:\/\/antderground.com\/pl\/"},{"@type":"ListItem","position":2,"name":"Sklep","item":"https:\/\/antderground.com\/pl\/sklep\/"},{"@type":"ListItem","position":3,"name":"Pokarm dla skoczogonk\u00f3w"}]},{"@type":"WebSite","@id":"https:\/\/antderground.com\/pl\/#website","url":"https:\/\/antderground.com\/pl\/","name":"ANTDERGROUND","description":"Tu tienda de hormigas, gran variedad de hormigueros acr\u00edlicos,madera,arena,3D y mas.. Pide tus hormigas gratis con tu pedido, somos expertos en hormigueros antifugas.","publisher":{"@id":"https:\/\/antderground.com\/pl\/#\/schema\/person\/0e322c505e84fe72c65e2f6d08f96b81"},"alternateName":"Antderground","potentialAction":[{"@type":"SearchAction","target":{"@type":"EntryPoint","urlTemplate":"https:\/\/antderground.com\/pl\/?s={search_term_string}"},"query-input":{"@type":"PropertyValueSpecification","valueRequired":true,"valueName":"search_term_string"}}],"inLanguage":"pl-PL"},{"@type":["Person","Organization"],"@id":"https:\/\/antderground.com\/pl\/#\/schema\/person\/0e322c505e84fe72c65e2f6d08f96b81","name":"Eric de Antderground","image":{"@type":"ImageObject","inLanguage":"pl-PL","@id":"https:\/\/secure.gravatar.com\/avatar\/c49a1b9f79216d1498cb73c1e85cd47f4465dda35f2a94c03790d491bd4423c3?s=96&d=mm&r=g","url":"https:\/\/secure.gravatar.com\/avatar\/c49a1b9f79216d1498cb73c1e85cd47f4465dda35f2a94c03790d491bd4423c3?s=96&d=mm&r=g","contentUrl":"https:\/\/secure.gravatar.com\/avatar\/c49a1b9f79216d1498cb73c1e85cd47f4465dda35f2a94c03790d491bd4423c3?s=96&d=mm&r=g","caption":"Eric de Antderground"},"logo":{"@id":"https:\/\/secure.gravatar.com\/avatar\/c49a1b9f79216d1498cb73c1e85cd47f4465dda35f2a94c03790d491bd4423c3?s=96&d=mm&r=g"},"description":"Eric es el especialista y fundador de Antderground, con una amplia trayectoria en artr\u00f3podos y enfocado en la mirmecolog\u00eda y el dise\u00f1o de hormigueros artificiales. Su enfoque combina la innovaci\u00f3n t\u00e9cnica con el respeto por la biolog\u00eda de las hormigas, is\u00f3podos y otros, desarrollando sistemas de nidos modulares 3D y acr\u00edlicos que son referentes para aficionados y profesionales en toda Europa. Su objetivo es facilitar la cr\u00eda de hormigas y otros artr\u00f3podos mediante soluciones seguras y divulgaci\u00f3n de calidad.","sameAs":["https:\/\/antderground.com\/","https:\/\/www.youtube.com\/channel\/UCio72z7TlbufkAthAJIJfPw"]}]}},"_links":{"self":[{"href":"https:\/\/antderground.com\/pl\/wp-json\/wp\/v2\/product\/51259","targetHints":{"allow":["GET"]}}],"collection":[{"href":"https:\/\/antderground.com\/pl\/wp-json\/wp\/v2\/product"}],"about":[{"href":"https:\/\/antderground.com\/pl\/wp-json\/wp\/v2\/types\/product"}],"version-history":[{"count":0,"href":"https:\/\/antderground.com\/pl\/wp-json\/wp\/v2\/product\/51259\/revisions"}],"wp:featuredmedia":[{"embeddable":true,"href":"https:\/\/antderground.com\/pl\/wp-json\/wp\/v2\/media\/51260"}],"wp:attachment":[{"href":"https:\/\/antderground.com\/pl\/wp-json\/wp\/v2\/media?parent=51259"}],"wp:term":[{"taxonomy":"product_brand","embeddable":true,"href":"https:\/\/antderground.com\/pl\/wp-json\/wp\/v2\/product_brand?post=51259"},{"taxonomy":"product_cat","embeddable":true,"href":"https:\/\/antderground.com\/pl\/wp-json\/wp\/v2\/product_cat?post=51259"},{"taxonomy":"product_tag","embeddable":true,"href":"https:\/\/antderground.com\/pl\/wp-json\/wp\/v2\/product_tag?post=51259"}],"curies":[{"name":"wp","href":"https:\/\/api.w.org\/{rel}","templated":true}]}}