{"id":51280,"date":"2024-04-24T11:04:31","date_gmt":"2024-04-24T09:04:31","guid":{"rendered":"https:\/\/antderground.com\/producto\/kosc-matwy\/"},"modified":"2024-04-24T11:04:31","modified_gmt":"2024-04-24T09:04:31","slug":"kosc-matwy","status":"publish","type":"product","link":"https:\/\/antderground.com\/pl\/produkt\/kosc-matwy\/","title":{"rendered":"Ko\u015b\u0107 m\u0105twy"},"content":{"rendered":"<p><strong>Warto\u015b\u0107 ko\u015bci m\u0105twy dla \u017cycia dzikiego<\/strong><\/p>\n<p>W z\u0142o\u017conej sieci natury nawet najmniejsze detale maj\u0105 ogromne znaczenie. Ko\u015b\u0107 m\u0105twy, pozornie nieistotny morski odpad, jest w rzeczywisto\u015bci skarbem dla owad\u00f3w i innych drobnych stworze\u0144, takich jak izopody.<\/p>\n<p>Pod ziemi\u0105 izopody rozk\u0142adaj\u0105 materi\u0119 organiczn\u0105, pe\u0142ni\u0105c kluczow\u0105 rol\u0119 w ekosystemie. Do prawid\u0142owego wzrostu i wzmocnienia pancerzy potrzebny jest im wap\u0144. Skorupa m\u0105twy dostarcza tego niezb\u0119dnego minera\u0142u.<\/p>\n<p>Korzy\u015bci z ko\u015bci m\u0105twy si\u0119gaj\u0105 jednak dalej. Od owad\u00f3w po gady i ptaki \u2013 wszystkie te stworzenia korzystaj\u0105 z wapnia dla zdrowia i rozmna\u017cania. W\u0142\u0105czenie ko\u015bci m\u0105twy do diety tych zwierz\u0105t wspiera ich kondycj\u0119 i d\u0142ugowieczno\u015b\u0107, przyczyniaj\u0105c si\u0119 jednocze\u015bnie do r\u00f3wnowagi ekologicznej.<\/p>\n<p>Podsumowuj\u0105c, ko\u015b\u0107 m\u0105twy to nie zwyk\u0142y morski odpad, lecz cenny zas\u00f3b, kt\u00f3ry podkre\u015bla wzajemne powi\u0105zania i hojno\u015b\u0107 natury. Doceniaj\u0105c i chroni\u0105c ka\u017cdy element \u015brodowiska naturalnego, zapewniamy t\u0119tni\u0105ce \u017cyciem przysz\u0142e pokolenia wszystkich form \u017cycia na naszej planecie.<\/p>\n","protected":false},"excerpt":{"rendered":"<p>Zmaksymalizuj zdrowie swoich zwierz\u0105t i wspieraj bior\u00f3\u017cnorodno\u015b\u0107! Ko\u015b\u0107 m\u0105twy, pe\u0142na wapnia, jest niezb\u0119dna do wzmacniania ko\u015bci i pancerzy u szerokiej gamy zwierz\u0105t \u2013 od owad\u00f3w po gady i ptaki. Naturalny zas\u00f3b, kt\u00f3ry przynosi korzy\u015bci wszystkim mieszka\u0144com \u015bwiata zwierz\u0105t!<\/p>\n","protected":false},"featured_media":51281,"template":"","meta":[],"product_brand":[],"product_cat":[780,785],"product_tag":[],"class_list":{"0":"post-51280","1":"product","2":"type-product","3":"status-publish","4":"has-post-thumbnail","6":"product_cat-karmienie","7":"product_cat-suplementy","9":"first","10":"instock","11":"shipping-taxable","12":"purchasable","13":"product-type-variable"},"yoast_head":"<!-- This site is optimized with the Yoast SEO plugin v27.3 - https:\/\/yoast.com\/product\/yoast-seo-wordpress\/ -->\n<title>Ko\u015b\u0107 m\u0105twy | Pokarm dla owad\u00f3w, gad\u00f3w, ptak\u00f3w i p\u0142az\u00f3w - ANTDERGROUND<\/title>\n<meta name=\"description\" content=\"Odkryj ko\u015b\u0107 m\u0105twy: naturalne \u017ar\u00f3d\u0142o wapnia dla owad\u00f3w, izopod\u00f3w i nie tylko. Wzmacnia zdrowie Twojego zwierz\u0119cia i wspiera bior\u00f3\u017cnorodno\u015b\u0107!\" \/>\n<meta name=\"robots\" content=\"index, follow, max-snippet:-1, max-image-preview:large, max-video-preview:-1\" \/>\n<link rel=\"canonical\" href=\"https:\/\/antderground.com\/pl\/produkt\/kosc-matwy\/\" \/>\n<meta property=\"og:locale\" content=\"pl_PL\" \/>\n<meta property=\"og:type\" content=\"article\" \/>\n<meta property=\"og:title\" content=\"Ko\u015b\u0107 m\u0105twy | Pokarm dla owad\u00f3w, gad\u00f3w, ptak\u00f3w i p\u0142az\u00f3w - ANTDERGROUND\" \/>\n<meta property=\"og:description\" content=\"Odkryj ko\u015b\u0107 m\u0105twy: naturalne \u017ar\u00f3d\u0142o wapnia dla owad\u00f3w, izopod\u00f3w i nie tylko. Wzmacnia zdrowie Twojego zwierz\u0119cia i wspiera bior\u00f3\u017cnorodno\u015b\u0107!\" \/>\n<meta property=\"og:url\" content=\"https:\/\/antderground.com\/pl\/produkt\/kosc-matwy\/\" \/>\n<meta property=\"og:site_name\" content=\"ANTDERGROUND\" \/>\n<meta property=\"og:image\" content=\"https:\/\/antderground.com\/wp-content\/uploads\/2024\/04\/hueso-de-sepia-e1713949355930.jpg\" \/>\n\t<meta property=\"og:image:width\" content=\"1329\" \/>\n\t<meta property=\"og:image:height\" content=\"1336\" \/>\n\t<meta property=\"og:image:type\" content=\"image\/jpeg\" \/>\n<meta name=\"twitter:card\" content=\"summary_large_image\" \/>\n<meta name=\"twitter:label1\" content=\"Szacowany czas czytania\" \/>\n\t<meta name=\"twitter:data1\" content=\"1 minuta\" \/>\n<script type=\"application\/ld+json\" class=\"yoast-schema-graph\">{\"@context\":\"https:\\\/\\\/schema.org\",\"@graph\":[{\"@type\":\"WebPage\",\"@id\":\"https:\\\/\\\/antderground.com\\\/pl\\\/produkt\\\/kosc-matwy\\\/\",\"url\":\"https:\\\/\\\/antderground.com\\\/pl\\\/produkt\\\/kosc-matwy\\\/\",\"name\":\"Ko\u015b\u0107 m\u0105twy | Pokarm dla owad\u00f3w, gad\u00f3w, ptak\u00f3w i p\u0142az\u00f3w - ANTDERGROUND\",\"isPartOf\":{\"@id\":\"https:\\\/\\\/antderground.com\\\/pl\\\/#website\"},\"primaryImageOfPage\":{\"@id\":\"https:\\\/\\\/antderground.com\\\/pl\\\/produkt\\\/kosc-matwy\\\/#primaryimage\"},\"image\":{\"@id\":\"https:\\\/\\\/antderground.com\\\/pl\\\/produkt\\\/kosc-matwy\\\/#primaryimage\"},\"thumbnailUrl\":\"https:\\\/\\\/antderground.com\\\/wp-content\\\/uploads\\\/2024\\\/04\\\/hueso-de-sepia-e1713949355930.jpg\",\"datePublished\":\"2024-04-24T09:04:31+00:00\",\"description\":\"Odkryj ko\u015b\u0107 m\u0105twy: naturalne \u017ar\u00f3d\u0142o wapnia dla owad\u00f3w, izopod\u00f3w i nie tylko. Wzmacnia zdrowie Twojego zwierz\u0119cia i wspiera bior\u00f3\u017cnorodno\u015b\u0107!\",\"breadcrumb\":{\"@id\":\"https:\\\/\\\/antderground.com\\\/pl\\\/produkt\\\/kosc-matwy\\\/#breadcrumb\"},\"inLanguage\":\"pl-PL\",\"potentialAction\":[{\"@type\":\"ReadAction\",\"target\":[\"https:\\\/\\\/antderground.com\\\/pl\\\/produkt\\\/kosc-matwy\\\/\"]}]},{\"@type\":\"ImageObject\",\"inLanguage\":\"pl-PL\",\"@id\":\"https:\\\/\\\/antderground.com\\\/pl\\\/produkt\\\/kosc-matwy\\\/#primaryimage\",\"url\":\"https:\\\/\\\/antderground.com\\\/wp-content\\\/uploads\\\/2024\\\/04\\\/hueso-de-sepia-e1713949355930.jpg\",\"contentUrl\":\"https:\\\/\\\/antderground.com\\\/wp-content\\\/uploads\\\/2024\\\/04\\\/hueso-de-sepia-e1713949355930.jpg\",\"width\":1329,\"height\":1336,\"caption\":\"Ko\u015b\u0107 m\u0105twy\"},{\"@type\":\"BreadcrumbList\",\"@id\":\"https:\\\/\\\/antderground.com\\\/pl\\\/produkt\\\/kosc-matwy\\\/#breadcrumb\",\"itemListElement\":[{\"@type\":\"ListItem\",\"position\":1,\"name\":\"Portada\",\"item\":\"https:\\\/\\\/antderground.com\\\/pl\\\/\"},{\"@type\":\"ListItem\",\"position\":2,\"name\":\"Sklep\",\"item\":\"https:\\\/\\\/antderground.com\\\/pl\\\/sklep\\\/\"},{\"@type\":\"ListItem\",\"position\":3,\"name\":\"Ko\u015b\u0107 m\u0105twy\"}]},{\"@type\":\"WebSite\",\"@id\":\"https:\\\/\\\/antderground.com\\\/pl\\\/#website\",\"url\":\"https:\\\/\\\/antderground.com\\\/pl\\\/\",\"name\":\"ANTDERGROUND\",\"description\":\"Tu tienda de hormigas, gran variedad de hormigueros acr\u00edlicos,madera,arena,3D y mas.. Pide tus hormigas gratis con tu pedido, somos expertos en hormigueros antifugas.\",\"publisher\":{\"@id\":\"https:\\\/\\\/antderground.com\\\/pl\\\/#\\\/schema\\\/person\\\/0e322c505e84fe72c65e2f6d08f96b81\"},\"alternateName\":\"Antderground\",\"potentialAction\":[{\"@type\":\"SearchAction\",\"target\":{\"@type\":\"EntryPoint\",\"urlTemplate\":\"https:\\\/\\\/antderground.com\\\/pl\\\/?s={search_term_string}\"},\"query-input\":{\"@type\":\"PropertyValueSpecification\",\"valueRequired\":true,\"valueName\":\"search_term_string\"}}],\"inLanguage\":\"pl-PL\"},{\"@type\":[\"Person\",\"Organization\"],\"@id\":\"https:\\\/\\\/antderground.com\\\/pl\\\/#\\\/schema\\\/person\\\/0e322c505e84fe72c65e2f6d08f96b81\",\"name\":\"Eric de Antderground\",\"image\":{\"@type\":\"ImageObject\",\"inLanguage\":\"pl-PL\",\"@id\":\"https:\\\/\\\/secure.gravatar.com\\\/avatar\\\/c49a1b9f79216d1498cb73c1e85cd47f4465dda35f2a94c03790d491bd4423c3?s=96&d=mm&r=g\",\"url\":\"https:\\\/\\\/secure.gravatar.com\\\/avatar\\\/c49a1b9f79216d1498cb73c1e85cd47f4465dda35f2a94c03790d491bd4423c3?s=96&d=mm&r=g\",\"contentUrl\":\"https:\\\/\\\/secure.gravatar.com\\\/avatar\\\/c49a1b9f79216d1498cb73c1e85cd47f4465dda35f2a94c03790d491bd4423c3?s=96&d=mm&r=g\",\"caption\":\"Eric de Antderground\"},\"logo\":{\"@id\":\"https:\\\/\\\/secure.gravatar.com\\\/avatar\\\/c49a1b9f79216d1498cb73c1e85cd47f4465dda35f2a94c03790d491bd4423c3?s=96&d=mm&r=g\"},\"description\":\"Eric es el especialista y fundador de Antderground, con una amplia trayectoria en artr\u00f3podos y enfocado en la mirmecolog\u00eda y el dise\u00f1o de hormigueros artificiales. Su enfoque combina la innovaci\u00f3n t\u00e9cnica con el respeto por la biolog\u00eda de las hormigas, is\u00f3podos y otros, desarrollando sistemas de nidos modulares 3D y acr\u00edlicos que son referentes para aficionados y profesionales en toda Europa. Su objetivo es facilitar la cr\u00eda de hormigas y otros artr\u00f3podos mediante soluciones seguras y divulgaci\u00f3n de calidad.\",\"sameAs\":[\"https:\\\/\\\/antderground.com\\\/\",\"https:\\\/\\\/www.youtube.com\\\/channel\\\/UCio72z7TlbufkAthAJIJfPw\"]}]}<\/script>\n<!-- \/ Yoast SEO plugin. -->","yoast_head_json":{"title":"Ko\u015b\u0107 m\u0105twy | Pokarm dla owad\u00f3w, gad\u00f3w, ptak\u00f3w i p\u0142az\u00f3w - ANTDERGROUND","description":"Odkryj ko\u015b\u0107 m\u0105twy: naturalne \u017ar\u00f3d\u0142o wapnia dla owad\u00f3w, izopod\u00f3w i nie tylko. Wzmacnia zdrowie Twojego zwierz\u0119cia i wspiera bior\u00f3\u017cnorodno\u015b\u0107!","robots":{"index":"index","follow":"follow","max-snippet":"max-snippet:-1","max-image-preview":"max-image-preview:large","max-video-preview":"max-video-preview:-1"},"canonical":"https:\/\/antderground.com\/pl\/produkt\/kosc-matwy\/","og_locale":"pl_PL","og_type":"article","og_title":"Ko\u015b\u0107 m\u0105twy | Pokarm dla owad\u00f3w, gad\u00f3w, ptak\u00f3w i p\u0142az\u00f3w - ANTDERGROUND","og_description":"Odkryj ko\u015b\u0107 m\u0105twy: naturalne \u017ar\u00f3d\u0142o wapnia dla owad\u00f3w, izopod\u00f3w i nie tylko. Wzmacnia zdrowie Twojego zwierz\u0119cia i wspiera bior\u00f3\u017cnorodno\u015b\u0107!","og_url":"https:\/\/antderground.com\/pl\/produkt\/kosc-matwy\/","og_site_name":"ANTDERGROUND","og_image":[{"width":1329,"height":1336,"url":"https:\/\/antderground.com\/wp-content\/uploads\/2024\/04\/hueso-de-sepia-e1713949355930.jpg","type":"image\/jpeg"}],"twitter_card":"summary_large_image","twitter_misc":{"Szacowany czas czytania":"1 minuta"},"schema":{"@context":"https:\/\/schema.org","@graph":[{"@type":"WebPage","@id":"https:\/\/antderground.com\/pl\/produkt\/kosc-matwy\/","url":"https:\/\/antderground.com\/pl\/produkt\/kosc-matwy\/","name":"Ko\u015b\u0107 m\u0105twy | Pokarm dla owad\u00f3w, gad\u00f3w, ptak\u00f3w i p\u0142az\u00f3w - ANTDERGROUND","isPartOf":{"@id":"https:\/\/antderground.com\/pl\/#website"},"primaryImageOfPage":{"@id":"https:\/\/antderground.com\/pl\/produkt\/kosc-matwy\/#primaryimage"},"image":{"@id":"https:\/\/antderground.com\/pl\/produkt\/kosc-matwy\/#primaryimage"},"thumbnailUrl":"https:\/\/antderground.com\/wp-content\/uploads\/2024\/04\/hueso-de-sepia-e1713949355930.jpg","datePublished":"2024-04-24T09:04:31+00:00","description":"Odkryj ko\u015b\u0107 m\u0105twy: naturalne \u017ar\u00f3d\u0142o wapnia dla owad\u00f3w, izopod\u00f3w i nie tylko. Wzmacnia zdrowie Twojego zwierz\u0119cia i wspiera bior\u00f3\u017cnorodno\u015b\u0107!","breadcrumb":{"@id":"https:\/\/antderground.com\/pl\/produkt\/kosc-matwy\/#breadcrumb"},"inLanguage":"pl-PL","potentialAction":[{"@type":"ReadAction","target":["https:\/\/antderground.com\/pl\/produkt\/kosc-matwy\/"]}]},{"@type":"ImageObject","inLanguage":"pl-PL","@id":"https:\/\/antderground.com\/pl\/produkt\/kosc-matwy\/#primaryimage","url":"https:\/\/antderground.com\/wp-content\/uploads\/2024\/04\/hueso-de-sepia-e1713949355930.jpg","contentUrl":"https:\/\/antderground.com\/wp-content\/uploads\/2024\/04\/hueso-de-sepia-e1713949355930.jpg","width":1329,"height":1336,"caption":"Ko\u015b\u0107 m\u0105twy"},{"@type":"BreadcrumbList","@id":"https:\/\/antderground.com\/pl\/produkt\/kosc-matwy\/#breadcrumb","itemListElement":[{"@type":"ListItem","position":1,"name":"Portada","item":"https:\/\/antderground.com\/pl\/"},{"@type":"ListItem","position":2,"name":"Sklep","item":"https:\/\/antderground.com\/pl\/sklep\/"},{"@type":"ListItem","position":3,"name":"Ko\u015b\u0107 m\u0105twy"}]},{"@type":"WebSite","@id":"https:\/\/antderground.com\/pl\/#website","url":"https:\/\/antderground.com\/pl\/","name":"ANTDERGROUND","description":"Tu tienda de hormigas, gran variedad de hormigueros acr\u00edlicos,madera,arena,3D y mas.. Pide tus hormigas gratis con tu pedido, somos expertos en hormigueros antifugas.","publisher":{"@id":"https:\/\/antderground.com\/pl\/#\/schema\/person\/0e322c505e84fe72c65e2f6d08f96b81"},"alternateName":"Antderground","potentialAction":[{"@type":"SearchAction","target":{"@type":"EntryPoint","urlTemplate":"https:\/\/antderground.com\/pl\/?s={search_term_string}"},"query-input":{"@type":"PropertyValueSpecification","valueRequired":true,"valueName":"search_term_string"}}],"inLanguage":"pl-PL"},{"@type":["Person","Organization"],"@id":"https:\/\/antderground.com\/pl\/#\/schema\/person\/0e322c505e84fe72c65e2f6d08f96b81","name":"Eric de Antderground","image":{"@type":"ImageObject","inLanguage":"pl-PL","@id":"https:\/\/secure.gravatar.com\/avatar\/c49a1b9f79216d1498cb73c1e85cd47f4465dda35f2a94c03790d491bd4423c3?s=96&d=mm&r=g","url":"https:\/\/secure.gravatar.com\/avatar\/c49a1b9f79216d1498cb73c1e85cd47f4465dda35f2a94c03790d491bd4423c3?s=96&d=mm&r=g","contentUrl":"https:\/\/secure.gravatar.com\/avatar\/c49a1b9f79216d1498cb73c1e85cd47f4465dda35f2a94c03790d491bd4423c3?s=96&d=mm&r=g","caption":"Eric de Antderground"},"logo":{"@id":"https:\/\/secure.gravatar.com\/avatar\/c49a1b9f79216d1498cb73c1e85cd47f4465dda35f2a94c03790d491bd4423c3?s=96&d=mm&r=g"},"description":"Eric es el especialista y fundador de Antderground, con una amplia trayectoria en artr\u00f3podos y enfocado en la mirmecolog\u00eda y el dise\u00f1o de hormigueros artificiales. Su enfoque combina la innovaci\u00f3n t\u00e9cnica con el respeto por la biolog\u00eda de las hormigas, is\u00f3podos y otros, desarrollando sistemas de nidos modulares 3D y acr\u00edlicos que son referentes para aficionados y profesionales en toda Europa. Su objetivo es facilitar la cr\u00eda de hormigas y otros artr\u00f3podos mediante soluciones seguras y divulgaci\u00f3n de calidad.","sameAs":["https:\/\/antderground.com\/","https:\/\/www.youtube.com\/channel\/UCio72z7TlbufkAthAJIJfPw"]}]}},"_links":{"self":[{"href":"https:\/\/antderground.com\/pl\/wp-json\/wp\/v2\/product\/51280","targetHints":{"allow":["GET"]}}],"collection":[{"href":"https:\/\/antderground.com\/pl\/wp-json\/wp\/v2\/product"}],"about":[{"href":"https:\/\/antderground.com\/pl\/wp-json\/wp\/v2\/types\/product"}],"version-history":[{"count":0,"href":"https:\/\/antderground.com\/pl\/wp-json\/wp\/v2\/product\/51280\/revisions"}],"wp:featuredmedia":[{"embeddable":true,"href":"https:\/\/antderground.com\/pl\/wp-json\/wp\/v2\/media\/51281"}],"wp:attachment":[{"href":"https:\/\/antderground.com\/pl\/wp-json\/wp\/v2\/media?parent=51280"}],"wp:term":[{"taxonomy":"product_brand","embeddable":true,"href":"https:\/\/antderground.com\/pl\/wp-json\/wp\/v2\/product_brand?post=51280"},{"taxonomy":"product_cat","embeddable":true,"href":"https:\/\/antderground.com\/pl\/wp-json\/wp\/v2\/product_cat?post=51280"},{"taxonomy":"product_tag","embeddable":true,"href":"https:\/\/antderground.com\/pl\/wp-json\/wp\/v2\/product_tag?post=51280"}],"curies":[{"name":"wp","href":"https:\/\/api.w.org\/{rel}","templated":true}]}}