{"id":51289,"date":"2024-04-18T12:56:57","date_gmt":"2024-04-18T10:56:57","guid":{"rendered":"https:\/\/antderground.com\/producto\/zophoba-morio\/"},"modified":"2024-04-18T12:56:57","modified_gmt":"2024-04-18T10:56:57","slug":"zophoba-morio","status":"publish","type":"product","link":"https:\/\/antderground.com\/pl\/produkt\/zophoba-morio\/","title":{"rendered":"Zophoba morio"},"content":{"rendered":"<ul>\n<li data-section-id=\"ulj1n2\" data-start=\"155\" data-end=\"191\">\n<p data-start=\"157\" data-end=\"191\"><strong data-start=\"157\" data-end=\"174\">Nazwa naukowa<\/strong>: Zophoba morio<\/p>\n<\/li>\n<li data-section-id=\"6z1xid\" data-start=\"192\" data-end=\"230\">\n<p data-start=\"194\" data-end=\"230\"><strong data-start=\"194\" data-end=\"213\">Nazwa pospolita<\/strong>: Zophoba morio<\/p>\n<\/li>\n<li data-section-id=\"1t2bvcq\" data-start=\"231\" data-end=\"388\">\n<p data-start=\"233\" data-end=\"252\"><strong data-start=\"233\" data-end=\"249\">Klasyfikacja<\/strong>:<\/p>\n<ul data-start=\"255\" data-end=\"388\">\n<li data-section-id=\"1i95ejl\" data-start=\"255\" data-end=\"277\">\n<p data-start=\"257\" data-end=\"277\"><strong data-start=\"257\" data-end=\"266\">Klasa<\/strong>: Insecta<\/p>\n<\/li>\n<li data-section-id=\"1h05y03\" data-start=\"280\" data-end=\"304\">\n<p data-start=\"282\" data-end=\"304\"><strong data-start=\"282\" data-end=\"290\">Rz\u0105d<\/strong>: Coleoptera<\/p>\n<\/li>\n<li data-section-id=\"1ry4frw\" data-start=\"307\" data-end=\"337\">\n<p data-start=\"309\" data-end=\"337\"><strong data-start=\"309\" data-end=\"320\">Rodzina<\/strong>: Tenebrionidae<\/p>\n<\/li>\n<li data-section-id=\"1pmvi1n\" data-start=\"340\" data-end=\"363\">\n<p data-start=\"342\" data-end=\"363\"><strong data-start=\"342\" data-end=\"352\">Rodzaj<\/strong>: Zophoba<\/p>\n<\/li>\n<li data-section-id=\"5cads3\" data-start=\"366\" data-end=\"388\">\n<p data-start=\"368\" data-end=\"388\"><strong data-start=\"368\" data-end=\"379\">Gatunek<\/strong>: morio<\/p>\n<\/li>\n<\/ul>\n<\/li>\n<li data-section-id=\"11lx8h9\" data-start=\"389\" data-end=\"607\">\n<p data-start=\"391\" data-end=\"402\"><strong data-start=\"391\" data-end=\"399\">Opis<\/strong>:<\/p>\n<ul data-start=\"405\" data-end=\"607\">\n<li data-section-id=\"12p2o4q\" data-start=\"405\" data-end=\"451\">\n<p data-start=\"407\" data-end=\"451\"><strong data-start=\"407\" data-end=\"418\">Rozmiar<\/strong>: Osi\u0105ga d\u0142ugo\u015b\u0107 do oko\u0142o 4 cm.<\/p>\n<\/li>\n<li data-section-id=\"1ni65ae\" data-start=\"454\" data-end=\"495\">\n<p data-start=\"456\" data-end=\"495\"><strong data-start=\"456\" data-end=\"465\">Kolor<\/strong>: Ciemnobr\u0105zowy do czarnego.<\/p>\n<\/li>\n<li data-section-id=\"18a8q49\" data-start=\"498\" data-end=\"607\">\n<p data-start=\"500\" data-end=\"607\"><strong data-start=\"500\" data-end=\"514\">Morfologia<\/strong>: Segmentowane cia\u0142o, wyra\u017ana g\u0142owa oraz silne \u017cuwaczki przystosowane do gryzienia pokarmu.<\/p>\n<\/li>\n<\/ul>\n<\/li>\n<li data-section-id=\"1rxf8vk\" data-start=\"608\" data-end=\"705\">\n<p data-start=\"610\" data-end=\"705\"><strong data-start=\"610\" data-end=\"624\">Cykl \u017cycia<\/strong>: Przechodzi kolejne etapy rozwoju: jajo \u2192 larwa \u2192 poczwarka \u2192 doros\u0142y osobnik.<\/p>\n<\/li>\n<li data-section-id=\"1dtb1dz\" data-start=\"706\" data-end=\"816\">\n<p data-start=\"708\" data-end=\"816\"><strong data-start=\"708\" data-end=\"717\">Dieta<\/strong>: Detrytusojad, \u017cywi si\u0119 g\u0142\u00f3wnie materi\u0105 organiczn\u0105 w rozk\u0142adzie, resztkami ro\u015blinnymi i nawozem.<\/p>\n<\/li>\n<li data-section-id=\"1cw5zjt\" data-start=\"817\" data-end=\"944\">\n<p data-start=\"819\" data-end=\"944\"><strong data-start=\"819\" data-end=\"843\">\u015arodowisko naturalne<\/strong>: Pochodzi z region\u00f3w tropikalnych; wyst\u0119puje w wilgotnych lasach i obszarach z g\u0119st\u0105 ro\u015blinno\u015bci\u0105.<\/p>\n<\/li>\n<li data-section-id=\"pz6htf\" data-start=\"945\" data-end=\"1177\">\n<p data-start=\"947\" data-end=\"963\"><strong data-start=\"947\" data-end=\"960\">Znaczenie<\/strong>:<\/p>\n<ul data-start=\"966\" data-end=\"1177\">\n<li data-section-id=\"1pbr4ru\" data-start=\"966\" data-end=\"1078\">\n<p data-start=\"968\" data-end=\"1078\"><strong data-start=\"968\" data-end=\"991\">Pokarm dla zwierz\u0105t<\/strong>: Idealny jako wysokobia\u0142kowy sk\u0142adnik diety dla gad\u00f3w, p\u0142az\u00f3w i ptak\u00f3w egzotycznych.<\/p>\n<\/li>\n<li data-section-id=\"ahdrz4\" data-start=\"1081\" data-end=\"1177\">\n<p data-start=\"1083\" data-end=\"1177\"><strong data-start=\"1083\" data-end=\"1102\">Badania naukowe<\/strong>: Wykorzystywany w badaniach nad od\u017cywianiem zwierz\u0105t i biologi\u0105 rozwoju.<\/p>\n<\/li>\n<\/ul>\n<\/li>\n<li data-section-id=\"1n8ae98\" data-start=\"1178\" data-end=\"1275\">\n<p data-start=\"1180\" data-end=\"1275\"><strong data-start=\"1180\" data-end=\"1189\">Uwagi<\/strong>: Nie nadaje si\u0119 do spo\u017cycia przez ludzi ze wzgl\u0119du na potencjalne ryzyko zdrowotne.<\/p>\n<\/li>\n<\/ul>\n","protected":false},"excerpt":{"rendered":"<p>Odkryj doskona\u0142o\u015b\u0107 w \u017cywieniu Twoich zwierz\u0105t egzotycznych! Drewnojad (Zophobas morio) to wysokobia\u0142kowy i \u0142atwy w hodowli pokarm \u017cywy, idealny dla gad\u00f3w, p\u0142az\u00f3w oraz ptak\u00f3w. Podaruj swojemu podopiecznemu to, co najlepsze! \ud83d\udc0d\ud83e\udd8e\ud83d\udc26<\/p>\n<p>Cena za opakowanie (500 ml)<\/p>\n","protected":false},"featured_media":51290,"template":"","meta":[],"product_brand":[],"product_cat":[780,781],"product_tag":[],"class_list":{"0":"post-51289","1":"product","2":"type-product","3":"status-publish","4":"has-post-thumbnail","6":"product_cat-karmienie","7":"product_cat-pokarm-zywy","9":"first","10":"outofstock","11":"shipping-taxable","12":"purchasable","13":"product-type-simple"},"yoast_head":"<!-- This site is optimized with the Yoast SEO plugin v27.3 - https:\/\/yoast.com\/product\/yoast-seo-wordpress\/ -->\n<title>Zophoba morio | Pokarm \u017cywy - ANTDERGROUND<\/title>\n<meta name=\"description\" content=\"Odkryj Zophoba morio \u2013 idealny \u017cywy pokarm dla egzotycznych zwierz\u0105t! Bogaty w bia\u0142ko i \u0142atwy w hodowli. Doskona\u0142y wyb\u00f3r dla gad\u00f3w, p\u0142az\u00f3w i ptak\u00f3w egzotycznych. Idealny do terrari\u00f3w i karmienia naturalnego!\" \/>\n<meta name=\"robots\" content=\"index, follow, max-snippet:-1, max-image-preview:large, max-video-preview:-1\" \/>\n<link rel=\"canonical\" href=\"https:\/\/antderground.com\/pl\/produkt\/zophoba-morio\/\" \/>\n<meta property=\"og:locale\" content=\"pl_PL\" \/>\n<meta property=\"og:type\" content=\"article\" \/>\n<meta property=\"og:title\" content=\"Zophoba morio | Pokarm \u017cywy - ANTDERGROUND\" \/>\n<meta property=\"og:description\" content=\"Odkryj Zophoba morio \u2013 idealny \u017cywy pokarm dla egzotycznych zwierz\u0105t! Bogaty w bia\u0142ko i \u0142atwy w hodowli. Doskona\u0142y wyb\u00f3r dla gad\u00f3w, p\u0142az\u00f3w i ptak\u00f3w egzotycznych. Idealny do terrari\u00f3w i karmienia naturalnego!\" \/>\n<meta property=\"og:url\" content=\"https:\/\/antderground.com\/pl\/produkt\/zophoba-morio\/\" \/>\n<meta property=\"og:site_name\" content=\"ANTDERGROUND\" \/>\n<meta property=\"og:image\" content=\"https:\/\/antderground.com\/wp-content\/uploads\/2024\/04\/Zophoba-morio.jpg\" \/>\n\t<meta property=\"og:image:width\" content=\"1600\" \/>\n\t<meta property=\"og:image:height\" content=\"1600\" \/>\n\t<meta property=\"og:image:type\" content=\"image\/jpeg\" \/>\n<meta name=\"twitter:card\" content=\"summary_large_image\" \/>\n<meta name=\"twitter:label1\" content=\"Szacowany czas czytania\" \/>\n\t<meta name=\"twitter:data1\" content=\"1 minuta\" \/>\n<script type=\"application\/ld+json\" class=\"yoast-schema-graph\">{\"@context\":\"https:\\\/\\\/schema.org\",\"@graph\":[{\"@type\":\"WebPage\",\"@id\":\"https:\\\/\\\/antderground.com\\\/pl\\\/produkt\\\/zophoba-morio\\\/\",\"url\":\"https:\\\/\\\/antderground.com\\\/pl\\\/produkt\\\/zophoba-morio\\\/\",\"name\":\"Zophoba morio | Pokarm \u017cywy - ANTDERGROUND\",\"isPartOf\":{\"@id\":\"https:\\\/\\\/antderground.com\\\/pl\\\/#website\"},\"primaryImageOfPage\":{\"@id\":\"https:\\\/\\\/antderground.com\\\/pl\\\/produkt\\\/zophoba-morio\\\/#primaryimage\"},\"image\":{\"@id\":\"https:\\\/\\\/antderground.com\\\/pl\\\/produkt\\\/zophoba-morio\\\/#primaryimage\"},\"thumbnailUrl\":\"https:\\\/\\\/antderground.com\\\/wp-content\\\/uploads\\\/2024\\\/04\\\/Zophoba-morio.jpg\",\"datePublished\":\"2024-04-18T10:56:57+00:00\",\"description\":\"Odkryj Zophoba morio \u2013 idealny \u017cywy pokarm dla egzotycznych zwierz\u0105t! Bogaty w bia\u0142ko i \u0142atwy w hodowli. Doskona\u0142y wyb\u00f3r dla gad\u00f3w, p\u0142az\u00f3w i ptak\u00f3w egzotycznych. Idealny do terrari\u00f3w i karmienia naturalnego!\",\"breadcrumb\":{\"@id\":\"https:\\\/\\\/antderground.com\\\/pl\\\/produkt\\\/zophoba-morio\\\/#breadcrumb\"},\"inLanguage\":\"pl-PL\",\"potentialAction\":[{\"@type\":\"ReadAction\",\"target\":[\"https:\\\/\\\/antderground.com\\\/pl\\\/produkt\\\/zophoba-morio\\\/\"]}]},{\"@type\":\"ImageObject\",\"inLanguage\":\"pl-PL\",\"@id\":\"https:\\\/\\\/antderground.com\\\/pl\\\/produkt\\\/zophoba-morio\\\/#primaryimage\",\"url\":\"https:\\\/\\\/antderground.com\\\/wp-content\\\/uploads\\\/2024\\\/04\\\/Zophoba-morio.jpg\",\"contentUrl\":\"https:\\\/\\\/antderground.com\\\/wp-content\\\/uploads\\\/2024\\\/04\\\/Zophoba-morio.jpg\",\"width\":1600,\"height\":1600},{\"@type\":\"BreadcrumbList\",\"@id\":\"https:\\\/\\\/antderground.com\\\/pl\\\/produkt\\\/zophoba-morio\\\/#breadcrumb\",\"itemListElement\":[{\"@type\":\"ListItem\",\"position\":1,\"name\":\"Portada\",\"item\":\"https:\\\/\\\/antderground.com\\\/pl\\\/\"},{\"@type\":\"ListItem\",\"position\":2,\"name\":\"Sklep\",\"item\":\"https:\\\/\\\/antderground.com\\\/pl\\\/sklep\\\/\"},{\"@type\":\"ListItem\",\"position\":3,\"name\":\"Zophoba morio\"}]},{\"@type\":\"WebSite\",\"@id\":\"https:\\\/\\\/antderground.com\\\/pl\\\/#website\",\"url\":\"https:\\\/\\\/antderground.com\\\/pl\\\/\",\"name\":\"ANTDERGROUND\",\"description\":\"Tu tienda de hormigas, gran variedad de hormigueros acr\u00edlicos,madera,arena,3D y mas.. Pide tus hormigas gratis con tu pedido, somos expertos en hormigueros antifugas.\",\"publisher\":{\"@id\":\"https:\\\/\\\/antderground.com\\\/pl\\\/#\\\/schema\\\/person\\\/0e322c505e84fe72c65e2f6d08f96b81\"},\"alternateName\":\"Antderground\",\"potentialAction\":[{\"@type\":\"SearchAction\",\"target\":{\"@type\":\"EntryPoint\",\"urlTemplate\":\"https:\\\/\\\/antderground.com\\\/pl\\\/?s={search_term_string}\"},\"query-input\":{\"@type\":\"PropertyValueSpecification\",\"valueRequired\":true,\"valueName\":\"search_term_string\"}}],\"inLanguage\":\"pl-PL\"},{\"@type\":[\"Person\",\"Organization\"],\"@id\":\"https:\\\/\\\/antderground.com\\\/pl\\\/#\\\/schema\\\/person\\\/0e322c505e84fe72c65e2f6d08f96b81\",\"name\":\"Eric de Antderground\",\"image\":{\"@type\":\"ImageObject\",\"inLanguage\":\"pl-PL\",\"@id\":\"https:\\\/\\\/secure.gravatar.com\\\/avatar\\\/c49a1b9f79216d1498cb73c1e85cd47f4465dda35f2a94c03790d491bd4423c3?s=96&d=mm&r=g\",\"url\":\"https:\\\/\\\/secure.gravatar.com\\\/avatar\\\/c49a1b9f79216d1498cb73c1e85cd47f4465dda35f2a94c03790d491bd4423c3?s=96&d=mm&r=g\",\"contentUrl\":\"https:\\\/\\\/secure.gravatar.com\\\/avatar\\\/c49a1b9f79216d1498cb73c1e85cd47f4465dda35f2a94c03790d491bd4423c3?s=96&d=mm&r=g\",\"caption\":\"Eric de Antderground\"},\"logo\":{\"@id\":\"https:\\\/\\\/secure.gravatar.com\\\/avatar\\\/c49a1b9f79216d1498cb73c1e85cd47f4465dda35f2a94c03790d491bd4423c3?s=96&d=mm&r=g\"},\"description\":\"Eric es el especialista y fundador de Antderground, con una amplia trayectoria en artr\u00f3podos y enfocado en la mirmecolog\u00eda y el dise\u00f1o de hormigueros artificiales. Su enfoque combina la innovaci\u00f3n t\u00e9cnica con el respeto por la biolog\u00eda de las hormigas, is\u00f3podos y otros, desarrollando sistemas de nidos modulares 3D y acr\u00edlicos que son referentes para aficionados y profesionales en toda Europa. Su objetivo es facilitar la cr\u00eda de hormigas y otros artr\u00f3podos mediante soluciones seguras y divulgaci\u00f3n de calidad.\",\"sameAs\":[\"https:\\\/\\\/antderground.com\\\/\",\"https:\\\/\\\/www.youtube.com\\\/channel\\\/UCio72z7TlbufkAthAJIJfPw\"]}]}<\/script>\n<!-- \/ Yoast SEO plugin. -->","yoast_head_json":{"title":"Zophoba morio | Pokarm \u017cywy - ANTDERGROUND","description":"Odkryj Zophoba morio \u2013 idealny \u017cywy pokarm dla egzotycznych zwierz\u0105t! Bogaty w bia\u0142ko i \u0142atwy w hodowli. Doskona\u0142y wyb\u00f3r dla gad\u00f3w, p\u0142az\u00f3w i ptak\u00f3w egzotycznych. Idealny do terrari\u00f3w i karmienia naturalnego!","robots":{"index":"index","follow":"follow","max-snippet":"max-snippet:-1","max-image-preview":"max-image-preview:large","max-video-preview":"max-video-preview:-1"},"canonical":"https:\/\/antderground.com\/pl\/produkt\/zophoba-morio\/","og_locale":"pl_PL","og_type":"article","og_title":"Zophoba morio | Pokarm \u017cywy - ANTDERGROUND","og_description":"Odkryj Zophoba morio \u2013 idealny \u017cywy pokarm dla egzotycznych zwierz\u0105t! Bogaty w bia\u0142ko i \u0142atwy w hodowli. Doskona\u0142y wyb\u00f3r dla gad\u00f3w, p\u0142az\u00f3w i ptak\u00f3w egzotycznych. Idealny do terrari\u00f3w i karmienia naturalnego!","og_url":"https:\/\/antderground.com\/pl\/produkt\/zophoba-morio\/","og_site_name":"ANTDERGROUND","og_image":[{"width":1600,"height":1600,"url":"https:\/\/antderground.com\/wp-content\/uploads\/2024\/04\/Zophoba-morio.jpg","type":"image\/jpeg"}],"twitter_card":"summary_large_image","twitter_misc":{"Szacowany czas czytania":"1 minuta"},"schema":{"@context":"https:\/\/schema.org","@graph":[{"@type":"WebPage","@id":"https:\/\/antderground.com\/pl\/produkt\/zophoba-morio\/","url":"https:\/\/antderground.com\/pl\/produkt\/zophoba-morio\/","name":"Zophoba morio | Pokarm \u017cywy - ANTDERGROUND","isPartOf":{"@id":"https:\/\/antderground.com\/pl\/#website"},"primaryImageOfPage":{"@id":"https:\/\/antderground.com\/pl\/produkt\/zophoba-morio\/#primaryimage"},"image":{"@id":"https:\/\/antderground.com\/pl\/produkt\/zophoba-morio\/#primaryimage"},"thumbnailUrl":"https:\/\/antderground.com\/wp-content\/uploads\/2024\/04\/Zophoba-morio.jpg","datePublished":"2024-04-18T10:56:57+00:00","description":"Odkryj Zophoba morio \u2013 idealny \u017cywy pokarm dla egzotycznych zwierz\u0105t! Bogaty w bia\u0142ko i \u0142atwy w hodowli. Doskona\u0142y wyb\u00f3r dla gad\u00f3w, p\u0142az\u00f3w i ptak\u00f3w egzotycznych. Idealny do terrari\u00f3w i karmienia naturalnego!","breadcrumb":{"@id":"https:\/\/antderground.com\/pl\/produkt\/zophoba-morio\/#breadcrumb"},"inLanguage":"pl-PL","potentialAction":[{"@type":"ReadAction","target":["https:\/\/antderground.com\/pl\/produkt\/zophoba-morio\/"]}]},{"@type":"ImageObject","inLanguage":"pl-PL","@id":"https:\/\/antderground.com\/pl\/produkt\/zophoba-morio\/#primaryimage","url":"https:\/\/antderground.com\/wp-content\/uploads\/2024\/04\/Zophoba-morio.jpg","contentUrl":"https:\/\/antderground.com\/wp-content\/uploads\/2024\/04\/Zophoba-morio.jpg","width":1600,"height":1600},{"@type":"BreadcrumbList","@id":"https:\/\/antderground.com\/pl\/produkt\/zophoba-morio\/#breadcrumb","itemListElement":[{"@type":"ListItem","position":1,"name":"Portada","item":"https:\/\/antderground.com\/pl\/"},{"@type":"ListItem","position":2,"name":"Sklep","item":"https:\/\/antderground.com\/pl\/sklep\/"},{"@type":"ListItem","position":3,"name":"Zophoba morio"}]},{"@type":"WebSite","@id":"https:\/\/antderground.com\/pl\/#website","url":"https:\/\/antderground.com\/pl\/","name":"ANTDERGROUND","description":"Tu tienda de hormigas, gran variedad de hormigueros acr\u00edlicos,madera,arena,3D y mas.. Pide tus hormigas gratis con tu pedido, somos expertos en hormigueros antifugas.","publisher":{"@id":"https:\/\/antderground.com\/pl\/#\/schema\/person\/0e322c505e84fe72c65e2f6d08f96b81"},"alternateName":"Antderground","potentialAction":[{"@type":"SearchAction","target":{"@type":"EntryPoint","urlTemplate":"https:\/\/antderground.com\/pl\/?s={search_term_string}"},"query-input":{"@type":"PropertyValueSpecification","valueRequired":true,"valueName":"search_term_string"}}],"inLanguage":"pl-PL"},{"@type":["Person","Organization"],"@id":"https:\/\/antderground.com\/pl\/#\/schema\/person\/0e322c505e84fe72c65e2f6d08f96b81","name":"Eric de Antderground","image":{"@type":"ImageObject","inLanguage":"pl-PL","@id":"https:\/\/secure.gravatar.com\/avatar\/c49a1b9f79216d1498cb73c1e85cd47f4465dda35f2a94c03790d491bd4423c3?s=96&d=mm&r=g","url":"https:\/\/secure.gravatar.com\/avatar\/c49a1b9f79216d1498cb73c1e85cd47f4465dda35f2a94c03790d491bd4423c3?s=96&d=mm&r=g","contentUrl":"https:\/\/secure.gravatar.com\/avatar\/c49a1b9f79216d1498cb73c1e85cd47f4465dda35f2a94c03790d491bd4423c3?s=96&d=mm&r=g","caption":"Eric de Antderground"},"logo":{"@id":"https:\/\/secure.gravatar.com\/avatar\/c49a1b9f79216d1498cb73c1e85cd47f4465dda35f2a94c03790d491bd4423c3?s=96&d=mm&r=g"},"description":"Eric es el especialista y fundador de Antderground, con una amplia trayectoria en artr\u00f3podos y enfocado en la mirmecolog\u00eda y el dise\u00f1o de hormigueros artificiales. Su enfoque combina la innovaci\u00f3n t\u00e9cnica con el respeto por la biolog\u00eda de las hormigas, is\u00f3podos y otros, desarrollando sistemas de nidos modulares 3D y acr\u00edlicos que son referentes para aficionados y profesionales en toda Europa. Su objetivo es facilitar la cr\u00eda de hormigas y otros artr\u00f3podos mediante soluciones seguras y divulgaci\u00f3n de calidad.","sameAs":["https:\/\/antderground.com\/","https:\/\/www.youtube.com\/channel\/UCio72z7TlbufkAthAJIJfPw"]}]}},"_links":{"self":[{"href":"https:\/\/antderground.com\/pl\/wp-json\/wp\/v2\/product\/51289","targetHints":{"allow":["GET"]}}],"collection":[{"href":"https:\/\/antderground.com\/pl\/wp-json\/wp\/v2\/product"}],"about":[{"href":"https:\/\/antderground.com\/pl\/wp-json\/wp\/v2\/types\/product"}],"version-history":[{"count":0,"href":"https:\/\/antderground.com\/pl\/wp-json\/wp\/v2\/product\/51289\/revisions"}],"wp:featuredmedia":[{"embeddable":true,"href":"https:\/\/antderground.com\/pl\/wp-json\/wp\/v2\/media\/51290"}],"wp:attachment":[{"href":"https:\/\/antderground.com\/pl\/wp-json\/wp\/v2\/media?parent=51289"}],"wp:term":[{"taxonomy":"product_brand","embeddable":true,"href":"https:\/\/antderground.com\/pl\/wp-json\/wp\/v2\/product_brand?post=51289"},{"taxonomy":"product_cat","embeddable":true,"href":"https:\/\/antderground.com\/pl\/wp-json\/wp\/v2\/product_cat?post=51289"},{"taxonomy":"product_tag","embeddable":true,"href":"https:\/\/antderground.com\/pl\/wp-json\/wp\/v2\/product_tag?post=51289"}],"curies":[{"name":"wp","href":"https:\/\/api.w.org\/{rel}","templated":true}]}}