{"id":51299,"date":"2024-01-12T12:22:00","date_gmt":"2024-01-12T11:22:00","guid":{"rendered":"https:\/\/antderground.com\/producto\/otreby-pszenne\/"},"modified":"2024-01-12T12:22:00","modified_gmt":"2024-01-12T11:22:00","slug":"otreby-pszenne","status":"publish","type":"product","link":"https:\/\/antderground.com\/pl\/produkt\/otreby-pszenne\/","title":{"rendered":"Otr\u0119by pszenne"},"content":{"rendered":"","protected":false},"excerpt":{"rendered":"<p>Otr\u0119by pszenne to doskona\u0142y wyb\u00f3r jako pokarm oraz pod\u0142o\u017ce dla wielu gatunk\u00f3w owad\u00f3w i ich larw. Produkt \u0142\u0105czy w sobie niezb\u0119dne sk\u0142adniki od\u017cywcze oraz wysok\u0105 zawarto\u015b\u0107 b\u0142onnika, co pozwala zoptymalizowa\u0107 zdrowie i tempo wzrostu Twoich zwierz\u0105t. Idealne do hodowli owad\u00f3w karmowych, takich jak \u015bwierszcze czy m\u0105czniki.<\/p>\n","protected":false},"featured_media":51300,"template":"","meta":[],"product_brand":[],"product_cat":[780,784],"product_tag":[],"class_list":{"0":"post-51299","1":"product","2":"type-product","3":"status-publish","4":"has-post-thumbnail","6":"product_cat-karmienie","7":"product_cat-nasiona-i-ziarna","9":"first","10":"instock","11":"shipping-taxable","12":"purchasable","13":"product-type-variable"},"yoast_head":"<!-- This site is optimized with the Yoast SEO plugin v27.3 - https:\/\/yoast.com\/product\/yoast-seo-wordpress\/ -->\n<title>Otr\u0119by pszenne | Pod\u0142o\u017ce i pokarm dla owad\u00f3w karmowych - ANTDERGROUND<\/title>\n<meta name=\"description\" content=\"Idealna baza \u017cywieniowa dla wielu gatunk\u00f3w owad\u00f3w i ich larw. Dzi\u0119ki swoim w\u0142a\u015bciwo\u015bciom od\u017cywczym, produkt ten skutecznie wspiera rozw\u00f3j i wydajno\u015b\u0107 hodowli m\u0105cznik\u00f3w oraz \u015bwierszczy.\" \/>\n<meta name=\"robots\" content=\"index, follow, max-snippet:-1, max-image-preview:large, max-video-preview:-1\" \/>\n<link rel=\"canonical\" href=\"https:\/\/antderground.com\/pl\/produkt\/otreby-pszenne\/\" \/>\n<meta property=\"og:locale\" content=\"pl_PL\" \/>\n<meta property=\"og:type\" content=\"article\" \/>\n<meta property=\"og:title\" content=\"Otr\u0119by pszenne | Pod\u0142o\u017ce i pokarm dla owad\u00f3w karmowych - ANTDERGROUND\" \/>\n<meta property=\"og:description\" content=\"Idealna baza \u017cywieniowa dla wielu gatunk\u00f3w owad\u00f3w i ich larw. Dzi\u0119ki swoim w\u0142a\u015bciwo\u015bciom od\u017cywczym, produkt ten skutecznie wspiera rozw\u00f3j i wydajno\u015b\u0107 hodowli m\u0105cznik\u00f3w oraz \u015bwierszczy.\" \/>\n<meta property=\"og:url\" content=\"https:\/\/antderground.com\/pl\/produkt\/otreby-pszenne\/\" \/>\n<meta property=\"og:site_name\" content=\"ANTDERGROUND\" \/>\n<meta property=\"og:image\" content=\"https:\/\/antderground.com\/wp-content\/uploads\/2024\/01\/salvado-de-trigo.jpg\" \/>\n\t<meta property=\"og:image:width\" content=\"1417\" \/>\n\t<meta property=\"og:image:height\" content=\"1417\" \/>\n\t<meta property=\"og:image:type\" content=\"image\/jpeg\" \/>\n<meta name=\"twitter:card\" content=\"summary_large_image\" \/>\n<script type=\"application\/ld+json\" class=\"yoast-schema-graph\">{\"@context\":\"https:\\\/\\\/schema.org\",\"@graph\":[{\"@type\":\"WebPage\",\"@id\":\"https:\\\/\\\/antderground.com\\\/pl\\\/produkt\\\/otreby-pszenne\\\/\",\"url\":\"https:\\\/\\\/antderground.com\\\/pl\\\/produkt\\\/otreby-pszenne\\\/\",\"name\":\"Otr\u0119by pszenne | Pod\u0142o\u017ce i pokarm dla owad\u00f3w karmowych - ANTDERGROUND\",\"isPartOf\":{\"@id\":\"https:\\\/\\\/antderground.com\\\/pl\\\/#website\"},\"primaryImageOfPage\":{\"@id\":\"https:\\\/\\\/antderground.com\\\/pl\\\/produkt\\\/otreby-pszenne\\\/#primaryimage\"},\"image\":{\"@id\":\"https:\\\/\\\/antderground.com\\\/pl\\\/produkt\\\/otreby-pszenne\\\/#primaryimage\"},\"thumbnailUrl\":\"https:\\\/\\\/antderground.com\\\/wp-content\\\/uploads\\\/2024\\\/01\\\/salvado-de-trigo.jpg\",\"datePublished\":\"2024-01-12T11:22:00+00:00\",\"description\":\"Idealna baza \u017cywieniowa dla wielu gatunk\u00f3w owad\u00f3w i ich larw. Dzi\u0119ki swoim w\u0142a\u015bciwo\u015bciom od\u017cywczym, produkt ten skutecznie wspiera rozw\u00f3j i wydajno\u015b\u0107 hodowli m\u0105cznik\u00f3w oraz \u015bwierszczy.\",\"breadcrumb\":{\"@id\":\"https:\\\/\\\/antderground.com\\\/pl\\\/produkt\\\/otreby-pszenne\\\/#breadcrumb\"},\"inLanguage\":\"pl-PL\",\"potentialAction\":[{\"@type\":\"ReadAction\",\"target\":[\"https:\\\/\\\/antderground.com\\\/pl\\\/produkt\\\/otreby-pszenne\\\/\"]}]},{\"@type\":\"ImageObject\",\"inLanguage\":\"pl-PL\",\"@id\":\"https:\\\/\\\/antderground.com\\\/pl\\\/produkt\\\/otreby-pszenne\\\/#primaryimage\",\"url\":\"https:\\\/\\\/antderground.com\\\/wp-content\\\/uploads\\\/2024\\\/01\\\/salvado-de-trigo.jpg\",\"contentUrl\":\"https:\\\/\\\/antderground.com\\\/wp-content\\\/uploads\\\/2024\\\/01\\\/salvado-de-trigo.jpg\",\"width\":1417,\"height\":1417},{\"@type\":\"BreadcrumbList\",\"@id\":\"https:\\\/\\\/antderground.com\\\/pl\\\/produkt\\\/otreby-pszenne\\\/#breadcrumb\",\"itemListElement\":[{\"@type\":\"ListItem\",\"position\":1,\"name\":\"Portada\",\"item\":\"https:\\\/\\\/antderground.com\\\/pl\\\/\"},{\"@type\":\"ListItem\",\"position\":2,\"name\":\"Sklep\",\"item\":\"https:\\\/\\\/antderground.com\\\/pl\\\/sklep\\\/\"},{\"@type\":\"ListItem\",\"position\":3,\"name\":\"Otr\u0119by pszenne\"}]},{\"@type\":\"WebSite\",\"@id\":\"https:\\\/\\\/antderground.com\\\/pl\\\/#website\",\"url\":\"https:\\\/\\\/antderground.com\\\/pl\\\/\",\"name\":\"ANTDERGROUND\",\"description\":\"Tu tienda de hormigas, gran variedad de hormigueros acr\u00edlicos,madera,arena,3D y mas.. Pide tus hormigas gratis con tu pedido, somos expertos en hormigueros antifugas.\",\"publisher\":{\"@id\":\"https:\\\/\\\/antderground.com\\\/pl\\\/#\\\/schema\\\/person\\\/0e322c505e84fe72c65e2f6d08f96b81\"},\"alternateName\":\"Antderground\",\"potentialAction\":[{\"@type\":\"SearchAction\",\"target\":{\"@type\":\"EntryPoint\",\"urlTemplate\":\"https:\\\/\\\/antderground.com\\\/pl\\\/?s={search_term_string}\"},\"query-input\":{\"@type\":\"PropertyValueSpecification\",\"valueRequired\":true,\"valueName\":\"search_term_string\"}}],\"inLanguage\":\"pl-PL\"},{\"@type\":[\"Person\",\"Organization\"],\"@id\":\"https:\\\/\\\/antderground.com\\\/pl\\\/#\\\/schema\\\/person\\\/0e322c505e84fe72c65e2f6d08f96b81\",\"name\":\"Eric de Antderground\",\"image\":{\"@type\":\"ImageObject\",\"inLanguage\":\"pl-PL\",\"@id\":\"https:\\\/\\\/secure.gravatar.com\\\/avatar\\\/c49a1b9f79216d1498cb73c1e85cd47f4465dda35f2a94c03790d491bd4423c3?s=96&d=mm&r=g\",\"url\":\"https:\\\/\\\/secure.gravatar.com\\\/avatar\\\/c49a1b9f79216d1498cb73c1e85cd47f4465dda35f2a94c03790d491bd4423c3?s=96&d=mm&r=g\",\"contentUrl\":\"https:\\\/\\\/secure.gravatar.com\\\/avatar\\\/c49a1b9f79216d1498cb73c1e85cd47f4465dda35f2a94c03790d491bd4423c3?s=96&d=mm&r=g\",\"caption\":\"Eric de Antderground\"},\"logo\":{\"@id\":\"https:\\\/\\\/secure.gravatar.com\\\/avatar\\\/c49a1b9f79216d1498cb73c1e85cd47f4465dda35f2a94c03790d491bd4423c3?s=96&d=mm&r=g\"},\"description\":\"Eric es el especialista y fundador de Antderground, con una amplia trayectoria en artr\u00f3podos y enfocado en la mirmecolog\u00eda y el dise\u00f1o de hormigueros artificiales. Su enfoque combina la innovaci\u00f3n t\u00e9cnica con el respeto por la biolog\u00eda de las hormigas, is\u00f3podos y otros, desarrollando sistemas de nidos modulares 3D y acr\u00edlicos que son referentes para aficionados y profesionales en toda Europa. Su objetivo es facilitar la cr\u00eda de hormigas y otros artr\u00f3podos mediante soluciones seguras y divulgaci\u00f3n de calidad.\",\"sameAs\":[\"https:\\\/\\\/antderground.com\\\/\",\"https:\\\/\\\/www.youtube.com\\\/channel\\\/UCio72z7TlbufkAthAJIJfPw\"]}]}<\/script>\n<!-- \/ Yoast SEO plugin. -->","yoast_head_json":{"title":"Otr\u0119by pszenne | Pod\u0142o\u017ce i pokarm dla owad\u00f3w karmowych - ANTDERGROUND","description":"Idealna baza \u017cywieniowa dla wielu gatunk\u00f3w owad\u00f3w i ich larw. Dzi\u0119ki swoim w\u0142a\u015bciwo\u015bciom od\u017cywczym, produkt ten skutecznie wspiera rozw\u00f3j i wydajno\u015b\u0107 hodowli m\u0105cznik\u00f3w oraz \u015bwierszczy.","robots":{"index":"index","follow":"follow","max-snippet":"max-snippet:-1","max-image-preview":"max-image-preview:large","max-video-preview":"max-video-preview:-1"},"canonical":"https:\/\/antderground.com\/pl\/produkt\/otreby-pszenne\/","og_locale":"pl_PL","og_type":"article","og_title":"Otr\u0119by pszenne | Pod\u0142o\u017ce i pokarm dla owad\u00f3w karmowych - ANTDERGROUND","og_description":"Idealna baza \u017cywieniowa dla wielu gatunk\u00f3w owad\u00f3w i ich larw. Dzi\u0119ki swoim w\u0142a\u015bciwo\u015bciom od\u017cywczym, produkt ten skutecznie wspiera rozw\u00f3j i wydajno\u015b\u0107 hodowli m\u0105cznik\u00f3w oraz \u015bwierszczy.","og_url":"https:\/\/antderground.com\/pl\/produkt\/otreby-pszenne\/","og_site_name":"ANTDERGROUND","og_image":[{"width":1417,"height":1417,"url":"https:\/\/antderground.com\/wp-content\/uploads\/2024\/01\/salvado-de-trigo.jpg","type":"image\/jpeg"}],"twitter_card":"summary_large_image","schema":{"@context":"https:\/\/schema.org","@graph":[{"@type":"WebPage","@id":"https:\/\/antderground.com\/pl\/produkt\/otreby-pszenne\/","url":"https:\/\/antderground.com\/pl\/produkt\/otreby-pszenne\/","name":"Otr\u0119by pszenne | Pod\u0142o\u017ce i pokarm dla owad\u00f3w karmowych - ANTDERGROUND","isPartOf":{"@id":"https:\/\/antderground.com\/pl\/#website"},"primaryImageOfPage":{"@id":"https:\/\/antderground.com\/pl\/produkt\/otreby-pszenne\/#primaryimage"},"image":{"@id":"https:\/\/antderground.com\/pl\/produkt\/otreby-pszenne\/#primaryimage"},"thumbnailUrl":"https:\/\/antderground.com\/wp-content\/uploads\/2024\/01\/salvado-de-trigo.jpg","datePublished":"2024-01-12T11:22:00+00:00","description":"Idealna baza \u017cywieniowa dla wielu gatunk\u00f3w owad\u00f3w i ich larw. Dzi\u0119ki swoim w\u0142a\u015bciwo\u015bciom od\u017cywczym, produkt ten skutecznie wspiera rozw\u00f3j i wydajno\u015b\u0107 hodowli m\u0105cznik\u00f3w oraz \u015bwierszczy.","breadcrumb":{"@id":"https:\/\/antderground.com\/pl\/produkt\/otreby-pszenne\/#breadcrumb"},"inLanguage":"pl-PL","potentialAction":[{"@type":"ReadAction","target":["https:\/\/antderground.com\/pl\/produkt\/otreby-pszenne\/"]}]},{"@type":"ImageObject","inLanguage":"pl-PL","@id":"https:\/\/antderground.com\/pl\/produkt\/otreby-pszenne\/#primaryimage","url":"https:\/\/antderground.com\/wp-content\/uploads\/2024\/01\/salvado-de-trigo.jpg","contentUrl":"https:\/\/antderground.com\/wp-content\/uploads\/2024\/01\/salvado-de-trigo.jpg","width":1417,"height":1417},{"@type":"BreadcrumbList","@id":"https:\/\/antderground.com\/pl\/produkt\/otreby-pszenne\/#breadcrumb","itemListElement":[{"@type":"ListItem","position":1,"name":"Portada","item":"https:\/\/antderground.com\/pl\/"},{"@type":"ListItem","position":2,"name":"Sklep","item":"https:\/\/antderground.com\/pl\/sklep\/"},{"@type":"ListItem","position":3,"name":"Otr\u0119by pszenne"}]},{"@type":"WebSite","@id":"https:\/\/antderground.com\/pl\/#website","url":"https:\/\/antderground.com\/pl\/","name":"ANTDERGROUND","description":"Tu tienda de hormigas, gran variedad de hormigueros acr\u00edlicos,madera,arena,3D y mas.. Pide tus hormigas gratis con tu pedido, somos expertos en hormigueros antifugas.","publisher":{"@id":"https:\/\/antderground.com\/pl\/#\/schema\/person\/0e322c505e84fe72c65e2f6d08f96b81"},"alternateName":"Antderground","potentialAction":[{"@type":"SearchAction","target":{"@type":"EntryPoint","urlTemplate":"https:\/\/antderground.com\/pl\/?s={search_term_string}"},"query-input":{"@type":"PropertyValueSpecification","valueRequired":true,"valueName":"search_term_string"}}],"inLanguage":"pl-PL"},{"@type":["Person","Organization"],"@id":"https:\/\/antderground.com\/pl\/#\/schema\/person\/0e322c505e84fe72c65e2f6d08f96b81","name":"Eric de Antderground","image":{"@type":"ImageObject","inLanguage":"pl-PL","@id":"https:\/\/secure.gravatar.com\/avatar\/c49a1b9f79216d1498cb73c1e85cd47f4465dda35f2a94c03790d491bd4423c3?s=96&d=mm&r=g","url":"https:\/\/secure.gravatar.com\/avatar\/c49a1b9f79216d1498cb73c1e85cd47f4465dda35f2a94c03790d491bd4423c3?s=96&d=mm&r=g","contentUrl":"https:\/\/secure.gravatar.com\/avatar\/c49a1b9f79216d1498cb73c1e85cd47f4465dda35f2a94c03790d491bd4423c3?s=96&d=mm&r=g","caption":"Eric de Antderground"},"logo":{"@id":"https:\/\/secure.gravatar.com\/avatar\/c49a1b9f79216d1498cb73c1e85cd47f4465dda35f2a94c03790d491bd4423c3?s=96&d=mm&r=g"},"description":"Eric es el especialista y fundador de Antderground, con una amplia trayectoria en artr\u00f3podos y enfocado en la mirmecolog\u00eda y el dise\u00f1o de hormigueros artificiales. Su enfoque combina la innovaci\u00f3n t\u00e9cnica con el respeto por la biolog\u00eda de las hormigas, is\u00f3podos y otros, desarrollando sistemas de nidos modulares 3D y acr\u00edlicos que son referentes para aficionados y profesionales en toda Europa. Su objetivo es facilitar la cr\u00eda de hormigas y otros artr\u00f3podos mediante soluciones seguras y divulgaci\u00f3n de calidad.","sameAs":["https:\/\/antderground.com\/","https:\/\/www.youtube.com\/channel\/UCio72z7TlbufkAthAJIJfPw"]}]}},"_links":{"self":[{"href":"https:\/\/antderground.com\/pl\/wp-json\/wp\/v2\/product\/51299","targetHints":{"allow":["GET"]}}],"collection":[{"href":"https:\/\/antderground.com\/pl\/wp-json\/wp\/v2\/product"}],"about":[{"href":"https:\/\/antderground.com\/pl\/wp-json\/wp\/v2\/types\/product"}],"version-history":[{"count":0,"href":"https:\/\/antderground.com\/pl\/wp-json\/wp\/v2\/product\/51299\/revisions"}],"wp:featuredmedia":[{"embeddable":true,"href":"https:\/\/antderground.com\/pl\/wp-json\/wp\/v2\/media\/51300"}],"wp:attachment":[{"href":"https:\/\/antderground.com\/pl\/wp-json\/wp\/v2\/media?parent=51299"}],"wp:term":[{"taxonomy":"product_brand","embeddable":true,"href":"https:\/\/antderground.com\/pl\/wp-json\/wp\/v2\/product_brand?post=51299"},{"taxonomy":"product_cat","embeddable":true,"href":"https:\/\/antderground.com\/pl\/wp-json\/wp\/v2\/product_cat?post=51299"},{"taxonomy":"product_tag","embeddable":true,"href":"https:\/\/antderground.com\/pl\/wp-json\/wp\/v2\/product_tag?post=51299"}],"curies":[{"name":"wp","href":"https:\/\/api.w.org\/{rel}","templated":true}]}}