{"id":51302,"date":"2023-08-08T13:12:24","date_gmt":"2023-08-08T11:12:24","guid":{"rendered":"https:\/\/antderground.com\/producto\/hydrozel-w-proszku\/"},"modified":"2023-08-08T13:12:24","modified_gmt":"2023-08-08T11:12:24","slug":"hydrozel-w-proszku","status":"publish","type":"product","link":"https:\/\/antderground.com\/pl\/produkt\/hydrozel-w-proszku\/","title":{"rendered":"Hydro\u017cel w proszku"},"content":{"rendered":"","protected":false},"excerpt":{"rendered":"<p>Hydro\u017cel w proszku to idealne rozwi\u0105zanie do tworzenia bezpiecznych rezerwuar\u00f3w wody dla mr\u00f3wek, owad\u00f3w oraz wielu innych ma\u0142ych zwierz\u0105t. Doskonale sprawdza si\u0119 r\u00f3wnie\u017c w uprawie ro\u015blin, magazynuj\u0105c wilgo\u0107 w glebie.<\/p>\n<p><strong>* PRODUKT NIE NADAJE SI\u0118 DO SPO\u017bYCIA PRZEZ LUDZI.<\/strong><\/p>\n<p>Instrukcja przygotowania:<\/p>\n<p>Wsyp odpowiedni\u0105 ilo\u015b\u0107 proszku do naczynia z wod\u0105 (ok. 3 gramy na p\u00f3\u0142 litra wody).<\/p>\n<p>Zamieszaj i odczekaj kilka minut, a\u017c kryszta\u0142y wch\u0142on\u0105 wod\u0119 i zamieni\u0105 si\u0119 w \u017cel.<\/p>\n<p>Wydajno\u015b\u0107:<\/p>\n<p>10 g -&gt; ok. 1,5 l gotowego \u017celu.<br \/>\n50 g -&gt; ok. 10 l gotowego \u017celu.<\/p>\n","protected":false},"featured_media":51303,"template":"","meta":[],"product_brand":[],"product_cat":[783,780],"product_tag":[],"class_list":{"0":"post-51302","1":"product","2":"type-product","3":"status-publish","4":"has-post-thumbnail","6":"product_cat-galaretki-i-plyny","7":"product_cat-karmienie","9":"first","10":"instock","11":"shipping-taxable","12":"purchasable","13":"product-type-variable"},"yoast_head":"<!-- This site is optimized with the Yoast SEO plugin v27.3 - https:\/\/yoast.com\/product\/yoast-seo-wordpress\/ -->\n<title>Hydro\u017cel w proszku - ANTDERGROUND<\/title>\n<meta name=\"robots\" content=\"index, follow, max-snippet:-1, max-image-preview:large, max-video-preview:-1\" \/>\n<link rel=\"canonical\" href=\"https:\/\/antderground.com\/pl\/produkt\/hydrozel-w-proszku\/\" \/>\n<meta property=\"og:locale\" content=\"pl_PL\" \/>\n<meta property=\"og:type\" content=\"article\" \/>\n<meta property=\"og:title\" content=\"Hydro\u017cel w proszku - ANTDERGROUND\" \/>\n<meta property=\"og:description\" content=\"Hydro\u017cel w proszku to idealne rozwi\u0105zanie do tworzenia bezpiecznych rezerwuar\u00f3w wody dla mr\u00f3wek, owad\u00f3w oraz wielu innych ma\u0142ych zwierz\u0105t. Doskonale sprawdza si\u0119 r\u00f3wnie\u017c w uprawie ro\u015blin, magazynuj\u0105c wilgo\u0107 w glebie.  * PRODUKT NIE NADAJE SI\u0118 DO SPO\u017bYCIA PRZEZ LUDZI.  Instrukcja przygotowania:  Wsyp odpowiedni\u0105 ilo\u015b\u0107 proszku do naczynia z wod\u0105 (ok. 3 gramy na p\u00f3\u0142 litra wody).  Zamieszaj i odczekaj kilka minut, a\u017c kryszta\u0142y wch\u0142on\u0105 wod\u0119 i zamieni\u0105 si\u0119 w \u017cel.  Wydajno\u015b\u0107:  10 g -&gt; ok. 1,5 l gotowego \u017celu. 50 g -&gt; ok. 10 l gotowego \u017celu.\" \/>\n<meta property=\"og:url\" content=\"https:\/\/antderground.com\/pl\/produkt\/hydrozel-w-proszku\/\" \/>\n<meta property=\"og:site_name\" content=\"ANTDERGROUND\" \/>\n<meta property=\"og:image\" content=\"https:\/\/antderground.com\/wp-content\/uploads\/2023\/08\/Imagen-de-WhatsApp-2023-08-08-a-las-13.10.35.jpg\" \/>\n\t<meta property=\"og:image:width\" content=\"1417\" \/>\n\t<meta property=\"og:image:height\" content=\"1417\" \/>\n\t<meta property=\"og:image:type\" content=\"image\/jpeg\" \/>\n<meta name=\"twitter:card\" content=\"summary_large_image\" \/>\n<script type=\"application\/ld+json\" class=\"yoast-schema-graph\">{\"@context\":\"https:\\\/\\\/schema.org\",\"@graph\":[{\"@type\":\"WebPage\",\"@id\":\"https:\\\/\\\/antderground.com\\\/pl\\\/produkt\\\/hydrozel-w-proszku\\\/\",\"url\":\"https:\\\/\\\/antderground.com\\\/pl\\\/produkt\\\/hydrozel-w-proszku\\\/\",\"name\":\"Hydro\u017cel w proszku - ANTDERGROUND\",\"isPartOf\":{\"@id\":\"https:\\\/\\\/antderground.com\\\/pl\\\/#website\"},\"primaryImageOfPage\":{\"@id\":\"https:\\\/\\\/antderground.com\\\/pl\\\/produkt\\\/hydrozel-w-proszku\\\/#primaryimage\"},\"image\":{\"@id\":\"https:\\\/\\\/antderground.com\\\/pl\\\/produkt\\\/hydrozel-w-proszku\\\/#primaryimage\"},\"thumbnailUrl\":\"https:\\\/\\\/antderground.com\\\/wp-content\\\/uploads\\\/2023\\\/08\\\/Imagen-de-WhatsApp-2023-08-08-a-las-13.10.35.jpg\",\"datePublished\":\"2023-08-08T11:12:24+00:00\",\"breadcrumb\":{\"@id\":\"https:\\\/\\\/antderground.com\\\/pl\\\/produkt\\\/hydrozel-w-proszku\\\/#breadcrumb\"},\"inLanguage\":\"pl-PL\",\"potentialAction\":[{\"@type\":\"ReadAction\",\"target\":[\"https:\\\/\\\/antderground.com\\\/pl\\\/produkt\\\/hydrozel-w-proszku\\\/\"]}]},{\"@type\":\"ImageObject\",\"inLanguage\":\"pl-PL\",\"@id\":\"https:\\\/\\\/antderground.com\\\/pl\\\/produkt\\\/hydrozel-w-proszku\\\/#primaryimage\",\"url\":\"https:\\\/\\\/antderground.com\\\/wp-content\\\/uploads\\\/2023\\\/08\\\/Imagen-de-WhatsApp-2023-08-08-a-las-13.10.35.jpg\",\"contentUrl\":\"https:\\\/\\\/antderground.com\\\/wp-content\\\/uploads\\\/2023\\\/08\\\/Imagen-de-WhatsApp-2023-08-08-a-las-13.10.35.jpg\",\"width\":1417,\"height\":1417},{\"@type\":\"BreadcrumbList\",\"@id\":\"https:\\\/\\\/antderground.com\\\/pl\\\/produkt\\\/hydrozel-w-proszku\\\/#breadcrumb\",\"itemListElement\":[{\"@type\":\"ListItem\",\"position\":1,\"name\":\"Portada\",\"item\":\"https:\\\/\\\/antderground.com\\\/pl\\\/\"},{\"@type\":\"ListItem\",\"position\":2,\"name\":\"Sklep\",\"item\":\"https:\\\/\\\/antderground.com\\\/pl\\\/sklep\\\/\"},{\"@type\":\"ListItem\",\"position\":3,\"name\":\"Hydro\u017cel w proszku\"}]},{\"@type\":\"WebSite\",\"@id\":\"https:\\\/\\\/antderground.com\\\/pl\\\/#website\",\"url\":\"https:\\\/\\\/antderground.com\\\/pl\\\/\",\"name\":\"ANTDERGROUND\",\"description\":\"Tu tienda de hormigas, gran variedad de hormigueros acr\u00edlicos,madera,arena,3D y mas.. Pide tus hormigas gratis con tu pedido, somos expertos en hormigueros antifugas.\",\"publisher\":{\"@id\":\"https:\\\/\\\/antderground.com\\\/pl\\\/#\\\/schema\\\/person\\\/0e322c505e84fe72c65e2f6d08f96b81\"},\"alternateName\":\"Antderground\",\"potentialAction\":[{\"@type\":\"SearchAction\",\"target\":{\"@type\":\"EntryPoint\",\"urlTemplate\":\"https:\\\/\\\/antderground.com\\\/pl\\\/?s={search_term_string}\"},\"query-input\":{\"@type\":\"PropertyValueSpecification\",\"valueRequired\":true,\"valueName\":\"search_term_string\"}}],\"inLanguage\":\"pl-PL\"},{\"@type\":[\"Person\",\"Organization\"],\"@id\":\"https:\\\/\\\/antderground.com\\\/pl\\\/#\\\/schema\\\/person\\\/0e322c505e84fe72c65e2f6d08f96b81\",\"name\":\"Eric de Antderground\",\"image\":{\"@type\":\"ImageObject\",\"inLanguage\":\"pl-PL\",\"@id\":\"https:\\\/\\\/secure.gravatar.com\\\/avatar\\\/c49a1b9f79216d1498cb73c1e85cd47f4465dda35f2a94c03790d491bd4423c3?s=96&d=mm&r=g\",\"url\":\"https:\\\/\\\/secure.gravatar.com\\\/avatar\\\/c49a1b9f79216d1498cb73c1e85cd47f4465dda35f2a94c03790d491bd4423c3?s=96&d=mm&r=g\",\"contentUrl\":\"https:\\\/\\\/secure.gravatar.com\\\/avatar\\\/c49a1b9f79216d1498cb73c1e85cd47f4465dda35f2a94c03790d491bd4423c3?s=96&d=mm&r=g\",\"caption\":\"Eric de Antderground\"},\"logo\":{\"@id\":\"https:\\\/\\\/secure.gravatar.com\\\/avatar\\\/c49a1b9f79216d1498cb73c1e85cd47f4465dda35f2a94c03790d491bd4423c3?s=96&d=mm&r=g\"},\"description\":\"Eric es el especialista y fundador de Antderground, con una amplia trayectoria en artr\u00f3podos y enfocado en la mirmecolog\u00eda y el dise\u00f1o de hormigueros artificiales. Su enfoque combina la innovaci\u00f3n t\u00e9cnica con el respeto por la biolog\u00eda de las hormigas, is\u00f3podos y otros, desarrollando sistemas de nidos modulares 3D y acr\u00edlicos que son referentes para aficionados y profesionales en toda Europa. Su objetivo es facilitar la cr\u00eda de hormigas y otros artr\u00f3podos mediante soluciones seguras y divulgaci\u00f3n de calidad.\",\"sameAs\":[\"https:\\\/\\\/antderground.com\\\/\",\"https:\\\/\\\/www.youtube.com\\\/channel\\\/UCio72z7TlbufkAthAJIJfPw\"]}]}<\/script>\n<!-- \/ Yoast SEO plugin. -->","yoast_head_json":{"title":"Hydro\u017cel w proszku - ANTDERGROUND","robots":{"index":"index","follow":"follow","max-snippet":"max-snippet:-1","max-image-preview":"max-image-preview:large","max-video-preview":"max-video-preview:-1"},"canonical":"https:\/\/antderground.com\/pl\/produkt\/hydrozel-w-proszku\/","og_locale":"pl_PL","og_type":"article","og_title":"Hydro\u017cel w proszku - ANTDERGROUND","og_description":"Hydro\u017cel w proszku to idealne rozwi\u0105zanie do tworzenia bezpiecznych rezerwuar\u00f3w wody dla mr\u00f3wek, owad\u00f3w oraz wielu innych ma\u0142ych zwierz\u0105t. Doskonale sprawdza si\u0119 r\u00f3wnie\u017c w uprawie ro\u015blin, magazynuj\u0105c wilgo\u0107 w glebie.  * PRODUKT NIE NADAJE SI\u0118 DO SPO\u017bYCIA PRZEZ LUDZI.  Instrukcja przygotowania:  Wsyp odpowiedni\u0105 ilo\u015b\u0107 proszku do naczynia z wod\u0105 (ok. 3 gramy na p\u00f3\u0142 litra wody).  Zamieszaj i odczekaj kilka minut, a\u017c kryszta\u0142y wch\u0142on\u0105 wod\u0119 i zamieni\u0105 si\u0119 w \u017cel.  Wydajno\u015b\u0107:  10 g -&gt; ok. 1,5 l gotowego \u017celu. 50 g -&gt; ok. 10 l gotowego \u017celu.","og_url":"https:\/\/antderground.com\/pl\/produkt\/hydrozel-w-proszku\/","og_site_name":"ANTDERGROUND","og_image":[{"width":1417,"height":1417,"url":"https:\/\/antderground.com\/wp-content\/uploads\/2023\/08\/Imagen-de-WhatsApp-2023-08-08-a-las-13.10.35.jpg","type":"image\/jpeg"}],"twitter_card":"summary_large_image","schema":{"@context":"https:\/\/schema.org","@graph":[{"@type":"WebPage","@id":"https:\/\/antderground.com\/pl\/produkt\/hydrozel-w-proszku\/","url":"https:\/\/antderground.com\/pl\/produkt\/hydrozel-w-proszku\/","name":"Hydro\u017cel w proszku - ANTDERGROUND","isPartOf":{"@id":"https:\/\/antderground.com\/pl\/#website"},"primaryImageOfPage":{"@id":"https:\/\/antderground.com\/pl\/produkt\/hydrozel-w-proszku\/#primaryimage"},"image":{"@id":"https:\/\/antderground.com\/pl\/produkt\/hydrozel-w-proszku\/#primaryimage"},"thumbnailUrl":"https:\/\/antderground.com\/wp-content\/uploads\/2023\/08\/Imagen-de-WhatsApp-2023-08-08-a-las-13.10.35.jpg","datePublished":"2023-08-08T11:12:24+00:00","breadcrumb":{"@id":"https:\/\/antderground.com\/pl\/produkt\/hydrozel-w-proszku\/#breadcrumb"},"inLanguage":"pl-PL","potentialAction":[{"@type":"ReadAction","target":["https:\/\/antderground.com\/pl\/produkt\/hydrozel-w-proszku\/"]}]},{"@type":"ImageObject","inLanguage":"pl-PL","@id":"https:\/\/antderground.com\/pl\/produkt\/hydrozel-w-proszku\/#primaryimage","url":"https:\/\/antderground.com\/wp-content\/uploads\/2023\/08\/Imagen-de-WhatsApp-2023-08-08-a-las-13.10.35.jpg","contentUrl":"https:\/\/antderground.com\/wp-content\/uploads\/2023\/08\/Imagen-de-WhatsApp-2023-08-08-a-las-13.10.35.jpg","width":1417,"height":1417},{"@type":"BreadcrumbList","@id":"https:\/\/antderground.com\/pl\/produkt\/hydrozel-w-proszku\/#breadcrumb","itemListElement":[{"@type":"ListItem","position":1,"name":"Portada","item":"https:\/\/antderground.com\/pl\/"},{"@type":"ListItem","position":2,"name":"Sklep","item":"https:\/\/antderground.com\/pl\/sklep\/"},{"@type":"ListItem","position":3,"name":"Hydro\u017cel w proszku"}]},{"@type":"WebSite","@id":"https:\/\/antderground.com\/pl\/#website","url":"https:\/\/antderground.com\/pl\/","name":"ANTDERGROUND","description":"Tu tienda de hormigas, gran variedad de hormigueros acr\u00edlicos,madera,arena,3D y mas.. Pide tus hormigas gratis con tu pedido, somos expertos en hormigueros antifugas.","publisher":{"@id":"https:\/\/antderground.com\/pl\/#\/schema\/person\/0e322c505e84fe72c65e2f6d08f96b81"},"alternateName":"Antderground","potentialAction":[{"@type":"SearchAction","target":{"@type":"EntryPoint","urlTemplate":"https:\/\/antderground.com\/pl\/?s={search_term_string}"},"query-input":{"@type":"PropertyValueSpecification","valueRequired":true,"valueName":"search_term_string"}}],"inLanguage":"pl-PL"},{"@type":["Person","Organization"],"@id":"https:\/\/antderground.com\/pl\/#\/schema\/person\/0e322c505e84fe72c65e2f6d08f96b81","name":"Eric de Antderground","image":{"@type":"ImageObject","inLanguage":"pl-PL","@id":"https:\/\/secure.gravatar.com\/avatar\/c49a1b9f79216d1498cb73c1e85cd47f4465dda35f2a94c03790d491bd4423c3?s=96&d=mm&r=g","url":"https:\/\/secure.gravatar.com\/avatar\/c49a1b9f79216d1498cb73c1e85cd47f4465dda35f2a94c03790d491bd4423c3?s=96&d=mm&r=g","contentUrl":"https:\/\/secure.gravatar.com\/avatar\/c49a1b9f79216d1498cb73c1e85cd47f4465dda35f2a94c03790d491bd4423c3?s=96&d=mm&r=g","caption":"Eric de Antderground"},"logo":{"@id":"https:\/\/secure.gravatar.com\/avatar\/c49a1b9f79216d1498cb73c1e85cd47f4465dda35f2a94c03790d491bd4423c3?s=96&d=mm&r=g"},"description":"Eric es el especialista y fundador de Antderground, con una amplia trayectoria en artr\u00f3podos y enfocado en la mirmecolog\u00eda y el dise\u00f1o de hormigueros artificiales. Su enfoque combina la innovaci\u00f3n t\u00e9cnica con el respeto por la biolog\u00eda de las hormigas, is\u00f3podos y otros, desarrollando sistemas de nidos modulares 3D y acr\u00edlicos que son referentes para aficionados y profesionales en toda Europa. Su objetivo es facilitar la cr\u00eda de hormigas y otros artr\u00f3podos mediante soluciones seguras y divulgaci\u00f3n de calidad.","sameAs":["https:\/\/antderground.com\/","https:\/\/www.youtube.com\/channel\/UCio72z7TlbufkAthAJIJfPw"]}]}},"_links":{"self":[{"href":"https:\/\/antderground.com\/pl\/wp-json\/wp\/v2\/product\/51302","targetHints":{"allow":["GET"]}}],"collection":[{"href":"https:\/\/antderground.com\/pl\/wp-json\/wp\/v2\/product"}],"about":[{"href":"https:\/\/antderground.com\/pl\/wp-json\/wp\/v2\/types\/product"}],"version-history":[{"count":0,"href":"https:\/\/antderground.com\/pl\/wp-json\/wp\/v2\/product\/51302\/revisions"}],"wp:featuredmedia":[{"embeddable":true,"href":"https:\/\/antderground.com\/pl\/wp-json\/wp\/v2\/media\/51303"}],"wp:attachment":[{"href":"https:\/\/antderground.com\/pl\/wp-json\/wp\/v2\/media?parent=51302"}],"wp:term":[{"taxonomy":"product_brand","embeddable":true,"href":"https:\/\/antderground.com\/pl\/wp-json\/wp\/v2\/product_brand?post=51302"},{"taxonomy":"product_cat","embeddable":true,"href":"https:\/\/antderground.com\/pl\/wp-json\/wp\/v2\/product_cat?post=51302"},{"taxonomy":"product_tag","embeddable":true,"href":"https:\/\/antderground.com\/pl\/wp-json\/wp\/v2\/product_tag?post=51302"}],"curies":[{"name":"wp","href":"https:\/\/api.w.org\/{rel}","templated":true}]}}