{"id":51319,"date":"2020-07-05T12:47:51","date_gmt":"2020-07-05T10:47:51","guid":{"rendered":"https:\/\/antderground.com\/producto\/ant-nectar\/"},"modified":"2020-07-05T12:47:51","modified_gmt":"2020-07-05T10:47:51","slug":"ant-nectar","status":"publish","type":"product","link":"https:\/\/antderground.com\/pl\/produkt\/ant-nectar\/","title":{"rendered":"Ant nectar"},"content":{"rendered":"<p>Odkryj nasz nowy, flagowy produkt \u2013 Ant Nectar od Antderground o pojemno\u015bci 60 ml. Zosta\u0142 on opracowany przez nasz zesp\u00f3\u0142 ekspert\u00f3w, aby zapewni\u0107 mr\u00f3wkom wszystko, czego potrzebuj\u0105. Nektar ma charakterystyczny zielony kolor, co pozwala na \u0142atw\u0105 obserwacj\u0119 procesu pobierania pokarmu przez mr\u00f3wki.<\/p>\n<p>Ten produkt to doskona\u0142e uzupe\u0142nienie diety, kt\u00f3re mr\u00f3wki wprost uwielbiaj\u0105. Idealnie skomponowane sk\u0142adniki, takie jak cukry, elektrolity oraz sole mineralne, skutecznie stymuluj\u0105 aktywno\u015b\u0107 Twoich podopiecznych.<\/p>\n<p>Produkt przeznaczony wy\u0142\u0105cznie dla mr\u00f3wek. Nie nadaje si\u0119 do spo\u017cycia przez ludzi.<\/p>\n","protected":false},"excerpt":{"rendered":"<p>Pokarm dla mr\u00f3wek<\/p>\n<p>Ilo\u015b\u0107: 60 ml<br \/>\nKolor: Zielony<\/p>\n","protected":false},"featured_media":51327,"template":"","meta":[],"product_brand":[],"product_cat":[783,780],"product_tag":[],"class_list":{"0":"post-51319","1":"product","2":"type-product","3":"status-publish","4":"has-post-thumbnail","6":"product_cat-galaretki-i-plyny","7":"product_cat-karmienie","9":"first","10":"instock","11":"shipping-taxable","12":"purchasable","13":"product-type-simple"},"yoast_head":"<!-- This site is optimized with the Yoast SEO plugin v27.3 - https:\/\/yoast.com\/product\/yoast-seo-wordpress\/ -->\n<title>Ant Nectar - nowa gwiazda w\u015br\u00f3d pokarm\u00f3w dla mr\u00f3wek - Antderground<\/title>\n<meta name=\"description\" content=\"Sprawd\u017a nasz nowy Ant Nectar, stworzony przez naszych ekspert\u00f3w. To idealne uzupe\u0142nienie diety dla Twoich mr\u00f3wek i doskona\u0142y wyb\u00f3r do ka\u017cdego formikarium.\" \/>\n<meta name=\"robots\" content=\"index, follow, max-snippet:-1, max-image-preview:large, max-video-preview:-1\" \/>\n<link rel=\"canonical\" href=\"https:\/\/antderground.com\/pl\/produkt\/ant-nectar\/\" \/>\n<meta property=\"og:locale\" content=\"pl_PL\" \/>\n<meta property=\"og:type\" content=\"article\" \/>\n<meta property=\"og:title\" content=\"Ant Nectar - nowa gwiazda w\u015br\u00f3d pokarm\u00f3w dla mr\u00f3wek - Antderground\" \/>\n<meta property=\"og:description\" content=\"Sprawd\u017a nasz nowy Ant Nectar, stworzony przez naszych ekspert\u00f3w. To idealne uzupe\u0142nienie diety dla Twoich mr\u00f3wek i doskona\u0142y wyb\u00f3r do ka\u017cdego formikarium.\" \/>\n<meta property=\"og:url\" content=\"https:\/\/antderground.com\/pl\/produkt\/ant-nectar\/\" \/>\n<meta property=\"og:site_name\" content=\"ANTDERGROUND\" \/>\n<meta property=\"og:image\" content=\"https:\/\/antderground.com\/wp-content\/uploads\/2020\/07\/ant-nectar-bote.jpg\" \/>\n\t<meta property=\"og:image:width\" content=\"591\" \/>\n\t<meta property=\"og:image:height\" content=\"601\" \/>\n\t<meta property=\"og:image:type\" content=\"image\/jpeg\" \/>\n<meta name=\"twitter:card\" content=\"summary_large_image\" \/>\n<script type=\"application\/ld+json\" class=\"yoast-schema-graph\">{\"@context\":\"https:\\\/\\\/schema.org\",\"@graph\":[{\"@type\":\"WebPage\",\"@id\":\"https:\\\/\\\/antderground.com\\\/pl\\\/produkt\\\/ant-nectar\\\/\",\"url\":\"https:\\\/\\\/antderground.com\\\/pl\\\/produkt\\\/ant-nectar\\\/\",\"name\":\"Ant Nectar - nowa gwiazda w\u015br\u00f3d pokarm\u00f3w dla mr\u00f3wek - Antderground\",\"isPartOf\":{\"@id\":\"https:\\\/\\\/antderground.com\\\/pl\\\/#website\"},\"primaryImageOfPage\":{\"@id\":\"https:\\\/\\\/antderground.com\\\/pl\\\/produkt\\\/ant-nectar\\\/#primaryimage\"},\"image\":{\"@id\":\"https:\\\/\\\/antderground.com\\\/pl\\\/produkt\\\/ant-nectar\\\/#primaryimage\"},\"thumbnailUrl\":\"https:\\\/\\\/antderground.com\\\/wp-content\\\/uploads\\\/2020\\\/07\\\/ant-nectar-bote.jpg\",\"datePublished\":\"2020-07-05T10:47:51+00:00\",\"description\":\"Sprawd\u017a nasz nowy Ant Nectar, stworzony przez naszych ekspert\u00f3w. To idealne uzupe\u0142nienie diety dla Twoich mr\u00f3wek i doskona\u0142y wyb\u00f3r do ka\u017cdego formikarium.\",\"breadcrumb\":{\"@id\":\"https:\\\/\\\/antderground.com\\\/pl\\\/produkt\\\/ant-nectar\\\/#breadcrumb\"},\"inLanguage\":\"pl-PL\",\"potentialAction\":[{\"@type\":\"ReadAction\",\"target\":[\"https:\\\/\\\/antderground.com\\\/pl\\\/produkt\\\/ant-nectar\\\/\"]}]},{\"@type\":\"ImageObject\",\"inLanguage\":\"pl-PL\",\"@id\":\"https:\\\/\\\/antderground.com\\\/pl\\\/produkt\\\/ant-nectar\\\/#primaryimage\",\"url\":\"https:\\\/\\\/antderground.com\\\/wp-content\\\/uploads\\\/2020\\\/07\\\/ant-nectar-bote.jpg\",\"contentUrl\":\"https:\\\/\\\/antderground.com\\\/wp-content\\\/uploads\\\/2020\\\/07\\\/ant-nectar-bote.jpg\",\"width\":591,\"height\":601,\"caption\":\"ant nectar\"},{\"@type\":\"BreadcrumbList\",\"@id\":\"https:\\\/\\\/antderground.com\\\/pl\\\/produkt\\\/ant-nectar\\\/#breadcrumb\",\"itemListElement\":[{\"@type\":\"ListItem\",\"position\":1,\"name\":\"Portada\",\"item\":\"https:\\\/\\\/antderground.com\\\/pl\\\/\"},{\"@type\":\"ListItem\",\"position\":2,\"name\":\"Sklep\",\"item\":\"https:\\\/\\\/antderground.com\\\/pl\\\/sklep\\\/\"},{\"@type\":\"ListItem\",\"position\":3,\"name\":\"Ant nectar\"}]},{\"@type\":\"WebSite\",\"@id\":\"https:\\\/\\\/antderground.com\\\/pl\\\/#website\",\"url\":\"https:\\\/\\\/antderground.com\\\/pl\\\/\",\"name\":\"ANTDERGROUND\",\"description\":\"Tu tienda de hormigas, gran variedad de hormigueros acr\u00edlicos,madera,arena,3D y mas.. Pide tus hormigas gratis con tu pedido, somos expertos en hormigueros antifugas.\",\"publisher\":{\"@id\":\"https:\\\/\\\/antderground.com\\\/pl\\\/#\\\/schema\\\/person\\\/0e322c505e84fe72c65e2f6d08f96b81\"},\"alternateName\":\"Antderground\",\"potentialAction\":[{\"@type\":\"SearchAction\",\"target\":{\"@type\":\"EntryPoint\",\"urlTemplate\":\"https:\\\/\\\/antderground.com\\\/pl\\\/?s={search_term_string}\"},\"query-input\":{\"@type\":\"PropertyValueSpecification\",\"valueRequired\":true,\"valueName\":\"search_term_string\"}}],\"inLanguage\":\"pl-PL\"},{\"@type\":[\"Person\",\"Organization\"],\"@id\":\"https:\\\/\\\/antderground.com\\\/pl\\\/#\\\/schema\\\/person\\\/0e322c505e84fe72c65e2f6d08f96b81\",\"name\":\"Eric de Antderground\",\"image\":{\"@type\":\"ImageObject\",\"inLanguage\":\"pl-PL\",\"@id\":\"https:\\\/\\\/secure.gravatar.com\\\/avatar\\\/c49a1b9f79216d1498cb73c1e85cd47f4465dda35f2a94c03790d491bd4423c3?s=96&d=mm&r=g\",\"url\":\"https:\\\/\\\/secure.gravatar.com\\\/avatar\\\/c49a1b9f79216d1498cb73c1e85cd47f4465dda35f2a94c03790d491bd4423c3?s=96&d=mm&r=g\",\"contentUrl\":\"https:\\\/\\\/secure.gravatar.com\\\/avatar\\\/c49a1b9f79216d1498cb73c1e85cd47f4465dda35f2a94c03790d491bd4423c3?s=96&d=mm&r=g\",\"caption\":\"Eric de Antderground\"},\"logo\":{\"@id\":\"https:\\\/\\\/secure.gravatar.com\\\/avatar\\\/c49a1b9f79216d1498cb73c1e85cd47f4465dda35f2a94c03790d491bd4423c3?s=96&d=mm&r=g\"},\"description\":\"Eric es el especialista y fundador de Antderground, con una amplia trayectoria en artr\u00f3podos y enfocado en la mirmecolog\u00eda y el dise\u00f1o de hormigueros artificiales. Su enfoque combina la innovaci\u00f3n t\u00e9cnica con el respeto por la biolog\u00eda de las hormigas, is\u00f3podos y otros, desarrollando sistemas de nidos modulares 3D y acr\u00edlicos que son referentes para aficionados y profesionales en toda Europa. Su objetivo es facilitar la cr\u00eda de hormigas y otros artr\u00f3podos mediante soluciones seguras y divulgaci\u00f3n de calidad.\",\"sameAs\":[\"https:\\\/\\\/antderground.com\\\/\",\"https:\\\/\\\/www.youtube.com\\\/channel\\\/UCio72z7TlbufkAthAJIJfPw\"]}]}<\/script>\n<!-- \/ Yoast SEO plugin. -->","yoast_head_json":{"title":"Ant Nectar - nowa gwiazda w\u015br\u00f3d pokarm\u00f3w dla mr\u00f3wek - Antderground","description":"Sprawd\u017a nasz nowy Ant Nectar, stworzony przez naszych ekspert\u00f3w. To idealne uzupe\u0142nienie diety dla Twoich mr\u00f3wek i doskona\u0142y wyb\u00f3r do ka\u017cdego formikarium.","robots":{"index":"index","follow":"follow","max-snippet":"max-snippet:-1","max-image-preview":"max-image-preview:large","max-video-preview":"max-video-preview:-1"},"canonical":"https:\/\/antderground.com\/pl\/produkt\/ant-nectar\/","og_locale":"pl_PL","og_type":"article","og_title":"Ant Nectar - nowa gwiazda w\u015br\u00f3d pokarm\u00f3w dla mr\u00f3wek - Antderground","og_description":"Sprawd\u017a nasz nowy Ant Nectar, stworzony przez naszych ekspert\u00f3w. To idealne uzupe\u0142nienie diety dla Twoich mr\u00f3wek i doskona\u0142y wyb\u00f3r do ka\u017cdego formikarium.","og_url":"https:\/\/antderground.com\/pl\/produkt\/ant-nectar\/","og_site_name":"ANTDERGROUND","og_image":[{"width":591,"height":601,"url":"https:\/\/antderground.com\/wp-content\/uploads\/2020\/07\/ant-nectar-bote.jpg","type":"image\/jpeg"}],"twitter_card":"summary_large_image","schema":{"@context":"https:\/\/schema.org","@graph":[{"@type":"WebPage","@id":"https:\/\/antderground.com\/pl\/produkt\/ant-nectar\/","url":"https:\/\/antderground.com\/pl\/produkt\/ant-nectar\/","name":"Ant Nectar - nowa gwiazda w\u015br\u00f3d pokarm\u00f3w dla mr\u00f3wek - Antderground","isPartOf":{"@id":"https:\/\/antderground.com\/pl\/#website"},"primaryImageOfPage":{"@id":"https:\/\/antderground.com\/pl\/produkt\/ant-nectar\/#primaryimage"},"image":{"@id":"https:\/\/antderground.com\/pl\/produkt\/ant-nectar\/#primaryimage"},"thumbnailUrl":"https:\/\/antderground.com\/wp-content\/uploads\/2020\/07\/ant-nectar-bote.jpg","datePublished":"2020-07-05T10:47:51+00:00","description":"Sprawd\u017a nasz nowy Ant Nectar, stworzony przez naszych ekspert\u00f3w. To idealne uzupe\u0142nienie diety dla Twoich mr\u00f3wek i doskona\u0142y wyb\u00f3r do ka\u017cdego formikarium.","breadcrumb":{"@id":"https:\/\/antderground.com\/pl\/produkt\/ant-nectar\/#breadcrumb"},"inLanguage":"pl-PL","potentialAction":[{"@type":"ReadAction","target":["https:\/\/antderground.com\/pl\/produkt\/ant-nectar\/"]}]},{"@type":"ImageObject","inLanguage":"pl-PL","@id":"https:\/\/antderground.com\/pl\/produkt\/ant-nectar\/#primaryimage","url":"https:\/\/antderground.com\/wp-content\/uploads\/2020\/07\/ant-nectar-bote.jpg","contentUrl":"https:\/\/antderground.com\/wp-content\/uploads\/2020\/07\/ant-nectar-bote.jpg","width":591,"height":601,"caption":"ant nectar"},{"@type":"BreadcrumbList","@id":"https:\/\/antderground.com\/pl\/produkt\/ant-nectar\/#breadcrumb","itemListElement":[{"@type":"ListItem","position":1,"name":"Portada","item":"https:\/\/antderground.com\/pl\/"},{"@type":"ListItem","position":2,"name":"Sklep","item":"https:\/\/antderground.com\/pl\/sklep\/"},{"@type":"ListItem","position":3,"name":"Ant nectar"}]},{"@type":"WebSite","@id":"https:\/\/antderground.com\/pl\/#website","url":"https:\/\/antderground.com\/pl\/","name":"ANTDERGROUND","description":"Tu tienda de hormigas, gran variedad de hormigueros acr\u00edlicos,madera,arena,3D y mas.. Pide tus hormigas gratis con tu pedido, somos expertos en hormigueros antifugas.","publisher":{"@id":"https:\/\/antderground.com\/pl\/#\/schema\/person\/0e322c505e84fe72c65e2f6d08f96b81"},"alternateName":"Antderground","potentialAction":[{"@type":"SearchAction","target":{"@type":"EntryPoint","urlTemplate":"https:\/\/antderground.com\/pl\/?s={search_term_string}"},"query-input":{"@type":"PropertyValueSpecification","valueRequired":true,"valueName":"search_term_string"}}],"inLanguage":"pl-PL"},{"@type":["Person","Organization"],"@id":"https:\/\/antderground.com\/pl\/#\/schema\/person\/0e322c505e84fe72c65e2f6d08f96b81","name":"Eric de Antderground","image":{"@type":"ImageObject","inLanguage":"pl-PL","@id":"https:\/\/secure.gravatar.com\/avatar\/c49a1b9f79216d1498cb73c1e85cd47f4465dda35f2a94c03790d491bd4423c3?s=96&d=mm&r=g","url":"https:\/\/secure.gravatar.com\/avatar\/c49a1b9f79216d1498cb73c1e85cd47f4465dda35f2a94c03790d491bd4423c3?s=96&d=mm&r=g","contentUrl":"https:\/\/secure.gravatar.com\/avatar\/c49a1b9f79216d1498cb73c1e85cd47f4465dda35f2a94c03790d491bd4423c3?s=96&d=mm&r=g","caption":"Eric de Antderground"},"logo":{"@id":"https:\/\/secure.gravatar.com\/avatar\/c49a1b9f79216d1498cb73c1e85cd47f4465dda35f2a94c03790d491bd4423c3?s=96&d=mm&r=g"},"description":"Eric es el especialista y fundador de Antderground, con una amplia trayectoria en artr\u00f3podos y enfocado en la mirmecolog\u00eda y el dise\u00f1o de hormigueros artificiales. Su enfoque combina la innovaci\u00f3n t\u00e9cnica con el respeto por la biolog\u00eda de las hormigas, is\u00f3podos y otros, desarrollando sistemas de nidos modulares 3D y acr\u00edlicos que son referentes para aficionados y profesionales en toda Europa. Su objetivo es facilitar la cr\u00eda de hormigas y otros artr\u00f3podos mediante soluciones seguras y divulgaci\u00f3n de calidad.","sameAs":["https:\/\/antderground.com\/","https:\/\/www.youtube.com\/channel\/UCio72z7TlbufkAthAJIJfPw"]}]}},"_links":{"self":[{"href":"https:\/\/antderground.com\/pl\/wp-json\/wp\/v2\/product\/51319","targetHints":{"allow":["GET"]}}],"collection":[{"href":"https:\/\/antderground.com\/pl\/wp-json\/wp\/v2\/product"}],"about":[{"href":"https:\/\/antderground.com\/pl\/wp-json\/wp\/v2\/types\/product"}],"version-history":[{"count":0,"href":"https:\/\/antderground.com\/pl\/wp-json\/wp\/v2\/product\/51319\/revisions"}],"wp:featuredmedia":[{"embeddable":true,"href":"https:\/\/antderground.com\/pl\/wp-json\/wp\/v2\/media\/51327"}],"wp:attachment":[{"href":"https:\/\/antderground.com\/pl\/wp-json\/wp\/v2\/media?parent=51319"}],"wp:term":[{"taxonomy":"product_brand","embeddable":true,"href":"https:\/\/antderground.com\/pl\/wp-json\/wp\/v2\/product_brand?post=51319"},{"taxonomy":"product_cat","embeddable":true,"href":"https:\/\/antderground.com\/pl\/wp-json\/wp\/v2\/product_cat?post=51319"},{"taxonomy":"product_tag","embeddable":true,"href":"https:\/\/antderground.com\/pl\/wp-json\/wp\/v2\/product_tag?post=51319"}],"curies":[{"name":"wp","href":"https:\/\/api.w.org\/{rel}","templated":true}]}}