{"id":51349,"date":"2024-10-25T12:33:01","date_gmt":"2024-10-25T10:33:01","guid":{"rendered":"https:\/\/antderground.com\/producto\/szklany-sloj-4-l-z-korkowa-zatyczka\/"},"modified":"2024-10-25T12:33:01","modified_gmt":"2024-10-25T10:33:01","slug":"szklany-sloj-4-l-z-korkowa-zatyczka","status":"publish","type":"product","link":"https:\/\/antderground.com\/pl\/produkt\/szklany-sloj-4-l-z-korkowa-zatyczka\/","title":{"rendered":"Szklany s\u0142\u00f3j (4 l) z korkow\u0105 zatyczk\u0105"},"content":{"rendered":"","protected":false},"excerpt":{"rendered":"<p>Odmie\u0144 swoj\u0105 przestrze\u0144 dzi\u0119ki temu uroczemu szklanemu s\u0142ojowi z korkow\u0105 zatyczk\u0105. Idealny jako terrarium wieczne lub dom dla izopod\u00f3w, a jego stylowy wygl\u0105d pozwala na przechowywanie czegokolwiek zechcesz. Nadaj swojej dekoracji wyj\u0105tkowy charakter! \u2728<\/p>\n<p><strong>Charakterystyka (Specyfikacja):<\/strong><br \/>\nWysoko\u015b\u0107: 25 cm<br \/>\nSzeroko\u015b\u0107: 16 cm<br \/>\nPojemno\u015b\u0107: 4 litry<br \/>\nMateria\u0142: Szk\u0142o<br \/>\nZamkni\u0119cie: Korkowa zatyczka (korek)<\/p>\n","protected":false},"featured_media":51350,"template":"","meta":[],"product_brand":[],"product_cat":[827],"product_tag":[],"class_list":{"0":"post-51349","1":"product","2":"type-product","3":"status-publish","4":"has-post-thumbnail","6":"product_cat-ekosystemy-w-szkle","8":"first","9":"instock","10":"shipping-taxable","11":"purchasable","12":"product-type-simple"},"yoast_head":"<!-- This site is optimized with the Yoast SEO plugin v27.3 - https:\/\/yoast.com\/product\/yoast-seo-wordpress\/ -->\n<title>Szklany s\u0142\u00f3j (4 l) z korkow\u0105 zatyczk\u0105 - ANTDERGROUND<\/title>\n<meta name=\"description\" content=\"Szklany s\u0142\u00f3j z korkow\u0105 zatyczk\u0105 \u2013 idealny do terrari\u00f3w wiecznych oraz hodowli izopod\u00f3w. Doskonale sprawdzi si\u0119 r\u00f3wnie\u017c do przechowywania produkt\u00f3w i jako elegancki element dekoracyjny.\" \/>\n<meta name=\"robots\" content=\"index, follow, max-snippet:-1, max-image-preview:large, max-video-preview:-1\" \/>\n<link rel=\"canonical\" href=\"https:\/\/antderground.com\/pl\/produkt\/szklany-sloj-4-l-z-korkowa-zatyczka\/\" \/>\n<meta property=\"og:locale\" content=\"pl_PL\" \/>\n<meta property=\"og:type\" content=\"article\" \/>\n<meta property=\"og:title\" content=\"Szklany s\u0142\u00f3j (4 l) z korkow\u0105 zatyczk\u0105 - ANTDERGROUND\" \/>\n<meta property=\"og:description\" content=\"Szklany s\u0142\u00f3j z korkow\u0105 zatyczk\u0105 \u2013 idealny do terrari\u00f3w wiecznych oraz hodowli izopod\u00f3w. Doskonale sprawdzi si\u0119 r\u00f3wnie\u017c do przechowywania produkt\u00f3w i jako elegancki element dekoracyjny.\" \/>\n<meta property=\"og:url\" content=\"https:\/\/antderground.com\/pl\/produkt\/szklany-sloj-4-l-z-korkowa-zatyczka\/\" \/>\n<meta property=\"og:site_name\" content=\"ANTDERGROUND\" \/>\n<meta property=\"og:image\" content=\"https:\/\/antderground.com\/wp-content\/uploads\/2024\/10\/Tarro-de-vidrio-4l-con-tapon-de-corcho.jpeg\" \/>\n\t<meta property=\"og:image:width\" content=\"1417\" \/>\n\t<meta property=\"og:image:height\" content=\"1417\" \/>\n\t<meta property=\"og:image:type\" content=\"image\/jpeg\" \/>\n<meta name=\"twitter:card\" content=\"summary_large_image\" \/>\n<script type=\"application\/ld+json\" class=\"yoast-schema-graph\">{\"@context\":\"https:\\\/\\\/schema.org\",\"@graph\":[{\"@type\":\"WebPage\",\"@id\":\"https:\\\/\\\/antderground.com\\\/pl\\\/produkt\\\/szklany-sloj-4-l-z-korkowa-zatyczka\\\/\",\"url\":\"https:\\\/\\\/antderground.com\\\/pl\\\/produkt\\\/szklany-sloj-4-l-z-korkowa-zatyczka\\\/\",\"name\":\"Szklany s\u0142\u00f3j (4 l) z korkow\u0105 zatyczk\u0105 - ANTDERGROUND\",\"isPartOf\":{\"@id\":\"https:\\\/\\\/antderground.com\\\/pl\\\/#website\"},\"primaryImageOfPage\":{\"@id\":\"https:\\\/\\\/antderground.com\\\/pl\\\/produkt\\\/szklany-sloj-4-l-z-korkowa-zatyczka\\\/#primaryimage\"},\"image\":{\"@id\":\"https:\\\/\\\/antderground.com\\\/pl\\\/produkt\\\/szklany-sloj-4-l-z-korkowa-zatyczka\\\/#primaryimage\"},\"thumbnailUrl\":\"https:\\\/\\\/antderground.com\\\/wp-content\\\/uploads\\\/2024\\\/10\\\/Tarro-de-vidrio-4l-con-tapon-de-corcho.jpeg\",\"datePublished\":\"2024-10-25T10:33:01+00:00\",\"description\":\"Szklany s\u0142\u00f3j z korkow\u0105 zatyczk\u0105 \u2013 idealny do terrari\u00f3w wiecznych oraz hodowli izopod\u00f3w. Doskonale sprawdzi si\u0119 r\u00f3wnie\u017c do przechowywania produkt\u00f3w i jako elegancki element dekoracyjny.\",\"breadcrumb\":{\"@id\":\"https:\\\/\\\/antderground.com\\\/pl\\\/produkt\\\/szklany-sloj-4-l-z-korkowa-zatyczka\\\/#breadcrumb\"},\"inLanguage\":\"pl-PL\",\"potentialAction\":[{\"@type\":\"ReadAction\",\"target\":[\"https:\\\/\\\/antderground.com\\\/pl\\\/produkt\\\/szklany-sloj-4-l-z-korkowa-zatyczka\\\/\"]}]},{\"@type\":\"ImageObject\",\"inLanguage\":\"pl-PL\",\"@id\":\"https:\\\/\\\/antderground.com\\\/pl\\\/produkt\\\/szklany-sloj-4-l-z-korkowa-zatyczka\\\/#primaryimage\",\"url\":\"https:\\\/\\\/antderground.com\\\/wp-content\\\/uploads\\\/2024\\\/10\\\/Tarro-de-vidrio-4l-con-tapon-de-corcho.jpeg\",\"contentUrl\":\"https:\\\/\\\/antderground.com\\\/wp-content\\\/uploads\\\/2024\\\/10\\\/Tarro-de-vidrio-4l-con-tapon-de-corcho.jpeg\",\"width\":1417,\"height\":1417},{\"@type\":\"BreadcrumbList\",\"@id\":\"https:\\\/\\\/antderground.com\\\/pl\\\/produkt\\\/szklany-sloj-4-l-z-korkowa-zatyczka\\\/#breadcrumb\",\"itemListElement\":[{\"@type\":\"ListItem\",\"position\":1,\"name\":\"Portada\",\"item\":\"https:\\\/\\\/antderground.com\\\/pl\\\/\"},{\"@type\":\"ListItem\",\"position\":2,\"name\":\"Sklep\",\"item\":\"https:\\\/\\\/antderground.com\\\/pl\\\/sklep\\\/\"},{\"@type\":\"ListItem\",\"position\":3,\"name\":\"Szklany s\u0142\u00f3j (4 l) z korkow\u0105 zatyczk\u0105\"}]},{\"@type\":\"WebSite\",\"@id\":\"https:\\\/\\\/antderground.com\\\/pl\\\/#website\",\"url\":\"https:\\\/\\\/antderground.com\\\/pl\\\/\",\"name\":\"ANTDERGROUND\",\"description\":\"Tu tienda de hormigas, gran variedad de hormigueros acr\u00edlicos,madera,arena,3D y mas.. Pide tus hormigas gratis con tu pedido, somos expertos en hormigueros antifugas.\",\"publisher\":{\"@id\":\"https:\\\/\\\/antderground.com\\\/pl\\\/#\\\/schema\\\/person\\\/0e322c505e84fe72c65e2f6d08f96b81\"},\"alternateName\":\"Antderground\",\"potentialAction\":[{\"@type\":\"SearchAction\",\"target\":{\"@type\":\"EntryPoint\",\"urlTemplate\":\"https:\\\/\\\/antderground.com\\\/pl\\\/?s={search_term_string}\"},\"query-input\":{\"@type\":\"PropertyValueSpecification\",\"valueRequired\":true,\"valueName\":\"search_term_string\"}}],\"inLanguage\":\"pl-PL\"},{\"@type\":[\"Person\",\"Organization\"],\"@id\":\"https:\\\/\\\/antderground.com\\\/pl\\\/#\\\/schema\\\/person\\\/0e322c505e84fe72c65e2f6d08f96b81\",\"name\":\"Eric de Antderground\",\"image\":{\"@type\":\"ImageObject\",\"inLanguage\":\"pl-PL\",\"@id\":\"https:\\\/\\\/secure.gravatar.com\\\/avatar\\\/c49a1b9f79216d1498cb73c1e85cd47f4465dda35f2a94c03790d491bd4423c3?s=96&d=mm&r=g\",\"url\":\"https:\\\/\\\/secure.gravatar.com\\\/avatar\\\/c49a1b9f79216d1498cb73c1e85cd47f4465dda35f2a94c03790d491bd4423c3?s=96&d=mm&r=g\",\"contentUrl\":\"https:\\\/\\\/secure.gravatar.com\\\/avatar\\\/c49a1b9f79216d1498cb73c1e85cd47f4465dda35f2a94c03790d491bd4423c3?s=96&d=mm&r=g\",\"caption\":\"Eric de Antderground\"},\"logo\":{\"@id\":\"https:\\\/\\\/secure.gravatar.com\\\/avatar\\\/c49a1b9f79216d1498cb73c1e85cd47f4465dda35f2a94c03790d491bd4423c3?s=96&d=mm&r=g\"},\"description\":\"Eric es el especialista y fundador de Antderground, con una amplia trayectoria en artr\u00f3podos y enfocado en la mirmecolog\u00eda y el dise\u00f1o de hormigueros artificiales. Su enfoque combina la innovaci\u00f3n t\u00e9cnica con el respeto por la biolog\u00eda de las hormigas, is\u00f3podos y otros, desarrollando sistemas de nidos modulares 3D y acr\u00edlicos que son referentes para aficionados y profesionales en toda Europa. Su objetivo es facilitar la cr\u00eda de hormigas y otros artr\u00f3podos mediante soluciones seguras y divulgaci\u00f3n de calidad.\",\"sameAs\":[\"https:\\\/\\\/antderground.com\\\/\",\"https:\\\/\\\/www.youtube.com\\\/channel\\\/UCio72z7TlbufkAthAJIJfPw\"]}]}<\/script>\n<!-- \/ Yoast SEO plugin. -->","yoast_head_json":{"title":"Szklany s\u0142\u00f3j (4 l) z korkow\u0105 zatyczk\u0105 - ANTDERGROUND","description":"Szklany s\u0142\u00f3j z korkow\u0105 zatyczk\u0105 \u2013 idealny do terrari\u00f3w wiecznych oraz hodowli izopod\u00f3w. Doskonale sprawdzi si\u0119 r\u00f3wnie\u017c do przechowywania produkt\u00f3w i jako elegancki element dekoracyjny.","robots":{"index":"index","follow":"follow","max-snippet":"max-snippet:-1","max-image-preview":"max-image-preview:large","max-video-preview":"max-video-preview:-1"},"canonical":"https:\/\/antderground.com\/pl\/produkt\/szklany-sloj-4-l-z-korkowa-zatyczka\/","og_locale":"pl_PL","og_type":"article","og_title":"Szklany s\u0142\u00f3j (4 l) z korkow\u0105 zatyczk\u0105 - ANTDERGROUND","og_description":"Szklany s\u0142\u00f3j z korkow\u0105 zatyczk\u0105 \u2013 idealny do terrari\u00f3w wiecznych oraz hodowli izopod\u00f3w. Doskonale sprawdzi si\u0119 r\u00f3wnie\u017c do przechowywania produkt\u00f3w i jako elegancki element dekoracyjny.","og_url":"https:\/\/antderground.com\/pl\/produkt\/szklany-sloj-4-l-z-korkowa-zatyczka\/","og_site_name":"ANTDERGROUND","og_image":[{"width":1417,"height":1417,"url":"https:\/\/antderground.com\/wp-content\/uploads\/2024\/10\/Tarro-de-vidrio-4l-con-tapon-de-corcho.jpeg","type":"image\/jpeg"}],"twitter_card":"summary_large_image","schema":{"@context":"https:\/\/schema.org","@graph":[{"@type":"WebPage","@id":"https:\/\/antderground.com\/pl\/produkt\/szklany-sloj-4-l-z-korkowa-zatyczka\/","url":"https:\/\/antderground.com\/pl\/produkt\/szklany-sloj-4-l-z-korkowa-zatyczka\/","name":"Szklany s\u0142\u00f3j (4 l) z korkow\u0105 zatyczk\u0105 - ANTDERGROUND","isPartOf":{"@id":"https:\/\/antderground.com\/pl\/#website"},"primaryImageOfPage":{"@id":"https:\/\/antderground.com\/pl\/produkt\/szklany-sloj-4-l-z-korkowa-zatyczka\/#primaryimage"},"image":{"@id":"https:\/\/antderground.com\/pl\/produkt\/szklany-sloj-4-l-z-korkowa-zatyczka\/#primaryimage"},"thumbnailUrl":"https:\/\/antderground.com\/wp-content\/uploads\/2024\/10\/Tarro-de-vidrio-4l-con-tapon-de-corcho.jpeg","datePublished":"2024-10-25T10:33:01+00:00","description":"Szklany s\u0142\u00f3j z korkow\u0105 zatyczk\u0105 \u2013 idealny do terrari\u00f3w wiecznych oraz hodowli izopod\u00f3w. Doskonale sprawdzi si\u0119 r\u00f3wnie\u017c do przechowywania produkt\u00f3w i jako elegancki element dekoracyjny.","breadcrumb":{"@id":"https:\/\/antderground.com\/pl\/produkt\/szklany-sloj-4-l-z-korkowa-zatyczka\/#breadcrumb"},"inLanguage":"pl-PL","potentialAction":[{"@type":"ReadAction","target":["https:\/\/antderground.com\/pl\/produkt\/szklany-sloj-4-l-z-korkowa-zatyczka\/"]}]},{"@type":"ImageObject","inLanguage":"pl-PL","@id":"https:\/\/antderground.com\/pl\/produkt\/szklany-sloj-4-l-z-korkowa-zatyczka\/#primaryimage","url":"https:\/\/antderground.com\/wp-content\/uploads\/2024\/10\/Tarro-de-vidrio-4l-con-tapon-de-corcho.jpeg","contentUrl":"https:\/\/antderground.com\/wp-content\/uploads\/2024\/10\/Tarro-de-vidrio-4l-con-tapon-de-corcho.jpeg","width":1417,"height":1417},{"@type":"BreadcrumbList","@id":"https:\/\/antderground.com\/pl\/produkt\/szklany-sloj-4-l-z-korkowa-zatyczka\/#breadcrumb","itemListElement":[{"@type":"ListItem","position":1,"name":"Portada","item":"https:\/\/antderground.com\/pl\/"},{"@type":"ListItem","position":2,"name":"Sklep","item":"https:\/\/antderground.com\/pl\/sklep\/"},{"@type":"ListItem","position":3,"name":"Szklany s\u0142\u00f3j (4 l) z korkow\u0105 zatyczk\u0105"}]},{"@type":"WebSite","@id":"https:\/\/antderground.com\/pl\/#website","url":"https:\/\/antderground.com\/pl\/","name":"ANTDERGROUND","description":"Tu tienda de hormigas, gran variedad de hormigueros acr\u00edlicos,madera,arena,3D y mas.. Pide tus hormigas gratis con tu pedido, somos expertos en hormigueros antifugas.","publisher":{"@id":"https:\/\/antderground.com\/pl\/#\/schema\/person\/0e322c505e84fe72c65e2f6d08f96b81"},"alternateName":"Antderground","potentialAction":[{"@type":"SearchAction","target":{"@type":"EntryPoint","urlTemplate":"https:\/\/antderground.com\/pl\/?s={search_term_string}"},"query-input":{"@type":"PropertyValueSpecification","valueRequired":true,"valueName":"search_term_string"}}],"inLanguage":"pl-PL"},{"@type":["Person","Organization"],"@id":"https:\/\/antderground.com\/pl\/#\/schema\/person\/0e322c505e84fe72c65e2f6d08f96b81","name":"Eric de Antderground","image":{"@type":"ImageObject","inLanguage":"pl-PL","@id":"https:\/\/secure.gravatar.com\/avatar\/c49a1b9f79216d1498cb73c1e85cd47f4465dda35f2a94c03790d491bd4423c3?s=96&d=mm&r=g","url":"https:\/\/secure.gravatar.com\/avatar\/c49a1b9f79216d1498cb73c1e85cd47f4465dda35f2a94c03790d491bd4423c3?s=96&d=mm&r=g","contentUrl":"https:\/\/secure.gravatar.com\/avatar\/c49a1b9f79216d1498cb73c1e85cd47f4465dda35f2a94c03790d491bd4423c3?s=96&d=mm&r=g","caption":"Eric de Antderground"},"logo":{"@id":"https:\/\/secure.gravatar.com\/avatar\/c49a1b9f79216d1498cb73c1e85cd47f4465dda35f2a94c03790d491bd4423c3?s=96&d=mm&r=g"},"description":"Eric es el especialista y fundador de Antderground, con una amplia trayectoria en artr\u00f3podos y enfocado en la mirmecolog\u00eda y el dise\u00f1o de hormigueros artificiales. Su enfoque combina la innovaci\u00f3n t\u00e9cnica con el respeto por la biolog\u00eda de las hormigas, is\u00f3podos y otros, desarrollando sistemas de nidos modulares 3D y acr\u00edlicos que son referentes para aficionados y profesionales en toda Europa. Su objetivo es facilitar la cr\u00eda de hormigas y otros artr\u00f3podos mediante soluciones seguras y divulgaci\u00f3n de calidad.","sameAs":["https:\/\/antderground.com\/","https:\/\/www.youtube.com\/channel\/UCio72z7TlbufkAthAJIJfPw"]}]}},"_links":{"self":[{"href":"https:\/\/antderground.com\/pl\/wp-json\/wp\/v2\/product\/51349","targetHints":{"allow":["GET"]}}],"collection":[{"href":"https:\/\/antderground.com\/pl\/wp-json\/wp\/v2\/product"}],"about":[{"href":"https:\/\/antderground.com\/pl\/wp-json\/wp\/v2\/types\/product"}],"version-history":[{"count":0,"href":"https:\/\/antderground.com\/pl\/wp-json\/wp\/v2\/product\/51349\/revisions"}],"wp:featuredmedia":[{"embeddable":true,"href":"https:\/\/antderground.com\/pl\/wp-json\/wp\/v2\/media\/51350"}],"wp:attachment":[{"href":"https:\/\/antderground.com\/pl\/wp-json\/wp\/v2\/media?parent=51349"}],"wp:term":[{"taxonomy":"product_brand","embeddable":true,"href":"https:\/\/antderground.com\/pl\/wp-json\/wp\/v2\/product_brand?post=51349"},{"taxonomy":"product_cat","embeddable":true,"href":"https:\/\/antderground.com\/pl\/wp-json\/wp\/v2\/product_cat?post=51349"},{"taxonomy":"product_tag","embeddable":true,"href":"https:\/\/antderground.com\/pl\/wp-json\/wp\/v2\/product_tag?post=51349"}],"curies":[{"name":"wp","href":"https:\/\/api.w.org\/{rel}","templated":true}]}}