{"id":51365,"date":"2024-07-08T12:38:28","date_gmt":"2024-07-08T10:38:28","guid":{"rendered":"https:\/\/antderground.com\/producto\/karmidelko-dla-rownonogow-izopodow\/"},"modified":"2024-07-08T12:38:28","modified_gmt":"2024-07-08T10:38:28","slug":"karmidelko-dla-rownonogow-izopodow","status":"publish","type":"product","link":"https:\/\/antderground.com\/pl\/produkt\/karmidelko-dla-rownonogow-izopodow\/","title":{"rendered":"Karmide\u0142ko dla r\u00f3wnonog\u00f3w (izopod\u00f3w)"},"content":{"rendered":"","protected":false},"excerpt":{"rendered":"<p>Odkryj idealne rozwi\u0105zanie dla swoich izopod\u00f3w! Nasze specjalistyczne karmide\u0142ko zapewnia zr\u00f3wnowa\u017cone i wygodne karmienie Twoich podopiecznych. \u0141atwe w czyszczeniu i zaprojektowane z my\u015bl\u0105 o dobrostanie Twoich zwierz\u0105t! Podaruj swoim izopodom to, co najlepsze. \ud83c\udf3f\ud83d\udc3e<\/p>\n","protected":false},"featured_media":51366,"template":"","meta":[],"product_brand":[],"product_cat":[771,773],"product_tag":[],"class_list":{"0":"post-51365","1":"product","2":"type-product","3":"status-publish","4":"has-post-thumbnail","6":"product_cat-akcesoria","7":"product_cat-poidla-i-karmidelka","9":"first","10":"instock","11":"shipping-taxable","12":"purchasable","13":"product-type-simple"},"yoast_head":"<!-- This site is optimized with the Yoast SEO plugin v27.3 - https:\/\/yoast.com\/product\/yoast-seo-wordpress\/ -->\n<title>Karmide\u0142ko dla r\u00f3wnonog\u00f3w (izopod\u00f3w) - ANTDERGROUND<\/title>\n<meta name=\"description\" content=\"Zadbaj o swoje izopody dzi\u0119ki naszemu idealnemu karmide\u0142ku! Praktyczny design, \u0142atwo\u015b\u0107 czyszczenia i pe\u0142en komfort dla Twoich podopiecznych. \ud83d\udc3e\ud83c\udf3f | Terraria | Stonogi i R\u00f3wnonogi\" \/>\n<meta name=\"robots\" content=\"index, follow, max-snippet:-1, max-image-preview:large, max-video-preview:-1\" \/>\n<link rel=\"canonical\" href=\"https:\/\/antderground.com\/pl\/produkt\/karmidelko-dla-rownonogow-izopodow\/\" \/>\n<meta property=\"og:locale\" content=\"pl_PL\" \/>\n<meta property=\"og:type\" content=\"article\" \/>\n<meta property=\"og:title\" content=\"Karmide\u0142ko dla r\u00f3wnonog\u00f3w (izopod\u00f3w) - ANTDERGROUND\" \/>\n<meta property=\"og:description\" content=\"Zadbaj o swoje izopody dzi\u0119ki naszemu idealnemu karmide\u0142ku! Praktyczny design, \u0142atwo\u015b\u0107 czyszczenia i pe\u0142en komfort dla Twoich podopiecznych. \ud83d\udc3e\ud83c\udf3f | Terraria | Stonogi i R\u00f3wnonogi\" \/>\n<meta property=\"og:url\" content=\"https:\/\/antderground.com\/pl\/produkt\/karmidelko-dla-rownonogow-izopodow\/\" \/>\n<meta property=\"og:site_name\" content=\"ANTDERGROUND\" \/>\n<meta property=\"og:image\" content=\"https:\/\/antderground.com\/wp-content\/uploads\/2024\/07\/Imagen-de-WhatsApp-2024-07-06-a-las-08.37.51_f46b4abf.jpg\" \/>\n\t<meta property=\"og:image:width\" content=\"1600\" \/>\n\t<meta property=\"og:image:height\" content=\"1600\" \/>\n\t<meta property=\"og:image:type\" content=\"image\/jpeg\" \/>\n<meta name=\"twitter:card\" content=\"summary_large_image\" \/>\n<script type=\"application\/ld+json\" class=\"yoast-schema-graph\">{\"@context\":\"https:\\\/\\\/schema.org\",\"@graph\":[{\"@type\":\"WebPage\",\"@id\":\"https:\\\/\\\/antderground.com\\\/pl\\\/produkt\\\/karmidelko-dla-rownonogow-izopodow\\\/\",\"url\":\"https:\\\/\\\/antderground.com\\\/pl\\\/produkt\\\/karmidelko-dla-rownonogow-izopodow\\\/\",\"name\":\"Karmide\u0142ko dla r\u00f3wnonog\u00f3w (izopod\u00f3w) - ANTDERGROUND\",\"isPartOf\":{\"@id\":\"https:\\\/\\\/antderground.com\\\/pl\\\/#website\"},\"primaryImageOfPage\":{\"@id\":\"https:\\\/\\\/antderground.com\\\/pl\\\/produkt\\\/karmidelko-dla-rownonogow-izopodow\\\/#primaryimage\"},\"image\":{\"@id\":\"https:\\\/\\\/antderground.com\\\/pl\\\/produkt\\\/karmidelko-dla-rownonogow-izopodow\\\/#primaryimage\"},\"thumbnailUrl\":\"https:\\\/\\\/antderground.com\\\/wp-content\\\/uploads\\\/2024\\\/07\\\/Imagen-de-WhatsApp-2024-07-06-a-las-08.37.51_f46b4abf.jpg\",\"datePublished\":\"2024-07-08T10:38:28+00:00\",\"description\":\"Zadbaj o swoje izopody dzi\u0119ki naszemu idealnemu karmide\u0142ku! Praktyczny design, \u0142atwo\u015b\u0107 czyszczenia i pe\u0142en komfort dla Twoich podopiecznych. \ud83d\udc3e\ud83c\udf3f | Terraria | Stonogi i R\u00f3wnonogi\",\"breadcrumb\":{\"@id\":\"https:\\\/\\\/antderground.com\\\/pl\\\/produkt\\\/karmidelko-dla-rownonogow-izopodow\\\/#breadcrumb\"},\"inLanguage\":\"pl-PL\",\"potentialAction\":[{\"@type\":\"ReadAction\",\"target\":[\"https:\\\/\\\/antderground.com\\\/pl\\\/produkt\\\/karmidelko-dla-rownonogow-izopodow\\\/\"]}]},{\"@type\":\"ImageObject\",\"inLanguage\":\"pl-PL\",\"@id\":\"https:\\\/\\\/antderground.com\\\/pl\\\/produkt\\\/karmidelko-dla-rownonogow-izopodow\\\/#primaryimage\",\"url\":\"https:\\\/\\\/antderground.com\\\/wp-content\\\/uploads\\\/2024\\\/07\\\/Imagen-de-WhatsApp-2024-07-06-a-las-08.37.51_f46b4abf.jpg\",\"contentUrl\":\"https:\\\/\\\/antderground.com\\\/wp-content\\\/uploads\\\/2024\\\/07\\\/Imagen-de-WhatsApp-2024-07-06-a-las-08.37.51_f46b4abf.jpg\",\"width\":1600,\"height\":1600},{\"@type\":\"BreadcrumbList\",\"@id\":\"https:\\\/\\\/antderground.com\\\/pl\\\/produkt\\\/karmidelko-dla-rownonogow-izopodow\\\/#breadcrumb\",\"itemListElement\":[{\"@type\":\"ListItem\",\"position\":1,\"name\":\"Portada\",\"item\":\"https:\\\/\\\/antderground.com\\\/pl\\\/\"},{\"@type\":\"ListItem\",\"position\":2,\"name\":\"Sklep\",\"item\":\"https:\\\/\\\/antderground.com\\\/pl\\\/sklep\\\/\"},{\"@type\":\"ListItem\",\"position\":3,\"name\":\"Karmide\u0142ko dla r\u00f3wnonog\u00f3w (izopod\u00f3w)\"}]},{\"@type\":\"WebSite\",\"@id\":\"https:\\\/\\\/antderground.com\\\/pl\\\/#website\",\"url\":\"https:\\\/\\\/antderground.com\\\/pl\\\/\",\"name\":\"ANTDERGROUND\",\"description\":\"Tu tienda de hormigas, gran variedad de hormigueros acr\u00edlicos,madera,arena,3D y mas.. Pide tus hormigas gratis con tu pedido, somos expertos en hormigueros antifugas.\",\"publisher\":{\"@id\":\"https:\\\/\\\/antderground.com\\\/pl\\\/#\\\/schema\\\/person\\\/0e322c505e84fe72c65e2f6d08f96b81\"},\"alternateName\":\"Antderground\",\"potentialAction\":[{\"@type\":\"SearchAction\",\"target\":{\"@type\":\"EntryPoint\",\"urlTemplate\":\"https:\\\/\\\/antderground.com\\\/pl\\\/?s={search_term_string}\"},\"query-input\":{\"@type\":\"PropertyValueSpecification\",\"valueRequired\":true,\"valueName\":\"search_term_string\"}}],\"inLanguage\":\"pl-PL\"},{\"@type\":[\"Person\",\"Organization\"],\"@id\":\"https:\\\/\\\/antderground.com\\\/pl\\\/#\\\/schema\\\/person\\\/0e322c505e84fe72c65e2f6d08f96b81\",\"name\":\"Eric de Antderground\",\"image\":{\"@type\":\"ImageObject\",\"inLanguage\":\"pl-PL\",\"@id\":\"https:\\\/\\\/secure.gravatar.com\\\/avatar\\\/c49a1b9f79216d1498cb73c1e85cd47f4465dda35f2a94c03790d491bd4423c3?s=96&d=mm&r=g\",\"url\":\"https:\\\/\\\/secure.gravatar.com\\\/avatar\\\/c49a1b9f79216d1498cb73c1e85cd47f4465dda35f2a94c03790d491bd4423c3?s=96&d=mm&r=g\",\"contentUrl\":\"https:\\\/\\\/secure.gravatar.com\\\/avatar\\\/c49a1b9f79216d1498cb73c1e85cd47f4465dda35f2a94c03790d491bd4423c3?s=96&d=mm&r=g\",\"caption\":\"Eric de Antderground\"},\"logo\":{\"@id\":\"https:\\\/\\\/secure.gravatar.com\\\/avatar\\\/c49a1b9f79216d1498cb73c1e85cd47f4465dda35f2a94c03790d491bd4423c3?s=96&d=mm&r=g\"},\"description\":\"Eric es el especialista y fundador de Antderground, con una amplia trayectoria en artr\u00f3podos y enfocado en la mirmecolog\u00eda y el dise\u00f1o de hormigueros artificiales. Su enfoque combina la innovaci\u00f3n t\u00e9cnica con el respeto por la biolog\u00eda de las hormigas, is\u00f3podos y otros, desarrollando sistemas de nidos modulares 3D y acr\u00edlicos que son referentes para aficionados y profesionales en toda Europa. Su objetivo es facilitar la cr\u00eda de hormigas y otros artr\u00f3podos mediante soluciones seguras y divulgaci\u00f3n de calidad.\",\"sameAs\":[\"https:\\\/\\\/antderground.com\\\/\",\"https:\\\/\\\/www.youtube.com\\\/channel\\\/UCio72z7TlbufkAthAJIJfPw\"]}]}<\/script>\n<!-- \/ Yoast SEO plugin. -->","yoast_head_json":{"title":"Karmide\u0142ko dla r\u00f3wnonog\u00f3w (izopod\u00f3w) - ANTDERGROUND","description":"Zadbaj o swoje izopody dzi\u0119ki naszemu idealnemu karmide\u0142ku! Praktyczny design, \u0142atwo\u015b\u0107 czyszczenia i pe\u0142en komfort dla Twoich podopiecznych. \ud83d\udc3e\ud83c\udf3f | Terraria | Stonogi i R\u00f3wnonogi","robots":{"index":"index","follow":"follow","max-snippet":"max-snippet:-1","max-image-preview":"max-image-preview:large","max-video-preview":"max-video-preview:-1"},"canonical":"https:\/\/antderground.com\/pl\/produkt\/karmidelko-dla-rownonogow-izopodow\/","og_locale":"pl_PL","og_type":"article","og_title":"Karmide\u0142ko dla r\u00f3wnonog\u00f3w (izopod\u00f3w) - ANTDERGROUND","og_description":"Zadbaj o swoje izopody dzi\u0119ki naszemu idealnemu karmide\u0142ku! Praktyczny design, \u0142atwo\u015b\u0107 czyszczenia i pe\u0142en komfort dla Twoich podopiecznych. \ud83d\udc3e\ud83c\udf3f | Terraria | Stonogi i R\u00f3wnonogi","og_url":"https:\/\/antderground.com\/pl\/produkt\/karmidelko-dla-rownonogow-izopodow\/","og_site_name":"ANTDERGROUND","og_image":[{"width":1600,"height":1600,"url":"https:\/\/antderground.com\/wp-content\/uploads\/2024\/07\/Imagen-de-WhatsApp-2024-07-06-a-las-08.37.51_f46b4abf.jpg","type":"image\/jpeg"}],"twitter_card":"summary_large_image","schema":{"@context":"https:\/\/schema.org","@graph":[{"@type":"WebPage","@id":"https:\/\/antderground.com\/pl\/produkt\/karmidelko-dla-rownonogow-izopodow\/","url":"https:\/\/antderground.com\/pl\/produkt\/karmidelko-dla-rownonogow-izopodow\/","name":"Karmide\u0142ko dla r\u00f3wnonog\u00f3w (izopod\u00f3w) - ANTDERGROUND","isPartOf":{"@id":"https:\/\/antderground.com\/pl\/#website"},"primaryImageOfPage":{"@id":"https:\/\/antderground.com\/pl\/produkt\/karmidelko-dla-rownonogow-izopodow\/#primaryimage"},"image":{"@id":"https:\/\/antderground.com\/pl\/produkt\/karmidelko-dla-rownonogow-izopodow\/#primaryimage"},"thumbnailUrl":"https:\/\/antderground.com\/wp-content\/uploads\/2024\/07\/Imagen-de-WhatsApp-2024-07-06-a-las-08.37.51_f46b4abf.jpg","datePublished":"2024-07-08T10:38:28+00:00","description":"Zadbaj o swoje izopody dzi\u0119ki naszemu idealnemu karmide\u0142ku! Praktyczny design, \u0142atwo\u015b\u0107 czyszczenia i pe\u0142en komfort dla Twoich podopiecznych. \ud83d\udc3e\ud83c\udf3f | Terraria | Stonogi i R\u00f3wnonogi","breadcrumb":{"@id":"https:\/\/antderground.com\/pl\/produkt\/karmidelko-dla-rownonogow-izopodow\/#breadcrumb"},"inLanguage":"pl-PL","potentialAction":[{"@type":"ReadAction","target":["https:\/\/antderground.com\/pl\/produkt\/karmidelko-dla-rownonogow-izopodow\/"]}]},{"@type":"ImageObject","inLanguage":"pl-PL","@id":"https:\/\/antderground.com\/pl\/produkt\/karmidelko-dla-rownonogow-izopodow\/#primaryimage","url":"https:\/\/antderground.com\/wp-content\/uploads\/2024\/07\/Imagen-de-WhatsApp-2024-07-06-a-las-08.37.51_f46b4abf.jpg","contentUrl":"https:\/\/antderground.com\/wp-content\/uploads\/2024\/07\/Imagen-de-WhatsApp-2024-07-06-a-las-08.37.51_f46b4abf.jpg","width":1600,"height":1600},{"@type":"BreadcrumbList","@id":"https:\/\/antderground.com\/pl\/produkt\/karmidelko-dla-rownonogow-izopodow\/#breadcrumb","itemListElement":[{"@type":"ListItem","position":1,"name":"Portada","item":"https:\/\/antderground.com\/pl\/"},{"@type":"ListItem","position":2,"name":"Sklep","item":"https:\/\/antderground.com\/pl\/sklep\/"},{"@type":"ListItem","position":3,"name":"Karmide\u0142ko dla r\u00f3wnonog\u00f3w (izopod\u00f3w)"}]},{"@type":"WebSite","@id":"https:\/\/antderground.com\/pl\/#website","url":"https:\/\/antderground.com\/pl\/","name":"ANTDERGROUND","description":"Tu tienda de hormigas, gran variedad de hormigueros acr\u00edlicos,madera,arena,3D y mas.. Pide tus hormigas gratis con tu pedido, somos expertos en hormigueros antifugas.","publisher":{"@id":"https:\/\/antderground.com\/pl\/#\/schema\/person\/0e322c505e84fe72c65e2f6d08f96b81"},"alternateName":"Antderground","potentialAction":[{"@type":"SearchAction","target":{"@type":"EntryPoint","urlTemplate":"https:\/\/antderground.com\/pl\/?s={search_term_string}"},"query-input":{"@type":"PropertyValueSpecification","valueRequired":true,"valueName":"search_term_string"}}],"inLanguage":"pl-PL"},{"@type":["Person","Organization"],"@id":"https:\/\/antderground.com\/pl\/#\/schema\/person\/0e322c505e84fe72c65e2f6d08f96b81","name":"Eric de Antderground","image":{"@type":"ImageObject","inLanguage":"pl-PL","@id":"https:\/\/secure.gravatar.com\/avatar\/c49a1b9f79216d1498cb73c1e85cd47f4465dda35f2a94c03790d491bd4423c3?s=96&d=mm&r=g","url":"https:\/\/secure.gravatar.com\/avatar\/c49a1b9f79216d1498cb73c1e85cd47f4465dda35f2a94c03790d491bd4423c3?s=96&d=mm&r=g","contentUrl":"https:\/\/secure.gravatar.com\/avatar\/c49a1b9f79216d1498cb73c1e85cd47f4465dda35f2a94c03790d491bd4423c3?s=96&d=mm&r=g","caption":"Eric de Antderground"},"logo":{"@id":"https:\/\/secure.gravatar.com\/avatar\/c49a1b9f79216d1498cb73c1e85cd47f4465dda35f2a94c03790d491bd4423c3?s=96&d=mm&r=g"},"description":"Eric es el especialista y fundador de Antderground, con una amplia trayectoria en artr\u00f3podos y enfocado en la mirmecolog\u00eda y el dise\u00f1o de hormigueros artificiales. Su enfoque combina la innovaci\u00f3n t\u00e9cnica con el respeto por la biolog\u00eda de las hormigas, is\u00f3podos y otros, desarrollando sistemas de nidos modulares 3D y acr\u00edlicos que son referentes para aficionados y profesionales en toda Europa. Su objetivo es facilitar la cr\u00eda de hormigas y otros artr\u00f3podos mediante soluciones seguras y divulgaci\u00f3n de calidad.","sameAs":["https:\/\/antderground.com\/","https:\/\/www.youtube.com\/channel\/UCio72z7TlbufkAthAJIJfPw"]}]}},"_links":{"self":[{"href":"https:\/\/antderground.com\/pl\/wp-json\/wp\/v2\/product\/51365","targetHints":{"allow":["GET"]}}],"collection":[{"href":"https:\/\/antderground.com\/pl\/wp-json\/wp\/v2\/product"}],"about":[{"href":"https:\/\/antderground.com\/pl\/wp-json\/wp\/v2\/types\/product"}],"version-history":[{"count":0,"href":"https:\/\/antderground.com\/pl\/wp-json\/wp\/v2\/product\/51365\/revisions"}],"wp:featuredmedia":[{"embeddable":true,"href":"https:\/\/antderground.com\/pl\/wp-json\/wp\/v2\/media\/51366"}],"wp:attachment":[{"href":"https:\/\/antderground.com\/pl\/wp-json\/wp\/v2\/media?parent=51365"}],"wp:term":[{"taxonomy":"product_brand","embeddable":true,"href":"https:\/\/antderground.com\/pl\/wp-json\/wp\/v2\/product_brand?post=51365"},{"taxonomy":"product_cat","embeddable":true,"href":"https:\/\/antderground.com\/pl\/wp-json\/wp\/v2\/product_cat?post=51365"},{"taxonomy":"product_tag","embeddable":true,"href":"https:\/\/antderground.com\/pl\/wp-json\/wp\/v2\/product_tag?post=51365"}],"curies":[{"name":"wp","href":"https:\/\/api.w.org\/{rel}","templated":true}]}}