{"id":51395,"date":"2021-01-23T19:37:35","date_gmt":"2021-01-23T18:37:35","guid":{"rendered":"https:\/\/antderground.com\/producto\/lacznik-potrojny-pionowy-poziomy\/"},"modified":"2021-01-23T19:37:35","modified_gmt":"2021-01-23T18:37:35","slug":"lacznik-potrojny-pionowy-poziomy","status":"publish","type":"product","link":"https:\/\/antderground.com\/pl\/produkt\/lacznik-potrojny-pionowy-poziomy\/","title":{"rendered":"\u0141\u0105cznik potr\u00f3jny pionowy\/poziomy"},"content":{"rendered":"<p>Ten \u0142\u0105cznik jest idealnym rozwi\u0105zaniem do pionowego po\u0142\u0105czenia formikarium z aren\u0105. Doskonale sprawdza si\u0119 r\u00f3wnie\u017c przy \u0142\u0105czeniu dw\u00f3ch formikari\u00f3w naraz lub kombinacji jednej areny i jednego gniazda z pionowym formikarium modu\u0142owym.<\/p>\n<p>Dzi\u0119ki swojej unikalnej konstrukcji pozwala na tworzenie rozbudowanych i stabilnych system\u00f3w hodowlanych, maksymalnie wykorzystuj\u0105c dost\u0119pn\u0105 przestrze\u0144.<\/p>\n","protected":false},"excerpt":{"rendered":"<p>Ten \u0142\u0105cznik jest idealnym rozwi\u0105zaniem do pionowego po\u0142\u0105czenia formikarium z aren\u0105. Doskonale sprawdza si\u0119 r\u00f3wnie\u017c przy \u0142\u0105czeniu dw\u00f3ch formikari\u00f3w naraz<\/p>\n","protected":false},"featured_media":51398,"template":"","meta":[],"product_brand":[],"product_cat":[774],"product_tag":[],"class_list":{"0":"post-51395","1":"product","2":"type-product","3":"status-publish","4":"has-post-thumbnail","6":"product_cat-laczniki","8":"first","9":"instock","10":"shipping-taxable","11":"purchasable","12":"product-type-simple"},"yoast_head":"<!-- This site is optimized with the Yoast SEO plugin v27.3 - https:\/\/yoast.com\/product\/yoast-seo-wordpress\/ -->\n<title>\u0141\u0105cznik potr\u00f3jny pionowy\/poziomy - ANTDERGROUND<\/title>\n<meta name=\"description\" content=\"\u0141\u0105cznik pionowy do formikarium i areny. Idealny do \u0142\u0105czenia modu\u0142\u00f3w pionowych z poziomymi oraz rozbudowy mrowiska o dodatkowe gniazda. Sprawd\u017a rozwi\u0105zanie!\" \/>\n<meta name=\"robots\" content=\"index, follow, max-snippet:-1, max-image-preview:large, max-video-preview:-1\" \/>\n<link rel=\"canonical\" href=\"https:\/\/antderground.com\/pl\/produkt\/lacznik-potrojny-pionowy-poziomy\/\" \/>\n<meta property=\"og:locale\" content=\"pl_PL\" \/>\n<meta property=\"og:type\" content=\"article\" \/>\n<meta property=\"og:title\" content=\"\u0141\u0105cznik potr\u00f3jny pionowy\/poziomy - ANTDERGROUND\" \/>\n<meta property=\"og:description\" content=\"\u0141\u0105cznik pionowy do formikarium i areny. Idealny do \u0142\u0105czenia modu\u0142\u00f3w pionowych z poziomymi oraz rozbudowy mrowiska o dodatkowe gniazda. Sprawd\u017a rozwi\u0105zanie!\" \/>\n<meta property=\"og:url\" content=\"https:\/\/antderground.com\/pl\/produkt\/lacznik-potrojny-pionowy-poziomy\/\" \/>\n<meta property=\"og:site_name\" content=\"ANTDERGROUND\" \/>\n<meta property=\"og:image\" content=\"https:\/\/antderground.com\/wp-content\/uploads\/2021\/01\/conector-vertical.jpg\" \/>\n\t<meta property=\"og:image:width\" content=\"591\" \/>\n\t<meta property=\"og:image:height\" content=\"601\" \/>\n\t<meta property=\"og:image:type\" content=\"image\/jpeg\" \/>\n<meta name=\"twitter:card\" content=\"summary_large_image\" \/>\n<script type=\"application\/ld+json\" class=\"yoast-schema-graph\">{\"@context\":\"https:\\\/\\\/schema.org\",\"@graph\":[{\"@type\":\"WebPage\",\"@id\":\"https:\\\/\\\/antderground.com\\\/pl\\\/produkt\\\/lacznik-potrojny-pionowy-poziomy\\\/\",\"url\":\"https:\\\/\\\/antderground.com\\\/pl\\\/produkt\\\/lacznik-potrojny-pionowy-poziomy\\\/\",\"name\":\"\u0141\u0105cznik potr\u00f3jny pionowy\\\/poziomy - ANTDERGROUND\",\"isPartOf\":{\"@id\":\"https:\\\/\\\/antderground.com\\\/pl\\\/#website\"},\"primaryImageOfPage\":{\"@id\":\"https:\\\/\\\/antderground.com\\\/pl\\\/produkt\\\/lacznik-potrojny-pionowy-poziomy\\\/#primaryimage\"},\"image\":{\"@id\":\"https:\\\/\\\/antderground.com\\\/pl\\\/produkt\\\/lacznik-potrojny-pionowy-poziomy\\\/#primaryimage\"},\"thumbnailUrl\":\"https:\\\/\\\/antderground.com\\\/wp-content\\\/uploads\\\/2021\\\/01\\\/conector-vertical.jpg\",\"datePublished\":\"2021-01-23T18:37:35+00:00\",\"description\":\"\u0141\u0105cznik pionowy do formikarium i areny. Idealny do \u0142\u0105czenia modu\u0142\u00f3w pionowych z poziomymi oraz rozbudowy mrowiska o dodatkowe gniazda. Sprawd\u017a rozwi\u0105zanie!\",\"breadcrumb\":{\"@id\":\"https:\\\/\\\/antderground.com\\\/pl\\\/produkt\\\/lacznik-potrojny-pionowy-poziomy\\\/#breadcrumb\"},\"inLanguage\":\"pl-PL\",\"potentialAction\":[{\"@type\":\"ReadAction\",\"target\":[\"https:\\\/\\\/antderground.com\\\/pl\\\/produkt\\\/lacznik-potrojny-pionowy-poziomy\\\/\"]}]},{\"@type\":\"ImageObject\",\"inLanguage\":\"pl-PL\",\"@id\":\"https:\\\/\\\/antderground.com\\\/pl\\\/produkt\\\/lacznik-potrojny-pionowy-poziomy\\\/#primaryimage\",\"url\":\"https:\\\/\\\/antderground.com\\\/wp-content\\\/uploads\\\/2021\\\/01\\\/conector-vertical.jpg\",\"contentUrl\":\"https:\\\/\\\/antderground.com\\\/wp-content\\\/uploads\\\/2021\\\/01\\\/conector-vertical.jpg\",\"width\":591,\"height\":601},{\"@type\":\"BreadcrumbList\",\"@id\":\"https:\\\/\\\/antderground.com\\\/pl\\\/produkt\\\/lacznik-potrojny-pionowy-poziomy\\\/#breadcrumb\",\"itemListElement\":[{\"@type\":\"ListItem\",\"position\":1,\"name\":\"Portada\",\"item\":\"https:\\\/\\\/antderground.com\\\/pl\\\/\"},{\"@type\":\"ListItem\",\"position\":2,\"name\":\"Sklep\",\"item\":\"https:\\\/\\\/antderground.com\\\/pl\\\/sklep\\\/\"},{\"@type\":\"ListItem\",\"position\":3,\"name\":\"\u0141\u0105cznik potr\u00f3jny pionowy\\\/poziomy\"}]},{\"@type\":\"WebSite\",\"@id\":\"https:\\\/\\\/antderground.com\\\/pl\\\/#website\",\"url\":\"https:\\\/\\\/antderground.com\\\/pl\\\/\",\"name\":\"ANTDERGROUND\",\"description\":\"Tu tienda de hormigas, gran variedad de hormigueros acr\u00edlicos,madera,arena,3D y mas.. Pide tus hormigas gratis con tu pedido, somos expertos en hormigueros antifugas.\",\"publisher\":{\"@id\":\"https:\\\/\\\/antderground.com\\\/pl\\\/#\\\/schema\\\/person\\\/0e322c505e84fe72c65e2f6d08f96b81\"},\"alternateName\":\"Antderground\",\"potentialAction\":[{\"@type\":\"SearchAction\",\"target\":{\"@type\":\"EntryPoint\",\"urlTemplate\":\"https:\\\/\\\/antderground.com\\\/pl\\\/?s={search_term_string}\"},\"query-input\":{\"@type\":\"PropertyValueSpecification\",\"valueRequired\":true,\"valueName\":\"search_term_string\"}}],\"inLanguage\":\"pl-PL\"},{\"@type\":[\"Person\",\"Organization\"],\"@id\":\"https:\\\/\\\/antderground.com\\\/pl\\\/#\\\/schema\\\/person\\\/0e322c505e84fe72c65e2f6d08f96b81\",\"name\":\"Eric de Antderground\",\"image\":{\"@type\":\"ImageObject\",\"inLanguage\":\"pl-PL\",\"@id\":\"https:\\\/\\\/secure.gravatar.com\\\/avatar\\\/c49a1b9f79216d1498cb73c1e85cd47f4465dda35f2a94c03790d491bd4423c3?s=96&d=mm&r=g\",\"url\":\"https:\\\/\\\/secure.gravatar.com\\\/avatar\\\/c49a1b9f79216d1498cb73c1e85cd47f4465dda35f2a94c03790d491bd4423c3?s=96&d=mm&r=g\",\"contentUrl\":\"https:\\\/\\\/secure.gravatar.com\\\/avatar\\\/c49a1b9f79216d1498cb73c1e85cd47f4465dda35f2a94c03790d491bd4423c3?s=96&d=mm&r=g\",\"caption\":\"Eric de Antderground\"},\"logo\":{\"@id\":\"https:\\\/\\\/secure.gravatar.com\\\/avatar\\\/c49a1b9f79216d1498cb73c1e85cd47f4465dda35f2a94c03790d491bd4423c3?s=96&d=mm&r=g\"},\"description\":\"Eric es el especialista y fundador de Antderground, con una amplia trayectoria en artr\u00f3podos y enfocado en la mirmecolog\u00eda y el dise\u00f1o de hormigueros artificiales. Su enfoque combina la innovaci\u00f3n t\u00e9cnica con el respeto por la biolog\u00eda de las hormigas, is\u00f3podos y otros, desarrollando sistemas de nidos modulares 3D y acr\u00edlicos que son referentes para aficionados y profesionales en toda Europa. Su objetivo es facilitar la cr\u00eda de hormigas y otros artr\u00f3podos mediante soluciones seguras y divulgaci\u00f3n de calidad.\",\"sameAs\":[\"https:\\\/\\\/antderground.com\\\/\",\"https:\\\/\\\/www.youtube.com\\\/channel\\\/UCio72z7TlbufkAthAJIJfPw\"]}]}<\/script>\n<!-- \/ Yoast SEO plugin. -->","yoast_head_json":{"title":"\u0141\u0105cznik potr\u00f3jny pionowy\/poziomy - ANTDERGROUND","description":"\u0141\u0105cznik pionowy do formikarium i areny. Idealny do \u0142\u0105czenia modu\u0142\u00f3w pionowych z poziomymi oraz rozbudowy mrowiska o dodatkowe gniazda. Sprawd\u017a rozwi\u0105zanie!","robots":{"index":"index","follow":"follow","max-snippet":"max-snippet:-1","max-image-preview":"max-image-preview:large","max-video-preview":"max-video-preview:-1"},"canonical":"https:\/\/antderground.com\/pl\/produkt\/lacznik-potrojny-pionowy-poziomy\/","og_locale":"pl_PL","og_type":"article","og_title":"\u0141\u0105cznik potr\u00f3jny pionowy\/poziomy - ANTDERGROUND","og_description":"\u0141\u0105cznik pionowy do formikarium i areny. Idealny do \u0142\u0105czenia modu\u0142\u00f3w pionowych z poziomymi oraz rozbudowy mrowiska o dodatkowe gniazda. Sprawd\u017a rozwi\u0105zanie!","og_url":"https:\/\/antderground.com\/pl\/produkt\/lacznik-potrojny-pionowy-poziomy\/","og_site_name":"ANTDERGROUND","og_image":[{"width":591,"height":601,"url":"https:\/\/antderground.com\/wp-content\/uploads\/2021\/01\/conector-vertical.jpg","type":"image\/jpeg"}],"twitter_card":"summary_large_image","schema":{"@context":"https:\/\/schema.org","@graph":[{"@type":"WebPage","@id":"https:\/\/antderground.com\/pl\/produkt\/lacznik-potrojny-pionowy-poziomy\/","url":"https:\/\/antderground.com\/pl\/produkt\/lacznik-potrojny-pionowy-poziomy\/","name":"\u0141\u0105cznik potr\u00f3jny pionowy\/poziomy - ANTDERGROUND","isPartOf":{"@id":"https:\/\/antderground.com\/pl\/#website"},"primaryImageOfPage":{"@id":"https:\/\/antderground.com\/pl\/produkt\/lacznik-potrojny-pionowy-poziomy\/#primaryimage"},"image":{"@id":"https:\/\/antderground.com\/pl\/produkt\/lacznik-potrojny-pionowy-poziomy\/#primaryimage"},"thumbnailUrl":"https:\/\/antderground.com\/wp-content\/uploads\/2021\/01\/conector-vertical.jpg","datePublished":"2021-01-23T18:37:35+00:00","description":"\u0141\u0105cznik pionowy do formikarium i areny. Idealny do \u0142\u0105czenia modu\u0142\u00f3w pionowych z poziomymi oraz rozbudowy mrowiska o dodatkowe gniazda. Sprawd\u017a rozwi\u0105zanie!","breadcrumb":{"@id":"https:\/\/antderground.com\/pl\/produkt\/lacznik-potrojny-pionowy-poziomy\/#breadcrumb"},"inLanguage":"pl-PL","potentialAction":[{"@type":"ReadAction","target":["https:\/\/antderground.com\/pl\/produkt\/lacznik-potrojny-pionowy-poziomy\/"]}]},{"@type":"ImageObject","inLanguage":"pl-PL","@id":"https:\/\/antderground.com\/pl\/produkt\/lacznik-potrojny-pionowy-poziomy\/#primaryimage","url":"https:\/\/antderground.com\/wp-content\/uploads\/2021\/01\/conector-vertical.jpg","contentUrl":"https:\/\/antderground.com\/wp-content\/uploads\/2021\/01\/conector-vertical.jpg","width":591,"height":601},{"@type":"BreadcrumbList","@id":"https:\/\/antderground.com\/pl\/produkt\/lacznik-potrojny-pionowy-poziomy\/#breadcrumb","itemListElement":[{"@type":"ListItem","position":1,"name":"Portada","item":"https:\/\/antderground.com\/pl\/"},{"@type":"ListItem","position":2,"name":"Sklep","item":"https:\/\/antderground.com\/pl\/sklep\/"},{"@type":"ListItem","position":3,"name":"\u0141\u0105cznik potr\u00f3jny pionowy\/poziomy"}]},{"@type":"WebSite","@id":"https:\/\/antderground.com\/pl\/#website","url":"https:\/\/antderground.com\/pl\/","name":"ANTDERGROUND","description":"Tu tienda de hormigas, gran variedad de hormigueros acr\u00edlicos,madera,arena,3D y mas.. Pide tus hormigas gratis con tu pedido, somos expertos en hormigueros antifugas.","publisher":{"@id":"https:\/\/antderground.com\/pl\/#\/schema\/person\/0e322c505e84fe72c65e2f6d08f96b81"},"alternateName":"Antderground","potentialAction":[{"@type":"SearchAction","target":{"@type":"EntryPoint","urlTemplate":"https:\/\/antderground.com\/pl\/?s={search_term_string}"},"query-input":{"@type":"PropertyValueSpecification","valueRequired":true,"valueName":"search_term_string"}}],"inLanguage":"pl-PL"},{"@type":["Person","Organization"],"@id":"https:\/\/antderground.com\/pl\/#\/schema\/person\/0e322c505e84fe72c65e2f6d08f96b81","name":"Eric de Antderground","image":{"@type":"ImageObject","inLanguage":"pl-PL","@id":"https:\/\/secure.gravatar.com\/avatar\/c49a1b9f79216d1498cb73c1e85cd47f4465dda35f2a94c03790d491bd4423c3?s=96&d=mm&r=g","url":"https:\/\/secure.gravatar.com\/avatar\/c49a1b9f79216d1498cb73c1e85cd47f4465dda35f2a94c03790d491bd4423c3?s=96&d=mm&r=g","contentUrl":"https:\/\/secure.gravatar.com\/avatar\/c49a1b9f79216d1498cb73c1e85cd47f4465dda35f2a94c03790d491bd4423c3?s=96&d=mm&r=g","caption":"Eric de Antderground"},"logo":{"@id":"https:\/\/secure.gravatar.com\/avatar\/c49a1b9f79216d1498cb73c1e85cd47f4465dda35f2a94c03790d491bd4423c3?s=96&d=mm&r=g"},"description":"Eric es el especialista y fundador de Antderground, con una amplia trayectoria en artr\u00f3podos y enfocado en la mirmecolog\u00eda y el dise\u00f1o de hormigueros artificiales. Su enfoque combina la innovaci\u00f3n t\u00e9cnica con el respeto por la biolog\u00eda de las hormigas, is\u00f3podos y otros, desarrollando sistemas de nidos modulares 3D y acr\u00edlicos que son referentes para aficionados y profesionales en toda Europa. Su objetivo es facilitar la cr\u00eda de hormigas y otros artr\u00f3podos mediante soluciones seguras y divulgaci\u00f3n de calidad.","sameAs":["https:\/\/antderground.com\/","https:\/\/www.youtube.com\/channel\/UCio72z7TlbufkAthAJIJfPw"]}]}},"_links":{"self":[{"href":"https:\/\/antderground.com\/pl\/wp-json\/wp\/v2\/product\/51395","targetHints":{"allow":["GET"]}}],"collection":[{"href":"https:\/\/antderground.com\/pl\/wp-json\/wp\/v2\/product"}],"about":[{"href":"https:\/\/antderground.com\/pl\/wp-json\/wp\/v2\/types\/product"}],"version-history":[{"count":0,"href":"https:\/\/antderground.com\/pl\/wp-json\/wp\/v2\/product\/51395\/revisions"}],"wp:featuredmedia":[{"embeddable":true,"href":"https:\/\/antderground.com\/pl\/wp-json\/wp\/v2\/media\/51398"}],"wp:attachment":[{"href":"https:\/\/antderground.com\/pl\/wp-json\/wp\/v2\/media?parent=51395"}],"wp:term":[{"taxonomy":"product_brand","embeddable":true,"href":"https:\/\/antderground.com\/pl\/wp-json\/wp\/v2\/product_brand?post=51395"},{"taxonomy":"product_cat","embeddable":true,"href":"https:\/\/antderground.com\/pl\/wp-json\/wp\/v2\/product_cat?post=51395"},{"taxonomy":"product_tag","embeddable":true,"href":"https:\/\/antderground.com\/pl\/wp-json\/wp\/v2\/product_tag?post=51395"}],"curies":[{"name":"wp","href":"https:\/\/api.w.org\/{rel}","templated":true}]}}