{"id":51401,"date":"2020-08-21T22:23:17","date_gmt":"2020-08-21T20:23:17","guid":{"rendered":"https:\/\/antderground.com\/producto\/lacznik-katowy-90-do-probowki-w-zestawie-z-probowka\/"},"modified":"2020-08-21T22:23:17","modified_gmt":"2020-08-21T20:23:17","slug":"lacznik-katowy-90-do-probowki-w-zestawie-z-probowka","status":"publish","type":"product","link":"https:\/\/antderground.com\/pl\/produkt\/lacznik-katowy-90-do-probowki-w-zestawie-z-probowka\/","title":{"rendered":"\u0141\u0105cznik k\u0105towy 90\u00b0 do prob\u00f3wki (W zestawie z prob\u00f3wk\u0105)"},"content":{"rendered":"<p>Dzi\u0119ki temu \u0142\u0105cznikowi k\u0105towemu 90\u00b0 do prob\u00f3wek zoptymalizujesz przestrze\u0144 w swoich formikariach, zyskuj\u0105c mo\u017cliwo\u015b\u0107 tworzenia wygodniejszych konfiguracji. Zapewnia on ten sam wysoki poziom wilgotno\u015bci i nawodnienia gniazd oraz aren, kt\u00f3re tego wymagaj\u0105.<\/p>\n","protected":false},"excerpt":{"rendered":"<p>\u0141\u0105cznik k\u0105towy 90\u00b0 z prob\u00f3wk\u0105 w zestawie<\/p>\n","protected":false},"featured_media":51406,"template":"","meta":[],"product_brand":[],"product_cat":[774],"product_tag":[],"class_list":{"0":"post-51401","1":"product","2":"type-product","3":"status-publish","4":"has-post-thumbnail","6":"product_cat-laczniki","8":"first","9":"instock","10":"shipping-taxable","11":"purchasable","12":"product-type-variable"},"yoast_head":"<!-- This site is optimized with the Yoast SEO plugin v27.3 - https:\/\/yoast.com\/product\/yoast-seo-wordpress\/ -->\n<title>\u0141\u0105cznik k\u0105towy 90\u00b0 do prob\u00f3wki (W zestawie z prob\u00f3wk\u0105) - ANTDERGROUND<\/title>\n<meta name=\"description\" content=\"Odkryj nasz \u0142\u0105cznik k\u0105towy 90\u00b0 do prob\u00f3wek, dost\u0119pny w r\u00f3\u017cnych wariantach ustawienia. Ka\u017cdy \u0142\u0105cznik zawiera prob\u00f3wk\u0119 w zestawie!\" \/>\n<meta name=\"robots\" content=\"index, follow, max-snippet:-1, max-image-preview:large, max-video-preview:-1\" \/>\n<link rel=\"canonical\" href=\"https:\/\/antderground.com\/pl\/produkt\/lacznik-katowy-90-do-probowki-w-zestawie-z-probowka\/\" \/>\n<meta property=\"og:locale\" content=\"pl_PL\" \/>\n<meta property=\"og:type\" content=\"article\" \/>\n<meta property=\"og:title\" content=\"\u0141\u0105cznik k\u0105towy 90\u00b0 do prob\u00f3wki (W zestawie z prob\u00f3wk\u0105) - ANTDERGROUND\" \/>\n<meta property=\"og:description\" content=\"Odkryj nasz \u0142\u0105cznik k\u0105towy 90\u00b0 do prob\u00f3wek, dost\u0119pny w r\u00f3\u017cnych wariantach ustawienia. Ka\u017cdy \u0142\u0105cznik zawiera prob\u00f3wk\u0119 w zestawie!\" \/>\n<meta property=\"og:url\" content=\"https:\/\/antderground.com\/pl\/produkt\/lacznik-katowy-90-do-probowki-w-zestawie-z-probowka\/\" \/>\n<meta property=\"og:site_name\" content=\"ANTDERGROUND\" \/>\n<meta property=\"og:image\" content=\"https:\/\/antderground.com\/wp-content\/uploads\/2020\/08\/conector-tubo-90.jpg\" \/>\n\t<meta property=\"og:image:width\" content=\"591\" \/>\n\t<meta property=\"og:image:height\" content=\"601\" \/>\n\t<meta property=\"og:image:type\" content=\"image\/jpeg\" \/>\n<meta name=\"twitter:card\" content=\"summary_large_image\" \/>\n<script type=\"application\/ld+json\" class=\"yoast-schema-graph\">{\"@context\":\"https:\\\/\\\/schema.org\",\"@graph\":[{\"@type\":\"WebPage\",\"@id\":\"https:\\\/\\\/antderground.com\\\/pl\\\/produkt\\\/lacznik-katowy-90-do-probowki-w-zestawie-z-probowka\\\/\",\"url\":\"https:\\\/\\\/antderground.com\\\/pl\\\/produkt\\\/lacznik-katowy-90-do-probowki-w-zestawie-z-probowka\\\/\",\"name\":\"\u0141\u0105cznik k\u0105towy 90\u00b0 do prob\u00f3wki (W zestawie z prob\u00f3wk\u0105) - ANTDERGROUND\",\"isPartOf\":{\"@id\":\"https:\\\/\\\/antderground.com\\\/pl\\\/#website\"},\"primaryImageOfPage\":{\"@id\":\"https:\\\/\\\/antderground.com\\\/pl\\\/produkt\\\/lacznik-katowy-90-do-probowki-w-zestawie-z-probowka\\\/#primaryimage\"},\"image\":{\"@id\":\"https:\\\/\\\/antderground.com\\\/pl\\\/produkt\\\/lacznik-katowy-90-do-probowki-w-zestawie-z-probowka\\\/#primaryimage\"},\"thumbnailUrl\":\"https:\\\/\\\/antderground.com\\\/wp-content\\\/uploads\\\/2020\\\/08\\\/conector-tubo-90.jpg\",\"datePublished\":\"2020-08-21T20:23:17+00:00\",\"description\":\"Odkryj nasz \u0142\u0105cznik k\u0105towy 90\u00b0 do prob\u00f3wek, dost\u0119pny w r\u00f3\u017cnych wariantach ustawienia. Ka\u017cdy \u0142\u0105cznik zawiera prob\u00f3wk\u0119 w zestawie!\",\"breadcrumb\":{\"@id\":\"https:\\\/\\\/antderground.com\\\/pl\\\/produkt\\\/lacznik-katowy-90-do-probowki-w-zestawie-z-probowka\\\/#breadcrumb\"},\"inLanguage\":\"pl-PL\",\"potentialAction\":[{\"@type\":\"ReadAction\",\"target\":[\"https:\\\/\\\/antderground.com\\\/pl\\\/produkt\\\/lacznik-katowy-90-do-probowki-w-zestawie-z-probowka\\\/\"]}]},{\"@type\":\"ImageObject\",\"inLanguage\":\"pl-PL\",\"@id\":\"https:\\\/\\\/antderground.com\\\/pl\\\/produkt\\\/lacznik-katowy-90-do-probowki-w-zestawie-z-probowka\\\/#primaryimage\",\"url\":\"https:\\\/\\\/antderground.com\\\/wp-content\\\/uploads\\\/2020\\\/08\\\/conector-tubo-90.jpg\",\"contentUrl\":\"https:\\\/\\\/antderground.com\\\/wp-content\\\/uploads\\\/2020\\\/08\\\/conector-tubo-90.jpg\",\"width\":591,\"height\":601},{\"@type\":\"BreadcrumbList\",\"@id\":\"https:\\\/\\\/antderground.com\\\/pl\\\/produkt\\\/lacznik-katowy-90-do-probowki-w-zestawie-z-probowka\\\/#breadcrumb\",\"itemListElement\":[{\"@type\":\"ListItem\",\"position\":1,\"name\":\"Portada\",\"item\":\"https:\\\/\\\/antderground.com\\\/pl\\\/\"},{\"@type\":\"ListItem\",\"position\":2,\"name\":\"Sklep\",\"item\":\"https:\\\/\\\/antderground.com\\\/pl\\\/sklep\\\/\"},{\"@type\":\"ListItem\",\"position\":3,\"name\":\"\u0141\u0105cznik k\u0105towy 90\u00b0 do prob\u00f3wki (W zestawie z prob\u00f3wk\u0105)\"}]},{\"@type\":\"WebSite\",\"@id\":\"https:\\\/\\\/antderground.com\\\/pl\\\/#website\",\"url\":\"https:\\\/\\\/antderground.com\\\/pl\\\/\",\"name\":\"ANTDERGROUND\",\"description\":\"Tu tienda de hormigas, gran variedad de hormigueros acr\u00edlicos,madera,arena,3D y mas.. Pide tus hormigas gratis con tu pedido, somos expertos en hormigueros antifugas.\",\"publisher\":{\"@id\":\"https:\\\/\\\/antderground.com\\\/pl\\\/#\\\/schema\\\/person\\\/0e322c505e84fe72c65e2f6d08f96b81\"},\"alternateName\":\"Antderground\",\"potentialAction\":[{\"@type\":\"SearchAction\",\"target\":{\"@type\":\"EntryPoint\",\"urlTemplate\":\"https:\\\/\\\/antderground.com\\\/pl\\\/?s={search_term_string}\"},\"query-input\":{\"@type\":\"PropertyValueSpecification\",\"valueRequired\":true,\"valueName\":\"search_term_string\"}}],\"inLanguage\":\"pl-PL\"},{\"@type\":[\"Person\",\"Organization\"],\"@id\":\"https:\\\/\\\/antderground.com\\\/pl\\\/#\\\/schema\\\/person\\\/0e322c505e84fe72c65e2f6d08f96b81\",\"name\":\"Eric de Antderground\",\"image\":{\"@type\":\"ImageObject\",\"inLanguage\":\"pl-PL\",\"@id\":\"https:\\\/\\\/secure.gravatar.com\\\/avatar\\\/c49a1b9f79216d1498cb73c1e85cd47f4465dda35f2a94c03790d491bd4423c3?s=96&d=mm&r=g\",\"url\":\"https:\\\/\\\/secure.gravatar.com\\\/avatar\\\/c49a1b9f79216d1498cb73c1e85cd47f4465dda35f2a94c03790d491bd4423c3?s=96&d=mm&r=g\",\"contentUrl\":\"https:\\\/\\\/secure.gravatar.com\\\/avatar\\\/c49a1b9f79216d1498cb73c1e85cd47f4465dda35f2a94c03790d491bd4423c3?s=96&d=mm&r=g\",\"caption\":\"Eric de Antderground\"},\"logo\":{\"@id\":\"https:\\\/\\\/secure.gravatar.com\\\/avatar\\\/c49a1b9f79216d1498cb73c1e85cd47f4465dda35f2a94c03790d491bd4423c3?s=96&d=mm&r=g\"},\"description\":\"Eric es el especialista y fundador de Antderground, con una amplia trayectoria en artr\u00f3podos y enfocado en la mirmecolog\u00eda y el dise\u00f1o de hormigueros artificiales. Su enfoque combina la innovaci\u00f3n t\u00e9cnica con el respeto por la biolog\u00eda de las hormigas, is\u00f3podos y otros, desarrollando sistemas de nidos modulares 3D y acr\u00edlicos que son referentes para aficionados y profesionales en toda Europa. Su objetivo es facilitar la cr\u00eda de hormigas y otros artr\u00f3podos mediante soluciones seguras y divulgaci\u00f3n de calidad.\",\"sameAs\":[\"https:\\\/\\\/antderground.com\\\/\",\"https:\\\/\\\/www.youtube.com\\\/channel\\\/UCio72z7TlbufkAthAJIJfPw\"]}]}<\/script>\n<!-- \/ Yoast SEO plugin. -->","yoast_head_json":{"title":"\u0141\u0105cznik k\u0105towy 90\u00b0 do prob\u00f3wki (W zestawie z prob\u00f3wk\u0105) - ANTDERGROUND","description":"Odkryj nasz \u0142\u0105cznik k\u0105towy 90\u00b0 do prob\u00f3wek, dost\u0119pny w r\u00f3\u017cnych wariantach ustawienia. Ka\u017cdy \u0142\u0105cznik zawiera prob\u00f3wk\u0119 w zestawie!","robots":{"index":"index","follow":"follow","max-snippet":"max-snippet:-1","max-image-preview":"max-image-preview:large","max-video-preview":"max-video-preview:-1"},"canonical":"https:\/\/antderground.com\/pl\/produkt\/lacznik-katowy-90-do-probowki-w-zestawie-z-probowka\/","og_locale":"pl_PL","og_type":"article","og_title":"\u0141\u0105cznik k\u0105towy 90\u00b0 do prob\u00f3wki (W zestawie z prob\u00f3wk\u0105) - ANTDERGROUND","og_description":"Odkryj nasz \u0142\u0105cznik k\u0105towy 90\u00b0 do prob\u00f3wek, dost\u0119pny w r\u00f3\u017cnych wariantach ustawienia. Ka\u017cdy \u0142\u0105cznik zawiera prob\u00f3wk\u0119 w zestawie!","og_url":"https:\/\/antderground.com\/pl\/produkt\/lacznik-katowy-90-do-probowki-w-zestawie-z-probowka\/","og_site_name":"ANTDERGROUND","og_image":[{"width":591,"height":601,"url":"https:\/\/antderground.com\/wp-content\/uploads\/2020\/08\/conector-tubo-90.jpg","type":"image\/jpeg"}],"twitter_card":"summary_large_image","schema":{"@context":"https:\/\/schema.org","@graph":[{"@type":"WebPage","@id":"https:\/\/antderground.com\/pl\/produkt\/lacznik-katowy-90-do-probowki-w-zestawie-z-probowka\/","url":"https:\/\/antderground.com\/pl\/produkt\/lacznik-katowy-90-do-probowki-w-zestawie-z-probowka\/","name":"\u0141\u0105cznik k\u0105towy 90\u00b0 do prob\u00f3wki (W zestawie z prob\u00f3wk\u0105) - ANTDERGROUND","isPartOf":{"@id":"https:\/\/antderground.com\/pl\/#website"},"primaryImageOfPage":{"@id":"https:\/\/antderground.com\/pl\/produkt\/lacznik-katowy-90-do-probowki-w-zestawie-z-probowka\/#primaryimage"},"image":{"@id":"https:\/\/antderground.com\/pl\/produkt\/lacznik-katowy-90-do-probowki-w-zestawie-z-probowka\/#primaryimage"},"thumbnailUrl":"https:\/\/antderground.com\/wp-content\/uploads\/2020\/08\/conector-tubo-90.jpg","datePublished":"2020-08-21T20:23:17+00:00","description":"Odkryj nasz \u0142\u0105cznik k\u0105towy 90\u00b0 do prob\u00f3wek, dost\u0119pny w r\u00f3\u017cnych wariantach ustawienia. Ka\u017cdy \u0142\u0105cznik zawiera prob\u00f3wk\u0119 w zestawie!","breadcrumb":{"@id":"https:\/\/antderground.com\/pl\/produkt\/lacznik-katowy-90-do-probowki-w-zestawie-z-probowka\/#breadcrumb"},"inLanguage":"pl-PL","potentialAction":[{"@type":"ReadAction","target":["https:\/\/antderground.com\/pl\/produkt\/lacznik-katowy-90-do-probowki-w-zestawie-z-probowka\/"]}]},{"@type":"ImageObject","inLanguage":"pl-PL","@id":"https:\/\/antderground.com\/pl\/produkt\/lacznik-katowy-90-do-probowki-w-zestawie-z-probowka\/#primaryimage","url":"https:\/\/antderground.com\/wp-content\/uploads\/2020\/08\/conector-tubo-90.jpg","contentUrl":"https:\/\/antderground.com\/wp-content\/uploads\/2020\/08\/conector-tubo-90.jpg","width":591,"height":601},{"@type":"BreadcrumbList","@id":"https:\/\/antderground.com\/pl\/produkt\/lacznik-katowy-90-do-probowki-w-zestawie-z-probowka\/#breadcrumb","itemListElement":[{"@type":"ListItem","position":1,"name":"Portada","item":"https:\/\/antderground.com\/pl\/"},{"@type":"ListItem","position":2,"name":"Sklep","item":"https:\/\/antderground.com\/pl\/sklep\/"},{"@type":"ListItem","position":3,"name":"\u0141\u0105cznik k\u0105towy 90\u00b0 do prob\u00f3wki (W zestawie z prob\u00f3wk\u0105)"}]},{"@type":"WebSite","@id":"https:\/\/antderground.com\/pl\/#website","url":"https:\/\/antderground.com\/pl\/","name":"ANTDERGROUND","description":"Tu tienda de hormigas, gran variedad de hormigueros acr\u00edlicos,madera,arena,3D y mas.. Pide tus hormigas gratis con tu pedido, somos expertos en hormigueros antifugas.","publisher":{"@id":"https:\/\/antderground.com\/pl\/#\/schema\/person\/0e322c505e84fe72c65e2f6d08f96b81"},"alternateName":"Antderground","potentialAction":[{"@type":"SearchAction","target":{"@type":"EntryPoint","urlTemplate":"https:\/\/antderground.com\/pl\/?s={search_term_string}"},"query-input":{"@type":"PropertyValueSpecification","valueRequired":true,"valueName":"search_term_string"}}],"inLanguage":"pl-PL"},{"@type":["Person","Organization"],"@id":"https:\/\/antderground.com\/pl\/#\/schema\/person\/0e322c505e84fe72c65e2f6d08f96b81","name":"Eric de Antderground","image":{"@type":"ImageObject","inLanguage":"pl-PL","@id":"https:\/\/secure.gravatar.com\/avatar\/c49a1b9f79216d1498cb73c1e85cd47f4465dda35f2a94c03790d491bd4423c3?s=96&d=mm&r=g","url":"https:\/\/secure.gravatar.com\/avatar\/c49a1b9f79216d1498cb73c1e85cd47f4465dda35f2a94c03790d491bd4423c3?s=96&d=mm&r=g","contentUrl":"https:\/\/secure.gravatar.com\/avatar\/c49a1b9f79216d1498cb73c1e85cd47f4465dda35f2a94c03790d491bd4423c3?s=96&d=mm&r=g","caption":"Eric de Antderground"},"logo":{"@id":"https:\/\/secure.gravatar.com\/avatar\/c49a1b9f79216d1498cb73c1e85cd47f4465dda35f2a94c03790d491bd4423c3?s=96&d=mm&r=g"},"description":"Eric es el especialista y fundador de Antderground, con una amplia trayectoria en artr\u00f3podos y enfocado en la mirmecolog\u00eda y el dise\u00f1o de hormigueros artificiales. Su enfoque combina la innovaci\u00f3n t\u00e9cnica con el respeto por la biolog\u00eda de las hormigas, is\u00f3podos y otros, desarrollando sistemas de nidos modulares 3D y acr\u00edlicos que son referentes para aficionados y profesionales en toda Europa. Su objetivo es facilitar la cr\u00eda de hormigas y otros artr\u00f3podos mediante soluciones seguras y divulgaci\u00f3n de calidad.","sameAs":["https:\/\/antderground.com\/","https:\/\/www.youtube.com\/channel\/UCio72z7TlbufkAthAJIJfPw"]}]}},"_links":{"self":[{"href":"https:\/\/antderground.com\/pl\/wp-json\/wp\/v2\/product\/51401","targetHints":{"allow":["GET"]}}],"collection":[{"href":"https:\/\/antderground.com\/pl\/wp-json\/wp\/v2\/product"}],"about":[{"href":"https:\/\/antderground.com\/pl\/wp-json\/wp\/v2\/types\/product"}],"version-history":[{"count":0,"href":"https:\/\/antderground.com\/pl\/wp-json\/wp\/v2\/product\/51401\/revisions"}],"wp:featuredmedia":[{"embeddable":true,"href":"https:\/\/antderground.com\/pl\/wp-json\/wp\/v2\/media\/51406"}],"wp:attachment":[{"href":"https:\/\/antderground.com\/pl\/wp-json\/wp\/v2\/media?parent=51401"}],"wp:term":[{"taxonomy":"product_brand","embeddable":true,"href":"https:\/\/antderground.com\/pl\/wp-json\/wp\/v2\/product_brand?post=51401"},{"taxonomy":"product_cat","embeddable":true,"href":"https:\/\/antderground.com\/pl\/wp-json\/wp\/v2\/product_cat?post=51401"},{"taxonomy":"product_tag","embeddable":true,"href":"https:\/\/antderground.com\/pl\/wp-json\/wp\/v2\/product_tag?post=51401"}],"curies":[{"name":"wp","href":"https:\/\/api.w.org\/{rel}","templated":true}]}}