{"id":18595,"date":"2020-03-19T18:30:02","date_gmt":"2020-03-19T17:30:02","guid":{"rendered":"https:\/\/www.antderground.com\/somos-tu-tienda-de-hormigueros\/"},"modified":"2022-02-21T14:43:01","modified_gmt":"2022-02-21T13:43:01","slug":"somos-a-sua-loja-de-mirmecologia","status":"publish","type":"page","link":"https:\/\/antderground.com\/pt-br\/somos-a-sua-loja-de-mirmecologia\/","title":{"rendered":"Somos a sua loja de mirmecologia"},"content":{"rendered":"\n<p>Somos a sua loja online de formigueiros (Antderground), nascidos da ilus\u00e3o de um menino de 5 anos: meu filhinho Marc e jo.<\/p>\n\n\n\n<p>Somos entusiastas da natureza e dos animais e, claro, tamb\u00e9m das formigas, por isso decidimos fazer alguns formigueiros de teste.<\/p>\n\n\n\n<p>Rapidamente, nos tornamos uma empresa jovem.<\/p>\n\n\n\n<p>A empresa nasceu em Berga em maio de 2019 e com novas e recentes adi\u00e7\u00f5es \u00e0 equipe de trabalho.<\/p>\n\n\n\n<p>Todos os nossos produtos s\u00e3o fabricados internamente, de forma a tentar oferecer os melhores produtos para o cuidado das formigas e fazer designs personalizados adaptados a cada cliente.<\/p>\n\n\n\n<p>Temos um grupo no facebook no qual temos contato direto com clientes e seguidores.<\/p>\n\n\n\n<p>Convidamo-lo a fazer parte do grupo, onde pode contribuir com as suas ideias, publicar fotos das suas col\u00f3nias de formigas, tirar d\u00favidas, tirar d\u00favidas e ficar a par de todas as novidades que vamos apresentar.<\/p>\n\n\n\n<p>Desde Antderground, esperamos que voc\u00ea tenha uma experi\u00eancia agrad\u00e1vel e n\u00e3o hesite em nos contatar com qualquer d\u00favida.<\/p>\n\n\n\n<p>Muito obrigado<\/p>\n\n\n\n<p><\/p>\n\n\n\n<p><\/p>\n","protected":false},"excerpt":{"rendered":"<p>Somos a sua loja online de formigueiros (Antderground), nascidos da ilus\u00e3o de um menino de 5 anos: meu filhinho Marc<\/p>\n","protected":false},"author":1,"featured_media":18152,"parent":0,"menu_order":0,"comment_status":"closed","ping_status":"closed","template":"","meta":{"footnotes":""},"class_list":["post-18595","page","type-page","status-publish","has-post-thumbnail","hentry"],"yoast_head":"<!-- This site is optimized with the Yoast SEO plugin v27.4 - https:\/\/yoast.com\/product\/yoast-seo-wordpress\/ -->\n<title>Somos a sua loja de mirmecologia - loja online de formigas<\/title>\n<meta name=\"description\" content=\"Somos uma empresa jovem de mirmecologia. Loja online de formigueiro. Formigueiros de fabrica\u00e7\u00e3o pr\u00f3pria para nossos clientes.\" \/>\n<meta name=\"robots\" content=\"index, follow, max-snippet:-1, max-image-preview:large, max-video-preview:-1\" \/>\n<link rel=\"canonical\" href=\"https:\/\/antderground.com\/pt-br\/somos-a-sua-loja-de-mirmecologia\/\" \/>\n<meta property=\"og:locale\" content=\"pt_BR\" \/>\n<meta property=\"og:type\" content=\"article\" \/>\n<meta property=\"og:title\" content=\"Somos a sua loja de mirmecologia - loja online de formigas\" \/>\n<meta property=\"og:description\" content=\"Somos uma empresa jovem de mirmecologia. Loja online de formigueiro. Formigueiros de fabrica\u00e7\u00e3o pr\u00f3pria para nossos clientes.\" \/>\n<meta property=\"og:url\" content=\"https:\/\/antderground.com\/pt-br\/somos-a-sua-loja-de-mirmecologia\/\" \/>\n<meta property=\"og:site_name\" content=\"ANTDERGROUND\" \/>\n<meta property=\"article:modified_time\" content=\"2022-02-21T13:43:01+00:00\" \/>\n<meta property=\"og:image\" content=\"https:\/\/antderground.com\/wp-content\/uploads\/2019\/05\/WhatsApp-Image-2019-05-07-at-7.25.58-PM.jpeg\" \/>\n\t<meta property=\"og:image:width\" content=\"1266\" \/>\n\t<meta property=\"og:image:height\" content=\"674\" \/>\n\t<meta property=\"og:image:type\" content=\"image\/jpeg\" \/>\n<meta name=\"twitter:card\" content=\"summary_large_image\" \/>\n<meta name=\"twitter:label1\" content=\"Est. tempo de leitura\" \/>\n\t<meta name=\"twitter:data1\" content=\"1 minuto\" \/>\n<script type=\"application\/ld+json\" class=\"yoast-schema-graph\">{\"@context\":\"https:\\\/\\\/schema.org\",\"@graph\":[{\"@type\":\"WebPage\",\"@id\":\"https:\\\/\\\/antderground.com\\\/pt-br\\\/somos-a-sua-loja-de-mirmecologia\\\/\",\"url\":\"https:\\\/\\\/antderground.com\\\/pt-br\\\/somos-a-sua-loja-de-mirmecologia\\\/\",\"name\":\"Somos a sua loja de mirmecologia - loja online de formigas\",\"isPartOf\":{\"@id\":\"https:\\\/\\\/antderground.com\\\/pt-br\\\/#website\"},\"primaryImageOfPage\":{\"@id\":\"https:\\\/\\\/antderground.com\\\/pt-br\\\/somos-a-sua-loja-de-mirmecologia\\\/#primaryimage\"},\"image\":{\"@id\":\"https:\\\/\\\/antderground.com\\\/pt-br\\\/somos-a-sua-loja-de-mirmecologia\\\/#primaryimage\"},\"thumbnailUrl\":\"https:\\\/\\\/antderground.com\\\/wp-content\\\/uploads\\\/2019\\\/05\\\/WhatsApp-Image-2019-05-07-at-7.25.58-PM.jpeg\",\"datePublished\":\"2020-03-19T17:30:02+00:00\",\"dateModified\":\"2022-02-21T13:43:01+00:00\",\"description\":\"Somos uma empresa jovem de mirmecologia. Loja online de formigueiro. Formigueiros de fabrica\u00e7\u00e3o pr\u00f3pria para nossos clientes.\",\"breadcrumb\":{\"@id\":\"https:\\\/\\\/antderground.com\\\/pt-br\\\/somos-a-sua-loja-de-mirmecologia\\\/#breadcrumb\"},\"inLanguage\":\"pt-BR\",\"potentialAction\":[{\"@type\":\"ReadAction\",\"target\":[\"https:\\\/\\\/antderground.com\\\/pt-br\\\/somos-a-sua-loja-de-mirmecologia\\\/\"]}]},{\"@type\":\"ImageObject\",\"inLanguage\":\"pt-BR\",\"@id\":\"https:\\\/\\\/antderground.com\\\/pt-br\\\/somos-a-sua-loja-de-mirmecologia\\\/#primaryimage\",\"url\":\"https:\\\/\\\/antderground.com\\\/wp-content\\\/uploads\\\/2019\\\/05\\\/WhatsApp-Image-2019-05-07-at-7.25.58-PM.jpeg\",\"contentUrl\":\"https:\\\/\\\/antderground.com\\\/wp-content\\\/uploads\\\/2019\\\/05\\\/WhatsApp-Image-2019-05-07-at-7.25.58-PM.jpeg\",\"width\":1266,\"height\":674,\"caption\":\"somos tu tienda de hormigueros\"},{\"@type\":\"BreadcrumbList\",\"@id\":\"https:\\\/\\\/antderground.com\\\/pt-br\\\/somos-a-sua-loja-de-mirmecologia\\\/#breadcrumb\",\"itemListElement\":[{\"@type\":\"ListItem\",\"position\":1,\"name\":\"Portada\",\"item\":\"https:\\\/\\\/antderground.com\\\/pt-br\\\/\"},{\"@type\":\"ListItem\",\"position\":2,\"name\":\"Somos a sua loja de mirmecologia\"}]},{\"@type\":\"WebSite\",\"@id\":\"https:\\\/\\\/antderground.com\\\/pt-br\\\/#website\",\"url\":\"https:\\\/\\\/antderground.com\\\/pt-br\\\/\",\"name\":\"ANTDERGROUND\",\"description\":\"Tu tienda de hormigas, gran variedad de hormigueros acr\u00edlicos,madera,arena,3D y mas.. Pide tus hormigas gratis con tu pedido, somos expertos en hormigueros antifugas.\",\"publisher\":{\"@id\":\"https:\\\/\\\/antderground.com\\\/pt-br\\\/#\\\/schema\\\/person\\\/0e322c505e84fe72c65e2f6d08f96b81\"},\"alternateName\":\"Antderground\",\"potentialAction\":[{\"@type\":\"SearchAction\",\"target\":{\"@type\":\"EntryPoint\",\"urlTemplate\":\"https:\\\/\\\/antderground.com\\\/pt-br\\\/?s={search_term_string}\"},\"query-input\":{\"@type\":\"PropertyValueSpecification\",\"valueRequired\":true,\"valueName\":\"search_term_string\"}}],\"inLanguage\":\"pt-BR\"},{\"@type\":[\"Person\",\"Organization\"],\"@id\":\"https:\\\/\\\/antderground.com\\\/pt-br\\\/#\\\/schema\\\/person\\\/0e322c505e84fe72c65e2f6d08f96b81\",\"name\":\"Eric de Antderground\",\"image\":{\"@type\":\"ImageObject\",\"inLanguage\":\"pt-BR\",\"@id\":\"https:\\\/\\\/secure.gravatar.com\\\/avatar\\\/c49a1b9f79216d1498cb73c1e85cd47f4465dda35f2a94c03790d491bd4423c3?s=96&d=mm&r=g\",\"url\":\"https:\\\/\\\/secure.gravatar.com\\\/avatar\\\/c49a1b9f79216d1498cb73c1e85cd47f4465dda35f2a94c03790d491bd4423c3?s=96&d=mm&r=g\",\"contentUrl\":\"https:\\\/\\\/secure.gravatar.com\\\/avatar\\\/c49a1b9f79216d1498cb73c1e85cd47f4465dda35f2a94c03790d491bd4423c3?s=96&d=mm&r=g\",\"caption\":\"Eric de Antderground\"},\"logo\":{\"@id\":\"https:\\\/\\\/secure.gravatar.com\\\/avatar\\\/c49a1b9f79216d1498cb73c1e85cd47f4465dda35f2a94c03790d491bd4423c3?s=96&d=mm&r=g\"},\"description\":\"Eric es el especialista y fundador de Antderground, con una amplia trayectoria en artr\u00f3podos y enfocado en la mirmecolog\u00eda y el dise\u00f1o de hormigueros artificiales. Su enfoque combina la innovaci\u00f3n t\u00e9cnica con el respeto por la biolog\u00eda de las hormigas, is\u00f3podos y otros, desarrollando sistemas de nidos modulares 3D y acr\u00edlicos que son referentes para aficionados y profesionales en toda Europa. Su objetivo es facilitar la cr\u00eda de hormigas y otros artr\u00f3podos mediante soluciones seguras y divulgaci\u00f3n de calidad.\",\"sameAs\":[\"https:\\\/\\\/antderground.com\\\/\",\"https:\\\/\\\/www.youtube.com\\\/channel\\\/UCio72z7TlbufkAthAJIJfPw\"]}]}<\/script>\n<!-- \/ Yoast SEO plugin. -->","yoast_head_json":{"title":"Somos a sua loja de mirmecologia - loja online de formigas","description":"Somos uma empresa jovem de mirmecologia. Loja online de formigueiro. Formigueiros de fabrica\u00e7\u00e3o pr\u00f3pria para nossos clientes.","robots":{"index":"index","follow":"follow","max-snippet":"max-snippet:-1","max-image-preview":"max-image-preview:large","max-video-preview":"max-video-preview:-1"},"canonical":"https:\/\/antderground.com\/pt-br\/somos-a-sua-loja-de-mirmecologia\/","og_locale":"pt_BR","og_type":"article","og_title":"Somos a sua loja de mirmecologia - loja online de formigas","og_description":"Somos uma empresa jovem de mirmecologia. Loja online de formigueiro. Formigueiros de fabrica\u00e7\u00e3o pr\u00f3pria para nossos clientes.","og_url":"https:\/\/antderground.com\/pt-br\/somos-a-sua-loja-de-mirmecologia\/","og_site_name":"ANTDERGROUND","article_modified_time":"2022-02-21T13:43:01+00:00","og_image":[{"width":1266,"height":674,"url":"https:\/\/antderground.com\/wp-content\/uploads\/2019\/05\/WhatsApp-Image-2019-05-07-at-7.25.58-PM.jpeg","type":"image\/jpeg"}],"twitter_card":"summary_large_image","twitter_misc":{"Est. tempo de leitura":"1 minuto"},"schema":{"@context":"https:\/\/schema.org","@graph":[{"@type":"WebPage","@id":"https:\/\/antderground.com\/pt-br\/somos-a-sua-loja-de-mirmecologia\/","url":"https:\/\/antderground.com\/pt-br\/somos-a-sua-loja-de-mirmecologia\/","name":"Somos a sua loja de mirmecologia - loja online de formigas","isPartOf":{"@id":"https:\/\/antderground.com\/pt-br\/#website"},"primaryImageOfPage":{"@id":"https:\/\/antderground.com\/pt-br\/somos-a-sua-loja-de-mirmecologia\/#primaryimage"},"image":{"@id":"https:\/\/antderground.com\/pt-br\/somos-a-sua-loja-de-mirmecologia\/#primaryimage"},"thumbnailUrl":"https:\/\/antderground.com\/wp-content\/uploads\/2019\/05\/WhatsApp-Image-2019-05-07-at-7.25.58-PM.jpeg","datePublished":"2020-03-19T17:30:02+00:00","dateModified":"2022-02-21T13:43:01+00:00","description":"Somos uma empresa jovem de mirmecologia. Loja online de formigueiro. Formigueiros de fabrica\u00e7\u00e3o pr\u00f3pria para nossos clientes.","breadcrumb":{"@id":"https:\/\/antderground.com\/pt-br\/somos-a-sua-loja-de-mirmecologia\/#breadcrumb"},"inLanguage":"pt-BR","potentialAction":[{"@type":"ReadAction","target":["https:\/\/antderground.com\/pt-br\/somos-a-sua-loja-de-mirmecologia\/"]}]},{"@type":"ImageObject","inLanguage":"pt-BR","@id":"https:\/\/antderground.com\/pt-br\/somos-a-sua-loja-de-mirmecologia\/#primaryimage","url":"https:\/\/antderground.com\/wp-content\/uploads\/2019\/05\/WhatsApp-Image-2019-05-07-at-7.25.58-PM.jpeg","contentUrl":"https:\/\/antderground.com\/wp-content\/uploads\/2019\/05\/WhatsApp-Image-2019-05-07-at-7.25.58-PM.jpeg","width":1266,"height":674,"caption":"somos tu tienda de hormigueros"},{"@type":"BreadcrumbList","@id":"https:\/\/antderground.com\/pt-br\/somos-a-sua-loja-de-mirmecologia\/#breadcrumb","itemListElement":[{"@type":"ListItem","position":1,"name":"Portada","item":"https:\/\/antderground.com\/pt-br\/"},{"@type":"ListItem","position":2,"name":"Somos a sua loja de mirmecologia"}]},{"@type":"WebSite","@id":"https:\/\/antderground.com\/pt-br\/#website","url":"https:\/\/antderground.com\/pt-br\/","name":"ANTDERGROUND","description":"Tu tienda de hormigas, gran variedad de hormigueros acr\u00edlicos,madera,arena,3D y mas.. Pide tus hormigas gratis con tu pedido, somos expertos en hormigueros antifugas.","publisher":{"@id":"https:\/\/antderground.com\/pt-br\/#\/schema\/person\/0e322c505e84fe72c65e2f6d08f96b81"},"alternateName":"Antderground","potentialAction":[{"@type":"SearchAction","target":{"@type":"EntryPoint","urlTemplate":"https:\/\/antderground.com\/pt-br\/?s={search_term_string}"},"query-input":{"@type":"PropertyValueSpecification","valueRequired":true,"valueName":"search_term_string"}}],"inLanguage":"pt-BR"},{"@type":["Person","Organization"],"@id":"https:\/\/antderground.com\/pt-br\/#\/schema\/person\/0e322c505e84fe72c65e2f6d08f96b81","name":"Eric de Antderground","image":{"@type":"ImageObject","inLanguage":"pt-BR","@id":"https:\/\/secure.gravatar.com\/avatar\/c49a1b9f79216d1498cb73c1e85cd47f4465dda35f2a94c03790d491bd4423c3?s=96&d=mm&r=g","url":"https:\/\/secure.gravatar.com\/avatar\/c49a1b9f79216d1498cb73c1e85cd47f4465dda35f2a94c03790d491bd4423c3?s=96&d=mm&r=g","contentUrl":"https:\/\/secure.gravatar.com\/avatar\/c49a1b9f79216d1498cb73c1e85cd47f4465dda35f2a94c03790d491bd4423c3?s=96&d=mm&r=g","caption":"Eric de Antderground"},"logo":{"@id":"https:\/\/secure.gravatar.com\/avatar\/c49a1b9f79216d1498cb73c1e85cd47f4465dda35f2a94c03790d491bd4423c3?s=96&d=mm&r=g"},"description":"Eric es el especialista y fundador de Antderground, con una amplia trayectoria en artr\u00f3podos y enfocado en la mirmecolog\u00eda y el dise\u00f1o de hormigueros artificiales. Su enfoque combina la innovaci\u00f3n t\u00e9cnica con el respeto por la biolog\u00eda de las hormigas, is\u00f3podos y otros, desarrollando sistemas de nidos modulares 3D y acr\u00edlicos que son referentes para aficionados y profesionales en toda Europa. Su objetivo es facilitar la cr\u00eda de hormigas y otros artr\u00f3podos mediante soluciones seguras y divulgaci\u00f3n de calidad.","sameAs":["https:\/\/antderground.com\/","https:\/\/www.youtube.com\/channel\/UCio72z7TlbufkAthAJIJfPw"]}]}},"_links":{"self":[{"href":"https:\/\/antderground.com\/pt-br\/wp-json\/wp\/v2\/pages\/18595","targetHints":{"allow":["GET"]}}],"collection":[{"href":"https:\/\/antderground.com\/pt-br\/wp-json\/wp\/v2\/pages"}],"about":[{"href":"https:\/\/antderground.com\/pt-br\/wp-json\/wp\/v2\/types\/page"}],"author":[{"embeddable":true,"href":"https:\/\/antderground.com\/pt-br\/wp-json\/wp\/v2\/users\/1"}],"replies":[{"embeddable":true,"href":"https:\/\/antderground.com\/pt-br\/wp-json\/wp\/v2\/comments?post=18595"}],"version-history":[{"count":0,"href":"https:\/\/antderground.com\/pt-br\/wp-json\/wp\/v2\/pages\/18595\/revisions"}],"wp:featuredmedia":[{"embeddable":true,"href":"https:\/\/antderground.com\/pt-br\/wp-json\/wp\/v2\/media\/18152"}],"wp:attachment":[{"href":"https:\/\/antderground.com\/pt-br\/wp-json\/wp\/v2\/media?parent=18595"}],"curies":[{"name":"wp","href":"https:\/\/api.w.org\/{rel}","templated":true}]}}