{"id":19457,"date":"2019-06-16T08:35:11","date_gmt":"2019-06-16T06:35:11","guid":{"rendered":"https:\/\/www.antderground.com\/aviso-legal\/"},"modified":"2024-01-02T13:15:23","modified_gmt":"2024-01-02T12:15:23","slug":"aviso-legal","status":"publish","type":"page","link":"https:\/\/antderground.com\/pt-br\/aviso-legal\/","title":{"rendered":"Aviso legal"},"content":{"rendered":"<h3>DADOS DE IDENTIFICA\u00c7\u00c3O DO PROPRIET\u00c1RIO DO SITE<\/h3>\n<p>No cumprimento do dever de informa\u00e7\u00e3o estipulado no artigo 10 da Lei 34\/2002 de 11 de julho de Servi\u00e7os da Sociedade da Informa\u00e7\u00e3o e Com\u00e9rcio Eletr\u00f4nico, ERIC LOPEZ FERNANDEZ, com DNI 77745286-L, doravante ANTDERGROUND, como titular do site www .antderground.com, com endere\u00e7o na Carretera de Berga 15, c\u00f3digo postal 08611 a Cal Rosal, Espanha \u2014 Barcelona, \u200b\u200bendere\u00e7o de e-mail antderground@gmail.com, passa a comunicar a presente informa\u00e7\u00e3o que conforma e regula as condi\u00e7\u00f5es de uso neste p\u00e1gina, as limita\u00e7\u00f5es de responsabilidade e as obriga\u00e7\u00f5es que os usu\u00e1rios do site publicado sob o nome de dom\u00ednio www.antderground.com assumem e se comprometem a respeitar.<\/p>\n<h3>CONDI\u00c7\u00d5ES DE USO<\/h3>\n<p>A utiliza\u00e7\u00e3o de www.antderground.com confere a condi\u00e7\u00e3o de utilizador de www.antderground.com, seja pessoa singular ou colectiva e implica necessariamente a aceita\u00e7\u00e3o plena, plena e sem reservas de todas e cada uma das cl\u00e1usulas e condi\u00e7\u00f5es gerais constantes do perceber.<br \/>\nSe o usu\u00e1rio n\u00e3o concordar com as cl\u00e1usulas e condi\u00e7\u00f5es de uso deste aviso legal, ele se abster\u00e1 de usar www.antderground.com.<br \/>\nEste aviso legal est\u00e1 sujeito a altera\u00e7\u00f5es e atualiza\u00e7\u00f5es, pelo que a vers\u00e3o publicada pela ANTDERGROUND poder\u00e1 ser diferente cada vez que o utilizador aceda ao website. Portanto, o usu\u00e1rio deve ler o aviso legal toda vez que acessar www.antderground.com.<\/p>\n<p>Atrav\u00e9s de www.antderground.com, a ANTDERGROUND facilita ao usu\u00e1rio o acesso e utiliza\u00e7\u00e3o de diversos conte\u00fados publicados via Internet pela ANTDERGROUND ou por terceiros autorizados.<\/p>\n<p>O utilizador obriga-se e compromete-se a utilizar www.antderground.com e os Conte\u00fados de acordo com a legisla\u00e7\u00e3o em vigor, o Aviso Legal, e qualquer outro aviso ou instru\u00e7\u00f5es que lhe sejam dados, quer atrav\u00e9s deste aviso legal quer em qualquer outro local dentro os conte\u00fados que comp\u00f5em www.antderground.com, como as regras de conviv\u00eancia, moralidade e bons costumes geralmente aceitos. Para tal, o Utilizador compromete-se e obriga-se a N\u00c3O utilizar nenhum dos conte\u00fados para fins ou efeitos il\u00edcitos, proibidos no aviso legal ou pela legisla\u00e7\u00e3o em vigor, lesivos dos direitos e interesses de terceiros, ou que de qualquer forma possam prejudicar, desabilitar, sobrecarregar, deteriorar ou impedir o uso normal dos conte\u00fados, equipamentos ou documentos inform\u00e1ticos, ficheiros e todo o tipo de conte\u00fados armazenados em quaisquer equipamentos inform\u00e1ticos pertencentes ou contratados pela ANTDERGROUND, outro UTILIZADOR ou qualquer utilizador da Internet (hardware e software).<\/p>\n<p>O Usu\u00e1rio se compromete e concorda em n\u00e3o transmitir, divulgar ou disponibilizar a terceiros qualquer tipo de material contido em www.antderground.com, como informa\u00e7\u00f5es, textos, dados, conte\u00fados, mensagens, gr\u00e1ficos, desenhos, arquivos de som e\/ou imagem , fotografias, grava\u00e7\u00f5es, software, logotipos, marcas registradas, \u00edcones, tecnologia, fotografias, software, links, design gr\u00e1fico e c\u00f3digos-fonte, ou qualquer outro material ao qual voc\u00ea tenha acesso como Usu\u00e1rio de www.antderground.com, sem que esta enumera\u00e7\u00e3o seja limitante. Da mesma forma, de acordo com tudo isso, o Usu\u00e1rio n\u00e3o poder\u00e1:<\/p>\n<ul>\n<li>Reproduzir, copiar, distribuir, disponibilizar ou de qualquer outra forma comunicar publicamente, transformar ou modificar os Conte\u00fados, a menos que tenha a autoriza\u00e7\u00e3o expressa por escrito da ANTDERGROUND, que \u00e9 titular dos direitos correspondentes, ou se isso resultar legalmente permitido<\/li>\n<li>Apagar, manipular ou de qualquer forma alterar os &#8220;direitos autorais&#8221; e outros dados de identifica\u00e7\u00e3o da reserva de direitos da ANTDERGROUND ou seus titulares, impress\u00f5es digitais e\/ou identificadores digitais, marcas d&#8217;\u00e1gua, ou qualquer outro meio t\u00e9cnico estabelecido para seu uso.<\/li>\n<\/ul>\n<p>O Utilizador deve abster-se de obter e mesmo tentar obter os Conte\u00fados utilizando meios ou procedimentos diferentes dos que, consoante o caso, lhe tenham sido disponibilizados para o efeito ou tenham sido indicados para o efeito nas p\u00e1ginas web onde se encontrem. encontrar os Conte\u00fados ou, em geral, aqueles que s\u00e3o comumente usados \u200b\u200bna Internet para esse fim, desde que n\u00e3o impliquem risco de dano ou inutiliza\u00e7\u00e3o de www.antderground.com, e\/ou dos Conte\u00fados.<\/p>\n<h3>PROPRIEDADE INTELECTUAL<\/h3>\n<p>Todas as marcas, nomes comerciais ou sinais distintivos de qualquer tipo que apare\u00e7am em www.antderground.com s\u00e3o propriedade da ANTDERGROUND ou, conforme o caso, de seus respectivos titulares, sem que se entenda que o uso ou acesso ao Portal e \/ou o Conte\u00fado atribui ao Usu\u00e1rio qualquer direito sobre as marcas, nomes comerciais e\/ou sinais distintivos acima mencionados e nenhum dos direitos de explora\u00e7\u00e3o existentes ou que possam existir sobre o referido Conte\u00fado pode ser entendido como transferido ao Usu\u00e1rio. Da mesma forma, os Conte\u00fados s\u00e3o propriedade intelectual da ANTDERGROUND, ou de terceiros, conforme o caso, portanto, os direitos de Propriedade Intelectual s\u00e3o de propriedade da ANTDERGROUND ou de terceiros que autorizaram seu uso, a quem o exerc\u00edcio exclusivo dos direitos de explora\u00e7\u00e3o corresponde do mesmo sob qualquer forma e, especialmente, os direitos de reprodu\u00e7\u00e3o, distribui\u00e7\u00e3o, comunica\u00e7\u00e3o p\u00fablica e transforma\u00e7\u00e3o. A utiliza\u00e7\u00e3o n\u00e3o autorizada da informa\u00e7\u00e3o contida neste website, bem como a viola\u00e7\u00e3o dos direitos de Propriedade Intelectual ou Industrial da ANTDERGROUND ou de terceiros inclu\u00eddos em www.antderground.com que tenham transferido conte\u00fados, dar\u00e3o lugar \u00e0s responsabilidades legalmente estabelecidas.<\/p>\n<h3>DISPONIBILIDADE DE WWW.ANTDERGROUND.COM<\/h3>\n<p>A ANTDERGROUND n\u00e3o garante a aus\u00eancia de interrup\u00e7\u00f5es ou erros no acesso a www.antderground.com, seus conte\u00fados, ou que seja atualizado, embora envidar\u00e1 seus melhores esfor\u00e7os para, se for o caso, evit\u00e1-los, corrigi-los ou atualiz\u00e1-los. Portanto, a ANTDERGROUND n\u00e3o se responsabiliza por danos ou preju\u00edzos de qualquer natureza causados \u200b\u200bao Usu\u00e1rio que sejam causados \u200b\u200bpor falhas ou desconex\u00f5es nas redes de telecomunica\u00e7\u00f5es que causem a suspens\u00e3o, cancelamento ou interrup\u00e7\u00e3o do servi\u00e7o do portal durante sua presta\u00e7\u00e3o ou com car\u00e1ter pr\u00e9vio.<\/p>\n<p>A ANTDERGROUND exclui, com as exce\u00e7\u00f5es previstas na legisla\u00e7\u00e3o em vigor, qualquer responsabilidade por danos de qualquer natureza que possam decorrer da falta de disponibilidade, continuidade ou qualidade do funcionamento de www.antderground.com e dos Conte\u00fados, ao incumprimento de a expectativa de utilidade que o USU\u00c1RIO poderia atribuir a www.antderground.com e aos Conte\u00fados.<\/p>\n<p>A fun\u00e7\u00e3o dos Hiperlinks que aparecem neste Site \u00e9 exclusivamente informar o Usu\u00e1rio sobre a exist\u00eancia de outros Sites que contenham informa\u00e7\u00f5es sobre o assunto. Os referidos Hiperlinks n\u00e3o constituem nenhuma sugest\u00e3o ou recomenda\u00e7\u00e3o.<\/p>\n<p>A ANTDERGROUND n\u00e3o se responsabiliza pelo conte\u00fado das referidas p\u00e1ginas vinculadas, pelo funcionamento ou utilidade dos Hyperlinks ou pelo resultado de tais links, nem garante a aus\u00eancia de v\u00edrus ou outros elementos neles que possam causar altera\u00e7\u00f5es no sistema inform\u00e1tico (hardware e software), documentos ou arquivos do Usu\u00e1rio, excluindo qualquer responsabilidade por danos de qualquer natureza causados \u200b\u200bao Usu\u00e1rio por este motivo.<\/p>\n<p>O acesso a www.antderground.com n\u00e3o implica a obriga\u00e7\u00e3o por parte da ANTDERGROUND de controlar a aus\u00eancia de v\u00edrus, worms ou qualquer outro elemento inform\u00e1tico nocivo. Em qualquer caso, a disponibilidade de ferramentas adequadas para a detec\u00e7\u00e3o e desinfec\u00e7\u00e3o de programas de computador nocivos cabe ao Usu\u00e1rio, portanto, a ANTDERGROUND n\u00e3o se responsabiliza por poss\u00edveis erros de seguran\u00e7a que possam ocorrer durante a disponibiliza\u00e7\u00e3o do site www.antderground.com, nem do eventuais danos que possam ser causados \u200b\u200bao sistema inform\u00e1tico do Utilizador ou de terceiros (hardware e software), aos ficheiros ou documentos nele armazenados, como consequ\u00eancia da presen\u00e7a de v\u00edrus no computador do Utilizador utilizado para a liga\u00e7\u00e3o aos servi\u00e7os e conte\u00fado da Web, mau funcionamento do navegador ou uso de vers\u00f5es n\u00e3o atualizadas do mesmo.<\/p>\n<p>A presta\u00e7\u00e3o do servi\u00e7o de www.antderground.com e dos Conte\u00fados tem, em princ\u00edpio, uma dura\u00e7\u00e3o indefinida. A ANTDERGROUND, no entanto, est\u00e1 autorizada a encerrar ou suspender a presta\u00e7\u00e3o do servi\u00e7o www.antderground.com e\/ou qualquer um dos Conte\u00fados a qualquer momento. Quando isso for razoavelmente poss\u00edvel, a ANTDERGROUND notificar\u00e1 previamente a rescis\u00e3o ou suspens\u00e3o de www.antderground.com.<\/p>\n<h3>QUALIDADE DE WWW.ANTDERGROUND.COM<\/h3>\n<p>Dado o ambiente din\u00e2mico e mut\u00e1vel das informa\u00e7\u00f5es e servi\u00e7os fornecidos atrav\u00e9s de www.antderground.com, a ANTDERGROUND faz o seu melhor, mas n\u00e3o garante a completa veracidade, exatid\u00e3o, confiabilidade, utilidade e\/ou atualidade dos Conte\u00fados. As informa\u00e7\u00f5es contidas nas p\u00e1ginas que comp\u00f5em este Portal s\u00e3o apenas informativas, consultivas, informativas e publicit\u00e1rias. Em nenhum caso oferecem ou t\u00eam car\u00e1ter de compromisso vinculante ou contratual.<\/p>\n<h3>LIMITA\u00c7\u00c3O DE RESPONSABILIDADE<\/h3>\n<p>A ANTDERGROUND exclui toda a responsabilidade pelas decis\u00f5es que o Utilizador possa tomar com base nesta informa\u00e7\u00e3o, bem como por eventuais erros tipogr\u00e1ficos que possam conter os documentos e gr\u00e1ficos de www.antderground.com. As informa\u00e7\u00f5es est\u00e3o sujeitas a poss\u00edveis altera\u00e7\u00f5es peri\u00f3dicas sem pr\u00e9vio aviso de seu conte\u00fado devido \u00e0 amplia\u00e7\u00e3o, melhoria, corre\u00e7\u00e3o ou atualiza\u00e7\u00e3o do Conte\u00fado.<\/p>\n<h3>NOTIFICA\u00c7\u00d5ES<\/h3>\n<p>Todas as notifica\u00e7\u00f5es e comunica\u00e7\u00f5es da ANTDERGROUND ao Usu\u00e1rio feitas por qualquer meio ser\u00e3o consideradas efetivas para todos os efeitos.<\/p>\n<h3>JURISDI\u00c7\u00c3O<\/h3>\n<p>Para quaisquer quest\u00f5es que surjam sobre a interpreta\u00e7\u00e3o, aplica\u00e7\u00e3o e cumprimento do presente Aviso Legal, bem como as reclama\u00e7\u00f5es que possam surgir da sua utiliza\u00e7\u00e3o, todas as partes envolvidas submetem-se aos Ju\u00edzes e Tribunais da prov\u00edncia de Espanha \u2014 Barcelona, \u200b\u200brenunciando expressamente a qualquer outra jurisdi\u00e7\u00e3o que lhes corresponda.<\/p>\n<h3>LEGISLA\u00c7\u00c3O APLIC\u00c1VEL<\/h3>\n<p>Este Aviso Legal \u00e9 regido pelos regulamentos espanh\u00f3is atuais.<\/p>\n","protected":false},"excerpt":{"rendered":"<p>DADOS DE IDENTIFICA\u00c7\u00c3O DO PROPRIET\u00c1RIO DO SITE No cumprimento do dever de informa\u00e7\u00e3o estipulado no artigo 10 da Lei 34\/2002<\/p>\n","protected":false},"author":1,"featured_media":0,"parent":0,"menu_order":0,"comment_status":"closed","ping_status":"closed","template":"","meta":{"footnotes":""},"class_list":["post-19457","page","type-page","status-publish","hentry"],"yoast_head":"<!-- This site is optimized with the Yoast SEO plugin v27.3 - https:\/\/yoast.com\/product\/yoast-seo-wordpress\/ -->\n<title>Aviso legal (pt-br) - ANTDERGROUND<\/title>\n<meta name=\"robots\" content=\"index, follow, max-snippet:-1, max-image-preview:large, max-video-preview:-1\" \/>\n<link rel=\"canonical\" href=\"https:\/\/antderground.com\/pt-br\/aviso-legal\/\" \/>\n<meta property=\"og:locale\" content=\"pt_BR\" \/>\n<meta property=\"og:type\" content=\"article\" \/>\n<meta property=\"og:title\" content=\"Aviso legal (pt-br) - ANTDERGROUND\" \/>\n<meta property=\"og:description\" content=\"DADOS DE IDENTIFICA\u00c7\u00c3O DO PROPRIET\u00c1RIO DO SITE No cumprimento do dever de informa\u00e7\u00e3o estipulado no artigo 10 da Lei 34\/2002\" \/>\n<meta property=\"og:url\" content=\"https:\/\/antderground.com\/pt-br\/aviso-legal\/\" \/>\n<meta property=\"og:site_name\" content=\"ANTDERGROUND\" \/>\n<meta property=\"article:modified_time\" content=\"2024-01-02T12:15:23+00:00\" \/>\n<meta name=\"twitter:card\" content=\"summary_large_image\" \/>\n<meta name=\"twitter:label1\" content=\"Est. tempo de leitura\" \/>\n\t<meta name=\"twitter:data1\" content=\"7 minutos\" \/>\n<script type=\"application\/ld+json\" class=\"yoast-schema-graph\">{\"@context\":\"https:\\\/\\\/schema.org\",\"@graph\":[{\"@type\":\"WebPage\",\"@id\":\"https:\\\/\\\/antderground.com\\\/pt-br\\\/aviso-legal\\\/\",\"url\":\"https:\\\/\\\/antderground.com\\\/pt-br\\\/aviso-legal\\\/\",\"name\":\"Aviso legal (pt-br) - ANTDERGROUND\",\"isPartOf\":{\"@id\":\"https:\\\/\\\/antderground.com\\\/pt-br\\\/#website\"},\"datePublished\":\"2019-06-16T06:35:11+00:00\",\"dateModified\":\"2024-01-02T12:15:23+00:00\",\"breadcrumb\":{\"@id\":\"https:\\\/\\\/antderground.com\\\/pt-br\\\/aviso-legal\\\/#breadcrumb\"},\"inLanguage\":\"pt-BR\",\"potentialAction\":[{\"@type\":\"ReadAction\",\"target\":[\"https:\\\/\\\/antderground.com\\\/pt-br\\\/aviso-legal\\\/\"]}]},{\"@type\":\"BreadcrumbList\",\"@id\":\"https:\\\/\\\/antderground.com\\\/pt-br\\\/aviso-legal\\\/#breadcrumb\",\"itemListElement\":[{\"@type\":\"ListItem\",\"position\":1,\"name\":\"Portada\",\"item\":\"https:\\\/\\\/antderground.com\\\/pt-br\\\/\"},{\"@type\":\"ListItem\",\"position\":2,\"name\":\"Aviso legal\"}]},{\"@type\":\"WebSite\",\"@id\":\"https:\\\/\\\/antderground.com\\\/pt-br\\\/#website\",\"url\":\"https:\\\/\\\/antderground.com\\\/pt-br\\\/\",\"name\":\"ANTDERGROUND\",\"description\":\"Tu tienda de hormigas, gran variedad de hormigueros acr\u00edlicos,madera,arena,3D y mas.. Pide tus hormigas gratis con tu pedido, somos expertos en hormigueros antifugas.\",\"publisher\":{\"@id\":\"https:\\\/\\\/antderground.com\\\/pt-br\\\/#\\\/schema\\\/person\\\/0e322c505e84fe72c65e2f6d08f96b81\"},\"alternateName\":\"Antderground\",\"potentialAction\":[{\"@type\":\"SearchAction\",\"target\":{\"@type\":\"EntryPoint\",\"urlTemplate\":\"https:\\\/\\\/antderground.com\\\/pt-br\\\/?s={search_term_string}\"},\"query-input\":{\"@type\":\"PropertyValueSpecification\",\"valueRequired\":true,\"valueName\":\"search_term_string\"}}],\"inLanguage\":\"pt-BR\"},{\"@type\":[\"Person\",\"Organization\"],\"@id\":\"https:\\\/\\\/antderground.com\\\/pt-br\\\/#\\\/schema\\\/person\\\/0e322c505e84fe72c65e2f6d08f96b81\",\"name\":\"Eric de Antderground\",\"image\":{\"@type\":\"ImageObject\",\"inLanguage\":\"pt-BR\",\"@id\":\"https:\\\/\\\/secure.gravatar.com\\\/avatar\\\/c49a1b9f79216d1498cb73c1e85cd47f4465dda35f2a94c03790d491bd4423c3?s=96&d=mm&r=g\",\"url\":\"https:\\\/\\\/secure.gravatar.com\\\/avatar\\\/c49a1b9f79216d1498cb73c1e85cd47f4465dda35f2a94c03790d491bd4423c3?s=96&d=mm&r=g\",\"contentUrl\":\"https:\\\/\\\/secure.gravatar.com\\\/avatar\\\/c49a1b9f79216d1498cb73c1e85cd47f4465dda35f2a94c03790d491bd4423c3?s=96&d=mm&r=g\",\"caption\":\"Eric de Antderground\"},\"logo\":{\"@id\":\"https:\\\/\\\/secure.gravatar.com\\\/avatar\\\/c49a1b9f79216d1498cb73c1e85cd47f4465dda35f2a94c03790d491bd4423c3?s=96&d=mm&r=g\"},\"description\":\"Eric es el especialista y fundador de Antderground, con una amplia trayectoria en artr\u00f3podos y enfocado en la mirmecolog\u00eda y el dise\u00f1o de hormigueros artificiales. Su enfoque combina la innovaci\u00f3n t\u00e9cnica con el respeto por la biolog\u00eda de las hormigas, is\u00f3podos y otros, desarrollando sistemas de nidos modulares 3D y acr\u00edlicos que son referentes para aficionados y profesionales en toda Europa. Su objetivo es facilitar la cr\u00eda de hormigas y otros artr\u00f3podos mediante soluciones seguras y divulgaci\u00f3n de calidad.\",\"sameAs\":[\"https:\\\/\\\/antderground.com\\\/\",\"https:\\\/\\\/www.youtube.com\\\/channel\\\/UCio72z7TlbufkAthAJIJfPw\"]}]}<\/script>\n<!-- \/ Yoast SEO plugin. -->","yoast_head_json":{"title":"Aviso legal (pt-br) - ANTDERGROUND","robots":{"index":"index","follow":"follow","max-snippet":"max-snippet:-1","max-image-preview":"max-image-preview:large","max-video-preview":"max-video-preview:-1"},"canonical":"https:\/\/antderground.com\/pt-br\/aviso-legal\/","og_locale":"pt_BR","og_type":"article","og_title":"Aviso legal (pt-br) - ANTDERGROUND","og_description":"DADOS DE IDENTIFICA\u00c7\u00c3O DO PROPRIET\u00c1RIO DO SITE No cumprimento do dever de informa\u00e7\u00e3o estipulado no artigo 10 da Lei 34\/2002","og_url":"https:\/\/antderground.com\/pt-br\/aviso-legal\/","og_site_name":"ANTDERGROUND","article_modified_time":"2024-01-02T12:15:23+00:00","twitter_card":"summary_large_image","twitter_misc":{"Est. tempo de leitura":"7 minutos"},"schema":{"@context":"https:\/\/schema.org","@graph":[{"@type":"WebPage","@id":"https:\/\/antderground.com\/pt-br\/aviso-legal\/","url":"https:\/\/antderground.com\/pt-br\/aviso-legal\/","name":"Aviso legal (pt-br) - ANTDERGROUND","isPartOf":{"@id":"https:\/\/antderground.com\/pt-br\/#website"},"datePublished":"2019-06-16T06:35:11+00:00","dateModified":"2024-01-02T12:15:23+00:00","breadcrumb":{"@id":"https:\/\/antderground.com\/pt-br\/aviso-legal\/#breadcrumb"},"inLanguage":"pt-BR","potentialAction":[{"@type":"ReadAction","target":["https:\/\/antderground.com\/pt-br\/aviso-legal\/"]}]},{"@type":"BreadcrumbList","@id":"https:\/\/antderground.com\/pt-br\/aviso-legal\/#breadcrumb","itemListElement":[{"@type":"ListItem","position":1,"name":"Portada","item":"https:\/\/antderground.com\/pt-br\/"},{"@type":"ListItem","position":2,"name":"Aviso legal"}]},{"@type":"WebSite","@id":"https:\/\/antderground.com\/pt-br\/#website","url":"https:\/\/antderground.com\/pt-br\/","name":"ANTDERGROUND","description":"Tu tienda de hormigas, gran variedad de hormigueros acr\u00edlicos,madera,arena,3D y mas.. Pide tus hormigas gratis con tu pedido, somos expertos en hormigueros antifugas.","publisher":{"@id":"https:\/\/antderground.com\/pt-br\/#\/schema\/person\/0e322c505e84fe72c65e2f6d08f96b81"},"alternateName":"Antderground","potentialAction":[{"@type":"SearchAction","target":{"@type":"EntryPoint","urlTemplate":"https:\/\/antderground.com\/pt-br\/?s={search_term_string}"},"query-input":{"@type":"PropertyValueSpecification","valueRequired":true,"valueName":"search_term_string"}}],"inLanguage":"pt-BR"},{"@type":["Person","Organization"],"@id":"https:\/\/antderground.com\/pt-br\/#\/schema\/person\/0e322c505e84fe72c65e2f6d08f96b81","name":"Eric de Antderground","image":{"@type":"ImageObject","inLanguage":"pt-BR","@id":"https:\/\/secure.gravatar.com\/avatar\/c49a1b9f79216d1498cb73c1e85cd47f4465dda35f2a94c03790d491bd4423c3?s=96&d=mm&r=g","url":"https:\/\/secure.gravatar.com\/avatar\/c49a1b9f79216d1498cb73c1e85cd47f4465dda35f2a94c03790d491bd4423c3?s=96&d=mm&r=g","contentUrl":"https:\/\/secure.gravatar.com\/avatar\/c49a1b9f79216d1498cb73c1e85cd47f4465dda35f2a94c03790d491bd4423c3?s=96&d=mm&r=g","caption":"Eric de Antderground"},"logo":{"@id":"https:\/\/secure.gravatar.com\/avatar\/c49a1b9f79216d1498cb73c1e85cd47f4465dda35f2a94c03790d491bd4423c3?s=96&d=mm&r=g"},"description":"Eric es el especialista y fundador de Antderground, con una amplia trayectoria en artr\u00f3podos y enfocado en la mirmecolog\u00eda y el dise\u00f1o de hormigueros artificiales. Su enfoque combina la innovaci\u00f3n t\u00e9cnica con el respeto por la biolog\u00eda de las hormigas, is\u00f3podos y otros, desarrollando sistemas de nidos modulares 3D y acr\u00edlicos que son referentes para aficionados y profesionales en toda Europa. Su objetivo es facilitar la cr\u00eda de hormigas y otros artr\u00f3podos mediante soluciones seguras y divulgaci\u00f3n de calidad.","sameAs":["https:\/\/antderground.com\/","https:\/\/www.youtube.com\/channel\/UCio72z7TlbufkAthAJIJfPw"]}]}},"_links":{"self":[{"href":"https:\/\/antderground.com\/pt-br\/wp-json\/wp\/v2\/pages\/19457","targetHints":{"allow":["GET"]}}],"collection":[{"href":"https:\/\/antderground.com\/pt-br\/wp-json\/wp\/v2\/pages"}],"about":[{"href":"https:\/\/antderground.com\/pt-br\/wp-json\/wp\/v2\/types\/page"}],"author":[{"embeddable":true,"href":"https:\/\/antderground.com\/pt-br\/wp-json\/wp\/v2\/users\/1"}],"replies":[{"embeddable":true,"href":"https:\/\/antderground.com\/pt-br\/wp-json\/wp\/v2\/comments?post=19457"}],"version-history":[{"count":0,"href":"https:\/\/antderground.com\/pt-br\/wp-json\/wp\/v2\/pages\/19457\/revisions"}],"wp:attachment":[{"href":"https:\/\/antderground.com\/pt-br\/wp-json\/wp\/v2\/media?parent=19457"}],"curies":[{"name":"wp","href":"https:\/\/api.w.org\/{rel}","templated":true}]}}