{"id":19484,"date":"2019-06-16T08:35:11","date_gmt":"2019-06-16T06:35:11","guid":{"rendered":"https:\/\/www.antderground.com\/cookies\/"},"modified":"2024-01-02T12:45:08","modified_gmt":"2024-01-02T11:45:08","slug":"cookies","status":"publish","type":"page","link":"https:\/\/antderground.com\/pt-br\/cookies\/","title":{"rendered":"Pol\u00edtica de cookies"},"content":{"rendered":"\n<p><strong>Este site usa cookies<br><\/strong>Em conformidade com a Lei 34\/2002 de 11 de julho de Servi\u00e7os da Sociedade da Informa\u00e7\u00e3o e Com\u00e9rcio Eletr\u00f4nico (LSSICE), informamos que este site da ANTDERGROUND usa cookies.<\/p>\n\n\n\n<p>O LSSICE aplica-se a qualquer tipo de arquivo ou dispositivo que seja descarregado no equipamento terminal de um usu\u00e1rio para armazenar dados que possam ser atualizados e recuperados pela entidade respons\u00e1vel por sua instala\u00e7\u00e3o. Um cookie \u00e9 um daqueles arquivos amplamente usados \u200b\u200bque chamaremos genericamente de cookies.<\/p>\n\n\n\n<p>Cookies (em espanhol, cookies) s\u00e3o pequenos arquivos de texto enviados a um navegador a partir de um servidor web para registrar a atividade do usu\u00e1rio em um site para que essas informa\u00e7\u00f5es possam ser recuperadas posteriormente durante a navega\u00e7\u00e3o nas diferentes p\u00e1ginas que est\u00e3o conectadas ao servidor que os instalou.<\/p>\n\n\n\n<p>Os cookies geralmente armazenam informa\u00e7\u00f5es de natureza t\u00e9cnica, prefer\u00eancias pessoais, personaliza\u00e7\u00e3o de conte\u00fado, estat\u00edsticas de uso, links para redes sociais, acesso a contas de usu\u00e1rios, etc.<\/p>\n\n\n\n<p><strong>Tipos de cookies.<br><\/strong>Em seguida, \u00e9 feita uma classifica\u00e7\u00e3o dos cookies com base em uma s\u00e9rie de categorias. No entanto, \u00e9 necess\u00e1rio levar em considera\u00e7\u00e3o que o mesmo cookie pode ser inclu\u00eddo em mais de uma categoria.<\/p>\n\n\n\n<p><strong>De acordo com a entidade que os gere.<br><\/strong>Cookies pr\u00f3prios: S\u00e3o aqueles que s\u00e3o enviados ao equipamento terminal do utilizador a partir de um computador ou dom\u00ednio gerido pelo pr\u00f3prio editor e desde o qual \u00e9 prestado o servi\u00e7o solicitado pelo utilizador.<br>Cookies de terceiros: S\u00e3o aqueles que s\u00e3o enviados ao equipamento terminal do usu\u00e1rio a partir de um computador ou dom\u00ednio que n\u00e3o \u00e9 gerenciado pelo editor, mas por outra entidade que processa os dados obtidos por meio de cookies.<br>Caso os cookies sejam instalados a partir de um computador ou dom\u00ednio gerenciado pelo pr\u00f3prio editor, mas as informa\u00e7\u00f5es coletadas por meio deles sejam gerenciadas por terceiros, eles n\u00e3o s\u00e3o considerados cookies propriet\u00e1rios.<\/p>\n\n\n\n<p><strong>De acordo com seu prop\u00f3sito<br><\/strong>Dependendo da finalidade para a qual os dados obtidos atrav\u00e9s dos cookies s\u00e3o processados, podemos distinguir entre:<\/p>\n\n\n\n<p>Cookies t\u00e9cnicos: S\u00e3o aqueles que permitem ao utilizador navegar atrav\u00e9s de uma p\u00e1gina web, plataforma ou aplica\u00e7\u00e3o e utilizar as diferentes op\u00e7\u00f5es ou servi\u00e7os nela existentes, como, por exemplo, controlar o tr\u00e1fego e comunica\u00e7\u00e3o de dados, identificar a sess\u00e3o, acesso restrito acessar pe\u00e7as, lembrar os elementos que comp\u00f5em um pedido, realizar o processo de compra de um pedido, fazer a solicita\u00e7\u00e3o de inscri\u00e7\u00e3o ou participa\u00e7\u00e3o em um evento, utilizar elementos de seguran\u00e7a durante a navega\u00e7\u00e3o, armazenar conte\u00fado para divulga\u00e7\u00e3o de v\u00eddeos ou som ou compartilhar conte\u00fado por meio de redes sociais redes.<\/p>\n\n\n\n<p>Cookies de personaliza\u00e7\u00e3o: S\u00e3o aqueles que permitem ao usu\u00e1rio acessar o servi\u00e7o com algumas caracter\u00edsticas gerais pr\u00e9-definidas com base em uma s\u00e9rie de crit\u00e9rios no terminal do usu\u00e1rio, como o idioma, o tipo de navegador atrav\u00e9s do qual o usu\u00e1rio acessa o servi\u00e7o. configura\u00e7\u00e3o de onde voc\u00ea acessa o servi\u00e7o, etc.<\/p>\n\n\n\n<p>Cookies de an\u00e1lise: S\u00e3o aqueles que permitem ao respons\u00e1vel por eles monitorar e analisar o comportamento dos usu\u00e1rios dos sites aos quais est\u00e3o vinculados. A informa\u00e7\u00e3o recolhida atrav\u00e9s deste tipo de cookie \u00e9 utilizada para medir a atividade dos websites, aplica\u00e7\u00f5es ou plataformas e para criar perfis de navega\u00e7\u00e3o dos utilizadores dos referidos sites, aplica\u00e7\u00f5es e plataformas, de forma a introduzir melhorias em fun\u00e7\u00e3o da an\u00e1lise da utiliza\u00e7\u00e3o dados feitos pelos usu\u00e1rios do servi\u00e7o.<\/p>\n\n\n\n<p>Cookies de publicidade: S\u00e3o aqueles que permitem a gest\u00e3o, da forma mais eficiente poss\u00edvel, dos espa\u00e7os publicit\u00e1rios que, se for caso disso, o editor tenha inclu\u00eddo numa p\u00e1gina web, aplica\u00e7\u00e3o ou plataforma a partir da qual \u00e9 prestado o servi\u00e7o solicitado com base em crit\u00e9rios como como conte\u00fado editado ou com que frequ\u00eancia os an\u00fancios s\u00e3o exibidos.<\/p>\n\n\n\n<p>Cookies de publicidade comportamental: S\u00e3o aqueles que permitem a gest\u00e3o, da forma mais eficiente poss\u00edvel, dos espa\u00e7os publicit\u00e1rios que, se for o caso, o editor tenha inclu\u00eddo numa p\u00e1gina web, aplica\u00e7\u00e3o ou plataforma a partir da qual \u00e9 prestado o servi\u00e7o solicitado. Esses cookies armazenam informa\u00e7\u00f5es sobre o comportamento dos usu\u00e1rios obtidas atrav\u00e9s da observa\u00e7\u00e3o cont\u00ednua de seus h\u00e1bitos de navega\u00e7\u00e3o, o que permite o desenvolvimento de um perfil espec\u00edfico para exibir publicidade com base nele.<\/p>\n\n\n\n<p><strong>Como desativar os cookies nos principais navegadores da web<br><\/strong>Para configurar a utiliza\u00e7\u00e3o de cookies, siga as instru\u00e7\u00f5es correspondentes ao seu navegador ou consulte a sua ajuda:<\/p>\n\n\n\n<ul class=\"wp-block-list\">\n<li><a href=\"https:\/\/support.apple.com\/es-es\/HT201265\">Safari<\/a><\/li>\n\n\n\n<li><a href=\"https:\/\/support.mozilla.org\/es\/kb\/habilitar-y-deshabilitar-cookies-sitios-web-rastrear-preferencias?redirectlocale=es&amp;redirectslug=habilitar-y-deshabilitar-cookies-que-los-sitios-we\">Firefox<\/a><\/li>\n\n\n\n<li><a href=\"https:\/\/support.google.com\/chrome\/answer\/95647?hl=es-es\">Chrome<\/a><\/li>\n\n\n\n<li><a href=\"https:\/\/www.opera.com\/help\/tutorials\/security\/privacy\/\">\u00d3pera<\/a><\/li>\n\n\n\n<li><a href=\"https:\/\/support.microsoft.com\/es-es\/help\/17442\/windows-internet-explorer-delete-manage-cookies\">Internet Explorer<\/a><\/li>\n\n\n\n<li><a href=\"https:\/\/privacy.microsoft.com\/es-es\/windows-10-microsoft-edge-and-privacy\">Edge<\/a><\/li>\n<\/ul>\n\n\n\n<p><strong>O que acontece se os cookies n\u00e3o forem aceitos<br><\/strong>A rejei\u00e7\u00e3o de cookies pode impedir o acesso a conte\u00fados e servi\u00e7os personalizados.<\/p>\n\n\n\n<p><strong>Atualiza\u00e7\u00f5es e modifica\u00e7\u00f5es na pol\u00edtica de cookies<br><\/strong>A ANTDERGROUND pode modificar esta pol\u00edtica de cookies com base em requisitos legislativos e regulamentares, a fim de adaptar essa pol\u00edtica \u00e0s instru\u00e7\u00f5es emitidas pela Ag\u00eancia Espanhola de Prote\u00e7\u00e3o de Dados, por motivos t\u00e9cnicos ou reorganiza\u00e7\u00e3o da web; por isso aconselhamos a visit\u00e1-lo periodicamente.<\/p>\n\n\n\n<p><strong>Contato<br><\/strong>Para resolver qualquer d\u00favida sobre como usamos cookies, escreva-nos para o endere\u00e7o de e-mail: antderground@gmail.com.<\/p>\n","protected":false},"excerpt":{"rendered":"<p>Este site usa cookiesEm conformidade com a Lei 34\/2002 de 11 de julho de Servi\u00e7os da Sociedade da Informa\u00e7\u00e3o e<\/p>\n","protected":false},"author":1,"featured_media":0,"parent":0,"menu_order":0,"comment_status":"closed","ping_status":"closed","template":"","meta":{"footnotes":""},"class_list":["post-19484","page","type-page","status-publish","hentry"],"yoast_head":"<!-- This site is optimized with the Yoast SEO plugin v27.3 - https:\/\/yoast.com\/product\/yoast-seo-wordpress\/ -->\n<title>Pol\u00edtica de cookies (pt-br) - ANTDERGROUND<\/title>\n<meta name=\"robots\" content=\"index, follow, max-snippet:-1, max-image-preview:large, max-video-preview:-1\" \/>\n<link rel=\"canonical\" href=\"https:\/\/antderground.com\/pt-br\/cookies\/\" \/>\n<meta property=\"og:locale\" content=\"pt_BR\" \/>\n<meta property=\"og:type\" content=\"article\" \/>\n<meta property=\"og:title\" content=\"Pol\u00edtica de cookies (pt-br) - ANTDERGROUND\" \/>\n<meta property=\"og:description\" content=\"Este site usa cookiesEm conformidade com a Lei 34\/2002 de 11 de julho de Servi\u00e7os da Sociedade da Informa\u00e7\u00e3o e\" \/>\n<meta property=\"og:url\" content=\"https:\/\/antderground.com\/pt-br\/cookies\/\" \/>\n<meta property=\"og:site_name\" content=\"ANTDERGROUND\" \/>\n<meta property=\"article:modified_time\" content=\"2024-01-02T11:45:08+00:00\" \/>\n<meta name=\"twitter:card\" content=\"summary_large_image\" \/>\n<meta name=\"twitter:label1\" content=\"Est. tempo de leitura\" \/>\n\t<meta name=\"twitter:data1\" content=\"4 minutos\" \/>\n<script type=\"application\/ld+json\" class=\"yoast-schema-graph\">{\"@context\":\"https:\\\/\\\/schema.org\",\"@graph\":[{\"@type\":\"WebPage\",\"@id\":\"https:\\\/\\\/antderground.com\\\/pt-br\\\/cookies\\\/\",\"url\":\"https:\\\/\\\/antderground.com\\\/pt-br\\\/cookies\\\/\",\"name\":\"Pol\u00edtica de cookies (pt-br) - ANTDERGROUND\",\"isPartOf\":{\"@id\":\"https:\\\/\\\/antderground.com\\\/pt-br\\\/#website\"},\"datePublished\":\"2019-06-16T06:35:11+00:00\",\"dateModified\":\"2024-01-02T11:45:08+00:00\",\"breadcrumb\":{\"@id\":\"https:\\\/\\\/antderground.com\\\/pt-br\\\/cookies\\\/#breadcrumb\"},\"inLanguage\":\"pt-BR\",\"potentialAction\":[{\"@type\":\"ReadAction\",\"target\":[\"https:\\\/\\\/antderground.com\\\/pt-br\\\/cookies\\\/\"]}]},{\"@type\":\"BreadcrumbList\",\"@id\":\"https:\\\/\\\/antderground.com\\\/pt-br\\\/cookies\\\/#breadcrumb\",\"itemListElement\":[{\"@type\":\"ListItem\",\"position\":1,\"name\":\"Portada\",\"item\":\"https:\\\/\\\/antderground.com\\\/pt-br\\\/\"},{\"@type\":\"ListItem\",\"position\":2,\"name\":\"Pol\u00edtica de cookies\"}]},{\"@type\":\"WebSite\",\"@id\":\"https:\\\/\\\/antderground.com\\\/pt-br\\\/#website\",\"url\":\"https:\\\/\\\/antderground.com\\\/pt-br\\\/\",\"name\":\"ANTDERGROUND\",\"description\":\"Tu tienda de hormigas, gran variedad de hormigueros acr\u00edlicos,madera,arena,3D y mas.. Pide tus hormigas gratis con tu pedido, somos expertos en hormigueros antifugas.\",\"publisher\":{\"@id\":\"https:\\\/\\\/antderground.com\\\/pt-br\\\/#\\\/schema\\\/person\\\/0e322c505e84fe72c65e2f6d08f96b81\"},\"alternateName\":\"Antderground\",\"potentialAction\":[{\"@type\":\"SearchAction\",\"target\":{\"@type\":\"EntryPoint\",\"urlTemplate\":\"https:\\\/\\\/antderground.com\\\/pt-br\\\/?s={search_term_string}\"},\"query-input\":{\"@type\":\"PropertyValueSpecification\",\"valueRequired\":true,\"valueName\":\"search_term_string\"}}],\"inLanguage\":\"pt-BR\"},{\"@type\":[\"Person\",\"Organization\"],\"@id\":\"https:\\\/\\\/antderground.com\\\/pt-br\\\/#\\\/schema\\\/person\\\/0e322c505e84fe72c65e2f6d08f96b81\",\"name\":\"Eric de Antderground\",\"image\":{\"@type\":\"ImageObject\",\"inLanguage\":\"pt-BR\",\"@id\":\"https:\\\/\\\/secure.gravatar.com\\\/avatar\\\/c49a1b9f79216d1498cb73c1e85cd47f4465dda35f2a94c03790d491bd4423c3?s=96&d=mm&r=g\",\"url\":\"https:\\\/\\\/secure.gravatar.com\\\/avatar\\\/c49a1b9f79216d1498cb73c1e85cd47f4465dda35f2a94c03790d491bd4423c3?s=96&d=mm&r=g\",\"contentUrl\":\"https:\\\/\\\/secure.gravatar.com\\\/avatar\\\/c49a1b9f79216d1498cb73c1e85cd47f4465dda35f2a94c03790d491bd4423c3?s=96&d=mm&r=g\",\"caption\":\"Eric de Antderground\"},\"logo\":{\"@id\":\"https:\\\/\\\/secure.gravatar.com\\\/avatar\\\/c49a1b9f79216d1498cb73c1e85cd47f4465dda35f2a94c03790d491bd4423c3?s=96&d=mm&r=g\"},\"description\":\"Eric es el especialista y fundador de Antderground, con una amplia trayectoria en artr\u00f3podos y enfocado en la mirmecolog\u00eda y el dise\u00f1o de hormigueros artificiales. Su enfoque combina la innovaci\u00f3n t\u00e9cnica con el respeto por la biolog\u00eda de las hormigas, is\u00f3podos y otros, desarrollando sistemas de nidos modulares 3D y acr\u00edlicos que son referentes para aficionados y profesionales en toda Europa. Su objetivo es facilitar la cr\u00eda de hormigas y otros artr\u00f3podos mediante soluciones seguras y divulgaci\u00f3n de calidad.\",\"sameAs\":[\"https:\\\/\\\/antderground.com\\\/\",\"https:\\\/\\\/www.youtube.com\\\/channel\\\/UCio72z7TlbufkAthAJIJfPw\"]}]}<\/script>\n<!-- \/ Yoast SEO plugin. -->","yoast_head_json":{"title":"Pol\u00edtica de cookies (pt-br) - ANTDERGROUND","robots":{"index":"index","follow":"follow","max-snippet":"max-snippet:-1","max-image-preview":"max-image-preview:large","max-video-preview":"max-video-preview:-1"},"canonical":"https:\/\/antderground.com\/pt-br\/cookies\/","og_locale":"pt_BR","og_type":"article","og_title":"Pol\u00edtica de cookies (pt-br) - ANTDERGROUND","og_description":"Este site usa cookiesEm conformidade com a Lei 34\/2002 de 11 de julho de Servi\u00e7os da Sociedade da Informa\u00e7\u00e3o e","og_url":"https:\/\/antderground.com\/pt-br\/cookies\/","og_site_name":"ANTDERGROUND","article_modified_time":"2024-01-02T11:45:08+00:00","twitter_card":"summary_large_image","twitter_misc":{"Est. tempo de leitura":"4 minutos"},"schema":{"@context":"https:\/\/schema.org","@graph":[{"@type":"WebPage","@id":"https:\/\/antderground.com\/pt-br\/cookies\/","url":"https:\/\/antderground.com\/pt-br\/cookies\/","name":"Pol\u00edtica de cookies (pt-br) - ANTDERGROUND","isPartOf":{"@id":"https:\/\/antderground.com\/pt-br\/#website"},"datePublished":"2019-06-16T06:35:11+00:00","dateModified":"2024-01-02T11:45:08+00:00","breadcrumb":{"@id":"https:\/\/antderground.com\/pt-br\/cookies\/#breadcrumb"},"inLanguage":"pt-BR","potentialAction":[{"@type":"ReadAction","target":["https:\/\/antderground.com\/pt-br\/cookies\/"]}]},{"@type":"BreadcrumbList","@id":"https:\/\/antderground.com\/pt-br\/cookies\/#breadcrumb","itemListElement":[{"@type":"ListItem","position":1,"name":"Portada","item":"https:\/\/antderground.com\/pt-br\/"},{"@type":"ListItem","position":2,"name":"Pol\u00edtica de cookies"}]},{"@type":"WebSite","@id":"https:\/\/antderground.com\/pt-br\/#website","url":"https:\/\/antderground.com\/pt-br\/","name":"ANTDERGROUND","description":"Tu tienda de hormigas, gran variedad de hormigueros acr\u00edlicos,madera,arena,3D y mas.. Pide tus hormigas gratis con tu pedido, somos expertos en hormigueros antifugas.","publisher":{"@id":"https:\/\/antderground.com\/pt-br\/#\/schema\/person\/0e322c505e84fe72c65e2f6d08f96b81"},"alternateName":"Antderground","potentialAction":[{"@type":"SearchAction","target":{"@type":"EntryPoint","urlTemplate":"https:\/\/antderground.com\/pt-br\/?s={search_term_string}"},"query-input":{"@type":"PropertyValueSpecification","valueRequired":true,"valueName":"search_term_string"}}],"inLanguage":"pt-BR"},{"@type":["Person","Organization"],"@id":"https:\/\/antderground.com\/pt-br\/#\/schema\/person\/0e322c505e84fe72c65e2f6d08f96b81","name":"Eric de Antderground","image":{"@type":"ImageObject","inLanguage":"pt-BR","@id":"https:\/\/secure.gravatar.com\/avatar\/c49a1b9f79216d1498cb73c1e85cd47f4465dda35f2a94c03790d491bd4423c3?s=96&d=mm&r=g","url":"https:\/\/secure.gravatar.com\/avatar\/c49a1b9f79216d1498cb73c1e85cd47f4465dda35f2a94c03790d491bd4423c3?s=96&d=mm&r=g","contentUrl":"https:\/\/secure.gravatar.com\/avatar\/c49a1b9f79216d1498cb73c1e85cd47f4465dda35f2a94c03790d491bd4423c3?s=96&d=mm&r=g","caption":"Eric de Antderground"},"logo":{"@id":"https:\/\/secure.gravatar.com\/avatar\/c49a1b9f79216d1498cb73c1e85cd47f4465dda35f2a94c03790d491bd4423c3?s=96&d=mm&r=g"},"description":"Eric es el especialista y fundador de Antderground, con una amplia trayectoria en artr\u00f3podos y enfocado en la mirmecolog\u00eda y el dise\u00f1o de hormigueros artificiales. Su enfoque combina la innovaci\u00f3n t\u00e9cnica con el respeto por la biolog\u00eda de las hormigas, is\u00f3podos y otros, desarrollando sistemas de nidos modulares 3D y acr\u00edlicos que son referentes para aficionados y profesionales en toda Europa. Su objetivo es facilitar la cr\u00eda de hormigas y otros artr\u00f3podos mediante soluciones seguras y divulgaci\u00f3n de calidad.","sameAs":["https:\/\/antderground.com\/","https:\/\/www.youtube.com\/channel\/UCio72z7TlbufkAthAJIJfPw"]}]}},"_links":{"self":[{"href":"https:\/\/antderground.com\/pt-br\/wp-json\/wp\/v2\/pages\/19484","targetHints":{"allow":["GET"]}}],"collection":[{"href":"https:\/\/antderground.com\/pt-br\/wp-json\/wp\/v2\/pages"}],"about":[{"href":"https:\/\/antderground.com\/pt-br\/wp-json\/wp\/v2\/types\/page"}],"author":[{"embeddable":true,"href":"https:\/\/antderground.com\/pt-br\/wp-json\/wp\/v2\/users\/1"}],"replies":[{"embeddable":true,"href":"https:\/\/antderground.com\/pt-br\/wp-json\/wp\/v2\/comments?post=19484"}],"version-history":[{"count":0,"href":"https:\/\/antderground.com\/pt-br\/wp-json\/wp\/v2\/pages\/19484\/revisions"}],"wp:attachment":[{"href":"https:\/\/antderground.com\/pt-br\/wp-json\/wp\/v2\/media?parent=19484"}],"curies":[{"name":"wp","href":"https:\/\/api.w.org\/{rel}","templated":true}]}}