{"id":19488,"date":"2019-06-16T08:35:11","date_gmt":"2019-06-16T06:35:11","guid":{"rendered":"https:\/\/www.antderground.com\/politica-de-privacidad\/"},"modified":"2022-03-11T23:35:46","modified_gmt":"2022-03-11T22:35:46","slug":"politica-de-privacidade","status":"publish","type":"page","link":"https:\/\/antderground.com\/pt-br\/politica-de-privacidade\/","title":{"rendered":"Pol\u00edtica de privacidade"},"content":{"rendered":"\n<p><strong>INTRODU\u00c7\u00c3O<br><\/strong>Em (ANTDERGROUND), cientes das necessidades dos internautas e cientes da import\u00e2ncia de uma rigorosa privacidade das informa\u00e7\u00f5es pessoais que nos s\u00e3o confiadas, inclu\u00edmos esta declara\u00e7\u00e3o de privacidade para que tenha conhecimento da pol\u00edtica no tratamento dos dados.<\/p>\n\n\n\n<p>Como usu\u00e1rio, voc\u00ea aceita estas condi\u00e7\u00f5es pelo simples fato de ler, visualizar ou navegar no site. Se voc\u00ea n\u00e3o os aceitar, dever\u00e1 sair do site, sem fazer nenhum uso dele e de seu conte\u00fado, e sem acessar as p\u00e1ginas vinculadas.<\/p>\n\n\n\n<p><strong>RESPONS\u00c1VEL PELO PROCESSAMENTO DE DADOS<br><\/strong>O propriet\u00e1rio do site e respons\u00e1vel pelo tratamento de dados \u00e9 ERIC LOPEZ FERNANDEZ, com DNI 77745286-L, para entrar em contato pode usar o endere\u00e7o de e-mail antderground@gmail.com ou correio postal para Carretera de Berga 15, c\u00f3digo postal 08611 de Cal Rosal , Barcelona, \u200b\u200bEspanha.<\/p>\n\n\n\n<p><strong>FINALIDADE DO PROCESSAMENTO DE DADOS<br><\/strong>Em nossos sites, existem se\u00e7\u00f5es espec\u00edficas onde voc\u00ea pode inserir seus dados para receber informa\u00e7\u00f5es sobre atualiza\u00e7\u00f5es em nosso site e alguns dos programas que s\u00e3o distribu\u00eddos. Asseguramos-lhe que a informa\u00e7\u00e3o que nos fornecer ser\u00e1 gerida de forma totalmente confidencial.<\/p>\n\n\n\n<p>Formul\u00e1rio de contato: Mantenha contato com voc\u00ea ou outras a\u00e7\u00f5es obrigat\u00f3rias.<\/p>\n\n\n\n<p>Os dados ser\u00e3o armazenados enquanto houver previs\u00e3o de sua utiliza\u00e7\u00e3o para a finalidade para a qual foram coletados.<\/p>\n\n\n\n<p>Nenhuma tomada de decis\u00e3o automatizada \u00e9 realizada com seus dados.<\/p>\n\n\n\n<p>O site pode usar cookies, consulte nossa pol\u00edtica de cookies.<\/p>\n\n\n\n<p><strong>LEGITIMA\u00c7\u00c3O DO PROCESSAMENTO DE DADOS<br><\/strong>O uso dos seus dados \u00e9 feito porque voc\u00ea nos d\u00e1 o seu consentimento para usar os dados que voc\u00ea nos fornece nos formul\u00e1rios para um uso espec\u00edfico que \u00e9 indicado em cada um deles. Seus dados s\u00e3o necess\u00e1rios apenas para os usos espec\u00edficos para os quais s\u00e3o solicitados, se voc\u00ea n\u00e3o os fornecer, esses servi\u00e7os n\u00e3o ser\u00e3o poss\u00edveis.<\/p>\n\n\n\n<p><strong>TRANSFER\u00caNCIAS E CESS\u00d5ES DE DADOS<br><\/strong>H\u00e1 um firme compromisso de nossa parte de que os dados que voc\u00ea fornecer \u00e0 ANTDERGROUND n\u00e3o ser\u00e3o vendidos ou cedidos a terceiros sem o consentimento pr\u00e9vio do interessado sob qualquer conceito ou circunst\u00e2ncia, exceto por consentimento expresso ou obriga\u00e7\u00e3o legal.<\/p>\n\n\n\n<p>Nosso site cont\u00e9m links para sites de terceiros. A ANTDERGROUND n\u00e3o \u00e9 respons\u00e1vel pelas pol\u00edticas e pr\u00e1ticas de privacidade desses outros sites.<\/p>\n\n\n\n<p><strong>DIREITOS DAS PARTES INTERESSADAS<br><\/strong>Voc\u00ea tem o direito de acessar as informa\u00e7\u00f5es sobre voc\u00ea que est\u00e3o armazenadas em nossos bancos de dados, retific\u00e1-las se houver algum erro, exclu\u00ed-las, limit\u00e1-las, opor-se ao seu tratamento e retirar seu consentimento se assim o desejar. Para fazer isso, basta escrever um e-mail para o endere\u00e7o de e-mail antderground@gmail.com, onde teremos o prazer de ajud\u00e1-lo com qualquer consulta, coment\u00e1rio ou esclarecimento necess\u00e1rio a esse respeito.<\/p>\n\n\n\n<p>Para mais informa\u00e7\u00f5es sobre temas relacionados, o site de refer\u00eancia na Rede Espanhola \u00e9 a Ag\u00eancia de Prote\u00e7\u00e3o de Dados, onde voc\u00ea tem o direito de reclamar.<\/p>\n","protected":false},"excerpt":{"rendered":"<p>INTRODU\u00c7\u00c3OEm (ANTDERGROUND), cientes das necessidades dos internautas e cientes da import\u00e2ncia de uma rigorosa privacidade das informa\u00e7\u00f5es pessoais que nos<\/p>\n","protected":false},"author":1,"featured_media":0,"parent":0,"menu_order":0,"comment_status":"closed","ping_status":"closed","template":"","meta":{"footnotes":""},"class_list":["post-19488","page","type-page","status-publish","hentry"],"yoast_head":"<!-- This site is optimized with the Yoast SEO plugin v27.3 - https:\/\/yoast.com\/product\/yoast-seo-wordpress\/ -->\n<title>Pol\u00edtica de privacidade - ANTDERGROUND<\/title>\n<meta name=\"robots\" content=\"index, follow, max-snippet:-1, max-image-preview:large, max-video-preview:-1\" \/>\n<link rel=\"canonical\" href=\"https:\/\/antderground.com\/pt-br\/politica-de-privacidade\/\" \/>\n<meta property=\"og:locale\" content=\"pt_BR\" \/>\n<meta property=\"og:type\" content=\"article\" \/>\n<meta property=\"og:title\" content=\"Pol\u00edtica de privacidade - ANTDERGROUND\" \/>\n<meta property=\"og:description\" content=\"INTRODU\u00c7\u00c3OEm (ANTDERGROUND), cientes das necessidades dos internautas e cientes da import\u00e2ncia de uma rigorosa privacidade das informa\u00e7\u00f5es pessoais que nos\" \/>\n<meta property=\"og:url\" content=\"https:\/\/antderground.com\/pt-br\/politica-de-privacidade\/\" \/>\n<meta property=\"og:site_name\" content=\"ANTDERGROUND\" \/>\n<meta property=\"article:modified_time\" content=\"2022-03-11T22:35:46+00:00\" \/>\n<meta name=\"twitter:card\" content=\"summary_large_image\" \/>\n<meta name=\"twitter:label1\" content=\"Est. tempo de leitura\" \/>\n\t<meta name=\"twitter:data1\" content=\"3 minutos\" \/>\n<script type=\"application\/ld+json\" class=\"yoast-schema-graph\">{\"@context\":\"https:\\\/\\\/schema.org\",\"@graph\":[{\"@type\":\"WebPage\",\"@id\":\"https:\\\/\\\/antderground.com\\\/pt-br\\\/politica-de-privacidade\\\/\",\"url\":\"https:\\\/\\\/antderground.com\\\/pt-br\\\/politica-de-privacidade\\\/\",\"name\":\"Pol\u00edtica de privacidade - ANTDERGROUND\",\"isPartOf\":{\"@id\":\"https:\\\/\\\/antderground.com\\\/pt-br\\\/#website\"},\"datePublished\":\"2019-06-16T06:35:11+00:00\",\"dateModified\":\"2022-03-11T22:35:46+00:00\",\"breadcrumb\":{\"@id\":\"https:\\\/\\\/antderground.com\\\/pt-br\\\/politica-de-privacidade\\\/#breadcrumb\"},\"inLanguage\":\"pt-BR\",\"potentialAction\":[{\"@type\":\"ReadAction\",\"target\":[\"https:\\\/\\\/antderground.com\\\/pt-br\\\/politica-de-privacidade\\\/\"]}]},{\"@type\":\"BreadcrumbList\",\"@id\":\"https:\\\/\\\/antderground.com\\\/pt-br\\\/politica-de-privacidade\\\/#breadcrumb\",\"itemListElement\":[{\"@type\":\"ListItem\",\"position\":1,\"name\":\"Portada\",\"item\":\"https:\\\/\\\/antderground.com\\\/pt-br\\\/\"},{\"@type\":\"ListItem\",\"position\":2,\"name\":\"Pol\u00edtica de privacidade\"}]},{\"@type\":\"WebSite\",\"@id\":\"https:\\\/\\\/antderground.com\\\/pt-br\\\/#website\",\"url\":\"https:\\\/\\\/antderground.com\\\/pt-br\\\/\",\"name\":\"ANTDERGROUND\",\"description\":\"Tu tienda de hormigas, gran variedad de hormigueros acr\u00edlicos,madera,arena,3D y mas.. Pide tus hormigas gratis con tu pedido, somos expertos en hormigueros antifugas.\",\"publisher\":{\"@id\":\"https:\\\/\\\/antderground.com\\\/pt-br\\\/#\\\/schema\\\/person\\\/0e322c505e84fe72c65e2f6d08f96b81\"},\"alternateName\":\"Antderground\",\"potentialAction\":[{\"@type\":\"SearchAction\",\"target\":{\"@type\":\"EntryPoint\",\"urlTemplate\":\"https:\\\/\\\/antderground.com\\\/pt-br\\\/?s={search_term_string}\"},\"query-input\":{\"@type\":\"PropertyValueSpecification\",\"valueRequired\":true,\"valueName\":\"search_term_string\"}}],\"inLanguage\":\"pt-BR\"},{\"@type\":[\"Person\",\"Organization\"],\"@id\":\"https:\\\/\\\/antderground.com\\\/pt-br\\\/#\\\/schema\\\/person\\\/0e322c505e84fe72c65e2f6d08f96b81\",\"name\":\"Eric de Antderground\",\"image\":{\"@type\":\"ImageObject\",\"inLanguage\":\"pt-BR\",\"@id\":\"https:\\\/\\\/secure.gravatar.com\\\/avatar\\\/c49a1b9f79216d1498cb73c1e85cd47f4465dda35f2a94c03790d491bd4423c3?s=96&d=mm&r=g\",\"url\":\"https:\\\/\\\/secure.gravatar.com\\\/avatar\\\/c49a1b9f79216d1498cb73c1e85cd47f4465dda35f2a94c03790d491bd4423c3?s=96&d=mm&r=g\",\"contentUrl\":\"https:\\\/\\\/secure.gravatar.com\\\/avatar\\\/c49a1b9f79216d1498cb73c1e85cd47f4465dda35f2a94c03790d491bd4423c3?s=96&d=mm&r=g\",\"caption\":\"Eric de Antderground\"},\"logo\":{\"@id\":\"https:\\\/\\\/secure.gravatar.com\\\/avatar\\\/c49a1b9f79216d1498cb73c1e85cd47f4465dda35f2a94c03790d491bd4423c3?s=96&d=mm&r=g\"},\"description\":\"Eric es el especialista y fundador de Antderground, con una amplia trayectoria en artr\u00f3podos y enfocado en la mirmecolog\u00eda y el dise\u00f1o de hormigueros artificiales. Su enfoque combina la innovaci\u00f3n t\u00e9cnica con el respeto por la biolog\u00eda de las hormigas, is\u00f3podos y otros, desarrollando sistemas de nidos modulares 3D y acr\u00edlicos que son referentes para aficionados y profesionales en toda Europa. Su objetivo es facilitar la cr\u00eda de hormigas y otros artr\u00f3podos mediante soluciones seguras y divulgaci\u00f3n de calidad.\",\"sameAs\":[\"https:\\\/\\\/antderground.com\\\/\",\"https:\\\/\\\/www.youtube.com\\\/channel\\\/UCio72z7TlbufkAthAJIJfPw\"]}]}<\/script>\n<!-- \/ Yoast SEO plugin. -->","yoast_head_json":{"title":"Pol\u00edtica de privacidade - ANTDERGROUND","robots":{"index":"index","follow":"follow","max-snippet":"max-snippet:-1","max-image-preview":"max-image-preview:large","max-video-preview":"max-video-preview:-1"},"canonical":"https:\/\/antderground.com\/pt-br\/politica-de-privacidade\/","og_locale":"pt_BR","og_type":"article","og_title":"Pol\u00edtica de privacidade - ANTDERGROUND","og_description":"INTRODU\u00c7\u00c3OEm (ANTDERGROUND), cientes das necessidades dos internautas e cientes da import\u00e2ncia de uma rigorosa privacidade das informa\u00e7\u00f5es pessoais que nos","og_url":"https:\/\/antderground.com\/pt-br\/politica-de-privacidade\/","og_site_name":"ANTDERGROUND","article_modified_time":"2022-03-11T22:35:46+00:00","twitter_card":"summary_large_image","twitter_misc":{"Est. tempo de leitura":"3 minutos"},"schema":{"@context":"https:\/\/schema.org","@graph":[{"@type":"WebPage","@id":"https:\/\/antderground.com\/pt-br\/politica-de-privacidade\/","url":"https:\/\/antderground.com\/pt-br\/politica-de-privacidade\/","name":"Pol\u00edtica de privacidade - ANTDERGROUND","isPartOf":{"@id":"https:\/\/antderground.com\/pt-br\/#website"},"datePublished":"2019-06-16T06:35:11+00:00","dateModified":"2022-03-11T22:35:46+00:00","breadcrumb":{"@id":"https:\/\/antderground.com\/pt-br\/politica-de-privacidade\/#breadcrumb"},"inLanguage":"pt-BR","potentialAction":[{"@type":"ReadAction","target":["https:\/\/antderground.com\/pt-br\/politica-de-privacidade\/"]}]},{"@type":"BreadcrumbList","@id":"https:\/\/antderground.com\/pt-br\/politica-de-privacidade\/#breadcrumb","itemListElement":[{"@type":"ListItem","position":1,"name":"Portada","item":"https:\/\/antderground.com\/pt-br\/"},{"@type":"ListItem","position":2,"name":"Pol\u00edtica de privacidade"}]},{"@type":"WebSite","@id":"https:\/\/antderground.com\/pt-br\/#website","url":"https:\/\/antderground.com\/pt-br\/","name":"ANTDERGROUND","description":"Tu tienda de hormigas, gran variedad de hormigueros acr\u00edlicos,madera,arena,3D y mas.. Pide tus hormigas gratis con tu pedido, somos expertos en hormigueros antifugas.","publisher":{"@id":"https:\/\/antderground.com\/pt-br\/#\/schema\/person\/0e322c505e84fe72c65e2f6d08f96b81"},"alternateName":"Antderground","potentialAction":[{"@type":"SearchAction","target":{"@type":"EntryPoint","urlTemplate":"https:\/\/antderground.com\/pt-br\/?s={search_term_string}"},"query-input":{"@type":"PropertyValueSpecification","valueRequired":true,"valueName":"search_term_string"}}],"inLanguage":"pt-BR"},{"@type":["Person","Organization"],"@id":"https:\/\/antderground.com\/pt-br\/#\/schema\/person\/0e322c505e84fe72c65e2f6d08f96b81","name":"Eric de Antderground","image":{"@type":"ImageObject","inLanguage":"pt-BR","@id":"https:\/\/secure.gravatar.com\/avatar\/c49a1b9f79216d1498cb73c1e85cd47f4465dda35f2a94c03790d491bd4423c3?s=96&d=mm&r=g","url":"https:\/\/secure.gravatar.com\/avatar\/c49a1b9f79216d1498cb73c1e85cd47f4465dda35f2a94c03790d491bd4423c3?s=96&d=mm&r=g","contentUrl":"https:\/\/secure.gravatar.com\/avatar\/c49a1b9f79216d1498cb73c1e85cd47f4465dda35f2a94c03790d491bd4423c3?s=96&d=mm&r=g","caption":"Eric de Antderground"},"logo":{"@id":"https:\/\/secure.gravatar.com\/avatar\/c49a1b9f79216d1498cb73c1e85cd47f4465dda35f2a94c03790d491bd4423c3?s=96&d=mm&r=g"},"description":"Eric es el especialista y fundador de Antderground, con una amplia trayectoria en artr\u00f3podos y enfocado en la mirmecolog\u00eda y el dise\u00f1o de hormigueros artificiales. Su enfoque combina la innovaci\u00f3n t\u00e9cnica con el respeto por la biolog\u00eda de las hormigas, is\u00f3podos y otros, desarrollando sistemas de nidos modulares 3D y acr\u00edlicos que son referentes para aficionados y profesionales en toda Europa. Su objetivo es facilitar la cr\u00eda de hormigas y otros artr\u00f3podos mediante soluciones seguras y divulgaci\u00f3n de calidad.","sameAs":["https:\/\/antderground.com\/","https:\/\/www.youtube.com\/channel\/UCio72z7TlbufkAthAJIJfPw"]}]}},"_links":{"self":[{"href":"https:\/\/antderground.com\/pt-br\/wp-json\/wp\/v2\/pages\/19488","targetHints":{"allow":["GET"]}}],"collection":[{"href":"https:\/\/antderground.com\/pt-br\/wp-json\/wp\/v2\/pages"}],"about":[{"href":"https:\/\/antderground.com\/pt-br\/wp-json\/wp\/v2\/types\/page"}],"author":[{"embeddable":true,"href":"https:\/\/antderground.com\/pt-br\/wp-json\/wp\/v2\/users\/1"}],"replies":[{"embeddable":true,"href":"https:\/\/antderground.com\/pt-br\/wp-json\/wp\/v2\/comments?post=19488"}],"version-history":[{"count":0,"href":"https:\/\/antderground.com\/pt-br\/wp-json\/wp\/v2\/pages\/19488\/revisions"}],"wp:attachment":[{"href":"https:\/\/antderground.com\/pt-br\/wp-json\/wp\/v2\/media?parent=19488"}],"curies":[{"name":"wp","href":"https:\/\/api.w.org\/{rel}","templated":true}]}}