{"id":19491,"date":"2021-08-09T20:59:12","date_gmt":"2021-08-09T18:59:12","guid":{"rendered":"https:\/\/www.antderground.com\/garantia-de-las-hormigas\/"},"modified":"2024-04-09T18:44:18","modified_gmt":"2024-04-09T16:44:18","slug":"garantia-de-formigas","status":"publish","type":"page","link":"https:\/\/antderground.com\/pt-br\/garantia-de-formigas\/","title":{"rendered":"Garantia de formigas"},"content":{"rendered":"<h1>As formigas t\u00eam garantia?<\/h1>\n<p>Garantimos a chegada das formigas vivas.<\/p>\n<p>Se a sua formiga morta chegar, enviaremos outra no mesmo dia, ou 100% do seu custo se n\u00e3o a tivermos em stock, desde que cumpra uma s\u00e9rie de requisitos:<\/p>\n<p>Envie um v\u00eddeo ou foto antes de retirar a etiqueta de seguran\u00e7a para abrir o tubo em que chegou, onde se v\u00ea claramente que a rainha chegou morta.<\/p>\n<p>Conforme especificado no ponto anterior, uma vez aberto o tubo perde-se a garantia.<\/p>\n<p>Observe que isso se aplica apenas \u00e0 morte da formiga rainha, n\u00e3o \u00e0s oper\u00e1rias ou a qualquer filhote que ela possa ter.<\/p>\n<p>Antes de fazer o pedido, informe-se sobre as leis do seu pa\u00eds e as restri\u00e7\u00f5es alfandeg\u00e1rias, para evitar surpresas e\/ou problemas com seu pacote. Legisla\u00e7\u00e3o e quest\u00f5es alfandeg\u00e1rias s\u00e3o por conta e risco dos compradores. (*Responsabilidade Aduaneira)<\/p>\n<p>A garantia tamb\u00e9m se perde, caso o pacote n\u00e3o seja recebido na primeira entrega da transportadora, ou seja deixado na casa de um vizinho por aus\u00eancia do comprador.<\/p>\n<h2><strong>Responsabilidade Aduaneira: Declara\u00e7\u00e3o do Vendedor<\/strong><\/h2>\n<p>Prezado Cliente,<\/p>\n<p>Gostar\u00edamos de inform\u00e1-lo sobre nossas pol\u00edticas e responsabilidades relacionadas a quest\u00f5es aduaneiras que possam surgir durante o processo de envio do seu pedido de insetos.<\/p>\n<ol>\n<li><strong>Responsabilidade do Comprador:<\/strong> \u00c9 importante destacar que, como vendedor de insetos, nossa responsabilidade se limita estritamente \u00e0 entrega dos produtos solicitados em condi\u00e7\u00f5es adequadas e dentro dos prazos acordados. Problemas relacionados com as alf\u00e2ndegas do seu pa\u00eds s\u00e3o de responsabilidade exclusiva do comprador.<\/li>\n<li><strong>Investiga\u00e7\u00e3o Pr\u00e9via:<\/strong> Recomendamos enfaticamente que, antes de fazer seu pedido, voc\u00ea se informe adequadamente sobre as leis, regulamenta\u00e7\u00f5es e restri\u00e7\u00f5es alfandeg\u00e1rias vigentes em seu pa\u00eds. Este passo \u00e9 crucial para evitar surpresas desagrad\u00e1veis ou inconvenientes durante o processo de envio.<\/li>\n<li><strong>Riscos Associados:<\/strong> Tenha em mente que qualquer problema que possa surgir em rela\u00e7\u00e3o \u00e0s alf\u00e2ndegas, como atrasos, reten\u00e7\u00f5es ou cobran\u00e7as adicionais, s\u00e3o de responsabilidade do comprador. Como vendedor, n\u00e3o podemos nos responsabilizar por tais eventualidades ap\u00f3s o despacho do pacote.<\/li>\n<li><strong>Responsabilidade por Pacotes Retidos:<\/strong> \u00c9 importante destacar que o vendedor n\u00e3o assume qualquer responsabilidade se o pacote for retido pela alf\u00e2ndega de origem ou destino. Nessas situa\u00e7\u00f5es, o comprador ser\u00e1 o \u00fanico respons\u00e1vel por quaisquer medidas necess\u00e1rias para resolver a situa\u00e7\u00e3o.<\/li>\n<li><strong>Cobran\u00e7as Adicionais:<\/strong> Al\u00e9m disso, \u00e9 importante observar que quaisquer encargos adicionais relacionados a impostos, tarifas alfandeg\u00e1rias ou outras taxas ser\u00e3o de responsabilidade exclusiva do comprador e n\u00e3o estar\u00e3o inclu\u00eddos no custo original do produto.<\/li>\n<\/ol>\n<p>Ao fazer um pedido conosco, voc\u00ea reconhece e concorda com estes termos e condi\u00e7\u00f5es relacionados a assuntos alfandeg\u00e1rios. Agradecemos sua compreens\u00e3o e coopera\u00e7\u00e3o nesta quest\u00e3o.<\/p>\n<p>Se tiver alguma d\u00favida ou preocupa\u00e7\u00e3o adicional, n\u00e3o hesite em entrar em contato com nossa equipe de atendimento ao cliente, teremos o prazer em ajud\u00e1-lo.<\/p>\n<p>Atenciosamente,<\/p>\n<p>Antderground<\/p>\n","protected":false},"excerpt":{"rendered":"<p>As formigas t\u00eam garantia? Garantimos a chegada das formigas vivas. Se a sua formiga morta chegar, enviaremos outra no mesmo<\/p>\n","protected":false},"author":1,"featured_media":0,"parent":0,"menu_order":0,"comment_status":"closed","ping_status":"closed","template":"","meta":{"footnotes":""},"class_list":["post-19491","page","type-page","status-publish","hentry"],"yoast_head":"<!-- This site is optimized with the Yoast SEO plugin v27.4 - https:\/\/yoast.com\/product\/yoast-seo-wordpress\/ -->\n<title>Garantia de formigas - ANTDERGROUND<\/title>\n<meta name=\"description\" content=\"Todas as nossas formigas e formigas ex\u00f3ticas cumprem um per\u00edodo de quarentena, mesmo assim oferecemos uma garantia\" \/>\n<meta name=\"robots\" content=\"index, follow, max-snippet:-1, max-image-preview:large, max-video-preview:-1\" \/>\n<link rel=\"canonical\" href=\"https:\/\/antderground.com\/pt-br\/garantia-de-formigas\/\" \/>\n<meta property=\"og:locale\" content=\"pt_BR\" \/>\n<meta property=\"og:type\" content=\"article\" \/>\n<meta property=\"og:title\" content=\"Garantia de formigas - ANTDERGROUND\" \/>\n<meta property=\"og:description\" content=\"Todas as nossas formigas e formigas ex\u00f3ticas cumprem um per\u00edodo de quarentena, mesmo assim oferecemos uma garantia\" \/>\n<meta property=\"og:url\" content=\"https:\/\/antderground.com\/pt-br\/garantia-de-formigas\/\" \/>\n<meta property=\"og:site_name\" content=\"ANTDERGROUND\" \/>\n<meta property=\"article:modified_time\" content=\"2024-04-09T16:44:18+00:00\" \/>\n<meta name=\"twitter:card\" content=\"summary_large_image\" \/>\n<meta name=\"twitter:label1\" content=\"Est. tempo de leitura\" \/>\n\t<meta name=\"twitter:data1\" content=\"3 minutos\" \/>\n<script type=\"application\/ld+json\" class=\"yoast-schema-graph\">{\"@context\":\"https:\\\/\\\/schema.org\",\"@graph\":[{\"@type\":\"WebPage\",\"@id\":\"https:\\\/\\\/antderground.com\\\/pt-br\\\/garantia-de-formigas\\\/\",\"url\":\"https:\\\/\\\/antderground.com\\\/pt-br\\\/garantia-de-formigas\\\/\",\"name\":\"Garantia de formigas - ANTDERGROUND\",\"isPartOf\":{\"@id\":\"https:\\\/\\\/antderground.com\\\/pt-br\\\/#website\"},\"datePublished\":\"2021-08-09T18:59:12+00:00\",\"dateModified\":\"2024-04-09T16:44:18+00:00\",\"description\":\"Todas as nossas formigas e formigas ex\u00f3ticas cumprem um per\u00edodo de quarentena, mesmo assim oferecemos uma garantia\",\"breadcrumb\":{\"@id\":\"https:\\\/\\\/antderground.com\\\/pt-br\\\/garantia-de-formigas\\\/#breadcrumb\"},\"inLanguage\":\"pt-BR\",\"potentialAction\":[{\"@type\":\"ReadAction\",\"target\":[\"https:\\\/\\\/antderground.com\\\/pt-br\\\/garantia-de-formigas\\\/\"]}]},{\"@type\":\"BreadcrumbList\",\"@id\":\"https:\\\/\\\/antderground.com\\\/pt-br\\\/garantia-de-formigas\\\/#breadcrumb\",\"itemListElement\":[{\"@type\":\"ListItem\",\"position\":1,\"name\":\"Portada\",\"item\":\"https:\\\/\\\/antderground.com\\\/pt-br\\\/\"},{\"@type\":\"ListItem\",\"position\":2,\"name\":\"Garantia de formigas\"}]},{\"@type\":\"WebSite\",\"@id\":\"https:\\\/\\\/antderground.com\\\/pt-br\\\/#website\",\"url\":\"https:\\\/\\\/antderground.com\\\/pt-br\\\/\",\"name\":\"ANTDERGROUND\",\"description\":\"Tu tienda de hormigas, gran variedad de hormigueros acr\u00edlicos,madera,arena,3D y mas.. Pide tus hormigas gratis con tu pedido, somos expertos en hormigueros antifugas.\",\"publisher\":{\"@id\":\"https:\\\/\\\/antderground.com\\\/pt-br\\\/#\\\/schema\\\/person\\\/0e322c505e84fe72c65e2f6d08f96b81\"},\"alternateName\":\"Antderground\",\"potentialAction\":[{\"@type\":\"SearchAction\",\"target\":{\"@type\":\"EntryPoint\",\"urlTemplate\":\"https:\\\/\\\/antderground.com\\\/pt-br\\\/?s={search_term_string}\"},\"query-input\":{\"@type\":\"PropertyValueSpecification\",\"valueRequired\":true,\"valueName\":\"search_term_string\"}}],\"inLanguage\":\"pt-BR\"},{\"@type\":[\"Person\",\"Organization\"],\"@id\":\"https:\\\/\\\/antderground.com\\\/pt-br\\\/#\\\/schema\\\/person\\\/0e322c505e84fe72c65e2f6d08f96b81\",\"name\":\"Eric de Antderground\",\"image\":{\"@type\":\"ImageObject\",\"inLanguage\":\"pt-BR\",\"@id\":\"https:\\\/\\\/secure.gravatar.com\\\/avatar\\\/c49a1b9f79216d1498cb73c1e85cd47f4465dda35f2a94c03790d491bd4423c3?s=96&d=mm&r=g\",\"url\":\"https:\\\/\\\/secure.gravatar.com\\\/avatar\\\/c49a1b9f79216d1498cb73c1e85cd47f4465dda35f2a94c03790d491bd4423c3?s=96&d=mm&r=g\",\"contentUrl\":\"https:\\\/\\\/secure.gravatar.com\\\/avatar\\\/c49a1b9f79216d1498cb73c1e85cd47f4465dda35f2a94c03790d491bd4423c3?s=96&d=mm&r=g\",\"caption\":\"Eric de Antderground\"},\"logo\":{\"@id\":\"https:\\\/\\\/secure.gravatar.com\\\/avatar\\\/c49a1b9f79216d1498cb73c1e85cd47f4465dda35f2a94c03790d491bd4423c3?s=96&d=mm&r=g\"},\"description\":\"Eric es el especialista y fundador de Antderground, con una amplia trayectoria en artr\u00f3podos y enfocado en la mirmecolog\u00eda y el dise\u00f1o de hormigueros artificiales. Su enfoque combina la innovaci\u00f3n t\u00e9cnica con el respeto por la biolog\u00eda de las hormigas, is\u00f3podos y otros, desarrollando sistemas de nidos modulares 3D y acr\u00edlicos que son referentes para aficionados y profesionales en toda Europa. Su objetivo es facilitar la cr\u00eda de hormigas y otros artr\u00f3podos mediante soluciones seguras y divulgaci\u00f3n de calidad.\",\"sameAs\":[\"https:\\\/\\\/antderground.com\\\/\",\"https:\\\/\\\/www.youtube.com\\\/channel\\\/UCio72z7TlbufkAthAJIJfPw\"]}]}<\/script>\n<!-- \/ Yoast SEO plugin. -->","yoast_head_json":{"title":"Garantia de formigas - ANTDERGROUND","description":"Todas as nossas formigas e formigas ex\u00f3ticas cumprem um per\u00edodo de quarentena, mesmo assim oferecemos uma garantia","robots":{"index":"index","follow":"follow","max-snippet":"max-snippet:-1","max-image-preview":"max-image-preview:large","max-video-preview":"max-video-preview:-1"},"canonical":"https:\/\/antderground.com\/pt-br\/garantia-de-formigas\/","og_locale":"pt_BR","og_type":"article","og_title":"Garantia de formigas - ANTDERGROUND","og_description":"Todas as nossas formigas e formigas ex\u00f3ticas cumprem um per\u00edodo de quarentena, mesmo assim oferecemos uma garantia","og_url":"https:\/\/antderground.com\/pt-br\/garantia-de-formigas\/","og_site_name":"ANTDERGROUND","article_modified_time":"2024-04-09T16:44:18+00:00","twitter_card":"summary_large_image","twitter_misc":{"Est. tempo de leitura":"3 minutos"},"schema":{"@context":"https:\/\/schema.org","@graph":[{"@type":"WebPage","@id":"https:\/\/antderground.com\/pt-br\/garantia-de-formigas\/","url":"https:\/\/antderground.com\/pt-br\/garantia-de-formigas\/","name":"Garantia de formigas - ANTDERGROUND","isPartOf":{"@id":"https:\/\/antderground.com\/pt-br\/#website"},"datePublished":"2021-08-09T18:59:12+00:00","dateModified":"2024-04-09T16:44:18+00:00","description":"Todas as nossas formigas e formigas ex\u00f3ticas cumprem um per\u00edodo de quarentena, mesmo assim oferecemos uma garantia","breadcrumb":{"@id":"https:\/\/antderground.com\/pt-br\/garantia-de-formigas\/#breadcrumb"},"inLanguage":"pt-BR","potentialAction":[{"@type":"ReadAction","target":["https:\/\/antderground.com\/pt-br\/garantia-de-formigas\/"]}]},{"@type":"BreadcrumbList","@id":"https:\/\/antderground.com\/pt-br\/garantia-de-formigas\/#breadcrumb","itemListElement":[{"@type":"ListItem","position":1,"name":"Portada","item":"https:\/\/antderground.com\/pt-br\/"},{"@type":"ListItem","position":2,"name":"Garantia de formigas"}]},{"@type":"WebSite","@id":"https:\/\/antderground.com\/pt-br\/#website","url":"https:\/\/antderground.com\/pt-br\/","name":"ANTDERGROUND","description":"Tu tienda de hormigas, gran variedad de hormigueros acr\u00edlicos,madera,arena,3D y mas.. Pide tus hormigas gratis con tu pedido, somos expertos en hormigueros antifugas.","publisher":{"@id":"https:\/\/antderground.com\/pt-br\/#\/schema\/person\/0e322c505e84fe72c65e2f6d08f96b81"},"alternateName":"Antderground","potentialAction":[{"@type":"SearchAction","target":{"@type":"EntryPoint","urlTemplate":"https:\/\/antderground.com\/pt-br\/?s={search_term_string}"},"query-input":{"@type":"PropertyValueSpecification","valueRequired":true,"valueName":"search_term_string"}}],"inLanguage":"pt-BR"},{"@type":["Person","Organization"],"@id":"https:\/\/antderground.com\/pt-br\/#\/schema\/person\/0e322c505e84fe72c65e2f6d08f96b81","name":"Eric de Antderground","image":{"@type":"ImageObject","inLanguage":"pt-BR","@id":"https:\/\/secure.gravatar.com\/avatar\/c49a1b9f79216d1498cb73c1e85cd47f4465dda35f2a94c03790d491bd4423c3?s=96&d=mm&r=g","url":"https:\/\/secure.gravatar.com\/avatar\/c49a1b9f79216d1498cb73c1e85cd47f4465dda35f2a94c03790d491bd4423c3?s=96&d=mm&r=g","contentUrl":"https:\/\/secure.gravatar.com\/avatar\/c49a1b9f79216d1498cb73c1e85cd47f4465dda35f2a94c03790d491bd4423c3?s=96&d=mm&r=g","caption":"Eric de Antderground"},"logo":{"@id":"https:\/\/secure.gravatar.com\/avatar\/c49a1b9f79216d1498cb73c1e85cd47f4465dda35f2a94c03790d491bd4423c3?s=96&d=mm&r=g"},"description":"Eric es el especialista y fundador de Antderground, con una amplia trayectoria en artr\u00f3podos y enfocado en la mirmecolog\u00eda y el dise\u00f1o de hormigueros artificiales. Su enfoque combina la innovaci\u00f3n t\u00e9cnica con el respeto por la biolog\u00eda de las hormigas, is\u00f3podos y otros, desarrollando sistemas de nidos modulares 3D y acr\u00edlicos que son referentes para aficionados y profesionales en toda Europa. Su objetivo es facilitar la cr\u00eda de hormigas y otros artr\u00f3podos mediante soluciones seguras y divulgaci\u00f3n de calidad.","sameAs":["https:\/\/antderground.com\/","https:\/\/www.youtube.com\/channel\/UCio72z7TlbufkAthAJIJfPw"]}]}},"_links":{"self":[{"href":"https:\/\/antderground.com\/pt-br\/wp-json\/wp\/v2\/pages\/19491","targetHints":{"allow":["GET"]}}],"collection":[{"href":"https:\/\/antderground.com\/pt-br\/wp-json\/wp\/v2\/pages"}],"about":[{"href":"https:\/\/antderground.com\/pt-br\/wp-json\/wp\/v2\/types\/page"}],"author":[{"embeddable":true,"href":"https:\/\/antderground.com\/pt-br\/wp-json\/wp\/v2\/users\/1"}],"replies":[{"embeddable":true,"href":"https:\/\/antderground.com\/pt-br\/wp-json\/wp\/v2\/comments?post=19491"}],"version-history":[{"count":0,"href":"https:\/\/antderground.com\/pt-br\/wp-json\/wp\/v2\/pages\/19491\/revisions"}],"wp:attachment":[{"href":"https:\/\/antderground.com\/pt-br\/wp-json\/wp\/v2\/media?parent=19491"}],"curies":[{"name":"wp","href":"https:\/\/api.w.org\/{rel}","templated":true}]}}