{"id":18972,"date":"2021-09-30T09:47:43","date_gmt":"2021-09-30T07:47:43","guid":{"rendered":"https:\/\/www.antderground.com\/producto\/caixa-para-movimentacao-entre-tubos\/"},"modified":"2021-09-30T09:47:43","modified_gmt":"2021-09-30T07:47:43","slug":"caixa-para-movimentacao-entre-tubos","status":"publish","type":"product","link":"https:\/\/antderground.com\/pt-br\/produto\/caixa-para-movimentacao-entre-tubos\/","title":{"rendered":"Caixa para movimenta\u00e7\u00e3o entre tubos"},"content":{"rendered":"<p>Com esta caixa de passagem entre tubos feita em 3D poder\u00e1 passar de um tubo para outro com total seguran\u00e7a, tanto em termos de fugas como de tempo, uma vez que possuem uma malha na parte superior que permite a entrada e sa\u00edda do ar.<\/p>\n<p>Fornecido com 2 conectores para tubo de 16 mm (inclu\u00eddo)<\/p>\n","protected":false},"excerpt":{"rendered":"<p>Com esta caixa de passagem entre tubos feita em 3D poder\u00e1 passar de um tubo para outro com total seguran\u00e7a,<\/p>\n","protected":false},"featured_media":18978,"template":"","meta":[],"product_brand":[],"product_cat":[389,390],"product_tag":[],"class_list":{"0":"post-18972","1":"product","2":"type-product","3":"status-publish","4":"has-post-thumbnail","6":"product_cat-acessorios","7":"product_cat-novidades","9":"first","10":"instock","11":"shipping-taxable","12":"purchasable","13":"product-type-simple"},"yoast_head":"<!-- This site is optimized with the Yoast SEO plugin v27.4 - https:\/\/yoast.com\/product\/yoast-seo-wordpress\/ -->\n<title>Caixa para movimenta\u00e7\u00e3o entre tubos - ANTDERGROUND<\/title>\n<meta name=\"description\" content=\"Mini caixa para movimenta\u00e7\u00e3o entre tubos de formigas nativas e formigas ex\u00f3ticas. Conforto e seguran\u00e7a para voc\u00ea e suas formigas\" \/>\n<meta name=\"robots\" content=\"index, follow, max-snippet:-1, max-image-preview:large, max-video-preview:-1\" \/>\n<link rel=\"canonical\" href=\"https:\/\/antderground.com\/pt-br\/produto\/caixa-para-movimentacao-entre-tubos\/\" \/>\n<meta property=\"og:locale\" content=\"pt_BR\" \/>\n<meta property=\"og:type\" content=\"article\" \/>\n<meta property=\"og:title\" content=\"Caixa para movimenta\u00e7\u00e3o entre tubos - ANTDERGROUND\" \/>\n<meta property=\"og:description\" content=\"Mini caixa para movimenta\u00e7\u00e3o entre tubos de formigas nativas e formigas ex\u00f3ticas. Conforto e seguran\u00e7a para voc\u00ea e suas formigas\" \/>\n<meta property=\"og:url\" content=\"https:\/\/antderground.com\/pt-br\/produto\/caixa-para-movimentacao-entre-tubos\/\" \/>\n<meta property=\"og:site_name\" content=\"ANTDERGROUND\" \/>\n<meta property=\"og:image\" content=\"https:\/\/antderground.com\/wp-content\/uploads\/2021\/09\/mudador-de-hormigas.jpg\" \/>\n\t<meta property=\"og:image:width\" content=\"591\" \/>\n\t<meta property=\"og:image:height\" content=\"601\" \/>\n\t<meta property=\"og:image:type\" content=\"image\/jpeg\" \/>\n<meta name=\"twitter:card\" content=\"summary_large_image\" \/>\n<script type=\"application\/ld+json\" class=\"yoast-schema-graph\">{\"@context\":\"https:\\\/\\\/schema.org\",\"@graph\":[{\"@type\":\"WebPage\",\"@id\":\"https:\\\/\\\/antderground.com\\\/pt-br\\\/produto\\\/caixa-para-movimentacao-entre-tubos\\\/\",\"url\":\"https:\\\/\\\/antderground.com\\\/pt-br\\\/produto\\\/caixa-para-movimentacao-entre-tubos\\\/\",\"name\":\"Caixa para movimenta\u00e7\u00e3o entre tubos - ANTDERGROUND\",\"isPartOf\":{\"@id\":\"https:\\\/\\\/antderground.com\\\/pt-br\\\/#website\"},\"primaryImageOfPage\":{\"@id\":\"https:\\\/\\\/antderground.com\\\/pt-br\\\/produto\\\/caixa-para-movimentacao-entre-tubos\\\/#primaryimage\"},\"image\":{\"@id\":\"https:\\\/\\\/antderground.com\\\/pt-br\\\/produto\\\/caixa-para-movimentacao-entre-tubos\\\/#primaryimage\"},\"thumbnailUrl\":\"https:\\\/\\\/antderground.com\\\/wp-content\\\/uploads\\\/2021\\\/09\\\/mudador-de-hormigas.jpg\",\"datePublished\":\"2021-09-30T07:47:43+00:00\",\"description\":\"Mini caixa para movimenta\u00e7\u00e3o entre tubos de formigas nativas e formigas ex\u00f3ticas. Conforto e seguran\u00e7a para voc\u00ea e suas formigas\",\"breadcrumb\":{\"@id\":\"https:\\\/\\\/antderground.com\\\/pt-br\\\/produto\\\/caixa-para-movimentacao-entre-tubos\\\/#breadcrumb\"},\"inLanguage\":\"pt-BR\",\"potentialAction\":[{\"@type\":\"ReadAction\",\"target\":[\"https:\\\/\\\/antderground.com\\\/pt-br\\\/produto\\\/caixa-para-movimentacao-entre-tubos\\\/\"]}]},{\"@type\":\"ImageObject\",\"inLanguage\":\"pt-BR\",\"@id\":\"https:\\\/\\\/antderground.com\\\/pt-br\\\/produto\\\/caixa-para-movimentacao-entre-tubos\\\/#primaryimage\",\"url\":\"https:\\\/\\\/antderground.com\\\/wp-content\\\/uploads\\\/2021\\\/09\\\/mudador-de-hormigas.jpg\",\"contentUrl\":\"https:\\\/\\\/antderground.com\\\/wp-content\\\/uploads\\\/2021\\\/09\\\/mudador-de-hormigas.jpg\",\"width\":591,\"height\":601},{\"@type\":\"BreadcrumbList\",\"@id\":\"https:\\\/\\\/antderground.com\\\/pt-br\\\/produto\\\/caixa-para-movimentacao-entre-tubos\\\/#breadcrumb\",\"itemListElement\":[{\"@type\":\"ListItem\",\"position\":1,\"name\":\"Portada\",\"item\":\"https:\\\/\\\/antderground.com\\\/pt-br\\\/\"},{\"@type\":\"ListItem\",\"position\":2,\"name\":\"Produtos\",\"item\":\"https:\\\/\\\/antderground.com\\\/pt-br\\\/loja-de-formigueiros\\\/\"},{\"@type\":\"ListItem\",\"position\":3,\"name\":\"Caixa para movimenta\u00e7\u00e3o entre tubos\"}]},{\"@type\":\"WebSite\",\"@id\":\"https:\\\/\\\/antderground.com\\\/pt-br\\\/#website\",\"url\":\"https:\\\/\\\/antderground.com\\\/pt-br\\\/\",\"name\":\"ANTDERGROUND\",\"description\":\"Tu tienda de hormigas, gran variedad de hormigueros acr\u00edlicos,madera,arena,3D y mas.. Pide tus hormigas gratis con tu pedido, somos expertos en hormigueros antifugas.\",\"publisher\":{\"@id\":\"https:\\\/\\\/antderground.com\\\/pt-br\\\/#\\\/schema\\\/person\\\/0e322c505e84fe72c65e2f6d08f96b81\"},\"alternateName\":\"Antderground\",\"potentialAction\":[{\"@type\":\"SearchAction\",\"target\":{\"@type\":\"EntryPoint\",\"urlTemplate\":\"https:\\\/\\\/antderground.com\\\/pt-br\\\/?s={search_term_string}\"},\"query-input\":{\"@type\":\"PropertyValueSpecification\",\"valueRequired\":true,\"valueName\":\"search_term_string\"}}],\"inLanguage\":\"pt-BR\"},{\"@type\":[\"Person\",\"Organization\"],\"@id\":\"https:\\\/\\\/antderground.com\\\/pt-br\\\/#\\\/schema\\\/person\\\/0e322c505e84fe72c65e2f6d08f96b81\",\"name\":\"Eric de Antderground\",\"image\":{\"@type\":\"ImageObject\",\"inLanguage\":\"pt-BR\",\"@id\":\"https:\\\/\\\/secure.gravatar.com\\\/avatar\\\/c49a1b9f79216d1498cb73c1e85cd47f4465dda35f2a94c03790d491bd4423c3?s=96&d=mm&r=g\",\"url\":\"https:\\\/\\\/secure.gravatar.com\\\/avatar\\\/c49a1b9f79216d1498cb73c1e85cd47f4465dda35f2a94c03790d491bd4423c3?s=96&d=mm&r=g\",\"contentUrl\":\"https:\\\/\\\/secure.gravatar.com\\\/avatar\\\/c49a1b9f79216d1498cb73c1e85cd47f4465dda35f2a94c03790d491bd4423c3?s=96&d=mm&r=g\",\"caption\":\"Eric de Antderground\"},\"logo\":{\"@id\":\"https:\\\/\\\/secure.gravatar.com\\\/avatar\\\/c49a1b9f79216d1498cb73c1e85cd47f4465dda35f2a94c03790d491bd4423c3?s=96&d=mm&r=g\"},\"description\":\"Eric es el especialista y fundador de Antderground, con una amplia trayectoria en artr\u00f3podos y enfocado en la mirmecolog\u00eda y el dise\u00f1o de hormigueros artificiales. Su enfoque combina la innovaci\u00f3n t\u00e9cnica con el respeto por la biolog\u00eda de las hormigas, is\u00f3podos y otros, desarrollando sistemas de nidos modulares 3D y acr\u00edlicos que son referentes para aficionados y profesionales en toda Europa. Su objetivo es facilitar la cr\u00eda de hormigas y otros artr\u00f3podos mediante soluciones seguras y divulgaci\u00f3n de calidad.\",\"sameAs\":[\"https:\\\/\\\/antderground.com\\\/\",\"https:\\\/\\\/www.youtube.com\\\/channel\\\/UCio72z7TlbufkAthAJIJfPw\"]}]}<\/script>\n<!-- \/ Yoast SEO plugin. -->","yoast_head_json":{"title":"Caixa para movimenta\u00e7\u00e3o entre tubos - ANTDERGROUND","description":"Mini caixa para movimenta\u00e7\u00e3o entre tubos de formigas nativas e formigas ex\u00f3ticas. Conforto e seguran\u00e7a para voc\u00ea e suas formigas","robots":{"index":"index","follow":"follow","max-snippet":"max-snippet:-1","max-image-preview":"max-image-preview:large","max-video-preview":"max-video-preview:-1"},"canonical":"https:\/\/antderground.com\/pt-br\/produto\/caixa-para-movimentacao-entre-tubos\/","og_locale":"pt_BR","og_type":"article","og_title":"Caixa para movimenta\u00e7\u00e3o entre tubos - ANTDERGROUND","og_description":"Mini caixa para movimenta\u00e7\u00e3o entre tubos de formigas nativas e formigas ex\u00f3ticas. Conforto e seguran\u00e7a para voc\u00ea e suas formigas","og_url":"https:\/\/antderground.com\/pt-br\/produto\/caixa-para-movimentacao-entre-tubos\/","og_site_name":"ANTDERGROUND","og_image":[{"width":591,"height":601,"url":"https:\/\/antderground.com\/wp-content\/uploads\/2021\/09\/mudador-de-hormigas.jpg","type":"image\/jpeg"}],"twitter_card":"summary_large_image","schema":{"@context":"https:\/\/schema.org","@graph":[{"@type":"WebPage","@id":"https:\/\/antderground.com\/pt-br\/produto\/caixa-para-movimentacao-entre-tubos\/","url":"https:\/\/antderground.com\/pt-br\/produto\/caixa-para-movimentacao-entre-tubos\/","name":"Caixa para movimenta\u00e7\u00e3o entre tubos - ANTDERGROUND","isPartOf":{"@id":"https:\/\/antderground.com\/pt-br\/#website"},"primaryImageOfPage":{"@id":"https:\/\/antderground.com\/pt-br\/produto\/caixa-para-movimentacao-entre-tubos\/#primaryimage"},"image":{"@id":"https:\/\/antderground.com\/pt-br\/produto\/caixa-para-movimentacao-entre-tubos\/#primaryimage"},"thumbnailUrl":"https:\/\/antderground.com\/wp-content\/uploads\/2021\/09\/mudador-de-hormigas.jpg","datePublished":"2021-09-30T07:47:43+00:00","description":"Mini caixa para movimenta\u00e7\u00e3o entre tubos de formigas nativas e formigas ex\u00f3ticas. Conforto e seguran\u00e7a para voc\u00ea e suas formigas","breadcrumb":{"@id":"https:\/\/antderground.com\/pt-br\/produto\/caixa-para-movimentacao-entre-tubos\/#breadcrumb"},"inLanguage":"pt-BR","potentialAction":[{"@type":"ReadAction","target":["https:\/\/antderground.com\/pt-br\/produto\/caixa-para-movimentacao-entre-tubos\/"]}]},{"@type":"ImageObject","inLanguage":"pt-BR","@id":"https:\/\/antderground.com\/pt-br\/produto\/caixa-para-movimentacao-entre-tubos\/#primaryimage","url":"https:\/\/antderground.com\/wp-content\/uploads\/2021\/09\/mudador-de-hormigas.jpg","contentUrl":"https:\/\/antderground.com\/wp-content\/uploads\/2021\/09\/mudador-de-hormigas.jpg","width":591,"height":601},{"@type":"BreadcrumbList","@id":"https:\/\/antderground.com\/pt-br\/produto\/caixa-para-movimentacao-entre-tubos\/#breadcrumb","itemListElement":[{"@type":"ListItem","position":1,"name":"Portada","item":"https:\/\/antderground.com\/pt-br\/"},{"@type":"ListItem","position":2,"name":"Produtos","item":"https:\/\/antderground.com\/pt-br\/loja-de-formigueiros\/"},{"@type":"ListItem","position":3,"name":"Caixa para movimenta\u00e7\u00e3o entre tubos"}]},{"@type":"WebSite","@id":"https:\/\/antderground.com\/pt-br\/#website","url":"https:\/\/antderground.com\/pt-br\/","name":"ANTDERGROUND","description":"Tu tienda de hormigas, gran variedad de hormigueros acr\u00edlicos,madera,arena,3D y mas.. Pide tus hormigas gratis con tu pedido, somos expertos en hormigueros antifugas.","publisher":{"@id":"https:\/\/antderground.com\/pt-br\/#\/schema\/person\/0e322c505e84fe72c65e2f6d08f96b81"},"alternateName":"Antderground","potentialAction":[{"@type":"SearchAction","target":{"@type":"EntryPoint","urlTemplate":"https:\/\/antderground.com\/pt-br\/?s={search_term_string}"},"query-input":{"@type":"PropertyValueSpecification","valueRequired":true,"valueName":"search_term_string"}}],"inLanguage":"pt-BR"},{"@type":["Person","Organization"],"@id":"https:\/\/antderground.com\/pt-br\/#\/schema\/person\/0e322c505e84fe72c65e2f6d08f96b81","name":"Eric de Antderground","image":{"@type":"ImageObject","inLanguage":"pt-BR","@id":"https:\/\/secure.gravatar.com\/avatar\/c49a1b9f79216d1498cb73c1e85cd47f4465dda35f2a94c03790d491bd4423c3?s=96&d=mm&r=g","url":"https:\/\/secure.gravatar.com\/avatar\/c49a1b9f79216d1498cb73c1e85cd47f4465dda35f2a94c03790d491bd4423c3?s=96&d=mm&r=g","contentUrl":"https:\/\/secure.gravatar.com\/avatar\/c49a1b9f79216d1498cb73c1e85cd47f4465dda35f2a94c03790d491bd4423c3?s=96&d=mm&r=g","caption":"Eric de Antderground"},"logo":{"@id":"https:\/\/secure.gravatar.com\/avatar\/c49a1b9f79216d1498cb73c1e85cd47f4465dda35f2a94c03790d491bd4423c3?s=96&d=mm&r=g"},"description":"Eric es el especialista y fundador de Antderground, con una amplia trayectoria en artr\u00f3podos y enfocado en la mirmecolog\u00eda y el dise\u00f1o de hormigueros artificiales. Su enfoque combina la innovaci\u00f3n t\u00e9cnica con el respeto por la biolog\u00eda de las hormigas, is\u00f3podos y otros, desarrollando sistemas de nidos modulares 3D y acr\u00edlicos que son referentes para aficionados y profesionales en toda Europa. Su objetivo es facilitar la cr\u00eda de hormigas y otros artr\u00f3podos mediante soluciones seguras y divulgaci\u00f3n de calidad.","sameAs":["https:\/\/antderground.com\/","https:\/\/www.youtube.com\/channel\/UCio72z7TlbufkAthAJIJfPw"]}]}},"_links":{"self":[{"href":"https:\/\/antderground.com\/pt-br\/wp-json\/wp\/v2\/product\/18972","targetHints":{"allow":["GET"]}}],"collection":[{"href":"https:\/\/antderground.com\/pt-br\/wp-json\/wp\/v2\/product"}],"about":[{"href":"https:\/\/antderground.com\/pt-br\/wp-json\/wp\/v2\/types\/product"}],"version-history":[{"count":0,"href":"https:\/\/antderground.com\/pt-br\/wp-json\/wp\/v2\/product\/18972\/revisions"}],"wp:featuredmedia":[{"embeddable":true,"href":"https:\/\/antderground.com\/pt-br\/wp-json\/wp\/v2\/media\/18978"}],"wp:attachment":[{"href":"https:\/\/antderground.com\/pt-br\/wp-json\/wp\/v2\/media?parent=18972"}],"wp:term":[{"taxonomy":"product_brand","embeddable":true,"href":"https:\/\/antderground.com\/pt-br\/wp-json\/wp\/v2\/product_brand?post=18972"},{"taxonomy":"product_cat","embeddable":true,"href":"https:\/\/antderground.com\/pt-br\/wp-json\/wp\/v2\/product_cat?post=18972"},{"taxonomy":"product_tag","embeddable":true,"href":"https:\/\/antderground.com\/pt-br\/wp-json\/wp\/v2\/product_tag?post=18972"}],"curies":[{"name":"wp","href":"https:\/\/api.w.org\/{rel}","templated":true}]}}