{"id":18979,"date":"2021-09-23T00:18:40","date_gmt":"2021-09-22T22:18:40","guid":{"rendered":"https:\/\/www.antderground.com\/producto\/kit-formigueiro-acrilico-para-iniciantes-grande\/"},"modified":"2021-09-23T00:18:40","modified_gmt":"2021-09-22T22:18:40","slug":"kit-formigueiro-acrilico-para-iniciantes-grande","status":"publish","type":"product","link":"https:\/\/antderground.com\/pt-br\/produto\/kit-formigueiro-acrilico-para-iniciantes-grande\/","title":{"rendered":"Kit formigueiro acr\u00edlico para iniciantes (grande)."},"content":{"rendered":"<p>Com o Kit Formigueiro grande Inicial voc\u00ea tem tudo o que precisa para come\u00e7ar a ter suas formigas a partir do 0.<br \/>\nInclui um formigueiro de 10 x 20 com uma grande \u00e1rea de forrageamento.<\/p>\n<p>O kit inclui:<br \/>\nFormigueiro acr\u00edlico com \u00e1rea de forrageamento.<br \/>\nComida para formiga.<br \/>\nBebedor.<br \/>\nConector para tubos de ensaio.<\/p>\n<p>Seja voc\u00ea iniciante ou especialista, n\u00e3o pode perder o Kit de Mirmecologia.<\/p>\n<p>&nbsp;<\/p>\n<p>*Este formigueiro N\u00c3O \u00e9 um brinquedo, por isso \u00e9 muito importante us\u00e1-lo sempre sob supervis\u00e3o de um adulto, pois cont\u00e9m parafusos e outras pe\u00e7as pequenas..<\/p>\n","protected":false},"excerpt":{"rendered":"<p>Com o Kit Formigueiro grande Inicial voc\u00ea tem tudo o que precisa para come\u00e7ar a ter suas formigas a partir<\/p>\n","protected":false},"featured_media":18980,"template":"","meta":[],"product_brand":[],"product_cat":[391,390,474],"product_tag":[],"class_list":{"0":"post-18979","1":"product","2":"type-product","3":"status-publish","4":"has-post-thumbnail","6":"product_cat-kits-de-formigueiros","7":"product_cat-novidades","8":"product_cat-ofertas-pt-br","10":"first","11":"instock","12":"sale","13":"shipping-taxable","14":"purchasable","15":"product-type-simple"},"yoast_head":"<!-- This site is optimized with the Yoast SEO plugin v27.3 - https:\/\/yoast.com\/product\/yoast-seo-wordpress\/ -->\n<title>Kit formigueiro acr\u00edlico para iniciantes (grande). - ANTDERGROUND<\/title>\n<meta name=\"description\" content=\"Comece no mundo das formigas aprendendo sobre elas com um de nossos formigueiros. aprendizado e divers\u00e3o.\" \/>\n<meta name=\"robots\" content=\"index, follow, max-snippet:-1, max-image-preview:large, max-video-preview:-1\" \/>\n<link rel=\"canonical\" href=\"https:\/\/antderground.com\/pt-br\/produto\/kit-formigueiro-acrilico-para-iniciantes-grande\/\" \/>\n<meta property=\"og:locale\" content=\"pt_BR\" \/>\n<meta property=\"og:type\" content=\"article\" \/>\n<meta property=\"og:title\" content=\"Kit formigueiro acr\u00edlico para iniciantes (grande). - ANTDERGROUND\" \/>\n<meta property=\"og:description\" content=\"Comece no mundo das formigas aprendendo sobre elas com um de nossos formigueiros. aprendizado e divers\u00e3o.\" \/>\n<meta property=\"og:url\" content=\"https:\/\/antderground.com\/pt-br\/produto\/kit-formigueiro-acrilico-para-iniciantes-grande\/\" \/>\n<meta property=\"og:site_name\" content=\"ANTDERGROUND\" \/>\n<meta property=\"og:image\" content=\"https:\/\/antderground.com\/wp-content\/uploads\/2021\/09\/oferta-bona5-1.jpg\" \/>\n\t<meta property=\"og:image:width\" content=\"850\" \/>\n\t<meta property=\"og:image:height\" content=\"850\" \/>\n\t<meta property=\"og:image:type\" content=\"image\/jpeg\" \/>\n<meta name=\"twitter:card\" content=\"summary_large_image\" \/>\n<script type=\"application\/ld+json\" class=\"yoast-schema-graph\">{\"@context\":\"https:\\\/\\\/schema.org\",\"@graph\":[{\"@type\":\"WebPage\",\"@id\":\"https:\\\/\\\/antderground.com\\\/pt-br\\\/produto\\\/kit-formigueiro-acrilico-para-iniciantes-grande\\\/\",\"url\":\"https:\\\/\\\/antderground.com\\\/pt-br\\\/produto\\\/kit-formigueiro-acrilico-para-iniciantes-grande\\\/\",\"name\":\"Kit formigueiro acr\u00edlico para iniciantes (grande). - ANTDERGROUND\",\"isPartOf\":{\"@id\":\"https:\\\/\\\/antderground.com\\\/pt-br\\\/#website\"},\"primaryImageOfPage\":{\"@id\":\"https:\\\/\\\/antderground.com\\\/pt-br\\\/produto\\\/kit-formigueiro-acrilico-para-iniciantes-grande\\\/#primaryimage\"},\"image\":{\"@id\":\"https:\\\/\\\/antderground.com\\\/pt-br\\\/produto\\\/kit-formigueiro-acrilico-para-iniciantes-grande\\\/#primaryimage\"},\"thumbnailUrl\":\"https:\\\/\\\/antderground.com\\\/wp-content\\\/uploads\\\/2021\\\/09\\\/kit-iniciacion-2.jpg\",\"datePublished\":\"2021-09-22T22:18:40+00:00\",\"description\":\"Comece no mundo das formigas aprendendo sobre elas com um de nossos formigueiros. aprendizado e divers\u00e3o.\",\"breadcrumb\":{\"@id\":\"https:\\\/\\\/antderground.com\\\/pt-br\\\/produto\\\/kit-formigueiro-acrilico-para-iniciantes-grande\\\/#breadcrumb\"},\"inLanguage\":\"pt-BR\",\"potentialAction\":[{\"@type\":\"ReadAction\",\"target\":[\"https:\\\/\\\/antderground.com\\\/pt-br\\\/produto\\\/kit-formigueiro-acrilico-para-iniciantes-grande\\\/\"]}]},{\"@type\":\"ImageObject\",\"inLanguage\":\"pt-BR\",\"@id\":\"https:\\\/\\\/antderground.com\\\/pt-br\\\/produto\\\/kit-formigueiro-acrilico-para-iniciantes-grande\\\/#primaryimage\",\"url\":\"https:\\\/\\\/antderground.com\\\/wp-content\\\/uploads\\\/2021\\\/09\\\/kit-iniciacion-2.jpg\",\"contentUrl\":\"https:\\\/\\\/antderground.com\\\/wp-content\\\/uploads\\\/2021\\\/09\\\/kit-iniciacion-2.jpg\",\"width\":591,\"height\":601,\"caption\":\"Formigueiro acr\u00edlico\"},{\"@type\":\"BreadcrumbList\",\"@id\":\"https:\\\/\\\/antderground.com\\\/pt-br\\\/produto\\\/kit-formigueiro-acrilico-para-iniciantes-grande\\\/#breadcrumb\",\"itemListElement\":[{\"@type\":\"ListItem\",\"position\":1,\"name\":\"Portada\",\"item\":\"https:\\\/\\\/antderground.com\\\/pt-br\\\/\"},{\"@type\":\"ListItem\",\"position\":2,\"name\":\"Produtos\",\"item\":\"https:\\\/\\\/antderground.com\\\/pt-br\\\/loja-de-formigueiros\\\/\"},{\"@type\":\"ListItem\",\"position\":3,\"name\":\"Kit formigueiro acr\u00edlico para iniciantes (grande).\"}]},{\"@type\":\"WebSite\",\"@id\":\"https:\\\/\\\/antderground.com\\\/pt-br\\\/#website\",\"url\":\"https:\\\/\\\/antderground.com\\\/pt-br\\\/\",\"name\":\"ANTDERGROUND\",\"description\":\"Tu tienda de hormigas, gran variedad de hormigueros acr\u00edlicos,madera,arena,3D y mas.. Pide tus hormigas gratis con tu pedido, somos expertos en hormigueros antifugas.\",\"publisher\":{\"@id\":\"https:\\\/\\\/antderground.com\\\/pt-br\\\/#\\\/schema\\\/person\\\/0e322c505e84fe72c65e2f6d08f96b81\"},\"alternateName\":\"Antderground\",\"potentialAction\":[{\"@type\":\"SearchAction\",\"target\":{\"@type\":\"EntryPoint\",\"urlTemplate\":\"https:\\\/\\\/antderground.com\\\/pt-br\\\/?s={search_term_string}\"},\"query-input\":{\"@type\":\"PropertyValueSpecification\",\"valueRequired\":true,\"valueName\":\"search_term_string\"}}],\"inLanguage\":\"pt-BR\"},{\"@type\":[\"Person\",\"Organization\"],\"@id\":\"https:\\\/\\\/antderground.com\\\/pt-br\\\/#\\\/schema\\\/person\\\/0e322c505e84fe72c65e2f6d08f96b81\",\"name\":\"Eric de Antderground\",\"image\":{\"@type\":\"ImageObject\",\"inLanguage\":\"pt-BR\",\"@id\":\"https:\\\/\\\/secure.gravatar.com\\\/avatar\\\/c49a1b9f79216d1498cb73c1e85cd47f4465dda35f2a94c03790d491bd4423c3?s=96&d=mm&r=g\",\"url\":\"https:\\\/\\\/secure.gravatar.com\\\/avatar\\\/c49a1b9f79216d1498cb73c1e85cd47f4465dda35f2a94c03790d491bd4423c3?s=96&d=mm&r=g\",\"contentUrl\":\"https:\\\/\\\/secure.gravatar.com\\\/avatar\\\/c49a1b9f79216d1498cb73c1e85cd47f4465dda35f2a94c03790d491bd4423c3?s=96&d=mm&r=g\",\"caption\":\"Eric de Antderground\"},\"logo\":{\"@id\":\"https:\\\/\\\/secure.gravatar.com\\\/avatar\\\/c49a1b9f79216d1498cb73c1e85cd47f4465dda35f2a94c03790d491bd4423c3?s=96&d=mm&r=g\"},\"description\":\"Eric es el especialista y fundador de Antderground, con una amplia trayectoria en artr\u00f3podos y enfocado en la mirmecolog\u00eda y el dise\u00f1o de hormigueros artificiales. Su enfoque combina la innovaci\u00f3n t\u00e9cnica con el respeto por la biolog\u00eda de las hormigas, is\u00f3podos y otros, desarrollando sistemas de nidos modulares 3D y acr\u00edlicos que son referentes para aficionados y profesionales en toda Europa. Su objetivo es facilitar la cr\u00eda de hormigas y otros artr\u00f3podos mediante soluciones seguras y divulgaci\u00f3n de calidad.\",\"sameAs\":[\"https:\\\/\\\/antderground.com\\\/\",\"https:\\\/\\\/www.youtube.com\\\/channel\\\/UCio72z7TlbufkAthAJIJfPw\"]}]}<\/script>\n<!-- \/ Yoast SEO plugin. -->","yoast_head_json":{"title":"Kit formigueiro acr\u00edlico para iniciantes (grande). - ANTDERGROUND","description":"Comece no mundo das formigas aprendendo sobre elas com um de nossos formigueiros. aprendizado e divers\u00e3o.","robots":{"index":"index","follow":"follow","max-snippet":"max-snippet:-1","max-image-preview":"max-image-preview:large","max-video-preview":"max-video-preview:-1"},"canonical":"https:\/\/antderground.com\/pt-br\/produto\/kit-formigueiro-acrilico-para-iniciantes-grande\/","og_locale":"pt_BR","og_type":"article","og_title":"Kit formigueiro acr\u00edlico para iniciantes (grande). - ANTDERGROUND","og_description":"Comece no mundo das formigas aprendendo sobre elas com um de nossos formigueiros. aprendizado e divers\u00e3o.","og_url":"https:\/\/antderground.com\/pt-br\/produto\/kit-formigueiro-acrilico-para-iniciantes-grande\/","og_site_name":"ANTDERGROUND","og_image":[{"width":850,"height":850,"url":"https:\/\/antderground.com\/wp-content\/uploads\/2021\/09\/oferta-bona5-1.jpg","type":"image\/jpeg"}],"twitter_card":"summary_large_image","schema":{"@context":"https:\/\/schema.org","@graph":[{"@type":"WebPage","@id":"https:\/\/antderground.com\/pt-br\/produto\/kit-formigueiro-acrilico-para-iniciantes-grande\/","url":"https:\/\/antderground.com\/pt-br\/produto\/kit-formigueiro-acrilico-para-iniciantes-grande\/","name":"Kit formigueiro acr\u00edlico para iniciantes (grande). - ANTDERGROUND","isPartOf":{"@id":"https:\/\/antderground.com\/pt-br\/#website"},"primaryImageOfPage":{"@id":"https:\/\/antderground.com\/pt-br\/produto\/kit-formigueiro-acrilico-para-iniciantes-grande\/#primaryimage"},"image":{"@id":"https:\/\/antderground.com\/pt-br\/produto\/kit-formigueiro-acrilico-para-iniciantes-grande\/#primaryimage"},"thumbnailUrl":"https:\/\/antderground.com\/wp-content\/uploads\/2021\/09\/kit-iniciacion-2.jpg","datePublished":"2021-09-22T22:18:40+00:00","description":"Comece no mundo das formigas aprendendo sobre elas com um de nossos formigueiros. aprendizado e divers\u00e3o.","breadcrumb":{"@id":"https:\/\/antderground.com\/pt-br\/produto\/kit-formigueiro-acrilico-para-iniciantes-grande\/#breadcrumb"},"inLanguage":"pt-BR","potentialAction":[{"@type":"ReadAction","target":["https:\/\/antderground.com\/pt-br\/produto\/kit-formigueiro-acrilico-para-iniciantes-grande\/"]}]},{"@type":"ImageObject","inLanguage":"pt-BR","@id":"https:\/\/antderground.com\/pt-br\/produto\/kit-formigueiro-acrilico-para-iniciantes-grande\/#primaryimage","url":"https:\/\/antderground.com\/wp-content\/uploads\/2021\/09\/kit-iniciacion-2.jpg","contentUrl":"https:\/\/antderground.com\/wp-content\/uploads\/2021\/09\/kit-iniciacion-2.jpg","width":591,"height":601,"caption":"Formigueiro acr\u00edlico"},{"@type":"BreadcrumbList","@id":"https:\/\/antderground.com\/pt-br\/produto\/kit-formigueiro-acrilico-para-iniciantes-grande\/#breadcrumb","itemListElement":[{"@type":"ListItem","position":1,"name":"Portada","item":"https:\/\/antderground.com\/pt-br\/"},{"@type":"ListItem","position":2,"name":"Produtos","item":"https:\/\/antderground.com\/pt-br\/loja-de-formigueiros\/"},{"@type":"ListItem","position":3,"name":"Kit formigueiro acr\u00edlico para iniciantes (grande)."}]},{"@type":"WebSite","@id":"https:\/\/antderground.com\/pt-br\/#website","url":"https:\/\/antderground.com\/pt-br\/","name":"ANTDERGROUND","description":"Tu tienda de hormigas, gran variedad de hormigueros acr\u00edlicos,madera,arena,3D y mas.. Pide tus hormigas gratis con tu pedido, somos expertos en hormigueros antifugas.","publisher":{"@id":"https:\/\/antderground.com\/pt-br\/#\/schema\/person\/0e322c505e84fe72c65e2f6d08f96b81"},"alternateName":"Antderground","potentialAction":[{"@type":"SearchAction","target":{"@type":"EntryPoint","urlTemplate":"https:\/\/antderground.com\/pt-br\/?s={search_term_string}"},"query-input":{"@type":"PropertyValueSpecification","valueRequired":true,"valueName":"search_term_string"}}],"inLanguage":"pt-BR"},{"@type":["Person","Organization"],"@id":"https:\/\/antderground.com\/pt-br\/#\/schema\/person\/0e322c505e84fe72c65e2f6d08f96b81","name":"Eric de Antderground","image":{"@type":"ImageObject","inLanguage":"pt-BR","@id":"https:\/\/secure.gravatar.com\/avatar\/c49a1b9f79216d1498cb73c1e85cd47f4465dda35f2a94c03790d491bd4423c3?s=96&d=mm&r=g","url":"https:\/\/secure.gravatar.com\/avatar\/c49a1b9f79216d1498cb73c1e85cd47f4465dda35f2a94c03790d491bd4423c3?s=96&d=mm&r=g","contentUrl":"https:\/\/secure.gravatar.com\/avatar\/c49a1b9f79216d1498cb73c1e85cd47f4465dda35f2a94c03790d491bd4423c3?s=96&d=mm&r=g","caption":"Eric de Antderground"},"logo":{"@id":"https:\/\/secure.gravatar.com\/avatar\/c49a1b9f79216d1498cb73c1e85cd47f4465dda35f2a94c03790d491bd4423c3?s=96&d=mm&r=g"},"description":"Eric es el especialista y fundador de Antderground, con una amplia trayectoria en artr\u00f3podos y enfocado en la mirmecolog\u00eda y el dise\u00f1o de hormigueros artificiales. Su enfoque combina la innovaci\u00f3n t\u00e9cnica con el respeto por la biolog\u00eda de las hormigas, is\u00f3podos y otros, desarrollando sistemas de nidos modulares 3D y acr\u00edlicos que son referentes para aficionados y profesionales en toda Europa. Su objetivo es facilitar la cr\u00eda de hormigas y otros artr\u00f3podos mediante soluciones seguras y divulgaci\u00f3n de calidad.","sameAs":["https:\/\/antderground.com\/","https:\/\/www.youtube.com\/channel\/UCio72z7TlbufkAthAJIJfPw"]}]}},"_links":{"self":[{"href":"https:\/\/antderground.com\/pt-br\/wp-json\/wp\/v2\/product\/18979","targetHints":{"allow":["GET"]}}],"collection":[{"href":"https:\/\/antderground.com\/pt-br\/wp-json\/wp\/v2\/product"}],"about":[{"href":"https:\/\/antderground.com\/pt-br\/wp-json\/wp\/v2\/types\/product"}],"version-history":[{"count":0,"href":"https:\/\/antderground.com\/pt-br\/wp-json\/wp\/v2\/product\/18979\/revisions"}],"wp:featuredmedia":[{"embeddable":true,"href":"https:\/\/antderground.com\/pt-br\/wp-json\/wp\/v2\/media\/18980"}],"wp:attachment":[{"href":"https:\/\/antderground.com\/pt-br\/wp-json\/wp\/v2\/media?parent=18979"}],"wp:term":[{"taxonomy":"product_brand","embeddable":true,"href":"https:\/\/antderground.com\/pt-br\/wp-json\/wp\/v2\/product_brand?post=18979"},{"taxonomy":"product_cat","embeddable":true,"href":"https:\/\/antderground.com\/pt-br\/wp-json\/wp\/v2\/product_cat?post=18979"},{"taxonomy":"product_tag","embeddable":true,"href":"https:\/\/antderground.com\/pt-br\/wp-json\/wp\/v2\/product_tag?post=18979"}],"curies":[{"name":"wp","href":"https:\/\/api.w.org\/{rel}","templated":true}]}}