{"id":19224,"date":"2021-09-20T09:00:54","date_gmt":"2021-09-20T07:00:54","guid":{"rendered":"https:\/\/www.antderground.com\/producto\/formigueiro-modular-10-x-10-com-cogumelo\/"},"modified":"2021-09-20T09:00:54","modified_gmt":"2021-09-20T07:00:54","slug":"formigueiro-modular-10-x-10-com-cogumelo","status":"publish","type":"product","link":"https:\/\/antderground.com\/pt-br\/produto\/formigueiro-modular-10-x-10-com-cogumelo\/","title":{"rendered":"Formigueiro modular 10 x 10 com cogumelo"},"content":{"rendered":"<p>Apresentamos a vers\u00e3o 3.0 do formigueiro modular 10 x 10 com cogumelo.<\/p>\n<p>Nesta edi\u00e7\u00e3o adicionamos uma c\u00e2mera rotativa, que permite isolar as formigas para fazer a troca de cogumelos.<\/p>\n<p>Uma vez que a referida c\u00e2mara esteja fechada, \u00e9 necess\u00e1rio apenas desapertar o cogumelo por baixo e aparafusar a pe\u00e7a j\u00e1 com o novo cogumelo.<\/p>\n<p>Compat\u00edvel com todos os formigueiros Antderground e v\u00e1lido para esp\u00e9cies de formigas que necessitam de umidade.<\/p>\n<p>Formigueiro modular e acr\u00edlico dur\u00e1vel e profissional.<\/p>\n<p>Voc\u00ea pode expandir o formigueiro modular 10&#215;10 infinitamente com qualquer um dos formigueiros modulares da Antderground.<\/p>\n<p>*Todos os formigueiros da loja incluem a tampa vermelha no pre\u00e7o do produto.<\/p>\n","protected":false},"excerpt":{"rendered":"<p>Apresentamos a vers\u00e3o 3.0 do formigueiro modular 10 x 10 com cogumelo. Nesta edi\u00e7\u00e3o adicionamos uma c\u00e2mera rotativa, que permite<\/p>\n","protected":false},"featured_media":19227,"template":"","meta":[],"product_brand":[],"product_cat":[388,390],"product_tag":[],"class_list":{"0":"post-19224","1":"product","2":"type-product","3":"status-publish","4":"has-post-thumbnail","6":"product_cat-formigueiros-modulares","7":"product_cat-novidades","9":"first","10":"instock","11":"shipping-taxable","12":"purchasable","13":"product-type-simple"},"yoast_head":"<!-- This site is optimized with the Yoast SEO plugin v27.3 - https:\/\/yoast.com\/product\/yoast-seo-wordpress\/ -->\n<title>Formigueiro modular 10 x 10 com cogumelo - ANTDERGROUND<\/title>\n<meta name=\"description\" content=\"Um formigueiro modular 10x10 com um cogumelo que n\u00e3o pode faltar na casa de nenhum f\u00e3 de formigas. Vendemos formigas de sucesso de todo o mundo\" \/>\n<meta name=\"robots\" content=\"index, follow, max-snippet:-1, max-image-preview:large, max-video-preview:-1\" \/>\n<link rel=\"canonical\" href=\"https:\/\/antderground.com\/pt-br\/produto\/formigueiro-modular-10-x-10-com-cogumelo\/\" \/>\n<meta property=\"og:locale\" content=\"pt_BR\" \/>\n<meta property=\"og:type\" content=\"article\" \/>\n<meta property=\"og:title\" content=\"Formigueiro modular 10 x 10 com cogumelo - ANTDERGROUND\" \/>\n<meta property=\"og:description\" content=\"Um formigueiro modular 10x10 com um cogumelo que n\u00e3o pode faltar na casa de nenhum f\u00e3 de formigas. Vendemos formigas de sucesso de todo o mundo\" \/>\n<meta property=\"og:url\" content=\"https:\/\/antderground.com\/pt-br\/produto\/formigueiro-modular-10-x-10-com-cogumelo\/\" \/>\n<meta property=\"og:site_name\" content=\"ANTDERGROUND\" \/>\n<meta property=\"og:image\" content=\"https:\/\/antderground.com\/wp-content\/uploads\/2021\/09\/hormiguero-modular-seta.jpg\" \/>\n\t<meta property=\"og:image:width\" content=\"591\" \/>\n\t<meta property=\"og:image:height\" content=\"601\" \/>\n\t<meta property=\"og:image:type\" content=\"image\/jpeg\" \/>\n<meta name=\"twitter:card\" content=\"summary_large_image\" \/>\n<meta name=\"twitter:label1\" content=\"Est. tempo de leitura\" \/>\n\t<meta name=\"twitter:data1\" content=\"1 minuto\" \/>\n<script type=\"application\/ld+json\" class=\"yoast-schema-graph\">{\"@context\":\"https:\\\/\\\/schema.org\",\"@graph\":[{\"@type\":\"WebPage\",\"@id\":\"https:\\\/\\\/antderground.com\\\/pt-br\\\/produto\\\/formigueiro-modular-10-x-10-com-cogumelo\\\/\",\"url\":\"https:\\\/\\\/antderground.com\\\/pt-br\\\/produto\\\/formigueiro-modular-10-x-10-com-cogumelo\\\/\",\"name\":\"Formigueiro modular 10 x 10 com cogumelo - ANTDERGROUND\",\"isPartOf\":{\"@id\":\"https:\\\/\\\/antderground.com\\\/pt-br\\\/#website\"},\"primaryImageOfPage\":{\"@id\":\"https:\\\/\\\/antderground.com\\\/pt-br\\\/produto\\\/formigueiro-modular-10-x-10-com-cogumelo\\\/#primaryimage\"},\"image\":{\"@id\":\"https:\\\/\\\/antderground.com\\\/pt-br\\\/produto\\\/formigueiro-modular-10-x-10-com-cogumelo\\\/#primaryimage\"},\"thumbnailUrl\":\"https:\\\/\\\/antderground.com\\\/wp-content\\\/uploads\\\/2021\\\/09\\\/hormiguero-modular-seta.jpg\",\"datePublished\":\"2021-09-20T07:00:54+00:00\",\"description\":\"Um formigueiro modular 10x10 com um cogumelo que n\u00e3o pode faltar na casa de nenhum f\u00e3 de formigas. Vendemos formigas de sucesso de todo o mundo\",\"breadcrumb\":{\"@id\":\"https:\\\/\\\/antderground.com\\\/pt-br\\\/produto\\\/formigueiro-modular-10-x-10-com-cogumelo\\\/#breadcrumb\"},\"inLanguage\":\"pt-BR\",\"potentialAction\":[{\"@type\":\"ReadAction\",\"target\":[\"https:\\\/\\\/antderground.com\\\/pt-br\\\/produto\\\/formigueiro-modular-10-x-10-com-cogumelo\\\/\"]}]},{\"@type\":\"ImageObject\",\"inLanguage\":\"pt-BR\",\"@id\":\"https:\\\/\\\/antderground.com\\\/pt-br\\\/produto\\\/formigueiro-modular-10-x-10-com-cogumelo\\\/#primaryimage\",\"url\":\"https:\\\/\\\/antderground.com\\\/wp-content\\\/uploads\\\/2021\\\/09\\\/hormiguero-modular-seta.jpg\",\"contentUrl\":\"https:\\\/\\\/antderground.com\\\/wp-content\\\/uploads\\\/2021\\\/09\\\/hormiguero-modular-seta.jpg\",\"width\":591,\"height\":601,\"caption\":\"Formigueiro modular 10 x 10 com cogumelo\"},{\"@type\":\"BreadcrumbList\",\"@id\":\"https:\\\/\\\/antderground.com\\\/pt-br\\\/produto\\\/formigueiro-modular-10-x-10-com-cogumelo\\\/#breadcrumb\",\"itemListElement\":[{\"@type\":\"ListItem\",\"position\":1,\"name\":\"Portada\",\"item\":\"https:\\\/\\\/antderground.com\\\/pt-br\\\/\"},{\"@type\":\"ListItem\",\"position\":2,\"name\":\"Produtos\",\"item\":\"https:\\\/\\\/antderground.com\\\/pt-br\\\/loja-de-formigueiros\\\/\"},{\"@type\":\"ListItem\",\"position\":3,\"name\":\"Formigueiro modular 10 x 10 com cogumelo\"}]},{\"@type\":\"WebSite\",\"@id\":\"https:\\\/\\\/antderground.com\\\/pt-br\\\/#website\",\"url\":\"https:\\\/\\\/antderground.com\\\/pt-br\\\/\",\"name\":\"ANTDERGROUND\",\"description\":\"Tu tienda de hormigas, gran variedad de hormigueros acr\u00edlicos,madera,arena,3D y mas.. Pide tus hormigas gratis con tu pedido, somos expertos en hormigueros antifugas.\",\"publisher\":{\"@id\":\"https:\\\/\\\/antderground.com\\\/pt-br\\\/#\\\/schema\\\/person\\\/0e322c505e84fe72c65e2f6d08f96b81\"},\"alternateName\":\"Antderground\",\"potentialAction\":[{\"@type\":\"SearchAction\",\"target\":{\"@type\":\"EntryPoint\",\"urlTemplate\":\"https:\\\/\\\/antderground.com\\\/pt-br\\\/?s={search_term_string}\"},\"query-input\":{\"@type\":\"PropertyValueSpecification\",\"valueRequired\":true,\"valueName\":\"search_term_string\"}}],\"inLanguage\":\"pt-BR\"},{\"@type\":[\"Person\",\"Organization\"],\"@id\":\"https:\\\/\\\/antderground.com\\\/pt-br\\\/#\\\/schema\\\/person\\\/0e322c505e84fe72c65e2f6d08f96b81\",\"name\":\"Eric de Antderground\",\"image\":{\"@type\":\"ImageObject\",\"inLanguage\":\"pt-BR\",\"@id\":\"https:\\\/\\\/secure.gravatar.com\\\/avatar\\\/c49a1b9f79216d1498cb73c1e85cd47f4465dda35f2a94c03790d491bd4423c3?s=96&d=mm&r=g\",\"url\":\"https:\\\/\\\/secure.gravatar.com\\\/avatar\\\/c49a1b9f79216d1498cb73c1e85cd47f4465dda35f2a94c03790d491bd4423c3?s=96&d=mm&r=g\",\"contentUrl\":\"https:\\\/\\\/secure.gravatar.com\\\/avatar\\\/c49a1b9f79216d1498cb73c1e85cd47f4465dda35f2a94c03790d491bd4423c3?s=96&d=mm&r=g\",\"caption\":\"Eric de Antderground\"},\"logo\":{\"@id\":\"https:\\\/\\\/secure.gravatar.com\\\/avatar\\\/c49a1b9f79216d1498cb73c1e85cd47f4465dda35f2a94c03790d491bd4423c3?s=96&d=mm&r=g\"},\"description\":\"Eric es el especialista y fundador de Antderground, con una amplia trayectoria en artr\u00f3podos y enfocado en la mirmecolog\u00eda y el dise\u00f1o de hormigueros artificiales. Su enfoque combina la innovaci\u00f3n t\u00e9cnica con el respeto por la biolog\u00eda de las hormigas, is\u00f3podos y otros, desarrollando sistemas de nidos modulares 3D y acr\u00edlicos que son referentes para aficionados y profesionales en toda Europa. Su objetivo es facilitar la cr\u00eda de hormigas y otros artr\u00f3podos mediante soluciones seguras y divulgaci\u00f3n de calidad.\",\"sameAs\":[\"https:\\\/\\\/antderground.com\\\/\",\"https:\\\/\\\/www.youtube.com\\\/channel\\\/UCio72z7TlbufkAthAJIJfPw\"]}]}<\/script>\n<!-- \/ Yoast SEO plugin. -->","yoast_head_json":{"title":"Formigueiro modular 10 x 10 com cogumelo - ANTDERGROUND","description":"Um formigueiro modular 10x10 com um cogumelo que n\u00e3o pode faltar na casa de nenhum f\u00e3 de formigas. Vendemos formigas de sucesso de todo o mundo","robots":{"index":"index","follow":"follow","max-snippet":"max-snippet:-1","max-image-preview":"max-image-preview:large","max-video-preview":"max-video-preview:-1"},"canonical":"https:\/\/antderground.com\/pt-br\/produto\/formigueiro-modular-10-x-10-com-cogumelo\/","og_locale":"pt_BR","og_type":"article","og_title":"Formigueiro modular 10 x 10 com cogumelo - ANTDERGROUND","og_description":"Um formigueiro modular 10x10 com um cogumelo que n\u00e3o pode faltar na casa de nenhum f\u00e3 de formigas. Vendemos formigas de sucesso de todo o mundo","og_url":"https:\/\/antderground.com\/pt-br\/produto\/formigueiro-modular-10-x-10-com-cogumelo\/","og_site_name":"ANTDERGROUND","og_image":[{"width":591,"height":601,"url":"https:\/\/antderground.com\/wp-content\/uploads\/2021\/09\/hormiguero-modular-seta.jpg","type":"image\/jpeg"}],"twitter_card":"summary_large_image","twitter_misc":{"Est. tempo de leitura":"1 minuto"},"schema":{"@context":"https:\/\/schema.org","@graph":[{"@type":"WebPage","@id":"https:\/\/antderground.com\/pt-br\/produto\/formigueiro-modular-10-x-10-com-cogumelo\/","url":"https:\/\/antderground.com\/pt-br\/produto\/formigueiro-modular-10-x-10-com-cogumelo\/","name":"Formigueiro modular 10 x 10 com cogumelo - ANTDERGROUND","isPartOf":{"@id":"https:\/\/antderground.com\/pt-br\/#website"},"primaryImageOfPage":{"@id":"https:\/\/antderground.com\/pt-br\/produto\/formigueiro-modular-10-x-10-com-cogumelo\/#primaryimage"},"image":{"@id":"https:\/\/antderground.com\/pt-br\/produto\/formigueiro-modular-10-x-10-com-cogumelo\/#primaryimage"},"thumbnailUrl":"https:\/\/antderground.com\/wp-content\/uploads\/2021\/09\/hormiguero-modular-seta.jpg","datePublished":"2021-09-20T07:00:54+00:00","description":"Um formigueiro modular 10x10 com um cogumelo que n\u00e3o pode faltar na casa de nenhum f\u00e3 de formigas. Vendemos formigas de sucesso de todo o mundo","breadcrumb":{"@id":"https:\/\/antderground.com\/pt-br\/produto\/formigueiro-modular-10-x-10-com-cogumelo\/#breadcrumb"},"inLanguage":"pt-BR","potentialAction":[{"@type":"ReadAction","target":["https:\/\/antderground.com\/pt-br\/produto\/formigueiro-modular-10-x-10-com-cogumelo\/"]}]},{"@type":"ImageObject","inLanguage":"pt-BR","@id":"https:\/\/antderground.com\/pt-br\/produto\/formigueiro-modular-10-x-10-com-cogumelo\/#primaryimage","url":"https:\/\/antderground.com\/wp-content\/uploads\/2021\/09\/hormiguero-modular-seta.jpg","contentUrl":"https:\/\/antderground.com\/wp-content\/uploads\/2021\/09\/hormiguero-modular-seta.jpg","width":591,"height":601,"caption":"Formigueiro modular 10 x 10 com cogumelo"},{"@type":"BreadcrumbList","@id":"https:\/\/antderground.com\/pt-br\/produto\/formigueiro-modular-10-x-10-com-cogumelo\/#breadcrumb","itemListElement":[{"@type":"ListItem","position":1,"name":"Portada","item":"https:\/\/antderground.com\/pt-br\/"},{"@type":"ListItem","position":2,"name":"Produtos","item":"https:\/\/antderground.com\/pt-br\/loja-de-formigueiros\/"},{"@type":"ListItem","position":3,"name":"Formigueiro modular 10 x 10 com cogumelo"}]},{"@type":"WebSite","@id":"https:\/\/antderground.com\/pt-br\/#website","url":"https:\/\/antderground.com\/pt-br\/","name":"ANTDERGROUND","description":"Tu tienda de hormigas, gran variedad de hormigueros acr\u00edlicos,madera,arena,3D y mas.. Pide tus hormigas gratis con tu pedido, somos expertos en hormigueros antifugas.","publisher":{"@id":"https:\/\/antderground.com\/pt-br\/#\/schema\/person\/0e322c505e84fe72c65e2f6d08f96b81"},"alternateName":"Antderground","potentialAction":[{"@type":"SearchAction","target":{"@type":"EntryPoint","urlTemplate":"https:\/\/antderground.com\/pt-br\/?s={search_term_string}"},"query-input":{"@type":"PropertyValueSpecification","valueRequired":true,"valueName":"search_term_string"}}],"inLanguage":"pt-BR"},{"@type":["Person","Organization"],"@id":"https:\/\/antderground.com\/pt-br\/#\/schema\/person\/0e322c505e84fe72c65e2f6d08f96b81","name":"Eric de Antderground","image":{"@type":"ImageObject","inLanguage":"pt-BR","@id":"https:\/\/secure.gravatar.com\/avatar\/c49a1b9f79216d1498cb73c1e85cd47f4465dda35f2a94c03790d491bd4423c3?s=96&d=mm&r=g","url":"https:\/\/secure.gravatar.com\/avatar\/c49a1b9f79216d1498cb73c1e85cd47f4465dda35f2a94c03790d491bd4423c3?s=96&d=mm&r=g","contentUrl":"https:\/\/secure.gravatar.com\/avatar\/c49a1b9f79216d1498cb73c1e85cd47f4465dda35f2a94c03790d491bd4423c3?s=96&d=mm&r=g","caption":"Eric de Antderground"},"logo":{"@id":"https:\/\/secure.gravatar.com\/avatar\/c49a1b9f79216d1498cb73c1e85cd47f4465dda35f2a94c03790d491bd4423c3?s=96&d=mm&r=g"},"description":"Eric es el especialista y fundador de Antderground, con una amplia trayectoria en artr\u00f3podos y enfocado en la mirmecolog\u00eda y el dise\u00f1o de hormigueros artificiales. Su enfoque combina la innovaci\u00f3n t\u00e9cnica con el respeto por la biolog\u00eda de las hormigas, is\u00f3podos y otros, desarrollando sistemas de nidos modulares 3D y acr\u00edlicos que son referentes para aficionados y profesionales en toda Europa. Su objetivo es facilitar la cr\u00eda de hormigas y otros artr\u00f3podos mediante soluciones seguras y divulgaci\u00f3n de calidad.","sameAs":["https:\/\/antderground.com\/","https:\/\/www.youtube.com\/channel\/UCio72z7TlbufkAthAJIJfPw"]}]}},"_links":{"self":[{"href":"https:\/\/antderground.com\/pt-br\/wp-json\/wp\/v2\/product\/19224","targetHints":{"allow":["GET"]}}],"collection":[{"href":"https:\/\/antderground.com\/pt-br\/wp-json\/wp\/v2\/product"}],"about":[{"href":"https:\/\/antderground.com\/pt-br\/wp-json\/wp\/v2\/types\/product"}],"version-history":[{"count":0,"href":"https:\/\/antderground.com\/pt-br\/wp-json\/wp\/v2\/product\/19224\/revisions"}],"wp:featuredmedia":[{"embeddable":true,"href":"https:\/\/antderground.com\/pt-br\/wp-json\/wp\/v2\/media\/19227"}],"wp:attachment":[{"href":"https:\/\/antderground.com\/pt-br\/wp-json\/wp\/v2\/media?parent=19224"}],"wp:term":[{"taxonomy":"product_brand","embeddable":true,"href":"https:\/\/antderground.com\/pt-br\/wp-json\/wp\/v2\/product_brand?post=19224"},{"taxonomy":"product_cat","embeddable":true,"href":"https:\/\/antderground.com\/pt-br\/wp-json\/wp\/v2\/product_cat?post=19224"},{"taxonomy":"product_tag","embeddable":true,"href":"https:\/\/antderground.com\/pt-br\/wp-json\/wp\/v2\/product_tag?post=19224"}],"curies":[{"name":"wp","href":"https:\/\/api.w.org\/{rel}","templated":true}]}}