{"id":19300,"date":"2020-09-04T23:54:29","date_gmt":"2020-09-04T21:54:29","guid":{"rendered":"https:\/\/www.antderground.com\/producto\/bebedor-de-formigas-3-ml\/"},"modified":"2020-09-04T23:54:29","modified_gmt":"2020-09-04T21:54:29","slug":"bebedor-de-formigas-3-ml","status":"publish","type":"product","link":"https:\/\/antderground.com\/pt-br\/produto\/bebedor-de-formigas-3-ml\/","title":{"rendered":"Bebedor de formigas 3 ml"},"content":{"rendered":"<p>Bebedor de formigas de Antderground<\/p>\n<p>Conhe\u00e7a o bebedouro de formigas Antderground, ganhe um ponto de hidrata\u00e7\u00e3o e\/ou comida l\u00edquida nas proximidades, confort\u00e1vel e limpo. Gra\u00e7as aos nossos materiais e designs.<\/p>\n<p>Este bebedouro de formigas foi projetado para que v\u00e1rias formigas possam us\u00e1-lo ao mesmo tempo sem perder l\u00edquido.<\/p>\n<p>Gra\u00e7as a este bebedouro, a comida das formigas \u00e9 melhor conservada para que dure o maior tempo poss\u00edvel, j\u00e1 que a sua garrafa de vidro \u00e2mbar retarda a oxida\u00e7\u00e3o do conte\u00fado.<\/p>\n<p>Voc\u00ea pode usar este bebedouro de formigas com \u00e1gua, com (Ant nectar) da Antderground ou com seu l\u00edquido favorito.<\/p>\n","protected":false},"excerpt":{"rendered":"<p>Bebedor de formigas de 3 ml, criado por Antderground, garrafa de vidro \u00e2mbar para melhor conserva\u00e7\u00e3o dos alimentos.<\/p>\n","protected":false},"featured_media":19302,"template":"","meta":[],"product_brand":[],"product_cat":[389,395],"product_tag":[],"class_list":{"0":"post-19300","1":"product","2":"type-product","3":"status-publish","4":"has-post-thumbnail","6":"product_cat-acessorios","7":"product_cat-bebedores-e-alimentadores","9":"first","10":"instock","11":"sale","12":"shipping-taxable","13":"purchasable","14":"product-type-simple"},"yoast_head":"<!-- This site is optimized with the Yoast SEO plugin v27.3 - https:\/\/yoast.com\/product\/yoast-seo-wordpress\/ -->\n<title>Bebedor de formigas 3 ml - ANTDERGROUND<\/title>\n<meta name=\"description\" content=\"Descubra os bebedores de formigas antderground, o bebedouro ideal para as nossas formigas e formigueiros com a m\u00e1xima qualidade.\" \/>\n<meta name=\"robots\" content=\"index, follow, max-snippet:-1, max-image-preview:large, max-video-preview:-1\" \/>\n<link rel=\"canonical\" href=\"https:\/\/antderground.com\/pt-br\/produto\/bebedor-de-formigas-3-ml\/\" \/>\n<meta property=\"og:locale\" content=\"pt_BR\" \/>\n<meta property=\"og:type\" content=\"article\" \/>\n<meta property=\"og:title\" content=\"Bebedor de formigas 3 ml - ANTDERGROUND\" \/>\n<meta property=\"og:description\" content=\"Descubra os bebedores de formigas antderground, o bebedouro ideal para as nossas formigas e formigueiros com a m\u00e1xima qualidade.\" \/>\n<meta property=\"og:url\" content=\"https:\/\/antderground.com\/pt-br\/produto\/bebedor-de-formigas-3-ml\/\" \/>\n<meta property=\"og:site_name\" content=\"ANTDERGROUND\" \/>\n<meta property=\"og:image\" content=\"https:\/\/antderground.com\/wp-content\/uploads\/2020\/09\/bebedero-para-hormigas-3ml.jpg\" \/>\n\t<meta property=\"og:image:width\" content=\"591\" \/>\n\t<meta property=\"og:image:height\" content=\"601\" \/>\n\t<meta property=\"og:image:type\" content=\"image\/jpeg\" \/>\n<meta name=\"twitter:card\" content=\"summary_large_image\" \/>\n<meta name=\"twitter:label1\" content=\"Est. tempo de leitura\" \/>\n\t<meta name=\"twitter:data1\" content=\"1 minuto\" \/>\n<script type=\"application\/ld+json\" class=\"yoast-schema-graph\">{\"@context\":\"https:\\\/\\\/schema.org\",\"@graph\":[{\"@type\":\"WebPage\",\"@id\":\"https:\\\/\\\/antderground.com\\\/pt-br\\\/produto\\\/bebedor-de-formigas-3-ml\\\/\",\"url\":\"https:\\\/\\\/antderground.com\\\/pt-br\\\/produto\\\/bebedor-de-formigas-3-ml\\\/\",\"name\":\"Bebedor de formigas 3 ml - ANTDERGROUND\",\"isPartOf\":{\"@id\":\"https:\\\/\\\/antderground.com\\\/pt-br\\\/#website\"},\"primaryImageOfPage\":{\"@id\":\"https:\\\/\\\/antderground.com\\\/pt-br\\\/produto\\\/bebedor-de-formigas-3-ml\\\/#primaryimage\"},\"image\":{\"@id\":\"https:\\\/\\\/antderground.com\\\/pt-br\\\/produto\\\/bebedor-de-formigas-3-ml\\\/#primaryimage\"},\"thumbnailUrl\":\"https:\\\/\\\/antderground.com\\\/wp-content\\\/uploads\\\/2020\\\/09\\\/bebedero-para-hormigas-3ml.jpg\",\"datePublished\":\"2020-09-04T21:54:29+00:00\",\"description\":\"Descubra os bebedores de formigas antderground, o bebedouro ideal para as nossas formigas e formigueiros com a m\u00e1xima qualidade.\",\"breadcrumb\":{\"@id\":\"https:\\\/\\\/antderground.com\\\/pt-br\\\/produto\\\/bebedor-de-formigas-3-ml\\\/#breadcrumb\"},\"inLanguage\":\"pt-BR\",\"potentialAction\":[{\"@type\":\"ReadAction\",\"target\":[\"https:\\\/\\\/antderground.com\\\/pt-br\\\/produto\\\/bebedor-de-formigas-3-ml\\\/\"]}]},{\"@type\":\"ImageObject\",\"inLanguage\":\"pt-BR\",\"@id\":\"https:\\\/\\\/antderground.com\\\/pt-br\\\/produto\\\/bebedor-de-formigas-3-ml\\\/#primaryimage\",\"url\":\"https:\\\/\\\/antderground.com\\\/wp-content\\\/uploads\\\/2020\\\/09\\\/bebedero-para-hormigas-3ml.jpg\",\"contentUrl\":\"https:\\\/\\\/antderground.com\\\/wp-content\\\/uploads\\\/2020\\\/09\\\/bebedero-para-hormigas-3ml.jpg\",\"width\":591,\"height\":601},{\"@type\":\"BreadcrumbList\",\"@id\":\"https:\\\/\\\/antderground.com\\\/pt-br\\\/produto\\\/bebedor-de-formigas-3-ml\\\/#breadcrumb\",\"itemListElement\":[{\"@type\":\"ListItem\",\"position\":1,\"name\":\"Portada\",\"item\":\"https:\\\/\\\/antderground.com\\\/pt-br\\\/\"},{\"@type\":\"ListItem\",\"position\":2,\"name\":\"Produtos\",\"item\":\"https:\\\/\\\/antderground.com\\\/pt-br\\\/loja-de-formigueiros\\\/\"},{\"@type\":\"ListItem\",\"position\":3,\"name\":\"Bebedor de formigas 3 ml\"}]},{\"@type\":\"WebSite\",\"@id\":\"https:\\\/\\\/antderground.com\\\/pt-br\\\/#website\",\"url\":\"https:\\\/\\\/antderground.com\\\/pt-br\\\/\",\"name\":\"ANTDERGROUND\",\"description\":\"Tu tienda de hormigas, gran variedad de hormigueros acr\u00edlicos,madera,arena,3D y mas.. Pide tus hormigas gratis con tu pedido, somos expertos en hormigueros antifugas.\",\"publisher\":{\"@id\":\"https:\\\/\\\/antderground.com\\\/pt-br\\\/#\\\/schema\\\/person\\\/0e322c505e84fe72c65e2f6d08f96b81\"},\"alternateName\":\"Antderground\",\"potentialAction\":[{\"@type\":\"SearchAction\",\"target\":{\"@type\":\"EntryPoint\",\"urlTemplate\":\"https:\\\/\\\/antderground.com\\\/pt-br\\\/?s={search_term_string}\"},\"query-input\":{\"@type\":\"PropertyValueSpecification\",\"valueRequired\":true,\"valueName\":\"search_term_string\"}}],\"inLanguage\":\"pt-BR\"},{\"@type\":[\"Person\",\"Organization\"],\"@id\":\"https:\\\/\\\/antderground.com\\\/pt-br\\\/#\\\/schema\\\/person\\\/0e322c505e84fe72c65e2f6d08f96b81\",\"name\":\"Eric de Antderground\",\"image\":{\"@type\":\"ImageObject\",\"inLanguage\":\"pt-BR\",\"@id\":\"https:\\\/\\\/secure.gravatar.com\\\/avatar\\\/c49a1b9f79216d1498cb73c1e85cd47f4465dda35f2a94c03790d491bd4423c3?s=96&d=mm&r=g\",\"url\":\"https:\\\/\\\/secure.gravatar.com\\\/avatar\\\/c49a1b9f79216d1498cb73c1e85cd47f4465dda35f2a94c03790d491bd4423c3?s=96&d=mm&r=g\",\"contentUrl\":\"https:\\\/\\\/secure.gravatar.com\\\/avatar\\\/c49a1b9f79216d1498cb73c1e85cd47f4465dda35f2a94c03790d491bd4423c3?s=96&d=mm&r=g\",\"caption\":\"Eric de Antderground\"},\"logo\":{\"@id\":\"https:\\\/\\\/secure.gravatar.com\\\/avatar\\\/c49a1b9f79216d1498cb73c1e85cd47f4465dda35f2a94c03790d491bd4423c3?s=96&d=mm&r=g\"},\"description\":\"Eric es el especialista y fundador de Antderground, con una amplia trayectoria en artr\u00f3podos y enfocado en la mirmecolog\u00eda y el dise\u00f1o de hormigueros artificiales. Su enfoque combina la innovaci\u00f3n t\u00e9cnica con el respeto por la biolog\u00eda de las hormigas, is\u00f3podos y otros, desarrollando sistemas de nidos modulares 3D y acr\u00edlicos que son referentes para aficionados y profesionales en toda Europa. Su objetivo es facilitar la cr\u00eda de hormigas y otros artr\u00f3podos mediante soluciones seguras y divulgaci\u00f3n de calidad.\",\"sameAs\":[\"https:\\\/\\\/antderground.com\\\/\",\"https:\\\/\\\/www.youtube.com\\\/channel\\\/UCio72z7TlbufkAthAJIJfPw\"]}]}<\/script>\n<!-- \/ Yoast SEO plugin. -->","yoast_head_json":{"title":"Bebedor de formigas 3 ml - ANTDERGROUND","description":"Descubra os bebedores de formigas antderground, o bebedouro ideal para as nossas formigas e formigueiros com a m\u00e1xima qualidade.","robots":{"index":"index","follow":"follow","max-snippet":"max-snippet:-1","max-image-preview":"max-image-preview:large","max-video-preview":"max-video-preview:-1"},"canonical":"https:\/\/antderground.com\/pt-br\/produto\/bebedor-de-formigas-3-ml\/","og_locale":"pt_BR","og_type":"article","og_title":"Bebedor de formigas 3 ml - ANTDERGROUND","og_description":"Descubra os bebedores de formigas antderground, o bebedouro ideal para as nossas formigas e formigueiros com a m\u00e1xima qualidade.","og_url":"https:\/\/antderground.com\/pt-br\/produto\/bebedor-de-formigas-3-ml\/","og_site_name":"ANTDERGROUND","og_image":[{"width":591,"height":601,"url":"https:\/\/antderground.com\/wp-content\/uploads\/2020\/09\/bebedero-para-hormigas-3ml.jpg","type":"image\/jpeg"}],"twitter_card":"summary_large_image","twitter_misc":{"Est. tempo de leitura":"1 minuto"},"schema":{"@context":"https:\/\/schema.org","@graph":[{"@type":"WebPage","@id":"https:\/\/antderground.com\/pt-br\/produto\/bebedor-de-formigas-3-ml\/","url":"https:\/\/antderground.com\/pt-br\/produto\/bebedor-de-formigas-3-ml\/","name":"Bebedor de formigas 3 ml - ANTDERGROUND","isPartOf":{"@id":"https:\/\/antderground.com\/pt-br\/#website"},"primaryImageOfPage":{"@id":"https:\/\/antderground.com\/pt-br\/produto\/bebedor-de-formigas-3-ml\/#primaryimage"},"image":{"@id":"https:\/\/antderground.com\/pt-br\/produto\/bebedor-de-formigas-3-ml\/#primaryimage"},"thumbnailUrl":"https:\/\/antderground.com\/wp-content\/uploads\/2020\/09\/bebedero-para-hormigas-3ml.jpg","datePublished":"2020-09-04T21:54:29+00:00","description":"Descubra os bebedores de formigas antderground, o bebedouro ideal para as nossas formigas e formigueiros com a m\u00e1xima qualidade.","breadcrumb":{"@id":"https:\/\/antderground.com\/pt-br\/produto\/bebedor-de-formigas-3-ml\/#breadcrumb"},"inLanguage":"pt-BR","potentialAction":[{"@type":"ReadAction","target":["https:\/\/antderground.com\/pt-br\/produto\/bebedor-de-formigas-3-ml\/"]}]},{"@type":"ImageObject","inLanguage":"pt-BR","@id":"https:\/\/antderground.com\/pt-br\/produto\/bebedor-de-formigas-3-ml\/#primaryimage","url":"https:\/\/antderground.com\/wp-content\/uploads\/2020\/09\/bebedero-para-hormigas-3ml.jpg","contentUrl":"https:\/\/antderground.com\/wp-content\/uploads\/2020\/09\/bebedero-para-hormigas-3ml.jpg","width":591,"height":601},{"@type":"BreadcrumbList","@id":"https:\/\/antderground.com\/pt-br\/produto\/bebedor-de-formigas-3-ml\/#breadcrumb","itemListElement":[{"@type":"ListItem","position":1,"name":"Portada","item":"https:\/\/antderground.com\/pt-br\/"},{"@type":"ListItem","position":2,"name":"Produtos","item":"https:\/\/antderground.com\/pt-br\/loja-de-formigueiros\/"},{"@type":"ListItem","position":3,"name":"Bebedor de formigas 3 ml"}]},{"@type":"WebSite","@id":"https:\/\/antderground.com\/pt-br\/#website","url":"https:\/\/antderground.com\/pt-br\/","name":"ANTDERGROUND","description":"Tu tienda de hormigas, gran variedad de hormigueros acr\u00edlicos,madera,arena,3D y mas.. Pide tus hormigas gratis con tu pedido, somos expertos en hormigueros antifugas.","publisher":{"@id":"https:\/\/antderground.com\/pt-br\/#\/schema\/person\/0e322c505e84fe72c65e2f6d08f96b81"},"alternateName":"Antderground","potentialAction":[{"@type":"SearchAction","target":{"@type":"EntryPoint","urlTemplate":"https:\/\/antderground.com\/pt-br\/?s={search_term_string}"},"query-input":{"@type":"PropertyValueSpecification","valueRequired":true,"valueName":"search_term_string"}}],"inLanguage":"pt-BR"},{"@type":["Person","Organization"],"@id":"https:\/\/antderground.com\/pt-br\/#\/schema\/person\/0e322c505e84fe72c65e2f6d08f96b81","name":"Eric de Antderground","image":{"@type":"ImageObject","inLanguage":"pt-BR","@id":"https:\/\/secure.gravatar.com\/avatar\/c49a1b9f79216d1498cb73c1e85cd47f4465dda35f2a94c03790d491bd4423c3?s=96&d=mm&r=g","url":"https:\/\/secure.gravatar.com\/avatar\/c49a1b9f79216d1498cb73c1e85cd47f4465dda35f2a94c03790d491bd4423c3?s=96&d=mm&r=g","contentUrl":"https:\/\/secure.gravatar.com\/avatar\/c49a1b9f79216d1498cb73c1e85cd47f4465dda35f2a94c03790d491bd4423c3?s=96&d=mm&r=g","caption":"Eric de Antderground"},"logo":{"@id":"https:\/\/secure.gravatar.com\/avatar\/c49a1b9f79216d1498cb73c1e85cd47f4465dda35f2a94c03790d491bd4423c3?s=96&d=mm&r=g"},"description":"Eric es el especialista y fundador de Antderground, con una amplia trayectoria en artr\u00f3podos y enfocado en la mirmecolog\u00eda y el dise\u00f1o de hormigueros artificiales. Su enfoque combina la innovaci\u00f3n t\u00e9cnica con el respeto por la biolog\u00eda de las hormigas, is\u00f3podos y otros, desarrollando sistemas de nidos modulares 3D y acr\u00edlicos que son referentes para aficionados y profesionales en toda Europa. Su objetivo es facilitar la cr\u00eda de hormigas y otros artr\u00f3podos mediante soluciones seguras y divulgaci\u00f3n de calidad.","sameAs":["https:\/\/antderground.com\/","https:\/\/www.youtube.com\/channel\/UCio72z7TlbufkAthAJIJfPw"]}]}},"_links":{"self":[{"href":"https:\/\/antderground.com\/pt-br\/wp-json\/wp\/v2\/product\/19300","targetHints":{"allow":["GET"]}}],"collection":[{"href":"https:\/\/antderground.com\/pt-br\/wp-json\/wp\/v2\/product"}],"about":[{"href":"https:\/\/antderground.com\/pt-br\/wp-json\/wp\/v2\/types\/product"}],"version-history":[{"count":0,"href":"https:\/\/antderground.com\/pt-br\/wp-json\/wp\/v2\/product\/19300\/revisions"}],"wp:featuredmedia":[{"embeddable":true,"href":"https:\/\/antderground.com\/pt-br\/wp-json\/wp\/v2\/media\/19302"}],"wp:attachment":[{"href":"https:\/\/antderground.com\/pt-br\/wp-json\/wp\/v2\/media?parent=19300"}],"wp:term":[{"taxonomy":"product_brand","embeddable":true,"href":"https:\/\/antderground.com\/pt-br\/wp-json\/wp\/v2\/product_brand?post=19300"},{"taxonomy":"product_cat","embeddable":true,"href":"https:\/\/antderground.com\/pt-br\/wp-json\/wp\/v2\/product_cat?post=19300"},{"taxonomy":"product_tag","embeddable":true,"href":"https:\/\/antderground.com\/pt-br\/wp-json\/wp\/v2\/product_tag?post=19300"}],"curies":[{"name":"wp","href":"https:\/\/api.w.org\/{rel}","templated":true}]}}