{"id":19381,"date":"2020-01-11T14:25:29","date_gmt":"2020-01-11T13:25:29","guid":{"rendered":"https:\/\/www.antderground.com\/producto\/formigueiro-vertical-de-madeira-com-area-de-forrageamento-integrada\/"},"modified":"2020-01-11T14:25:29","modified_gmt":"2020-01-11T13:25:29","slug":"formigueiro-vertical-de-madeira-com-area-de-forrageamento-integrada","status":"publish","type":"product","link":"https:\/\/antderground.com\/pt-br\/produto\/formigueiro-vertical-de-madeira-com-area-de-forrageamento-integrada\/","title":{"rendered":"Formigueiro vertical de madeira com \u00e1rea de forrageamento integrada"},"content":{"rendered":"<p>Formigueiro de madeira vertical.<\/p>\n<p>Um formigueiro antderground ideal para esp\u00e9cies de \u00e1rvores.<\/p>\n<p>Exemplos de esp\u00e9cies de formigas:<br \/>\n(Crematogaster Scutellaris, Camponotus Barbaricus, Camponotus Herculeanus) etc&#8230;<\/p>\n<p>galerias de madeira<\/p>\n<p>Suas galerias s\u00e3o projetadas para que tenham espa\u00e7o suficiente para qualquer tipo de formiga que queiramos ter.<br \/>\nAs galerias de madeira s\u00e3o integradas a uma &#8220;c\u00e1psula&#8221; de metacrilato para evitar vazamentos e oferecer ventila\u00e7\u00e3o para as esp\u00e9cies que dela necessitam.<\/p>\n<p>O metacrilato que forma a c\u00e1psula de madeira \u00e9 branco opaco para que nenhuma luz entre no ninho.<\/p>\n<p>bebedor<\/p>\n<p>O bebedouro consiste em um plugue com um tubo afastado da \u00e1rea do ninho, pois as esp\u00e9cies de formigas arb\u00f3reas n\u00e3o precisam de muita umidade, evitando que a madeira sofra danos causados \u200b\u200bpela \u00e1gua.<\/p>\n<p>O formigueiro possui uma grande \u00e1rea de forrageamento para que as formigas possam forragear tranquilamente e pode ser decorado de acordo com o consumidor.<\/p>\n<p>Possui tamb\u00e9m ventila\u00e7\u00e3o lateral e ventila\u00e7\u00e3o na parte superior da \u00e1rea de forrageamento, e uma porta que funciona como entrada e sa\u00edda para o formigueiro para poss\u00edveis movimenta\u00e7\u00f5es ou conex\u00f5es com outros formigueiros.<\/p>\n<p>Em resumo: o formigueiro vertical de madeira para esp\u00e9cies arb\u00f3reas \u00e9 um formigueiro funcional, de qualidade e com pre\u00e7o imbat\u00edvel.<\/p>\n","protected":false},"excerpt":{"rendered":"<p>Formigueiro vertical de madeira.<br \/>\nAmpla \u00e1rea de forrageamento.<br \/>\nSistema de beber tubo.<br \/>\nVentila\u00e7\u00e3o tanto no ninho quanto no forrageamento.<\/p>\n","protected":false},"featured_media":27491,"template":"","meta":[],"product_brand":[],"product_cat":[379,378,474],"product_tag":[406,380,407],"class_list":{"0":"post-19381","1":"product","2":"type-product","3":"status-publish","4":"has-post-thumbnail","6":"product_cat-formigueiros","7":"product_cat-formigueiros-verticais","8":"product_cat-ofertas-pt-br","9":"product_tag-formigueiro-de-madeira","10":"product_tag-formigueiro-vertical","11":"product_tag-formigueiro-vertical-de-madeira","13":"first","14":"instock","15":"shipping-taxable","16":"purchasable","17":"product-type-simple"},"yoast_head":"<!-- This site is optimized with the Yoast SEO plugin v27.4 - https:\/\/yoast.com\/product\/yoast-seo-wordpress\/ -->\n<title>Formigueiro vertical de madeira - Antderground formigueiros<\/title>\n<meta name=\"description\" content=\"Formigueiro de madeira vertical. Formigueiro de madeira com design exclusivo. Compre o ninho de formigas vertical para formigas de baixa umidade.\" \/>\n<meta name=\"robots\" content=\"index, follow, max-snippet:-1, max-image-preview:large, max-video-preview:-1\" \/>\n<link rel=\"canonical\" href=\"https:\/\/antderground.com\/pt-br\/produto\/formigueiro-vertical-de-madeira-com-area-de-forrageamento-integrada\/\" \/>\n<meta property=\"og:locale\" content=\"pt_BR\" \/>\n<meta property=\"og:type\" content=\"article\" \/>\n<meta property=\"og:title\" content=\"Formigueiro vertical de madeira - Antderground formigueiros\" \/>\n<meta property=\"og:description\" content=\"Formigueiro de madeira vertical. Formigueiro de madeira com design exclusivo. Compre o ninho de formigas vertical para formigas de baixa umidade.\" \/>\n<meta property=\"og:url\" content=\"https:\/\/antderground.com\/pt-br\/produto\/formigueiro-vertical-de-madeira-com-area-de-forrageamento-integrada\/\" \/>\n<meta property=\"og:site_name\" content=\"ANTDERGROUND\" \/>\n<meta property=\"og:image\" content=\"https:\/\/antderground.com\/wp-content\/uploads\/2020\/01\/oferta-bona-base.jpg\" \/>\n\t<meta property=\"og:image:width\" content=\"850\" \/>\n\t<meta property=\"og:image:height\" content=\"850\" \/>\n\t<meta property=\"og:image:type\" content=\"image\/jpeg\" \/>\n<meta name=\"twitter:card\" content=\"summary_large_image\" \/>\n<meta name=\"twitter:label1\" content=\"Est. tempo de leitura\" \/>\n\t<meta name=\"twitter:data1\" content=\"1 minuto\" \/>\n<script type=\"application\/ld+json\" class=\"yoast-schema-graph\">{\"@context\":\"https:\\\/\\\/schema.org\",\"@graph\":[{\"@type\":\"WebPage\",\"@id\":\"https:\\\/\\\/antderground.com\\\/pt-br\\\/produto\\\/formigueiro-vertical-de-madeira-com-area-de-forrageamento-integrada\\\/\",\"url\":\"https:\\\/\\\/antderground.com\\\/pt-br\\\/produto\\\/formigueiro-vertical-de-madeira-com-area-de-forrageamento-integrada\\\/\",\"name\":\"Formigueiro vertical de madeira - Antderground formigueiros\",\"isPartOf\":{\"@id\":\"https:\\\/\\\/antderground.com\\\/pt-br\\\/#website\"},\"primaryImageOfPage\":{\"@id\":\"https:\\\/\\\/antderground.com\\\/pt-br\\\/produto\\\/formigueiro-vertical-de-madeira-com-area-de-forrageamento-integrada\\\/#primaryimage\"},\"image\":{\"@id\":\"https:\\\/\\\/antderground.com\\\/pt-br\\\/produto\\\/formigueiro-vertical-de-madeira-com-area-de-forrageamento-integrada\\\/#primaryimage\"},\"thumbnailUrl\":\"https:\\\/\\\/antderground.com\\\/wp-content\\\/uploads\\\/2020\\\/01\\\/formiguer-de-fusta-1-1.jpg\",\"datePublished\":\"2020-01-11T13:25:29+00:00\",\"description\":\"Formigueiro de madeira vertical. Formigueiro de madeira com design exclusivo. Compre o ninho de formigas vertical para formigas de baixa umidade.\",\"breadcrumb\":{\"@id\":\"https:\\\/\\\/antderground.com\\\/pt-br\\\/produto\\\/formigueiro-vertical-de-madeira-com-area-de-forrageamento-integrada\\\/#breadcrumb\"},\"inLanguage\":\"pt-BR\",\"potentialAction\":[{\"@type\":\"ReadAction\",\"target\":[\"https:\\\/\\\/antderground.com\\\/pt-br\\\/produto\\\/formigueiro-vertical-de-madeira-com-area-de-forrageamento-integrada\\\/\"]}]},{\"@type\":\"ImageObject\",\"inLanguage\":\"pt-BR\",\"@id\":\"https:\\\/\\\/antderground.com\\\/pt-br\\\/produto\\\/formigueiro-vertical-de-madeira-com-area-de-forrageamento-integrada\\\/#primaryimage\",\"url\":\"https:\\\/\\\/antderground.com\\\/wp-content\\\/uploads\\\/2020\\\/01\\\/formiguer-de-fusta-1-1.jpg\",\"contentUrl\":\"https:\\\/\\\/antderground.com\\\/wp-content\\\/uploads\\\/2020\\\/01\\\/formiguer-de-fusta-1-1.jpg\",\"width\":591,\"height\":601},{\"@type\":\"BreadcrumbList\",\"@id\":\"https:\\\/\\\/antderground.com\\\/pt-br\\\/produto\\\/formigueiro-vertical-de-madeira-com-area-de-forrageamento-integrada\\\/#breadcrumb\",\"itemListElement\":[{\"@type\":\"ListItem\",\"position\":1,\"name\":\"Portada\",\"item\":\"https:\\\/\\\/antderground.com\\\/pt-br\\\/\"},{\"@type\":\"ListItem\",\"position\":2,\"name\":\"Produtos\",\"item\":\"https:\\\/\\\/antderground.com\\\/pt-br\\\/loja-de-formigueiros\\\/\"},{\"@type\":\"ListItem\",\"position\":3,\"name\":\"Formigueiro vertical de madeira com \u00e1rea de forrageamento integrada\"}]},{\"@type\":\"WebSite\",\"@id\":\"https:\\\/\\\/antderground.com\\\/pt-br\\\/#website\",\"url\":\"https:\\\/\\\/antderground.com\\\/pt-br\\\/\",\"name\":\"ANTDERGROUND\",\"description\":\"Tu tienda de hormigas, gran variedad de hormigueros acr\u00edlicos,madera,arena,3D y mas.. Pide tus hormigas gratis con tu pedido, somos expertos en hormigueros antifugas.\",\"publisher\":{\"@id\":\"https:\\\/\\\/antderground.com\\\/pt-br\\\/#\\\/schema\\\/person\\\/0e322c505e84fe72c65e2f6d08f96b81\"},\"alternateName\":\"Antderground\",\"potentialAction\":[{\"@type\":\"SearchAction\",\"target\":{\"@type\":\"EntryPoint\",\"urlTemplate\":\"https:\\\/\\\/antderground.com\\\/pt-br\\\/?s={search_term_string}\"},\"query-input\":{\"@type\":\"PropertyValueSpecification\",\"valueRequired\":true,\"valueName\":\"search_term_string\"}}],\"inLanguage\":\"pt-BR\"},{\"@type\":[\"Person\",\"Organization\"],\"@id\":\"https:\\\/\\\/antderground.com\\\/pt-br\\\/#\\\/schema\\\/person\\\/0e322c505e84fe72c65e2f6d08f96b81\",\"name\":\"Eric de Antderground\",\"image\":{\"@type\":\"ImageObject\",\"inLanguage\":\"pt-BR\",\"@id\":\"https:\\\/\\\/secure.gravatar.com\\\/avatar\\\/c49a1b9f79216d1498cb73c1e85cd47f4465dda35f2a94c03790d491bd4423c3?s=96&d=mm&r=g\",\"url\":\"https:\\\/\\\/secure.gravatar.com\\\/avatar\\\/c49a1b9f79216d1498cb73c1e85cd47f4465dda35f2a94c03790d491bd4423c3?s=96&d=mm&r=g\",\"contentUrl\":\"https:\\\/\\\/secure.gravatar.com\\\/avatar\\\/c49a1b9f79216d1498cb73c1e85cd47f4465dda35f2a94c03790d491bd4423c3?s=96&d=mm&r=g\",\"caption\":\"Eric de Antderground\"},\"logo\":{\"@id\":\"https:\\\/\\\/secure.gravatar.com\\\/avatar\\\/c49a1b9f79216d1498cb73c1e85cd47f4465dda35f2a94c03790d491bd4423c3?s=96&d=mm&r=g\"},\"description\":\"Eric es el especialista y fundador de Antderground, con una amplia trayectoria en artr\u00f3podos y enfocado en la mirmecolog\u00eda y el dise\u00f1o de hormigueros artificiales. Su enfoque combina la innovaci\u00f3n t\u00e9cnica con el respeto por la biolog\u00eda de las hormigas, is\u00f3podos y otros, desarrollando sistemas de nidos modulares 3D y acr\u00edlicos que son referentes para aficionados y profesionales en toda Europa. Su objetivo es facilitar la cr\u00eda de hormigas y otros artr\u00f3podos mediante soluciones seguras y divulgaci\u00f3n de calidad.\",\"sameAs\":[\"https:\\\/\\\/antderground.com\\\/\",\"https:\\\/\\\/www.youtube.com\\\/channel\\\/UCio72z7TlbufkAthAJIJfPw\"]}]}<\/script>\n<!-- \/ Yoast SEO plugin. -->","yoast_head_json":{"title":"Formigueiro vertical de madeira - Antderground formigueiros","description":"Formigueiro de madeira vertical. Formigueiro de madeira com design exclusivo. Compre o ninho de formigas vertical para formigas de baixa umidade.","robots":{"index":"index","follow":"follow","max-snippet":"max-snippet:-1","max-image-preview":"max-image-preview:large","max-video-preview":"max-video-preview:-1"},"canonical":"https:\/\/antderground.com\/pt-br\/produto\/formigueiro-vertical-de-madeira-com-area-de-forrageamento-integrada\/","og_locale":"pt_BR","og_type":"article","og_title":"Formigueiro vertical de madeira - Antderground formigueiros","og_description":"Formigueiro de madeira vertical. Formigueiro de madeira com design exclusivo. Compre o ninho de formigas vertical para formigas de baixa umidade.","og_url":"https:\/\/antderground.com\/pt-br\/produto\/formigueiro-vertical-de-madeira-com-area-de-forrageamento-integrada\/","og_site_name":"ANTDERGROUND","og_image":[{"width":850,"height":850,"url":"https:\/\/antderground.com\/wp-content\/uploads\/2020\/01\/oferta-bona-base.jpg","type":"image\/jpeg"}],"twitter_card":"summary_large_image","twitter_misc":{"Est. tempo de leitura":"1 minuto"},"schema":{"@context":"https:\/\/schema.org","@graph":[{"@type":"WebPage","@id":"https:\/\/antderground.com\/pt-br\/produto\/formigueiro-vertical-de-madeira-com-area-de-forrageamento-integrada\/","url":"https:\/\/antderground.com\/pt-br\/produto\/formigueiro-vertical-de-madeira-com-area-de-forrageamento-integrada\/","name":"Formigueiro vertical de madeira - Antderground formigueiros","isPartOf":{"@id":"https:\/\/antderground.com\/pt-br\/#website"},"primaryImageOfPage":{"@id":"https:\/\/antderground.com\/pt-br\/produto\/formigueiro-vertical-de-madeira-com-area-de-forrageamento-integrada\/#primaryimage"},"image":{"@id":"https:\/\/antderground.com\/pt-br\/produto\/formigueiro-vertical-de-madeira-com-area-de-forrageamento-integrada\/#primaryimage"},"thumbnailUrl":"https:\/\/antderground.com\/wp-content\/uploads\/2020\/01\/formiguer-de-fusta-1-1.jpg","datePublished":"2020-01-11T13:25:29+00:00","description":"Formigueiro de madeira vertical. Formigueiro de madeira com design exclusivo. Compre o ninho de formigas vertical para formigas de baixa umidade.","breadcrumb":{"@id":"https:\/\/antderground.com\/pt-br\/produto\/formigueiro-vertical-de-madeira-com-area-de-forrageamento-integrada\/#breadcrumb"},"inLanguage":"pt-BR","potentialAction":[{"@type":"ReadAction","target":["https:\/\/antderground.com\/pt-br\/produto\/formigueiro-vertical-de-madeira-com-area-de-forrageamento-integrada\/"]}]},{"@type":"ImageObject","inLanguage":"pt-BR","@id":"https:\/\/antderground.com\/pt-br\/produto\/formigueiro-vertical-de-madeira-com-area-de-forrageamento-integrada\/#primaryimage","url":"https:\/\/antderground.com\/wp-content\/uploads\/2020\/01\/formiguer-de-fusta-1-1.jpg","contentUrl":"https:\/\/antderground.com\/wp-content\/uploads\/2020\/01\/formiguer-de-fusta-1-1.jpg","width":591,"height":601},{"@type":"BreadcrumbList","@id":"https:\/\/antderground.com\/pt-br\/produto\/formigueiro-vertical-de-madeira-com-area-de-forrageamento-integrada\/#breadcrumb","itemListElement":[{"@type":"ListItem","position":1,"name":"Portada","item":"https:\/\/antderground.com\/pt-br\/"},{"@type":"ListItem","position":2,"name":"Produtos","item":"https:\/\/antderground.com\/pt-br\/loja-de-formigueiros\/"},{"@type":"ListItem","position":3,"name":"Formigueiro vertical de madeira com \u00e1rea de forrageamento integrada"}]},{"@type":"WebSite","@id":"https:\/\/antderground.com\/pt-br\/#website","url":"https:\/\/antderground.com\/pt-br\/","name":"ANTDERGROUND","description":"Tu tienda de hormigas, gran variedad de hormigueros acr\u00edlicos,madera,arena,3D y mas.. Pide tus hormigas gratis con tu pedido, somos expertos en hormigueros antifugas.","publisher":{"@id":"https:\/\/antderground.com\/pt-br\/#\/schema\/person\/0e322c505e84fe72c65e2f6d08f96b81"},"alternateName":"Antderground","potentialAction":[{"@type":"SearchAction","target":{"@type":"EntryPoint","urlTemplate":"https:\/\/antderground.com\/pt-br\/?s={search_term_string}"},"query-input":{"@type":"PropertyValueSpecification","valueRequired":true,"valueName":"search_term_string"}}],"inLanguage":"pt-BR"},{"@type":["Person","Organization"],"@id":"https:\/\/antderground.com\/pt-br\/#\/schema\/person\/0e322c505e84fe72c65e2f6d08f96b81","name":"Eric de Antderground","image":{"@type":"ImageObject","inLanguage":"pt-BR","@id":"https:\/\/secure.gravatar.com\/avatar\/c49a1b9f79216d1498cb73c1e85cd47f4465dda35f2a94c03790d491bd4423c3?s=96&d=mm&r=g","url":"https:\/\/secure.gravatar.com\/avatar\/c49a1b9f79216d1498cb73c1e85cd47f4465dda35f2a94c03790d491bd4423c3?s=96&d=mm&r=g","contentUrl":"https:\/\/secure.gravatar.com\/avatar\/c49a1b9f79216d1498cb73c1e85cd47f4465dda35f2a94c03790d491bd4423c3?s=96&d=mm&r=g","caption":"Eric de Antderground"},"logo":{"@id":"https:\/\/secure.gravatar.com\/avatar\/c49a1b9f79216d1498cb73c1e85cd47f4465dda35f2a94c03790d491bd4423c3?s=96&d=mm&r=g"},"description":"Eric es el especialista y fundador de Antderground, con una amplia trayectoria en artr\u00f3podos y enfocado en la mirmecolog\u00eda y el dise\u00f1o de hormigueros artificiales. Su enfoque combina la innovaci\u00f3n t\u00e9cnica con el respeto por la biolog\u00eda de las hormigas, is\u00f3podos y otros, desarrollando sistemas de nidos modulares 3D y acr\u00edlicos que son referentes para aficionados y profesionales en toda Europa. Su objetivo es facilitar la cr\u00eda de hormigas y otros artr\u00f3podos mediante soluciones seguras y divulgaci\u00f3n de calidad.","sameAs":["https:\/\/antderground.com\/","https:\/\/www.youtube.com\/channel\/UCio72z7TlbufkAthAJIJfPw"]}]}},"_links":{"self":[{"href":"https:\/\/antderground.com\/pt-br\/wp-json\/wp\/v2\/product\/19381","targetHints":{"allow":["GET"]}}],"collection":[{"href":"https:\/\/antderground.com\/pt-br\/wp-json\/wp\/v2\/product"}],"about":[{"href":"https:\/\/antderground.com\/pt-br\/wp-json\/wp\/v2\/types\/product"}],"version-history":[{"count":0,"href":"https:\/\/antderground.com\/pt-br\/wp-json\/wp\/v2\/product\/19381\/revisions"}],"wp:featuredmedia":[{"embeddable":true,"href":"https:\/\/antderground.com\/pt-br\/wp-json\/wp\/v2\/media\/27491"}],"wp:attachment":[{"href":"https:\/\/antderground.com\/pt-br\/wp-json\/wp\/v2\/media?parent=19381"}],"wp:term":[{"taxonomy":"product_brand","embeddable":true,"href":"https:\/\/antderground.com\/pt-br\/wp-json\/wp\/v2\/product_brand?post=19381"},{"taxonomy":"product_cat","embeddable":true,"href":"https:\/\/antderground.com\/pt-br\/wp-json\/wp\/v2\/product_cat?post=19381"},{"taxonomy":"product_tag","embeddable":true,"href":"https:\/\/antderground.com\/pt-br\/wp-json\/wp\/v2\/product_tag?post=19381"}],"curies":[{"name":"wp","href":"https:\/\/api.w.org\/{rel}","templated":true}]}}