{"id":19450,"date":"2019-09-06T13:33:49","date_gmt":"2019-09-06T11:33:49","guid":{"rendered":"https:\/\/www.antderground.com\/producto\/tenebrio-molitor\/"},"modified":"2024-01-08T21:06:09","modified_gmt":"2024-01-08T20:06:09","slug":"tenebrio-molitor","status":"publish","type":"product","link":"https:\/\/antderground.com\/pt-br\/produto\/tenebrio-molitor\/","title":{"rendered":"TENEBRIO MOLITOR"},"content":{"rendered":"<p>25|100|500 GRAMOS DE TENEBRIO MOLITOR<\/p>\n<p><strong>Ficha T\u00e9cnica: Larva de Farinha (Tenebrio molitor)<\/strong><\/p>\n<p><strong>Classifica\u00e7\u00e3o:<\/strong><\/p>\n<ul>\n<li>Reino: Animalia<\/li>\n<li>Filo: Arthropoda<\/li>\n<li>Classe: Insecta<\/li>\n<li>Ordem: Coleoptera<\/li>\n<li>Fam\u00edlia: Tenebrionidae<\/li>\n<li>G\u00eanero: Tenebrio<\/li>\n<li>Esp\u00e9cie: Tenebrio molitor<\/li>\n<\/ul>\n<p><strong>Descri\u00e7\u00e3o:<\/strong><\/p>\n<ul>\n<li>Comprimento: 1,5 a 2,5 cent\u00edmetros.<\/li>\n<li>Cor: Marrom escuro.<\/li>\n<li>Morfologia: Corpo dividido em cabe\u00e7a, t\u00f3rax e abd\u00f4men. Possui seis patas, antenas e mand\u00edbulas desenvolvidas.<\/li>\n<\/ul>\n<p><strong>Ciclo de Vida:<\/strong><\/p>\n<ol>\n<li><strong>Ovo:<\/strong> O ciclo come\u00e7a com a postura de ovos pela f\u00eamea.<\/li>\n<li><strong>Larva:<\/strong> A larva, comumente conhecida como larva de farinha, \u00e9 a fase de crescimento mais ativa e se alimenta de materiais ricos em prote\u00ednas.<\/li>\n<li><strong>Pupa:<\/strong> A larva se transforma em pupa, onde ocorre a metamorfose.<\/li>\n<li><strong>Adulto:<\/strong> A pupa se desenvolve em um besouro adulto.<\/li>\n<\/ol>\n<p><strong>Habitat:<\/strong><\/p>\n<ul>\n<li>As larvas de farinha s\u00e3o adaptativas e s\u00e3o encontradas em ambientes escuros e quentes, como armaz\u00e9ns, celeiros e \u00e1reas de armazenamento de alimentos.<\/li>\n<\/ul>\n<p><strong>Alimenta\u00e7\u00e3o:<\/strong><\/p>\n<ul>\n<li>A fase larval se alimenta de materiais ricos em prote\u00ednas, como farinha, gr\u00e3os e outros produtos org\u00e2nicos. Os adultos consomem principalmente alimentos fibrosos.<\/li>\n<\/ul>\n<p><strong>Import\u00e2ncia Econ\u00f4mica:<\/strong><\/p>\n<ul>\n<li>Usadas como alimento para animais ex\u00f3ticos, r\u00e9pteis, aves e peixes devido ao seu alto teor de prote\u00ednas e valor nutricional.<\/li>\n<\/ul>\n<p><strong>Benef\u00edcios Ambientais:<\/strong><\/p>\n<ul>\n<li>Decompoem materiais org\u00e2nicos, contribuindo para o processo de decomposi\u00e7\u00e3o e reciclagem na natureza.<\/li>\n<\/ul>\n","protected":false},"excerpt":{"rendered":"<p>Tenebrio molitor (conhecido como larvas de farinha), um alimento vivo perfeito para animais ex\u00f3ticos e especialmente para certas esp\u00e9cies de formigas<\/p>\n","protected":false},"featured_media":18396,"template":"","meta":[],"product_brand":[],"product_cat":[398,666],"product_tag":[],"class_list":{"0":"post-19450","1":"product","2":"type-product","3":"status-publish","4":"has-post-thumbnail","6":"product_cat-alimentacao","7":"product_cat-alimentos-vivos","9":"first","10":"instock","11":"sale","12":"shipping-taxable","13":"purchasable","14":"product-type-variable"},"yoast_head":"<!-- This site is optimized with the Yoast SEO plugin v27.3 - https:\/\/yoast.com\/product\/yoast-seo-wordpress\/ -->\n<title>TENEBRIO MOLITOR (larvas de farinha) - ANTDERGROUND<\/title>\n<meta name=\"description\" content=\"Tenebrio Molitor ou conhecido como larvas de farinha \u00e9 um alimento vivo perfeito para nossas formigas e outros insetos. O mundo da mirmecologia!\" \/>\n<meta name=\"robots\" content=\"index, follow, max-snippet:-1, max-image-preview:large, max-video-preview:-1\" \/>\n<link rel=\"canonical\" href=\"https:\/\/antderground.com\/pt-br\/produto\/tenebrio-molitor\/\" \/>\n<meta property=\"og:locale\" content=\"pt_BR\" \/>\n<meta property=\"og:type\" content=\"article\" \/>\n<meta property=\"og:title\" content=\"TENEBRIO MOLITOR (larvas de farinha) - ANTDERGROUND\" \/>\n<meta property=\"og:description\" content=\"Tenebrio Molitor ou conhecido como larvas de farinha \u00e9 um alimento vivo perfeito para nossas formigas e outros insetos. O mundo da mirmecologia!\" \/>\n<meta property=\"og:url\" content=\"https:\/\/antderground.com\/pt-br\/produto\/tenebrio-molitor\/\" \/>\n<meta property=\"og:site_name\" content=\"ANTDERGROUND\" \/>\n<meta property=\"article:modified_time\" content=\"2024-01-08T20:06:09+00:00\" \/>\n<meta property=\"og:image\" content=\"https:\/\/antderground.com\/wp-content\/uploads\/2019\/09\/TENEBRIOS-PARA-HORMIGAS.jpg\" \/>\n\t<meta property=\"og:image:width\" content=\"567\" \/>\n\t<meta property=\"og:image:height\" content=\"567\" \/>\n\t<meta property=\"og:image:type\" content=\"image\/jpeg\" \/>\n<meta name=\"twitter:card\" content=\"summary_large_image\" \/>\n<meta name=\"twitter:label1\" content=\"Est. tempo de leitura\" \/>\n\t<meta name=\"twitter:data1\" content=\"1 minuto\" \/>\n<script type=\"application\/ld+json\" class=\"yoast-schema-graph\">{\"@context\":\"https:\\\/\\\/schema.org\",\"@graph\":[{\"@type\":\"WebPage\",\"@id\":\"https:\\\/\\\/antderground.com\\\/pt-br\\\/produto\\\/tenebrio-molitor\\\/\",\"url\":\"https:\\\/\\\/antderground.com\\\/pt-br\\\/produto\\\/tenebrio-molitor\\\/\",\"name\":\"TENEBRIO MOLITOR (larvas de farinha) - ANTDERGROUND\",\"isPartOf\":{\"@id\":\"https:\\\/\\\/antderground.com\\\/pt-br\\\/#website\"},\"primaryImageOfPage\":{\"@id\":\"https:\\\/\\\/antderground.com\\\/pt-br\\\/produto\\\/tenebrio-molitor\\\/#primaryimage\"},\"image\":{\"@id\":\"https:\\\/\\\/antderground.com\\\/pt-br\\\/produto\\\/tenebrio-molitor\\\/#primaryimage\"},\"thumbnailUrl\":\"https:\\\/\\\/antderground.com\\\/wp-content\\\/uploads\\\/2019\\\/09\\\/TENEBRIOS-PARA-HORMIGAS.jpg\",\"datePublished\":\"2019-09-06T11:33:49+00:00\",\"dateModified\":\"2024-01-08T20:06:09+00:00\",\"description\":\"Tenebrio Molitor ou conhecido como larvas de farinha \u00e9 um alimento vivo perfeito para nossas formigas e outros insetos. O mundo da mirmecologia!\",\"breadcrumb\":{\"@id\":\"https:\\\/\\\/antderground.com\\\/pt-br\\\/produto\\\/tenebrio-molitor\\\/#breadcrumb\"},\"inLanguage\":\"pt-BR\",\"potentialAction\":[{\"@type\":\"ReadAction\",\"target\":[\"https:\\\/\\\/antderground.com\\\/pt-br\\\/produto\\\/tenebrio-molitor\\\/\"]}]},{\"@type\":\"ImageObject\",\"inLanguage\":\"pt-BR\",\"@id\":\"https:\\\/\\\/antderground.com\\\/pt-br\\\/produto\\\/tenebrio-molitor\\\/#primaryimage\",\"url\":\"https:\\\/\\\/antderground.com\\\/wp-content\\\/uploads\\\/2019\\\/09\\\/TENEBRIOS-PARA-HORMIGAS.jpg\",\"contentUrl\":\"https:\\\/\\\/antderground.com\\\/wp-content\\\/uploads\\\/2019\\\/09\\\/TENEBRIOS-PARA-HORMIGAS.jpg\",\"width\":567,\"height\":567,\"caption\":\"larvas de farinha\"},{\"@type\":\"BreadcrumbList\",\"@id\":\"https:\\\/\\\/antderground.com\\\/pt-br\\\/produto\\\/tenebrio-molitor\\\/#breadcrumb\",\"itemListElement\":[{\"@type\":\"ListItem\",\"position\":1,\"name\":\"Portada\",\"item\":\"https:\\\/\\\/antderground.com\\\/pt-br\\\/\"},{\"@type\":\"ListItem\",\"position\":2,\"name\":\"Produtos\",\"item\":\"https:\\\/\\\/antderground.com\\\/pt-br\\\/loja-de-formigueiros\\\/\"},{\"@type\":\"ListItem\",\"position\":3,\"name\":\"TENEBRIO MOLITOR\"}]},{\"@type\":\"WebSite\",\"@id\":\"https:\\\/\\\/antderground.com\\\/pt-br\\\/#website\",\"url\":\"https:\\\/\\\/antderground.com\\\/pt-br\\\/\",\"name\":\"ANTDERGROUND\",\"description\":\"Tu tienda de hormigas, gran variedad de hormigueros acr\u00edlicos,madera,arena,3D y mas.. Pide tus hormigas gratis con tu pedido, somos expertos en hormigueros antifugas.\",\"publisher\":{\"@id\":\"https:\\\/\\\/antderground.com\\\/pt-br\\\/#\\\/schema\\\/person\\\/0e322c505e84fe72c65e2f6d08f96b81\"},\"alternateName\":\"Antderground\",\"potentialAction\":[{\"@type\":\"SearchAction\",\"target\":{\"@type\":\"EntryPoint\",\"urlTemplate\":\"https:\\\/\\\/antderground.com\\\/pt-br\\\/?s={search_term_string}\"},\"query-input\":{\"@type\":\"PropertyValueSpecification\",\"valueRequired\":true,\"valueName\":\"search_term_string\"}}],\"inLanguage\":\"pt-BR\"},{\"@type\":[\"Person\",\"Organization\"],\"@id\":\"https:\\\/\\\/antderground.com\\\/pt-br\\\/#\\\/schema\\\/person\\\/0e322c505e84fe72c65e2f6d08f96b81\",\"name\":\"Eric de Antderground\",\"image\":{\"@type\":\"ImageObject\",\"inLanguage\":\"pt-BR\",\"@id\":\"https:\\\/\\\/secure.gravatar.com\\\/avatar\\\/c49a1b9f79216d1498cb73c1e85cd47f4465dda35f2a94c03790d491bd4423c3?s=96&d=mm&r=g\",\"url\":\"https:\\\/\\\/secure.gravatar.com\\\/avatar\\\/c49a1b9f79216d1498cb73c1e85cd47f4465dda35f2a94c03790d491bd4423c3?s=96&d=mm&r=g\",\"contentUrl\":\"https:\\\/\\\/secure.gravatar.com\\\/avatar\\\/c49a1b9f79216d1498cb73c1e85cd47f4465dda35f2a94c03790d491bd4423c3?s=96&d=mm&r=g\",\"caption\":\"Eric de Antderground\"},\"logo\":{\"@id\":\"https:\\\/\\\/secure.gravatar.com\\\/avatar\\\/c49a1b9f79216d1498cb73c1e85cd47f4465dda35f2a94c03790d491bd4423c3?s=96&d=mm&r=g\"},\"description\":\"Eric es el especialista y fundador de Antderground, con una amplia trayectoria en artr\u00f3podos y enfocado en la mirmecolog\u00eda y el dise\u00f1o de hormigueros artificiales. Su enfoque combina la innovaci\u00f3n t\u00e9cnica con el respeto por la biolog\u00eda de las hormigas, is\u00f3podos y otros, desarrollando sistemas de nidos modulares 3D y acr\u00edlicos que son referentes para aficionados y profesionales en toda Europa. Su objetivo es facilitar la cr\u00eda de hormigas y otros artr\u00f3podos mediante soluciones seguras y divulgaci\u00f3n de calidad.\",\"sameAs\":[\"https:\\\/\\\/antderground.com\\\/\",\"https:\\\/\\\/www.youtube.com\\\/channel\\\/UCio72z7TlbufkAthAJIJfPw\"]}]}<\/script>\n<!-- \/ Yoast SEO plugin. -->","yoast_head_json":{"title":"TENEBRIO MOLITOR (larvas de farinha) - ANTDERGROUND","description":"Tenebrio Molitor ou conhecido como larvas de farinha \u00e9 um alimento vivo perfeito para nossas formigas e outros insetos. O mundo da mirmecologia!","robots":{"index":"index","follow":"follow","max-snippet":"max-snippet:-1","max-image-preview":"max-image-preview:large","max-video-preview":"max-video-preview:-1"},"canonical":"https:\/\/antderground.com\/pt-br\/produto\/tenebrio-molitor\/","og_locale":"pt_BR","og_type":"article","og_title":"TENEBRIO MOLITOR (larvas de farinha) - ANTDERGROUND","og_description":"Tenebrio Molitor ou conhecido como larvas de farinha \u00e9 um alimento vivo perfeito para nossas formigas e outros insetos. O mundo da mirmecologia!","og_url":"https:\/\/antderground.com\/pt-br\/produto\/tenebrio-molitor\/","og_site_name":"ANTDERGROUND","article_modified_time":"2024-01-08T20:06:09+00:00","og_image":[{"width":567,"height":567,"url":"https:\/\/antderground.com\/wp-content\/uploads\/2019\/09\/TENEBRIOS-PARA-HORMIGAS.jpg","type":"image\/jpeg"}],"twitter_card":"summary_large_image","twitter_misc":{"Est. tempo de leitura":"1 minuto"},"schema":{"@context":"https:\/\/schema.org","@graph":[{"@type":"WebPage","@id":"https:\/\/antderground.com\/pt-br\/produto\/tenebrio-molitor\/","url":"https:\/\/antderground.com\/pt-br\/produto\/tenebrio-molitor\/","name":"TENEBRIO MOLITOR (larvas de farinha) - ANTDERGROUND","isPartOf":{"@id":"https:\/\/antderground.com\/pt-br\/#website"},"primaryImageOfPage":{"@id":"https:\/\/antderground.com\/pt-br\/produto\/tenebrio-molitor\/#primaryimage"},"image":{"@id":"https:\/\/antderground.com\/pt-br\/produto\/tenebrio-molitor\/#primaryimage"},"thumbnailUrl":"https:\/\/antderground.com\/wp-content\/uploads\/2019\/09\/TENEBRIOS-PARA-HORMIGAS.jpg","datePublished":"2019-09-06T11:33:49+00:00","dateModified":"2024-01-08T20:06:09+00:00","description":"Tenebrio Molitor ou conhecido como larvas de farinha \u00e9 um alimento vivo perfeito para nossas formigas e outros insetos. O mundo da mirmecologia!","breadcrumb":{"@id":"https:\/\/antderground.com\/pt-br\/produto\/tenebrio-molitor\/#breadcrumb"},"inLanguage":"pt-BR","potentialAction":[{"@type":"ReadAction","target":["https:\/\/antderground.com\/pt-br\/produto\/tenebrio-molitor\/"]}]},{"@type":"ImageObject","inLanguage":"pt-BR","@id":"https:\/\/antderground.com\/pt-br\/produto\/tenebrio-molitor\/#primaryimage","url":"https:\/\/antderground.com\/wp-content\/uploads\/2019\/09\/TENEBRIOS-PARA-HORMIGAS.jpg","contentUrl":"https:\/\/antderground.com\/wp-content\/uploads\/2019\/09\/TENEBRIOS-PARA-HORMIGAS.jpg","width":567,"height":567,"caption":"larvas de farinha"},{"@type":"BreadcrumbList","@id":"https:\/\/antderground.com\/pt-br\/produto\/tenebrio-molitor\/#breadcrumb","itemListElement":[{"@type":"ListItem","position":1,"name":"Portada","item":"https:\/\/antderground.com\/pt-br\/"},{"@type":"ListItem","position":2,"name":"Produtos","item":"https:\/\/antderground.com\/pt-br\/loja-de-formigueiros\/"},{"@type":"ListItem","position":3,"name":"TENEBRIO MOLITOR"}]},{"@type":"WebSite","@id":"https:\/\/antderground.com\/pt-br\/#website","url":"https:\/\/antderground.com\/pt-br\/","name":"ANTDERGROUND","description":"Tu tienda de hormigas, gran variedad de hormigueros acr\u00edlicos,madera,arena,3D y mas.. Pide tus hormigas gratis con tu pedido, somos expertos en hormigueros antifugas.","publisher":{"@id":"https:\/\/antderground.com\/pt-br\/#\/schema\/person\/0e322c505e84fe72c65e2f6d08f96b81"},"alternateName":"Antderground","potentialAction":[{"@type":"SearchAction","target":{"@type":"EntryPoint","urlTemplate":"https:\/\/antderground.com\/pt-br\/?s={search_term_string}"},"query-input":{"@type":"PropertyValueSpecification","valueRequired":true,"valueName":"search_term_string"}}],"inLanguage":"pt-BR"},{"@type":["Person","Organization"],"@id":"https:\/\/antderground.com\/pt-br\/#\/schema\/person\/0e322c505e84fe72c65e2f6d08f96b81","name":"Eric de Antderground","image":{"@type":"ImageObject","inLanguage":"pt-BR","@id":"https:\/\/secure.gravatar.com\/avatar\/c49a1b9f79216d1498cb73c1e85cd47f4465dda35f2a94c03790d491bd4423c3?s=96&d=mm&r=g","url":"https:\/\/secure.gravatar.com\/avatar\/c49a1b9f79216d1498cb73c1e85cd47f4465dda35f2a94c03790d491bd4423c3?s=96&d=mm&r=g","contentUrl":"https:\/\/secure.gravatar.com\/avatar\/c49a1b9f79216d1498cb73c1e85cd47f4465dda35f2a94c03790d491bd4423c3?s=96&d=mm&r=g","caption":"Eric de Antderground"},"logo":{"@id":"https:\/\/secure.gravatar.com\/avatar\/c49a1b9f79216d1498cb73c1e85cd47f4465dda35f2a94c03790d491bd4423c3?s=96&d=mm&r=g"},"description":"Eric es el especialista y fundador de Antderground, con una amplia trayectoria en artr\u00f3podos y enfocado en la mirmecolog\u00eda y el dise\u00f1o de hormigueros artificiales. Su enfoque combina la innovaci\u00f3n t\u00e9cnica con el respeto por la biolog\u00eda de las hormigas, is\u00f3podos y otros, desarrollando sistemas de nidos modulares 3D y acr\u00edlicos que son referentes para aficionados y profesionales en toda Europa. Su objetivo es facilitar la cr\u00eda de hormigas y otros artr\u00f3podos mediante soluciones seguras y divulgaci\u00f3n de calidad.","sameAs":["https:\/\/antderground.com\/","https:\/\/www.youtube.com\/channel\/UCio72z7TlbufkAthAJIJfPw"]}]}},"_links":{"self":[{"href":"https:\/\/antderground.com\/pt-br\/wp-json\/wp\/v2\/product\/19450","targetHints":{"allow":["GET"]}}],"collection":[{"href":"https:\/\/antderground.com\/pt-br\/wp-json\/wp\/v2\/product"}],"about":[{"href":"https:\/\/antderground.com\/pt-br\/wp-json\/wp\/v2\/types\/product"}],"version-history":[{"count":0,"href":"https:\/\/antderground.com\/pt-br\/wp-json\/wp\/v2\/product\/19450\/revisions"}],"wp:featuredmedia":[{"embeddable":true,"href":"https:\/\/antderground.com\/pt-br\/wp-json\/wp\/v2\/media\/18396"}],"wp:attachment":[{"href":"https:\/\/antderground.com\/pt-br\/wp-json\/wp\/v2\/media?parent=19450"}],"wp:term":[{"taxonomy":"product_brand","embeddable":true,"href":"https:\/\/antderground.com\/pt-br\/wp-json\/wp\/v2\/product_brand?post=19450"},{"taxonomy":"product_cat","embeddable":true,"href":"https:\/\/antderground.com\/pt-br\/wp-json\/wp\/v2\/product_cat?post=19450"},{"taxonomy":"product_tag","embeddable":true,"href":"https:\/\/antderground.com\/pt-br\/wp-json\/wp\/v2\/product_tag?post=19450"}],"curies":[{"name":"wp","href":"https:\/\/api.w.org\/{rel}","templated":true}]}}