{"id":20277,"date":"2022-06-14T20:39:44","date_gmt":"2022-06-14T18:39:44","guid":{"rendered":"https:\/\/www.antderground.com\/producto\/formigueiro-especial-para-rainhas-com-tanque-vertical\/"},"modified":"2024-08-19T12:57:21","modified_gmt":"2024-08-19T10:57:21","slug":"formigueiro-especial-para-rainhas-com-tanque-vertical","status":"publish","type":"product","link":"https:\/\/antderground.com\/pt-br\/produto\/formigueiro-especial-para-rainhas-com-tanque-vertical\/","title":{"rendered":"Ninho 3D v2 de 7\u00d74,5 cm (formigueiro para rainhas)"},"content":{"rendered":"<p>Descubra este formigueiro ou ninho ideal para formigas rainhas, um formigueiro ideal para \u00e1rea tempor\u00e1ria para a rainha.<\/p>\n<p>Formigueiro compacto de 3d com dispositivo vertical (calha) ideal para ter nossas formigas rainhas bem alimentadas ou hidratadas.<\/p>\n<p>Como sempre os formigueiros Antderground oferecem a garantia de formigueiros antifuge.<\/p>\n","protected":false},"excerpt":{"rendered":"<p>Conhe\u00e7a a vers\u00e3o 2 do ninho inicial 3D, ideal para iniciar col\u00f3nias de formigas. Esta nova vers\u00e3o melhora as liga\u00e7\u00f5es e possui uma divis\u00f3ria interior que n\u00e3o fecha, facilitando a expans\u00e3o. Inclui bebedouro de f\u00e1cil liga\u00e7\u00e3o, o ninho \u00e9 fabricado em material PLA, que oferece melhores acabamentos e a mesma resist\u00eancia.<\/p>\n<p><strong>Caracter\u00edsticas do formigueiro:<\/strong><br \/>\nTamanho: 7cm x 4,5cm<br \/>\nDep\u00f3sito: 20 ml (novo sistema)<br \/>\nCor: Branco<br \/>\nTampa: Inclu\u00edda, vermelha<br \/>\nPorta: Girat\u00f3ria com sistema de seguran\u00e7a<\/p>\n","protected":false},"featured_media":35855,"template":"","meta":[],"product_brand":[],"product_cat":[379,466,465,390],"product_tag":[],"class_list":{"0":"post-20277","1":"product","2":"type-product","3":"status-publish","4":"has-post-thumbnail","6":"product_cat-formigueiros","7":"product_cat-formigueiros-3d","8":"product_cat-formigueiros-pequenos","9":"product_cat-novidades","11":"first","12":"instock","13":"shipping-taxable","14":"purchasable","15":"product-type-simple"},"yoast_head":"<!-- This site is optimized with the Yoast SEO plugin v27.4 - https:\/\/yoast.com\/product\/yoast-seo-wordpress\/ -->\n<title>Formigueiro 3D ideal para as nossas rainhas! ANTDERGROUND<\/title>\n<meta name=\"description\" content=\"Descubra este formigueiro ideal para iniciar uma col\u00f3nia de formigas, um formigueiro ideal para as nossas formigas rainhas!!\" \/>\n<meta name=\"robots\" content=\"index, follow, max-snippet:-1, max-image-preview:large, max-video-preview:-1\" \/>\n<link rel=\"canonical\" href=\"https:\/\/antderground.com\/pt-br\/produto\/formigueiro-especial-para-rainhas-com-tanque-vertical\/\" \/>\n<meta property=\"og:locale\" content=\"pt_BR\" \/>\n<meta property=\"og:type\" content=\"article\" \/>\n<meta property=\"og:title\" content=\"Formigueiro 3D ideal para as nossas rainhas! ANTDERGROUND\" \/>\n<meta property=\"og:description\" content=\"Descubra este formigueiro ideal para iniciar uma col\u00f3nia de formigas, um formigueiro ideal para as nossas formigas rainhas!!\" \/>\n<meta property=\"og:url\" content=\"https:\/\/antderground.com\/pt-br\/produto\/formigueiro-especial-para-rainhas-com-tanque-vertical\/\" \/>\n<meta property=\"og:site_name\" content=\"ANTDERGROUND\" \/>\n<meta property=\"article:modified_time\" content=\"2024-08-19T10:57:21+00:00\" \/>\n<meta property=\"og:image\" content=\"https:\/\/antderground.com\/wp-content\/uploads\/2022\/06\/reinerovv2.jpg\" \/>\n\t<meta property=\"og:image:width\" content=\"1600\" \/>\n\t<meta property=\"og:image:height\" content=\"1600\" \/>\n\t<meta property=\"og:image:type\" content=\"image\/jpeg\" \/>\n<meta name=\"twitter:card\" content=\"summary_large_image\" \/>\n<script type=\"application\/ld+json\" class=\"yoast-schema-graph\">{\"@context\":\"https:\\\/\\\/schema.org\",\"@graph\":[{\"@type\":\"WebPage\",\"@id\":\"https:\\\/\\\/antderground.com\\\/pt-br\\\/produto\\\/formigueiro-especial-para-rainhas-com-tanque-vertical\\\/\",\"url\":\"https:\\\/\\\/antderground.com\\\/pt-br\\\/produto\\\/formigueiro-especial-para-rainhas-com-tanque-vertical\\\/\",\"name\":\"Formigueiro 3D ideal para as nossas rainhas! ANTDERGROUND\",\"isPartOf\":{\"@id\":\"https:\\\/\\\/antderground.com\\\/pt-br\\\/#website\"},\"primaryImageOfPage\":{\"@id\":\"https:\\\/\\\/antderground.com\\\/pt-br\\\/produto\\\/formigueiro-especial-para-rainhas-com-tanque-vertical\\\/#primaryimage\"},\"image\":{\"@id\":\"https:\\\/\\\/antderground.com\\\/pt-br\\\/produto\\\/formigueiro-especial-para-rainhas-com-tanque-vertical\\\/#primaryimage\"},\"thumbnailUrl\":\"https:\\\/\\\/antderground.com\\\/wp-content\\\/uploads\\\/2022\\\/06\\\/reinerovv2.jpg\",\"datePublished\":\"2022-06-14T18:39:44+00:00\",\"dateModified\":\"2024-08-19T10:57:21+00:00\",\"description\":\"Descubra este formigueiro ideal para iniciar uma col\u00f3nia de formigas, um formigueiro ideal para as nossas formigas rainhas!!\",\"breadcrumb\":{\"@id\":\"https:\\\/\\\/antderground.com\\\/pt-br\\\/produto\\\/formigueiro-especial-para-rainhas-com-tanque-vertical\\\/#breadcrumb\"},\"inLanguage\":\"pt-BR\",\"potentialAction\":[{\"@type\":\"ReadAction\",\"target\":[\"https:\\\/\\\/antderground.com\\\/pt-br\\\/produto\\\/formigueiro-especial-para-rainhas-com-tanque-vertical\\\/\"]}]},{\"@type\":\"ImageObject\",\"inLanguage\":\"pt-BR\",\"@id\":\"https:\\\/\\\/antderground.com\\\/pt-br\\\/produto\\\/formigueiro-especial-para-rainhas-com-tanque-vertical\\\/#primaryimage\",\"url\":\"https:\\\/\\\/antderground.com\\\/wp-content\\\/uploads\\\/2022\\\/06\\\/reinerovv2.jpg\",\"contentUrl\":\"https:\\\/\\\/antderground.com\\\/wp-content\\\/uploads\\\/2022\\\/06\\\/reinerovv2.jpg\",\"width\":1600,\"height\":1600,\"caption\":\"reinero 3d nido con deposito vertical\"},{\"@type\":\"BreadcrumbList\",\"@id\":\"https:\\\/\\\/antderground.com\\\/pt-br\\\/produto\\\/formigueiro-especial-para-rainhas-com-tanque-vertical\\\/#breadcrumb\",\"itemListElement\":[{\"@type\":\"ListItem\",\"position\":1,\"name\":\"Portada\",\"item\":\"https:\\\/\\\/antderground.com\\\/pt-br\\\/\"},{\"@type\":\"ListItem\",\"position\":2,\"name\":\"Produtos\",\"item\":\"https:\\\/\\\/antderground.com\\\/pt-br\\\/loja-de-formigueiros\\\/\"},{\"@type\":\"ListItem\",\"position\":3,\"name\":\"Ninho 3D v2 de 7\u00d74,5 cm (formigueiro para rainhas)\"}]},{\"@type\":\"WebSite\",\"@id\":\"https:\\\/\\\/antderground.com\\\/pt-br\\\/#website\",\"url\":\"https:\\\/\\\/antderground.com\\\/pt-br\\\/\",\"name\":\"ANTDERGROUND\",\"description\":\"Tu tienda de hormigas, gran variedad de hormigueros acr\u00edlicos,madera,arena,3D y mas.. Pide tus hormigas gratis con tu pedido, somos expertos en hormigueros antifugas.\",\"publisher\":{\"@id\":\"https:\\\/\\\/antderground.com\\\/pt-br\\\/#\\\/schema\\\/person\\\/0e322c505e84fe72c65e2f6d08f96b81\"},\"alternateName\":\"Antderground\",\"potentialAction\":[{\"@type\":\"SearchAction\",\"target\":{\"@type\":\"EntryPoint\",\"urlTemplate\":\"https:\\\/\\\/antderground.com\\\/pt-br\\\/?s={search_term_string}\"},\"query-input\":{\"@type\":\"PropertyValueSpecification\",\"valueRequired\":true,\"valueName\":\"search_term_string\"}}],\"inLanguage\":\"pt-BR\"},{\"@type\":[\"Person\",\"Organization\"],\"@id\":\"https:\\\/\\\/antderground.com\\\/pt-br\\\/#\\\/schema\\\/person\\\/0e322c505e84fe72c65e2f6d08f96b81\",\"name\":\"Eric de Antderground\",\"image\":{\"@type\":\"ImageObject\",\"inLanguage\":\"pt-BR\",\"@id\":\"https:\\\/\\\/secure.gravatar.com\\\/avatar\\\/c49a1b9f79216d1498cb73c1e85cd47f4465dda35f2a94c03790d491bd4423c3?s=96&d=mm&r=g\",\"url\":\"https:\\\/\\\/secure.gravatar.com\\\/avatar\\\/c49a1b9f79216d1498cb73c1e85cd47f4465dda35f2a94c03790d491bd4423c3?s=96&d=mm&r=g\",\"contentUrl\":\"https:\\\/\\\/secure.gravatar.com\\\/avatar\\\/c49a1b9f79216d1498cb73c1e85cd47f4465dda35f2a94c03790d491bd4423c3?s=96&d=mm&r=g\",\"caption\":\"Eric de Antderground\"},\"logo\":{\"@id\":\"https:\\\/\\\/secure.gravatar.com\\\/avatar\\\/c49a1b9f79216d1498cb73c1e85cd47f4465dda35f2a94c03790d491bd4423c3?s=96&d=mm&r=g\"},\"description\":\"Eric es el especialista y fundador de Antderground, con una amplia trayectoria en artr\u00f3podos y enfocado en la mirmecolog\u00eda y el dise\u00f1o de hormigueros artificiales. Su enfoque combina la innovaci\u00f3n t\u00e9cnica con el respeto por la biolog\u00eda de las hormigas, is\u00f3podos y otros, desarrollando sistemas de nidos modulares 3D y acr\u00edlicos que son referentes para aficionados y profesionales en toda Europa. Su objetivo es facilitar la cr\u00eda de hormigas y otros artr\u00f3podos mediante soluciones seguras y divulgaci\u00f3n de calidad.\",\"sameAs\":[\"https:\\\/\\\/antderground.com\\\/\",\"https:\\\/\\\/www.youtube.com\\\/channel\\\/UCio72z7TlbufkAthAJIJfPw\"]}]}<\/script>\n<!-- \/ Yoast SEO plugin. -->","yoast_head_json":{"title":"Formigueiro 3D ideal para as nossas rainhas! ANTDERGROUND","description":"Descubra este formigueiro ideal para iniciar uma col\u00f3nia de formigas, um formigueiro ideal para as nossas formigas rainhas!!","robots":{"index":"index","follow":"follow","max-snippet":"max-snippet:-1","max-image-preview":"max-image-preview:large","max-video-preview":"max-video-preview:-1"},"canonical":"https:\/\/antderground.com\/pt-br\/produto\/formigueiro-especial-para-rainhas-com-tanque-vertical\/","og_locale":"pt_BR","og_type":"article","og_title":"Formigueiro 3D ideal para as nossas rainhas! ANTDERGROUND","og_description":"Descubra este formigueiro ideal para iniciar uma col\u00f3nia de formigas, um formigueiro ideal para as nossas formigas rainhas!!","og_url":"https:\/\/antderground.com\/pt-br\/produto\/formigueiro-especial-para-rainhas-com-tanque-vertical\/","og_site_name":"ANTDERGROUND","article_modified_time":"2024-08-19T10:57:21+00:00","og_image":[{"width":1600,"height":1600,"url":"https:\/\/antderground.com\/wp-content\/uploads\/2022\/06\/reinerovv2.jpg","type":"image\/jpeg"}],"twitter_card":"summary_large_image","schema":{"@context":"https:\/\/schema.org","@graph":[{"@type":"WebPage","@id":"https:\/\/antderground.com\/pt-br\/produto\/formigueiro-especial-para-rainhas-com-tanque-vertical\/","url":"https:\/\/antderground.com\/pt-br\/produto\/formigueiro-especial-para-rainhas-com-tanque-vertical\/","name":"Formigueiro 3D ideal para as nossas rainhas! ANTDERGROUND","isPartOf":{"@id":"https:\/\/antderground.com\/pt-br\/#website"},"primaryImageOfPage":{"@id":"https:\/\/antderground.com\/pt-br\/produto\/formigueiro-especial-para-rainhas-com-tanque-vertical\/#primaryimage"},"image":{"@id":"https:\/\/antderground.com\/pt-br\/produto\/formigueiro-especial-para-rainhas-com-tanque-vertical\/#primaryimage"},"thumbnailUrl":"https:\/\/antderground.com\/wp-content\/uploads\/2022\/06\/reinerovv2.jpg","datePublished":"2022-06-14T18:39:44+00:00","dateModified":"2024-08-19T10:57:21+00:00","description":"Descubra este formigueiro ideal para iniciar uma col\u00f3nia de formigas, um formigueiro ideal para as nossas formigas rainhas!!","breadcrumb":{"@id":"https:\/\/antderground.com\/pt-br\/produto\/formigueiro-especial-para-rainhas-com-tanque-vertical\/#breadcrumb"},"inLanguage":"pt-BR","potentialAction":[{"@type":"ReadAction","target":["https:\/\/antderground.com\/pt-br\/produto\/formigueiro-especial-para-rainhas-com-tanque-vertical\/"]}]},{"@type":"ImageObject","inLanguage":"pt-BR","@id":"https:\/\/antderground.com\/pt-br\/produto\/formigueiro-especial-para-rainhas-com-tanque-vertical\/#primaryimage","url":"https:\/\/antderground.com\/wp-content\/uploads\/2022\/06\/reinerovv2.jpg","contentUrl":"https:\/\/antderground.com\/wp-content\/uploads\/2022\/06\/reinerovv2.jpg","width":1600,"height":1600,"caption":"reinero 3d nido con deposito vertical"},{"@type":"BreadcrumbList","@id":"https:\/\/antderground.com\/pt-br\/produto\/formigueiro-especial-para-rainhas-com-tanque-vertical\/#breadcrumb","itemListElement":[{"@type":"ListItem","position":1,"name":"Portada","item":"https:\/\/antderground.com\/pt-br\/"},{"@type":"ListItem","position":2,"name":"Produtos","item":"https:\/\/antderground.com\/pt-br\/loja-de-formigueiros\/"},{"@type":"ListItem","position":3,"name":"Ninho 3D v2 de 7\u00d74,5 cm (formigueiro para rainhas)"}]},{"@type":"WebSite","@id":"https:\/\/antderground.com\/pt-br\/#website","url":"https:\/\/antderground.com\/pt-br\/","name":"ANTDERGROUND","description":"Tu tienda de hormigas, gran variedad de hormigueros acr\u00edlicos,madera,arena,3D y mas.. Pide tus hormigas gratis con tu pedido, somos expertos en hormigueros antifugas.","publisher":{"@id":"https:\/\/antderground.com\/pt-br\/#\/schema\/person\/0e322c505e84fe72c65e2f6d08f96b81"},"alternateName":"Antderground","potentialAction":[{"@type":"SearchAction","target":{"@type":"EntryPoint","urlTemplate":"https:\/\/antderground.com\/pt-br\/?s={search_term_string}"},"query-input":{"@type":"PropertyValueSpecification","valueRequired":true,"valueName":"search_term_string"}}],"inLanguage":"pt-BR"},{"@type":["Person","Organization"],"@id":"https:\/\/antderground.com\/pt-br\/#\/schema\/person\/0e322c505e84fe72c65e2f6d08f96b81","name":"Eric de Antderground","image":{"@type":"ImageObject","inLanguage":"pt-BR","@id":"https:\/\/secure.gravatar.com\/avatar\/c49a1b9f79216d1498cb73c1e85cd47f4465dda35f2a94c03790d491bd4423c3?s=96&d=mm&r=g","url":"https:\/\/secure.gravatar.com\/avatar\/c49a1b9f79216d1498cb73c1e85cd47f4465dda35f2a94c03790d491bd4423c3?s=96&d=mm&r=g","contentUrl":"https:\/\/secure.gravatar.com\/avatar\/c49a1b9f79216d1498cb73c1e85cd47f4465dda35f2a94c03790d491bd4423c3?s=96&d=mm&r=g","caption":"Eric de Antderground"},"logo":{"@id":"https:\/\/secure.gravatar.com\/avatar\/c49a1b9f79216d1498cb73c1e85cd47f4465dda35f2a94c03790d491bd4423c3?s=96&d=mm&r=g"},"description":"Eric es el especialista y fundador de Antderground, con una amplia trayectoria en artr\u00f3podos y enfocado en la mirmecolog\u00eda y el dise\u00f1o de hormigueros artificiales. Su enfoque combina la innovaci\u00f3n t\u00e9cnica con el respeto por la biolog\u00eda de las hormigas, is\u00f3podos y otros, desarrollando sistemas de nidos modulares 3D y acr\u00edlicos que son referentes para aficionados y profesionales en toda Europa. Su objetivo es facilitar la cr\u00eda de hormigas y otros artr\u00f3podos mediante soluciones seguras y divulgaci\u00f3n de calidad.","sameAs":["https:\/\/antderground.com\/","https:\/\/www.youtube.com\/channel\/UCio72z7TlbufkAthAJIJfPw"]}]}},"_links":{"self":[{"href":"https:\/\/antderground.com\/pt-br\/wp-json\/wp\/v2\/product\/20277","targetHints":{"allow":["GET"]}}],"collection":[{"href":"https:\/\/antderground.com\/pt-br\/wp-json\/wp\/v2\/product"}],"about":[{"href":"https:\/\/antderground.com\/pt-br\/wp-json\/wp\/v2\/types\/product"}],"version-history":[{"count":0,"href":"https:\/\/antderground.com\/pt-br\/wp-json\/wp\/v2\/product\/20277\/revisions"}],"wp:featuredmedia":[{"embeddable":true,"href":"https:\/\/antderground.com\/pt-br\/wp-json\/wp\/v2\/media\/35855"}],"wp:attachment":[{"href":"https:\/\/antderground.com\/pt-br\/wp-json\/wp\/v2\/media?parent=20277"}],"wp:term":[{"taxonomy":"product_brand","embeddable":true,"href":"https:\/\/antderground.com\/pt-br\/wp-json\/wp\/v2\/product_brand?post=20277"},{"taxonomy":"product_cat","embeddable":true,"href":"https:\/\/antderground.com\/pt-br\/wp-json\/wp\/v2\/product_cat?post=20277"},{"taxonomy":"product_tag","embeddable":true,"href":"https:\/\/antderground.com\/pt-br\/wp-json\/wp\/v2\/product_tag?post=20277"}],"curies":[{"name":"wp","href":"https:\/\/api.w.org\/{rel}","templated":true}]}}