{"id":20754,"date":"2022-09-02T21:43:28","date_gmt":"2022-09-02T19:43:28","guid":{"rendered":"https:\/\/www.antderground.com\/producto\/formigueiro-modular-3d-10x10-com-deposito-superior\/"},"modified":"2023-11-30T23:00:08","modified_gmt":"2023-11-30T22:00:08","slug":"formigueiro-modular-3d-10x10-com-deposito-superior","status":"publish","type":"product","link":"https:\/\/antderground.com\/pt-br\/produto\/formigueiro-modular-3d-10x10-com-deposito-superior\/","title":{"rendered":"Formigueiro modular 3D (10&#215;10) com dep\u00f3sito superior"},"content":{"rendered":"","protected":false},"excerpt":{"rendered":"<p><strong><span style=\"color: #008000;\">O prazo de entrega \u00e9 de aproximadamente 3 dias.<\/span><\/strong><\/p>\n<p>Formigueiro modular 3D com dep\u00f3sito no topo, permite conex\u00e3o e expans\u00e3o com mais formigueiros ou caixas forrageiras. As galerias e c\u00e2maras interiores t\u00eam alturas diferentes.<\/p>\n<p>Caracter\u00edsticas do formigueiro modular 3D:<br \/>\nTamanho: 10cm x 10cm.<br \/>\nTanque: 35 ml (novo sistema de conex\u00e3o f\u00e1cil).<br \/>\nC\u00e2maras\/galeria: Alturas diferentes.<br \/>\nCor: Branca<br \/>\nTampa: inclu\u00edda Cor vermelha.<br \/>\nModular: Sim<\/p>\n","protected":false},"featured_media":31049,"template":"","meta":[],"product_brand":[],"product_cat":[379,466],"product_tag":[],"class_list":{"0":"post-20754","1":"product","2":"type-product","3":"status-publish","4":"has-post-thumbnail","6":"product_cat-formigueiros","7":"product_cat-formigueiros-3d","9":"first","10":"instock","11":"shipping-taxable","12":"purchasable","13":"product-type-simple"},"yoast_head":"<!-- This site is optimized with the Yoast SEO plugin v27.3 - https:\/\/yoast.com\/product\/yoast-seo-wordpress\/ -->\n<title>Formigueiro modular 3D (10x10) com dep\u00f3sito superior<\/title>\n<meta name=\"description\" content=\"Novo formigueiro modular 3D tamanho 10x10 com dep\u00f3sito no topo, um formigueiro ideal para todas as esp\u00e9cies de formigas.\" \/>\n<meta name=\"robots\" content=\"index, follow, max-snippet:-1, max-image-preview:large, max-video-preview:-1\" \/>\n<link rel=\"canonical\" href=\"https:\/\/antderground.com\/pt-br\/produto\/formigueiro-modular-3d-10x10-com-deposito-superior\/\" \/>\n<meta property=\"og:locale\" content=\"pt_BR\" \/>\n<meta property=\"og:type\" content=\"article\" \/>\n<meta property=\"og:title\" content=\"Formigueiro modular 3D (10x10) com dep\u00f3sito superior\" \/>\n<meta property=\"og:description\" content=\"Novo formigueiro modular 3D tamanho 10x10 com dep\u00f3sito no topo, um formigueiro ideal para todas as esp\u00e9cies de formigas.\" \/>\n<meta property=\"og:url\" content=\"https:\/\/antderground.com\/pt-br\/produto\/formigueiro-modular-3d-10x10-com-deposito-superior\/\" \/>\n<meta property=\"og:site_name\" content=\"ANTDERGROUND\" \/>\n<meta property=\"article:modified_time\" content=\"2023-11-30T22:00:08+00:00\" \/>\n<meta property=\"og:image\" content=\"https:\/\/antderground.com\/wp-content\/uploads\/2022\/09\/WhatsApp-Image-2022-09-02-at-11.56.07.jpeg\" \/>\n\t<meta property=\"og:image:width\" content=\"1600\" \/>\n\t<meta property=\"og:image:height\" content=\"1600\" \/>\n\t<meta property=\"og:image:type\" content=\"image\/jpeg\" \/>\n<meta name=\"twitter:card\" content=\"summary_large_image\" \/>\n<script type=\"application\/ld+json\" class=\"yoast-schema-graph\">{\"@context\":\"https:\\\/\\\/schema.org\",\"@graph\":[{\"@type\":\"WebPage\",\"@id\":\"https:\\\/\\\/antderground.com\\\/pt-br\\\/produto\\\/formigueiro-modular-3d-10x10-com-deposito-superior\\\/\",\"url\":\"https:\\\/\\\/antderground.com\\\/pt-br\\\/produto\\\/formigueiro-modular-3d-10x10-com-deposito-superior\\\/\",\"name\":\"Formigueiro modular 3D (10x10) com dep\u00f3sito superior\",\"isPartOf\":{\"@id\":\"https:\\\/\\\/antderground.com\\\/pt-br\\\/#website\"},\"primaryImageOfPage\":{\"@id\":\"https:\\\/\\\/antderground.com\\\/pt-br\\\/produto\\\/formigueiro-modular-3d-10x10-com-deposito-superior\\\/#primaryimage\"},\"image\":{\"@id\":\"https:\\\/\\\/antderground.com\\\/pt-br\\\/produto\\\/formigueiro-modular-3d-10x10-com-deposito-superior\\\/#primaryimage\"},\"thumbnailUrl\":\"https:\\\/\\\/antderground.com\\\/wp-content\\\/uploads\\\/2022\\\/09\\\/Imagen-de-WhatsApp-2023-11-19-a-las-19.50.53_1e71e0cd-PhotoRoom.png-PhotoRoom-1.png\",\"datePublished\":\"2022-09-02T19:43:28+00:00\",\"dateModified\":\"2023-11-30T22:00:08+00:00\",\"description\":\"Novo formigueiro modular 3D tamanho 10x10 com dep\u00f3sito no topo, um formigueiro ideal para todas as esp\u00e9cies de formigas.\",\"breadcrumb\":{\"@id\":\"https:\\\/\\\/antderground.com\\\/pt-br\\\/produto\\\/formigueiro-modular-3d-10x10-com-deposito-superior\\\/#breadcrumb\"},\"inLanguage\":\"pt-BR\",\"potentialAction\":[{\"@type\":\"ReadAction\",\"target\":[\"https:\\\/\\\/antderground.com\\\/pt-br\\\/produto\\\/formigueiro-modular-3d-10x10-com-deposito-superior\\\/\"]}]},{\"@type\":\"ImageObject\",\"inLanguage\":\"pt-BR\",\"@id\":\"https:\\\/\\\/antderground.com\\\/pt-br\\\/produto\\\/formigueiro-modular-3d-10x10-com-deposito-superior\\\/#primaryimage\",\"url\":\"https:\\\/\\\/antderground.com\\\/wp-content\\\/uploads\\\/2022\\\/09\\\/Imagen-de-WhatsApp-2023-11-19-a-las-19.50.53_1e71e0cd-PhotoRoom.png-PhotoRoom-1.png\",\"contentUrl\":\"https:\\\/\\\/antderground.com\\\/wp-content\\\/uploads\\\/2022\\\/09\\\/Imagen-de-WhatsApp-2023-11-19-a-las-19.50.53_1e71e0cd-PhotoRoom.png-PhotoRoom-1.png\",\"width\":1280,\"height\":1280},{\"@type\":\"BreadcrumbList\",\"@id\":\"https:\\\/\\\/antderground.com\\\/pt-br\\\/produto\\\/formigueiro-modular-3d-10x10-com-deposito-superior\\\/#breadcrumb\",\"itemListElement\":[{\"@type\":\"ListItem\",\"position\":1,\"name\":\"Portada\",\"item\":\"https:\\\/\\\/antderground.com\\\/pt-br\\\/\"},{\"@type\":\"ListItem\",\"position\":2,\"name\":\"Produtos\",\"item\":\"https:\\\/\\\/antderground.com\\\/pt-br\\\/loja-de-formigueiros\\\/\"},{\"@type\":\"ListItem\",\"position\":3,\"name\":\"Formigueiro modular 3D (10&#215;10) com dep\u00f3sito superior\"}]},{\"@type\":\"WebSite\",\"@id\":\"https:\\\/\\\/antderground.com\\\/pt-br\\\/#website\",\"url\":\"https:\\\/\\\/antderground.com\\\/pt-br\\\/\",\"name\":\"ANTDERGROUND\",\"description\":\"Tu tienda de hormigas, gran variedad de hormigueros acr\u00edlicos,madera,arena,3D y mas.. Pide tus hormigas gratis con tu pedido, somos expertos en hormigueros antifugas.\",\"publisher\":{\"@id\":\"https:\\\/\\\/antderground.com\\\/pt-br\\\/#\\\/schema\\\/person\\\/0e322c505e84fe72c65e2f6d08f96b81\"},\"alternateName\":\"Antderground\",\"potentialAction\":[{\"@type\":\"SearchAction\",\"target\":{\"@type\":\"EntryPoint\",\"urlTemplate\":\"https:\\\/\\\/antderground.com\\\/pt-br\\\/?s={search_term_string}\"},\"query-input\":{\"@type\":\"PropertyValueSpecification\",\"valueRequired\":true,\"valueName\":\"search_term_string\"}}],\"inLanguage\":\"pt-BR\"},{\"@type\":[\"Person\",\"Organization\"],\"@id\":\"https:\\\/\\\/antderground.com\\\/pt-br\\\/#\\\/schema\\\/person\\\/0e322c505e84fe72c65e2f6d08f96b81\",\"name\":\"Eric de Antderground\",\"image\":{\"@type\":\"ImageObject\",\"inLanguage\":\"pt-BR\",\"@id\":\"https:\\\/\\\/secure.gravatar.com\\\/avatar\\\/c49a1b9f79216d1498cb73c1e85cd47f4465dda35f2a94c03790d491bd4423c3?s=96&d=mm&r=g\",\"url\":\"https:\\\/\\\/secure.gravatar.com\\\/avatar\\\/c49a1b9f79216d1498cb73c1e85cd47f4465dda35f2a94c03790d491bd4423c3?s=96&d=mm&r=g\",\"contentUrl\":\"https:\\\/\\\/secure.gravatar.com\\\/avatar\\\/c49a1b9f79216d1498cb73c1e85cd47f4465dda35f2a94c03790d491bd4423c3?s=96&d=mm&r=g\",\"caption\":\"Eric de Antderground\"},\"logo\":{\"@id\":\"https:\\\/\\\/secure.gravatar.com\\\/avatar\\\/c49a1b9f79216d1498cb73c1e85cd47f4465dda35f2a94c03790d491bd4423c3?s=96&d=mm&r=g\"},\"description\":\"Eric es el especialista y fundador de Antderground, con una amplia trayectoria en artr\u00f3podos y enfocado en la mirmecolog\u00eda y el dise\u00f1o de hormigueros artificiales. Su enfoque combina la innovaci\u00f3n t\u00e9cnica con el respeto por la biolog\u00eda de las hormigas, is\u00f3podos y otros, desarrollando sistemas de nidos modulares 3D y acr\u00edlicos que son referentes para aficionados y profesionales en toda Europa. Su objetivo es facilitar la cr\u00eda de hormigas y otros artr\u00f3podos mediante soluciones seguras y divulgaci\u00f3n de calidad.\",\"sameAs\":[\"https:\\\/\\\/antderground.com\\\/\",\"https:\\\/\\\/www.youtube.com\\\/channel\\\/UCio72z7TlbufkAthAJIJfPw\"]}]}<\/script>\n<!-- \/ Yoast SEO plugin. -->","yoast_head_json":{"title":"Formigueiro modular 3D (10x10) com dep\u00f3sito superior","description":"Novo formigueiro modular 3D tamanho 10x10 com dep\u00f3sito no topo, um formigueiro ideal para todas as esp\u00e9cies de formigas.","robots":{"index":"index","follow":"follow","max-snippet":"max-snippet:-1","max-image-preview":"max-image-preview:large","max-video-preview":"max-video-preview:-1"},"canonical":"https:\/\/antderground.com\/pt-br\/produto\/formigueiro-modular-3d-10x10-com-deposito-superior\/","og_locale":"pt_BR","og_type":"article","og_title":"Formigueiro modular 3D (10x10) com dep\u00f3sito superior","og_description":"Novo formigueiro modular 3D tamanho 10x10 com dep\u00f3sito no topo, um formigueiro ideal para todas as esp\u00e9cies de formigas.","og_url":"https:\/\/antderground.com\/pt-br\/produto\/formigueiro-modular-3d-10x10-com-deposito-superior\/","og_site_name":"ANTDERGROUND","article_modified_time":"2023-11-30T22:00:08+00:00","og_image":[{"width":1600,"height":1600,"url":"https:\/\/antderground.com\/wp-content\/uploads\/2022\/09\/WhatsApp-Image-2022-09-02-at-11.56.07.jpeg","type":"image\/jpeg"}],"twitter_card":"summary_large_image","schema":{"@context":"https:\/\/schema.org","@graph":[{"@type":"WebPage","@id":"https:\/\/antderground.com\/pt-br\/produto\/formigueiro-modular-3d-10x10-com-deposito-superior\/","url":"https:\/\/antderground.com\/pt-br\/produto\/formigueiro-modular-3d-10x10-com-deposito-superior\/","name":"Formigueiro modular 3D (10x10) com dep\u00f3sito superior","isPartOf":{"@id":"https:\/\/antderground.com\/pt-br\/#website"},"primaryImageOfPage":{"@id":"https:\/\/antderground.com\/pt-br\/produto\/formigueiro-modular-3d-10x10-com-deposito-superior\/#primaryimage"},"image":{"@id":"https:\/\/antderground.com\/pt-br\/produto\/formigueiro-modular-3d-10x10-com-deposito-superior\/#primaryimage"},"thumbnailUrl":"https:\/\/antderground.com\/wp-content\/uploads\/2022\/09\/Imagen-de-WhatsApp-2023-11-19-a-las-19.50.53_1e71e0cd-PhotoRoom.png-PhotoRoom-1.png","datePublished":"2022-09-02T19:43:28+00:00","dateModified":"2023-11-30T22:00:08+00:00","description":"Novo formigueiro modular 3D tamanho 10x10 com dep\u00f3sito no topo, um formigueiro ideal para todas as esp\u00e9cies de formigas.","breadcrumb":{"@id":"https:\/\/antderground.com\/pt-br\/produto\/formigueiro-modular-3d-10x10-com-deposito-superior\/#breadcrumb"},"inLanguage":"pt-BR","potentialAction":[{"@type":"ReadAction","target":["https:\/\/antderground.com\/pt-br\/produto\/formigueiro-modular-3d-10x10-com-deposito-superior\/"]}]},{"@type":"ImageObject","inLanguage":"pt-BR","@id":"https:\/\/antderground.com\/pt-br\/produto\/formigueiro-modular-3d-10x10-com-deposito-superior\/#primaryimage","url":"https:\/\/antderground.com\/wp-content\/uploads\/2022\/09\/Imagen-de-WhatsApp-2023-11-19-a-las-19.50.53_1e71e0cd-PhotoRoom.png-PhotoRoom-1.png","contentUrl":"https:\/\/antderground.com\/wp-content\/uploads\/2022\/09\/Imagen-de-WhatsApp-2023-11-19-a-las-19.50.53_1e71e0cd-PhotoRoom.png-PhotoRoom-1.png","width":1280,"height":1280},{"@type":"BreadcrumbList","@id":"https:\/\/antderground.com\/pt-br\/produto\/formigueiro-modular-3d-10x10-com-deposito-superior\/#breadcrumb","itemListElement":[{"@type":"ListItem","position":1,"name":"Portada","item":"https:\/\/antderground.com\/pt-br\/"},{"@type":"ListItem","position":2,"name":"Produtos","item":"https:\/\/antderground.com\/pt-br\/loja-de-formigueiros\/"},{"@type":"ListItem","position":3,"name":"Formigueiro modular 3D (10&#215;10) com dep\u00f3sito superior"}]},{"@type":"WebSite","@id":"https:\/\/antderground.com\/pt-br\/#website","url":"https:\/\/antderground.com\/pt-br\/","name":"ANTDERGROUND","description":"Tu tienda de hormigas, gran variedad de hormigueros acr\u00edlicos,madera,arena,3D y mas.. Pide tus hormigas gratis con tu pedido, somos expertos en hormigueros antifugas.","publisher":{"@id":"https:\/\/antderground.com\/pt-br\/#\/schema\/person\/0e322c505e84fe72c65e2f6d08f96b81"},"alternateName":"Antderground","potentialAction":[{"@type":"SearchAction","target":{"@type":"EntryPoint","urlTemplate":"https:\/\/antderground.com\/pt-br\/?s={search_term_string}"},"query-input":{"@type":"PropertyValueSpecification","valueRequired":true,"valueName":"search_term_string"}}],"inLanguage":"pt-BR"},{"@type":["Person","Organization"],"@id":"https:\/\/antderground.com\/pt-br\/#\/schema\/person\/0e322c505e84fe72c65e2f6d08f96b81","name":"Eric de Antderground","image":{"@type":"ImageObject","inLanguage":"pt-BR","@id":"https:\/\/secure.gravatar.com\/avatar\/c49a1b9f79216d1498cb73c1e85cd47f4465dda35f2a94c03790d491bd4423c3?s=96&d=mm&r=g","url":"https:\/\/secure.gravatar.com\/avatar\/c49a1b9f79216d1498cb73c1e85cd47f4465dda35f2a94c03790d491bd4423c3?s=96&d=mm&r=g","contentUrl":"https:\/\/secure.gravatar.com\/avatar\/c49a1b9f79216d1498cb73c1e85cd47f4465dda35f2a94c03790d491bd4423c3?s=96&d=mm&r=g","caption":"Eric de Antderground"},"logo":{"@id":"https:\/\/secure.gravatar.com\/avatar\/c49a1b9f79216d1498cb73c1e85cd47f4465dda35f2a94c03790d491bd4423c3?s=96&d=mm&r=g"},"description":"Eric es el especialista y fundador de Antderground, con una amplia trayectoria en artr\u00f3podos y enfocado en la mirmecolog\u00eda y el dise\u00f1o de hormigueros artificiales. Su enfoque combina la innovaci\u00f3n t\u00e9cnica con el respeto por la biolog\u00eda de las hormigas, is\u00f3podos y otros, desarrollando sistemas de nidos modulares 3D y acr\u00edlicos que son referentes para aficionados y profesionales en toda Europa. Su objetivo es facilitar la cr\u00eda de hormigas y otros artr\u00f3podos mediante soluciones seguras y divulgaci\u00f3n de calidad.","sameAs":["https:\/\/antderground.com\/","https:\/\/www.youtube.com\/channel\/UCio72z7TlbufkAthAJIJfPw"]}]}},"_links":{"self":[{"href":"https:\/\/antderground.com\/pt-br\/wp-json\/wp\/v2\/product\/20754","targetHints":{"allow":["GET"]}}],"collection":[{"href":"https:\/\/antderground.com\/pt-br\/wp-json\/wp\/v2\/product"}],"about":[{"href":"https:\/\/antderground.com\/pt-br\/wp-json\/wp\/v2\/types\/product"}],"version-history":[{"count":0,"href":"https:\/\/antderground.com\/pt-br\/wp-json\/wp\/v2\/product\/20754\/revisions"}],"wp:featuredmedia":[{"embeddable":true,"href":"https:\/\/antderground.com\/pt-br\/wp-json\/wp\/v2\/media\/31049"}],"wp:attachment":[{"href":"https:\/\/antderground.com\/pt-br\/wp-json\/wp\/v2\/media?parent=20754"}],"wp:term":[{"taxonomy":"product_brand","embeddable":true,"href":"https:\/\/antderground.com\/pt-br\/wp-json\/wp\/v2\/product_brand?post=20754"},{"taxonomy":"product_cat","embeddable":true,"href":"https:\/\/antderground.com\/pt-br\/wp-json\/wp\/v2\/product_cat?post=20754"},{"taxonomy":"product_tag","embeddable":true,"href":"https:\/\/antderground.com\/pt-br\/wp-json\/wp\/v2\/product_tag?post=20754"}],"curies":[{"name":"wp","href":"https:\/\/api.w.org\/{rel}","templated":true}]}}