{"id":21890,"date":"2022-12-07T22:33:46","date_gmt":"2022-12-07T21:33:46","guid":{"rendered":"https:\/\/www.antderground.com\/producto\/formigueiro-3d-10x15-camponotus-fedtschenkoi-rainha-com-3-a-5-trabalhadoras\/"},"modified":"2022-12-07T22:33:46","modified_gmt":"2022-12-07T21:33:46","slug":"formigueiro-3d-10x15-camponotus-fedtschenkoi-rainha-com-3-a-5-trabalhadoras","status":"publish","type":"product","link":"https:\/\/antderground.com\/pt-br\/produto\/formigueiro-3d-10x15-camponotus-fedtschenkoi-rainha-com-3-a-5-trabalhadoras\/","title":{"rendered":"Formigueiro 3D (10&#215;15) + Camponotus fedtschenkoi (Rainha com 3 a 5 trabalhadoras)"},"content":{"rendered":"","protected":false},"excerpt":{"rendered":"<p>Ofertas especiais. Formigueiro 3D 10\u00d715 com forrageamento + Formiga Rainha com 3 a 5 formigas oper\u00e1rias da esp\u00e9cie Camponotus fedtschenkoi.<\/p>\n<p><strong>Caracter\u00edsticas Formigueiro 3D com forrageamento:<\/strong><br \/>\nTamanho do formigueiro: 10 cm x 15 cm<br \/>\nTamanho da forragem: 9 cm x 5 cm<br \/>\nDep\u00f3sito: 25 ml (Sistema Antclick)<br \/>\nC\u00e2maras\/Galerias: Diferentes n\u00edveis<br \/>\n3 cores: branco ou amarelo ou rosa.<br \/>\nTampa: Vermelho inclu\u00eddo.<br \/>\nPortas internas: 3<\/p>\n<p>Escolha a cor \ud83d\ude09<\/p>\n","protected":false},"featured_media":27476,"template":"","meta":[],"product_brand":[],"product_cat":[379,466,474],"product_tag":[],"class_list":{"0":"post-21890","1":"product","2":"type-product","3":"status-publish","4":"has-post-thumbnail","6":"product_cat-formigueiros","7":"product_cat-formigueiros-3d","8":"product_cat-ofertas-pt-br","10":"first","11":"outofstock","12":"sale","13":"shipping-taxable","14":"purchasable","15":"product-type-variable"},"yoast_head":"<!-- This site is optimized with the Yoast SEO plugin v27.3 - https:\/\/yoast.com\/product\/yoast-seo-wordpress\/ -->\n<title>Formigueiro 3D (10x15) + Camponotus fedtschenkoi (Rainha com 3 a 5 trabalhadoras) - ANTDERGROUND<\/title>\n<meta name=\"robots\" content=\"index, follow, max-snippet:-1, max-image-preview:large, max-video-preview:-1\" \/>\n<link rel=\"canonical\" href=\"https:\/\/antderground.com\/pt-br\/produto\/formigueiro-3d-10x15-camponotus-fedtschenkoi-rainha-com-3-a-5-trabalhadoras\/\" \/>\n<meta property=\"og:locale\" content=\"pt_BR\" \/>\n<meta property=\"og:type\" content=\"article\" \/>\n<meta property=\"og:title\" content=\"Formigueiro 3D (10x15) + Camponotus fedtschenkoi (Rainha com 3 a 5 trabalhadoras) - ANTDERGROUND\" \/>\n<meta property=\"og:description\" content=\"Ofertas especiais. Formigueiro 3D 10\u00d715 com forrageamento + Formiga Rainha com 3 a 5 formigas oper\u00e1rias da esp\u00e9cie Camponotus fedtschenkoi.  Caracter\u00edsticas Formigueiro 3D com forrageamento: Tamanho do formigueiro: 10 cm x 15 cm Tamanho da forragem: 9 cm x 5 cm Dep\u00f3sito: 25 ml (Sistema Antclick) C\u00e2maras\/Galerias: Diferentes n\u00edveis 3 cores: branco ou amarelo ou rosa. Tampa: Vermelho inclu\u00eddo. Portas internas: 3  Escolha a cor ;-)\" \/>\n<meta property=\"og:url\" content=\"https:\/\/antderground.com\/pt-br\/produto\/formigueiro-3d-10x15-camponotus-fedtschenkoi-rainha-com-3-a-5-trabalhadoras\/\" \/>\n<meta property=\"og:site_name\" content=\"ANTDERGROUND\" \/>\n<meta property=\"og:image\" content=\"https:\/\/antderground.com\/wp-content\/uploads\/2022\/12\/oferta-bona2-1.jpg\" \/>\n\t<meta property=\"og:image:width\" content=\"850\" \/>\n\t<meta property=\"og:image:height\" content=\"850\" \/>\n\t<meta property=\"og:image:type\" content=\"image\/jpeg\" \/>\n<meta name=\"twitter:card\" content=\"summary_large_image\" \/>\n<script type=\"application\/ld+json\" class=\"yoast-schema-graph\">{\"@context\":\"https:\\\/\\\/schema.org\",\"@graph\":[{\"@type\":\"WebPage\",\"@id\":\"https:\\\/\\\/antderground.com\\\/pt-br\\\/produto\\\/formigueiro-3d-10x15-camponotus-fedtschenkoi-rainha-com-3-a-5-trabalhadoras\\\/\",\"url\":\"https:\\\/\\\/antderground.com\\\/pt-br\\\/produto\\\/formigueiro-3d-10x15-camponotus-fedtschenkoi-rainha-com-3-a-5-trabalhadoras\\\/\",\"name\":\"Formigueiro 3D (10x15) + Camponotus fedtschenkoi (Rainha com 3 a 5 trabalhadoras) - ANTDERGROUND\",\"isPartOf\":{\"@id\":\"https:\\\/\\\/antderground.com\\\/pt-br\\\/#website\"},\"primaryImageOfPage\":{\"@id\":\"https:\\\/\\\/antderground.com\\\/pt-br\\\/produto\\\/formigueiro-3d-10x15-camponotus-fedtschenkoi-rainha-com-3-a-5-trabalhadoras\\\/#primaryimage\"},\"image\":{\"@id\":\"https:\\\/\\\/antderground.com\\\/pt-br\\\/produto\\\/formigueiro-3d-10x15-camponotus-fedtschenkoi-rainha-com-3-a-5-trabalhadoras\\\/#primaryimage\"},\"thumbnailUrl\":\"https:\\\/\\\/antderground.com\\\/wp-content\\\/uploads\\\/2022\\\/12\\\/oferta-bona-nou.jpg\",\"datePublished\":\"2022-12-07T21:33:46+00:00\",\"breadcrumb\":{\"@id\":\"https:\\\/\\\/antderground.com\\\/pt-br\\\/produto\\\/formigueiro-3d-10x15-camponotus-fedtschenkoi-rainha-com-3-a-5-trabalhadoras\\\/#breadcrumb\"},\"inLanguage\":\"pt-BR\",\"potentialAction\":[{\"@type\":\"ReadAction\",\"target\":[\"https:\\\/\\\/antderground.com\\\/pt-br\\\/produto\\\/formigueiro-3d-10x15-camponotus-fedtschenkoi-rainha-com-3-a-5-trabalhadoras\\\/\"]}]},{\"@type\":\"ImageObject\",\"inLanguage\":\"pt-BR\",\"@id\":\"https:\\\/\\\/antderground.com\\\/pt-br\\\/produto\\\/formigueiro-3d-10x15-camponotus-fedtschenkoi-rainha-com-3-a-5-trabalhadoras\\\/#primaryimage\",\"url\":\"https:\\\/\\\/antderground.com\\\/wp-content\\\/uploads\\\/2022\\\/12\\\/oferta-bona-nou.jpg\",\"contentUrl\":\"https:\\\/\\\/antderground.com\\\/wp-content\\\/uploads\\\/2022\\\/12\\\/oferta-bona-nou.jpg\",\"width\":850,\"height\":850},{\"@type\":\"BreadcrumbList\",\"@id\":\"https:\\\/\\\/antderground.com\\\/pt-br\\\/produto\\\/formigueiro-3d-10x15-camponotus-fedtschenkoi-rainha-com-3-a-5-trabalhadoras\\\/#breadcrumb\",\"itemListElement\":[{\"@type\":\"ListItem\",\"position\":1,\"name\":\"Portada\",\"item\":\"https:\\\/\\\/antderground.com\\\/pt-br\\\/\"},{\"@type\":\"ListItem\",\"position\":2,\"name\":\"Produtos\",\"item\":\"https:\\\/\\\/antderground.com\\\/pt-br\\\/loja-de-formigueiros\\\/\"},{\"@type\":\"ListItem\",\"position\":3,\"name\":\"Formigueiro 3D (10&#215;15) + Camponotus fedtschenkoi (Rainha com 3 a 5 trabalhadoras)\"}]},{\"@type\":\"WebSite\",\"@id\":\"https:\\\/\\\/antderground.com\\\/pt-br\\\/#website\",\"url\":\"https:\\\/\\\/antderground.com\\\/pt-br\\\/\",\"name\":\"ANTDERGROUND\",\"description\":\"Tu tienda de hormigas, gran variedad de hormigueros acr\u00edlicos,madera,arena,3D y mas.. Pide tus hormigas gratis con tu pedido, somos expertos en hormigueros antifugas.\",\"publisher\":{\"@id\":\"https:\\\/\\\/antderground.com\\\/pt-br\\\/#\\\/schema\\\/person\\\/0e322c505e84fe72c65e2f6d08f96b81\"},\"alternateName\":\"Antderground\",\"potentialAction\":[{\"@type\":\"SearchAction\",\"target\":{\"@type\":\"EntryPoint\",\"urlTemplate\":\"https:\\\/\\\/antderground.com\\\/pt-br\\\/?s={search_term_string}\"},\"query-input\":{\"@type\":\"PropertyValueSpecification\",\"valueRequired\":true,\"valueName\":\"search_term_string\"}}],\"inLanguage\":\"pt-BR\"},{\"@type\":[\"Person\",\"Organization\"],\"@id\":\"https:\\\/\\\/antderground.com\\\/pt-br\\\/#\\\/schema\\\/person\\\/0e322c505e84fe72c65e2f6d08f96b81\",\"name\":\"Eric de Antderground\",\"image\":{\"@type\":\"ImageObject\",\"inLanguage\":\"pt-BR\",\"@id\":\"https:\\\/\\\/secure.gravatar.com\\\/avatar\\\/c49a1b9f79216d1498cb73c1e85cd47f4465dda35f2a94c03790d491bd4423c3?s=96&d=mm&r=g\",\"url\":\"https:\\\/\\\/secure.gravatar.com\\\/avatar\\\/c49a1b9f79216d1498cb73c1e85cd47f4465dda35f2a94c03790d491bd4423c3?s=96&d=mm&r=g\",\"contentUrl\":\"https:\\\/\\\/secure.gravatar.com\\\/avatar\\\/c49a1b9f79216d1498cb73c1e85cd47f4465dda35f2a94c03790d491bd4423c3?s=96&d=mm&r=g\",\"caption\":\"Eric de Antderground\"},\"logo\":{\"@id\":\"https:\\\/\\\/secure.gravatar.com\\\/avatar\\\/c49a1b9f79216d1498cb73c1e85cd47f4465dda35f2a94c03790d491bd4423c3?s=96&d=mm&r=g\"},\"description\":\"Eric es el especialista y fundador de Antderground, con una amplia trayectoria en artr\u00f3podos y enfocado en la mirmecolog\u00eda y el dise\u00f1o de hormigueros artificiales. Su enfoque combina la innovaci\u00f3n t\u00e9cnica con el respeto por la biolog\u00eda de las hormigas, is\u00f3podos y otros, desarrollando sistemas de nidos modulares 3D y acr\u00edlicos que son referentes para aficionados y profesionales en toda Europa. Su objetivo es facilitar la cr\u00eda de hormigas y otros artr\u00f3podos mediante soluciones seguras y divulgaci\u00f3n de calidad.\",\"sameAs\":[\"https:\\\/\\\/antderground.com\\\/\",\"https:\\\/\\\/www.youtube.com\\\/channel\\\/UCio72z7TlbufkAthAJIJfPw\"]}]}<\/script>\n<!-- \/ Yoast SEO plugin. -->","yoast_head_json":{"title":"Formigueiro 3D (10x15) + Camponotus fedtschenkoi (Rainha com 3 a 5 trabalhadoras) - ANTDERGROUND","robots":{"index":"index","follow":"follow","max-snippet":"max-snippet:-1","max-image-preview":"max-image-preview:large","max-video-preview":"max-video-preview:-1"},"canonical":"https:\/\/antderground.com\/pt-br\/produto\/formigueiro-3d-10x15-camponotus-fedtschenkoi-rainha-com-3-a-5-trabalhadoras\/","og_locale":"pt_BR","og_type":"article","og_title":"Formigueiro 3D (10x15) + Camponotus fedtschenkoi (Rainha com 3 a 5 trabalhadoras) - ANTDERGROUND","og_description":"Ofertas especiais. Formigueiro 3D 10\u00d715 com forrageamento + Formiga Rainha com 3 a 5 formigas oper\u00e1rias da esp\u00e9cie Camponotus fedtschenkoi.  Caracter\u00edsticas Formigueiro 3D com forrageamento: Tamanho do formigueiro: 10 cm x 15 cm Tamanho da forragem: 9 cm x 5 cm Dep\u00f3sito: 25 ml (Sistema Antclick) C\u00e2maras\/Galerias: Diferentes n\u00edveis 3 cores: branco ou amarelo ou rosa. Tampa: Vermelho inclu\u00eddo. Portas internas: 3  Escolha a cor ;-)","og_url":"https:\/\/antderground.com\/pt-br\/produto\/formigueiro-3d-10x15-camponotus-fedtschenkoi-rainha-com-3-a-5-trabalhadoras\/","og_site_name":"ANTDERGROUND","og_image":[{"width":850,"height":850,"url":"https:\/\/antderground.com\/wp-content\/uploads\/2022\/12\/oferta-bona2-1.jpg","type":"image\/jpeg"}],"twitter_card":"summary_large_image","schema":{"@context":"https:\/\/schema.org","@graph":[{"@type":"WebPage","@id":"https:\/\/antderground.com\/pt-br\/produto\/formigueiro-3d-10x15-camponotus-fedtschenkoi-rainha-com-3-a-5-trabalhadoras\/","url":"https:\/\/antderground.com\/pt-br\/produto\/formigueiro-3d-10x15-camponotus-fedtschenkoi-rainha-com-3-a-5-trabalhadoras\/","name":"Formigueiro 3D (10x15) + Camponotus fedtschenkoi (Rainha com 3 a 5 trabalhadoras) - ANTDERGROUND","isPartOf":{"@id":"https:\/\/antderground.com\/pt-br\/#website"},"primaryImageOfPage":{"@id":"https:\/\/antderground.com\/pt-br\/produto\/formigueiro-3d-10x15-camponotus-fedtschenkoi-rainha-com-3-a-5-trabalhadoras\/#primaryimage"},"image":{"@id":"https:\/\/antderground.com\/pt-br\/produto\/formigueiro-3d-10x15-camponotus-fedtschenkoi-rainha-com-3-a-5-trabalhadoras\/#primaryimage"},"thumbnailUrl":"https:\/\/antderground.com\/wp-content\/uploads\/2022\/12\/oferta-bona-nou.jpg","datePublished":"2022-12-07T21:33:46+00:00","breadcrumb":{"@id":"https:\/\/antderground.com\/pt-br\/produto\/formigueiro-3d-10x15-camponotus-fedtschenkoi-rainha-com-3-a-5-trabalhadoras\/#breadcrumb"},"inLanguage":"pt-BR","potentialAction":[{"@type":"ReadAction","target":["https:\/\/antderground.com\/pt-br\/produto\/formigueiro-3d-10x15-camponotus-fedtschenkoi-rainha-com-3-a-5-trabalhadoras\/"]}]},{"@type":"ImageObject","inLanguage":"pt-BR","@id":"https:\/\/antderground.com\/pt-br\/produto\/formigueiro-3d-10x15-camponotus-fedtschenkoi-rainha-com-3-a-5-trabalhadoras\/#primaryimage","url":"https:\/\/antderground.com\/wp-content\/uploads\/2022\/12\/oferta-bona-nou.jpg","contentUrl":"https:\/\/antderground.com\/wp-content\/uploads\/2022\/12\/oferta-bona-nou.jpg","width":850,"height":850},{"@type":"BreadcrumbList","@id":"https:\/\/antderground.com\/pt-br\/produto\/formigueiro-3d-10x15-camponotus-fedtschenkoi-rainha-com-3-a-5-trabalhadoras\/#breadcrumb","itemListElement":[{"@type":"ListItem","position":1,"name":"Portada","item":"https:\/\/antderground.com\/pt-br\/"},{"@type":"ListItem","position":2,"name":"Produtos","item":"https:\/\/antderground.com\/pt-br\/loja-de-formigueiros\/"},{"@type":"ListItem","position":3,"name":"Formigueiro 3D (10&#215;15) + Camponotus fedtschenkoi (Rainha com 3 a 5 trabalhadoras)"}]},{"@type":"WebSite","@id":"https:\/\/antderground.com\/pt-br\/#website","url":"https:\/\/antderground.com\/pt-br\/","name":"ANTDERGROUND","description":"Tu tienda de hormigas, gran variedad de hormigueros acr\u00edlicos,madera,arena,3D y mas.. Pide tus hormigas gratis con tu pedido, somos expertos en hormigueros antifugas.","publisher":{"@id":"https:\/\/antderground.com\/pt-br\/#\/schema\/person\/0e322c505e84fe72c65e2f6d08f96b81"},"alternateName":"Antderground","potentialAction":[{"@type":"SearchAction","target":{"@type":"EntryPoint","urlTemplate":"https:\/\/antderground.com\/pt-br\/?s={search_term_string}"},"query-input":{"@type":"PropertyValueSpecification","valueRequired":true,"valueName":"search_term_string"}}],"inLanguage":"pt-BR"},{"@type":["Person","Organization"],"@id":"https:\/\/antderground.com\/pt-br\/#\/schema\/person\/0e322c505e84fe72c65e2f6d08f96b81","name":"Eric de Antderground","image":{"@type":"ImageObject","inLanguage":"pt-BR","@id":"https:\/\/secure.gravatar.com\/avatar\/c49a1b9f79216d1498cb73c1e85cd47f4465dda35f2a94c03790d491bd4423c3?s=96&d=mm&r=g","url":"https:\/\/secure.gravatar.com\/avatar\/c49a1b9f79216d1498cb73c1e85cd47f4465dda35f2a94c03790d491bd4423c3?s=96&d=mm&r=g","contentUrl":"https:\/\/secure.gravatar.com\/avatar\/c49a1b9f79216d1498cb73c1e85cd47f4465dda35f2a94c03790d491bd4423c3?s=96&d=mm&r=g","caption":"Eric de Antderground"},"logo":{"@id":"https:\/\/secure.gravatar.com\/avatar\/c49a1b9f79216d1498cb73c1e85cd47f4465dda35f2a94c03790d491bd4423c3?s=96&d=mm&r=g"},"description":"Eric es el especialista y fundador de Antderground, con una amplia trayectoria en artr\u00f3podos y enfocado en la mirmecolog\u00eda y el dise\u00f1o de hormigueros artificiales. Su enfoque combina la innovaci\u00f3n t\u00e9cnica con el respeto por la biolog\u00eda de las hormigas, is\u00f3podos y otros, desarrollando sistemas de nidos modulares 3D y acr\u00edlicos que son referentes para aficionados y profesionales en toda Europa. Su objetivo es facilitar la cr\u00eda de hormigas y otros artr\u00f3podos mediante soluciones seguras y divulgaci\u00f3n de calidad.","sameAs":["https:\/\/antderground.com\/","https:\/\/www.youtube.com\/channel\/UCio72z7TlbufkAthAJIJfPw"]}]}},"_links":{"self":[{"href":"https:\/\/antderground.com\/pt-br\/wp-json\/wp\/v2\/product\/21890","targetHints":{"allow":["GET"]}}],"collection":[{"href":"https:\/\/antderground.com\/pt-br\/wp-json\/wp\/v2\/product"}],"about":[{"href":"https:\/\/antderground.com\/pt-br\/wp-json\/wp\/v2\/types\/product"}],"version-history":[{"count":0,"href":"https:\/\/antderground.com\/pt-br\/wp-json\/wp\/v2\/product\/21890\/revisions"}],"wp:featuredmedia":[{"embeddable":true,"href":"https:\/\/antderground.com\/pt-br\/wp-json\/wp\/v2\/media\/27476"}],"wp:attachment":[{"href":"https:\/\/antderground.com\/pt-br\/wp-json\/wp\/v2\/media?parent=21890"}],"wp:term":[{"taxonomy":"product_brand","embeddable":true,"href":"https:\/\/antderground.com\/pt-br\/wp-json\/wp\/v2\/product_brand?post=21890"},{"taxonomy":"product_cat","embeddable":true,"href":"https:\/\/antderground.com\/pt-br\/wp-json\/wp\/v2\/product_cat?post=21890"},{"taxonomy":"product_tag","embeddable":true,"href":"https:\/\/antderground.com\/pt-br\/wp-json\/wp\/v2\/product_tag?post=21890"}],"curies":[{"name":"wp","href":"https:\/\/api.w.org\/{rel}","templated":true}]}}