{"id":22015,"date":"2022-10-05T22:47:30","date_gmt":"2022-10-05T20:47:30","guid":{"rendered":"https:\/\/www.antderground.com\/producto\/antdertube-tubo-formigueiro-10x2-5\/"},"modified":"2024-12-02T10:34:20","modified_gmt":"2024-12-02T09:34:20","slug":"antdertube-tubo-formigueiro-10x2-5","status":"publish","type":"product","link":"https:\/\/antderground.com\/pt-br\/produto\/antdertube-tubo-formigueiro-10x2-5\/","title":{"rendered":"AntderTube (tubo formigueiro) 10&#215;2.5"},"content":{"rendered":"<p>Conhe\u00e7a nosso novo formigueiro de tubo com dep\u00f3sito vertical (AntderTube), um design pensado para o conforto das formigas e a facilidade de todos os usu\u00e1rios.<\/p>\n<p>Como mostrado na parte superior, o formigueiro vers\u00e3o tubo 3d consiste em um tamanho de 10 cm de comprimento por 2,5 cm de largura com um interior com diferentes n\u00edveis para oferecer mais realismo.<\/p>\n<p>Mesclar um tubo e um formigueiro?<br \/>\nF\u00e1cil! Unindo esses dois conceitos podemos oferecer mais seguran\u00e7a e conforto para as diferentes esp\u00e9cies de formigas.<\/p>\n<p>Com bebedouro vertical!!<br \/>\nCom nosso sistema de dep\u00f3sito vertical voc\u00ea garante que nossas formigas possam aproveitar at\u00e9 a \u00faltima gota.<\/p>\n","protected":false},"excerpt":{"rendered":"<p>O AntderTube da Antderground \u00e9 a fus\u00e3o perfeita entre um formigueiro 3d e um tubo, ideal para manter as nossas formigas bem cuidadas.<\/p>\n<p>Caracter\u00edsticas do formigueiro tubular:<br \/>\nTamanho: 10cm x 2,5cm<br \/>\nDep\u00f3sito: 10 ml (novo sistema de conex\u00e3o f\u00e1cil).<br \/>\nC\u00e2maras\/galeria: Diferentes alturas.<br \/>\nCor branca<br \/>\nTampa: Vermelho inclu\u00eddo.<br \/>\nrolha: sim<\/p>\n<p>Descubra mais recursos abaixo.<\/p>\n","protected":false},"featured_media":37491,"template":"","meta":[],"product_brand":[],"product_cat":[478,379,466],"product_tag":[],"class_list":{"0":"post-22015","1":"product","2":"type-product","3":"status-publish","4":"has-post-thumbnail","6":"product_cat-tubos-pt-br","7":"product_cat-formigueiros","8":"product_cat-formigueiros-3d","10":"first","11":"instock","12":"shipping-taxable","13":"purchasable","14":"product-type-simple"},"yoast_head":"<!-- This site is optimized with the Yoast SEO plugin v27.4 - https:\/\/yoast.com\/product\/yoast-seo-wordpress\/ -->\n<title>AntderTube (tubo formigueiro) 10x2.5 - ANTDERGROUND<\/title>\n<meta name=\"description\" content=\"O AntderTube da Antderground \u00e9 a fus\u00e3o perfeita entre um formigueiro 3d e um tubo, ideal para manter as nossas formigas bem cuidadas.\" \/>\n<meta name=\"robots\" content=\"index, follow, max-snippet:-1, max-image-preview:large, max-video-preview:-1\" \/>\n<link rel=\"canonical\" href=\"https:\/\/antderground.com\/pt-br\/produto\/antdertube-tubo-formigueiro-10x2-5\/\" \/>\n<meta property=\"og:locale\" content=\"pt_BR\" \/>\n<meta property=\"og:type\" content=\"article\" \/>\n<meta property=\"og:title\" content=\"AntderTube (tubo formigueiro) 10x2.5 - ANTDERGROUND\" \/>\n<meta property=\"og:description\" content=\"O AntderTube da Antderground \u00e9 a fus\u00e3o perfeita entre um formigueiro 3d e um tubo, ideal para manter as nossas formigas bem cuidadas.\" \/>\n<meta property=\"og:url\" content=\"https:\/\/antderground.com\/pt-br\/produto\/antdertube-tubo-formigueiro-10x2-5\/\" \/>\n<meta property=\"og:site_name\" content=\"ANTDERGROUND\" \/>\n<meta property=\"article:modified_time\" content=\"2024-12-02T09:34:20+00:00\" \/>\n<meta property=\"og:image\" content=\"https:\/\/antderground.com\/wp-content\/uploads\/2022\/10\/WhatsApp-Image-2022-10-05-at-14.45.46-min.jpeg\" \/>\n\t<meta property=\"og:image:width\" content=\"1600\" \/>\n\t<meta property=\"og:image:height\" content=\"1600\" \/>\n\t<meta property=\"og:image:type\" content=\"image\/jpeg\" \/>\n<meta name=\"twitter:card\" content=\"summary_large_image\" \/>\n<meta name=\"twitter:label1\" content=\"Est. tempo de leitura\" \/>\n\t<meta name=\"twitter:data1\" content=\"1 minuto\" \/>\n<script type=\"application\/ld+json\" class=\"yoast-schema-graph\">{\"@context\":\"https:\\\/\\\/schema.org\",\"@graph\":[{\"@type\":\"WebPage\",\"@id\":\"https:\\\/\\\/antderground.com\\\/pt-br\\\/produto\\\/antdertube-tubo-formigueiro-10x2-5\\\/\",\"url\":\"https:\\\/\\\/antderground.com\\\/pt-br\\\/produto\\\/antdertube-tubo-formigueiro-10x2-5\\\/\",\"name\":\"AntderTube (tubo formigueiro) 10x2.5 - ANTDERGROUND\",\"isPartOf\":{\"@id\":\"https:\\\/\\\/antderground.com\\\/pt-br\\\/#website\"},\"primaryImageOfPage\":{\"@id\":\"https:\\\/\\\/antderground.com\\\/pt-br\\\/produto\\\/antdertube-tubo-formigueiro-10x2-5\\\/#primaryimage\"},\"image\":{\"@id\":\"https:\\\/\\\/antderground.com\\\/pt-br\\\/produto\\\/antdertube-tubo-formigueiro-10x2-5\\\/#primaryimage\"},\"thumbnailUrl\":\"https:\\\/\\\/antderground.com\\\/wp-content\\\/uploads\\\/2022\\\/10\\\/AntderTube-principal-bo.png\",\"datePublished\":\"2022-10-05T20:47:30+00:00\",\"dateModified\":\"2024-12-02T09:34:20+00:00\",\"description\":\"O AntderTube da Antderground \u00e9 a fus\u00e3o perfeita entre um formigueiro 3d e um tubo, ideal para manter as nossas formigas bem cuidadas.\",\"breadcrumb\":{\"@id\":\"https:\\\/\\\/antderground.com\\\/pt-br\\\/produto\\\/antdertube-tubo-formigueiro-10x2-5\\\/#breadcrumb\"},\"inLanguage\":\"pt-BR\",\"potentialAction\":[{\"@type\":\"ReadAction\",\"target\":[\"https:\\\/\\\/antderground.com\\\/pt-br\\\/produto\\\/antdertube-tubo-formigueiro-10x2-5\\\/\"]}]},{\"@type\":\"ImageObject\",\"inLanguage\":\"pt-BR\",\"@id\":\"https:\\\/\\\/antderground.com\\\/pt-br\\\/produto\\\/antdertube-tubo-formigueiro-10x2-5\\\/#primaryimage\",\"url\":\"https:\\\/\\\/antderground.com\\\/wp-content\\\/uploads\\\/2022\\\/10\\\/AntderTube-principal-bo.png\",\"contentUrl\":\"https:\\\/\\\/antderground.com\\\/wp-content\\\/uploads\\\/2022\\\/10\\\/AntderTube-principal-bo.png\",\"width\":1280,\"height\":1280,\"caption\":\"antdertube hormiguero\"},{\"@type\":\"BreadcrumbList\",\"@id\":\"https:\\\/\\\/antderground.com\\\/pt-br\\\/produto\\\/antdertube-tubo-formigueiro-10x2-5\\\/#breadcrumb\",\"itemListElement\":[{\"@type\":\"ListItem\",\"position\":1,\"name\":\"Portada\",\"item\":\"https:\\\/\\\/antderground.com\\\/pt-br\\\/\"},{\"@type\":\"ListItem\",\"position\":2,\"name\":\"Produtos\",\"item\":\"https:\\\/\\\/antderground.com\\\/pt-br\\\/loja-de-formigueiros\\\/\"},{\"@type\":\"ListItem\",\"position\":3,\"name\":\"AntderTube (tubo formigueiro) 10&#215;2.5\"}]},{\"@type\":\"WebSite\",\"@id\":\"https:\\\/\\\/antderground.com\\\/pt-br\\\/#website\",\"url\":\"https:\\\/\\\/antderground.com\\\/pt-br\\\/\",\"name\":\"ANTDERGROUND\",\"description\":\"Tu tienda de hormigas, gran variedad de hormigueros acr\u00edlicos,madera,arena,3D y mas.. Pide tus hormigas gratis con tu pedido, somos expertos en hormigueros antifugas.\",\"publisher\":{\"@id\":\"https:\\\/\\\/antderground.com\\\/pt-br\\\/#\\\/schema\\\/person\\\/0e322c505e84fe72c65e2f6d08f96b81\"},\"alternateName\":\"Antderground\",\"potentialAction\":[{\"@type\":\"SearchAction\",\"target\":{\"@type\":\"EntryPoint\",\"urlTemplate\":\"https:\\\/\\\/antderground.com\\\/pt-br\\\/?s={search_term_string}\"},\"query-input\":{\"@type\":\"PropertyValueSpecification\",\"valueRequired\":true,\"valueName\":\"search_term_string\"}}],\"inLanguage\":\"pt-BR\"},{\"@type\":[\"Person\",\"Organization\"],\"@id\":\"https:\\\/\\\/antderground.com\\\/pt-br\\\/#\\\/schema\\\/person\\\/0e322c505e84fe72c65e2f6d08f96b81\",\"name\":\"Eric de Antderground\",\"image\":{\"@type\":\"ImageObject\",\"inLanguage\":\"pt-BR\",\"@id\":\"https:\\\/\\\/secure.gravatar.com\\\/avatar\\\/c49a1b9f79216d1498cb73c1e85cd47f4465dda35f2a94c03790d491bd4423c3?s=96&d=mm&r=g\",\"url\":\"https:\\\/\\\/secure.gravatar.com\\\/avatar\\\/c49a1b9f79216d1498cb73c1e85cd47f4465dda35f2a94c03790d491bd4423c3?s=96&d=mm&r=g\",\"contentUrl\":\"https:\\\/\\\/secure.gravatar.com\\\/avatar\\\/c49a1b9f79216d1498cb73c1e85cd47f4465dda35f2a94c03790d491bd4423c3?s=96&d=mm&r=g\",\"caption\":\"Eric de Antderground\"},\"logo\":{\"@id\":\"https:\\\/\\\/secure.gravatar.com\\\/avatar\\\/c49a1b9f79216d1498cb73c1e85cd47f4465dda35f2a94c03790d491bd4423c3?s=96&d=mm&r=g\"},\"description\":\"Eric es el especialista y fundador de Antderground, con una amplia trayectoria en artr\u00f3podos y enfocado en la mirmecolog\u00eda y el dise\u00f1o de hormigueros artificiales. Su enfoque combina la innovaci\u00f3n t\u00e9cnica con el respeto por la biolog\u00eda de las hormigas, is\u00f3podos y otros, desarrollando sistemas de nidos modulares 3D y acr\u00edlicos que son referentes para aficionados y profesionales en toda Europa. Su objetivo es facilitar la cr\u00eda de hormigas y otros artr\u00f3podos mediante soluciones seguras y divulgaci\u00f3n de calidad.\",\"sameAs\":[\"https:\\\/\\\/antderground.com\\\/\",\"https:\\\/\\\/www.youtube.com\\\/channel\\\/UCio72z7TlbufkAthAJIJfPw\"]}]}<\/script>\n<!-- \/ Yoast SEO plugin. -->","yoast_head_json":{"title":"AntderTube (tubo formigueiro) 10x2.5 - ANTDERGROUND","description":"O AntderTube da Antderground \u00e9 a fus\u00e3o perfeita entre um formigueiro 3d e um tubo, ideal para manter as nossas formigas bem cuidadas.","robots":{"index":"index","follow":"follow","max-snippet":"max-snippet:-1","max-image-preview":"max-image-preview:large","max-video-preview":"max-video-preview:-1"},"canonical":"https:\/\/antderground.com\/pt-br\/produto\/antdertube-tubo-formigueiro-10x2-5\/","og_locale":"pt_BR","og_type":"article","og_title":"AntderTube (tubo formigueiro) 10x2.5 - ANTDERGROUND","og_description":"O AntderTube da Antderground \u00e9 a fus\u00e3o perfeita entre um formigueiro 3d e um tubo, ideal para manter as nossas formigas bem cuidadas.","og_url":"https:\/\/antderground.com\/pt-br\/produto\/antdertube-tubo-formigueiro-10x2-5\/","og_site_name":"ANTDERGROUND","article_modified_time":"2024-12-02T09:34:20+00:00","og_image":[{"width":1600,"height":1600,"url":"https:\/\/antderground.com\/wp-content\/uploads\/2022\/10\/WhatsApp-Image-2022-10-05-at-14.45.46-min.jpeg","type":"image\/jpeg"}],"twitter_card":"summary_large_image","twitter_misc":{"Est. tempo de leitura":"1 minuto"},"schema":{"@context":"https:\/\/schema.org","@graph":[{"@type":"WebPage","@id":"https:\/\/antderground.com\/pt-br\/produto\/antdertube-tubo-formigueiro-10x2-5\/","url":"https:\/\/antderground.com\/pt-br\/produto\/antdertube-tubo-formigueiro-10x2-5\/","name":"AntderTube (tubo formigueiro) 10x2.5 - ANTDERGROUND","isPartOf":{"@id":"https:\/\/antderground.com\/pt-br\/#website"},"primaryImageOfPage":{"@id":"https:\/\/antderground.com\/pt-br\/produto\/antdertube-tubo-formigueiro-10x2-5\/#primaryimage"},"image":{"@id":"https:\/\/antderground.com\/pt-br\/produto\/antdertube-tubo-formigueiro-10x2-5\/#primaryimage"},"thumbnailUrl":"https:\/\/antderground.com\/wp-content\/uploads\/2022\/10\/AntderTube-principal-bo.png","datePublished":"2022-10-05T20:47:30+00:00","dateModified":"2024-12-02T09:34:20+00:00","description":"O AntderTube da Antderground \u00e9 a fus\u00e3o perfeita entre um formigueiro 3d e um tubo, ideal para manter as nossas formigas bem cuidadas.","breadcrumb":{"@id":"https:\/\/antderground.com\/pt-br\/produto\/antdertube-tubo-formigueiro-10x2-5\/#breadcrumb"},"inLanguage":"pt-BR","potentialAction":[{"@type":"ReadAction","target":["https:\/\/antderground.com\/pt-br\/produto\/antdertube-tubo-formigueiro-10x2-5\/"]}]},{"@type":"ImageObject","inLanguage":"pt-BR","@id":"https:\/\/antderground.com\/pt-br\/produto\/antdertube-tubo-formigueiro-10x2-5\/#primaryimage","url":"https:\/\/antderground.com\/wp-content\/uploads\/2022\/10\/AntderTube-principal-bo.png","contentUrl":"https:\/\/antderground.com\/wp-content\/uploads\/2022\/10\/AntderTube-principal-bo.png","width":1280,"height":1280,"caption":"antdertube hormiguero"},{"@type":"BreadcrumbList","@id":"https:\/\/antderground.com\/pt-br\/produto\/antdertube-tubo-formigueiro-10x2-5\/#breadcrumb","itemListElement":[{"@type":"ListItem","position":1,"name":"Portada","item":"https:\/\/antderground.com\/pt-br\/"},{"@type":"ListItem","position":2,"name":"Produtos","item":"https:\/\/antderground.com\/pt-br\/loja-de-formigueiros\/"},{"@type":"ListItem","position":3,"name":"AntderTube (tubo formigueiro) 10&#215;2.5"}]},{"@type":"WebSite","@id":"https:\/\/antderground.com\/pt-br\/#website","url":"https:\/\/antderground.com\/pt-br\/","name":"ANTDERGROUND","description":"Tu tienda de hormigas, gran variedad de hormigueros acr\u00edlicos,madera,arena,3D y mas.. Pide tus hormigas gratis con tu pedido, somos expertos en hormigueros antifugas.","publisher":{"@id":"https:\/\/antderground.com\/pt-br\/#\/schema\/person\/0e322c505e84fe72c65e2f6d08f96b81"},"alternateName":"Antderground","potentialAction":[{"@type":"SearchAction","target":{"@type":"EntryPoint","urlTemplate":"https:\/\/antderground.com\/pt-br\/?s={search_term_string}"},"query-input":{"@type":"PropertyValueSpecification","valueRequired":true,"valueName":"search_term_string"}}],"inLanguage":"pt-BR"},{"@type":["Person","Organization"],"@id":"https:\/\/antderground.com\/pt-br\/#\/schema\/person\/0e322c505e84fe72c65e2f6d08f96b81","name":"Eric de Antderground","image":{"@type":"ImageObject","inLanguage":"pt-BR","@id":"https:\/\/secure.gravatar.com\/avatar\/c49a1b9f79216d1498cb73c1e85cd47f4465dda35f2a94c03790d491bd4423c3?s=96&d=mm&r=g","url":"https:\/\/secure.gravatar.com\/avatar\/c49a1b9f79216d1498cb73c1e85cd47f4465dda35f2a94c03790d491bd4423c3?s=96&d=mm&r=g","contentUrl":"https:\/\/secure.gravatar.com\/avatar\/c49a1b9f79216d1498cb73c1e85cd47f4465dda35f2a94c03790d491bd4423c3?s=96&d=mm&r=g","caption":"Eric de Antderground"},"logo":{"@id":"https:\/\/secure.gravatar.com\/avatar\/c49a1b9f79216d1498cb73c1e85cd47f4465dda35f2a94c03790d491bd4423c3?s=96&d=mm&r=g"},"description":"Eric es el especialista y fundador de Antderground, con una amplia trayectoria en artr\u00f3podos y enfocado en la mirmecolog\u00eda y el dise\u00f1o de hormigueros artificiales. Su enfoque combina la innovaci\u00f3n t\u00e9cnica con el respeto por la biolog\u00eda de las hormigas, is\u00f3podos y otros, desarrollando sistemas de nidos modulares 3D y acr\u00edlicos que son referentes para aficionados y profesionales en toda Europa. Su objetivo es facilitar la cr\u00eda de hormigas y otros artr\u00f3podos mediante soluciones seguras y divulgaci\u00f3n de calidad.","sameAs":["https:\/\/antderground.com\/","https:\/\/www.youtube.com\/channel\/UCio72z7TlbufkAthAJIJfPw"]}]}},"_links":{"self":[{"href":"https:\/\/antderground.com\/pt-br\/wp-json\/wp\/v2\/product\/22015","targetHints":{"allow":["GET"]}}],"collection":[{"href":"https:\/\/antderground.com\/pt-br\/wp-json\/wp\/v2\/product"}],"about":[{"href":"https:\/\/antderground.com\/pt-br\/wp-json\/wp\/v2\/types\/product"}],"version-history":[{"count":0,"href":"https:\/\/antderground.com\/pt-br\/wp-json\/wp\/v2\/product\/22015\/revisions"}],"wp:featuredmedia":[{"embeddable":true,"href":"https:\/\/antderground.com\/pt-br\/wp-json\/wp\/v2\/media\/37491"}],"wp:attachment":[{"href":"https:\/\/antderground.com\/pt-br\/wp-json\/wp\/v2\/media?parent=22015"}],"wp:term":[{"taxonomy":"product_brand","embeddable":true,"href":"https:\/\/antderground.com\/pt-br\/wp-json\/wp\/v2\/product_brand?post=22015"},{"taxonomy":"product_cat","embeddable":true,"href":"https:\/\/antderground.com\/pt-br\/wp-json\/wp\/v2\/product_cat?post=22015"},{"taxonomy":"product_tag","embeddable":true,"href":"https:\/\/antderground.com\/pt-br\/wp-json\/wp\/v2\/product_tag?post=22015"}],"curies":[{"name":"wp","href":"https:\/\/api.w.org\/{rel}","templated":true}]}}