{"id":22104,"date":"2022-03-17T20:31:21","date_gmt":"2022-03-17T19:31:21","guid":{"rendered":"https:\/\/www.antderground.com\/producto\/armadillidium-klugii-5-unidades\/"},"modified":"2024-03-25T11:21:41","modified_gmt":"2024-03-25T10:21:41","slug":"armadillidium-klugii-5-unidades","status":"publish","type":"product","link":"https:\/\/antderground.com\/pt-br\/produto\/armadillidium-klugii-5-unidades\/","title":{"rendered":"Armadillidium klugii"},"content":{"rendered":"<p><strong>Nome cient\u00edfico:<\/strong> Armadillidium klugii.<br \/>\nNome comum: Is\u00f3podo comum europeu.<br \/>\nClasse: Malacostraca.<br \/>\nOrdem: Isopoda.<br \/>\nFam\u00edlia: Armadillidiidae.<br \/>\nG\u00eanero: Armadillidium.<br \/>\nEsp\u00e9cie: A. klugii.<\/p>\n<p><strong>Descri\u00e7\u00e3o:<\/strong><\/p>\n<p>Armadillidium klugii \u00e9 uma esp\u00e9cie de is\u00f3pode terrestre, tamb\u00e9m conhecido como bicho-de-conta ou piolho-de-cobra.<br \/>\nSeu corpo \u00e9 composto por segmentos e se enrola em uma bola quando se sente amea\u00e7ado, protegendo assim seu abd\u00f4men.<br \/>\nEles t\u00eam um exoesqueleto que lhes proporciona prote\u00e7\u00e3o contra a desidrata\u00e7\u00e3o.<br \/>\nDistribui\u00e7\u00e3o:<\/p>\n<p>Esta esp\u00e9cie \u00e9 comum na Europa, especialmente em \u00e1reas \u00famidas e sombrias como florestas, jardins e sob rochas ou troncos em decomposi\u00e7\u00e3o.<\/p>\n<p><strong>Habitat e comportamento:<\/strong><\/p>\n<p>Armadillidium klugii \u00e9 uma esp\u00e9cie noturna e se alimenta de mat\u00e9ria org\u00e2nica em decomposi\u00e7\u00e3o, contribuindo assim para o processo de decomposi\u00e7\u00e3o e reciclagem de nutrientes no solo.<br \/>\nPreferem \u00e1reas \u00famidas e evitam a luz direta do sol.<br \/>\nS\u00e3o conhecidos por sua capacidade de se enrolar em uma bola quando se sentem amea\u00e7ados, o que os ajuda a se proteger de predadores.<\/p>\n<p><strong>Ecologia:<\/strong><\/p>\n<p>A. klugii desempenha um papel importante nos ecossistemas ao contribuir para a decomposi\u00e7\u00e3o de mat\u00e9ria org\u00e2nica e para o ciclo de nutrientes do solo.<br \/>\nS\u00e3o uma fonte de alimento para uma variedade de animais, como aves, anf\u00edbios e alguns insetos.<br \/>\nTamb\u00e9m podem ser usados em estudos cient\u00edficos sobre comportamento animal, ecologia e fisiologia.<\/p>\n","protected":false},"excerpt":{"rendered":"<p>Descubra esta variedade de Armadillidium klugii, uma surpreendente esp\u00e9cie de is\u00f3podes.<\/p>\n","protected":false},"featured_media":19598,"template":"","meta":[],"product_brand":[],"product_cat":[483,486,715],"product_tag":[],"class_list":{"0":"post-22104","1":"product","2":"type-product","3":"status-publish","4":"has-post-thumbnail","6":"product_cat-artropodes","7":"product_cat-isopodos","8":"product_cat-armadillidium","10":"first","11":"outofstock","12":"shipping-taxable","13":"purchasable","14":"product-type-variable"},"yoast_head":"<!-- This site is optimized with the Yoast SEO plugin v27.4 - https:\/\/yoast.com\/product\/yoast-seo-wordpress\/ -->\n<title>Armadillidium klugii - ANTDERGROUND<\/title>\n<meta name=\"description\" content=\"Descubra esta variedade de Armadillidium klugii, uma surpreendente esp\u00e9cie de is\u00f3podes\" \/>\n<meta name=\"robots\" content=\"index, follow, max-snippet:-1, max-image-preview:large, max-video-preview:-1\" \/>\n<link rel=\"canonical\" href=\"https:\/\/antderground.com\/pt-br\/produto\/armadillidium-klugii-5-unidades\/\" \/>\n<meta property=\"og:locale\" content=\"pt_BR\" \/>\n<meta property=\"og:type\" content=\"article\" \/>\n<meta property=\"og:title\" content=\"Armadillidium klugii - ANTDERGROUND\" \/>\n<meta property=\"og:description\" content=\"Descubra esta variedade de Armadillidium klugii, uma surpreendente esp\u00e9cie de is\u00f3podes\" \/>\n<meta property=\"og:url\" content=\"https:\/\/antderground.com\/pt-br\/produto\/armadillidium-klugii-5-unidades\/\" \/>\n<meta property=\"og:site_name\" content=\"ANTDERGROUND\" \/>\n<meta property=\"article:modified_time\" content=\"2024-03-25T10:21:41+00:00\" \/>\n<meta property=\"og:image\" content=\"https:\/\/antderground.com\/wp-content\/uploads\/2022\/03\/Armadillum-kluguii.jpeg\" \/>\n\t<meta property=\"og:image:width\" content=\"709\" \/>\n\t<meta property=\"og:image:height\" content=\"740\" \/>\n\t<meta property=\"og:image:type\" content=\"image\/jpeg\" \/>\n<meta name=\"twitter:card\" content=\"summary_large_image\" \/>\n<meta name=\"twitter:label1\" content=\"Est. tempo de leitura\" \/>\n\t<meta name=\"twitter:data1\" content=\"1 minuto\" \/>\n<script type=\"application\/ld+json\" class=\"yoast-schema-graph\">{\"@context\":\"https:\\\/\\\/schema.org\",\"@graph\":[{\"@type\":\"WebPage\",\"@id\":\"https:\\\/\\\/antderground.com\\\/pt-br\\\/produto\\\/armadillidium-klugii-5-unidades\\\/\",\"url\":\"https:\\\/\\\/antderground.com\\\/pt-br\\\/produto\\\/armadillidium-klugii-5-unidades\\\/\",\"name\":\"Armadillidium klugii - ANTDERGROUND\",\"isPartOf\":{\"@id\":\"https:\\\/\\\/antderground.com\\\/pt-br\\\/#website\"},\"primaryImageOfPage\":{\"@id\":\"https:\\\/\\\/antderground.com\\\/pt-br\\\/produto\\\/armadillidium-klugii-5-unidades\\\/#primaryimage\"},\"image\":{\"@id\":\"https:\\\/\\\/antderground.com\\\/pt-br\\\/produto\\\/armadillidium-klugii-5-unidades\\\/#primaryimage\"},\"thumbnailUrl\":\"https:\\\/\\\/antderground.com\\\/wp-content\\\/uploads\\\/2022\\\/03\\\/Armadillum-kluguii.jpeg\",\"datePublished\":\"2022-03-17T19:31:21+00:00\",\"dateModified\":\"2024-03-25T10:21:41+00:00\",\"description\":\"Descubra esta variedade de Armadillidium klugii, uma surpreendente esp\u00e9cie de is\u00f3podes\",\"breadcrumb\":{\"@id\":\"https:\\\/\\\/antderground.com\\\/pt-br\\\/produto\\\/armadillidium-klugii-5-unidades\\\/#breadcrumb\"},\"inLanguage\":\"pt-BR\",\"potentialAction\":[{\"@type\":\"ReadAction\",\"target\":[\"https:\\\/\\\/antderground.com\\\/pt-br\\\/produto\\\/armadillidium-klugii-5-unidades\\\/\"]}]},{\"@type\":\"ImageObject\",\"inLanguage\":\"pt-BR\",\"@id\":\"https:\\\/\\\/antderground.com\\\/pt-br\\\/produto\\\/armadillidium-klugii-5-unidades\\\/#primaryimage\",\"url\":\"https:\\\/\\\/antderground.com\\\/wp-content\\\/uploads\\\/2022\\\/03\\\/Armadillum-kluguii.jpeg\",\"contentUrl\":\"https:\\\/\\\/antderground.com\\\/wp-content\\\/uploads\\\/2022\\\/03\\\/Armadillum-kluguii.jpeg\",\"width\":709,\"height\":740},{\"@type\":\"BreadcrumbList\",\"@id\":\"https:\\\/\\\/antderground.com\\\/pt-br\\\/produto\\\/armadillidium-klugii-5-unidades\\\/#breadcrumb\",\"itemListElement\":[{\"@type\":\"ListItem\",\"position\":1,\"name\":\"Portada\",\"item\":\"https:\\\/\\\/antderground.com\\\/pt-br\\\/\"},{\"@type\":\"ListItem\",\"position\":2,\"name\":\"Produtos\",\"item\":\"https:\\\/\\\/antderground.com\\\/pt-br\\\/loja-de-formigueiros\\\/\"},{\"@type\":\"ListItem\",\"position\":3,\"name\":\"Armadillidium klugii\"}]},{\"@type\":\"WebSite\",\"@id\":\"https:\\\/\\\/antderground.com\\\/pt-br\\\/#website\",\"url\":\"https:\\\/\\\/antderground.com\\\/pt-br\\\/\",\"name\":\"ANTDERGROUND\",\"description\":\"Tu tienda de hormigas, gran variedad de hormigueros acr\u00edlicos,madera,arena,3D y mas.. Pide tus hormigas gratis con tu pedido, somos expertos en hormigueros antifugas.\",\"publisher\":{\"@id\":\"https:\\\/\\\/antderground.com\\\/pt-br\\\/#\\\/schema\\\/person\\\/0e322c505e84fe72c65e2f6d08f96b81\"},\"alternateName\":\"Antderground\",\"potentialAction\":[{\"@type\":\"SearchAction\",\"target\":{\"@type\":\"EntryPoint\",\"urlTemplate\":\"https:\\\/\\\/antderground.com\\\/pt-br\\\/?s={search_term_string}\"},\"query-input\":{\"@type\":\"PropertyValueSpecification\",\"valueRequired\":true,\"valueName\":\"search_term_string\"}}],\"inLanguage\":\"pt-BR\"},{\"@type\":[\"Person\",\"Organization\"],\"@id\":\"https:\\\/\\\/antderground.com\\\/pt-br\\\/#\\\/schema\\\/person\\\/0e322c505e84fe72c65e2f6d08f96b81\",\"name\":\"Eric de Antderground\",\"image\":{\"@type\":\"ImageObject\",\"inLanguage\":\"pt-BR\",\"@id\":\"https:\\\/\\\/secure.gravatar.com\\\/avatar\\\/c49a1b9f79216d1498cb73c1e85cd47f4465dda35f2a94c03790d491bd4423c3?s=96&d=mm&r=g\",\"url\":\"https:\\\/\\\/secure.gravatar.com\\\/avatar\\\/c49a1b9f79216d1498cb73c1e85cd47f4465dda35f2a94c03790d491bd4423c3?s=96&d=mm&r=g\",\"contentUrl\":\"https:\\\/\\\/secure.gravatar.com\\\/avatar\\\/c49a1b9f79216d1498cb73c1e85cd47f4465dda35f2a94c03790d491bd4423c3?s=96&d=mm&r=g\",\"caption\":\"Eric de Antderground\"},\"logo\":{\"@id\":\"https:\\\/\\\/secure.gravatar.com\\\/avatar\\\/c49a1b9f79216d1498cb73c1e85cd47f4465dda35f2a94c03790d491bd4423c3?s=96&d=mm&r=g\"},\"description\":\"Eric es el especialista y fundador de Antderground, con una amplia trayectoria en artr\u00f3podos y enfocado en la mirmecolog\u00eda y el dise\u00f1o de hormigueros artificiales. Su enfoque combina la innovaci\u00f3n t\u00e9cnica con el respeto por la biolog\u00eda de las hormigas, is\u00f3podos y otros, desarrollando sistemas de nidos modulares 3D y acr\u00edlicos que son referentes para aficionados y profesionales en toda Europa. Su objetivo es facilitar la cr\u00eda de hormigas y otros artr\u00f3podos mediante soluciones seguras y divulgaci\u00f3n de calidad.\",\"sameAs\":[\"https:\\\/\\\/antderground.com\\\/\",\"https:\\\/\\\/www.youtube.com\\\/channel\\\/UCio72z7TlbufkAthAJIJfPw\"]}]}<\/script>\n<!-- \/ Yoast SEO plugin. -->","yoast_head_json":{"title":"Armadillidium klugii - ANTDERGROUND","description":"Descubra esta variedade de Armadillidium klugii, uma surpreendente esp\u00e9cie de is\u00f3podes","robots":{"index":"index","follow":"follow","max-snippet":"max-snippet:-1","max-image-preview":"max-image-preview:large","max-video-preview":"max-video-preview:-1"},"canonical":"https:\/\/antderground.com\/pt-br\/produto\/armadillidium-klugii-5-unidades\/","og_locale":"pt_BR","og_type":"article","og_title":"Armadillidium klugii - ANTDERGROUND","og_description":"Descubra esta variedade de Armadillidium klugii, uma surpreendente esp\u00e9cie de is\u00f3podes","og_url":"https:\/\/antderground.com\/pt-br\/produto\/armadillidium-klugii-5-unidades\/","og_site_name":"ANTDERGROUND","article_modified_time":"2024-03-25T10:21:41+00:00","og_image":[{"width":709,"height":740,"url":"https:\/\/antderground.com\/wp-content\/uploads\/2022\/03\/Armadillum-kluguii.jpeg","type":"image\/jpeg"}],"twitter_card":"summary_large_image","twitter_misc":{"Est. tempo de leitura":"1 minuto"},"schema":{"@context":"https:\/\/schema.org","@graph":[{"@type":"WebPage","@id":"https:\/\/antderground.com\/pt-br\/produto\/armadillidium-klugii-5-unidades\/","url":"https:\/\/antderground.com\/pt-br\/produto\/armadillidium-klugii-5-unidades\/","name":"Armadillidium klugii - ANTDERGROUND","isPartOf":{"@id":"https:\/\/antderground.com\/pt-br\/#website"},"primaryImageOfPage":{"@id":"https:\/\/antderground.com\/pt-br\/produto\/armadillidium-klugii-5-unidades\/#primaryimage"},"image":{"@id":"https:\/\/antderground.com\/pt-br\/produto\/armadillidium-klugii-5-unidades\/#primaryimage"},"thumbnailUrl":"https:\/\/antderground.com\/wp-content\/uploads\/2022\/03\/Armadillum-kluguii.jpeg","datePublished":"2022-03-17T19:31:21+00:00","dateModified":"2024-03-25T10:21:41+00:00","description":"Descubra esta variedade de Armadillidium klugii, uma surpreendente esp\u00e9cie de is\u00f3podes","breadcrumb":{"@id":"https:\/\/antderground.com\/pt-br\/produto\/armadillidium-klugii-5-unidades\/#breadcrumb"},"inLanguage":"pt-BR","potentialAction":[{"@type":"ReadAction","target":["https:\/\/antderground.com\/pt-br\/produto\/armadillidium-klugii-5-unidades\/"]}]},{"@type":"ImageObject","inLanguage":"pt-BR","@id":"https:\/\/antderground.com\/pt-br\/produto\/armadillidium-klugii-5-unidades\/#primaryimage","url":"https:\/\/antderground.com\/wp-content\/uploads\/2022\/03\/Armadillum-kluguii.jpeg","contentUrl":"https:\/\/antderground.com\/wp-content\/uploads\/2022\/03\/Armadillum-kluguii.jpeg","width":709,"height":740},{"@type":"BreadcrumbList","@id":"https:\/\/antderground.com\/pt-br\/produto\/armadillidium-klugii-5-unidades\/#breadcrumb","itemListElement":[{"@type":"ListItem","position":1,"name":"Portada","item":"https:\/\/antderground.com\/pt-br\/"},{"@type":"ListItem","position":2,"name":"Produtos","item":"https:\/\/antderground.com\/pt-br\/loja-de-formigueiros\/"},{"@type":"ListItem","position":3,"name":"Armadillidium klugii"}]},{"@type":"WebSite","@id":"https:\/\/antderground.com\/pt-br\/#website","url":"https:\/\/antderground.com\/pt-br\/","name":"ANTDERGROUND","description":"Tu tienda de hormigas, gran variedad de hormigueros acr\u00edlicos,madera,arena,3D y mas.. Pide tus hormigas gratis con tu pedido, somos expertos en hormigueros antifugas.","publisher":{"@id":"https:\/\/antderground.com\/pt-br\/#\/schema\/person\/0e322c505e84fe72c65e2f6d08f96b81"},"alternateName":"Antderground","potentialAction":[{"@type":"SearchAction","target":{"@type":"EntryPoint","urlTemplate":"https:\/\/antderground.com\/pt-br\/?s={search_term_string}"},"query-input":{"@type":"PropertyValueSpecification","valueRequired":true,"valueName":"search_term_string"}}],"inLanguage":"pt-BR"},{"@type":["Person","Organization"],"@id":"https:\/\/antderground.com\/pt-br\/#\/schema\/person\/0e322c505e84fe72c65e2f6d08f96b81","name":"Eric de Antderground","image":{"@type":"ImageObject","inLanguage":"pt-BR","@id":"https:\/\/secure.gravatar.com\/avatar\/c49a1b9f79216d1498cb73c1e85cd47f4465dda35f2a94c03790d491bd4423c3?s=96&d=mm&r=g","url":"https:\/\/secure.gravatar.com\/avatar\/c49a1b9f79216d1498cb73c1e85cd47f4465dda35f2a94c03790d491bd4423c3?s=96&d=mm&r=g","contentUrl":"https:\/\/secure.gravatar.com\/avatar\/c49a1b9f79216d1498cb73c1e85cd47f4465dda35f2a94c03790d491bd4423c3?s=96&d=mm&r=g","caption":"Eric de Antderground"},"logo":{"@id":"https:\/\/secure.gravatar.com\/avatar\/c49a1b9f79216d1498cb73c1e85cd47f4465dda35f2a94c03790d491bd4423c3?s=96&d=mm&r=g"},"description":"Eric es el especialista y fundador de Antderground, con una amplia trayectoria en artr\u00f3podos y enfocado en la mirmecolog\u00eda y el dise\u00f1o de hormigueros artificiales. Su enfoque combina la innovaci\u00f3n t\u00e9cnica con el respeto por la biolog\u00eda de las hormigas, is\u00f3podos y otros, desarrollando sistemas de nidos modulares 3D y acr\u00edlicos que son referentes para aficionados y profesionales en toda Europa. Su objetivo es facilitar la cr\u00eda de hormigas y otros artr\u00f3podos mediante soluciones seguras y divulgaci\u00f3n de calidad.","sameAs":["https:\/\/antderground.com\/","https:\/\/www.youtube.com\/channel\/UCio72z7TlbufkAthAJIJfPw"]}]}},"_links":{"self":[{"href":"https:\/\/antderground.com\/pt-br\/wp-json\/wp\/v2\/product\/22104","targetHints":{"allow":["GET"]}}],"collection":[{"href":"https:\/\/antderground.com\/pt-br\/wp-json\/wp\/v2\/product"}],"about":[{"href":"https:\/\/antderground.com\/pt-br\/wp-json\/wp\/v2\/types\/product"}],"version-history":[{"count":0,"href":"https:\/\/antderground.com\/pt-br\/wp-json\/wp\/v2\/product\/22104\/revisions"}],"wp:featuredmedia":[{"embeddable":true,"href":"https:\/\/antderground.com\/pt-br\/wp-json\/wp\/v2\/media\/19598"}],"wp:attachment":[{"href":"https:\/\/antderground.com\/pt-br\/wp-json\/wp\/v2\/media?parent=22104"}],"wp:term":[{"taxonomy":"product_brand","embeddable":true,"href":"https:\/\/antderground.com\/pt-br\/wp-json\/wp\/v2\/product_brand?post=22104"},{"taxonomy":"product_cat","embeddable":true,"href":"https:\/\/antderground.com\/pt-br\/wp-json\/wp\/v2\/product_cat?post=22104"},{"taxonomy":"product_tag","embeddable":true,"href":"https:\/\/antderground.com\/pt-br\/wp-json\/wp\/v2\/product_tag?post=22104"}],"curies":[{"name":"wp","href":"https:\/\/api.w.org\/{rel}","templated":true}]}}