{"id":27746,"date":"2023-04-10T23:21:19","date_gmt":"2023-04-10T21:21:19","guid":{"rendered":"https:\/\/www.antderground.com\/producto\/camponotus-ligniperdus\/"},"modified":"2025-12-30T15:16:07","modified_gmt":"2025-12-30T14:16:07","slug":"camponotus-ligniperdus","status":"publish","type":"product","link":"https:\/\/antderground.com\/pt-br\/produto\/camponotus-ligniperdus\/","title":{"rendered":"Camponotus ligniperdus (Rainha)"},"content":{"rendered":"<p><strong>Nome cient\u00edfico:<\/strong> Camponotus ligniperdus<\/p>\n<p><strong>Classifica\u00e7\u00e3o taxon\u00f4mica:<\/strong><\/p>\n<ul>\n<li>Reino: Animalia<\/li>\n<li>Filo: Arthropoda<\/li>\n<li>Classe: Insecta<\/li>\n<li>Ordem: Hymenoptera<\/li>\n<li>Fam\u00edlia: Formicidae<\/li>\n<li>G\u00eanero: Camponotus<\/li>\n<li>Esp\u00e9cie: C. ligniperdus<\/li>\n<\/ul>\n<p><strong>Distribui\u00e7\u00e3o geogr\u00e1fica:<\/strong> A formiga Camponotus ligniperdus est\u00e1 presente na Europa, \u00c1sia e Am\u00e9rica do Norte.<\/p>\n<p><strong>Caracter\u00edsticas f\u00edsicas:<\/strong><\/p>\n<ul>\n<li>Tamanho: as oper\u00e1rias medem entre 6 e 13 mm de comprimento, enquanto as rainhas podem chegar a 14-16 mm.<\/li>\n<li>Cor: geralmente pretas com patas e antenas mais claras. \u00c0s vezes apresentam tonalidades marrons no corpo.<\/li>\n<li>Mand\u00edbulas grandes e poderosas, usadas para morder e cortar material vegetal.<\/li>\n<\/ul>\n<p><strong>Comportamento:<\/strong><\/p>\n<ul>\n<li>S\u00e3o principalmente herb\u00edvoras, mas se alimentam tamb\u00e9m de pequenos insetos e outros artr\u00f3podes.<\/li>\n<li>As oper\u00e1rias s\u00e3o polim\u00f3rficas, o que significa que podem variar em tamanho e fun\u00e7\u00f5es dentro da col\u00f4nia.<\/li>\n<li>Formam col\u00f4nias relativamente grandes, que podem conter at\u00e9 v\u00e1rias milhares de oper\u00e1rias.<\/li>\n<\/ul>\n<p><strong>Estado de conserva\u00e7\u00e3o:<\/strong> A formiga Camponotus ligniperdus n\u00e3o est\u00e1 presente em nenhuma lista de esp\u00e9cies amea\u00e7adas.<\/p>\n<p><strong>Notas adicionais:<\/strong> A formiga Camponotus ligniperdus \u00e9 uma esp\u00e9cie comum em florestas e \u00e1reas boscosas na Europa, \u00c1sia e Am\u00e9rica do Norte. Essas formigas podem desempenhar um papel importante na ecologia dos ecossistemas, contribuindo para a dispers\u00e3o de sementes, a cria\u00e7\u00e3o de micro-habitats e a regula\u00e7\u00e3o da popula\u00e7\u00e3o de herb\u00edvoros e outros artr\u00f3podes. Al\u00e9m disso, sabe-se que algumas esp\u00e9cies de formigas do g\u00eanero Camponotus estabelecem rela\u00e7\u00f5es simbi\u00f3ticas com algumas plantas, fornecendo prote\u00e7\u00e3o contra herb\u00edvoros e pat\u00f3genos e recebendo em troca uma fonte de alimento.<\/p>\n","protected":false},"excerpt":{"rendered":"<p>Nome cient\u00edfico: Camponotus ligniperdus Classifica\u00e7\u00e3o taxon\u00f4mica: Reino: Animalia Filo: Arthropoda Classe: Insecta Ordem: Hymenoptera Fam\u00edlia: Formicidae G\u00eanero: Camponotus Esp\u00e9cie: C.<\/p>\n","protected":false},"featured_media":27727,"template":"","meta":[],"product_brand":[],"product_cat":[381,502],"product_tag":[],"class_list":{"0":"post-27746","1":"product","2":"type-product","3":"status-publish","4":"has-post-thumbnail","6":"product_cat-formigas","7":"product_cat-formigas-europeias","9":"first","10":"instock","11":"shipping-taxable","12":"purchasable","13":"product-type-variable"},"yoast_head":"<!-- This site is optimized with the Yoast SEO plugin v27.4 - https:\/\/yoast.com\/product\/yoast-seo-wordpress\/ -->\n<title>Camponotus ligniperdus (Rainha) - ANTDERGROUND<\/title>\n<meta name=\"description\" content=\"Descubra a formiga gigante Camponotus ligniperdus, uma fant\u00e1stica esp\u00e9cie de formiga aut\u00f3ctone conhecida como a formiga carpinteira!\" \/>\n<meta name=\"robots\" content=\"index, follow, max-snippet:-1, max-image-preview:large, max-video-preview:-1\" \/>\n<link rel=\"canonical\" href=\"https:\/\/antderground.com\/pt-br\/produto\/camponotus-ligniperdus\/\" \/>\n<meta property=\"og:locale\" content=\"pt_BR\" \/>\n<meta property=\"og:type\" content=\"article\" \/>\n<meta property=\"og:title\" content=\"Camponotus ligniperdus (Rainha) - ANTDERGROUND\" \/>\n<meta property=\"og:description\" content=\"Descubra a formiga gigante Camponotus ligniperdus, uma fant\u00e1stica esp\u00e9cie de formiga aut\u00f3ctone conhecida como a formiga carpinteira!\" \/>\n<meta property=\"og:url\" content=\"https:\/\/antderground.com\/pt-br\/produto\/camponotus-ligniperdus\/\" \/>\n<meta property=\"og:site_name\" content=\"ANTDERGROUND\" \/>\n<meta property=\"article:modified_time\" content=\"2025-12-30T14:16:07+00:00\" \/>\n<meta property=\"og:image\" content=\"https:\/\/antderground.com\/wp-content\/uploads\/2023\/04\/Imagen-de-WhatsApp-2023-04-09-a-las-15.50.38.jpg\" \/>\n\t<meta property=\"og:image:width\" content=\"1417\" \/>\n\t<meta property=\"og:image:height\" content=\"1417\" \/>\n\t<meta property=\"og:image:type\" content=\"image\/jpeg\" \/>\n<meta name=\"twitter:card\" content=\"summary_large_image\" \/>\n<meta name=\"twitter:label1\" content=\"Est. tempo de leitura\" \/>\n\t<meta name=\"twitter:data1\" content=\"1 minuto\" \/>\n<script type=\"application\/ld+json\" class=\"yoast-schema-graph\">{\"@context\":\"https:\\\/\\\/schema.org\",\"@graph\":[{\"@type\":\"WebPage\",\"@id\":\"https:\\\/\\\/antderground.com\\\/pt-br\\\/produto\\\/camponotus-ligniperdus\\\/\",\"url\":\"https:\\\/\\\/antderground.com\\\/pt-br\\\/produto\\\/camponotus-ligniperdus\\\/\",\"name\":\"Camponotus ligniperdus (Rainha) - ANTDERGROUND\",\"isPartOf\":{\"@id\":\"https:\\\/\\\/antderground.com\\\/pt-br\\\/#website\"},\"primaryImageOfPage\":{\"@id\":\"https:\\\/\\\/antderground.com\\\/pt-br\\\/produto\\\/camponotus-ligniperdus\\\/#primaryimage\"},\"image\":{\"@id\":\"https:\\\/\\\/antderground.com\\\/pt-br\\\/produto\\\/camponotus-ligniperdus\\\/#primaryimage\"},\"thumbnailUrl\":\"https:\\\/\\\/antderground.com\\\/wp-content\\\/uploads\\\/2023\\\/04\\\/Imagen-de-WhatsApp-2023-04-09-a-las-15.50.38.jpg\",\"datePublished\":\"2023-04-10T21:21:19+00:00\",\"dateModified\":\"2025-12-30T14:16:07+00:00\",\"description\":\"Descubra a formiga gigante Camponotus ligniperdus, uma fant\u00e1stica esp\u00e9cie de formiga aut\u00f3ctone conhecida como a formiga carpinteira!\",\"breadcrumb\":{\"@id\":\"https:\\\/\\\/antderground.com\\\/pt-br\\\/produto\\\/camponotus-ligniperdus\\\/#breadcrumb\"},\"inLanguage\":\"pt-BR\",\"potentialAction\":[{\"@type\":\"ReadAction\",\"target\":[\"https:\\\/\\\/antderground.com\\\/pt-br\\\/produto\\\/camponotus-ligniperdus\\\/\"]}]},{\"@type\":\"ImageObject\",\"inLanguage\":\"pt-BR\",\"@id\":\"https:\\\/\\\/antderground.com\\\/pt-br\\\/produto\\\/camponotus-ligniperdus\\\/#primaryimage\",\"url\":\"https:\\\/\\\/antderground.com\\\/wp-content\\\/uploads\\\/2023\\\/04\\\/Imagen-de-WhatsApp-2023-04-09-a-las-15.50.38.jpg\",\"contentUrl\":\"https:\\\/\\\/antderground.com\\\/wp-content\\\/uploads\\\/2023\\\/04\\\/Imagen-de-WhatsApp-2023-04-09-a-las-15.50.38.jpg\",\"width\":1417,\"height\":1417},{\"@type\":\"BreadcrumbList\",\"@id\":\"https:\\\/\\\/antderground.com\\\/pt-br\\\/produto\\\/camponotus-ligniperdus\\\/#breadcrumb\",\"itemListElement\":[{\"@type\":\"ListItem\",\"position\":1,\"name\":\"Portada\",\"item\":\"https:\\\/\\\/antderground.com\\\/pt-br\\\/\"},{\"@type\":\"ListItem\",\"position\":2,\"name\":\"Produtos\",\"item\":\"https:\\\/\\\/antderground.com\\\/pt-br\\\/loja-de-formigueiros\\\/\"},{\"@type\":\"ListItem\",\"position\":3,\"name\":\"Camponotus ligniperdus (Rainha)\"}]},{\"@type\":\"WebSite\",\"@id\":\"https:\\\/\\\/antderground.com\\\/pt-br\\\/#website\",\"url\":\"https:\\\/\\\/antderground.com\\\/pt-br\\\/\",\"name\":\"ANTDERGROUND\",\"description\":\"Tu tienda de hormigas, gran variedad de hormigueros acr\u00edlicos,madera,arena,3D y mas.. Pide tus hormigas gratis con tu pedido, somos expertos en hormigueros antifugas.\",\"publisher\":{\"@id\":\"https:\\\/\\\/antderground.com\\\/pt-br\\\/#\\\/schema\\\/person\\\/0e322c505e84fe72c65e2f6d08f96b81\"},\"alternateName\":\"Antderground\",\"potentialAction\":[{\"@type\":\"SearchAction\",\"target\":{\"@type\":\"EntryPoint\",\"urlTemplate\":\"https:\\\/\\\/antderground.com\\\/pt-br\\\/?s={search_term_string}\"},\"query-input\":{\"@type\":\"PropertyValueSpecification\",\"valueRequired\":true,\"valueName\":\"search_term_string\"}}],\"inLanguage\":\"pt-BR\"},{\"@type\":[\"Person\",\"Organization\"],\"@id\":\"https:\\\/\\\/antderground.com\\\/pt-br\\\/#\\\/schema\\\/person\\\/0e322c505e84fe72c65e2f6d08f96b81\",\"name\":\"Eric de Antderground\",\"image\":{\"@type\":\"ImageObject\",\"inLanguage\":\"pt-BR\",\"@id\":\"https:\\\/\\\/secure.gravatar.com\\\/avatar\\\/c49a1b9f79216d1498cb73c1e85cd47f4465dda35f2a94c03790d491bd4423c3?s=96&d=mm&r=g\",\"url\":\"https:\\\/\\\/secure.gravatar.com\\\/avatar\\\/c49a1b9f79216d1498cb73c1e85cd47f4465dda35f2a94c03790d491bd4423c3?s=96&d=mm&r=g\",\"contentUrl\":\"https:\\\/\\\/secure.gravatar.com\\\/avatar\\\/c49a1b9f79216d1498cb73c1e85cd47f4465dda35f2a94c03790d491bd4423c3?s=96&d=mm&r=g\",\"caption\":\"Eric de Antderground\"},\"logo\":{\"@id\":\"https:\\\/\\\/secure.gravatar.com\\\/avatar\\\/c49a1b9f79216d1498cb73c1e85cd47f4465dda35f2a94c03790d491bd4423c3?s=96&d=mm&r=g\"},\"description\":\"Eric es el especialista y fundador de Antderground, con una amplia trayectoria en artr\u00f3podos y enfocado en la mirmecolog\u00eda y el dise\u00f1o de hormigueros artificiales. Su enfoque combina la innovaci\u00f3n t\u00e9cnica con el respeto por la biolog\u00eda de las hormigas, is\u00f3podos y otros, desarrollando sistemas de nidos modulares 3D y acr\u00edlicos que son referentes para aficionados y profesionales en toda Europa. Su objetivo es facilitar la cr\u00eda de hormigas y otros artr\u00f3podos mediante soluciones seguras y divulgaci\u00f3n de calidad.\",\"sameAs\":[\"https:\\\/\\\/antderground.com\\\/\",\"https:\\\/\\\/www.youtube.com\\\/channel\\\/UCio72z7TlbufkAthAJIJfPw\"]}]}<\/script>\n<!-- \/ Yoast SEO plugin. -->","yoast_head_json":{"title":"Camponotus ligniperdus (Rainha) - ANTDERGROUND","description":"Descubra a formiga gigante Camponotus ligniperdus, uma fant\u00e1stica esp\u00e9cie de formiga aut\u00f3ctone conhecida como a formiga carpinteira!","robots":{"index":"index","follow":"follow","max-snippet":"max-snippet:-1","max-image-preview":"max-image-preview:large","max-video-preview":"max-video-preview:-1"},"canonical":"https:\/\/antderground.com\/pt-br\/produto\/camponotus-ligniperdus\/","og_locale":"pt_BR","og_type":"article","og_title":"Camponotus ligniperdus (Rainha) - ANTDERGROUND","og_description":"Descubra a formiga gigante Camponotus ligniperdus, uma fant\u00e1stica esp\u00e9cie de formiga aut\u00f3ctone conhecida como a formiga carpinteira!","og_url":"https:\/\/antderground.com\/pt-br\/produto\/camponotus-ligniperdus\/","og_site_name":"ANTDERGROUND","article_modified_time":"2025-12-30T14:16:07+00:00","og_image":[{"width":1417,"height":1417,"url":"https:\/\/antderground.com\/wp-content\/uploads\/2023\/04\/Imagen-de-WhatsApp-2023-04-09-a-las-15.50.38.jpg","type":"image\/jpeg"}],"twitter_card":"summary_large_image","twitter_misc":{"Est. tempo de leitura":"1 minuto"},"schema":{"@context":"https:\/\/schema.org","@graph":[{"@type":"WebPage","@id":"https:\/\/antderground.com\/pt-br\/produto\/camponotus-ligniperdus\/","url":"https:\/\/antderground.com\/pt-br\/produto\/camponotus-ligniperdus\/","name":"Camponotus ligniperdus (Rainha) - ANTDERGROUND","isPartOf":{"@id":"https:\/\/antderground.com\/pt-br\/#website"},"primaryImageOfPage":{"@id":"https:\/\/antderground.com\/pt-br\/produto\/camponotus-ligniperdus\/#primaryimage"},"image":{"@id":"https:\/\/antderground.com\/pt-br\/produto\/camponotus-ligniperdus\/#primaryimage"},"thumbnailUrl":"https:\/\/antderground.com\/wp-content\/uploads\/2023\/04\/Imagen-de-WhatsApp-2023-04-09-a-las-15.50.38.jpg","datePublished":"2023-04-10T21:21:19+00:00","dateModified":"2025-12-30T14:16:07+00:00","description":"Descubra a formiga gigante Camponotus ligniperdus, uma fant\u00e1stica esp\u00e9cie de formiga aut\u00f3ctone conhecida como a formiga carpinteira!","breadcrumb":{"@id":"https:\/\/antderground.com\/pt-br\/produto\/camponotus-ligniperdus\/#breadcrumb"},"inLanguage":"pt-BR","potentialAction":[{"@type":"ReadAction","target":["https:\/\/antderground.com\/pt-br\/produto\/camponotus-ligniperdus\/"]}]},{"@type":"ImageObject","inLanguage":"pt-BR","@id":"https:\/\/antderground.com\/pt-br\/produto\/camponotus-ligniperdus\/#primaryimage","url":"https:\/\/antderground.com\/wp-content\/uploads\/2023\/04\/Imagen-de-WhatsApp-2023-04-09-a-las-15.50.38.jpg","contentUrl":"https:\/\/antderground.com\/wp-content\/uploads\/2023\/04\/Imagen-de-WhatsApp-2023-04-09-a-las-15.50.38.jpg","width":1417,"height":1417},{"@type":"BreadcrumbList","@id":"https:\/\/antderground.com\/pt-br\/produto\/camponotus-ligniperdus\/#breadcrumb","itemListElement":[{"@type":"ListItem","position":1,"name":"Portada","item":"https:\/\/antderground.com\/pt-br\/"},{"@type":"ListItem","position":2,"name":"Produtos","item":"https:\/\/antderground.com\/pt-br\/loja-de-formigueiros\/"},{"@type":"ListItem","position":3,"name":"Camponotus ligniperdus (Rainha)"}]},{"@type":"WebSite","@id":"https:\/\/antderground.com\/pt-br\/#website","url":"https:\/\/antderground.com\/pt-br\/","name":"ANTDERGROUND","description":"Tu tienda de hormigas, gran variedad de hormigueros acr\u00edlicos,madera,arena,3D y mas.. Pide tus hormigas gratis con tu pedido, somos expertos en hormigueros antifugas.","publisher":{"@id":"https:\/\/antderground.com\/pt-br\/#\/schema\/person\/0e322c505e84fe72c65e2f6d08f96b81"},"alternateName":"Antderground","potentialAction":[{"@type":"SearchAction","target":{"@type":"EntryPoint","urlTemplate":"https:\/\/antderground.com\/pt-br\/?s={search_term_string}"},"query-input":{"@type":"PropertyValueSpecification","valueRequired":true,"valueName":"search_term_string"}}],"inLanguage":"pt-BR"},{"@type":["Person","Organization"],"@id":"https:\/\/antderground.com\/pt-br\/#\/schema\/person\/0e322c505e84fe72c65e2f6d08f96b81","name":"Eric de Antderground","image":{"@type":"ImageObject","inLanguage":"pt-BR","@id":"https:\/\/secure.gravatar.com\/avatar\/c49a1b9f79216d1498cb73c1e85cd47f4465dda35f2a94c03790d491bd4423c3?s=96&d=mm&r=g","url":"https:\/\/secure.gravatar.com\/avatar\/c49a1b9f79216d1498cb73c1e85cd47f4465dda35f2a94c03790d491bd4423c3?s=96&d=mm&r=g","contentUrl":"https:\/\/secure.gravatar.com\/avatar\/c49a1b9f79216d1498cb73c1e85cd47f4465dda35f2a94c03790d491bd4423c3?s=96&d=mm&r=g","caption":"Eric de Antderground"},"logo":{"@id":"https:\/\/secure.gravatar.com\/avatar\/c49a1b9f79216d1498cb73c1e85cd47f4465dda35f2a94c03790d491bd4423c3?s=96&d=mm&r=g"},"description":"Eric es el especialista y fundador de Antderground, con una amplia trayectoria en artr\u00f3podos y enfocado en la mirmecolog\u00eda y el dise\u00f1o de hormigueros artificiales. Su enfoque combina la innovaci\u00f3n t\u00e9cnica con el respeto por la biolog\u00eda de las hormigas, is\u00f3podos y otros, desarrollando sistemas de nidos modulares 3D y acr\u00edlicos que son referentes para aficionados y profesionales en toda Europa. Su objetivo es facilitar la cr\u00eda de hormigas y otros artr\u00f3podos mediante soluciones seguras y divulgaci\u00f3n de calidad.","sameAs":["https:\/\/antderground.com\/","https:\/\/www.youtube.com\/channel\/UCio72z7TlbufkAthAJIJfPw"]}]}},"_links":{"self":[{"href":"https:\/\/antderground.com\/pt-br\/wp-json\/wp\/v2\/product\/27746","targetHints":{"allow":["GET"]}}],"collection":[{"href":"https:\/\/antderground.com\/pt-br\/wp-json\/wp\/v2\/product"}],"about":[{"href":"https:\/\/antderground.com\/pt-br\/wp-json\/wp\/v2\/types\/product"}],"version-history":[{"count":0,"href":"https:\/\/antderground.com\/pt-br\/wp-json\/wp\/v2\/product\/27746\/revisions"}],"wp:featuredmedia":[{"embeddable":true,"href":"https:\/\/antderground.com\/pt-br\/wp-json\/wp\/v2\/media\/27727"}],"wp:attachment":[{"href":"https:\/\/antderground.com\/pt-br\/wp-json\/wp\/v2\/media?parent=27746"}],"wp:term":[{"taxonomy":"product_brand","embeddable":true,"href":"https:\/\/antderground.com\/pt-br\/wp-json\/wp\/v2\/product_brand?post=27746"},{"taxonomy":"product_cat","embeddable":true,"href":"https:\/\/antderground.com\/pt-br\/wp-json\/wp\/v2\/product_cat?post=27746"},{"taxonomy":"product_tag","embeddable":true,"href":"https:\/\/antderground.com\/pt-br\/wp-json\/wp\/v2\/product_tag?post=27746"}],"curies":[{"name":"wp","href":"https:\/\/api.w.org\/{rel}","templated":true}]}}