{"id":28112,"date":"2023-04-25T11:35:35","date_gmt":"2023-04-25T09:35:35","guid":{"rendered":"https:\/\/www.antderground.com\/producto\/messor-cephalotes\/"},"modified":"2023-04-25T11:35:35","modified_gmt":"2023-04-25T09:35:35","slug":"messor-cephalotes","status":"publish","type":"product","link":"https:\/\/antderground.com\/pt-br\/produto\/messor-cephalotes\/","title":{"rendered":"Messor cephalotes"},"content":{"rendered":"<p><strong>Nome cient\u00edfico:<\/strong> Messor cephalotes<\/p>\n<p><strong>Classifica\u00e7\u00e3o taxon\u00f4mica:<\/strong><br \/>\nReino: Animalia<br \/>\nFilo: Arthropoda<br \/>\nClasse: Insecta<br \/>\nOrdem: Hymenoptera<br \/>\nFam\u00edlia: Formicidae<br \/>\nSubfam\u00edlia: Myrmicinae<br \/>\nG\u00eanero: Messor<\/p>\n<p><strong>Distribui\u00e7\u00e3o geogr\u00e1fica:<\/strong> A formiga Messor cephalotes \u00e9 encontrada na Europa, \u00c1sia e \u00c1frica.<\/p>\n<p><strong>Caracter\u00edsticas f\u00edsicas:<\/strong> As oper\u00e1rias medem entre 4 e 8 mm de comprimento, enquanto a rainha pode atingir at\u00e9 12 mm. O corpo \u00e9 de cor marrom escuro com o abd\u00f4men ligeiramente mais claro. O corpo da formiga \u00e9 coberto de pelos que permitem que elas carreguem objetos muito maiores do que o seu pr\u00f3prio tamanho.<\/p>\n<p><strong>Comportamento:<\/strong> As formigas Messor cephalotes s\u00e3o conhecidas por coletar sementes e armazen\u00e1-las em seus ninhos para consumo posterior. As oper\u00e1rias cortam e transportam as sementes at\u00e9 sua col\u00f4nia, onde s\u00e3o armazenadas em dep\u00f3sitos especiais chamados &#8220;celeiros&#8221;. Al\u00e9m disso, essas formigas tamb\u00e9m se alimentam de insetos mortos e outros invertebrados.<\/p>\n<p><strong>Estado de conserva\u00e7\u00e3o:<\/strong> A esp\u00e9cie Messor cephalotes n\u00e3o \u00e9 considerada em perigo de extin\u00e7\u00e3o.<\/p>\n<p><strong>Notas adicionais:<\/strong> As formigas Messor cephalotes s\u00e3o consideradas uma esp\u00e9cie ben\u00e9fica para o ecossistema, pois sua atividade de coleta de sementes ajuda a manter o equil\u00edbrio da vegeta\u00e7\u00e3o. Al\u00e9m disso, elas s\u00e3o amplamente usadas em estudos de comportamento animal devido \u00e0 sua capacidade de coletar e armazenar sementes de forma organizada e eficiente.<\/p>\n","protected":false},"excerpt":{"rendered":"<p>Formiga rainha<\/p>\n","protected":false},"featured_media":28268,"template":"","meta":[],"product_brand":[],"product_cat":[381,477],"product_tag":[],"class_list":{"0":"post-28112","1":"product","2":"type-product","3":"status-publish","4":"has-post-thumbnail","6":"product_cat-formigas","7":"product_cat-formigas-exoticas","9":"first","10":"outofstock","11":"shipping-taxable","12":"product-type-simple"},"yoast_head":"<!-- This site is optimized with the Yoast SEO plugin v27.3 - https:\/\/yoast.com\/product\/yoast-seo-wordpress\/ -->\n<title>Messor cephalotes - ANTDERGROUND<\/title>\n<meta name=\"description\" content=\"A nova formiga Messor cephalotes, encontra uma surpreendente formiga rainha. Grande variedade de esp\u00e9cies de formigas. Sua loja de mirmecologia.\" \/>\n<meta name=\"robots\" content=\"index, follow, max-snippet:-1, max-image-preview:large, max-video-preview:-1\" \/>\n<link rel=\"canonical\" href=\"https:\/\/antderground.com\/pt-br\/produto\/messor-cephalotes\/\" \/>\n<meta property=\"og:locale\" content=\"pt_BR\" \/>\n<meta property=\"og:type\" content=\"article\" \/>\n<meta property=\"og:title\" content=\"Messor cephalotes - ANTDERGROUND\" \/>\n<meta property=\"og:description\" content=\"A nova formiga Messor cephalotes, encontra uma surpreendente formiga rainha. Grande variedade de esp\u00e9cies de formigas. Sua loja de mirmecologia.\" \/>\n<meta property=\"og:url\" content=\"https:\/\/antderground.com\/pt-br\/produto\/messor-cephalotes\/\" \/>\n<meta property=\"og:site_name\" content=\"ANTDERGROUND\" \/>\n<meta property=\"og:image\" content=\"https:\/\/antderground.com\/wp-content\/uploads\/2023\/04\/messor-cephalotes-2.png\" \/>\n\t<meta property=\"og:image:width\" content=\"675\" \/>\n\t<meta property=\"og:image:height\" content=\"659\" \/>\n\t<meta property=\"og:image:type\" content=\"image\/png\" \/>\n<meta name=\"twitter:card\" content=\"summary_large_image\" \/>\n<meta name=\"twitter:label1\" content=\"Est. tempo de leitura\" \/>\n\t<meta name=\"twitter:data1\" content=\"1 minuto\" \/>\n<script type=\"application\/ld+json\" class=\"yoast-schema-graph\">{\"@context\":\"https:\\\/\\\/schema.org\",\"@graph\":[{\"@type\":\"WebPage\",\"@id\":\"https:\\\/\\\/antderground.com\\\/pt-br\\\/produto\\\/messor-cephalotes\\\/\",\"url\":\"https:\\\/\\\/antderground.com\\\/pt-br\\\/produto\\\/messor-cephalotes\\\/\",\"name\":\"Messor cephalotes - ANTDERGROUND\",\"isPartOf\":{\"@id\":\"https:\\\/\\\/antderground.com\\\/pt-br\\\/#website\"},\"primaryImageOfPage\":{\"@id\":\"https:\\\/\\\/antderground.com\\\/pt-br\\\/produto\\\/messor-cephalotes\\\/#primaryimage\"},\"image\":{\"@id\":\"https:\\\/\\\/antderground.com\\\/pt-br\\\/produto\\\/messor-cephalotes\\\/#primaryimage\"},\"thumbnailUrl\":\"https:\\\/\\\/antderground.com\\\/wp-content\\\/uploads\\\/2023\\\/04\\\/messor-cephalotes-eric.jpg\",\"datePublished\":\"2023-04-25T09:35:35+00:00\",\"description\":\"A nova formiga Messor cephalotes, encontra uma surpreendente formiga rainha. Grande variedade de esp\u00e9cies de formigas. Sua loja de mirmecologia.\",\"breadcrumb\":{\"@id\":\"https:\\\/\\\/antderground.com\\\/pt-br\\\/produto\\\/messor-cephalotes\\\/#breadcrumb\"},\"inLanguage\":\"pt-BR\",\"potentialAction\":[{\"@type\":\"ReadAction\",\"target\":[\"https:\\\/\\\/antderground.com\\\/pt-br\\\/produto\\\/messor-cephalotes\\\/\"]}]},{\"@type\":\"ImageObject\",\"inLanguage\":\"pt-BR\",\"@id\":\"https:\\\/\\\/antderground.com\\\/pt-br\\\/produto\\\/messor-cephalotes\\\/#primaryimage\",\"url\":\"https:\\\/\\\/antderground.com\\\/wp-content\\\/uploads\\\/2023\\\/04\\\/messor-cephalotes-eric.jpg\",\"contentUrl\":\"https:\\\/\\\/antderground.com\\\/wp-content\\\/uploads\\\/2023\\\/04\\\/messor-cephalotes-eric.jpg\",\"width\":1417,\"height\":1417},{\"@type\":\"BreadcrumbList\",\"@id\":\"https:\\\/\\\/antderground.com\\\/pt-br\\\/produto\\\/messor-cephalotes\\\/#breadcrumb\",\"itemListElement\":[{\"@type\":\"ListItem\",\"position\":1,\"name\":\"Portada\",\"item\":\"https:\\\/\\\/antderground.com\\\/pt-br\\\/\"},{\"@type\":\"ListItem\",\"position\":2,\"name\":\"Produtos\",\"item\":\"https:\\\/\\\/antderground.com\\\/pt-br\\\/loja-de-formigueiros\\\/\"},{\"@type\":\"ListItem\",\"position\":3,\"name\":\"Messor cephalotes\"}]},{\"@type\":\"WebSite\",\"@id\":\"https:\\\/\\\/antderground.com\\\/pt-br\\\/#website\",\"url\":\"https:\\\/\\\/antderground.com\\\/pt-br\\\/\",\"name\":\"ANTDERGROUND\",\"description\":\"Tu tienda de hormigas, gran variedad de hormigueros acr\u00edlicos,madera,arena,3D y mas.. Pide tus hormigas gratis con tu pedido, somos expertos en hormigueros antifugas.\",\"publisher\":{\"@id\":\"https:\\\/\\\/antderground.com\\\/pt-br\\\/#\\\/schema\\\/person\\\/0e322c505e84fe72c65e2f6d08f96b81\"},\"alternateName\":\"Antderground\",\"potentialAction\":[{\"@type\":\"SearchAction\",\"target\":{\"@type\":\"EntryPoint\",\"urlTemplate\":\"https:\\\/\\\/antderground.com\\\/pt-br\\\/?s={search_term_string}\"},\"query-input\":{\"@type\":\"PropertyValueSpecification\",\"valueRequired\":true,\"valueName\":\"search_term_string\"}}],\"inLanguage\":\"pt-BR\"},{\"@type\":[\"Person\",\"Organization\"],\"@id\":\"https:\\\/\\\/antderground.com\\\/pt-br\\\/#\\\/schema\\\/person\\\/0e322c505e84fe72c65e2f6d08f96b81\",\"name\":\"Eric de Antderground\",\"image\":{\"@type\":\"ImageObject\",\"inLanguage\":\"pt-BR\",\"@id\":\"https:\\\/\\\/secure.gravatar.com\\\/avatar\\\/c49a1b9f79216d1498cb73c1e85cd47f4465dda35f2a94c03790d491bd4423c3?s=96&d=mm&r=g\",\"url\":\"https:\\\/\\\/secure.gravatar.com\\\/avatar\\\/c49a1b9f79216d1498cb73c1e85cd47f4465dda35f2a94c03790d491bd4423c3?s=96&d=mm&r=g\",\"contentUrl\":\"https:\\\/\\\/secure.gravatar.com\\\/avatar\\\/c49a1b9f79216d1498cb73c1e85cd47f4465dda35f2a94c03790d491bd4423c3?s=96&d=mm&r=g\",\"caption\":\"Eric de Antderground\"},\"logo\":{\"@id\":\"https:\\\/\\\/secure.gravatar.com\\\/avatar\\\/c49a1b9f79216d1498cb73c1e85cd47f4465dda35f2a94c03790d491bd4423c3?s=96&d=mm&r=g\"},\"description\":\"Eric es el especialista y fundador de Antderground, con una amplia trayectoria en artr\u00f3podos y enfocado en la mirmecolog\u00eda y el dise\u00f1o de hormigueros artificiales. Su enfoque combina la innovaci\u00f3n t\u00e9cnica con el respeto por la biolog\u00eda de las hormigas, is\u00f3podos y otros, desarrollando sistemas de nidos modulares 3D y acr\u00edlicos que son referentes para aficionados y profesionales en toda Europa. Su objetivo es facilitar la cr\u00eda de hormigas y otros artr\u00f3podos mediante soluciones seguras y divulgaci\u00f3n de calidad.\",\"sameAs\":[\"https:\\\/\\\/antderground.com\\\/\",\"https:\\\/\\\/www.youtube.com\\\/channel\\\/UCio72z7TlbufkAthAJIJfPw\"]}]}<\/script>\n<!-- \/ Yoast SEO plugin. -->","yoast_head_json":{"title":"Messor cephalotes - ANTDERGROUND","description":"A nova formiga Messor cephalotes, encontra uma surpreendente formiga rainha. Grande variedade de esp\u00e9cies de formigas. Sua loja de mirmecologia.","robots":{"index":"index","follow":"follow","max-snippet":"max-snippet:-1","max-image-preview":"max-image-preview:large","max-video-preview":"max-video-preview:-1"},"canonical":"https:\/\/antderground.com\/pt-br\/produto\/messor-cephalotes\/","og_locale":"pt_BR","og_type":"article","og_title":"Messor cephalotes - ANTDERGROUND","og_description":"A nova formiga Messor cephalotes, encontra uma surpreendente formiga rainha. Grande variedade de esp\u00e9cies de formigas. Sua loja de mirmecologia.","og_url":"https:\/\/antderground.com\/pt-br\/produto\/messor-cephalotes\/","og_site_name":"ANTDERGROUND","og_image":[{"width":675,"height":659,"url":"https:\/\/antderground.com\/wp-content\/uploads\/2023\/04\/messor-cephalotes-2.png","type":"image\/png"}],"twitter_card":"summary_large_image","twitter_misc":{"Est. tempo de leitura":"1 minuto"},"schema":{"@context":"https:\/\/schema.org","@graph":[{"@type":"WebPage","@id":"https:\/\/antderground.com\/pt-br\/produto\/messor-cephalotes\/","url":"https:\/\/antderground.com\/pt-br\/produto\/messor-cephalotes\/","name":"Messor cephalotes - ANTDERGROUND","isPartOf":{"@id":"https:\/\/antderground.com\/pt-br\/#website"},"primaryImageOfPage":{"@id":"https:\/\/antderground.com\/pt-br\/produto\/messor-cephalotes\/#primaryimage"},"image":{"@id":"https:\/\/antderground.com\/pt-br\/produto\/messor-cephalotes\/#primaryimage"},"thumbnailUrl":"https:\/\/antderground.com\/wp-content\/uploads\/2023\/04\/messor-cephalotes-eric.jpg","datePublished":"2023-04-25T09:35:35+00:00","description":"A nova formiga Messor cephalotes, encontra uma surpreendente formiga rainha. Grande variedade de esp\u00e9cies de formigas. Sua loja de mirmecologia.","breadcrumb":{"@id":"https:\/\/antderground.com\/pt-br\/produto\/messor-cephalotes\/#breadcrumb"},"inLanguage":"pt-BR","potentialAction":[{"@type":"ReadAction","target":["https:\/\/antderground.com\/pt-br\/produto\/messor-cephalotes\/"]}]},{"@type":"ImageObject","inLanguage":"pt-BR","@id":"https:\/\/antderground.com\/pt-br\/produto\/messor-cephalotes\/#primaryimage","url":"https:\/\/antderground.com\/wp-content\/uploads\/2023\/04\/messor-cephalotes-eric.jpg","contentUrl":"https:\/\/antderground.com\/wp-content\/uploads\/2023\/04\/messor-cephalotes-eric.jpg","width":1417,"height":1417},{"@type":"BreadcrumbList","@id":"https:\/\/antderground.com\/pt-br\/produto\/messor-cephalotes\/#breadcrumb","itemListElement":[{"@type":"ListItem","position":1,"name":"Portada","item":"https:\/\/antderground.com\/pt-br\/"},{"@type":"ListItem","position":2,"name":"Produtos","item":"https:\/\/antderground.com\/pt-br\/loja-de-formigueiros\/"},{"@type":"ListItem","position":3,"name":"Messor cephalotes"}]},{"@type":"WebSite","@id":"https:\/\/antderground.com\/pt-br\/#website","url":"https:\/\/antderground.com\/pt-br\/","name":"ANTDERGROUND","description":"Tu tienda de hormigas, gran variedad de hormigueros acr\u00edlicos,madera,arena,3D y mas.. Pide tus hormigas gratis con tu pedido, somos expertos en hormigueros antifugas.","publisher":{"@id":"https:\/\/antderground.com\/pt-br\/#\/schema\/person\/0e322c505e84fe72c65e2f6d08f96b81"},"alternateName":"Antderground","potentialAction":[{"@type":"SearchAction","target":{"@type":"EntryPoint","urlTemplate":"https:\/\/antderground.com\/pt-br\/?s={search_term_string}"},"query-input":{"@type":"PropertyValueSpecification","valueRequired":true,"valueName":"search_term_string"}}],"inLanguage":"pt-BR"},{"@type":["Person","Organization"],"@id":"https:\/\/antderground.com\/pt-br\/#\/schema\/person\/0e322c505e84fe72c65e2f6d08f96b81","name":"Eric de Antderground","image":{"@type":"ImageObject","inLanguage":"pt-BR","@id":"https:\/\/secure.gravatar.com\/avatar\/c49a1b9f79216d1498cb73c1e85cd47f4465dda35f2a94c03790d491bd4423c3?s=96&d=mm&r=g","url":"https:\/\/secure.gravatar.com\/avatar\/c49a1b9f79216d1498cb73c1e85cd47f4465dda35f2a94c03790d491bd4423c3?s=96&d=mm&r=g","contentUrl":"https:\/\/secure.gravatar.com\/avatar\/c49a1b9f79216d1498cb73c1e85cd47f4465dda35f2a94c03790d491bd4423c3?s=96&d=mm&r=g","caption":"Eric de Antderground"},"logo":{"@id":"https:\/\/secure.gravatar.com\/avatar\/c49a1b9f79216d1498cb73c1e85cd47f4465dda35f2a94c03790d491bd4423c3?s=96&d=mm&r=g"},"description":"Eric es el especialista y fundador de Antderground, con una amplia trayectoria en artr\u00f3podos y enfocado en la mirmecolog\u00eda y el dise\u00f1o de hormigueros artificiales. Su enfoque combina la innovaci\u00f3n t\u00e9cnica con el respeto por la biolog\u00eda de las hormigas, is\u00f3podos y otros, desarrollando sistemas de nidos modulares 3D y acr\u00edlicos que son referentes para aficionados y profesionales en toda Europa. Su objetivo es facilitar la cr\u00eda de hormigas y otros artr\u00f3podos mediante soluciones seguras y divulgaci\u00f3n de calidad.","sameAs":["https:\/\/antderground.com\/","https:\/\/www.youtube.com\/channel\/UCio72z7TlbufkAthAJIJfPw"]}]}},"_links":{"self":[{"href":"https:\/\/antderground.com\/pt-br\/wp-json\/wp\/v2\/product\/28112","targetHints":{"allow":["GET"]}}],"collection":[{"href":"https:\/\/antderground.com\/pt-br\/wp-json\/wp\/v2\/product"}],"about":[{"href":"https:\/\/antderground.com\/pt-br\/wp-json\/wp\/v2\/types\/product"}],"version-history":[{"count":0,"href":"https:\/\/antderground.com\/pt-br\/wp-json\/wp\/v2\/product\/28112\/revisions"}],"wp:featuredmedia":[{"embeddable":true,"href":"https:\/\/antderground.com\/pt-br\/wp-json\/wp\/v2\/media\/28268"}],"wp:attachment":[{"href":"https:\/\/antderground.com\/pt-br\/wp-json\/wp\/v2\/media?parent=28112"}],"wp:term":[{"taxonomy":"product_brand","embeddable":true,"href":"https:\/\/antderground.com\/pt-br\/wp-json\/wp\/v2\/product_brand?post=28112"},{"taxonomy":"product_cat","embeddable":true,"href":"https:\/\/antderground.com\/pt-br\/wp-json\/wp\/v2\/product_cat?post=28112"},{"taxonomy":"product_tag","embeddable":true,"href":"https:\/\/antderground.com\/pt-br\/wp-json\/wp\/v2\/product_tag?post=28112"}],"curies":[{"name":"wp","href":"https:\/\/api.w.org\/{rel}","templated":true}]}}