{"id":28701,"date":"2019-10-16T16:05:10","date_gmt":"2019-10-16T14:05:10","guid":{"rendered":"https:\/\/www.antderground.com\/producto\/colobopsis-truncata\/"},"modified":"2024-01-07T15:18:29","modified_gmt":"2024-01-07T14:18:29","slug":"colobopsis-truncata","status":"publish","type":"product","link":"https:\/\/antderground.com\/pt-br\/produto\/colobopsis-truncata\/","title":{"rendered":"Colobopsis truncata"},"content":{"rendered":"<p><strong>Nome scientifico:<\/strong> Colobopsis truncata<\/p>\n<p><strong>Classificazione tassonomica:<\/strong> Regno Animalia, Phylum Arthropoda, Classe Insecta, Ordine Hymenoptera, Famiglia Formicidae, Sottofamiglia Formicinae, Trib\u00f9 Camponotini, Genere Colobopsis.<\/p>\n<p><strong>Distribuzione geografica:<\/strong> Colobopsis truncata si trova principalmente nella regione mediterranea, inclusi paesi come Spagna, Italia, Grecia e altri paesi costieri della regione.<\/p>\n<p><strong>Caratteristiche fisiche:<\/strong> Colobopsis truncata \u00e8 una formica di piccole-medie dimensioni, con una lunghezza media di circa 4-6 mm. Il suo corpo \u00e8 coperto da un esoscheletro duro e di colore nero lucido. Ha mandibole grandi e una testa a forma di cuore.<\/p>\n<p><strong>Comportamento:<\/strong> Colobopsis truncata \u00e8 conosciuta per il suo comportamento difensivo. Quando si sentono minacciate, queste formiche possono sollevare l&#8217;addome e rilasciare una sostanza appiccicosa e viscosa, utilizzata per intrappolare i predatori. Formano colonie sugli alberi e costruiscono nidi di foglie.<\/p>\n<p><strong>Stato di conservazione:<\/strong> Non sono disponibili informazioni specifiche sullo stato di conservazione di questa specie.<\/p>\n<p><strong>Note aggiuntive:<\/strong> Colobopsis truncata \u00e8 una specie di formica che si trova principalmente in habitat mediterranei, come foreste e aree costiere. Sono note per il loro comportamento difensivo unico e la capacit\u00e0 di costruire nidi di foglie. Inoltre, si \u00e8 osservato che intrattengono relazioni simbiotiche con alcuni insetti e piante.<\/p>\n","protected":false},"excerpt":{"rendered":"<p>Nome scientifico: Colobopsis truncata Classificazione tassonomica: Regno Animalia, Phylum Arthropoda, Classe Insecta, Ordine Hymenoptera, Famiglia Formicidae, Sottofamiglia Formicinae, Trib\u00f9 Camponotini,<\/p>\n","protected":false},"featured_media":30014,"template":"","meta":[],"product_brand":[],"product_cat":[381,502],"product_tag":[],"class_list":{"0":"post-28701","1":"product","2":"type-product","3":"status-publish","4":"has-post-thumbnail","6":"product_cat-formigas","7":"product_cat-formigas-europeias","9":"first","10":"outofstock","11":"shipping-taxable","12":"purchasable","13":"product-type-variable"},"yoast_head":"<!-- This site is optimized with the Yoast SEO plugin v27.3 - https:\/\/yoast.com\/product\/yoast-seo-wordpress\/ -->\n<title>Colobopsis truncata - ANTDERGROUND<\/title>\n<meta name=\"description\" content=\"Colobopsis truncata. Guardi\u00e3o de formigas. formiga arbor\u00edcola. Formigas ex\u00f3ticas, seu formigueiro. Camponotus truncatus.\" \/>\n<meta name=\"robots\" content=\"index, follow, max-snippet:-1, max-image-preview:large, max-video-preview:-1\" \/>\n<link rel=\"canonical\" href=\"https:\/\/antderground.com\/pt-br\/produto\/colobopsis-truncata\/\" \/>\n<meta property=\"og:locale\" content=\"pt_BR\" \/>\n<meta property=\"og:type\" content=\"article\" \/>\n<meta property=\"og:title\" content=\"Colobopsis truncata - ANTDERGROUND\" \/>\n<meta property=\"og:description\" content=\"Colobopsis truncata. Guardi\u00e3o de formigas. formiga arbor\u00edcola. Formigas ex\u00f3ticas, seu formigueiro. Camponotus truncatus.\" \/>\n<meta property=\"og:url\" content=\"https:\/\/antderground.com\/pt-br\/produto\/colobopsis-truncata\/\" \/>\n<meta property=\"og:site_name\" content=\"ANTDERGROUND\" \/>\n<meta property=\"article:modified_time\" content=\"2024-01-07T14:18:29+00:00\" \/>\n<meta property=\"og:image\" content=\"https:\/\/antderground.com\/wp-content\/uploads\/2019\/10\/reina-de-colobopsis-truncata.jpg\" \/>\n\t<meta property=\"og:image:width\" content=\"709\" \/>\n\t<meta property=\"og:image:height\" content=\"709\" \/>\n\t<meta property=\"og:image:type\" content=\"image\/jpeg\" \/>\n<meta name=\"twitter:card\" content=\"summary_large_image\" \/>\n<meta name=\"twitter:label1\" content=\"Est. tempo de leitura\" \/>\n\t<meta name=\"twitter:data1\" content=\"1 minuto\" \/>\n<script type=\"application\/ld+json\" class=\"yoast-schema-graph\">{\"@context\":\"https:\\\/\\\/schema.org\",\"@graph\":[{\"@type\":\"WebPage\",\"@id\":\"https:\\\/\\\/antderground.com\\\/pt-br\\\/produto\\\/colobopsis-truncata\\\/\",\"url\":\"https:\\\/\\\/antderground.com\\\/pt-br\\\/produto\\\/colobopsis-truncata\\\/\",\"name\":\"Colobopsis truncata - ANTDERGROUND\",\"isPartOf\":{\"@id\":\"https:\\\/\\\/antderground.com\\\/pt-br\\\/#website\"},\"primaryImageOfPage\":{\"@id\":\"https:\\\/\\\/antderground.com\\\/pt-br\\\/produto\\\/colobopsis-truncata\\\/#primaryimage\"},\"image\":{\"@id\":\"https:\\\/\\\/antderground.com\\\/pt-br\\\/produto\\\/colobopsis-truncata\\\/#primaryimage\"},\"thumbnailUrl\":\"https:\\\/\\\/antderground.com\\\/wp-content\\\/uploads\\\/2019\\\/10\\\/reina-de-colobopsis-truncata-2.png.png\",\"datePublished\":\"2019-10-16T14:05:10+00:00\",\"dateModified\":\"2024-01-07T14:18:29+00:00\",\"description\":\"Colobopsis truncata. Guardi\u00e3o de formigas. formiga arbor\u00edcola. Formigas ex\u00f3ticas, seu formigueiro. Camponotus truncatus.\",\"breadcrumb\":{\"@id\":\"https:\\\/\\\/antderground.com\\\/pt-br\\\/produto\\\/colobopsis-truncata\\\/#breadcrumb\"},\"inLanguage\":\"pt-BR\",\"potentialAction\":[{\"@type\":\"ReadAction\",\"target\":[\"https:\\\/\\\/antderground.com\\\/pt-br\\\/produto\\\/colobopsis-truncata\\\/\"]}]},{\"@type\":\"ImageObject\",\"inLanguage\":\"pt-BR\",\"@id\":\"https:\\\/\\\/antderground.com\\\/pt-br\\\/produto\\\/colobopsis-truncata\\\/#primaryimage\",\"url\":\"https:\\\/\\\/antderground.com\\\/wp-content\\\/uploads\\\/2019\\\/10\\\/reina-de-colobopsis-truncata-2.png.png\",\"contentUrl\":\"https:\\\/\\\/antderground.com\\\/wp-content\\\/uploads\\\/2019\\\/10\\\/reina-de-colobopsis-truncata-2.png.png\",\"width\":709,\"height\":709,\"caption\":\"reina de colobopsis truncata\"},{\"@type\":\"BreadcrumbList\",\"@id\":\"https:\\\/\\\/antderground.com\\\/pt-br\\\/produto\\\/colobopsis-truncata\\\/#breadcrumb\",\"itemListElement\":[{\"@type\":\"ListItem\",\"position\":1,\"name\":\"Portada\",\"item\":\"https:\\\/\\\/antderground.com\\\/pt-br\\\/\"},{\"@type\":\"ListItem\",\"position\":2,\"name\":\"Produtos\",\"item\":\"https:\\\/\\\/antderground.com\\\/pt-br\\\/loja-de-formigueiros\\\/\"},{\"@type\":\"ListItem\",\"position\":3,\"name\":\"Colobopsis truncata\"}]},{\"@type\":\"WebSite\",\"@id\":\"https:\\\/\\\/antderground.com\\\/pt-br\\\/#website\",\"url\":\"https:\\\/\\\/antderground.com\\\/pt-br\\\/\",\"name\":\"ANTDERGROUND\",\"description\":\"Tu tienda de hormigas, gran variedad de hormigueros acr\u00edlicos,madera,arena,3D y mas.. Pide tus hormigas gratis con tu pedido, somos expertos en hormigueros antifugas.\",\"publisher\":{\"@id\":\"https:\\\/\\\/antderground.com\\\/pt-br\\\/#\\\/schema\\\/person\\\/0e322c505e84fe72c65e2f6d08f96b81\"},\"alternateName\":\"Antderground\",\"potentialAction\":[{\"@type\":\"SearchAction\",\"target\":{\"@type\":\"EntryPoint\",\"urlTemplate\":\"https:\\\/\\\/antderground.com\\\/pt-br\\\/?s={search_term_string}\"},\"query-input\":{\"@type\":\"PropertyValueSpecification\",\"valueRequired\":true,\"valueName\":\"search_term_string\"}}],\"inLanguage\":\"pt-BR\"},{\"@type\":[\"Person\",\"Organization\"],\"@id\":\"https:\\\/\\\/antderground.com\\\/pt-br\\\/#\\\/schema\\\/person\\\/0e322c505e84fe72c65e2f6d08f96b81\",\"name\":\"Eric de Antderground\",\"image\":{\"@type\":\"ImageObject\",\"inLanguage\":\"pt-BR\",\"@id\":\"https:\\\/\\\/secure.gravatar.com\\\/avatar\\\/c49a1b9f79216d1498cb73c1e85cd47f4465dda35f2a94c03790d491bd4423c3?s=96&d=mm&r=g\",\"url\":\"https:\\\/\\\/secure.gravatar.com\\\/avatar\\\/c49a1b9f79216d1498cb73c1e85cd47f4465dda35f2a94c03790d491bd4423c3?s=96&d=mm&r=g\",\"contentUrl\":\"https:\\\/\\\/secure.gravatar.com\\\/avatar\\\/c49a1b9f79216d1498cb73c1e85cd47f4465dda35f2a94c03790d491bd4423c3?s=96&d=mm&r=g\",\"caption\":\"Eric de Antderground\"},\"logo\":{\"@id\":\"https:\\\/\\\/secure.gravatar.com\\\/avatar\\\/c49a1b9f79216d1498cb73c1e85cd47f4465dda35f2a94c03790d491bd4423c3?s=96&d=mm&r=g\"},\"description\":\"Eric es el especialista y fundador de Antderground, con una amplia trayectoria en artr\u00f3podos y enfocado en la mirmecolog\u00eda y el dise\u00f1o de hormigueros artificiales. Su enfoque combina la innovaci\u00f3n t\u00e9cnica con el respeto por la biolog\u00eda de las hormigas, is\u00f3podos y otros, desarrollando sistemas de nidos modulares 3D y acr\u00edlicos que son referentes para aficionados y profesionales en toda Europa. Su objetivo es facilitar la cr\u00eda de hormigas y otros artr\u00f3podos mediante soluciones seguras y divulgaci\u00f3n de calidad.\",\"sameAs\":[\"https:\\\/\\\/antderground.com\\\/\",\"https:\\\/\\\/www.youtube.com\\\/channel\\\/UCio72z7TlbufkAthAJIJfPw\"]}]}<\/script>\n<!-- \/ Yoast SEO plugin. -->","yoast_head_json":{"title":"Colobopsis truncata - ANTDERGROUND","description":"Colobopsis truncata. Guardi\u00e3o de formigas. formiga arbor\u00edcola. Formigas ex\u00f3ticas, seu formigueiro. Camponotus truncatus.","robots":{"index":"index","follow":"follow","max-snippet":"max-snippet:-1","max-image-preview":"max-image-preview:large","max-video-preview":"max-video-preview:-1"},"canonical":"https:\/\/antderground.com\/pt-br\/produto\/colobopsis-truncata\/","og_locale":"pt_BR","og_type":"article","og_title":"Colobopsis truncata - ANTDERGROUND","og_description":"Colobopsis truncata. Guardi\u00e3o de formigas. formiga arbor\u00edcola. Formigas ex\u00f3ticas, seu formigueiro. Camponotus truncatus.","og_url":"https:\/\/antderground.com\/pt-br\/produto\/colobopsis-truncata\/","og_site_name":"ANTDERGROUND","article_modified_time":"2024-01-07T14:18:29+00:00","og_image":[{"width":709,"height":709,"url":"https:\/\/antderground.com\/wp-content\/uploads\/2019\/10\/reina-de-colobopsis-truncata.jpg","type":"image\/jpeg"}],"twitter_card":"summary_large_image","twitter_misc":{"Est. tempo de leitura":"1 minuto"},"schema":{"@context":"https:\/\/schema.org","@graph":[{"@type":"WebPage","@id":"https:\/\/antderground.com\/pt-br\/produto\/colobopsis-truncata\/","url":"https:\/\/antderground.com\/pt-br\/produto\/colobopsis-truncata\/","name":"Colobopsis truncata - ANTDERGROUND","isPartOf":{"@id":"https:\/\/antderground.com\/pt-br\/#website"},"primaryImageOfPage":{"@id":"https:\/\/antderground.com\/pt-br\/produto\/colobopsis-truncata\/#primaryimage"},"image":{"@id":"https:\/\/antderground.com\/pt-br\/produto\/colobopsis-truncata\/#primaryimage"},"thumbnailUrl":"https:\/\/antderground.com\/wp-content\/uploads\/2019\/10\/reina-de-colobopsis-truncata-2.png.png","datePublished":"2019-10-16T14:05:10+00:00","dateModified":"2024-01-07T14:18:29+00:00","description":"Colobopsis truncata. Guardi\u00e3o de formigas. formiga arbor\u00edcola. Formigas ex\u00f3ticas, seu formigueiro. Camponotus truncatus.","breadcrumb":{"@id":"https:\/\/antderground.com\/pt-br\/produto\/colobopsis-truncata\/#breadcrumb"},"inLanguage":"pt-BR","potentialAction":[{"@type":"ReadAction","target":["https:\/\/antderground.com\/pt-br\/produto\/colobopsis-truncata\/"]}]},{"@type":"ImageObject","inLanguage":"pt-BR","@id":"https:\/\/antderground.com\/pt-br\/produto\/colobopsis-truncata\/#primaryimage","url":"https:\/\/antderground.com\/wp-content\/uploads\/2019\/10\/reina-de-colobopsis-truncata-2.png.png","contentUrl":"https:\/\/antderground.com\/wp-content\/uploads\/2019\/10\/reina-de-colobopsis-truncata-2.png.png","width":709,"height":709,"caption":"reina de colobopsis truncata"},{"@type":"BreadcrumbList","@id":"https:\/\/antderground.com\/pt-br\/produto\/colobopsis-truncata\/#breadcrumb","itemListElement":[{"@type":"ListItem","position":1,"name":"Portada","item":"https:\/\/antderground.com\/pt-br\/"},{"@type":"ListItem","position":2,"name":"Produtos","item":"https:\/\/antderground.com\/pt-br\/loja-de-formigueiros\/"},{"@type":"ListItem","position":3,"name":"Colobopsis truncata"}]},{"@type":"WebSite","@id":"https:\/\/antderground.com\/pt-br\/#website","url":"https:\/\/antderground.com\/pt-br\/","name":"ANTDERGROUND","description":"Tu tienda de hormigas, gran variedad de hormigueros acr\u00edlicos,madera,arena,3D y mas.. Pide tus hormigas gratis con tu pedido, somos expertos en hormigueros antifugas.","publisher":{"@id":"https:\/\/antderground.com\/pt-br\/#\/schema\/person\/0e322c505e84fe72c65e2f6d08f96b81"},"alternateName":"Antderground","potentialAction":[{"@type":"SearchAction","target":{"@type":"EntryPoint","urlTemplate":"https:\/\/antderground.com\/pt-br\/?s={search_term_string}"},"query-input":{"@type":"PropertyValueSpecification","valueRequired":true,"valueName":"search_term_string"}}],"inLanguage":"pt-BR"},{"@type":["Person","Organization"],"@id":"https:\/\/antderground.com\/pt-br\/#\/schema\/person\/0e322c505e84fe72c65e2f6d08f96b81","name":"Eric de Antderground","image":{"@type":"ImageObject","inLanguage":"pt-BR","@id":"https:\/\/secure.gravatar.com\/avatar\/c49a1b9f79216d1498cb73c1e85cd47f4465dda35f2a94c03790d491bd4423c3?s=96&d=mm&r=g","url":"https:\/\/secure.gravatar.com\/avatar\/c49a1b9f79216d1498cb73c1e85cd47f4465dda35f2a94c03790d491bd4423c3?s=96&d=mm&r=g","contentUrl":"https:\/\/secure.gravatar.com\/avatar\/c49a1b9f79216d1498cb73c1e85cd47f4465dda35f2a94c03790d491bd4423c3?s=96&d=mm&r=g","caption":"Eric de Antderground"},"logo":{"@id":"https:\/\/secure.gravatar.com\/avatar\/c49a1b9f79216d1498cb73c1e85cd47f4465dda35f2a94c03790d491bd4423c3?s=96&d=mm&r=g"},"description":"Eric es el especialista y fundador de Antderground, con una amplia trayectoria en artr\u00f3podos y enfocado en la mirmecolog\u00eda y el dise\u00f1o de hormigueros artificiales. Su enfoque combina la innovaci\u00f3n t\u00e9cnica con el respeto por la biolog\u00eda de las hormigas, is\u00f3podos y otros, desarrollando sistemas de nidos modulares 3D y acr\u00edlicos que son referentes para aficionados y profesionales en toda Europa. Su objetivo es facilitar la cr\u00eda de hormigas y otros artr\u00f3podos mediante soluciones seguras y divulgaci\u00f3n de calidad.","sameAs":["https:\/\/antderground.com\/","https:\/\/www.youtube.com\/channel\/UCio72z7TlbufkAthAJIJfPw"]}]}},"_links":{"self":[{"href":"https:\/\/antderground.com\/pt-br\/wp-json\/wp\/v2\/product\/28701","targetHints":{"allow":["GET"]}}],"collection":[{"href":"https:\/\/antderground.com\/pt-br\/wp-json\/wp\/v2\/product"}],"about":[{"href":"https:\/\/antderground.com\/pt-br\/wp-json\/wp\/v2\/types\/product"}],"version-history":[{"count":0,"href":"https:\/\/antderground.com\/pt-br\/wp-json\/wp\/v2\/product\/28701\/revisions"}],"wp:featuredmedia":[{"embeddable":true,"href":"https:\/\/antderground.com\/pt-br\/wp-json\/wp\/v2\/media\/30014"}],"wp:attachment":[{"href":"https:\/\/antderground.com\/pt-br\/wp-json\/wp\/v2\/media?parent=28701"}],"wp:term":[{"taxonomy":"product_brand","embeddable":true,"href":"https:\/\/antderground.com\/pt-br\/wp-json\/wp\/v2\/product_brand?post=28701"},{"taxonomy":"product_cat","embeddable":true,"href":"https:\/\/antderground.com\/pt-br\/wp-json\/wp\/v2\/product_cat?post=28701"},{"taxonomy":"product_tag","embeddable":true,"href":"https:\/\/antderground.com\/pt-br\/wp-json\/wp\/v2\/product_tag?post=28701"}],"curies":[{"name":"wp","href":"https:\/\/api.w.org\/{rel}","templated":true}]}}