{"id":28867,"date":"2023-06-16T11:46:05","date_gmt":"2023-06-16T09:46:05","guid":{"rendered":"https:\/\/www.antderground.com\/producto\/blaptica-dubia-10-unidades\/"},"modified":"2025-03-07T12:33:36","modified_gmt":"2025-03-07T11:33:36","slug":"blaptica-dubia-10-unidades","status":"publish","type":"product","link":"https:\/\/antderground.com\/pt-br\/produto\/blaptica-dubia-10-unidades\/","title":{"rendered":"Blaptica Dubia"},"content":{"rendered":"<h3 data-start=\"73\" data-end=\"112\"><strong data-start=\"77\" data-end=\"110\">Ficha T\u00e9cnica: Blaptica dubia<\/strong><\/h3>\n<p data-start=\"114\" data-end=\"226\"><strong data-start=\"114\" data-end=\"129\">Nome comum:<\/strong> Barata Dubia, Barata Argentina<br data-start=\"160\" data-end=\"163\" \/><strong data-start=\"163\" data-end=\"183\">Nome cient\u00edfico:<\/strong> Blaptica dubia<br data-start=\"198\" data-end=\"201\" \/><strong data-start=\"201\" data-end=\"213\">Fam\u00edlia:<\/strong> Blaberidae<\/p>\n<h4 data-start=\"228\" data-end=\"249\"><strong data-start=\"233\" data-end=\"247\">Descri\u00e7\u00e3o:<\/strong><\/h4>\n<p data-start=\"250\" data-end=\"565\">A Blaptica dubia \u00e9 uma esp\u00e9cie de barata tropical amplamente utilizada como alimento vivo para r\u00e9pteis, anf\u00edbios e outros artr\u00f3podes devido ao seu alto valor nutricional e facilidade de cria\u00e7\u00e3o. Tem um crescimento moderado e n\u00e3o consegue escalar superf\u00edcies lisas, o que a torna ideal para a cria\u00e7\u00e3o em cativeiro.<\/p>\n<h4 data-start=\"567\" data-end=\"586\"><strong data-start=\"572\" data-end=\"584\">Tamanho:<\/strong><\/h4>\n<ul data-start=\"587\" data-end=\"680\">\n<li data-start=\"587\" data-end=\"626\">Adultos: de 4 a 5 cm de comprimento<\/li>\n<li data-start=\"627\" data-end=\"680\">Ninfas: de 3 mm at\u00e9 atingir a maturidade completa<\/li>\n<\/ul>\n<h4 data-start=\"682\" data-end=\"703\"><strong data-start=\"687\" data-end=\"701\">Colora\u00e7\u00e3o:<\/strong><\/h4>\n<ul data-start=\"704\" data-end=\"878\">\n<li data-start=\"704\" data-end=\"738\">Ninfas: Marrom escuro uniforme<\/li>\n<li data-start=\"739\" data-end=\"798\">Adultos: Marrom com tons escuros e reflexos alaranjados<\/li>\n<li data-start=\"799\" data-end=\"878\">Machos possuem asas desenvolvidas, enquanto as f\u00eameas t\u00eam asas rudimentares<\/li>\n<\/ul>\n<h4 data-start=\"880\" data-end=\"905\"><strong data-start=\"885\" data-end=\"903\">Ciclo de vida:<\/strong><\/h4>\n<ul data-start=\"906\" data-end=\"1130\">\n<li data-start=\"906\" data-end=\"936\">Longevidade: de 1 a 2 anos<\/li>\n<li data-start=\"937\" data-end=\"1015\">Reprodu\u00e7\u00e3o ovoviv\u00edpara (as ninfas nascem vivas ap\u00f3s uma incuba\u00e7\u00e3o interna)<\/li>\n<li data-start=\"1016\" data-end=\"1056\">Maturidade sexual: entre 4 e 6 meses<\/li>\n<li data-start=\"1057\" data-end=\"1130\">Cada f\u00eamea pode produzir entre 20 e 40 filhotes por ciclo reprodutivo<\/li>\n<\/ul>\n<h4 data-start=\"1132\" data-end=\"1164\"><strong data-start=\"1137\" data-end=\"1162\">Condi\u00e7\u00f5es de cria\u00e7\u00e3o:<\/strong><\/h4>\n<ul data-start=\"1165\" data-end=\"1434\">\n<li data-start=\"1165\" data-end=\"1193\"><strong data-start=\"1167\" data-end=\"1183\">Temperatura:<\/strong> 24-30\u00b0C<\/li>\n<li data-start=\"1194\" data-end=\"1217\"><strong data-start=\"1196\" data-end=\"1208\">Umidade:<\/strong> 50-70%<\/li>\n<li data-start=\"1218\" data-end=\"1298\"><strong data-start=\"1220\" data-end=\"1234\">Substrato:<\/strong> N\u00e3o \u00e9 necess\u00e1rio, mas pode-se utilizar fibra de coco ou papel<\/li>\n<li data-start=\"1299\" data-end=\"1367\"><strong data-start=\"1301\" data-end=\"1317\">Alimenta\u00e7\u00e3o:<\/strong> Frutas, vegetais e alimentos ricos em prote\u00ednas<\/li>\n<li data-start=\"1368\" data-end=\"1434\"><strong data-start=\"1370\" data-end=\"1385\">Ventila\u00e7\u00e3o:<\/strong> Essencial para evitar umidade excessiva e mofo<\/li>\n<\/ul>\n<h4 data-start=\"1436\" data-end=\"1470\"><strong data-start=\"1441\" data-end=\"1468\">Uso como alimento vivo:<\/strong><\/h4>\n<p data-start=\"1471\" data-end=\"1699\">A Blaptica dubia \u00e9 uma excelente fonte de prote\u00ednas com baixo teor de quitina, tornando-se ideal para r\u00e9pteis, anf\u00edbios e outros animais inset\u00edvoros. Seu ciclo de vida permite uma cria\u00e7\u00e3o sustent\u00e1vel e controlada em cativeiro.<\/p>\n<h4 data-start=\"1701\" data-end=\"1762\"><strong data-start=\"1706\" data-end=\"1760\">Vantagens em rela\u00e7\u00e3o a outros insetos alimentares:<\/strong><\/h4>\n<ul data-start=\"1763\" data-end=\"1954\">\n<li data-start=\"1763\" data-end=\"1803\">Incapaz de escalar superf\u00edcies lisas<\/li>\n<li data-start=\"1804\" data-end=\"1831\">N\u00e3o emite odores fortes<\/li>\n<li data-start=\"1832\" data-end=\"1863\">N\u00e3o produz ru\u00eddos inc\u00f4modos<\/li>\n<li data-start=\"1864\" data-end=\"1890\">Alto valor nutricional<\/li>\n<li data-start=\"1891\" data-end=\"1954\">Menor teor de quitina em compara\u00e7\u00e3o com grilos, por exemplo<\/li>\n<\/ul>\n<h4 data-start=\"1956\" data-end=\"1978\"><strong data-start=\"1961\" data-end=\"1976\">Precau\u00e7\u00f5es:<\/strong><\/h4>\n<ul data-start=\"1979\" data-end=\"2092\">\n<li data-start=\"1979\" data-end=\"2022\">Armazenar em local seco e bem ventilado<\/li>\n<li data-start=\"2023\" data-end=\"2092\">Evitar contato direto com predadores at\u00e9 o momento da alimenta\u00e7\u00e3o.<\/li>\n<\/ul>\n","protected":false},"excerpt":{"rendered":"<p>Blaptica dubia. (comida viva)<\/p>\n<p>Descubra este fant\u00e1stico alimento carregado de prote\u00ednas, ideal para col\u00f3nias de formigas. Uma fonte de energia ideal para ter uma col\u00f4nia inteira de formigas ativas. Este alimento vivo \u00e9 ideal para alimentar certos insetos, r\u00e9pteis, anf\u00edbios.<\/p>\n","protected":false},"featured_media":28850,"template":"","meta":[],"product_brand":[],"product_cat":[398,666,483,567],"product_tag":[],"class_list":{"0":"post-28867","1":"product","2":"type-product","3":"status-publish","4":"has-post-thumbnail","6":"product_cat-alimentacao","7":"product_cat-alimentos-vivos","8":"product_cat-artropodes","9":"product_cat-baratas","11":"first","12":"instock","13":"shipping-taxable","14":"purchasable","15":"product-type-variable"},"yoast_head":"<!-- This site is optimized with the Yoast SEO plugin v27.3 - https:\/\/yoast.com\/product\/yoast-seo-wordpress\/ -->\n<title>Blaptica Dubia (Alimento vivo) | Blaberidae - ANTDERGROUND<\/title>\n<meta name=\"description\" content=\"Descubra o Blaptica dubia, um alimento vivo carregado de prote\u00ednas, ideal para formigas, r\u00e9pteis e outros animais. Formic\u00e1rios \/ Terr\u00e1rios.\" \/>\n<meta name=\"robots\" content=\"index, follow, max-snippet:-1, max-image-preview:large, max-video-preview:-1\" \/>\n<link rel=\"canonical\" href=\"https:\/\/antderground.com\/pt-br\/produto\/blaptica-dubia-10-unidades\/\" \/>\n<meta property=\"og:locale\" content=\"pt_BR\" \/>\n<meta property=\"og:type\" content=\"article\" \/>\n<meta property=\"og:title\" content=\"Blaptica Dubia (Alimento vivo) | Blaberidae - ANTDERGROUND\" \/>\n<meta property=\"og:description\" content=\"Descubra o Blaptica dubia, um alimento vivo carregado de prote\u00ednas, ideal para formigas, r\u00e9pteis e outros animais. Formic\u00e1rios \/ Terr\u00e1rios.\" \/>\n<meta property=\"og:url\" content=\"https:\/\/antderground.com\/pt-br\/produto\/blaptica-dubia-10-unidades\/\" \/>\n<meta property=\"og:site_name\" content=\"ANTDERGROUND\" \/>\n<meta property=\"article:modified_time\" content=\"2025-03-07T11:33:36+00:00\" \/>\n<meta property=\"og:image\" content=\"https:\/\/antderground.com\/wp-content\/uploads\/2023\/06\/Blaptica-dubia-1.png\" \/>\n\t<meta property=\"og:image:width\" content=\"580\" \/>\n\t<meta property=\"og:image:height\" content=\"574\" \/>\n\t<meta property=\"og:image:type\" content=\"image\/png\" \/>\n<meta name=\"twitter:card\" content=\"summary_large_image\" \/>\n<meta name=\"twitter:label1\" content=\"Est. tempo de leitura\" \/>\n\t<meta name=\"twitter:data1\" content=\"2 minutos\" \/>\n<script type=\"application\/ld+json\" class=\"yoast-schema-graph\">{\"@context\":\"https:\\\/\\\/schema.org\",\"@graph\":[{\"@type\":\"WebPage\",\"@id\":\"https:\\\/\\\/antderground.com\\\/pt-br\\\/produto\\\/blaptica-dubia-10-unidades\\\/\",\"url\":\"https:\\\/\\\/antderground.com\\\/pt-br\\\/produto\\\/blaptica-dubia-10-unidades\\\/\",\"name\":\"Blaptica Dubia (Alimento vivo) | Blaberidae - ANTDERGROUND\",\"isPartOf\":{\"@id\":\"https:\\\/\\\/antderground.com\\\/pt-br\\\/#website\"},\"primaryImageOfPage\":{\"@id\":\"https:\\\/\\\/antderground.com\\\/pt-br\\\/produto\\\/blaptica-dubia-10-unidades\\\/#primaryimage\"},\"image\":{\"@id\":\"https:\\\/\\\/antderground.com\\\/pt-br\\\/produto\\\/blaptica-dubia-10-unidades\\\/#primaryimage\"},\"thumbnailUrl\":\"https:\\\/\\\/antderground.com\\\/wp-content\\\/uploads\\\/2023\\\/06\\\/Blaptica-dubia-1.png\",\"datePublished\":\"2023-06-16T09:46:05+00:00\",\"dateModified\":\"2025-03-07T11:33:36+00:00\",\"description\":\"Descubra o Blaptica dubia, um alimento vivo carregado de prote\u00ednas, ideal para formigas, r\u00e9pteis e outros animais. Formic\u00e1rios \\\/ Terr\u00e1rios.\",\"breadcrumb\":{\"@id\":\"https:\\\/\\\/antderground.com\\\/pt-br\\\/produto\\\/blaptica-dubia-10-unidades\\\/#breadcrumb\"},\"inLanguage\":\"pt-BR\",\"potentialAction\":[{\"@type\":\"ReadAction\",\"target\":[\"https:\\\/\\\/antderground.com\\\/pt-br\\\/produto\\\/blaptica-dubia-10-unidades\\\/\"]}]},{\"@type\":\"ImageObject\",\"inLanguage\":\"pt-BR\",\"@id\":\"https:\\\/\\\/antderground.com\\\/pt-br\\\/produto\\\/blaptica-dubia-10-unidades\\\/#primaryimage\",\"url\":\"https:\\\/\\\/antderground.com\\\/wp-content\\\/uploads\\\/2023\\\/06\\\/Blaptica-dubia-1.png\",\"contentUrl\":\"https:\\\/\\\/antderground.com\\\/wp-content\\\/uploads\\\/2023\\\/06\\\/Blaptica-dubia-1.png\",\"width\":580,\"height\":574,\"caption\":\"Blaptica dubia alimento vivo\"},{\"@type\":\"BreadcrumbList\",\"@id\":\"https:\\\/\\\/antderground.com\\\/pt-br\\\/produto\\\/blaptica-dubia-10-unidades\\\/#breadcrumb\",\"itemListElement\":[{\"@type\":\"ListItem\",\"position\":1,\"name\":\"Portada\",\"item\":\"https:\\\/\\\/antderground.com\\\/pt-br\\\/\"},{\"@type\":\"ListItem\",\"position\":2,\"name\":\"Produtos\",\"item\":\"https:\\\/\\\/antderground.com\\\/pt-br\\\/loja-de-formigueiros\\\/\"},{\"@type\":\"ListItem\",\"position\":3,\"name\":\"Blaptica Dubia\"}]},{\"@type\":\"WebSite\",\"@id\":\"https:\\\/\\\/antderground.com\\\/pt-br\\\/#website\",\"url\":\"https:\\\/\\\/antderground.com\\\/pt-br\\\/\",\"name\":\"ANTDERGROUND\",\"description\":\"Tu tienda de hormigas, gran variedad de hormigueros acr\u00edlicos,madera,arena,3D y mas.. Pide tus hormigas gratis con tu pedido, somos expertos en hormigueros antifugas.\",\"publisher\":{\"@id\":\"https:\\\/\\\/antderground.com\\\/pt-br\\\/#\\\/schema\\\/person\\\/0e322c505e84fe72c65e2f6d08f96b81\"},\"alternateName\":\"Antderground\",\"potentialAction\":[{\"@type\":\"SearchAction\",\"target\":{\"@type\":\"EntryPoint\",\"urlTemplate\":\"https:\\\/\\\/antderground.com\\\/pt-br\\\/?s={search_term_string}\"},\"query-input\":{\"@type\":\"PropertyValueSpecification\",\"valueRequired\":true,\"valueName\":\"search_term_string\"}}],\"inLanguage\":\"pt-BR\"},{\"@type\":[\"Person\",\"Organization\"],\"@id\":\"https:\\\/\\\/antderground.com\\\/pt-br\\\/#\\\/schema\\\/person\\\/0e322c505e84fe72c65e2f6d08f96b81\",\"name\":\"Eric de Antderground\",\"image\":{\"@type\":\"ImageObject\",\"inLanguage\":\"pt-BR\",\"@id\":\"https:\\\/\\\/secure.gravatar.com\\\/avatar\\\/c49a1b9f79216d1498cb73c1e85cd47f4465dda35f2a94c03790d491bd4423c3?s=96&d=mm&r=g\",\"url\":\"https:\\\/\\\/secure.gravatar.com\\\/avatar\\\/c49a1b9f79216d1498cb73c1e85cd47f4465dda35f2a94c03790d491bd4423c3?s=96&d=mm&r=g\",\"contentUrl\":\"https:\\\/\\\/secure.gravatar.com\\\/avatar\\\/c49a1b9f79216d1498cb73c1e85cd47f4465dda35f2a94c03790d491bd4423c3?s=96&d=mm&r=g\",\"caption\":\"Eric de Antderground\"},\"logo\":{\"@id\":\"https:\\\/\\\/secure.gravatar.com\\\/avatar\\\/c49a1b9f79216d1498cb73c1e85cd47f4465dda35f2a94c03790d491bd4423c3?s=96&d=mm&r=g\"},\"description\":\"Eric es el especialista y fundador de Antderground, con una amplia trayectoria en artr\u00f3podos y enfocado en la mirmecolog\u00eda y el dise\u00f1o de hormigueros artificiales. Su enfoque combina la innovaci\u00f3n t\u00e9cnica con el respeto por la biolog\u00eda de las hormigas, is\u00f3podos y otros, desarrollando sistemas de nidos modulares 3D y acr\u00edlicos que son referentes para aficionados y profesionales en toda Europa. Su objetivo es facilitar la cr\u00eda de hormigas y otros artr\u00f3podos mediante soluciones seguras y divulgaci\u00f3n de calidad.\",\"sameAs\":[\"https:\\\/\\\/antderground.com\\\/\",\"https:\\\/\\\/www.youtube.com\\\/channel\\\/UCio72z7TlbufkAthAJIJfPw\"]}]}<\/script>\n<!-- \/ Yoast SEO plugin. -->","yoast_head_json":{"title":"Blaptica Dubia (Alimento vivo) | Blaberidae - ANTDERGROUND","description":"Descubra o Blaptica dubia, um alimento vivo carregado de prote\u00ednas, ideal para formigas, r\u00e9pteis e outros animais. Formic\u00e1rios \/ Terr\u00e1rios.","robots":{"index":"index","follow":"follow","max-snippet":"max-snippet:-1","max-image-preview":"max-image-preview:large","max-video-preview":"max-video-preview:-1"},"canonical":"https:\/\/antderground.com\/pt-br\/produto\/blaptica-dubia-10-unidades\/","og_locale":"pt_BR","og_type":"article","og_title":"Blaptica Dubia (Alimento vivo) | Blaberidae - ANTDERGROUND","og_description":"Descubra o Blaptica dubia, um alimento vivo carregado de prote\u00ednas, ideal para formigas, r\u00e9pteis e outros animais. Formic\u00e1rios \/ Terr\u00e1rios.","og_url":"https:\/\/antderground.com\/pt-br\/produto\/blaptica-dubia-10-unidades\/","og_site_name":"ANTDERGROUND","article_modified_time":"2025-03-07T11:33:36+00:00","og_image":[{"width":580,"height":574,"url":"https:\/\/antderground.com\/wp-content\/uploads\/2023\/06\/Blaptica-dubia-1.png","type":"image\/png"}],"twitter_card":"summary_large_image","twitter_misc":{"Est. tempo de leitura":"2 minutos"},"schema":{"@context":"https:\/\/schema.org","@graph":[{"@type":"WebPage","@id":"https:\/\/antderground.com\/pt-br\/produto\/blaptica-dubia-10-unidades\/","url":"https:\/\/antderground.com\/pt-br\/produto\/blaptica-dubia-10-unidades\/","name":"Blaptica Dubia (Alimento vivo) | Blaberidae - ANTDERGROUND","isPartOf":{"@id":"https:\/\/antderground.com\/pt-br\/#website"},"primaryImageOfPage":{"@id":"https:\/\/antderground.com\/pt-br\/produto\/blaptica-dubia-10-unidades\/#primaryimage"},"image":{"@id":"https:\/\/antderground.com\/pt-br\/produto\/blaptica-dubia-10-unidades\/#primaryimage"},"thumbnailUrl":"https:\/\/antderground.com\/wp-content\/uploads\/2023\/06\/Blaptica-dubia-1.png","datePublished":"2023-06-16T09:46:05+00:00","dateModified":"2025-03-07T11:33:36+00:00","description":"Descubra o Blaptica dubia, um alimento vivo carregado de prote\u00ednas, ideal para formigas, r\u00e9pteis e outros animais. Formic\u00e1rios \/ Terr\u00e1rios.","breadcrumb":{"@id":"https:\/\/antderground.com\/pt-br\/produto\/blaptica-dubia-10-unidades\/#breadcrumb"},"inLanguage":"pt-BR","potentialAction":[{"@type":"ReadAction","target":["https:\/\/antderground.com\/pt-br\/produto\/blaptica-dubia-10-unidades\/"]}]},{"@type":"ImageObject","inLanguage":"pt-BR","@id":"https:\/\/antderground.com\/pt-br\/produto\/blaptica-dubia-10-unidades\/#primaryimage","url":"https:\/\/antderground.com\/wp-content\/uploads\/2023\/06\/Blaptica-dubia-1.png","contentUrl":"https:\/\/antderground.com\/wp-content\/uploads\/2023\/06\/Blaptica-dubia-1.png","width":580,"height":574,"caption":"Blaptica dubia alimento vivo"},{"@type":"BreadcrumbList","@id":"https:\/\/antderground.com\/pt-br\/produto\/blaptica-dubia-10-unidades\/#breadcrumb","itemListElement":[{"@type":"ListItem","position":1,"name":"Portada","item":"https:\/\/antderground.com\/pt-br\/"},{"@type":"ListItem","position":2,"name":"Produtos","item":"https:\/\/antderground.com\/pt-br\/loja-de-formigueiros\/"},{"@type":"ListItem","position":3,"name":"Blaptica Dubia"}]},{"@type":"WebSite","@id":"https:\/\/antderground.com\/pt-br\/#website","url":"https:\/\/antderground.com\/pt-br\/","name":"ANTDERGROUND","description":"Tu tienda de hormigas, gran variedad de hormigueros acr\u00edlicos,madera,arena,3D y mas.. Pide tus hormigas gratis con tu pedido, somos expertos en hormigueros antifugas.","publisher":{"@id":"https:\/\/antderground.com\/pt-br\/#\/schema\/person\/0e322c505e84fe72c65e2f6d08f96b81"},"alternateName":"Antderground","potentialAction":[{"@type":"SearchAction","target":{"@type":"EntryPoint","urlTemplate":"https:\/\/antderground.com\/pt-br\/?s={search_term_string}"},"query-input":{"@type":"PropertyValueSpecification","valueRequired":true,"valueName":"search_term_string"}}],"inLanguage":"pt-BR"},{"@type":["Person","Organization"],"@id":"https:\/\/antderground.com\/pt-br\/#\/schema\/person\/0e322c505e84fe72c65e2f6d08f96b81","name":"Eric de Antderground","image":{"@type":"ImageObject","inLanguage":"pt-BR","@id":"https:\/\/secure.gravatar.com\/avatar\/c49a1b9f79216d1498cb73c1e85cd47f4465dda35f2a94c03790d491bd4423c3?s=96&d=mm&r=g","url":"https:\/\/secure.gravatar.com\/avatar\/c49a1b9f79216d1498cb73c1e85cd47f4465dda35f2a94c03790d491bd4423c3?s=96&d=mm&r=g","contentUrl":"https:\/\/secure.gravatar.com\/avatar\/c49a1b9f79216d1498cb73c1e85cd47f4465dda35f2a94c03790d491bd4423c3?s=96&d=mm&r=g","caption":"Eric de Antderground"},"logo":{"@id":"https:\/\/secure.gravatar.com\/avatar\/c49a1b9f79216d1498cb73c1e85cd47f4465dda35f2a94c03790d491bd4423c3?s=96&d=mm&r=g"},"description":"Eric es el especialista y fundador de Antderground, con una amplia trayectoria en artr\u00f3podos y enfocado en la mirmecolog\u00eda y el dise\u00f1o de hormigueros artificiales. Su enfoque combina la innovaci\u00f3n t\u00e9cnica con el respeto por la biolog\u00eda de las hormigas, is\u00f3podos y otros, desarrollando sistemas de nidos modulares 3D y acr\u00edlicos que son referentes para aficionados y profesionales en toda Europa. Su objetivo es facilitar la cr\u00eda de hormigas y otros artr\u00f3podos mediante soluciones seguras y divulgaci\u00f3n de calidad.","sameAs":["https:\/\/antderground.com\/","https:\/\/www.youtube.com\/channel\/UCio72z7TlbufkAthAJIJfPw"]}]}},"_links":{"self":[{"href":"https:\/\/antderground.com\/pt-br\/wp-json\/wp\/v2\/product\/28867","targetHints":{"allow":["GET"]}}],"collection":[{"href":"https:\/\/antderground.com\/pt-br\/wp-json\/wp\/v2\/product"}],"about":[{"href":"https:\/\/antderground.com\/pt-br\/wp-json\/wp\/v2\/types\/product"}],"version-history":[{"count":0,"href":"https:\/\/antderground.com\/pt-br\/wp-json\/wp\/v2\/product\/28867\/revisions"}],"wp:featuredmedia":[{"embeddable":true,"href":"https:\/\/antderground.com\/pt-br\/wp-json\/wp\/v2\/media\/28850"}],"wp:attachment":[{"href":"https:\/\/antderground.com\/pt-br\/wp-json\/wp\/v2\/media?parent=28867"}],"wp:term":[{"taxonomy":"product_brand","embeddable":true,"href":"https:\/\/antderground.com\/pt-br\/wp-json\/wp\/v2\/product_brand?post=28867"},{"taxonomy":"product_cat","embeddable":true,"href":"https:\/\/antderground.com\/pt-br\/wp-json\/wp\/v2\/product_cat?post=28867"},{"taxonomy":"product_tag","embeddable":true,"href":"https:\/\/antderground.com\/pt-br\/wp-json\/wp\/v2\/product_tag?post=28867"}],"curies":[{"name":"wp","href":"https:\/\/api.w.org\/{rel}","templated":true}]}}