{"id":29014,"date":"2023-06-12T18:00:34","date_gmt":"2023-06-12T16:00:34","guid":{"rendered":"https:\/\/www.antderground.com\/producto\/iridomyrmex-anceps\/"},"modified":"2023-06-12T18:00:34","modified_gmt":"2023-06-12T16:00:34","slug":"iridomyrmex-anceps","status":"publish","type":"product","link":"https:\/\/antderground.com\/pt-br\/produto\/iridomyrmex-anceps\/","title":{"rendered":"Iridomyrmex anceps"},"content":{"rendered":"<p><strong>Nome cient\u00edfico<\/strong>: Iridomyrmex anceps<\/p>\n<p><strong>Classifica\u00e7\u00e3o taxon\u00f4mica:<\/strong> Reino Animalia, Filo Arthropoda, Classe Insecta, Ordem Hymenoptera, Fam\u00edlia Formicidae, Subfam\u00edlia Dolichoderinae, G\u00eanero Iridomyrmex.<\/p>\n<p><strong>Distribui\u00e7\u00e3o geogr\u00e1fica:<\/strong> Iridomyrmex anceps \u00e9 nativa da Austr\u00e1lia. Ela pode ser encontrada em v\u00e1rias partes do pa\u00eds, incluindo regi\u00f5es costeiras e \u00e1reas internas.<\/p>\n<p><strong>Caracter\u00edsticas f\u00edsicas:<\/strong> Iridomyrmex anceps \u00e9 uma formiga de tamanho pequeno a m\u00e9dio, com oper\u00e1rias geralmente medindo cerca de 4-6 mm de comprimento. Seu corpo \u00e9 de cor marrom avermelhado e possui antenas longas e mand\u00edbulas fortes. Cada segmento do corpo \u00e9 coberto por uma fina camada de pelos.<\/p>\n<p><strong>Comportamento:<\/strong> Iridomyrmex anceps \u00e9 uma formiga territorial e agressiva. Ela defende sua col\u00f4nia e exibe comportamentos defensivos quando se sente amea\u00e7ada. S\u00e3o geralmente on\u00edvoras e se alimentam de uma variedade de fontes, incluindo n\u00e9ctar, insetos mortos e secre\u00e7\u00f5es de insetos.<\/p>\n<p><strong>Estado de conserva\u00e7\u00e3o:<\/strong> N\u00e3o h\u00e1 informa\u00e7\u00f5es espec\u00edficas dispon\u00edveis sobre o estado de conserva\u00e7\u00e3o desta esp\u00e9cie.<\/p>\n<p><strong>Notas adicionais:<\/strong> Iridomyrmex anceps \u00e9 uma formiga comum na Austr\u00e1lia e desempenha um papel importante nos ecossistemas locais. Elas s\u00e3o conhecidas por seu comportamento agressivo e defensivo, e sua presen\u00e7a pode influenciar a estrutura e a din\u00e2mica das comunidades de formigas em sua \u00e1rea de distribui\u00e7\u00e3o.<\/p>\n","protected":false},"excerpt":{"rendered":"<p>Nome cient\u00edfico: Iridomyrmex anceps Classifica\u00e7\u00e3o taxon\u00f4mica: Reino Animalia, Filo Arthropoda, Classe Insecta, Ordem Hymenoptera, Fam\u00edlia Formicidae, Subfam\u00edlia Dolichoderinae, G\u00eanero Iridomyrmex.<\/p>\n","protected":false},"featured_media":29143,"template":"","meta":[],"product_brand":[],"product_cat":[381,477],"product_tag":[],"class_list":{"0":"post-29014","1":"product","2":"type-product","3":"status-publish","4":"has-post-thumbnail","6":"product_cat-formigas","7":"product_cat-formigas-exoticas","9":"first","10":"outofstock","11":"shipping-taxable","12":"purchasable","13":"product-type-simple"},"yoast_head":"<!-- This site is optimized with the Yoast SEO plugin v27.4 - https:\/\/yoast.com\/product\/yoast-seo-wordpress\/ -->\n<title>Iridomyrmex anceps - ANTDERGROUND<\/title>\n<meta name=\"description\" content=\"Descubra a formiga rainha Iridomyrmex anceps, explore o mundo da mirmecologia com Antderground, seu portal para formigueiros. \/ Mirmecologia\" \/>\n<meta name=\"robots\" content=\"index, follow, max-snippet:-1, max-image-preview:large, max-video-preview:-1\" \/>\n<link rel=\"canonical\" href=\"https:\/\/antderground.com\/pt-br\/produto\/iridomyrmex-anceps\/\" \/>\n<meta property=\"og:locale\" content=\"pt_BR\" \/>\n<meta property=\"og:type\" content=\"article\" \/>\n<meta property=\"og:title\" content=\"Iridomyrmex anceps - ANTDERGROUND\" \/>\n<meta property=\"og:description\" content=\"Descubra a formiga rainha Iridomyrmex anceps, explore o mundo da mirmecologia com Antderground, seu portal para formigueiros. \/ Mirmecologia\" \/>\n<meta property=\"og:url\" content=\"https:\/\/antderground.com\/pt-br\/produto\/iridomyrmex-anceps\/\" \/>\n<meta property=\"og:site_name\" content=\"ANTDERGROUND\" \/>\n<meta name=\"twitter:card\" content=\"summary_large_image\" \/>\n<meta name=\"twitter:label1\" content=\"Est. tempo de leitura\" \/>\n\t<meta name=\"twitter:data1\" content=\"1 minuto\" \/>\n<script type=\"application\/ld+json\" class=\"yoast-schema-graph\">{\"@context\":\"https:\\\/\\\/schema.org\",\"@graph\":[{\"@type\":\"WebPage\",\"@id\":\"https:\\\/\\\/antderground.com\\\/pt-br\\\/produto\\\/iridomyrmex-anceps\\\/\",\"url\":\"https:\\\/\\\/antderground.com\\\/pt-br\\\/produto\\\/iridomyrmex-anceps\\\/\",\"name\":\"Iridomyrmex anceps - ANTDERGROUND\",\"isPartOf\":{\"@id\":\"https:\\\/\\\/antderground.com\\\/pt-br\\\/#website\"},\"primaryImageOfPage\":{\"@id\":\"https:\\\/\\\/antderground.com\\\/pt-br\\\/produto\\\/iridomyrmex-anceps\\\/#primaryimage\"},\"image\":{\"@id\":\"https:\\\/\\\/antderground.com\\\/pt-br\\\/produto\\\/iridomyrmex-anceps\\\/#primaryimage\"},\"thumbnailUrl\":\"https:\\\/\\\/antderground.com\\\/wp-content\\\/uploads\\\/2023\\\/06\\\/Iridomyrmex-anceps.jpg\",\"datePublished\":\"2023-06-12T16:00:34+00:00\",\"description\":\"Descubra a formiga rainha Iridomyrmex anceps, explore o mundo da mirmecologia com Antderground, seu portal para formigueiros. \\\/ Mirmecologia\",\"breadcrumb\":{\"@id\":\"https:\\\/\\\/antderground.com\\\/pt-br\\\/produto\\\/iridomyrmex-anceps\\\/#breadcrumb\"},\"inLanguage\":\"pt-BR\",\"potentialAction\":[{\"@type\":\"ReadAction\",\"target\":[\"https:\\\/\\\/antderground.com\\\/pt-br\\\/produto\\\/iridomyrmex-anceps\\\/\"]}]},{\"@type\":\"ImageObject\",\"inLanguage\":\"pt-BR\",\"@id\":\"https:\\\/\\\/antderground.com\\\/pt-br\\\/produto\\\/iridomyrmex-anceps\\\/#primaryimage\",\"url\":\"https:\\\/\\\/antderground.com\\\/wp-content\\\/uploads\\\/2023\\\/06\\\/Iridomyrmex-anceps.jpg\",\"contentUrl\":\"https:\\\/\\\/antderground.com\\\/wp-content\\\/uploads\\\/2023\\\/06\\\/Iridomyrmex-anceps.jpg\",\"width\":1417,\"height\":1417,\"caption\":\"Iridomyrmex anceps\"},{\"@type\":\"BreadcrumbList\",\"@id\":\"https:\\\/\\\/antderground.com\\\/pt-br\\\/produto\\\/iridomyrmex-anceps\\\/#breadcrumb\",\"itemListElement\":[{\"@type\":\"ListItem\",\"position\":1,\"name\":\"Portada\",\"item\":\"https:\\\/\\\/antderground.com\\\/pt-br\\\/\"},{\"@type\":\"ListItem\",\"position\":2,\"name\":\"Produtos\",\"item\":\"https:\\\/\\\/antderground.com\\\/pt-br\\\/loja-de-formigueiros\\\/\"},{\"@type\":\"ListItem\",\"position\":3,\"name\":\"Iridomyrmex anceps\"}]},{\"@type\":\"WebSite\",\"@id\":\"https:\\\/\\\/antderground.com\\\/pt-br\\\/#website\",\"url\":\"https:\\\/\\\/antderground.com\\\/pt-br\\\/\",\"name\":\"ANTDERGROUND\",\"description\":\"Tu tienda de hormigas, gran variedad de hormigueros acr\u00edlicos,madera,arena,3D y mas.. Pide tus hormigas gratis con tu pedido, somos expertos en hormigueros antifugas.\",\"publisher\":{\"@id\":\"https:\\\/\\\/antderground.com\\\/pt-br\\\/#\\\/schema\\\/person\\\/0e322c505e84fe72c65e2f6d08f96b81\"},\"alternateName\":\"Antderground\",\"potentialAction\":[{\"@type\":\"SearchAction\",\"target\":{\"@type\":\"EntryPoint\",\"urlTemplate\":\"https:\\\/\\\/antderground.com\\\/pt-br\\\/?s={search_term_string}\"},\"query-input\":{\"@type\":\"PropertyValueSpecification\",\"valueRequired\":true,\"valueName\":\"search_term_string\"}}],\"inLanguage\":\"pt-BR\"},{\"@type\":[\"Person\",\"Organization\"],\"@id\":\"https:\\\/\\\/antderground.com\\\/pt-br\\\/#\\\/schema\\\/person\\\/0e322c505e84fe72c65e2f6d08f96b81\",\"name\":\"Eric de Antderground\",\"image\":{\"@type\":\"ImageObject\",\"inLanguage\":\"pt-BR\",\"@id\":\"https:\\\/\\\/secure.gravatar.com\\\/avatar\\\/c49a1b9f79216d1498cb73c1e85cd47f4465dda35f2a94c03790d491bd4423c3?s=96&d=mm&r=g\",\"url\":\"https:\\\/\\\/secure.gravatar.com\\\/avatar\\\/c49a1b9f79216d1498cb73c1e85cd47f4465dda35f2a94c03790d491bd4423c3?s=96&d=mm&r=g\",\"contentUrl\":\"https:\\\/\\\/secure.gravatar.com\\\/avatar\\\/c49a1b9f79216d1498cb73c1e85cd47f4465dda35f2a94c03790d491bd4423c3?s=96&d=mm&r=g\",\"caption\":\"Eric de Antderground\"},\"logo\":{\"@id\":\"https:\\\/\\\/secure.gravatar.com\\\/avatar\\\/c49a1b9f79216d1498cb73c1e85cd47f4465dda35f2a94c03790d491bd4423c3?s=96&d=mm&r=g\"},\"description\":\"Eric es el especialista y fundador de Antderground, con una amplia trayectoria en artr\u00f3podos y enfocado en la mirmecolog\u00eda y el dise\u00f1o de hormigueros artificiales. Su enfoque combina la innovaci\u00f3n t\u00e9cnica con el respeto por la biolog\u00eda de las hormigas, is\u00f3podos y otros, desarrollando sistemas de nidos modulares 3D y acr\u00edlicos que son referentes para aficionados y profesionales en toda Europa. Su objetivo es facilitar la cr\u00eda de hormigas y otros artr\u00f3podos mediante soluciones seguras y divulgaci\u00f3n de calidad.\",\"sameAs\":[\"https:\\\/\\\/antderground.com\\\/\",\"https:\\\/\\\/www.youtube.com\\\/channel\\\/UCio72z7TlbufkAthAJIJfPw\"]}]}<\/script>\n<!-- \/ Yoast SEO plugin. -->","yoast_head_json":{"title":"Iridomyrmex anceps - ANTDERGROUND","description":"Descubra a formiga rainha Iridomyrmex anceps, explore o mundo da mirmecologia com Antderground, seu portal para formigueiros. \/ Mirmecologia","robots":{"index":"index","follow":"follow","max-snippet":"max-snippet:-1","max-image-preview":"max-image-preview:large","max-video-preview":"max-video-preview:-1"},"canonical":"https:\/\/antderground.com\/pt-br\/produto\/iridomyrmex-anceps\/","og_locale":"pt_BR","og_type":"article","og_title":"Iridomyrmex anceps - ANTDERGROUND","og_description":"Descubra a formiga rainha Iridomyrmex anceps, explore o mundo da mirmecologia com Antderground, seu portal para formigueiros. \/ Mirmecologia","og_url":"https:\/\/antderground.com\/pt-br\/produto\/iridomyrmex-anceps\/","og_site_name":"ANTDERGROUND","twitter_card":"summary_large_image","twitter_misc":{"Est. tempo de leitura":"1 minuto"},"schema":{"@context":"https:\/\/schema.org","@graph":[{"@type":"WebPage","@id":"https:\/\/antderground.com\/pt-br\/produto\/iridomyrmex-anceps\/","url":"https:\/\/antderground.com\/pt-br\/produto\/iridomyrmex-anceps\/","name":"Iridomyrmex anceps - ANTDERGROUND","isPartOf":{"@id":"https:\/\/antderground.com\/pt-br\/#website"},"primaryImageOfPage":{"@id":"https:\/\/antderground.com\/pt-br\/produto\/iridomyrmex-anceps\/#primaryimage"},"image":{"@id":"https:\/\/antderground.com\/pt-br\/produto\/iridomyrmex-anceps\/#primaryimage"},"thumbnailUrl":"https:\/\/antderground.com\/wp-content\/uploads\/2023\/06\/Iridomyrmex-anceps.jpg","datePublished":"2023-06-12T16:00:34+00:00","description":"Descubra a formiga rainha Iridomyrmex anceps, explore o mundo da mirmecologia com Antderground, seu portal para formigueiros. \/ Mirmecologia","breadcrumb":{"@id":"https:\/\/antderground.com\/pt-br\/produto\/iridomyrmex-anceps\/#breadcrumb"},"inLanguage":"pt-BR","potentialAction":[{"@type":"ReadAction","target":["https:\/\/antderground.com\/pt-br\/produto\/iridomyrmex-anceps\/"]}]},{"@type":"ImageObject","inLanguage":"pt-BR","@id":"https:\/\/antderground.com\/pt-br\/produto\/iridomyrmex-anceps\/#primaryimage","url":"https:\/\/antderground.com\/wp-content\/uploads\/2023\/06\/Iridomyrmex-anceps.jpg","contentUrl":"https:\/\/antderground.com\/wp-content\/uploads\/2023\/06\/Iridomyrmex-anceps.jpg","width":1417,"height":1417,"caption":"Iridomyrmex anceps"},{"@type":"BreadcrumbList","@id":"https:\/\/antderground.com\/pt-br\/produto\/iridomyrmex-anceps\/#breadcrumb","itemListElement":[{"@type":"ListItem","position":1,"name":"Portada","item":"https:\/\/antderground.com\/pt-br\/"},{"@type":"ListItem","position":2,"name":"Produtos","item":"https:\/\/antderground.com\/pt-br\/loja-de-formigueiros\/"},{"@type":"ListItem","position":3,"name":"Iridomyrmex anceps"}]},{"@type":"WebSite","@id":"https:\/\/antderground.com\/pt-br\/#website","url":"https:\/\/antderground.com\/pt-br\/","name":"ANTDERGROUND","description":"Tu tienda de hormigas, gran variedad de hormigueros acr\u00edlicos,madera,arena,3D y mas.. Pide tus hormigas gratis con tu pedido, somos expertos en hormigueros antifugas.","publisher":{"@id":"https:\/\/antderground.com\/pt-br\/#\/schema\/person\/0e322c505e84fe72c65e2f6d08f96b81"},"alternateName":"Antderground","potentialAction":[{"@type":"SearchAction","target":{"@type":"EntryPoint","urlTemplate":"https:\/\/antderground.com\/pt-br\/?s={search_term_string}"},"query-input":{"@type":"PropertyValueSpecification","valueRequired":true,"valueName":"search_term_string"}}],"inLanguage":"pt-BR"},{"@type":["Person","Organization"],"@id":"https:\/\/antderground.com\/pt-br\/#\/schema\/person\/0e322c505e84fe72c65e2f6d08f96b81","name":"Eric de Antderground","image":{"@type":"ImageObject","inLanguage":"pt-BR","@id":"https:\/\/secure.gravatar.com\/avatar\/c49a1b9f79216d1498cb73c1e85cd47f4465dda35f2a94c03790d491bd4423c3?s=96&d=mm&r=g","url":"https:\/\/secure.gravatar.com\/avatar\/c49a1b9f79216d1498cb73c1e85cd47f4465dda35f2a94c03790d491bd4423c3?s=96&d=mm&r=g","contentUrl":"https:\/\/secure.gravatar.com\/avatar\/c49a1b9f79216d1498cb73c1e85cd47f4465dda35f2a94c03790d491bd4423c3?s=96&d=mm&r=g","caption":"Eric de Antderground"},"logo":{"@id":"https:\/\/secure.gravatar.com\/avatar\/c49a1b9f79216d1498cb73c1e85cd47f4465dda35f2a94c03790d491bd4423c3?s=96&d=mm&r=g"},"description":"Eric es el especialista y fundador de Antderground, con una amplia trayectoria en artr\u00f3podos y enfocado en la mirmecolog\u00eda y el dise\u00f1o de hormigueros artificiales. Su enfoque combina la innovaci\u00f3n t\u00e9cnica con el respeto por la biolog\u00eda de las hormigas, is\u00f3podos y otros, desarrollando sistemas de nidos modulares 3D y acr\u00edlicos que son referentes para aficionados y profesionales en toda Europa. Su objetivo es facilitar la cr\u00eda de hormigas y otros artr\u00f3podos mediante soluciones seguras y divulgaci\u00f3n de calidad.","sameAs":["https:\/\/antderground.com\/","https:\/\/www.youtube.com\/channel\/UCio72z7TlbufkAthAJIJfPw"]}]}},"_links":{"self":[{"href":"https:\/\/antderground.com\/pt-br\/wp-json\/wp\/v2\/product\/29014","targetHints":{"allow":["GET"]}}],"collection":[{"href":"https:\/\/antderground.com\/pt-br\/wp-json\/wp\/v2\/product"}],"about":[{"href":"https:\/\/antderground.com\/pt-br\/wp-json\/wp\/v2\/types\/product"}],"version-history":[{"count":0,"href":"https:\/\/antderground.com\/pt-br\/wp-json\/wp\/v2\/product\/29014\/revisions"}],"wp:featuredmedia":[{"embeddable":true,"href":"https:\/\/antderground.com\/pt-br\/wp-json\/wp\/v2\/media\/29143"}],"wp:attachment":[{"href":"https:\/\/antderground.com\/pt-br\/wp-json\/wp\/v2\/media?parent=29014"}],"wp:term":[{"taxonomy":"product_brand","embeddable":true,"href":"https:\/\/antderground.com\/pt-br\/wp-json\/wp\/v2\/product_brand?post=29014"},{"taxonomy":"product_cat","embeddable":true,"href":"https:\/\/antderground.com\/pt-br\/wp-json\/wp\/v2\/product_cat?post=29014"},{"taxonomy":"product_tag","embeddable":true,"href":"https:\/\/antderground.com\/pt-br\/wp-json\/wp\/v2\/product_tag?post=29014"}],"curies":[{"name":"wp","href":"https:\/\/api.w.org\/{rel}","templated":true}]}}