{"id":29198,"date":"2023-06-30T22:27:30","date_gmt":"2023-06-30T20:27:30","guid":{"rendered":"https:\/\/www.antderground.com\/producto\/camponotus-festinus\/"},"modified":"2023-06-30T22:27:30","modified_gmt":"2023-06-30T20:27:30","slug":"camponotus-festinus","status":"publish","type":"product","link":"https:\/\/antderground.com\/pt-br\/produto\/camponotus-festinus\/","title":{"rendered":"Camponotus festinus (formiga rainha)"},"content":{"rendered":"<p><strong>Nome cient\u00edfico:<\/strong> Camponotus festinus<\/p>\n<p><strong>Classifica\u00e7\u00e3o taxon\u00f4mica:<\/strong> Reino Animalia, Filo Arthropoda, Classe Insecta, Ordem Hymenoptera, Fam\u00edlia Formicidae, Subfam\u00edlia Formicinae, G\u00eanero Camponotus.<\/p>\n<p><strong>Distribui\u00e7\u00e3o geogr\u00e1fica:<\/strong> Camponotus festinus \u00e9 encontrada principalmente na \u00c1sia, incluindo pa\u00edses como China, Jap\u00e3o e Coreia, bem como em algumas partes da Europa.<\/p>\n<p><strong>Caracter\u00edsticas f\u00edsicas:<\/strong> Camponotus festinus \u00e9 uma formiga de tamanho m\u00e9dio, com oper\u00e1rias medindo aproximadamente de 6 a 9 mm de comprimento. Elas possuem um corpo robusto e sua cor varia do preto ao marrom escuro. As oper\u00e1rias t\u00eam uma cabe\u00e7a relativamente grande em compara\u00e7\u00e3o com o restante do corpo, antenas longas e mand\u00edbulas fortes.<\/p>\n<p><strong>Comportamento:<\/strong> Essas formigas s\u00e3o principalmente diurnas e se destacam por seu comportamento ativo e explorat\u00f3rio. Elas constroem seus ninhos no solo e em cavidades de madeira. S\u00e3o on\u00edvoras e se alimentam de diversas fontes, incluindo n\u00e9ctar, insetos mortos e secre\u00e7\u00f5es de plantas.<\/p>\n<p><strong>Estado de conserva\u00e7\u00e3o:<\/strong> N\u00e3o h\u00e1 informa\u00e7\u00f5es espec\u00edficas dispon\u00edveis sobre o estado de conserva\u00e7\u00e3o dessa esp\u00e9cie.<\/p>\n<p><strong>Notas adicionais:<\/strong> Camponotus festinus \u00e9 uma esp\u00e9cie encontrada tanto na \u00c1sia quanto em algumas partes da Europa. \u00c9 importante destacar seu papel nos ecossistemas em que habita e seu comportamento caracter\u00edstico na constru\u00e7\u00e3o de ninhos e busca por alimento.<\/p>\n","protected":false},"excerpt":{"rendered":"<p><strong>Formiga rainha<\/strong><\/p>\n","protected":false},"featured_media":29182,"template":"","meta":[],"product_brand":[],"product_cat":[381,477],"product_tag":[],"class_list":{"0":"post-29198","1":"product","2":"type-product","3":"status-publish","4":"has-post-thumbnail","6":"product_cat-formigas","7":"product_cat-formigas-exoticas","9":"first","10":"outofstock","11":"sale","12":"shipping-taxable","13":"purchasable","14":"product-type-simple"},"yoast_head":"<!-- This site is optimized with the Yoast SEO plugin v27.3 - https:\/\/yoast.com\/product\/yoast-seo-wordpress\/ -->\n<title>Camponotus festinus (formiga rainha) - ANTDERGROUND<\/title>\n<meta name=\"description\" content=\"Nova formiga rainha Camponotus festinus! Em nossa loja voc\u00ea encontrar\u00e1 uma grande variedade de formigas ex\u00f3ticas de todo o mundo.\" \/>\n<meta name=\"robots\" content=\"index, follow, max-snippet:-1, max-image-preview:large, max-video-preview:-1\" \/>\n<link rel=\"canonical\" href=\"https:\/\/antderground.com\/pt-br\/produto\/camponotus-festinus\/\" \/>\n<meta property=\"og:locale\" content=\"pt_BR\" \/>\n<meta property=\"og:type\" content=\"article\" \/>\n<meta property=\"og:title\" content=\"Camponotus festinus (formiga rainha) - ANTDERGROUND\" \/>\n<meta property=\"og:description\" content=\"Nova formiga rainha Camponotus festinus! Em nossa loja voc\u00ea encontrar\u00e1 uma grande variedade de formigas ex\u00f3ticas de todo o mundo.\" \/>\n<meta property=\"og:url\" content=\"https:\/\/antderground.com\/pt-br\/produto\/camponotus-festinus\/\" \/>\n<meta property=\"og:site_name\" content=\"ANTDERGROUND\" \/>\n<meta property=\"og:image\" content=\"https:\/\/antderground.com\/wp-content\/uploads\/2023\/06\/camponotus-festinus.jpg\" \/>\n\t<meta property=\"og:image:width\" content=\"1417\" \/>\n\t<meta property=\"og:image:height\" content=\"1417\" \/>\n\t<meta property=\"og:image:type\" content=\"image\/jpeg\" \/>\n<meta name=\"twitter:card\" content=\"summary_large_image\" \/>\n<meta name=\"twitter:label1\" content=\"Est. tempo de leitura\" \/>\n\t<meta name=\"twitter:data1\" content=\"1 minuto\" \/>\n<script type=\"application\/ld+json\" class=\"yoast-schema-graph\">{\"@context\":\"https:\\\/\\\/schema.org\",\"@graph\":[{\"@type\":\"WebPage\",\"@id\":\"https:\\\/\\\/antderground.com\\\/pt-br\\\/produto\\\/camponotus-festinus\\\/\",\"url\":\"https:\\\/\\\/antderground.com\\\/pt-br\\\/produto\\\/camponotus-festinus\\\/\",\"name\":\"Camponotus festinus (formiga rainha) - ANTDERGROUND\",\"isPartOf\":{\"@id\":\"https:\\\/\\\/antderground.com\\\/pt-br\\\/#website\"},\"primaryImageOfPage\":{\"@id\":\"https:\\\/\\\/antderground.com\\\/pt-br\\\/produto\\\/camponotus-festinus\\\/#primaryimage\"},\"image\":{\"@id\":\"https:\\\/\\\/antderground.com\\\/pt-br\\\/produto\\\/camponotus-festinus\\\/#primaryimage\"},\"thumbnailUrl\":\"https:\\\/\\\/antderground.com\\\/wp-content\\\/uploads\\\/2023\\\/06\\\/camponotus-festinus.jpg\",\"datePublished\":\"2023-06-30T20:27:30+00:00\",\"description\":\"Nova formiga rainha Camponotus festinus! Em nossa loja voc\u00ea encontrar\u00e1 uma grande variedade de formigas ex\u00f3ticas de todo o mundo.\",\"breadcrumb\":{\"@id\":\"https:\\\/\\\/antderground.com\\\/pt-br\\\/produto\\\/camponotus-festinus\\\/#breadcrumb\"},\"inLanguage\":\"pt-BR\",\"potentialAction\":[{\"@type\":\"ReadAction\",\"target\":[\"https:\\\/\\\/antderground.com\\\/pt-br\\\/produto\\\/camponotus-festinus\\\/\"]}]},{\"@type\":\"ImageObject\",\"inLanguage\":\"pt-BR\",\"@id\":\"https:\\\/\\\/antderground.com\\\/pt-br\\\/produto\\\/camponotus-festinus\\\/#primaryimage\",\"url\":\"https:\\\/\\\/antderground.com\\\/wp-content\\\/uploads\\\/2023\\\/06\\\/camponotus-festinus.jpg\",\"contentUrl\":\"https:\\\/\\\/antderground.com\\\/wp-content\\\/uploads\\\/2023\\\/06\\\/camponotus-festinus.jpg\",\"width\":1417,\"height\":1417,\"caption\":\"hormiga ex\u00f3tica antderground\"},{\"@type\":\"BreadcrumbList\",\"@id\":\"https:\\\/\\\/antderground.com\\\/pt-br\\\/produto\\\/camponotus-festinus\\\/#breadcrumb\",\"itemListElement\":[{\"@type\":\"ListItem\",\"position\":1,\"name\":\"Portada\",\"item\":\"https:\\\/\\\/antderground.com\\\/pt-br\\\/\"},{\"@type\":\"ListItem\",\"position\":2,\"name\":\"Produtos\",\"item\":\"https:\\\/\\\/antderground.com\\\/pt-br\\\/loja-de-formigueiros\\\/\"},{\"@type\":\"ListItem\",\"position\":3,\"name\":\"Camponotus festinus (formiga rainha)\"}]},{\"@type\":\"WebSite\",\"@id\":\"https:\\\/\\\/antderground.com\\\/pt-br\\\/#website\",\"url\":\"https:\\\/\\\/antderground.com\\\/pt-br\\\/\",\"name\":\"ANTDERGROUND\",\"description\":\"Tu tienda de hormigas, gran variedad de hormigueros acr\u00edlicos,madera,arena,3D y mas.. Pide tus hormigas gratis con tu pedido, somos expertos en hormigueros antifugas.\",\"publisher\":{\"@id\":\"https:\\\/\\\/antderground.com\\\/pt-br\\\/#\\\/schema\\\/person\\\/0e322c505e84fe72c65e2f6d08f96b81\"},\"alternateName\":\"Antderground\",\"potentialAction\":[{\"@type\":\"SearchAction\",\"target\":{\"@type\":\"EntryPoint\",\"urlTemplate\":\"https:\\\/\\\/antderground.com\\\/pt-br\\\/?s={search_term_string}\"},\"query-input\":{\"@type\":\"PropertyValueSpecification\",\"valueRequired\":true,\"valueName\":\"search_term_string\"}}],\"inLanguage\":\"pt-BR\"},{\"@type\":[\"Person\",\"Organization\"],\"@id\":\"https:\\\/\\\/antderground.com\\\/pt-br\\\/#\\\/schema\\\/person\\\/0e322c505e84fe72c65e2f6d08f96b81\",\"name\":\"Eric de Antderground\",\"image\":{\"@type\":\"ImageObject\",\"inLanguage\":\"pt-BR\",\"@id\":\"https:\\\/\\\/secure.gravatar.com\\\/avatar\\\/c49a1b9f79216d1498cb73c1e85cd47f4465dda35f2a94c03790d491bd4423c3?s=96&d=mm&r=g\",\"url\":\"https:\\\/\\\/secure.gravatar.com\\\/avatar\\\/c49a1b9f79216d1498cb73c1e85cd47f4465dda35f2a94c03790d491bd4423c3?s=96&d=mm&r=g\",\"contentUrl\":\"https:\\\/\\\/secure.gravatar.com\\\/avatar\\\/c49a1b9f79216d1498cb73c1e85cd47f4465dda35f2a94c03790d491bd4423c3?s=96&d=mm&r=g\",\"caption\":\"Eric de Antderground\"},\"logo\":{\"@id\":\"https:\\\/\\\/secure.gravatar.com\\\/avatar\\\/c49a1b9f79216d1498cb73c1e85cd47f4465dda35f2a94c03790d491bd4423c3?s=96&d=mm&r=g\"},\"description\":\"Eric es el especialista y fundador de Antderground, con una amplia trayectoria en artr\u00f3podos y enfocado en la mirmecolog\u00eda y el dise\u00f1o de hormigueros artificiales. Su enfoque combina la innovaci\u00f3n t\u00e9cnica con el respeto por la biolog\u00eda de las hormigas, is\u00f3podos y otros, desarrollando sistemas de nidos modulares 3D y acr\u00edlicos que son referentes para aficionados y profesionales en toda Europa. Su objetivo es facilitar la cr\u00eda de hormigas y otros artr\u00f3podos mediante soluciones seguras y divulgaci\u00f3n de calidad.\",\"sameAs\":[\"https:\\\/\\\/antderground.com\\\/\",\"https:\\\/\\\/www.youtube.com\\\/channel\\\/UCio72z7TlbufkAthAJIJfPw\"]}]}<\/script>\n<!-- \/ Yoast SEO plugin. -->","yoast_head_json":{"title":"Camponotus festinus (formiga rainha) - ANTDERGROUND","description":"Nova formiga rainha Camponotus festinus! Em nossa loja voc\u00ea encontrar\u00e1 uma grande variedade de formigas ex\u00f3ticas de todo o mundo.","robots":{"index":"index","follow":"follow","max-snippet":"max-snippet:-1","max-image-preview":"max-image-preview:large","max-video-preview":"max-video-preview:-1"},"canonical":"https:\/\/antderground.com\/pt-br\/produto\/camponotus-festinus\/","og_locale":"pt_BR","og_type":"article","og_title":"Camponotus festinus (formiga rainha) - ANTDERGROUND","og_description":"Nova formiga rainha Camponotus festinus! Em nossa loja voc\u00ea encontrar\u00e1 uma grande variedade de formigas ex\u00f3ticas de todo o mundo.","og_url":"https:\/\/antderground.com\/pt-br\/produto\/camponotus-festinus\/","og_site_name":"ANTDERGROUND","og_image":[{"width":1417,"height":1417,"url":"https:\/\/antderground.com\/wp-content\/uploads\/2023\/06\/camponotus-festinus.jpg","type":"image\/jpeg"}],"twitter_card":"summary_large_image","twitter_misc":{"Est. tempo de leitura":"1 minuto"},"schema":{"@context":"https:\/\/schema.org","@graph":[{"@type":"WebPage","@id":"https:\/\/antderground.com\/pt-br\/produto\/camponotus-festinus\/","url":"https:\/\/antderground.com\/pt-br\/produto\/camponotus-festinus\/","name":"Camponotus festinus (formiga rainha) - ANTDERGROUND","isPartOf":{"@id":"https:\/\/antderground.com\/pt-br\/#website"},"primaryImageOfPage":{"@id":"https:\/\/antderground.com\/pt-br\/produto\/camponotus-festinus\/#primaryimage"},"image":{"@id":"https:\/\/antderground.com\/pt-br\/produto\/camponotus-festinus\/#primaryimage"},"thumbnailUrl":"https:\/\/antderground.com\/wp-content\/uploads\/2023\/06\/camponotus-festinus.jpg","datePublished":"2023-06-30T20:27:30+00:00","description":"Nova formiga rainha Camponotus festinus! Em nossa loja voc\u00ea encontrar\u00e1 uma grande variedade de formigas ex\u00f3ticas de todo o mundo.","breadcrumb":{"@id":"https:\/\/antderground.com\/pt-br\/produto\/camponotus-festinus\/#breadcrumb"},"inLanguage":"pt-BR","potentialAction":[{"@type":"ReadAction","target":["https:\/\/antderground.com\/pt-br\/produto\/camponotus-festinus\/"]}]},{"@type":"ImageObject","inLanguage":"pt-BR","@id":"https:\/\/antderground.com\/pt-br\/produto\/camponotus-festinus\/#primaryimage","url":"https:\/\/antderground.com\/wp-content\/uploads\/2023\/06\/camponotus-festinus.jpg","contentUrl":"https:\/\/antderground.com\/wp-content\/uploads\/2023\/06\/camponotus-festinus.jpg","width":1417,"height":1417,"caption":"hormiga ex\u00f3tica antderground"},{"@type":"BreadcrumbList","@id":"https:\/\/antderground.com\/pt-br\/produto\/camponotus-festinus\/#breadcrumb","itemListElement":[{"@type":"ListItem","position":1,"name":"Portada","item":"https:\/\/antderground.com\/pt-br\/"},{"@type":"ListItem","position":2,"name":"Produtos","item":"https:\/\/antderground.com\/pt-br\/loja-de-formigueiros\/"},{"@type":"ListItem","position":3,"name":"Camponotus festinus (formiga rainha)"}]},{"@type":"WebSite","@id":"https:\/\/antderground.com\/pt-br\/#website","url":"https:\/\/antderground.com\/pt-br\/","name":"ANTDERGROUND","description":"Tu tienda de hormigas, gran variedad de hormigueros acr\u00edlicos,madera,arena,3D y mas.. Pide tus hormigas gratis con tu pedido, somos expertos en hormigueros antifugas.","publisher":{"@id":"https:\/\/antderground.com\/pt-br\/#\/schema\/person\/0e322c505e84fe72c65e2f6d08f96b81"},"alternateName":"Antderground","potentialAction":[{"@type":"SearchAction","target":{"@type":"EntryPoint","urlTemplate":"https:\/\/antderground.com\/pt-br\/?s={search_term_string}"},"query-input":{"@type":"PropertyValueSpecification","valueRequired":true,"valueName":"search_term_string"}}],"inLanguage":"pt-BR"},{"@type":["Person","Organization"],"@id":"https:\/\/antderground.com\/pt-br\/#\/schema\/person\/0e322c505e84fe72c65e2f6d08f96b81","name":"Eric de Antderground","image":{"@type":"ImageObject","inLanguage":"pt-BR","@id":"https:\/\/secure.gravatar.com\/avatar\/c49a1b9f79216d1498cb73c1e85cd47f4465dda35f2a94c03790d491bd4423c3?s=96&d=mm&r=g","url":"https:\/\/secure.gravatar.com\/avatar\/c49a1b9f79216d1498cb73c1e85cd47f4465dda35f2a94c03790d491bd4423c3?s=96&d=mm&r=g","contentUrl":"https:\/\/secure.gravatar.com\/avatar\/c49a1b9f79216d1498cb73c1e85cd47f4465dda35f2a94c03790d491bd4423c3?s=96&d=mm&r=g","caption":"Eric de Antderground"},"logo":{"@id":"https:\/\/secure.gravatar.com\/avatar\/c49a1b9f79216d1498cb73c1e85cd47f4465dda35f2a94c03790d491bd4423c3?s=96&d=mm&r=g"},"description":"Eric es el especialista y fundador de Antderground, con una amplia trayectoria en artr\u00f3podos y enfocado en la mirmecolog\u00eda y el dise\u00f1o de hormigueros artificiales. Su enfoque combina la innovaci\u00f3n t\u00e9cnica con el respeto por la biolog\u00eda de las hormigas, is\u00f3podos y otros, desarrollando sistemas de nidos modulares 3D y acr\u00edlicos que son referentes para aficionados y profesionales en toda Europa. Su objetivo es facilitar la cr\u00eda de hormigas y otros artr\u00f3podos mediante soluciones seguras y divulgaci\u00f3n de calidad.","sameAs":["https:\/\/antderground.com\/","https:\/\/www.youtube.com\/channel\/UCio72z7TlbufkAthAJIJfPw"]}]}},"_links":{"self":[{"href":"https:\/\/antderground.com\/pt-br\/wp-json\/wp\/v2\/product\/29198","targetHints":{"allow":["GET"]}}],"collection":[{"href":"https:\/\/antderground.com\/pt-br\/wp-json\/wp\/v2\/product"}],"about":[{"href":"https:\/\/antderground.com\/pt-br\/wp-json\/wp\/v2\/types\/product"}],"version-history":[{"count":0,"href":"https:\/\/antderground.com\/pt-br\/wp-json\/wp\/v2\/product\/29198\/revisions"}],"wp:featuredmedia":[{"embeddable":true,"href":"https:\/\/antderground.com\/pt-br\/wp-json\/wp\/v2\/media\/29182"}],"wp:attachment":[{"href":"https:\/\/antderground.com\/pt-br\/wp-json\/wp\/v2\/media?parent=29198"}],"wp:term":[{"taxonomy":"product_brand","embeddable":true,"href":"https:\/\/antderground.com\/pt-br\/wp-json\/wp\/v2\/product_brand?post=29198"},{"taxonomy":"product_cat","embeddable":true,"href":"https:\/\/antderground.com\/pt-br\/wp-json\/wp\/v2\/product_cat?post=29198"},{"taxonomy":"product_tag","embeddable":true,"href":"https:\/\/antderground.com\/pt-br\/wp-json\/wp\/v2\/product_tag?post=29198"}],"curies":[{"name":"wp","href":"https:\/\/api.w.org\/{rel}","templated":true}]}}