{"id":29380,"date":"2023-07-12T01:09:42","date_gmt":"2023-07-11T23:09:42","guid":{"rendered":"https:\/\/www.antderground.com\/producto\/kit-inicial-da-colonia-com-formigas\/"},"modified":"2023-07-12T01:09:42","modified_gmt":"2023-07-11T23:09:42","slug":"kit-inicial-da-colonia-com-formigas","status":"publish","type":"product","link":"https:\/\/antderground.com\/pt-br\/produto\/kit-inicial-da-colonia-com-formigas\/","title":{"rendered":"Kit inicial da col\u00f4nia + Rainha Camponotus japonicus com oper\u00e1rias"},"content":{"rendered":"","protected":false},"excerpt":{"rendered":"<p>Este kit inicial de col\u00f4nia com formiga rainha e formigas oper\u00e1rias \u00e9 uma das melhores op\u00e7\u00f5es para come\u00e7ar.<\/p>\n<p><strong>Inclui:<\/strong><br \/>\n&#8211; Formigueiro + Caixa forrageira + Conector.<br \/>\n&#8211; Formiga rainha Camponotus japonicus com 1 a 5 formigas oper\u00e1rias.<\/p>\n<h3>Caracter\u00edsticas do Kit:<\/h3>\n<p><strong>Formigueiro 3D:<\/strong><br \/>\nTamanho: 7cm x 4,5cm.<br \/>\nDep\u00f3sito: 20ml.<br \/>\nCor branca.<br \/>\nTampa vermelha: sim.<\/p>\n<p><strong>Caixa de Forrageamento 3D:<\/strong><br \/>\nTamanho: 5cm x 5cm.<br \/>\nCor branca<br \/>\nVentila\u00e7\u00e3o: Sim, tampa superior.<br \/>\nConex\u00f5es: 2<\/p>\n<p><strong>Conector:<\/strong><br \/>\nCor branca<br \/>\nConex\u00e3o: horizontal.<\/p>\n","protected":false},"featured_media":29356,"template":"","meta":[],"product_brand":[],"product_cat":[379,466,391,474],"product_tag":[],"class_list":{"0":"post-29380","1":"product","2":"type-product","3":"status-publish","4":"has-post-thumbnail","6":"product_cat-formigueiros","7":"product_cat-formigueiros-3d","8":"product_cat-kits-de-formigueiros","9":"product_cat-ofertas-pt-br","11":"first","12":"outofstock","13":"sale","14":"shipping-taxable","15":"purchasable","16":"product-type-simple"},"yoast_head":"<!-- This site is optimized with the Yoast SEO plugin v27.3 - https:\/\/yoast.com\/product\/yoast-seo-wordpress\/ -->\n<title>Kit inicial da col\u00f4nia + Rainha Camponotus japonicus com oper\u00e1rias<\/title>\n<meta name=\"description\" content=\"Kit inicial de col\u00f4nia com Rainha camponotus japonicus e 1 a 5 formigas oper\u00e1rias. Um pack ideal para come\u00e7ar a sua col\u00f3nia de formigas. formicarium\" \/>\n<meta name=\"robots\" content=\"index, follow, max-snippet:-1, max-image-preview:large, max-video-preview:-1\" \/>\n<link rel=\"canonical\" href=\"https:\/\/antderground.com\/pt-br\/produto\/kit-inicial-da-colonia-com-formigas\/\" \/>\n<meta property=\"og:locale\" content=\"pt_BR\" \/>\n<meta property=\"og:type\" content=\"article\" \/>\n<meta property=\"og:title\" content=\"Kit inicial da col\u00f4nia + Rainha Camponotus japonicus com oper\u00e1rias\" \/>\n<meta property=\"og:description\" content=\"Kit inicial de col\u00f4nia com Rainha camponotus japonicus e 1 a 5 formigas oper\u00e1rias. Um pack ideal para come\u00e7ar a sua col\u00f3nia de formigas. formicarium\" \/>\n<meta property=\"og:url\" content=\"https:\/\/antderground.com\/pt-br\/produto\/kit-inicial-da-colonia-com-formigas\/\" \/>\n<meta property=\"og:site_name\" content=\"ANTDERGROUND\" \/>\n<meta property=\"og:image\" content=\"https:\/\/antderground.com\/wp-content\/uploads\/2023\/07\/Kit-inici-colonia-3d-amb-reina-japonicus.png\" \/>\n\t<meta property=\"og:image:width\" content=\"1280\" \/>\n\t<meta property=\"og:image:height\" content=\"1280\" \/>\n\t<meta property=\"og:image:type\" content=\"image\/png\" \/>\n<meta name=\"twitter:card\" content=\"summary_large_image\" \/>\n<script type=\"application\/ld+json\" class=\"yoast-schema-graph\">{\"@context\":\"https:\\\/\\\/schema.org\",\"@graph\":[{\"@type\":\"WebPage\",\"@id\":\"https:\\\/\\\/antderground.com\\\/pt-br\\\/produto\\\/kit-inicial-da-colonia-com-formigas\\\/\",\"url\":\"https:\\\/\\\/antderground.com\\\/pt-br\\\/produto\\\/kit-inicial-da-colonia-com-formigas\\\/\",\"name\":\"Kit inicial da col\u00f4nia + Rainha Camponotus japonicus com oper\u00e1rias\",\"isPartOf\":{\"@id\":\"https:\\\/\\\/antderground.com\\\/pt-br\\\/#website\"},\"primaryImageOfPage\":{\"@id\":\"https:\\\/\\\/antderground.com\\\/pt-br\\\/produto\\\/kit-inicial-da-colonia-com-formigas\\\/#primaryimage\"},\"image\":{\"@id\":\"https:\\\/\\\/antderground.com\\\/pt-br\\\/produto\\\/kit-inicial-da-colonia-com-formigas\\\/#primaryimage\"},\"thumbnailUrl\":\"https:\\\/\\\/antderground.com\\\/wp-content\\\/uploads\\\/2023\\\/07\\\/Kit-inici-colonia-3d-amb-reina-japonicus.png\",\"datePublished\":\"2023-07-11T23:09:42+00:00\",\"description\":\"Kit inicial de col\u00f4nia com Rainha camponotus japonicus e 1 a 5 formigas oper\u00e1rias. Um pack ideal para come\u00e7ar a sua col\u00f3nia de formigas. formicarium\",\"breadcrumb\":{\"@id\":\"https:\\\/\\\/antderground.com\\\/pt-br\\\/produto\\\/kit-inicial-da-colonia-com-formigas\\\/#breadcrumb\"},\"inLanguage\":\"pt-BR\",\"potentialAction\":[{\"@type\":\"ReadAction\",\"target\":[\"https:\\\/\\\/antderground.com\\\/pt-br\\\/produto\\\/kit-inicial-da-colonia-com-formigas\\\/\"]}]},{\"@type\":\"ImageObject\",\"inLanguage\":\"pt-BR\",\"@id\":\"https:\\\/\\\/antderground.com\\\/pt-br\\\/produto\\\/kit-inicial-da-colonia-com-formigas\\\/#primaryimage\",\"url\":\"https:\\\/\\\/antderground.com\\\/wp-content\\\/uploads\\\/2023\\\/07\\\/Kit-inici-colonia-3d-amb-reina-japonicus.png\",\"contentUrl\":\"https:\\\/\\\/antderground.com\\\/wp-content\\\/uploads\\\/2023\\\/07\\\/Kit-inici-colonia-3d-amb-reina-japonicus.png\",\"width\":1280,\"height\":1280,\"caption\":\"formigueiros 3d\"},{\"@type\":\"BreadcrumbList\",\"@id\":\"https:\\\/\\\/antderground.com\\\/pt-br\\\/produto\\\/kit-inicial-da-colonia-com-formigas\\\/#breadcrumb\",\"itemListElement\":[{\"@type\":\"ListItem\",\"position\":1,\"name\":\"Portada\",\"item\":\"https:\\\/\\\/antderground.com\\\/pt-br\\\/\"},{\"@type\":\"ListItem\",\"position\":2,\"name\":\"Produtos\",\"item\":\"https:\\\/\\\/antderground.com\\\/pt-br\\\/loja-de-formigueiros\\\/\"},{\"@type\":\"ListItem\",\"position\":3,\"name\":\"Kit inicial da col\u00f4nia + Rainha Camponotus japonicus com oper\u00e1rias\"}]},{\"@type\":\"WebSite\",\"@id\":\"https:\\\/\\\/antderground.com\\\/pt-br\\\/#website\",\"url\":\"https:\\\/\\\/antderground.com\\\/pt-br\\\/\",\"name\":\"ANTDERGROUND\",\"description\":\"Tu tienda de hormigas, gran variedad de hormigueros acr\u00edlicos,madera,arena,3D y mas.. Pide tus hormigas gratis con tu pedido, somos expertos en hormigueros antifugas.\",\"publisher\":{\"@id\":\"https:\\\/\\\/antderground.com\\\/pt-br\\\/#\\\/schema\\\/person\\\/0e322c505e84fe72c65e2f6d08f96b81\"},\"alternateName\":\"Antderground\",\"potentialAction\":[{\"@type\":\"SearchAction\",\"target\":{\"@type\":\"EntryPoint\",\"urlTemplate\":\"https:\\\/\\\/antderground.com\\\/pt-br\\\/?s={search_term_string}\"},\"query-input\":{\"@type\":\"PropertyValueSpecification\",\"valueRequired\":true,\"valueName\":\"search_term_string\"}}],\"inLanguage\":\"pt-BR\"},{\"@type\":[\"Person\",\"Organization\"],\"@id\":\"https:\\\/\\\/antderground.com\\\/pt-br\\\/#\\\/schema\\\/person\\\/0e322c505e84fe72c65e2f6d08f96b81\",\"name\":\"Eric de Antderground\",\"image\":{\"@type\":\"ImageObject\",\"inLanguage\":\"pt-BR\",\"@id\":\"https:\\\/\\\/secure.gravatar.com\\\/avatar\\\/c49a1b9f79216d1498cb73c1e85cd47f4465dda35f2a94c03790d491bd4423c3?s=96&d=mm&r=g\",\"url\":\"https:\\\/\\\/secure.gravatar.com\\\/avatar\\\/c49a1b9f79216d1498cb73c1e85cd47f4465dda35f2a94c03790d491bd4423c3?s=96&d=mm&r=g\",\"contentUrl\":\"https:\\\/\\\/secure.gravatar.com\\\/avatar\\\/c49a1b9f79216d1498cb73c1e85cd47f4465dda35f2a94c03790d491bd4423c3?s=96&d=mm&r=g\",\"caption\":\"Eric de Antderground\"},\"logo\":{\"@id\":\"https:\\\/\\\/secure.gravatar.com\\\/avatar\\\/c49a1b9f79216d1498cb73c1e85cd47f4465dda35f2a94c03790d491bd4423c3?s=96&d=mm&r=g\"},\"description\":\"Eric es el especialista y fundador de Antderground, con una amplia trayectoria en artr\u00f3podos y enfocado en la mirmecolog\u00eda y el dise\u00f1o de hormigueros artificiales. Su enfoque combina la innovaci\u00f3n t\u00e9cnica con el respeto por la biolog\u00eda de las hormigas, is\u00f3podos y otros, desarrollando sistemas de nidos modulares 3D y acr\u00edlicos que son referentes para aficionados y profesionales en toda Europa. Su objetivo es facilitar la cr\u00eda de hormigas y otros artr\u00f3podos mediante soluciones seguras y divulgaci\u00f3n de calidad.\",\"sameAs\":[\"https:\\\/\\\/antderground.com\\\/\",\"https:\\\/\\\/www.youtube.com\\\/channel\\\/UCio72z7TlbufkAthAJIJfPw\"]}]}<\/script>\n<!-- \/ Yoast SEO plugin. -->","yoast_head_json":{"title":"Kit inicial da col\u00f4nia + Rainha Camponotus japonicus com oper\u00e1rias","description":"Kit inicial de col\u00f4nia com Rainha camponotus japonicus e 1 a 5 formigas oper\u00e1rias. Um pack ideal para come\u00e7ar a sua col\u00f3nia de formigas. formicarium","robots":{"index":"index","follow":"follow","max-snippet":"max-snippet:-1","max-image-preview":"max-image-preview:large","max-video-preview":"max-video-preview:-1"},"canonical":"https:\/\/antderground.com\/pt-br\/produto\/kit-inicial-da-colonia-com-formigas\/","og_locale":"pt_BR","og_type":"article","og_title":"Kit inicial da col\u00f4nia + Rainha Camponotus japonicus com oper\u00e1rias","og_description":"Kit inicial de col\u00f4nia com Rainha camponotus japonicus e 1 a 5 formigas oper\u00e1rias. Um pack ideal para come\u00e7ar a sua col\u00f3nia de formigas. formicarium","og_url":"https:\/\/antderground.com\/pt-br\/produto\/kit-inicial-da-colonia-com-formigas\/","og_site_name":"ANTDERGROUND","og_image":[{"width":1280,"height":1280,"url":"https:\/\/antderground.com\/wp-content\/uploads\/2023\/07\/Kit-inici-colonia-3d-amb-reina-japonicus.png","type":"image\/png"}],"twitter_card":"summary_large_image","schema":{"@context":"https:\/\/schema.org","@graph":[{"@type":"WebPage","@id":"https:\/\/antderground.com\/pt-br\/produto\/kit-inicial-da-colonia-com-formigas\/","url":"https:\/\/antderground.com\/pt-br\/produto\/kit-inicial-da-colonia-com-formigas\/","name":"Kit inicial da col\u00f4nia + Rainha Camponotus japonicus com oper\u00e1rias","isPartOf":{"@id":"https:\/\/antderground.com\/pt-br\/#website"},"primaryImageOfPage":{"@id":"https:\/\/antderground.com\/pt-br\/produto\/kit-inicial-da-colonia-com-formigas\/#primaryimage"},"image":{"@id":"https:\/\/antderground.com\/pt-br\/produto\/kit-inicial-da-colonia-com-formigas\/#primaryimage"},"thumbnailUrl":"https:\/\/antderground.com\/wp-content\/uploads\/2023\/07\/Kit-inici-colonia-3d-amb-reina-japonicus.png","datePublished":"2023-07-11T23:09:42+00:00","description":"Kit inicial de col\u00f4nia com Rainha camponotus japonicus e 1 a 5 formigas oper\u00e1rias. Um pack ideal para come\u00e7ar a sua col\u00f3nia de formigas. formicarium","breadcrumb":{"@id":"https:\/\/antderground.com\/pt-br\/produto\/kit-inicial-da-colonia-com-formigas\/#breadcrumb"},"inLanguage":"pt-BR","potentialAction":[{"@type":"ReadAction","target":["https:\/\/antderground.com\/pt-br\/produto\/kit-inicial-da-colonia-com-formigas\/"]}]},{"@type":"ImageObject","inLanguage":"pt-BR","@id":"https:\/\/antderground.com\/pt-br\/produto\/kit-inicial-da-colonia-com-formigas\/#primaryimage","url":"https:\/\/antderground.com\/wp-content\/uploads\/2023\/07\/Kit-inici-colonia-3d-amb-reina-japonicus.png","contentUrl":"https:\/\/antderground.com\/wp-content\/uploads\/2023\/07\/Kit-inici-colonia-3d-amb-reina-japonicus.png","width":1280,"height":1280,"caption":"formigueiros 3d"},{"@type":"BreadcrumbList","@id":"https:\/\/antderground.com\/pt-br\/produto\/kit-inicial-da-colonia-com-formigas\/#breadcrumb","itemListElement":[{"@type":"ListItem","position":1,"name":"Portada","item":"https:\/\/antderground.com\/pt-br\/"},{"@type":"ListItem","position":2,"name":"Produtos","item":"https:\/\/antderground.com\/pt-br\/loja-de-formigueiros\/"},{"@type":"ListItem","position":3,"name":"Kit inicial da col\u00f4nia + Rainha Camponotus japonicus com oper\u00e1rias"}]},{"@type":"WebSite","@id":"https:\/\/antderground.com\/pt-br\/#website","url":"https:\/\/antderground.com\/pt-br\/","name":"ANTDERGROUND","description":"Tu tienda de hormigas, gran variedad de hormigueros acr\u00edlicos,madera,arena,3D y mas.. Pide tus hormigas gratis con tu pedido, somos expertos en hormigueros antifugas.","publisher":{"@id":"https:\/\/antderground.com\/pt-br\/#\/schema\/person\/0e322c505e84fe72c65e2f6d08f96b81"},"alternateName":"Antderground","potentialAction":[{"@type":"SearchAction","target":{"@type":"EntryPoint","urlTemplate":"https:\/\/antderground.com\/pt-br\/?s={search_term_string}"},"query-input":{"@type":"PropertyValueSpecification","valueRequired":true,"valueName":"search_term_string"}}],"inLanguage":"pt-BR"},{"@type":["Person","Organization"],"@id":"https:\/\/antderground.com\/pt-br\/#\/schema\/person\/0e322c505e84fe72c65e2f6d08f96b81","name":"Eric de Antderground","image":{"@type":"ImageObject","inLanguage":"pt-BR","@id":"https:\/\/secure.gravatar.com\/avatar\/c49a1b9f79216d1498cb73c1e85cd47f4465dda35f2a94c03790d491bd4423c3?s=96&d=mm&r=g","url":"https:\/\/secure.gravatar.com\/avatar\/c49a1b9f79216d1498cb73c1e85cd47f4465dda35f2a94c03790d491bd4423c3?s=96&d=mm&r=g","contentUrl":"https:\/\/secure.gravatar.com\/avatar\/c49a1b9f79216d1498cb73c1e85cd47f4465dda35f2a94c03790d491bd4423c3?s=96&d=mm&r=g","caption":"Eric de Antderground"},"logo":{"@id":"https:\/\/secure.gravatar.com\/avatar\/c49a1b9f79216d1498cb73c1e85cd47f4465dda35f2a94c03790d491bd4423c3?s=96&d=mm&r=g"},"description":"Eric es el especialista y fundador de Antderground, con una amplia trayectoria en artr\u00f3podos y enfocado en la mirmecolog\u00eda y el dise\u00f1o de hormigueros artificiales. Su enfoque combina la innovaci\u00f3n t\u00e9cnica con el respeto por la biolog\u00eda de las hormigas, is\u00f3podos y otros, desarrollando sistemas de nidos modulares 3D y acr\u00edlicos que son referentes para aficionados y profesionales en toda Europa. Su objetivo es facilitar la cr\u00eda de hormigas y otros artr\u00f3podos mediante soluciones seguras y divulgaci\u00f3n de calidad.","sameAs":["https:\/\/antderground.com\/","https:\/\/www.youtube.com\/channel\/UCio72z7TlbufkAthAJIJfPw"]}]}},"_links":{"self":[{"href":"https:\/\/antderground.com\/pt-br\/wp-json\/wp\/v2\/product\/29380","targetHints":{"allow":["GET"]}}],"collection":[{"href":"https:\/\/antderground.com\/pt-br\/wp-json\/wp\/v2\/product"}],"about":[{"href":"https:\/\/antderground.com\/pt-br\/wp-json\/wp\/v2\/types\/product"}],"version-history":[{"count":0,"href":"https:\/\/antderground.com\/pt-br\/wp-json\/wp\/v2\/product\/29380\/revisions"}],"wp:featuredmedia":[{"embeddable":true,"href":"https:\/\/antderground.com\/pt-br\/wp-json\/wp\/v2\/media\/29356"}],"wp:attachment":[{"href":"https:\/\/antderground.com\/pt-br\/wp-json\/wp\/v2\/media?parent=29380"}],"wp:term":[{"taxonomy":"product_brand","embeddable":true,"href":"https:\/\/antderground.com\/pt-br\/wp-json\/wp\/v2\/product_brand?post=29380"},{"taxonomy":"product_cat","embeddable":true,"href":"https:\/\/antderground.com\/pt-br\/wp-json\/wp\/v2\/product_cat?post=29380"},{"taxonomy":"product_tag","embeddable":true,"href":"https:\/\/antderground.com\/pt-br\/wp-json\/wp\/v2\/product_tag?post=29380"}],"curies":[{"name":"wp","href":"https:\/\/api.w.org\/{rel}","templated":true}]}}