{"id":29495,"date":"2023-07-17T12:31:14","date_gmt":"2023-07-17T10:31:14","guid":{"rendered":"https:\/\/www.antderground.com\/producto\/traca-da-cera-larva-galleria-mellonella\/"},"modified":"2023-07-17T18:20:48","modified_gmt":"2023-07-17T16:20:48","slug":"traca-da-cera-larva-galleria-mellonella","status":"publish","type":"product","link":"https:\/\/antderground.com\/pt-br\/produto\/traca-da-cera-larva-galleria-mellonella\/","title":{"rendered":"tra\u00e7a-da-cera (larva) (Galleria Mellonella)"},"content":{"rendered":"<p><strong>Nome cient\u00edfico:<\/strong> Galleria mellonella<\/p>\n<p><strong>Classifica\u00e7\u00e3o taxon\u00f4mica:<\/strong> Reino Animalia, Filo Arthropoda, Classe Insecta, Ordem Lepidoptera, Fam\u00edlia Pyralidae, G\u00eanero Galleria.<\/p>\n<p><strong>Distribui\u00e7\u00e3o geogr\u00e1fica:<\/strong> A tra\u00e7a da cera (Galleria mellonella) \u00e9 nativa da Europa, mas foi introduzida em muitas outras partes do mundo, incluindo Am\u00e9rica do Norte, Am\u00e9rica do Sul, \u00c1sia e Oceania.<\/p>\n<p><strong>Caracter\u00edsticas f\u00edsicas:<\/strong> As larvas da tra\u00e7a da cera t\u00eam cerca de 2,5 a 4 cm de comprimento. Seu corpo \u00e9 amarelado com uma cabe\u00e7a preta. Apresentam um corpo segmentado com pernas e pelos em cada segmento.<\/p>\n<p><strong>Comportamento:<\/strong> As larvas da tra\u00e7a da cera se alimentam de materiais como a cera das colmeias de abelhas e outros produtos ap\u00edcolas, incluindo p\u00f3len, mel e larvas de abelhas.<\/p>\n<p><strong>Estado de conserva\u00e7\u00e3o:<\/strong> N\u00e3o h\u00e1 informa\u00e7\u00f5es espec\u00edficas sobre o estado de conserva\u00e7\u00e3o de Galleria mellonella, pois n\u00e3o \u00e9 uma esp\u00e9cie de grande preocupa\u00e7\u00e3o em termos de conserva\u00e7\u00e3o.<\/p>\n<p><strong>Notas adicionais:<\/strong> As larvas da tra\u00e7a da cera s\u00e3o utilizadas na ind\u00fastria de alimentos para animais como fonte de prote\u00edna para r\u00e9pteis, aves e outros animais. Al\u00e9m disso, s\u00e3o amplamente utilizadas em pesquisa cient\u00edfica, especialmente nos campos da imunologia e gen\u00e9tica, devido ao seu sistema imunol\u00f3gico e facilidade de cria\u00e7\u00e3o em laborat\u00f3rio.<\/p>\n","protected":false},"excerpt":{"rendered":"<p>Alimento vivo ideal para formigas, larva tra\u00e7a-da-cera (Galleria Mellonella) \u00e9 um alimento muito utilizado para insetos, r\u00e9pteis e anf\u00edbios. \u00c9 tamb\u00e9m um alimento vivo muito utilizado no mundo da pesca.<\/p>\n","protected":false},"featured_media":29463,"template":"","meta":[],"product_brand":[],"product_cat":[398,666],"product_tag":[],"class_list":{"0":"post-29495","1":"product","2":"type-product","3":"status-publish","4":"has-post-thumbnail","6":"product_cat-alimentacao","7":"product_cat-alimentos-vivos","9":"first","10":"outofstock","11":"shipping-taxable","12":"purchasable","13":"product-type-variable"},"yoast_head":"<!-- This site is optimized with the Yoast SEO plugin v27.3 - https:\/\/yoast.com\/product\/yoast-seo-wordpress\/ -->\n<title>tra\u00e7a-da-cera (larva) (Galleria Mellonella) - ANTDERGROUND<\/title>\n<meta name=\"description\" content=\"Alimento vivo, larva tra\u00e7a-da-cera (Galleria Mellonella) um alimento ideal para r\u00e9pteis, anf\u00edbios e insetos. Um alimento ideal para formigas.\" \/>\n<meta name=\"robots\" content=\"index, follow, max-snippet:-1, max-image-preview:large, max-video-preview:-1\" \/>\n<link rel=\"canonical\" href=\"https:\/\/antderground.com\/pt-br\/produto\/traca-da-cera-larva-galleria-mellonella\/\" \/>\n<meta property=\"og:locale\" content=\"pt_BR\" \/>\n<meta property=\"og:type\" content=\"article\" \/>\n<meta property=\"og:title\" content=\"tra\u00e7a-da-cera (larva) (Galleria Mellonella) - ANTDERGROUND\" \/>\n<meta property=\"og:description\" content=\"Alimento vivo, larva tra\u00e7a-da-cera (Galleria Mellonella) um alimento ideal para r\u00e9pteis, anf\u00edbios e insetos. Um alimento ideal para formigas.\" \/>\n<meta property=\"og:url\" content=\"https:\/\/antderground.com\/pt-br\/produto\/traca-da-cera-larva-galleria-mellonella\/\" \/>\n<meta property=\"og:site_name\" content=\"ANTDERGROUND\" \/>\n<meta property=\"article:modified_time\" content=\"2023-07-17T16:20:48+00:00\" \/>\n<meta property=\"og:image\" content=\"https:\/\/antderground.com\/wp-content\/uploads\/2023\/07\/gusano-de-la-miel-Galleria-Mellonella.jpg\" \/>\n\t<meta property=\"og:image:width\" content=\"1417\" \/>\n\t<meta property=\"og:image:height\" content=\"1417\" \/>\n\t<meta property=\"og:image:type\" content=\"image\/jpeg\" \/>\n<meta name=\"twitter:card\" content=\"summary_large_image\" \/>\n<meta name=\"twitter:label1\" content=\"Est. tempo de leitura\" \/>\n\t<meta name=\"twitter:data1\" content=\"1 minuto\" \/>\n<script type=\"application\/ld+json\" class=\"yoast-schema-graph\">{\"@context\":\"https:\\\/\\\/schema.org\",\"@graph\":[{\"@type\":\"WebPage\",\"@id\":\"https:\\\/\\\/antderground.com\\\/pt-br\\\/produto\\\/traca-da-cera-larva-galleria-mellonella\\\/\",\"url\":\"https:\\\/\\\/antderground.com\\\/pt-br\\\/produto\\\/traca-da-cera-larva-galleria-mellonella\\\/\",\"name\":\"tra\u00e7a-da-cera (larva) (Galleria Mellonella) - ANTDERGROUND\",\"isPartOf\":{\"@id\":\"https:\\\/\\\/antderground.com\\\/pt-br\\\/#website\"},\"primaryImageOfPage\":{\"@id\":\"https:\\\/\\\/antderground.com\\\/pt-br\\\/produto\\\/traca-da-cera-larva-galleria-mellonella\\\/#primaryimage\"},\"image\":{\"@id\":\"https:\\\/\\\/antderground.com\\\/pt-br\\\/produto\\\/traca-da-cera-larva-galleria-mellonella\\\/#primaryimage\"},\"thumbnailUrl\":\"https:\\\/\\\/antderground.com\\\/wp-content\\\/uploads\\\/2023\\\/07\\\/gusano-de-la-miel-Galleria-Mellonella.jpg\",\"datePublished\":\"2023-07-17T10:31:14+00:00\",\"dateModified\":\"2023-07-17T16:20:48+00:00\",\"description\":\"Alimento vivo, larva tra\u00e7a-da-cera (Galleria Mellonella) um alimento ideal para r\u00e9pteis, anf\u00edbios e insetos. Um alimento ideal para formigas.\",\"breadcrumb\":{\"@id\":\"https:\\\/\\\/antderground.com\\\/pt-br\\\/produto\\\/traca-da-cera-larva-galleria-mellonella\\\/#breadcrumb\"},\"inLanguage\":\"pt-BR\",\"potentialAction\":[{\"@type\":\"ReadAction\",\"target\":[\"https:\\\/\\\/antderground.com\\\/pt-br\\\/produto\\\/traca-da-cera-larva-galleria-mellonella\\\/\"]}]},{\"@type\":\"ImageObject\",\"inLanguage\":\"pt-BR\",\"@id\":\"https:\\\/\\\/antderground.com\\\/pt-br\\\/produto\\\/traca-da-cera-larva-galleria-mellonella\\\/#primaryimage\",\"url\":\"https:\\\/\\\/antderground.com\\\/wp-content\\\/uploads\\\/2023\\\/07\\\/gusano-de-la-miel-Galleria-Mellonella.jpg\",\"contentUrl\":\"https:\\\/\\\/antderground.com\\\/wp-content\\\/uploads\\\/2023\\\/07\\\/gusano-de-la-miel-Galleria-Mellonella.jpg\",\"width\":1417,\"height\":1417,\"caption\":\"larva tra\u00e7a-da-cera (Galleria Mellonella)\"},{\"@type\":\"BreadcrumbList\",\"@id\":\"https:\\\/\\\/antderground.com\\\/pt-br\\\/produto\\\/traca-da-cera-larva-galleria-mellonella\\\/#breadcrumb\",\"itemListElement\":[{\"@type\":\"ListItem\",\"position\":1,\"name\":\"Portada\",\"item\":\"https:\\\/\\\/antderground.com\\\/pt-br\\\/\"},{\"@type\":\"ListItem\",\"position\":2,\"name\":\"Produtos\",\"item\":\"https:\\\/\\\/antderground.com\\\/pt-br\\\/loja-de-formigueiros\\\/\"},{\"@type\":\"ListItem\",\"position\":3,\"name\":\"tra\u00e7a-da-cera (larva) (Galleria Mellonella)\"}]},{\"@type\":\"WebSite\",\"@id\":\"https:\\\/\\\/antderground.com\\\/pt-br\\\/#website\",\"url\":\"https:\\\/\\\/antderground.com\\\/pt-br\\\/\",\"name\":\"ANTDERGROUND\",\"description\":\"Tu tienda de hormigas, gran variedad de hormigueros acr\u00edlicos,madera,arena,3D y mas.. Pide tus hormigas gratis con tu pedido, somos expertos en hormigueros antifugas.\",\"publisher\":{\"@id\":\"https:\\\/\\\/antderground.com\\\/pt-br\\\/#\\\/schema\\\/person\\\/0e322c505e84fe72c65e2f6d08f96b81\"},\"alternateName\":\"Antderground\",\"potentialAction\":[{\"@type\":\"SearchAction\",\"target\":{\"@type\":\"EntryPoint\",\"urlTemplate\":\"https:\\\/\\\/antderground.com\\\/pt-br\\\/?s={search_term_string}\"},\"query-input\":{\"@type\":\"PropertyValueSpecification\",\"valueRequired\":true,\"valueName\":\"search_term_string\"}}],\"inLanguage\":\"pt-BR\"},{\"@type\":[\"Person\",\"Organization\"],\"@id\":\"https:\\\/\\\/antderground.com\\\/pt-br\\\/#\\\/schema\\\/person\\\/0e322c505e84fe72c65e2f6d08f96b81\",\"name\":\"Eric de Antderground\",\"image\":{\"@type\":\"ImageObject\",\"inLanguage\":\"pt-BR\",\"@id\":\"https:\\\/\\\/secure.gravatar.com\\\/avatar\\\/c49a1b9f79216d1498cb73c1e85cd47f4465dda35f2a94c03790d491bd4423c3?s=96&d=mm&r=g\",\"url\":\"https:\\\/\\\/secure.gravatar.com\\\/avatar\\\/c49a1b9f79216d1498cb73c1e85cd47f4465dda35f2a94c03790d491bd4423c3?s=96&d=mm&r=g\",\"contentUrl\":\"https:\\\/\\\/secure.gravatar.com\\\/avatar\\\/c49a1b9f79216d1498cb73c1e85cd47f4465dda35f2a94c03790d491bd4423c3?s=96&d=mm&r=g\",\"caption\":\"Eric de Antderground\"},\"logo\":{\"@id\":\"https:\\\/\\\/secure.gravatar.com\\\/avatar\\\/c49a1b9f79216d1498cb73c1e85cd47f4465dda35f2a94c03790d491bd4423c3?s=96&d=mm&r=g\"},\"description\":\"Eric es el especialista y fundador de Antderground, con una amplia trayectoria en artr\u00f3podos y enfocado en la mirmecolog\u00eda y el dise\u00f1o de hormigueros artificiales. Su enfoque combina la innovaci\u00f3n t\u00e9cnica con el respeto por la biolog\u00eda de las hormigas, is\u00f3podos y otros, desarrollando sistemas de nidos modulares 3D y acr\u00edlicos que son referentes para aficionados y profesionales en toda Europa. Su objetivo es facilitar la cr\u00eda de hormigas y otros artr\u00f3podos mediante soluciones seguras y divulgaci\u00f3n de calidad.\",\"sameAs\":[\"https:\\\/\\\/antderground.com\\\/\",\"https:\\\/\\\/www.youtube.com\\\/channel\\\/UCio72z7TlbufkAthAJIJfPw\"]}]}<\/script>\n<!-- \/ Yoast SEO plugin. -->","yoast_head_json":{"title":"tra\u00e7a-da-cera (larva) (Galleria Mellonella) - ANTDERGROUND","description":"Alimento vivo, larva tra\u00e7a-da-cera (Galleria Mellonella) um alimento ideal para r\u00e9pteis, anf\u00edbios e insetos. Um alimento ideal para formigas.","robots":{"index":"index","follow":"follow","max-snippet":"max-snippet:-1","max-image-preview":"max-image-preview:large","max-video-preview":"max-video-preview:-1"},"canonical":"https:\/\/antderground.com\/pt-br\/produto\/traca-da-cera-larva-galleria-mellonella\/","og_locale":"pt_BR","og_type":"article","og_title":"tra\u00e7a-da-cera (larva) (Galleria Mellonella) - ANTDERGROUND","og_description":"Alimento vivo, larva tra\u00e7a-da-cera (Galleria Mellonella) um alimento ideal para r\u00e9pteis, anf\u00edbios e insetos. Um alimento ideal para formigas.","og_url":"https:\/\/antderground.com\/pt-br\/produto\/traca-da-cera-larva-galleria-mellonella\/","og_site_name":"ANTDERGROUND","article_modified_time":"2023-07-17T16:20:48+00:00","og_image":[{"width":1417,"height":1417,"url":"https:\/\/antderground.com\/wp-content\/uploads\/2023\/07\/gusano-de-la-miel-Galleria-Mellonella.jpg","type":"image\/jpeg"}],"twitter_card":"summary_large_image","twitter_misc":{"Est. tempo de leitura":"1 minuto"},"schema":{"@context":"https:\/\/schema.org","@graph":[{"@type":"WebPage","@id":"https:\/\/antderground.com\/pt-br\/produto\/traca-da-cera-larva-galleria-mellonella\/","url":"https:\/\/antderground.com\/pt-br\/produto\/traca-da-cera-larva-galleria-mellonella\/","name":"tra\u00e7a-da-cera (larva) (Galleria Mellonella) - ANTDERGROUND","isPartOf":{"@id":"https:\/\/antderground.com\/pt-br\/#website"},"primaryImageOfPage":{"@id":"https:\/\/antderground.com\/pt-br\/produto\/traca-da-cera-larva-galleria-mellonella\/#primaryimage"},"image":{"@id":"https:\/\/antderground.com\/pt-br\/produto\/traca-da-cera-larva-galleria-mellonella\/#primaryimage"},"thumbnailUrl":"https:\/\/antderground.com\/wp-content\/uploads\/2023\/07\/gusano-de-la-miel-Galleria-Mellonella.jpg","datePublished":"2023-07-17T10:31:14+00:00","dateModified":"2023-07-17T16:20:48+00:00","description":"Alimento vivo, larva tra\u00e7a-da-cera (Galleria Mellonella) um alimento ideal para r\u00e9pteis, anf\u00edbios e insetos. Um alimento ideal para formigas.","breadcrumb":{"@id":"https:\/\/antderground.com\/pt-br\/produto\/traca-da-cera-larva-galleria-mellonella\/#breadcrumb"},"inLanguage":"pt-BR","potentialAction":[{"@type":"ReadAction","target":["https:\/\/antderground.com\/pt-br\/produto\/traca-da-cera-larva-galleria-mellonella\/"]}]},{"@type":"ImageObject","inLanguage":"pt-BR","@id":"https:\/\/antderground.com\/pt-br\/produto\/traca-da-cera-larva-galleria-mellonella\/#primaryimage","url":"https:\/\/antderground.com\/wp-content\/uploads\/2023\/07\/gusano-de-la-miel-Galleria-Mellonella.jpg","contentUrl":"https:\/\/antderground.com\/wp-content\/uploads\/2023\/07\/gusano-de-la-miel-Galleria-Mellonella.jpg","width":1417,"height":1417,"caption":"larva tra\u00e7a-da-cera (Galleria Mellonella)"},{"@type":"BreadcrumbList","@id":"https:\/\/antderground.com\/pt-br\/produto\/traca-da-cera-larva-galleria-mellonella\/#breadcrumb","itemListElement":[{"@type":"ListItem","position":1,"name":"Portada","item":"https:\/\/antderground.com\/pt-br\/"},{"@type":"ListItem","position":2,"name":"Produtos","item":"https:\/\/antderground.com\/pt-br\/loja-de-formigueiros\/"},{"@type":"ListItem","position":3,"name":"tra\u00e7a-da-cera (larva) (Galleria Mellonella)"}]},{"@type":"WebSite","@id":"https:\/\/antderground.com\/pt-br\/#website","url":"https:\/\/antderground.com\/pt-br\/","name":"ANTDERGROUND","description":"Tu tienda de hormigas, gran variedad de hormigueros acr\u00edlicos,madera,arena,3D y mas.. Pide tus hormigas gratis con tu pedido, somos expertos en hormigueros antifugas.","publisher":{"@id":"https:\/\/antderground.com\/pt-br\/#\/schema\/person\/0e322c505e84fe72c65e2f6d08f96b81"},"alternateName":"Antderground","potentialAction":[{"@type":"SearchAction","target":{"@type":"EntryPoint","urlTemplate":"https:\/\/antderground.com\/pt-br\/?s={search_term_string}"},"query-input":{"@type":"PropertyValueSpecification","valueRequired":true,"valueName":"search_term_string"}}],"inLanguage":"pt-BR"},{"@type":["Person","Organization"],"@id":"https:\/\/antderground.com\/pt-br\/#\/schema\/person\/0e322c505e84fe72c65e2f6d08f96b81","name":"Eric de Antderground","image":{"@type":"ImageObject","inLanguage":"pt-BR","@id":"https:\/\/secure.gravatar.com\/avatar\/c49a1b9f79216d1498cb73c1e85cd47f4465dda35f2a94c03790d491bd4423c3?s=96&d=mm&r=g","url":"https:\/\/secure.gravatar.com\/avatar\/c49a1b9f79216d1498cb73c1e85cd47f4465dda35f2a94c03790d491bd4423c3?s=96&d=mm&r=g","contentUrl":"https:\/\/secure.gravatar.com\/avatar\/c49a1b9f79216d1498cb73c1e85cd47f4465dda35f2a94c03790d491bd4423c3?s=96&d=mm&r=g","caption":"Eric de Antderground"},"logo":{"@id":"https:\/\/secure.gravatar.com\/avatar\/c49a1b9f79216d1498cb73c1e85cd47f4465dda35f2a94c03790d491bd4423c3?s=96&d=mm&r=g"},"description":"Eric es el especialista y fundador de Antderground, con una amplia trayectoria en artr\u00f3podos y enfocado en la mirmecolog\u00eda y el dise\u00f1o de hormigueros artificiales. Su enfoque combina la innovaci\u00f3n t\u00e9cnica con el respeto por la biolog\u00eda de las hormigas, is\u00f3podos y otros, desarrollando sistemas de nidos modulares 3D y acr\u00edlicos que son referentes para aficionados y profesionales en toda Europa. Su objetivo es facilitar la cr\u00eda de hormigas y otros artr\u00f3podos mediante soluciones seguras y divulgaci\u00f3n de calidad.","sameAs":["https:\/\/antderground.com\/","https:\/\/www.youtube.com\/channel\/UCio72z7TlbufkAthAJIJfPw"]}]}},"_links":{"self":[{"href":"https:\/\/antderground.com\/pt-br\/wp-json\/wp\/v2\/product\/29495","targetHints":{"allow":["GET"]}}],"collection":[{"href":"https:\/\/antderground.com\/pt-br\/wp-json\/wp\/v2\/product"}],"about":[{"href":"https:\/\/antderground.com\/pt-br\/wp-json\/wp\/v2\/types\/product"}],"version-history":[{"count":0,"href":"https:\/\/antderground.com\/pt-br\/wp-json\/wp\/v2\/product\/29495\/revisions"}],"wp:featuredmedia":[{"embeddable":true,"href":"https:\/\/antderground.com\/pt-br\/wp-json\/wp\/v2\/media\/29463"}],"wp:attachment":[{"href":"https:\/\/antderground.com\/pt-br\/wp-json\/wp\/v2\/media?parent=29495"}],"wp:term":[{"taxonomy":"product_brand","embeddable":true,"href":"https:\/\/antderground.com\/pt-br\/wp-json\/wp\/v2\/product_brand?post=29495"},{"taxonomy":"product_cat","embeddable":true,"href":"https:\/\/antderground.com\/pt-br\/wp-json\/wp\/v2\/product_cat?post=29495"},{"taxonomy":"product_tag","embeddable":true,"href":"https:\/\/antderground.com\/pt-br\/wp-json\/wp\/v2\/product_tag?post=29495"}],"curies":[{"name":"wp","href":"https:\/\/api.w.org\/{rel}","templated":true}]}}