{"id":29919,"date":"2019-08-05T10:52:02","date_gmt":"2019-08-05T08:52:02","guid":{"rendered":"https:\/\/www.antderground.com\/producto\/camponotus-cruentatus\/"},"modified":"2025-07-24T18:18:35","modified_gmt":"2025-07-24T16:18:35","slug":"camponotus-cruentatus","status":"publish","type":"product","link":"https:\/\/antderground.com\/pt-br\/produto\/camponotus-cruentatus\/","title":{"rendered":"Camponotus Cruentatus"},"content":{"rendered":"<ul>\n<li><strong>Nome cient\u00edfico:<\/strong> Camponotus cruentatus<\/li>\n<li><strong>Classifica\u00e7\u00e3o taxon\u00f4mica:<\/strong>\n<ul>\n<li>Reino: Animalia<\/li>\n<li>Filo: Arthropoda<\/li>\n<li>Classe: Insecta<\/li>\n<li>Ordem: Hymenoptera<\/li>\n<li>Fam\u00edlia: Formicidae<\/li>\n<li>Subfam\u00edlia: Formicinae<\/li>\n<li>G\u00eanero: Camponotus<\/li>\n<li>Esp\u00e9cie: C. cruentatus<\/li>\n<\/ul>\n<\/li>\n<li><strong>Distribui\u00e7\u00e3o geogr\u00e1fica:<\/strong> Camponotus cruentatus \u00e9 encontrada principalmente no sul da Europa, em pa\u00edses como Espanha, It\u00e1lia, Gr\u00e9cia e Turquia.<\/li>\n<li><strong>Caracter\u00edsticas f\u00edsicas:<\/strong> As oper\u00e1rias de Camponotus cruentatus t\u00eam tamanhos vari\u00e1veis, com comprimentos que v\u00e3o de 5 a 12 mm. Elas t\u00eam um corpo robusto e uma cabe\u00e7a relativamente grande em compara\u00e7\u00e3o ao corpo. A cor do corpo pode variar, mas geralmente t\u00eam uma tonalidade avermelhada ou marrom escuro.<\/li>\n<li><strong>Comportamento:<\/strong> Camponotus cruentatus \u00e9 principalmente noturna, o que significa que \u00e9 mais ativa durante a noite. S\u00e3o formigas on\u00edvoras que se alimentam de n\u00e9ctar, sucos de frutas e ocasionalmente insetos menores. Podem construir seus ninhos em madeira em decomposi\u00e7\u00e3o, fendas na casca das \u00e1rvores ou no solo.<\/li>\n<li><strong>Estado de conserva\u00e7\u00e3o:<\/strong> N\u00e3o h\u00e1 informa\u00e7\u00f5es espec\u00edficas dispon\u00edveis sobre o estado de conserva\u00e7\u00e3o de Camponotus cruentatus.<\/li>\n<li><strong>Notas adicionais:<\/strong> Camponotus cruentatus \u00e9 conhecida por sua colora\u00e7\u00e3o distinta e seu tamanho relativamente grande. Essa esp\u00e9cie pode ser considerada uma praga em certas circunst\u00e2ncias, pois pode danificar estruturas de madeira. Na natureza, desempenha um papel importante na decomposi\u00e7\u00e3o de mat\u00e9ria org\u00e2nica e na intera\u00e7\u00e3o com outras esp\u00e9cies em seu ecossistema.<\/li>\n<\/ul>\n","protected":false},"excerpt":{"rendered":"<p>Nome cient\u00edfico: Camponotus cruentatus Classifica\u00e7\u00e3o taxon\u00f4mica: Reino: Animalia Filo: Arthropoda Classe: Insecta Ordem: Hymenoptera Fam\u00edlia: Formicidae Subfam\u00edlia: Formicinae G\u00eanero: Camponotus<\/p>\n","protected":false},"featured_media":29439,"template":"","meta":[],"product_brand":[],"product_cat":[381,502],"product_tag":[],"class_list":{"0":"post-29919","1":"product","2":"type-product","3":"status-publish","4":"has-post-thumbnail","6":"product_cat-formigas","7":"product_cat-formigas-europeias","9":"first","10":"outofstock","11":"shipping-taxable","12":"purchasable","13":"product-type-variable"},"yoast_head":"<!-- This site is optimized with the Yoast SEO plugin v27.4 - https:\/\/yoast.com\/product\/yoast-seo-wordpress\/ -->\n<title>Camponotus Cruentatus - ANTDERGROUND<\/title>\n<meta name=\"description\" content=\"Conhe\u00e7a a formiga rainha Camponotus cruentatus, uma esp\u00e9cie de formiga ideal para come\u00e7ar no seu formigueiro ou terr\u00e1rio para formigas\" \/>\n<meta name=\"robots\" content=\"index, follow, max-snippet:-1, max-image-preview:large, max-video-preview:-1\" \/>\n<link rel=\"canonical\" href=\"https:\/\/antderground.com\/pt-br\/produto\/camponotus-cruentatus\/\" \/>\n<meta property=\"og:locale\" content=\"pt_BR\" \/>\n<meta property=\"og:type\" content=\"article\" \/>\n<meta property=\"og:title\" content=\"Camponotus Cruentatus - ANTDERGROUND\" \/>\n<meta property=\"og:description\" content=\"Conhe\u00e7a a formiga rainha Camponotus cruentatus, uma esp\u00e9cie de formiga ideal para come\u00e7ar no seu formigueiro ou terr\u00e1rio para formigas\" \/>\n<meta property=\"og:url\" content=\"https:\/\/antderground.com\/pt-br\/produto\/camponotus-cruentatus\/\" \/>\n<meta property=\"og:site_name\" content=\"ANTDERGROUND\" \/>\n<meta property=\"article:modified_time\" content=\"2025-07-24T16:18:35+00:00\" \/>\n<meta property=\"og:image\" content=\"https:\/\/antderground.com\/wp-content\/uploads\/2019\/08\/Imagen-de-WhatsApp-2023-07-05-a-las-17.00.40.jpg\" \/>\n\t<meta property=\"og:image:width\" content=\"1417\" \/>\n\t<meta property=\"og:image:height\" content=\"1417\" \/>\n\t<meta property=\"og:image:type\" content=\"image\/jpeg\" \/>\n<meta name=\"twitter:card\" content=\"summary_large_image\" \/>\n<meta name=\"twitter:label1\" content=\"Est. tempo de leitura\" \/>\n\t<meta name=\"twitter:data1\" content=\"1 minuto\" \/>\n<script type=\"application\/ld+json\" class=\"yoast-schema-graph\">{\"@context\":\"https:\\\/\\\/schema.org\",\"@graph\":[{\"@type\":\"WebPage\",\"@id\":\"https:\\\/\\\/antderground.com\\\/pt-br\\\/produto\\\/camponotus-cruentatus\\\/\",\"url\":\"https:\\\/\\\/antderground.com\\\/pt-br\\\/produto\\\/camponotus-cruentatus\\\/\",\"name\":\"Camponotus Cruentatus - ANTDERGROUND\",\"isPartOf\":{\"@id\":\"https:\\\/\\\/antderground.com\\\/pt-br\\\/#website\"},\"primaryImageOfPage\":{\"@id\":\"https:\\\/\\\/antderground.com\\\/pt-br\\\/produto\\\/camponotus-cruentatus\\\/#primaryimage\"},\"image\":{\"@id\":\"https:\\\/\\\/antderground.com\\\/pt-br\\\/produto\\\/camponotus-cruentatus\\\/#primaryimage\"},\"thumbnailUrl\":\"https:\\\/\\\/antderground.com\\\/wp-content\\\/uploads\\\/2019\\\/08\\\/Imagen-de-WhatsApp-2023-07-05-a-las-17.00.40.jpg\",\"datePublished\":\"2019-08-05T08:52:02+00:00\",\"dateModified\":\"2025-07-24T16:18:35+00:00\",\"description\":\"Conhe\u00e7a a formiga rainha Camponotus cruentatus, uma esp\u00e9cie de formiga ideal para come\u00e7ar no seu formigueiro ou terr\u00e1rio para formigas\",\"breadcrumb\":{\"@id\":\"https:\\\/\\\/antderground.com\\\/pt-br\\\/produto\\\/camponotus-cruentatus\\\/#breadcrumb\"},\"inLanguage\":\"pt-BR\",\"potentialAction\":[{\"@type\":\"ReadAction\",\"target\":[\"https:\\\/\\\/antderground.com\\\/pt-br\\\/produto\\\/camponotus-cruentatus\\\/\"]}]},{\"@type\":\"ImageObject\",\"inLanguage\":\"pt-BR\",\"@id\":\"https:\\\/\\\/antderground.com\\\/pt-br\\\/produto\\\/camponotus-cruentatus\\\/#primaryimage\",\"url\":\"https:\\\/\\\/antderground.com\\\/wp-content\\\/uploads\\\/2019\\\/08\\\/Imagen-de-WhatsApp-2023-07-05-a-las-17.00.40.jpg\",\"contentUrl\":\"https:\\\/\\\/antderground.com\\\/wp-content\\\/uploads\\\/2019\\\/08\\\/Imagen-de-WhatsApp-2023-07-05-a-las-17.00.40.jpg\",\"width\":1417,\"height\":1417,\"caption\":\"camponotus cruentatus\"},{\"@type\":\"BreadcrumbList\",\"@id\":\"https:\\\/\\\/antderground.com\\\/pt-br\\\/produto\\\/camponotus-cruentatus\\\/#breadcrumb\",\"itemListElement\":[{\"@type\":\"ListItem\",\"position\":1,\"name\":\"Portada\",\"item\":\"https:\\\/\\\/antderground.com\\\/pt-br\\\/\"},{\"@type\":\"ListItem\",\"position\":2,\"name\":\"Produtos\",\"item\":\"https:\\\/\\\/antderground.com\\\/pt-br\\\/loja-de-formigueiros\\\/\"},{\"@type\":\"ListItem\",\"position\":3,\"name\":\"Camponotus Cruentatus\"}]},{\"@type\":\"WebSite\",\"@id\":\"https:\\\/\\\/antderground.com\\\/pt-br\\\/#website\",\"url\":\"https:\\\/\\\/antderground.com\\\/pt-br\\\/\",\"name\":\"ANTDERGROUND\",\"description\":\"Tu tienda de hormigas, gran variedad de hormigueros acr\u00edlicos,madera,arena,3D y mas.. Pide tus hormigas gratis con tu pedido, somos expertos en hormigueros antifugas.\",\"publisher\":{\"@id\":\"https:\\\/\\\/antderground.com\\\/pt-br\\\/#\\\/schema\\\/person\\\/0e322c505e84fe72c65e2f6d08f96b81\"},\"alternateName\":\"Antderground\",\"potentialAction\":[{\"@type\":\"SearchAction\",\"target\":{\"@type\":\"EntryPoint\",\"urlTemplate\":\"https:\\\/\\\/antderground.com\\\/pt-br\\\/?s={search_term_string}\"},\"query-input\":{\"@type\":\"PropertyValueSpecification\",\"valueRequired\":true,\"valueName\":\"search_term_string\"}}],\"inLanguage\":\"pt-BR\"},{\"@type\":[\"Person\",\"Organization\"],\"@id\":\"https:\\\/\\\/antderground.com\\\/pt-br\\\/#\\\/schema\\\/person\\\/0e322c505e84fe72c65e2f6d08f96b81\",\"name\":\"Eric de Antderground\",\"image\":{\"@type\":\"ImageObject\",\"inLanguage\":\"pt-BR\",\"@id\":\"https:\\\/\\\/secure.gravatar.com\\\/avatar\\\/c49a1b9f79216d1498cb73c1e85cd47f4465dda35f2a94c03790d491bd4423c3?s=96&d=mm&r=g\",\"url\":\"https:\\\/\\\/secure.gravatar.com\\\/avatar\\\/c49a1b9f79216d1498cb73c1e85cd47f4465dda35f2a94c03790d491bd4423c3?s=96&d=mm&r=g\",\"contentUrl\":\"https:\\\/\\\/secure.gravatar.com\\\/avatar\\\/c49a1b9f79216d1498cb73c1e85cd47f4465dda35f2a94c03790d491bd4423c3?s=96&d=mm&r=g\",\"caption\":\"Eric de Antderground\"},\"logo\":{\"@id\":\"https:\\\/\\\/secure.gravatar.com\\\/avatar\\\/c49a1b9f79216d1498cb73c1e85cd47f4465dda35f2a94c03790d491bd4423c3?s=96&d=mm&r=g\"},\"description\":\"Eric es el especialista y fundador de Antderground, con una amplia trayectoria en artr\u00f3podos y enfocado en la mirmecolog\u00eda y el dise\u00f1o de hormigueros artificiales. Su enfoque combina la innovaci\u00f3n t\u00e9cnica con el respeto por la biolog\u00eda de las hormigas, is\u00f3podos y otros, desarrollando sistemas de nidos modulares 3D y acr\u00edlicos que son referentes para aficionados y profesionales en toda Europa. Su objetivo es facilitar la cr\u00eda de hormigas y otros artr\u00f3podos mediante soluciones seguras y divulgaci\u00f3n de calidad.\",\"sameAs\":[\"https:\\\/\\\/antderground.com\\\/\",\"https:\\\/\\\/www.youtube.com\\\/channel\\\/UCio72z7TlbufkAthAJIJfPw\"]}]}<\/script>\n<!-- \/ Yoast SEO plugin. -->","yoast_head_json":{"title":"Camponotus Cruentatus - ANTDERGROUND","description":"Conhe\u00e7a a formiga rainha Camponotus cruentatus, uma esp\u00e9cie de formiga ideal para come\u00e7ar no seu formigueiro ou terr\u00e1rio para formigas","robots":{"index":"index","follow":"follow","max-snippet":"max-snippet:-1","max-image-preview":"max-image-preview:large","max-video-preview":"max-video-preview:-1"},"canonical":"https:\/\/antderground.com\/pt-br\/produto\/camponotus-cruentatus\/","og_locale":"pt_BR","og_type":"article","og_title":"Camponotus Cruentatus - ANTDERGROUND","og_description":"Conhe\u00e7a a formiga rainha Camponotus cruentatus, uma esp\u00e9cie de formiga ideal para come\u00e7ar no seu formigueiro ou terr\u00e1rio para formigas","og_url":"https:\/\/antderground.com\/pt-br\/produto\/camponotus-cruentatus\/","og_site_name":"ANTDERGROUND","article_modified_time":"2025-07-24T16:18:35+00:00","og_image":[{"width":1417,"height":1417,"url":"https:\/\/antderground.com\/wp-content\/uploads\/2019\/08\/Imagen-de-WhatsApp-2023-07-05-a-las-17.00.40.jpg","type":"image\/jpeg"}],"twitter_card":"summary_large_image","twitter_misc":{"Est. tempo de leitura":"1 minuto"},"schema":{"@context":"https:\/\/schema.org","@graph":[{"@type":"WebPage","@id":"https:\/\/antderground.com\/pt-br\/produto\/camponotus-cruentatus\/","url":"https:\/\/antderground.com\/pt-br\/produto\/camponotus-cruentatus\/","name":"Camponotus Cruentatus - ANTDERGROUND","isPartOf":{"@id":"https:\/\/antderground.com\/pt-br\/#website"},"primaryImageOfPage":{"@id":"https:\/\/antderground.com\/pt-br\/produto\/camponotus-cruentatus\/#primaryimage"},"image":{"@id":"https:\/\/antderground.com\/pt-br\/produto\/camponotus-cruentatus\/#primaryimage"},"thumbnailUrl":"https:\/\/antderground.com\/wp-content\/uploads\/2019\/08\/Imagen-de-WhatsApp-2023-07-05-a-las-17.00.40.jpg","datePublished":"2019-08-05T08:52:02+00:00","dateModified":"2025-07-24T16:18:35+00:00","description":"Conhe\u00e7a a formiga rainha Camponotus cruentatus, uma esp\u00e9cie de formiga ideal para come\u00e7ar no seu formigueiro ou terr\u00e1rio para formigas","breadcrumb":{"@id":"https:\/\/antderground.com\/pt-br\/produto\/camponotus-cruentatus\/#breadcrumb"},"inLanguage":"pt-BR","potentialAction":[{"@type":"ReadAction","target":["https:\/\/antderground.com\/pt-br\/produto\/camponotus-cruentatus\/"]}]},{"@type":"ImageObject","inLanguage":"pt-BR","@id":"https:\/\/antderground.com\/pt-br\/produto\/camponotus-cruentatus\/#primaryimage","url":"https:\/\/antderground.com\/wp-content\/uploads\/2019\/08\/Imagen-de-WhatsApp-2023-07-05-a-las-17.00.40.jpg","contentUrl":"https:\/\/antderground.com\/wp-content\/uploads\/2019\/08\/Imagen-de-WhatsApp-2023-07-05-a-las-17.00.40.jpg","width":1417,"height":1417,"caption":"camponotus cruentatus"},{"@type":"BreadcrumbList","@id":"https:\/\/antderground.com\/pt-br\/produto\/camponotus-cruentatus\/#breadcrumb","itemListElement":[{"@type":"ListItem","position":1,"name":"Portada","item":"https:\/\/antderground.com\/pt-br\/"},{"@type":"ListItem","position":2,"name":"Produtos","item":"https:\/\/antderground.com\/pt-br\/loja-de-formigueiros\/"},{"@type":"ListItem","position":3,"name":"Camponotus Cruentatus"}]},{"@type":"WebSite","@id":"https:\/\/antderground.com\/pt-br\/#website","url":"https:\/\/antderground.com\/pt-br\/","name":"ANTDERGROUND","description":"Tu tienda de hormigas, gran variedad de hormigueros acr\u00edlicos,madera,arena,3D y mas.. Pide tus hormigas gratis con tu pedido, somos expertos en hormigueros antifugas.","publisher":{"@id":"https:\/\/antderground.com\/pt-br\/#\/schema\/person\/0e322c505e84fe72c65e2f6d08f96b81"},"alternateName":"Antderground","potentialAction":[{"@type":"SearchAction","target":{"@type":"EntryPoint","urlTemplate":"https:\/\/antderground.com\/pt-br\/?s={search_term_string}"},"query-input":{"@type":"PropertyValueSpecification","valueRequired":true,"valueName":"search_term_string"}}],"inLanguage":"pt-BR"},{"@type":["Person","Organization"],"@id":"https:\/\/antderground.com\/pt-br\/#\/schema\/person\/0e322c505e84fe72c65e2f6d08f96b81","name":"Eric de Antderground","image":{"@type":"ImageObject","inLanguage":"pt-BR","@id":"https:\/\/secure.gravatar.com\/avatar\/c49a1b9f79216d1498cb73c1e85cd47f4465dda35f2a94c03790d491bd4423c3?s=96&d=mm&r=g","url":"https:\/\/secure.gravatar.com\/avatar\/c49a1b9f79216d1498cb73c1e85cd47f4465dda35f2a94c03790d491bd4423c3?s=96&d=mm&r=g","contentUrl":"https:\/\/secure.gravatar.com\/avatar\/c49a1b9f79216d1498cb73c1e85cd47f4465dda35f2a94c03790d491bd4423c3?s=96&d=mm&r=g","caption":"Eric de Antderground"},"logo":{"@id":"https:\/\/secure.gravatar.com\/avatar\/c49a1b9f79216d1498cb73c1e85cd47f4465dda35f2a94c03790d491bd4423c3?s=96&d=mm&r=g"},"description":"Eric es el especialista y fundador de Antderground, con una amplia trayectoria en artr\u00f3podos y enfocado en la mirmecolog\u00eda y el dise\u00f1o de hormigueros artificiales. Su enfoque combina la innovaci\u00f3n t\u00e9cnica con el respeto por la biolog\u00eda de las hormigas, is\u00f3podos y otros, desarrollando sistemas de nidos modulares 3D y acr\u00edlicos que son referentes para aficionados y profesionales en toda Europa. Su objetivo es facilitar la cr\u00eda de hormigas y otros artr\u00f3podos mediante soluciones seguras y divulgaci\u00f3n de calidad.","sameAs":["https:\/\/antderground.com\/","https:\/\/www.youtube.com\/channel\/UCio72z7TlbufkAthAJIJfPw"]}]}},"_links":{"self":[{"href":"https:\/\/antderground.com\/pt-br\/wp-json\/wp\/v2\/product\/29919","targetHints":{"allow":["GET"]}}],"collection":[{"href":"https:\/\/antderground.com\/pt-br\/wp-json\/wp\/v2\/product"}],"about":[{"href":"https:\/\/antderground.com\/pt-br\/wp-json\/wp\/v2\/types\/product"}],"version-history":[{"count":0,"href":"https:\/\/antderground.com\/pt-br\/wp-json\/wp\/v2\/product\/29919\/revisions"}],"wp:featuredmedia":[{"embeddable":true,"href":"https:\/\/antderground.com\/pt-br\/wp-json\/wp\/v2\/media\/29439"}],"wp:attachment":[{"href":"https:\/\/antderground.com\/pt-br\/wp-json\/wp\/v2\/media?parent=29919"}],"wp:term":[{"taxonomy":"product_brand","embeddable":true,"href":"https:\/\/antderground.com\/pt-br\/wp-json\/wp\/v2\/product_brand?post=29919"},{"taxonomy":"product_cat","embeddable":true,"href":"https:\/\/antderground.com\/pt-br\/wp-json\/wp\/v2\/product_cat?post=29919"},{"taxonomy":"product_tag","embeddable":true,"href":"https:\/\/antderground.com\/pt-br\/wp-json\/wp\/v2\/product_tag?post=29919"}],"curies":[{"name":"wp","href":"https:\/\/api.w.org\/{rel}","templated":true}]}}