{"id":30310,"date":"2023-09-26T21:32:13","date_gmt":"2023-09-26T19:32:13","guid":{"rendered":"https:\/\/www.antderground.com\/producto\/kit-para-formigas-cortadora-de-folhas\/"},"modified":"2024-03-31T23:29:44","modified_gmt":"2024-03-31T21:29:44","slug":"kit-para-formigas-cortadora-de-folhas","status":"publish","type":"product","link":"https:\/\/antderground.com\/pt-br\/produto\/kit-para-formigas-cortadora-de-folhas\/","title":{"rendered":"Kit para Formigas Cortadora de Folhas"},"content":{"rendered":"","protected":false},"excerpt":{"rendered":"<p>Kit formigueiro para <strong>formigas cortadeiras<\/strong>. Um kit perfeito para ter um ambiente perfeito para essas esp\u00e9cies de formigas. (ideal para iniciar uma col\u00f4nia)<\/p>\n<p><strong>Caracteristicas:<\/strong><\/p>\n<ul>\n<li>1 M\u00f3dulo para o fungo. Tamanho 10 x 10 (cm).<\/li>\n<li>1 M\u00f3dulo para \u00e1rea de forrageamento medindo 10 x 8 (cm).<\/li>\n<li>1 M\u00f3dulo de limpeza\/res\u00edduos medindo 10 x 8 (cm).<\/li>\n<li>2 tubos de metacrilato com 3 cm de di\u00e2metro.<\/li>\n<li>4 Conectores para tubo de metacrilato.<\/li>\n<li>Tampas de ventila\u00e7\u00e3o ajust\u00e1veis \u200b\u200bnos diferentes m\u00f3dulos.<\/li>\n<li>Bebedouro de 20 ml (vers\u00e3o AntClick)<\/li>\n<\/ul>\n<p><strong>Importante:<\/strong><br \/>\n&#8211;\u00a0 O tempo de montagem \u00e9 de aproximadamente (3 minutos).<br \/>\n&#8211; Formigas n\u00e3o inclusas<\/p>\n","protected":false},"featured_media":33384,"template":"","meta":[],"product_brand":[],"product_cat":[397,379,391],"product_tag":[],"class_list":{"0":"post-30310","1":"product","2":"type-product","3":"status-publish","4":"has-post-thumbnail","6":"product_cat-caixas-de-forrageamento","7":"product_cat-formigueiros","8":"product_cat-kits-de-formigueiros","10":"first","11":"instock","12":"sale","13":"shipping-taxable","14":"purchasable","15":"product-type-simple"},"yoast_head":"<!-- This site is optimized with the Yoast SEO plugin v27.4 - https:\/\/yoast.com\/product\/yoast-seo-wordpress\/ -->\n<title>Kit para Formigas Cortadora de Folhas<\/title>\n<meta name=\"description\" content=\"Novo Kit de Formigueiro para Formigas Cortadeiras, um kit completo com a estrutura perfeita para estas esp\u00e9cies de formigas. (Formiga cortadeira)\" \/>\n<meta name=\"robots\" content=\"index, follow, max-snippet:-1, max-image-preview:large, max-video-preview:-1\" \/>\n<link rel=\"canonical\" href=\"https:\/\/antderground.com\/pt-br\/produto\/kit-para-formigas-cortadora-de-folhas\/\" \/>\n<meta property=\"og:locale\" content=\"pt_BR\" \/>\n<meta property=\"og:type\" content=\"article\" \/>\n<meta property=\"og:title\" content=\"Kit para Formigas Cortadora de Folhas\" \/>\n<meta property=\"og:description\" content=\"Novo Kit de Formigueiro para Formigas Cortadeiras, um kit completo com a estrutura perfeita para estas esp\u00e9cies de formigas. (Formiga cortadeira)\" \/>\n<meta property=\"og:url\" content=\"https:\/\/antderground.com\/pt-br\/produto\/kit-para-formigas-cortadora-de-folhas\/\" \/>\n<meta property=\"og:site_name\" content=\"ANTDERGROUND\" \/>\n<meta property=\"article:modified_time\" content=\"2024-03-31T21:29:44+00:00\" \/>\n<meta property=\"og:image\" content=\"https:\/\/antderground.com\/wp-content\/uploads\/2023\/09\/Kit-hormiguero-para-cortadoras-de-hojas.jpg\" \/>\n\t<meta property=\"og:image:width\" content=\"1600\" \/>\n\t<meta property=\"og:image:height\" content=\"1553\" \/>\n\t<meta property=\"og:image:type\" content=\"image\/jpeg\" \/>\n<meta name=\"twitter:card\" content=\"summary_large_image\" \/>\n<script type=\"application\/ld+json\" class=\"yoast-schema-graph\">{\"@context\":\"https:\\\/\\\/schema.org\",\"@graph\":[{\"@type\":\"WebPage\",\"@id\":\"https:\\\/\\\/antderground.com\\\/pt-br\\\/produto\\\/kit-para-formigas-cortadora-de-folhas\\\/\",\"url\":\"https:\\\/\\\/antderground.com\\\/pt-br\\\/produto\\\/kit-para-formigas-cortadora-de-folhas\\\/\",\"name\":\"Kit para Formigas Cortadora de Folhas\",\"isPartOf\":{\"@id\":\"https:\\\/\\\/antderground.com\\\/pt-br\\\/#website\"},\"primaryImageOfPage\":{\"@id\":\"https:\\\/\\\/antderground.com\\\/pt-br\\\/produto\\\/kit-para-formigas-cortadora-de-folhas\\\/#primaryimage\"},\"image\":{\"@id\":\"https:\\\/\\\/antderground.com\\\/pt-br\\\/produto\\\/kit-para-formigas-cortadora-de-folhas\\\/#primaryimage\"},\"thumbnailUrl\":\"https:\\\/\\\/antderground.com\\\/wp-content\\\/uploads\\\/2023\\\/09\\\/Kit-hormiguero-para-cortadoras-de-hojas.jpg\",\"datePublished\":\"2023-09-26T19:32:13+00:00\",\"dateModified\":\"2024-03-31T21:29:44+00:00\",\"description\":\"Novo Kit de Formigueiro para Formigas Cortadeiras, um kit completo com a estrutura perfeita para estas esp\u00e9cies de formigas. (Formiga cortadeira)\",\"breadcrumb\":{\"@id\":\"https:\\\/\\\/antderground.com\\\/pt-br\\\/produto\\\/kit-para-formigas-cortadora-de-folhas\\\/#breadcrumb\"},\"inLanguage\":\"pt-BR\",\"potentialAction\":[{\"@type\":\"ReadAction\",\"target\":[\"https:\\\/\\\/antderground.com\\\/pt-br\\\/produto\\\/kit-para-formigas-cortadora-de-folhas\\\/\"]}]},{\"@type\":\"ImageObject\",\"inLanguage\":\"pt-BR\",\"@id\":\"https:\\\/\\\/antderground.com\\\/pt-br\\\/produto\\\/kit-para-formigas-cortadora-de-folhas\\\/#primaryimage\",\"url\":\"https:\\\/\\\/antderground.com\\\/wp-content\\\/uploads\\\/2023\\\/09\\\/Kit-hormiguero-para-cortadoras-de-hojas.jpg\",\"contentUrl\":\"https:\\\/\\\/antderground.com\\\/wp-content\\\/uploads\\\/2023\\\/09\\\/Kit-hormiguero-para-cortadoras-de-hojas.jpg\",\"width\":1600,\"height\":1553,\"caption\":\"Kit hormiguero para cortadoras de hojas\"},{\"@type\":\"BreadcrumbList\",\"@id\":\"https:\\\/\\\/antderground.com\\\/pt-br\\\/produto\\\/kit-para-formigas-cortadora-de-folhas\\\/#breadcrumb\",\"itemListElement\":[{\"@type\":\"ListItem\",\"position\":1,\"name\":\"Portada\",\"item\":\"https:\\\/\\\/antderground.com\\\/pt-br\\\/\"},{\"@type\":\"ListItem\",\"position\":2,\"name\":\"Produtos\",\"item\":\"https:\\\/\\\/antderground.com\\\/pt-br\\\/loja-de-formigueiros\\\/\"},{\"@type\":\"ListItem\",\"position\":3,\"name\":\"Kit para Formigas Cortadora de Folhas\"}]},{\"@type\":\"WebSite\",\"@id\":\"https:\\\/\\\/antderground.com\\\/pt-br\\\/#website\",\"url\":\"https:\\\/\\\/antderground.com\\\/pt-br\\\/\",\"name\":\"ANTDERGROUND\",\"description\":\"Tu tienda de hormigas, gran variedad de hormigueros acr\u00edlicos,madera,arena,3D y mas.. Pide tus hormigas gratis con tu pedido, somos expertos en hormigueros antifugas.\",\"publisher\":{\"@id\":\"https:\\\/\\\/antderground.com\\\/pt-br\\\/#\\\/schema\\\/person\\\/0e322c505e84fe72c65e2f6d08f96b81\"},\"alternateName\":\"Antderground\",\"potentialAction\":[{\"@type\":\"SearchAction\",\"target\":{\"@type\":\"EntryPoint\",\"urlTemplate\":\"https:\\\/\\\/antderground.com\\\/pt-br\\\/?s={search_term_string}\"},\"query-input\":{\"@type\":\"PropertyValueSpecification\",\"valueRequired\":true,\"valueName\":\"search_term_string\"}}],\"inLanguage\":\"pt-BR\"},{\"@type\":[\"Person\",\"Organization\"],\"@id\":\"https:\\\/\\\/antderground.com\\\/pt-br\\\/#\\\/schema\\\/person\\\/0e322c505e84fe72c65e2f6d08f96b81\",\"name\":\"Eric de Antderground\",\"image\":{\"@type\":\"ImageObject\",\"inLanguage\":\"pt-BR\",\"@id\":\"https:\\\/\\\/secure.gravatar.com\\\/avatar\\\/c49a1b9f79216d1498cb73c1e85cd47f4465dda35f2a94c03790d491bd4423c3?s=96&d=mm&r=g\",\"url\":\"https:\\\/\\\/secure.gravatar.com\\\/avatar\\\/c49a1b9f79216d1498cb73c1e85cd47f4465dda35f2a94c03790d491bd4423c3?s=96&d=mm&r=g\",\"contentUrl\":\"https:\\\/\\\/secure.gravatar.com\\\/avatar\\\/c49a1b9f79216d1498cb73c1e85cd47f4465dda35f2a94c03790d491bd4423c3?s=96&d=mm&r=g\",\"caption\":\"Eric de Antderground\"},\"logo\":{\"@id\":\"https:\\\/\\\/secure.gravatar.com\\\/avatar\\\/c49a1b9f79216d1498cb73c1e85cd47f4465dda35f2a94c03790d491bd4423c3?s=96&d=mm&r=g\"},\"description\":\"Eric es el especialista y fundador de Antderground, con una amplia trayectoria en artr\u00f3podos y enfocado en la mirmecolog\u00eda y el dise\u00f1o de hormigueros artificiales. Su enfoque combina la innovaci\u00f3n t\u00e9cnica con el respeto por la biolog\u00eda de las hormigas, is\u00f3podos y otros, desarrollando sistemas de nidos modulares 3D y acr\u00edlicos que son referentes para aficionados y profesionales en toda Europa. Su objetivo es facilitar la cr\u00eda de hormigas y otros artr\u00f3podos mediante soluciones seguras y divulgaci\u00f3n de calidad.\",\"sameAs\":[\"https:\\\/\\\/antderground.com\\\/\",\"https:\\\/\\\/www.youtube.com\\\/channel\\\/UCio72z7TlbufkAthAJIJfPw\"]}]}<\/script>\n<!-- \/ Yoast SEO plugin. -->","yoast_head_json":{"title":"Kit para Formigas Cortadora de Folhas","description":"Novo Kit de Formigueiro para Formigas Cortadeiras, um kit completo com a estrutura perfeita para estas esp\u00e9cies de formigas. (Formiga cortadeira)","robots":{"index":"index","follow":"follow","max-snippet":"max-snippet:-1","max-image-preview":"max-image-preview:large","max-video-preview":"max-video-preview:-1"},"canonical":"https:\/\/antderground.com\/pt-br\/produto\/kit-para-formigas-cortadora-de-folhas\/","og_locale":"pt_BR","og_type":"article","og_title":"Kit para Formigas Cortadora de Folhas","og_description":"Novo Kit de Formigueiro para Formigas Cortadeiras, um kit completo com a estrutura perfeita para estas esp\u00e9cies de formigas. (Formiga cortadeira)","og_url":"https:\/\/antderground.com\/pt-br\/produto\/kit-para-formigas-cortadora-de-folhas\/","og_site_name":"ANTDERGROUND","article_modified_time":"2024-03-31T21:29:44+00:00","og_image":[{"width":1600,"height":1553,"url":"https:\/\/antderground.com\/wp-content\/uploads\/2023\/09\/Kit-hormiguero-para-cortadoras-de-hojas.jpg","type":"image\/jpeg"}],"twitter_card":"summary_large_image","schema":{"@context":"https:\/\/schema.org","@graph":[{"@type":"WebPage","@id":"https:\/\/antderground.com\/pt-br\/produto\/kit-para-formigas-cortadora-de-folhas\/","url":"https:\/\/antderground.com\/pt-br\/produto\/kit-para-formigas-cortadora-de-folhas\/","name":"Kit para Formigas Cortadora de Folhas","isPartOf":{"@id":"https:\/\/antderground.com\/pt-br\/#website"},"primaryImageOfPage":{"@id":"https:\/\/antderground.com\/pt-br\/produto\/kit-para-formigas-cortadora-de-folhas\/#primaryimage"},"image":{"@id":"https:\/\/antderground.com\/pt-br\/produto\/kit-para-formigas-cortadora-de-folhas\/#primaryimage"},"thumbnailUrl":"https:\/\/antderground.com\/wp-content\/uploads\/2023\/09\/Kit-hormiguero-para-cortadoras-de-hojas.jpg","datePublished":"2023-09-26T19:32:13+00:00","dateModified":"2024-03-31T21:29:44+00:00","description":"Novo Kit de Formigueiro para Formigas Cortadeiras, um kit completo com a estrutura perfeita para estas esp\u00e9cies de formigas. (Formiga cortadeira)","breadcrumb":{"@id":"https:\/\/antderground.com\/pt-br\/produto\/kit-para-formigas-cortadora-de-folhas\/#breadcrumb"},"inLanguage":"pt-BR","potentialAction":[{"@type":"ReadAction","target":["https:\/\/antderground.com\/pt-br\/produto\/kit-para-formigas-cortadora-de-folhas\/"]}]},{"@type":"ImageObject","inLanguage":"pt-BR","@id":"https:\/\/antderground.com\/pt-br\/produto\/kit-para-formigas-cortadora-de-folhas\/#primaryimage","url":"https:\/\/antderground.com\/wp-content\/uploads\/2023\/09\/Kit-hormiguero-para-cortadoras-de-hojas.jpg","contentUrl":"https:\/\/antderground.com\/wp-content\/uploads\/2023\/09\/Kit-hormiguero-para-cortadoras-de-hojas.jpg","width":1600,"height":1553,"caption":"Kit hormiguero para cortadoras de hojas"},{"@type":"BreadcrumbList","@id":"https:\/\/antderground.com\/pt-br\/produto\/kit-para-formigas-cortadora-de-folhas\/#breadcrumb","itemListElement":[{"@type":"ListItem","position":1,"name":"Portada","item":"https:\/\/antderground.com\/pt-br\/"},{"@type":"ListItem","position":2,"name":"Produtos","item":"https:\/\/antderground.com\/pt-br\/loja-de-formigueiros\/"},{"@type":"ListItem","position":3,"name":"Kit para Formigas Cortadora de Folhas"}]},{"@type":"WebSite","@id":"https:\/\/antderground.com\/pt-br\/#website","url":"https:\/\/antderground.com\/pt-br\/","name":"ANTDERGROUND","description":"Tu tienda de hormigas, gran variedad de hormigueros acr\u00edlicos,madera,arena,3D y mas.. Pide tus hormigas gratis con tu pedido, somos expertos en hormigueros antifugas.","publisher":{"@id":"https:\/\/antderground.com\/pt-br\/#\/schema\/person\/0e322c505e84fe72c65e2f6d08f96b81"},"alternateName":"Antderground","potentialAction":[{"@type":"SearchAction","target":{"@type":"EntryPoint","urlTemplate":"https:\/\/antderground.com\/pt-br\/?s={search_term_string}"},"query-input":{"@type":"PropertyValueSpecification","valueRequired":true,"valueName":"search_term_string"}}],"inLanguage":"pt-BR"},{"@type":["Person","Organization"],"@id":"https:\/\/antderground.com\/pt-br\/#\/schema\/person\/0e322c505e84fe72c65e2f6d08f96b81","name":"Eric de Antderground","image":{"@type":"ImageObject","inLanguage":"pt-BR","@id":"https:\/\/secure.gravatar.com\/avatar\/c49a1b9f79216d1498cb73c1e85cd47f4465dda35f2a94c03790d491bd4423c3?s=96&d=mm&r=g","url":"https:\/\/secure.gravatar.com\/avatar\/c49a1b9f79216d1498cb73c1e85cd47f4465dda35f2a94c03790d491bd4423c3?s=96&d=mm&r=g","contentUrl":"https:\/\/secure.gravatar.com\/avatar\/c49a1b9f79216d1498cb73c1e85cd47f4465dda35f2a94c03790d491bd4423c3?s=96&d=mm&r=g","caption":"Eric de Antderground"},"logo":{"@id":"https:\/\/secure.gravatar.com\/avatar\/c49a1b9f79216d1498cb73c1e85cd47f4465dda35f2a94c03790d491bd4423c3?s=96&d=mm&r=g"},"description":"Eric es el especialista y fundador de Antderground, con una amplia trayectoria en artr\u00f3podos y enfocado en la mirmecolog\u00eda y el dise\u00f1o de hormigueros artificiales. Su enfoque combina la innovaci\u00f3n t\u00e9cnica con el respeto por la biolog\u00eda de las hormigas, is\u00f3podos y otros, desarrollando sistemas de nidos modulares 3D y acr\u00edlicos que son referentes para aficionados y profesionales en toda Europa. Su objetivo es facilitar la cr\u00eda de hormigas y otros artr\u00f3podos mediante soluciones seguras y divulgaci\u00f3n de calidad.","sameAs":["https:\/\/antderground.com\/","https:\/\/www.youtube.com\/channel\/UCio72z7TlbufkAthAJIJfPw"]}]}},"_links":{"self":[{"href":"https:\/\/antderground.com\/pt-br\/wp-json\/wp\/v2\/product\/30310","targetHints":{"allow":["GET"]}}],"collection":[{"href":"https:\/\/antderground.com\/pt-br\/wp-json\/wp\/v2\/product"}],"about":[{"href":"https:\/\/antderground.com\/pt-br\/wp-json\/wp\/v2\/types\/product"}],"version-history":[{"count":0,"href":"https:\/\/antderground.com\/pt-br\/wp-json\/wp\/v2\/product\/30310\/revisions"}],"wp:featuredmedia":[{"embeddable":true,"href":"https:\/\/antderground.com\/pt-br\/wp-json\/wp\/v2\/media\/33384"}],"wp:attachment":[{"href":"https:\/\/antderground.com\/pt-br\/wp-json\/wp\/v2\/media?parent=30310"}],"wp:term":[{"taxonomy":"product_brand","embeddable":true,"href":"https:\/\/antderground.com\/pt-br\/wp-json\/wp\/v2\/product_brand?post=30310"},{"taxonomy":"product_cat","embeddable":true,"href":"https:\/\/antderground.com\/pt-br\/wp-json\/wp\/v2\/product_cat?post=30310"},{"taxonomy":"product_tag","embeddable":true,"href":"https:\/\/antderground.com\/pt-br\/wp-json\/wp\/v2\/product_tag?post=30310"}],"curies":[{"name":"wp","href":"https:\/\/api.w.org\/{rel}","templated":true}]}}