{"id":30461,"date":"2023-10-10T12:08:30","date_gmt":"2023-10-10T10:08:30","guid":{"rendered":"https:\/\/www.antderground.com\/producto\/crie-o-seu-formigueiro-ytong\/"},"modified":"2023-11-30T23:00:07","modified_gmt":"2023-11-30T22:00:07","slug":"crie-o-seu-formigueiro-ytong","status":"publish","type":"product","link":"https:\/\/antderground.com\/pt-br\/produto\/crie-o-seu-formigueiro-ytong\/","title":{"rendered":"Crie o seu formigueiro (ytong)"},"content":{"rendered":"<h2>Voc\u00ea est\u00e1 pensando em criar o seu formigueiro?<\/h2>\n<p>Sim? \u00d3timo! Este formigueiro foi projetado para que voc\u00ea possa criar suas pr\u00f3prias galerias.<\/p>\n<h3>Vantagens de Criar o seu Formigueiro (ytong) com o seu Estilo!<\/h3>\n<ul>\n<li>Design personalizado<\/li>\n<li>Pe\u00e7as de reposi\u00e7\u00e3o dispon\u00edveis em caso de erros<\/li>\n<li>F\u00e1cil de esculpir (material ytong)<\/li>\n<li>Duas conex\u00f5es (voc\u00ea pode usar conectores ou criar conex\u00f5es personalizadas para realizar a liga\u00e7\u00e3o).<\/li>\n<\/ul>\n<h4>Pe\u00e7as de reposi\u00e7\u00e3o para todas as partes do formigueiro?<\/h4>\n<p>Sim! Existem pe\u00e7as de reposi\u00e7\u00e3o para a estrutura e para o ytong!<\/p>\n<h5>\u00c9 poss\u00edvel conectar com outros formigueiros ou \u00e1reas de forrageamento?<\/h5>\n<p>Sim! \u00c9 poss\u00edvel conectar com todos os nossos produtos Antderground usando os conectores. Se voc\u00ea quiser conectar com outras vers\u00f5es n\u00e3o oficiais, precisar\u00e1 criar conex\u00f5es personalizadas. Al\u00e9m disso, a Antderground agora oferece conectores para tubos que voc\u00ea pode encontrar na se\u00e7\u00e3o de conectores de nossa loja, para oferecer mais op\u00e7\u00f5es de conex\u00e3o.<\/p>\n<ul>\n<li>Vem com uma esponja, caso voc\u00ea queira us\u00e1-la como sistema de umidade.<\/li>\n<\/ul>\n<p><strong>Importante:<\/strong> N\u00e3o \u00e9 um brinquedo! \u00c9 importante que um adulto supervisione o uso em todos os momentos, pois pode conter pe\u00e7as pequenas, como parafusos, entre outros materiais!<\/p>\n","protected":false},"excerpt":{"rendered":"<p>Seu formigueiro! Seu design! Fa\u00e7a suas pr\u00f3prias galerias com este incr\u00edvel formigueiro Ytong, f\u00e1cil de esculpir e criar suas galerias. Tamb\u00e9m existem pe\u00e7as de reposi\u00e7\u00e3o de Ytong dispon\u00edveis para quando voc\u00ea n\u00e3o gostar mais do design ou cometer algum erro.<\/p>\n<p><strong>Caracter\u00edsticas: <\/strong><br \/>\nInterior: 8&#215;8 (cm) (ninho).<br \/>\nExterior: 10&#215;8 (cm).<br \/>\nConex\u00f5es: 2.<br \/>\nMaterial: PLA (3D) \/ Ytong.<br \/>\nCor: Verde \/ Ytong (cinza).<br \/>\nTampa Vermelha: Sim (cor vermelha).<\/p>\n","protected":false},"featured_media":30455,"template":"","meta":[],"product_brand":[],"product_cat":[379,558],"product_tag":[],"class_list":{"0":"post-30461","1":"product","2":"type-product","3":"status-publish","4":"has-post-thumbnail","6":"product_cat-formigueiros","7":"product_cat-formigueiros-ytong","9":"first","10":"instock","11":"shipping-taxable","12":"purchasable","13":"product-type-simple"},"yoast_head":"<!-- This site is optimized with the Yoast SEO plugin v27.3 - https:\/\/yoast.com\/product\/yoast-seo-wordpress\/ -->\n<title>Crie o seu formigueiro (ytong) - ANTDERGROUND<\/title>\n<meta name=\"description\" content=\"Seu formigueiro! Seu design! Personalize as galerias do seu formigueiro Ytong! Formigueiros personalizados e profissionais! Seu formigueiro caseiro da Antderground.\" \/>\n<meta name=\"robots\" content=\"index, follow, max-snippet:-1, max-image-preview:large, max-video-preview:-1\" \/>\n<link rel=\"canonical\" href=\"https:\/\/antderground.com\/pt-br\/produto\/crie-o-seu-formigueiro-ytong\/\" \/>\n<meta property=\"og:locale\" content=\"pt_BR\" \/>\n<meta property=\"og:type\" content=\"article\" \/>\n<meta property=\"og:title\" content=\"Crie o seu formigueiro (ytong) - ANTDERGROUND\" \/>\n<meta property=\"og:description\" content=\"Seu formigueiro! Seu design! Personalize as galerias do seu formigueiro Ytong! Formigueiros personalizados e profissionais! Seu formigueiro caseiro da Antderground.\" \/>\n<meta property=\"og:url\" content=\"https:\/\/antderground.com\/pt-br\/produto\/crie-o-seu-formigueiro-ytong\/\" \/>\n<meta property=\"og:site_name\" content=\"ANTDERGROUND\" \/>\n<meta property=\"article:modified_time\" content=\"2023-11-30T22:00:07+00:00\" \/>\n<meta property=\"og:image\" content=\"https:\/\/antderground.com\/wp-content\/uploads\/2023\/10\/crea-tu-hormiguero-ytong.png\" \/>\n\t<meta property=\"og:image:width\" content=\"540\" \/>\n\t<meta property=\"og:image:height\" content=\"540\" \/>\n\t<meta property=\"og:image:type\" content=\"image\/png\" \/>\n<meta name=\"twitter:card\" content=\"summary_large_image\" \/>\n<meta name=\"twitter:label1\" content=\"Est. tempo de leitura\" \/>\n\t<meta name=\"twitter:data1\" content=\"1 minuto\" \/>\n<script type=\"application\/ld+json\" class=\"yoast-schema-graph\">{\"@context\":\"https:\\\/\\\/schema.org\",\"@graph\":[{\"@type\":\"WebPage\",\"@id\":\"https:\\\/\\\/antderground.com\\\/pt-br\\\/produto\\\/crie-o-seu-formigueiro-ytong\\\/\",\"url\":\"https:\\\/\\\/antderground.com\\\/pt-br\\\/produto\\\/crie-o-seu-formigueiro-ytong\\\/\",\"name\":\"Crie o seu formigueiro (ytong) - ANTDERGROUND\",\"isPartOf\":{\"@id\":\"https:\\\/\\\/antderground.com\\\/pt-br\\\/#website\"},\"primaryImageOfPage\":{\"@id\":\"https:\\\/\\\/antderground.com\\\/pt-br\\\/produto\\\/crie-o-seu-formigueiro-ytong\\\/#primaryimage\"},\"image\":{\"@id\":\"https:\\\/\\\/antderground.com\\\/pt-br\\\/produto\\\/crie-o-seu-formigueiro-ytong\\\/#primaryimage\"},\"thumbnailUrl\":\"https:\\\/\\\/antderground.com\\\/wp-content\\\/uploads\\\/2023\\\/10\\\/crea-tu-hormiguero-ytong.png\",\"datePublished\":\"2023-10-10T10:08:30+00:00\",\"dateModified\":\"2023-11-30T22:00:07+00:00\",\"description\":\"Seu formigueiro! Seu design! Personalize as galerias do seu formigueiro Ytong! Formigueiros personalizados e profissionais! Seu formigueiro caseiro da Antderground.\",\"breadcrumb\":{\"@id\":\"https:\\\/\\\/antderground.com\\\/pt-br\\\/produto\\\/crie-o-seu-formigueiro-ytong\\\/#breadcrumb\"},\"inLanguage\":\"pt-BR\",\"potentialAction\":[{\"@type\":\"ReadAction\",\"target\":[\"https:\\\/\\\/antderground.com\\\/pt-br\\\/produto\\\/crie-o-seu-formigueiro-ytong\\\/\"]}]},{\"@type\":\"ImageObject\",\"inLanguage\":\"pt-BR\",\"@id\":\"https:\\\/\\\/antderground.com\\\/pt-br\\\/produto\\\/crie-o-seu-formigueiro-ytong\\\/#primaryimage\",\"url\":\"https:\\\/\\\/antderground.com\\\/wp-content\\\/uploads\\\/2023\\\/10\\\/crea-tu-hormiguero-ytong.png\",\"contentUrl\":\"https:\\\/\\\/antderground.com\\\/wp-content\\\/uploads\\\/2023\\\/10\\\/crea-tu-hormiguero-ytong.png\",\"width\":540,\"height\":540},{\"@type\":\"BreadcrumbList\",\"@id\":\"https:\\\/\\\/antderground.com\\\/pt-br\\\/produto\\\/crie-o-seu-formigueiro-ytong\\\/#breadcrumb\",\"itemListElement\":[{\"@type\":\"ListItem\",\"position\":1,\"name\":\"Portada\",\"item\":\"https:\\\/\\\/antderground.com\\\/pt-br\\\/\"},{\"@type\":\"ListItem\",\"position\":2,\"name\":\"Produtos\",\"item\":\"https:\\\/\\\/antderground.com\\\/pt-br\\\/loja-de-formigueiros\\\/\"},{\"@type\":\"ListItem\",\"position\":3,\"name\":\"Crie o seu formigueiro (ytong)\"}]},{\"@type\":\"WebSite\",\"@id\":\"https:\\\/\\\/antderground.com\\\/pt-br\\\/#website\",\"url\":\"https:\\\/\\\/antderground.com\\\/pt-br\\\/\",\"name\":\"ANTDERGROUND\",\"description\":\"Tu tienda de hormigas, gran variedad de hormigueros acr\u00edlicos,madera,arena,3D y mas.. Pide tus hormigas gratis con tu pedido, somos expertos en hormigueros antifugas.\",\"publisher\":{\"@id\":\"https:\\\/\\\/antderground.com\\\/pt-br\\\/#\\\/schema\\\/person\\\/0e322c505e84fe72c65e2f6d08f96b81\"},\"alternateName\":\"Antderground\",\"potentialAction\":[{\"@type\":\"SearchAction\",\"target\":{\"@type\":\"EntryPoint\",\"urlTemplate\":\"https:\\\/\\\/antderground.com\\\/pt-br\\\/?s={search_term_string}\"},\"query-input\":{\"@type\":\"PropertyValueSpecification\",\"valueRequired\":true,\"valueName\":\"search_term_string\"}}],\"inLanguage\":\"pt-BR\"},{\"@type\":[\"Person\",\"Organization\"],\"@id\":\"https:\\\/\\\/antderground.com\\\/pt-br\\\/#\\\/schema\\\/person\\\/0e322c505e84fe72c65e2f6d08f96b81\",\"name\":\"Eric de Antderground\",\"image\":{\"@type\":\"ImageObject\",\"inLanguage\":\"pt-BR\",\"@id\":\"https:\\\/\\\/secure.gravatar.com\\\/avatar\\\/c49a1b9f79216d1498cb73c1e85cd47f4465dda35f2a94c03790d491bd4423c3?s=96&d=mm&r=g\",\"url\":\"https:\\\/\\\/secure.gravatar.com\\\/avatar\\\/c49a1b9f79216d1498cb73c1e85cd47f4465dda35f2a94c03790d491bd4423c3?s=96&d=mm&r=g\",\"contentUrl\":\"https:\\\/\\\/secure.gravatar.com\\\/avatar\\\/c49a1b9f79216d1498cb73c1e85cd47f4465dda35f2a94c03790d491bd4423c3?s=96&d=mm&r=g\",\"caption\":\"Eric de Antderground\"},\"logo\":{\"@id\":\"https:\\\/\\\/secure.gravatar.com\\\/avatar\\\/c49a1b9f79216d1498cb73c1e85cd47f4465dda35f2a94c03790d491bd4423c3?s=96&d=mm&r=g\"},\"description\":\"Eric es el especialista y fundador de Antderground, con una amplia trayectoria en artr\u00f3podos y enfocado en la mirmecolog\u00eda y el dise\u00f1o de hormigueros artificiales. Su enfoque combina la innovaci\u00f3n t\u00e9cnica con el respeto por la biolog\u00eda de las hormigas, is\u00f3podos y otros, desarrollando sistemas de nidos modulares 3D y acr\u00edlicos que son referentes para aficionados y profesionales en toda Europa. Su objetivo es facilitar la cr\u00eda de hormigas y otros artr\u00f3podos mediante soluciones seguras y divulgaci\u00f3n de calidad.\",\"sameAs\":[\"https:\\\/\\\/antderground.com\\\/\",\"https:\\\/\\\/www.youtube.com\\\/channel\\\/UCio72z7TlbufkAthAJIJfPw\"]}]}<\/script>\n<!-- \/ Yoast SEO plugin. -->","yoast_head_json":{"title":"Crie o seu formigueiro (ytong) - ANTDERGROUND","description":"Seu formigueiro! Seu design! Personalize as galerias do seu formigueiro Ytong! Formigueiros personalizados e profissionais! Seu formigueiro caseiro da Antderground.","robots":{"index":"index","follow":"follow","max-snippet":"max-snippet:-1","max-image-preview":"max-image-preview:large","max-video-preview":"max-video-preview:-1"},"canonical":"https:\/\/antderground.com\/pt-br\/produto\/crie-o-seu-formigueiro-ytong\/","og_locale":"pt_BR","og_type":"article","og_title":"Crie o seu formigueiro (ytong) - ANTDERGROUND","og_description":"Seu formigueiro! Seu design! Personalize as galerias do seu formigueiro Ytong! Formigueiros personalizados e profissionais! Seu formigueiro caseiro da Antderground.","og_url":"https:\/\/antderground.com\/pt-br\/produto\/crie-o-seu-formigueiro-ytong\/","og_site_name":"ANTDERGROUND","article_modified_time":"2023-11-30T22:00:07+00:00","og_image":[{"width":540,"height":540,"url":"https:\/\/antderground.com\/wp-content\/uploads\/2023\/10\/crea-tu-hormiguero-ytong.png","type":"image\/png"}],"twitter_card":"summary_large_image","twitter_misc":{"Est. tempo de leitura":"1 minuto"},"schema":{"@context":"https:\/\/schema.org","@graph":[{"@type":"WebPage","@id":"https:\/\/antderground.com\/pt-br\/produto\/crie-o-seu-formigueiro-ytong\/","url":"https:\/\/antderground.com\/pt-br\/produto\/crie-o-seu-formigueiro-ytong\/","name":"Crie o seu formigueiro (ytong) - ANTDERGROUND","isPartOf":{"@id":"https:\/\/antderground.com\/pt-br\/#website"},"primaryImageOfPage":{"@id":"https:\/\/antderground.com\/pt-br\/produto\/crie-o-seu-formigueiro-ytong\/#primaryimage"},"image":{"@id":"https:\/\/antderground.com\/pt-br\/produto\/crie-o-seu-formigueiro-ytong\/#primaryimage"},"thumbnailUrl":"https:\/\/antderground.com\/wp-content\/uploads\/2023\/10\/crea-tu-hormiguero-ytong.png","datePublished":"2023-10-10T10:08:30+00:00","dateModified":"2023-11-30T22:00:07+00:00","description":"Seu formigueiro! Seu design! Personalize as galerias do seu formigueiro Ytong! Formigueiros personalizados e profissionais! Seu formigueiro caseiro da Antderground.","breadcrumb":{"@id":"https:\/\/antderground.com\/pt-br\/produto\/crie-o-seu-formigueiro-ytong\/#breadcrumb"},"inLanguage":"pt-BR","potentialAction":[{"@type":"ReadAction","target":["https:\/\/antderground.com\/pt-br\/produto\/crie-o-seu-formigueiro-ytong\/"]}]},{"@type":"ImageObject","inLanguage":"pt-BR","@id":"https:\/\/antderground.com\/pt-br\/produto\/crie-o-seu-formigueiro-ytong\/#primaryimage","url":"https:\/\/antderground.com\/wp-content\/uploads\/2023\/10\/crea-tu-hormiguero-ytong.png","contentUrl":"https:\/\/antderground.com\/wp-content\/uploads\/2023\/10\/crea-tu-hormiguero-ytong.png","width":540,"height":540},{"@type":"BreadcrumbList","@id":"https:\/\/antderground.com\/pt-br\/produto\/crie-o-seu-formigueiro-ytong\/#breadcrumb","itemListElement":[{"@type":"ListItem","position":1,"name":"Portada","item":"https:\/\/antderground.com\/pt-br\/"},{"@type":"ListItem","position":2,"name":"Produtos","item":"https:\/\/antderground.com\/pt-br\/loja-de-formigueiros\/"},{"@type":"ListItem","position":3,"name":"Crie o seu formigueiro (ytong)"}]},{"@type":"WebSite","@id":"https:\/\/antderground.com\/pt-br\/#website","url":"https:\/\/antderground.com\/pt-br\/","name":"ANTDERGROUND","description":"Tu tienda de hormigas, gran variedad de hormigueros acr\u00edlicos,madera,arena,3D y mas.. Pide tus hormigas gratis con tu pedido, somos expertos en hormigueros antifugas.","publisher":{"@id":"https:\/\/antderground.com\/pt-br\/#\/schema\/person\/0e322c505e84fe72c65e2f6d08f96b81"},"alternateName":"Antderground","potentialAction":[{"@type":"SearchAction","target":{"@type":"EntryPoint","urlTemplate":"https:\/\/antderground.com\/pt-br\/?s={search_term_string}"},"query-input":{"@type":"PropertyValueSpecification","valueRequired":true,"valueName":"search_term_string"}}],"inLanguage":"pt-BR"},{"@type":["Person","Organization"],"@id":"https:\/\/antderground.com\/pt-br\/#\/schema\/person\/0e322c505e84fe72c65e2f6d08f96b81","name":"Eric de Antderground","image":{"@type":"ImageObject","inLanguage":"pt-BR","@id":"https:\/\/secure.gravatar.com\/avatar\/c49a1b9f79216d1498cb73c1e85cd47f4465dda35f2a94c03790d491bd4423c3?s=96&d=mm&r=g","url":"https:\/\/secure.gravatar.com\/avatar\/c49a1b9f79216d1498cb73c1e85cd47f4465dda35f2a94c03790d491bd4423c3?s=96&d=mm&r=g","contentUrl":"https:\/\/secure.gravatar.com\/avatar\/c49a1b9f79216d1498cb73c1e85cd47f4465dda35f2a94c03790d491bd4423c3?s=96&d=mm&r=g","caption":"Eric de Antderground"},"logo":{"@id":"https:\/\/secure.gravatar.com\/avatar\/c49a1b9f79216d1498cb73c1e85cd47f4465dda35f2a94c03790d491bd4423c3?s=96&d=mm&r=g"},"description":"Eric es el especialista y fundador de Antderground, con una amplia trayectoria en artr\u00f3podos y enfocado en la mirmecolog\u00eda y el dise\u00f1o de hormigueros artificiales. Su enfoque combina la innovaci\u00f3n t\u00e9cnica con el respeto por la biolog\u00eda de las hormigas, is\u00f3podos y otros, desarrollando sistemas de nidos modulares 3D y acr\u00edlicos que son referentes para aficionados y profesionales en toda Europa. Su objetivo es facilitar la cr\u00eda de hormigas y otros artr\u00f3podos mediante soluciones seguras y divulgaci\u00f3n de calidad.","sameAs":["https:\/\/antderground.com\/","https:\/\/www.youtube.com\/channel\/UCio72z7TlbufkAthAJIJfPw"]}]}},"_links":{"self":[{"href":"https:\/\/antderground.com\/pt-br\/wp-json\/wp\/v2\/product\/30461","targetHints":{"allow":["GET"]}}],"collection":[{"href":"https:\/\/antderground.com\/pt-br\/wp-json\/wp\/v2\/product"}],"about":[{"href":"https:\/\/antderground.com\/pt-br\/wp-json\/wp\/v2\/types\/product"}],"version-history":[{"count":0,"href":"https:\/\/antderground.com\/pt-br\/wp-json\/wp\/v2\/product\/30461\/revisions"}],"wp:featuredmedia":[{"embeddable":true,"href":"https:\/\/antderground.com\/pt-br\/wp-json\/wp\/v2\/media\/30455"}],"wp:attachment":[{"href":"https:\/\/antderground.com\/pt-br\/wp-json\/wp\/v2\/media?parent=30461"}],"wp:term":[{"taxonomy":"product_brand","embeddable":true,"href":"https:\/\/antderground.com\/pt-br\/wp-json\/wp\/v2\/product_brand?post=30461"},{"taxonomy":"product_cat","embeddable":true,"href":"https:\/\/antderground.com\/pt-br\/wp-json\/wp\/v2\/product_cat?post=30461"},{"taxonomy":"product_tag","embeddable":true,"href":"https:\/\/antderground.com\/pt-br\/wp-json\/wp\/v2\/product_tag?post=30461"}],"curies":[{"name":"wp","href":"https:\/\/api.w.org\/{rel}","templated":true}]}}