{"id":31079,"date":"2023-11-21T18:30:33","date_gmt":"2023-11-21T17:30:33","guid":{"rendered":"https:\/\/www.antderground.com\/producto\/kit-modular-3d-v1-pequeno\/"},"modified":"2023-11-21T18:30:33","modified_gmt":"2023-11-21T17:30:33","slug":"kit-modular-3d-v1-pequeno","status":"publish","type":"product","link":"https:\/\/antderground.com\/pt-br\/produto\/kit-modular-3d-v1-pequeno\/","title":{"rendered":"Kit Modular 3D v1 (Pequeno)"},"content":{"rendered":"<p>Apresenta formigueiro modular 3D (tudo em uni):<\/p>\n<p>Tanque de l\u00edquido: 20 ml<br \/>\nTamanho: 10&#215;10 (cm)<br \/>\nCor: Branco\/Amarelo<br \/>\nTampa: Cor vermelha inclu\u00edda.<br \/>\nModular: Sim<br \/>\nPortas internas: 4.<br \/>\nPortas externas: 4.<\/p>\n<p>Este formigueiro pode ser convertido em: 4 mini formigueiros ou 2 formigueiros pequenos ou um formigueiro grande (e mais op\u00e7\u00f5es), gra\u00e7as \u00e0s suas portas girat\u00f3rias. <a href=\"https:\/\/antderground.com\/pt-br\/produto\/formigueiro-modular-3d-tudo-em-um\/\">Mais informa\u00e7\u00f5es sobre o formigueiro<\/a><\/p>\n<p>Recursos da caixa de forrageamento:<\/p>\n<p>Cor branca.<br \/>\nTamanho: 10&#215;10 (cm)<br \/>\nEstrutura: estrutura criada em faces 3D \/ Metacrilato.<br \/>\nRespira\u00e7\u00e3o: Possui sistema respirat\u00f3rio.<br \/>\nModular: Sim<br \/>\nEntradas\/Conex\u00f5es: 4<\/p>\n","protected":false},"excerpt":{"rendered":"<p>Descubra este kit modular 3D (v1) composto por um formigueiro modular 3D (tudo em um) de tamanho 10&#215;10 + Caixa forrageira modular de tamanho 10&#215;10. Um kit de formigueiro perfeito para ter sua col\u00f4nia de formigas.<\/p>\n<p><strong>Informa\u00e7\u00f5es do kit:<\/strong><\/p>\n<p>1 formigueiro modular 3D (tudo em um) (10&#215;10).<br \/>\n1 Capa vermelha para formigueiro.<br \/>\n1 Caixa de forragem (modular) (10&#215;10).<br \/>\n1 Conector modular.<\/p>\n","protected":false},"featured_media":31068,"template":"","meta":[],"product_brand":[],"product_cat":[379,391],"product_tag":[],"class_list":{"0":"post-31079","1":"product","2":"type-product","3":"status-publish","4":"has-post-thumbnail","6":"product_cat-formigueiros","7":"product_cat-kits-de-formigueiros","9":"first","10":"instock","11":"sale","12":"shipping-taxable","13":"purchasable","14":"product-type-simple"},"yoast_head":"<!-- This site is optimized with the Yoast SEO plugin v27.4 - https:\/\/yoast.com\/product\/yoast-seo-wordpress\/ -->\n<title>Kit Modular 3D v1 (Pequeno) (Formigueiro 3D + Caixa de Forrageamento) - ANTDERGROUND<\/title>\n<meta name=\"description\" content=\"Este kit modular v1 inclui uma vers\u00e3o modular 3D de formigueiro (tudo em um) de (10x10) + caixa de forrageamento modular de (10x10). Ideal para suas formigas!\" \/>\n<meta name=\"robots\" content=\"index, follow, max-snippet:-1, max-image-preview:large, max-video-preview:-1\" \/>\n<link rel=\"canonical\" href=\"https:\/\/antderground.com\/pt-br\/produto\/kit-modular-3d-v1-pequeno\/\" \/>\n<meta property=\"og:locale\" content=\"pt_BR\" \/>\n<meta property=\"og:type\" content=\"article\" \/>\n<meta property=\"og:title\" content=\"Kit Modular 3D v1 (Pequeno) (Formigueiro 3D + Caixa de Forrageamento) - ANTDERGROUND\" \/>\n<meta property=\"og:description\" content=\"Este kit modular v1 inclui uma vers\u00e3o modular 3D de formigueiro (tudo em um) de (10x10) + caixa de forrageamento modular de (10x10). Ideal para suas formigas!\" \/>\n<meta property=\"og:url\" content=\"https:\/\/antderground.com\/pt-br\/produto\/kit-modular-3d-v1-pequeno\/\" \/>\n<meta property=\"og:site_name\" content=\"ANTDERGROUND\" \/>\n<meta property=\"og:image\" content=\"https:\/\/antderground.com\/wp-content\/uploads\/2023\/11\/pack10x10-hormiguero-3d-nuevo.jpg\" \/>\n\t<meta property=\"og:image:width\" content=\"1280\" \/>\n\t<meta property=\"og:image:height\" content=\"1280\" \/>\n\t<meta property=\"og:image:type\" content=\"image\/jpeg\" \/>\n<meta name=\"twitter:card\" content=\"summary_large_image\" \/>\n<script type=\"application\/ld+json\" class=\"yoast-schema-graph\">{\"@context\":\"https:\\\/\\\/schema.org\",\"@graph\":[{\"@type\":\"WebPage\",\"@id\":\"https:\\\/\\\/antderground.com\\\/pt-br\\\/produto\\\/kit-modular-3d-v1-pequeno\\\/\",\"url\":\"https:\\\/\\\/antderground.com\\\/pt-br\\\/produto\\\/kit-modular-3d-v1-pequeno\\\/\",\"name\":\"Kit Modular 3D v1 (Pequeno) (Formigueiro 3D + Caixa de Forrageamento) - ANTDERGROUND\",\"isPartOf\":{\"@id\":\"https:\\\/\\\/antderground.com\\\/pt-br\\\/#website\"},\"primaryImageOfPage\":{\"@id\":\"https:\\\/\\\/antderground.com\\\/pt-br\\\/produto\\\/kit-modular-3d-v1-pequeno\\\/#primaryimage\"},\"image\":{\"@id\":\"https:\\\/\\\/antderground.com\\\/pt-br\\\/produto\\\/kit-modular-3d-v1-pequeno\\\/#primaryimage\"},\"thumbnailUrl\":\"https:\\\/\\\/antderground.com\\\/wp-content\\\/uploads\\\/2023\\\/11\\\/pack10x10-hormiguero-3d-nuevo.jpg\",\"datePublished\":\"2023-11-21T17:30:33+00:00\",\"description\":\"Este kit modular v1 inclui uma vers\u00e3o modular 3D de formigueiro (tudo em um) de (10x10) + caixa de forrageamento modular de (10x10). Ideal para suas formigas!\",\"breadcrumb\":{\"@id\":\"https:\\\/\\\/antderground.com\\\/pt-br\\\/produto\\\/kit-modular-3d-v1-pequeno\\\/#breadcrumb\"},\"inLanguage\":\"pt-BR\",\"potentialAction\":[{\"@type\":\"ReadAction\",\"target\":[\"https:\\\/\\\/antderground.com\\\/pt-br\\\/produto\\\/kit-modular-3d-v1-pequeno\\\/\"]}]},{\"@type\":\"ImageObject\",\"inLanguage\":\"pt-BR\",\"@id\":\"https:\\\/\\\/antderground.com\\\/pt-br\\\/produto\\\/kit-modular-3d-v1-pequeno\\\/#primaryimage\",\"url\":\"https:\\\/\\\/antderground.com\\\/wp-content\\\/uploads\\\/2023\\\/11\\\/pack10x10-hormiguero-3d-nuevo.jpg\",\"contentUrl\":\"https:\\\/\\\/antderground.com\\\/wp-content\\\/uploads\\\/2023\\\/11\\\/pack10x10-hormiguero-3d-nuevo.jpg\",\"width\":1280,\"height\":1280,\"caption\":\"kit hormiguero modular 3d + caja modular\"},{\"@type\":\"BreadcrumbList\",\"@id\":\"https:\\\/\\\/antderground.com\\\/pt-br\\\/produto\\\/kit-modular-3d-v1-pequeno\\\/#breadcrumb\",\"itemListElement\":[{\"@type\":\"ListItem\",\"position\":1,\"name\":\"Portada\",\"item\":\"https:\\\/\\\/antderground.com\\\/pt-br\\\/\"},{\"@type\":\"ListItem\",\"position\":2,\"name\":\"Produtos\",\"item\":\"https:\\\/\\\/antderground.com\\\/pt-br\\\/loja-de-formigueiros\\\/\"},{\"@type\":\"ListItem\",\"position\":3,\"name\":\"Kit Modular 3D v1 (Pequeno)\"}]},{\"@type\":\"WebSite\",\"@id\":\"https:\\\/\\\/antderground.com\\\/pt-br\\\/#website\",\"url\":\"https:\\\/\\\/antderground.com\\\/pt-br\\\/\",\"name\":\"ANTDERGROUND\",\"description\":\"Tu tienda de hormigas, gran variedad de hormigueros acr\u00edlicos,madera,arena,3D y mas.. Pide tus hormigas gratis con tu pedido, somos expertos en hormigueros antifugas.\",\"publisher\":{\"@id\":\"https:\\\/\\\/antderground.com\\\/pt-br\\\/#\\\/schema\\\/person\\\/0e322c505e84fe72c65e2f6d08f96b81\"},\"alternateName\":\"Antderground\",\"potentialAction\":[{\"@type\":\"SearchAction\",\"target\":{\"@type\":\"EntryPoint\",\"urlTemplate\":\"https:\\\/\\\/antderground.com\\\/pt-br\\\/?s={search_term_string}\"},\"query-input\":{\"@type\":\"PropertyValueSpecification\",\"valueRequired\":true,\"valueName\":\"search_term_string\"}}],\"inLanguage\":\"pt-BR\"},{\"@type\":[\"Person\",\"Organization\"],\"@id\":\"https:\\\/\\\/antderground.com\\\/pt-br\\\/#\\\/schema\\\/person\\\/0e322c505e84fe72c65e2f6d08f96b81\",\"name\":\"Eric de Antderground\",\"image\":{\"@type\":\"ImageObject\",\"inLanguage\":\"pt-BR\",\"@id\":\"https:\\\/\\\/secure.gravatar.com\\\/avatar\\\/c49a1b9f79216d1498cb73c1e85cd47f4465dda35f2a94c03790d491bd4423c3?s=96&d=mm&r=g\",\"url\":\"https:\\\/\\\/secure.gravatar.com\\\/avatar\\\/c49a1b9f79216d1498cb73c1e85cd47f4465dda35f2a94c03790d491bd4423c3?s=96&d=mm&r=g\",\"contentUrl\":\"https:\\\/\\\/secure.gravatar.com\\\/avatar\\\/c49a1b9f79216d1498cb73c1e85cd47f4465dda35f2a94c03790d491bd4423c3?s=96&d=mm&r=g\",\"caption\":\"Eric de Antderground\"},\"logo\":{\"@id\":\"https:\\\/\\\/secure.gravatar.com\\\/avatar\\\/c49a1b9f79216d1498cb73c1e85cd47f4465dda35f2a94c03790d491bd4423c3?s=96&d=mm&r=g\"},\"description\":\"Eric es el especialista y fundador de Antderground, con una amplia trayectoria en artr\u00f3podos y enfocado en la mirmecolog\u00eda y el dise\u00f1o de hormigueros artificiales. Su enfoque combina la innovaci\u00f3n t\u00e9cnica con el respeto por la biolog\u00eda de las hormigas, is\u00f3podos y otros, desarrollando sistemas de nidos modulares 3D y acr\u00edlicos que son referentes para aficionados y profesionales en toda Europa. Su objetivo es facilitar la cr\u00eda de hormigas y otros artr\u00f3podos mediante soluciones seguras y divulgaci\u00f3n de calidad.\",\"sameAs\":[\"https:\\\/\\\/antderground.com\\\/\",\"https:\\\/\\\/www.youtube.com\\\/channel\\\/UCio72z7TlbufkAthAJIJfPw\"]}]}<\/script>\n<!-- \/ Yoast SEO plugin. -->","yoast_head_json":{"title":"Kit Modular 3D v1 (Pequeno) (Formigueiro 3D + Caixa de Forrageamento) - ANTDERGROUND","description":"Este kit modular v1 inclui uma vers\u00e3o modular 3D de formigueiro (tudo em um) de (10x10) + caixa de forrageamento modular de (10x10). Ideal para suas formigas!","robots":{"index":"index","follow":"follow","max-snippet":"max-snippet:-1","max-image-preview":"max-image-preview:large","max-video-preview":"max-video-preview:-1"},"canonical":"https:\/\/antderground.com\/pt-br\/produto\/kit-modular-3d-v1-pequeno\/","og_locale":"pt_BR","og_type":"article","og_title":"Kit Modular 3D v1 (Pequeno) (Formigueiro 3D + Caixa de Forrageamento) - ANTDERGROUND","og_description":"Este kit modular v1 inclui uma vers\u00e3o modular 3D de formigueiro (tudo em um) de (10x10) + caixa de forrageamento modular de (10x10). Ideal para suas formigas!","og_url":"https:\/\/antderground.com\/pt-br\/produto\/kit-modular-3d-v1-pequeno\/","og_site_name":"ANTDERGROUND","og_image":[{"width":1280,"height":1280,"url":"https:\/\/antderground.com\/wp-content\/uploads\/2023\/11\/pack10x10-hormiguero-3d-nuevo.jpg","type":"image\/jpeg"}],"twitter_card":"summary_large_image","schema":{"@context":"https:\/\/schema.org","@graph":[{"@type":"WebPage","@id":"https:\/\/antderground.com\/pt-br\/produto\/kit-modular-3d-v1-pequeno\/","url":"https:\/\/antderground.com\/pt-br\/produto\/kit-modular-3d-v1-pequeno\/","name":"Kit Modular 3D v1 (Pequeno) (Formigueiro 3D + Caixa de Forrageamento) - ANTDERGROUND","isPartOf":{"@id":"https:\/\/antderground.com\/pt-br\/#website"},"primaryImageOfPage":{"@id":"https:\/\/antderground.com\/pt-br\/produto\/kit-modular-3d-v1-pequeno\/#primaryimage"},"image":{"@id":"https:\/\/antderground.com\/pt-br\/produto\/kit-modular-3d-v1-pequeno\/#primaryimage"},"thumbnailUrl":"https:\/\/antderground.com\/wp-content\/uploads\/2023\/11\/pack10x10-hormiguero-3d-nuevo.jpg","datePublished":"2023-11-21T17:30:33+00:00","description":"Este kit modular v1 inclui uma vers\u00e3o modular 3D de formigueiro (tudo em um) de (10x10) + caixa de forrageamento modular de (10x10). Ideal para suas formigas!","breadcrumb":{"@id":"https:\/\/antderground.com\/pt-br\/produto\/kit-modular-3d-v1-pequeno\/#breadcrumb"},"inLanguage":"pt-BR","potentialAction":[{"@type":"ReadAction","target":["https:\/\/antderground.com\/pt-br\/produto\/kit-modular-3d-v1-pequeno\/"]}]},{"@type":"ImageObject","inLanguage":"pt-BR","@id":"https:\/\/antderground.com\/pt-br\/produto\/kit-modular-3d-v1-pequeno\/#primaryimage","url":"https:\/\/antderground.com\/wp-content\/uploads\/2023\/11\/pack10x10-hormiguero-3d-nuevo.jpg","contentUrl":"https:\/\/antderground.com\/wp-content\/uploads\/2023\/11\/pack10x10-hormiguero-3d-nuevo.jpg","width":1280,"height":1280,"caption":"kit hormiguero modular 3d + caja modular"},{"@type":"BreadcrumbList","@id":"https:\/\/antderground.com\/pt-br\/produto\/kit-modular-3d-v1-pequeno\/#breadcrumb","itemListElement":[{"@type":"ListItem","position":1,"name":"Portada","item":"https:\/\/antderground.com\/pt-br\/"},{"@type":"ListItem","position":2,"name":"Produtos","item":"https:\/\/antderground.com\/pt-br\/loja-de-formigueiros\/"},{"@type":"ListItem","position":3,"name":"Kit Modular 3D v1 (Pequeno)"}]},{"@type":"WebSite","@id":"https:\/\/antderground.com\/pt-br\/#website","url":"https:\/\/antderground.com\/pt-br\/","name":"ANTDERGROUND","description":"Tu tienda de hormigas, gran variedad de hormigueros acr\u00edlicos,madera,arena,3D y mas.. Pide tus hormigas gratis con tu pedido, somos expertos en hormigueros antifugas.","publisher":{"@id":"https:\/\/antderground.com\/pt-br\/#\/schema\/person\/0e322c505e84fe72c65e2f6d08f96b81"},"alternateName":"Antderground","potentialAction":[{"@type":"SearchAction","target":{"@type":"EntryPoint","urlTemplate":"https:\/\/antderground.com\/pt-br\/?s={search_term_string}"},"query-input":{"@type":"PropertyValueSpecification","valueRequired":true,"valueName":"search_term_string"}}],"inLanguage":"pt-BR"},{"@type":["Person","Organization"],"@id":"https:\/\/antderground.com\/pt-br\/#\/schema\/person\/0e322c505e84fe72c65e2f6d08f96b81","name":"Eric de Antderground","image":{"@type":"ImageObject","inLanguage":"pt-BR","@id":"https:\/\/secure.gravatar.com\/avatar\/c49a1b9f79216d1498cb73c1e85cd47f4465dda35f2a94c03790d491bd4423c3?s=96&d=mm&r=g","url":"https:\/\/secure.gravatar.com\/avatar\/c49a1b9f79216d1498cb73c1e85cd47f4465dda35f2a94c03790d491bd4423c3?s=96&d=mm&r=g","contentUrl":"https:\/\/secure.gravatar.com\/avatar\/c49a1b9f79216d1498cb73c1e85cd47f4465dda35f2a94c03790d491bd4423c3?s=96&d=mm&r=g","caption":"Eric de Antderground"},"logo":{"@id":"https:\/\/secure.gravatar.com\/avatar\/c49a1b9f79216d1498cb73c1e85cd47f4465dda35f2a94c03790d491bd4423c3?s=96&d=mm&r=g"},"description":"Eric es el especialista y fundador de Antderground, con una amplia trayectoria en artr\u00f3podos y enfocado en la mirmecolog\u00eda y el dise\u00f1o de hormigueros artificiales. Su enfoque combina la innovaci\u00f3n t\u00e9cnica con el respeto por la biolog\u00eda de las hormigas, is\u00f3podos y otros, desarrollando sistemas de nidos modulares 3D y acr\u00edlicos que son referentes para aficionados y profesionales en toda Europa. Su objetivo es facilitar la cr\u00eda de hormigas y otros artr\u00f3podos mediante soluciones seguras y divulgaci\u00f3n de calidad.","sameAs":["https:\/\/antderground.com\/","https:\/\/www.youtube.com\/channel\/UCio72z7TlbufkAthAJIJfPw"]}]}},"_links":{"self":[{"href":"https:\/\/antderground.com\/pt-br\/wp-json\/wp\/v2\/product\/31079","targetHints":{"allow":["GET"]}}],"collection":[{"href":"https:\/\/antderground.com\/pt-br\/wp-json\/wp\/v2\/product"}],"about":[{"href":"https:\/\/antderground.com\/pt-br\/wp-json\/wp\/v2\/types\/product"}],"version-history":[{"count":0,"href":"https:\/\/antderground.com\/pt-br\/wp-json\/wp\/v2\/product\/31079\/revisions"}],"wp:featuredmedia":[{"embeddable":true,"href":"https:\/\/antderground.com\/pt-br\/wp-json\/wp\/v2\/media\/31068"}],"wp:attachment":[{"href":"https:\/\/antderground.com\/pt-br\/wp-json\/wp\/v2\/media?parent=31079"}],"wp:term":[{"taxonomy":"product_brand","embeddable":true,"href":"https:\/\/antderground.com\/pt-br\/wp-json\/wp\/v2\/product_brand?post=31079"},{"taxonomy":"product_cat","embeddable":true,"href":"https:\/\/antderground.com\/pt-br\/wp-json\/wp\/v2\/product_cat?post=31079"},{"taxonomy":"product_tag","embeddable":true,"href":"https:\/\/antderground.com\/pt-br\/wp-json\/wp\/v2\/product_tag?post=31079"}],"curies":[{"name":"wp","href":"https:\/\/api.w.org\/{rel}","templated":true}]}}