{"id":31404,"date":"2023-12-11T11:54:07","date_gmt":"2023-12-11T10:54:07","guid":{"rendered":"https:\/\/www.antderground.com\/producto\/kit-modular-3d-m\/"},"modified":"2023-12-11T11:54:07","modified_gmt":"2023-12-11T10:54:07","slug":"kit-modular-3d-m","status":"publish","type":"product","link":"https:\/\/antderground.com\/pt-br\/produto\/kit-modular-3d-m\/","title":{"rendered":"Kit Modular 3D (M)"},"content":{"rendered":"<h2>Kit Modular 3D (M): Explore o Fascinante Mundo das Formigas<\/h2>\n<h3>Introdu\u00e7\u00e3o<\/h3>\n<p>Mergulhe na mirmecologia com nosso Kit Modular 3D (M), perfeito para iniciar col\u00f4nias m\u00e9dias de formigas. Este kit, totalmente modular, oferece a liberdade de personalizar e expandir seu habitat de acordo com suas prefer\u00eancias.<\/p>\n<h3>Conte\u00fado do Kit<\/h3>\n<p><strong>1. Caixa de Forrageamento 10&#215;20 (cm)<\/strong><\/p>\n<p>Inicie sua jornada com uma espa\u00e7osa caixa de forrageamento de 10&#215;20 cm, proporcionando um espa\u00e7o seguro para as atividades di\u00e1rias de suas formigas.<\/p>\n<p><strong>2. Formigueiro Modular 3D 10&#215;20 (cm)<\/strong><\/p>\n<p>O cora\u00e7\u00e3o do seu habitat \u00e9 o formigueiro modular 3D, projetado para recriar as condi\u00e7\u00f5es naturais ideais e favorecer o desenvolvimento de sua col\u00f4nia.<\/p>\n<p><strong>3. Conectores Modulares<\/strong><\/p>\n<p>A versatilidade do kit reside nos conectores modulares, que permitem unir a caixa de forrageamento e expandir seu habitat com facilidade.<\/p>\n<p><strong>4. Tampa Vermelha do Formigueiro<\/strong><\/p>\n<p>Garanta a seguran\u00e7a de suas formigas com a tampa vermelha projetada especificamente para o formigueiro.<\/p>\n<h4>Conclus\u00e3o<\/h4>\n<p>Explore, aprenda e aproveite o fascinante mundo das formigas com nosso Kit Modular 3D (M). Crie um ambiente \u00fanico para suas col\u00f4nias e observe como prosperam em seu novo lar. Bem-vindo \u00e0 incr\u00edvel comunidade da mirmecologia!<\/p>\n","protected":false},"excerpt":{"rendered":"<p>Um kit modular 3D de tamanho m\u00e9dio (m\u00e9dio) perfeito para come\u00e7ar a ter col\u00f4nias de formigas. Com a grande vantagem de ser modular e poder expandir como desejar!!<\/p>\n<p><strong>O pacote cont\u00e9m:<\/strong><br \/>\n1 Caixa de forragem 10&#215;20 (cm).<br \/>\n1 formigueiro modular 3D 10&#215;20 (cm).<br \/>\n2 conectores modulares.<br \/>\n1 Capa de formigueiro vermelho.<\/p>\n","protected":false},"featured_media":31385,"template":"","meta":[],"product_brand":[],"product_cat":[379,391],"product_tag":[],"class_list":{"0":"post-31404","1":"product","2":"type-product","3":"status-publish","4":"has-post-thumbnail","6":"product_cat-formigueiros","7":"product_cat-kits-de-formigueiros","9":"first","10":"instock","11":"sale","12":"shipping-taxable","13":"purchasable","14":"product-type-simple"},"yoast_head":"<!-- This site is optimized with the Yoast SEO plugin v27.4 - https:\/\/yoast.com\/product\/yoast-seo-wordpress\/ -->\n<title>Kit modular 3D (M) | Formigueiro 10x20 + Forrageamento 10x20 - ANTDERGROUND<\/title>\n<meta name=\"description\" content=\"Surpreendente kit modular 3D (M) composto por um Formigueiro 3D 10x20 e uma Caixa de Forragem 10x20. Perfeito para suas col\u00f4nias de formigas!! Brutal!!! ;-)\" \/>\n<meta name=\"robots\" content=\"index, follow, max-snippet:-1, max-image-preview:large, max-video-preview:-1\" \/>\n<link rel=\"canonical\" href=\"https:\/\/antderground.com\/pt-br\/produto\/kit-modular-3d-m\/\" \/>\n<meta property=\"og:locale\" content=\"pt_BR\" \/>\n<meta property=\"og:type\" content=\"article\" \/>\n<meta property=\"og:title\" content=\"Kit modular 3D (M) | Formigueiro 10x20 + Forrageamento 10x20 - ANTDERGROUND\" \/>\n<meta property=\"og:description\" content=\"Surpreendente kit modular 3D (M) composto por um Formigueiro 3D 10x20 e uma Caixa de Forragem 10x20. Perfeito para suas col\u00f4nias de formigas!! Brutal!!! ;-)\" \/>\n<meta property=\"og:url\" content=\"https:\/\/antderground.com\/pt-br\/produto\/kit-modular-3d-m\/\" \/>\n<meta property=\"og:site_name\" content=\"ANTDERGROUND\" \/>\n<meta property=\"og:image\" content=\"https:\/\/antderground.com\/wp-content\/uploads\/2023\/12\/modular3d-mediano.jpg\" \/>\n\t<meta property=\"og:image:width\" content=\"1280\" \/>\n\t<meta property=\"og:image:height\" content=\"1280\" \/>\n\t<meta property=\"og:image:type\" content=\"image\/jpeg\" \/>\n<meta name=\"twitter:card\" content=\"summary_large_image\" \/>\n<meta name=\"twitter:label1\" content=\"Est. tempo de leitura\" \/>\n\t<meta name=\"twitter:data1\" content=\"1 minuto\" \/>\n<script type=\"application\/ld+json\" class=\"yoast-schema-graph\">{\"@context\":\"https:\\\/\\\/schema.org\",\"@graph\":[{\"@type\":\"WebPage\",\"@id\":\"https:\\\/\\\/antderground.com\\\/pt-br\\\/produto\\\/kit-modular-3d-m\\\/\",\"url\":\"https:\\\/\\\/antderground.com\\\/pt-br\\\/produto\\\/kit-modular-3d-m\\\/\",\"name\":\"Kit modular 3D (M) | Formigueiro 10x20 + Forrageamento 10x20 - ANTDERGROUND\",\"isPartOf\":{\"@id\":\"https:\\\/\\\/antderground.com\\\/pt-br\\\/#website\"},\"primaryImageOfPage\":{\"@id\":\"https:\\\/\\\/antderground.com\\\/pt-br\\\/produto\\\/kit-modular-3d-m\\\/#primaryimage\"},\"image\":{\"@id\":\"https:\\\/\\\/antderground.com\\\/pt-br\\\/produto\\\/kit-modular-3d-m\\\/#primaryimage\"},\"thumbnailUrl\":\"https:\\\/\\\/antderground.com\\\/wp-content\\\/uploads\\\/2023\\\/12\\\/modular3d-mediano.jpg\",\"datePublished\":\"2023-12-11T10:54:07+00:00\",\"description\":\"Surpreendente kit modular 3D (M) composto por um Formigueiro 3D 10x20 e uma Caixa de Forragem 10x20. Perfeito para suas col\u00f4nias de formigas!! Brutal!!! ;-)\",\"breadcrumb\":{\"@id\":\"https:\\\/\\\/antderground.com\\\/pt-br\\\/produto\\\/kit-modular-3d-m\\\/#breadcrumb\"},\"inLanguage\":\"pt-BR\",\"potentialAction\":[{\"@type\":\"ReadAction\",\"target\":[\"https:\\\/\\\/antderground.com\\\/pt-br\\\/produto\\\/kit-modular-3d-m\\\/\"]}]},{\"@type\":\"ImageObject\",\"inLanguage\":\"pt-BR\",\"@id\":\"https:\\\/\\\/antderground.com\\\/pt-br\\\/produto\\\/kit-modular-3d-m\\\/#primaryimage\",\"url\":\"https:\\\/\\\/antderground.com\\\/wp-content\\\/uploads\\\/2023\\\/12\\\/modular3d-mediano.jpg\",\"contentUrl\":\"https:\\\/\\\/antderground.com\\\/wp-content\\\/uploads\\\/2023\\\/12\\\/modular3d-mediano.jpg\",\"width\":1280,\"height\":1280,\"caption\":\"Kit formigueiro modular 3D com caixa de forrageamento 3D\"},{\"@type\":\"BreadcrumbList\",\"@id\":\"https:\\\/\\\/antderground.com\\\/pt-br\\\/produto\\\/kit-modular-3d-m\\\/#breadcrumb\",\"itemListElement\":[{\"@type\":\"ListItem\",\"position\":1,\"name\":\"Portada\",\"item\":\"https:\\\/\\\/antderground.com\\\/pt-br\\\/\"},{\"@type\":\"ListItem\",\"position\":2,\"name\":\"Produtos\",\"item\":\"https:\\\/\\\/antderground.com\\\/pt-br\\\/loja-de-formigueiros\\\/\"},{\"@type\":\"ListItem\",\"position\":3,\"name\":\"Kit Modular 3D (M)\"}]},{\"@type\":\"WebSite\",\"@id\":\"https:\\\/\\\/antderground.com\\\/pt-br\\\/#website\",\"url\":\"https:\\\/\\\/antderground.com\\\/pt-br\\\/\",\"name\":\"ANTDERGROUND\",\"description\":\"Tu tienda de hormigas, gran variedad de hormigueros acr\u00edlicos,madera,arena,3D y mas.. Pide tus hormigas gratis con tu pedido, somos expertos en hormigueros antifugas.\",\"publisher\":{\"@id\":\"https:\\\/\\\/antderground.com\\\/pt-br\\\/#\\\/schema\\\/person\\\/0e322c505e84fe72c65e2f6d08f96b81\"},\"alternateName\":\"Antderground\",\"potentialAction\":[{\"@type\":\"SearchAction\",\"target\":{\"@type\":\"EntryPoint\",\"urlTemplate\":\"https:\\\/\\\/antderground.com\\\/pt-br\\\/?s={search_term_string}\"},\"query-input\":{\"@type\":\"PropertyValueSpecification\",\"valueRequired\":true,\"valueName\":\"search_term_string\"}}],\"inLanguage\":\"pt-BR\"},{\"@type\":[\"Person\",\"Organization\"],\"@id\":\"https:\\\/\\\/antderground.com\\\/pt-br\\\/#\\\/schema\\\/person\\\/0e322c505e84fe72c65e2f6d08f96b81\",\"name\":\"Eric de Antderground\",\"image\":{\"@type\":\"ImageObject\",\"inLanguage\":\"pt-BR\",\"@id\":\"https:\\\/\\\/secure.gravatar.com\\\/avatar\\\/c49a1b9f79216d1498cb73c1e85cd47f4465dda35f2a94c03790d491bd4423c3?s=96&d=mm&r=g\",\"url\":\"https:\\\/\\\/secure.gravatar.com\\\/avatar\\\/c49a1b9f79216d1498cb73c1e85cd47f4465dda35f2a94c03790d491bd4423c3?s=96&d=mm&r=g\",\"contentUrl\":\"https:\\\/\\\/secure.gravatar.com\\\/avatar\\\/c49a1b9f79216d1498cb73c1e85cd47f4465dda35f2a94c03790d491bd4423c3?s=96&d=mm&r=g\",\"caption\":\"Eric de Antderground\"},\"logo\":{\"@id\":\"https:\\\/\\\/secure.gravatar.com\\\/avatar\\\/c49a1b9f79216d1498cb73c1e85cd47f4465dda35f2a94c03790d491bd4423c3?s=96&d=mm&r=g\"},\"description\":\"Eric es el especialista y fundador de Antderground, con una amplia trayectoria en artr\u00f3podos y enfocado en la mirmecolog\u00eda y el dise\u00f1o de hormigueros artificiales. Su enfoque combina la innovaci\u00f3n t\u00e9cnica con el respeto por la biolog\u00eda de las hormigas, is\u00f3podos y otros, desarrollando sistemas de nidos modulares 3D y acr\u00edlicos que son referentes para aficionados y profesionales en toda Europa. Su objetivo es facilitar la cr\u00eda de hormigas y otros artr\u00f3podos mediante soluciones seguras y divulgaci\u00f3n de calidad.\",\"sameAs\":[\"https:\\\/\\\/antderground.com\\\/\",\"https:\\\/\\\/www.youtube.com\\\/channel\\\/UCio72z7TlbufkAthAJIJfPw\"]}]}<\/script>\n<!-- \/ Yoast SEO plugin. -->","yoast_head_json":{"title":"Kit modular 3D (M) | Formigueiro 10x20 + Forrageamento 10x20 - ANTDERGROUND","description":"Surpreendente kit modular 3D (M) composto por um Formigueiro 3D 10x20 e uma Caixa de Forragem 10x20. Perfeito para suas col\u00f4nias de formigas!! Brutal!!! ;-)","robots":{"index":"index","follow":"follow","max-snippet":"max-snippet:-1","max-image-preview":"max-image-preview:large","max-video-preview":"max-video-preview:-1"},"canonical":"https:\/\/antderground.com\/pt-br\/produto\/kit-modular-3d-m\/","og_locale":"pt_BR","og_type":"article","og_title":"Kit modular 3D (M) | Formigueiro 10x20 + Forrageamento 10x20 - ANTDERGROUND","og_description":"Surpreendente kit modular 3D (M) composto por um Formigueiro 3D 10x20 e uma Caixa de Forragem 10x20. Perfeito para suas col\u00f4nias de formigas!! Brutal!!! ;-)","og_url":"https:\/\/antderground.com\/pt-br\/produto\/kit-modular-3d-m\/","og_site_name":"ANTDERGROUND","og_image":[{"width":1280,"height":1280,"url":"https:\/\/antderground.com\/wp-content\/uploads\/2023\/12\/modular3d-mediano.jpg","type":"image\/jpeg"}],"twitter_card":"summary_large_image","twitter_misc":{"Est. tempo de leitura":"1 minuto"},"schema":{"@context":"https:\/\/schema.org","@graph":[{"@type":"WebPage","@id":"https:\/\/antderground.com\/pt-br\/produto\/kit-modular-3d-m\/","url":"https:\/\/antderground.com\/pt-br\/produto\/kit-modular-3d-m\/","name":"Kit modular 3D (M) | Formigueiro 10x20 + Forrageamento 10x20 - ANTDERGROUND","isPartOf":{"@id":"https:\/\/antderground.com\/pt-br\/#website"},"primaryImageOfPage":{"@id":"https:\/\/antderground.com\/pt-br\/produto\/kit-modular-3d-m\/#primaryimage"},"image":{"@id":"https:\/\/antderground.com\/pt-br\/produto\/kit-modular-3d-m\/#primaryimage"},"thumbnailUrl":"https:\/\/antderground.com\/wp-content\/uploads\/2023\/12\/modular3d-mediano.jpg","datePublished":"2023-12-11T10:54:07+00:00","description":"Surpreendente kit modular 3D (M) composto por um Formigueiro 3D 10x20 e uma Caixa de Forragem 10x20. Perfeito para suas col\u00f4nias de formigas!! Brutal!!! ;-)","breadcrumb":{"@id":"https:\/\/antderground.com\/pt-br\/produto\/kit-modular-3d-m\/#breadcrumb"},"inLanguage":"pt-BR","potentialAction":[{"@type":"ReadAction","target":["https:\/\/antderground.com\/pt-br\/produto\/kit-modular-3d-m\/"]}]},{"@type":"ImageObject","inLanguage":"pt-BR","@id":"https:\/\/antderground.com\/pt-br\/produto\/kit-modular-3d-m\/#primaryimage","url":"https:\/\/antderground.com\/wp-content\/uploads\/2023\/12\/modular3d-mediano.jpg","contentUrl":"https:\/\/antderground.com\/wp-content\/uploads\/2023\/12\/modular3d-mediano.jpg","width":1280,"height":1280,"caption":"Kit formigueiro modular 3D com caixa de forrageamento 3D"},{"@type":"BreadcrumbList","@id":"https:\/\/antderground.com\/pt-br\/produto\/kit-modular-3d-m\/#breadcrumb","itemListElement":[{"@type":"ListItem","position":1,"name":"Portada","item":"https:\/\/antderground.com\/pt-br\/"},{"@type":"ListItem","position":2,"name":"Produtos","item":"https:\/\/antderground.com\/pt-br\/loja-de-formigueiros\/"},{"@type":"ListItem","position":3,"name":"Kit Modular 3D (M)"}]},{"@type":"WebSite","@id":"https:\/\/antderground.com\/pt-br\/#website","url":"https:\/\/antderground.com\/pt-br\/","name":"ANTDERGROUND","description":"Tu tienda de hormigas, gran variedad de hormigueros acr\u00edlicos,madera,arena,3D y mas.. Pide tus hormigas gratis con tu pedido, somos expertos en hormigueros antifugas.","publisher":{"@id":"https:\/\/antderground.com\/pt-br\/#\/schema\/person\/0e322c505e84fe72c65e2f6d08f96b81"},"alternateName":"Antderground","potentialAction":[{"@type":"SearchAction","target":{"@type":"EntryPoint","urlTemplate":"https:\/\/antderground.com\/pt-br\/?s={search_term_string}"},"query-input":{"@type":"PropertyValueSpecification","valueRequired":true,"valueName":"search_term_string"}}],"inLanguage":"pt-BR"},{"@type":["Person","Organization"],"@id":"https:\/\/antderground.com\/pt-br\/#\/schema\/person\/0e322c505e84fe72c65e2f6d08f96b81","name":"Eric de Antderground","image":{"@type":"ImageObject","inLanguage":"pt-BR","@id":"https:\/\/secure.gravatar.com\/avatar\/c49a1b9f79216d1498cb73c1e85cd47f4465dda35f2a94c03790d491bd4423c3?s=96&d=mm&r=g","url":"https:\/\/secure.gravatar.com\/avatar\/c49a1b9f79216d1498cb73c1e85cd47f4465dda35f2a94c03790d491bd4423c3?s=96&d=mm&r=g","contentUrl":"https:\/\/secure.gravatar.com\/avatar\/c49a1b9f79216d1498cb73c1e85cd47f4465dda35f2a94c03790d491bd4423c3?s=96&d=mm&r=g","caption":"Eric de Antderground"},"logo":{"@id":"https:\/\/secure.gravatar.com\/avatar\/c49a1b9f79216d1498cb73c1e85cd47f4465dda35f2a94c03790d491bd4423c3?s=96&d=mm&r=g"},"description":"Eric es el especialista y fundador de Antderground, con una amplia trayectoria en artr\u00f3podos y enfocado en la mirmecolog\u00eda y el dise\u00f1o de hormigueros artificiales. Su enfoque combina la innovaci\u00f3n t\u00e9cnica con el respeto por la biolog\u00eda de las hormigas, is\u00f3podos y otros, desarrollando sistemas de nidos modulares 3D y acr\u00edlicos que son referentes para aficionados y profesionales en toda Europa. Su objetivo es facilitar la cr\u00eda de hormigas y otros artr\u00f3podos mediante soluciones seguras y divulgaci\u00f3n de calidad.","sameAs":["https:\/\/antderground.com\/","https:\/\/www.youtube.com\/channel\/UCio72z7TlbufkAthAJIJfPw"]}]}},"_links":{"self":[{"href":"https:\/\/antderground.com\/pt-br\/wp-json\/wp\/v2\/product\/31404","targetHints":{"allow":["GET"]}}],"collection":[{"href":"https:\/\/antderground.com\/pt-br\/wp-json\/wp\/v2\/product"}],"about":[{"href":"https:\/\/antderground.com\/pt-br\/wp-json\/wp\/v2\/types\/product"}],"version-history":[{"count":0,"href":"https:\/\/antderground.com\/pt-br\/wp-json\/wp\/v2\/product\/31404\/revisions"}],"wp:featuredmedia":[{"embeddable":true,"href":"https:\/\/antderground.com\/pt-br\/wp-json\/wp\/v2\/media\/31385"}],"wp:attachment":[{"href":"https:\/\/antderground.com\/pt-br\/wp-json\/wp\/v2\/media?parent=31404"}],"wp:term":[{"taxonomy":"product_brand","embeddable":true,"href":"https:\/\/antderground.com\/pt-br\/wp-json\/wp\/v2\/product_brand?post=31404"},{"taxonomy":"product_cat","embeddable":true,"href":"https:\/\/antderground.com\/pt-br\/wp-json\/wp\/v2\/product_cat?post=31404"},{"taxonomy":"product_tag","embeddable":true,"href":"https:\/\/antderground.com\/pt-br\/wp-json\/wp\/v2\/product_tag?post=31404"}],"curies":[{"name":"wp","href":"https:\/\/api.w.org\/{rel}","templated":true}]}}