{"id":32214,"date":"2019-07-22T13:50:55","date_gmt":"2019-07-22T11:50:55","guid":{"rendered":"https:\/\/www.antderground.com\/producto\/messor-barbarus\/"},"modified":"2025-07-13T02:06:08","modified_gmt":"2025-07-13T00:06:08","slug":"messor-barbarus","status":"publish","type":"product","link":"https:\/\/antderground.com\/pt-br\/produto\/messor-barbarus\/","title":{"rendered":"Messor Barbarus"},"content":{"rendered":"<p>A <a href=\"https:\/\/antderground.com\/pt-br\/categoria-produto\/formigas\/\">formiga rainha<\/a> de Messor Barbarus, ideal para come\u00e7ar no mundo das formigas ou da mirmecologia. Abaixo mostraremos algumas informa\u00e7\u00f5es b\u00e1sicas ou ficha t\u00e9cnica. \ud83d\ude09<\/p>\n<p><strong>Nome Cient\u00edfico:<\/strong><\/p>\n<ul>\n<li>Esp\u00e9cie: Messor barbarus<\/li>\n<\/ul>\n<p><strong>Classifica\u00e7\u00e3o:<\/strong><\/p>\n<ul>\n<li>Reino: Animalia<\/li>\n<li>Filo: Arthropoda<\/li>\n<li>Classe: Insecta<\/li>\n<li>Ordem: Hymenoptera<\/li>\n<li>Fam\u00edlia: Formicidae<\/li>\n<li>G\u00eanero: Messor<\/li>\n<\/ul>\n<p><strong>Morfologia:<\/strong><\/p>\n<ul>\n<li>Tamanho: Vari\u00e1vel, mas as oper\u00e1rias geralmente t\u00eam um tamanho de 5 a 10 mm.<\/li>\n<li>Cor: Marrom a avermelhado.<\/li>\n<li>Cabe\u00e7a: Proporcional ao corpo, com antenas e mand\u00edbulas proeminentes.<\/li>\n<li>T\u00f3rax: Dividido em tr\u00eas segmentos: pr\u00f3, m\u00e9so e metat\u00f3rax.<\/li>\n<li>Abd\u00f4men: Segmentado, com um pec\u00edolo distintivo.<\/li>\n<\/ul>\n<p><strong>Comportamento:<\/strong><\/p>\n<ul>\n<li>Tipo de col\u00f4nia: Polig\u00ednica (m\u00faltiplas rainhas por col\u00f4nia).<\/li>\n<li>Dieta: Principalmente gran\u00edvora, se alimenta de sementes.<\/li>\n<li>H\u00e1bitos: Constroem ninhos subterr\u00e2neos, caracterizados por mont\u00edculos de terra na superf\u00edcie.<\/li>\n<\/ul>\n<p><strong>Habitat:<\/strong><\/p>\n<ul>\n<li>Prefere \u00e1reas secas e quentes.<\/li>\n<li>Pode ser encontrada em campos, prados e \u00e1reas com vegeta\u00e7\u00e3o baixa.<\/li>\n<\/ul>\n<p><strong>Distribui\u00e7\u00e3o Geogr\u00e1fica:<\/strong><\/p>\n<ul>\n<li>Sul da Europa e Norte da \u00c1frica.<\/li>\n<\/ul>\n<p><strong>Ciclo de Vida:<\/strong><\/p>\n<ul>\n<li>Desenvolvimento com metamorfose completa (ovo, larva, pupa, adulto).<\/li>\n<li>A col\u00f4nia pode incluir v\u00e1rias rainhas.<\/li>\n<\/ul>\n<p><strong>Outros Aspectos:<\/strong><\/p>\n<ul>\n<li>Intera\u00e7\u00e3o com outras esp\u00e9cies: Pode interagir com outras formigas e competir por recursos.<\/li>\n<li>Import\u00e2ncia ecol\u00f3gica: Contribui para a dispers\u00e3o de sementes em seu habitat.<\/li>\n<\/ul>\n","protected":false},"excerpt":{"rendered":"<p>Conhe\u00e7a a formiga Messor barbarus, uma esp\u00e9cie perfeita para come\u00e7ar na mirmecologia, \u00e9 f\u00e1cil de cuidar e de ter uma col\u00f4nia.<\/p>\n","protected":false},"featured_media":23155,"template":"","meta":[],"product_brand":[],"product_cat":[381,502],"product_tag":[],"class_list":{"0":"post-32214","1":"product","2":"type-product","3":"status-publish","4":"has-post-thumbnail","6":"product_cat-formigas","7":"product_cat-formigas-europeias","9":"first","10":"instock","11":"shipping-taxable","12":"purchasable","13":"product-type-variable"},"yoast_head":"<!-- This site is optimized with the Yoast SEO plugin v27.3 - https:\/\/yoast.com\/product\/yoast-seo-wordpress\/ -->\n<title>Messor Barbarus | Formiga rainha ou col\u00f4nia de formigas - ANTDERGROUND<\/title>\n<meta name=\"description\" content=\"Descubra a formiga rainha Messor Barbarus, uma esp\u00e9cie perfeita para come\u00e7ar e criar sua pr\u00f3pria col\u00f4nia de formigas. Comece com suas formigas oper\u00e1rias!!\" \/>\n<meta name=\"robots\" content=\"index, follow, max-snippet:-1, max-image-preview:large, max-video-preview:-1\" \/>\n<link rel=\"canonical\" href=\"https:\/\/antderground.com\/pt-br\/produto\/messor-barbarus\/\" \/>\n<meta property=\"og:locale\" content=\"pt_BR\" \/>\n<meta property=\"og:type\" content=\"article\" \/>\n<meta property=\"og:title\" content=\"Messor Barbarus | Formiga rainha ou col\u00f4nia de formigas - ANTDERGROUND\" \/>\n<meta property=\"og:description\" content=\"Descubra a formiga rainha Messor Barbarus, uma esp\u00e9cie perfeita para come\u00e7ar e criar sua pr\u00f3pria col\u00f4nia de formigas. Comece com suas formigas oper\u00e1rias!!\" \/>\n<meta property=\"og:url\" content=\"https:\/\/antderground.com\/pt-br\/produto\/messor-barbarus\/\" \/>\n<meta property=\"og:site_name\" content=\"ANTDERGROUND\" \/>\n<meta property=\"article:modified_time\" content=\"2025-07-13T00:06:08+00:00\" \/>\n<meta property=\"og:image\" content=\"https:\/\/antderground.com\/wp-content\/uploads\/2019\/07\/messor-barbarus-1.jpg\" \/>\n\t<meta property=\"og:image:width\" content=\"709\" \/>\n\t<meta property=\"og:image:height\" content=\"709\" \/>\n\t<meta property=\"og:image:type\" content=\"image\/jpeg\" \/>\n<meta name=\"twitter:card\" content=\"summary_large_image\" \/>\n<meta name=\"twitter:label1\" content=\"Est. tempo de leitura\" \/>\n\t<meta name=\"twitter:data1\" content=\"1 minuto\" \/>\n<script type=\"application\/ld+json\" class=\"yoast-schema-graph\">{\"@context\":\"https:\\\/\\\/schema.org\",\"@graph\":[{\"@type\":\"WebPage\",\"@id\":\"https:\\\/\\\/antderground.com\\\/pt-br\\\/produto\\\/messor-barbarus\\\/\",\"url\":\"https:\\\/\\\/antderground.com\\\/pt-br\\\/produto\\\/messor-barbarus\\\/\",\"name\":\"Messor Barbarus | Formiga rainha ou col\u00f4nia de formigas - ANTDERGROUND\",\"isPartOf\":{\"@id\":\"https:\\\/\\\/antderground.com\\\/pt-br\\\/#website\"},\"primaryImageOfPage\":{\"@id\":\"https:\\\/\\\/antderground.com\\\/pt-br\\\/produto\\\/messor-barbarus\\\/#primaryimage\"},\"image\":{\"@id\":\"https:\\\/\\\/antderground.com\\\/pt-br\\\/produto\\\/messor-barbarus\\\/#primaryimage\"},\"thumbnailUrl\":\"https:\\\/\\\/antderground.com\\\/wp-content\\\/uploads\\\/2019\\\/07\\\/messor-barbarus-1.jpg\",\"datePublished\":\"2019-07-22T11:50:55+00:00\",\"dateModified\":\"2025-07-13T00:06:08+00:00\",\"description\":\"Descubra a formiga rainha Messor Barbarus, uma esp\u00e9cie perfeita para come\u00e7ar e criar sua pr\u00f3pria col\u00f4nia de formigas. Comece com suas formigas oper\u00e1rias!!\",\"breadcrumb\":{\"@id\":\"https:\\\/\\\/antderground.com\\\/pt-br\\\/produto\\\/messor-barbarus\\\/#breadcrumb\"},\"inLanguage\":\"pt-BR\",\"potentialAction\":[{\"@type\":\"ReadAction\",\"target\":[\"https:\\\/\\\/antderground.com\\\/pt-br\\\/produto\\\/messor-barbarus\\\/\"]}]},{\"@type\":\"ImageObject\",\"inLanguage\":\"pt-BR\",\"@id\":\"https:\\\/\\\/antderground.com\\\/pt-br\\\/produto\\\/messor-barbarus\\\/#primaryimage\",\"url\":\"https:\\\/\\\/antderground.com\\\/wp-content\\\/uploads\\\/2019\\\/07\\\/messor-barbarus-1.jpg\",\"contentUrl\":\"https:\\\/\\\/antderground.com\\\/wp-content\\\/uploads\\\/2019\\\/07\\\/messor-barbarus-1.jpg\",\"width\":709,\"height\":709,\"caption\":\"hormiga messor barbarus\"},{\"@type\":\"BreadcrumbList\",\"@id\":\"https:\\\/\\\/antderground.com\\\/pt-br\\\/produto\\\/messor-barbarus\\\/#breadcrumb\",\"itemListElement\":[{\"@type\":\"ListItem\",\"position\":1,\"name\":\"Portada\",\"item\":\"https:\\\/\\\/antderground.com\\\/pt-br\\\/\"},{\"@type\":\"ListItem\",\"position\":2,\"name\":\"Produtos\",\"item\":\"https:\\\/\\\/antderground.com\\\/pt-br\\\/loja-de-formigueiros\\\/\"},{\"@type\":\"ListItem\",\"position\":3,\"name\":\"Messor Barbarus\"}]},{\"@type\":\"WebSite\",\"@id\":\"https:\\\/\\\/antderground.com\\\/pt-br\\\/#website\",\"url\":\"https:\\\/\\\/antderground.com\\\/pt-br\\\/\",\"name\":\"ANTDERGROUND\",\"description\":\"Tu tienda de hormigas, gran variedad de hormigueros acr\u00edlicos,madera,arena,3D y mas.. Pide tus hormigas gratis con tu pedido, somos expertos en hormigueros antifugas.\",\"publisher\":{\"@id\":\"https:\\\/\\\/antderground.com\\\/pt-br\\\/#\\\/schema\\\/person\\\/0e322c505e84fe72c65e2f6d08f96b81\"},\"alternateName\":\"Antderground\",\"potentialAction\":[{\"@type\":\"SearchAction\",\"target\":{\"@type\":\"EntryPoint\",\"urlTemplate\":\"https:\\\/\\\/antderground.com\\\/pt-br\\\/?s={search_term_string}\"},\"query-input\":{\"@type\":\"PropertyValueSpecification\",\"valueRequired\":true,\"valueName\":\"search_term_string\"}}],\"inLanguage\":\"pt-BR\"},{\"@type\":[\"Person\",\"Organization\"],\"@id\":\"https:\\\/\\\/antderground.com\\\/pt-br\\\/#\\\/schema\\\/person\\\/0e322c505e84fe72c65e2f6d08f96b81\",\"name\":\"Eric de Antderground\",\"image\":{\"@type\":\"ImageObject\",\"inLanguage\":\"pt-BR\",\"@id\":\"https:\\\/\\\/secure.gravatar.com\\\/avatar\\\/c49a1b9f79216d1498cb73c1e85cd47f4465dda35f2a94c03790d491bd4423c3?s=96&d=mm&r=g\",\"url\":\"https:\\\/\\\/secure.gravatar.com\\\/avatar\\\/c49a1b9f79216d1498cb73c1e85cd47f4465dda35f2a94c03790d491bd4423c3?s=96&d=mm&r=g\",\"contentUrl\":\"https:\\\/\\\/secure.gravatar.com\\\/avatar\\\/c49a1b9f79216d1498cb73c1e85cd47f4465dda35f2a94c03790d491bd4423c3?s=96&d=mm&r=g\",\"caption\":\"Eric de Antderground\"},\"logo\":{\"@id\":\"https:\\\/\\\/secure.gravatar.com\\\/avatar\\\/c49a1b9f79216d1498cb73c1e85cd47f4465dda35f2a94c03790d491bd4423c3?s=96&d=mm&r=g\"},\"description\":\"Eric es el especialista y fundador de Antderground, con una amplia trayectoria en artr\u00f3podos y enfocado en la mirmecolog\u00eda y el dise\u00f1o de hormigueros artificiales. Su enfoque combina la innovaci\u00f3n t\u00e9cnica con el respeto por la biolog\u00eda de las hormigas, is\u00f3podos y otros, desarrollando sistemas de nidos modulares 3D y acr\u00edlicos que son referentes para aficionados y profesionales en toda Europa. Su objetivo es facilitar la cr\u00eda de hormigas y otros artr\u00f3podos mediante soluciones seguras y divulgaci\u00f3n de calidad.\",\"sameAs\":[\"https:\\\/\\\/antderground.com\\\/\",\"https:\\\/\\\/www.youtube.com\\\/channel\\\/UCio72z7TlbufkAthAJIJfPw\"]}]}<\/script>\n<!-- \/ Yoast SEO plugin. -->","yoast_head_json":{"title":"Messor Barbarus | Formiga rainha ou col\u00f4nia de formigas - ANTDERGROUND","description":"Descubra a formiga rainha Messor Barbarus, uma esp\u00e9cie perfeita para come\u00e7ar e criar sua pr\u00f3pria col\u00f4nia de formigas. Comece com suas formigas oper\u00e1rias!!","robots":{"index":"index","follow":"follow","max-snippet":"max-snippet:-1","max-image-preview":"max-image-preview:large","max-video-preview":"max-video-preview:-1"},"canonical":"https:\/\/antderground.com\/pt-br\/produto\/messor-barbarus\/","og_locale":"pt_BR","og_type":"article","og_title":"Messor Barbarus | Formiga rainha ou col\u00f4nia de formigas - ANTDERGROUND","og_description":"Descubra a formiga rainha Messor Barbarus, uma esp\u00e9cie perfeita para come\u00e7ar e criar sua pr\u00f3pria col\u00f4nia de formigas. Comece com suas formigas oper\u00e1rias!!","og_url":"https:\/\/antderground.com\/pt-br\/produto\/messor-barbarus\/","og_site_name":"ANTDERGROUND","article_modified_time":"2025-07-13T00:06:08+00:00","og_image":[{"width":709,"height":709,"url":"https:\/\/antderground.com\/wp-content\/uploads\/2019\/07\/messor-barbarus-1.jpg","type":"image\/jpeg"}],"twitter_card":"summary_large_image","twitter_misc":{"Est. tempo de leitura":"1 minuto"},"schema":{"@context":"https:\/\/schema.org","@graph":[{"@type":"WebPage","@id":"https:\/\/antderground.com\/pt-br\/produto\/messor-barbarus\/","url":"https:\/\/antderground.com\/pt-br\/produto\/messor-barbarus\/","name":"Messor Barbarus | Formiga rainha ou col\u00f4nia de formigas - ANTDERGROUND","isPartOf":{"@id":"https:\/\/antderground.com\/pt-br\/#website"},"primaryImageOfPage":{"@id":"https:\/\/antderground.com\/pt-br\/produto\/messor-barbarus\/#primaryimage"},"image":{"@id":"https:\/\/antderground.com\/pt-br\/produto\/messor-barbarus\/#primaryimage"},"thumbnailUrl":"https:\/\/antderground.com\/wp-content\/uploads\/2019\/07\/messor-barbarus-1.jpg","datePublished":"2019-07-22T11:50:55+00:00","dateModified":"2025-07-13T00:06:08+00:00","description":"Descubra a formiga rainha Messor Barbarus, uma esp\u00e9cie perfeita para come\u00e7ar e criar sua pr\u00f3pria col\u00f4nia de formigas. Comece com suas formigas oper\u00e1rias!!","breadcrumb":{"@id":"https:\/\/antderground.com\/pt-br\/produto\/messor-barbarus\/#breadcrumb"},"inLanguage":"pt-BR","potentialAction":[{"@type":"ReadAction","target":["https:\/\/antderground.com\/pt-br\/produto\/messor-barbarus\/"]}]},{"@type":"ImageObject","inLanguage":"pt-BR","@id":"https:\/\/antderground.com\/pt-br\/produto\/messor-barbarus\/#primaryimage","url":"https:\/\/antderground.com\/wp-content\/uploads\/2019\/07\/messor-barbarus-1.jpg","contentUrl":"https:\/\/antderground.com\/wp-content\/uploads\/2019\/07\/messor-barbarus-1.jpg","width":709,"height":709,"caption":"hormiga messor barbarus"},{"@type":"BreadcrumbList","@id":"https:\/\/antderground.com\/pt-br\/produto\/messor-barbarus\/#breadcrumb","itemListElement":[{"@type":"ListItem","position":1,"name":"Portada","item":"https:\/\/antderground.com\/pt-br\/"},{"@type":"ListItem","position":2,"name":"Produtos","item":"https:\/\/antderground.com\/pt-br\/loja-de-formigueiros\/"},{"@type":"ListItem","position":3,"name":"Messor Barbarus"}]},{"@type":"WebSite","@id":"https:\/\/antderground.com\/pt-br\/#website","url":"https:\/\/antderground.com\/pt-br\/","name":"ANTDERGROUND","description":"Tu tienda de hormigas, gran variedad de hormigueros acr\u00edlicos,madera,arena,3D y mas.. Pide tus hormigas gratis con tu pedido, somos expertos en hormigueros antifugas.","publisher":{"@id":"https:\/\/antderground.com\/pt-br\/#\/schema\/person\/0e322c505e84fe72c65e2f6d08f96b81"},"alternateName":"Antderground","potentialAction":[{"@type":"SearchAction","target":{"@type":"EntryPoint","urlTemplate":"https:\/\/antderground.com\/pt-br\/?s={search_term_string}"},"query-input":{"@type":"PropertyValueSpecification","valueRequired":true,"valueName":"search_term_string"}}],"inLanguage":"pt-BR"},{"@type":["Person","Organization"],"@id":"https:\/\/antderground.com\/pt-br\/#\/schema\/person\/0e322c505e84fe72c65e2f6d08f96b81","name":"Eric de Antderground","image":{"@type":"ImageObject","inLanguage":"pt-BR","@id":"https:\/\/secure.gravatar.com\/avatar\/c49a1b9f79216d1498cb73c1e85cd47f4465dda35f2a94c03790d491bd4423c3?s=96&d=mm&r=g","url":"https:\/\/secure.gravatar.com\/avatar\/c49a1b9f79216d1498cb73c1e85cd47f4465dda35f2a94c03790d491bd4423c3?s=96&d=mm&r=g","contentUrl":"https:\/\/secure.gravatar.com\/avatar\/c49a1b9f79216d1498cb73c1e85cd47f4465dda35f2a94c03790d491bd4423c3?s=96&d=mm&r=g","caption":"Eric de Antderground"},"logo":{"@id":"https:\/\/secure.gravatar.com\/avatar\/c49a1b9f79216d1498cb73c1e85cd47f4465dda35f2a94c03790d491bd4423c3?s=96&d=mm&r=g"},"description":"Eric es el especialista y fundador de Antderground, con una amplia trayectoria en artr\u00f3podos y enfocado en la mirmecolog\u00eda y el dise\u00f1o de hormigueros artificiales. Su enfoque combina la innovaci\u00f3n t\u00e9cnica con el respeto por la biolog\u00eda de las hormigas, is\u00f3podos y otros, desarrollando sistemas de nidos modulares 3D y acr\u00edlicos que son referentes para aficionados y profesionales en toda Europa. Su objetivo es facilitar la cr\u00eda de hormigas y otros artr\u00f3podos mediante soluciones seguras y divulgaci\u00f3n de calidad.","sameAs":["https:\/\/antderground.com\/","https:\/\/www.youtube.com\/channel\/UCio72z7TlbufkAthAJIJfPw"]}]}},"_links":{"self":[{"href":"https:\/\/antderground.com\/pt-br\/wp-json\/wp\/v2\/product\/32214","targetHints":{"allow":["GET"]}}],"collection":[{"href":"https:\/\/antderground.com\/pt-br\/wp-json\/wp\/v2\/product"}],"about":[{"href":"https:\/\/antderground.com\/pt-br\/wp-json\/wp\/v2\/types\/product"}],"version-history":[{"count":0,"href":"https:\/\/antderground.com\/pt-br\/wp-json\/wp\/v2\/product\/32214\/revisions"}],"wp:featuredmedia":[{"embeddable":true,"href":"https:\/\/antderground.com\/pt-br\/wp-json\/wp\/v2\/media\/23155"}],"wp:attachment":[{"href":"https:\/\/antderground.com\/pt-br\/wp-json\/wp\/v2\/media?parent=32214"}],"wp:term":[{"taxonomy":"product_brand","embeddable":true,"href":"https:\/\/antderground.com\/pt-br\/wp-json\/wp\/v2\/product_brand?post=32214"},{"taxonomy":"product_cat","embeddable":true,"href":"https:\/\/antderground.com\/pt-br\/wp-json\/wp\/v2\/product_cat?post=32214"},{"taxonomy":"product_tag","embeddable":true,"href":"https:\/\/antderground.com\/pt-br\/wp-json\/wp\/v2\/product_tag?post=32214"}],"curies":[{"name":"wp","href":"https:\/\/api.w.org\/{rel}","templated":true}]}}