{"id":33333,"date":"2024-03-26T17:12:51","date_gmt":"2024-03-26T16:12:51","guid":{"rendered":"https:\/\/www.antderground.com\/producto\/cubaris-panda-king\/"},"modified":"2025-06-06T11:14:13","modified_gmt":"2025-06-06T09:14:13","slug":"cubaris-panda-king","status":"publish","type":"product","link":"https:\/\/antderground.com\/pt-br\/produto\/cubaris-panda-king\/","title":{"rendered":"Cubaris panda king"},"content":{"rendered":"<p><strong>Nome cient\u00edfico:<\/strong> Cubaris panda king<br \/>\n<strong>Nome comum<\/strong>: Cubaris panda king<br \/>\n<strong>Classifica\u00e7\u00e3o taxon\u00f4mica:<\/strong><\/p>\n<p>Reino: Animalia<br \/>\nFilo: Arthropoda<br \/>\nSubfilo: Crustacea<br \/>\nClasse: Malacostraca<br \/>\nOrdem: Isopoda<br \/>\nFam\u00edlia: Cubaridae<br \/>\nG\u00eanero: Cubaris<br \/>\nEsp\u00e9cie: Cubaris panda king<br \/>\nDistribui\u00e7\u00e3o: Eles s\u00e3o encontrados principalmente em habitats tropicais e subtropicais, especialmente em \u00e1reas da \u00c1sia, como Tail\u00e2ndia.<\/p>\n<p><strong>Descri\u00e7\u00e3o f\u00edsica:<\/strong><\/p>\n<p>Tamanho: Cubaris panda king tem um tamanho que geralmente varia entre 5 mm e 1,3 cm de comprimento.<br \/>\nCor: Geralmente de tons escuros, com padr\u00f5es que se assemelham a um panda, o que lhes d\u00e1 o nome comum.<br \/>\nForma do corpo: Corpo ovalado e achatado dorsoventralmente, com sete pares de pernas.<br \/>\nHabitat: Eles geralmente habitam em ambientes \u00famidos e escuros, como sob rochas, troncos em decomposi\u00e7\u00e3o, folhas ca\u00eddas ou em cavernas.<\/p>\n<p><strong>Dieta:<\/strong> Eles s\u00e3o detrit\u00edvoros, o que significa que se alimentam principalmente de mat\u00e9ria org\u00e2nica em decomposi\u00e7\u00e3o, como folhas mortas, madeira em decomposi\u00e7\u00e3o e outros restos vegetais.<\/p>\n<p><strong>Comportamento:<\/strong> Cubaris panda king \u00e9 conhecido por ser uma esp\u00e9cie social que tende a se agrupar em col\u00f4nias. S\u00e3o noturnos e passam a maior parte do tempo escondidos durante o dia.<\/p>\n<p><strong>Reprodu\u00e7\u00e3o:<\/strong> Eles se reproduzem por partenog\u00eanese, um processo no qual os ovos se desenvolvem sem serem fertilizados por machos. As crias passam por v\u00e1rias etapas de desenvolvimento antes de se tornarem adultos.<\/p>\n<p><strong>Import\u00e2ncia ecol\u00f3gica:<\/strong> Cubaris panda king desempenha um papel importante na decomposi\u00e7\u00e3o da mat\u00e9ria org\u00e2nica nos ecossistemas, ajudando no ciclo de nutrientes e contribuindo para a sa\u00fade do solo.<\/p>\n","protected":false},"excerpt":{"rendered":"<p>Descubra a fascinante vida em miniatura com o Cubaris Panda King! Guardi\u00f5es do equil\u00edbrio ecol\u00f3gico do seu terr\u00e1rio. D\u00ea vida ao seu habitat com estes companheiros ador\u00e1veis \u200b\u200be ben\u00e9ficos!<\/p>\n","protected":false},"featured_media":33306,"template":"","meta":[],"product_brand":[],"product_cat":[483,486,721],"product_tag":[],"class_list":{"0":"post-33333","1":"product","2":"type-product","3":"status-publish","4":"has-post-thumbnail","6":"product_cat-artropodes","7":"product_cat-isopodos","8":"product_cat-cubaris","10":"first","11":"instock","12":"shipping-taxable","13":"purchasable","14":"product-type-variable"},"yoast_head":"<!-- This site is optimized with the Yoast SEO plugin v27.4 - https:\/\/yoast.com\/product\/yoast-seo-wordpress\/ -->\n<title>Cubaris panda king | Is\u00f3podes | insetos - ANTDERGROUND<\/title>\n<meta name=\"description\" content=\"Nova variedade de is\u00f3podes (Cubaris panda king) s\u00e3o conhecidos pela sua cor e por serem um dos mais bonitos na categoria de is\u00f3podes (terr\u00e1rios).\" \/>\n<meta name=\"robots\" content=\"index, follow, max-snippet:-1, max-image-preview:large, max-video-preview:-1\" \/>\n<link rel=\"canonical\" href=\"https:\/\/antderground.com\/pt-br\/produto\/cubaris-panda-king\/\" \/>\n<meta property=\"og:locale\" content=\"pt_BR\" \/>\n<meta property=\"og:type\" content=\"article\" \/>\n<meta property=\"og:title\" content=\"Cubaris panda king | Is\u00f3podes | insetos - ANTDERGROUND\" \/>\n<meta property=\"og:description\" content=\"Nova variedade de is\u00f3podes (Cubaris panda king) s\u00e3o conhecidos pela sua cor e por serem um dos mais bonitos na categoria de is\u00f3podes (terr\u00e1rios).\" \/>\n<meta property=\"og:url\" content=\"https:\/\/antderground.com\/pt-br\/produto\/cubaris-panda-king\/\" \/>\n<meta property=\"og:site_name\" content=\"ANTDERGROUND\" \/>\n<meta property=\"article:modified_time\" content=\"2025-06-06T09:14:13+00:00\" \/>\n<meta property=\"og:image\" content=\"https:\/\/antderground.com\/wp-content\/uploads\/2024\/03\/Cubaris-panda-king.jpg\" \/>\n\t<meta property=\"og:image:width\" content=\"1826\" \/>\n\t<meta property=\"og:image:height\" content=\"1826\" \/>\n\t<meta property=\"og:image:type\" content=\"image\/jpeg\" \/>\n<meta name=\"twitter:card\" content=\"summary_large_image\" \/>\n<meta name=\"twitter:label1\" content=\"Est. tempo de leitura\" \/>\n\t<meta name=\"twitter:data1\" content=\"1 minuto\" \/>\n<script type=\"application\/ld+json\" class=\"yoast-schema-graph\">{\"@context\":\"https:\\\/\\\/schema.org\",\"@graph\":[{\"@type\":\"WebPage\",\"@id\":\"https:\\\/\\\/antderground.com\\\/pt-br\\\/produto\\\/cubaris-panda-king\\\/\",\"url\":\"https:\\\/\\\/antderground.com\\\/pt-br\\\/produto\\\/cubaris-panda-king\\\/\",\"name\":\"Cubaris panda king | Is\u00f3podes | insetos - ANTDERGROUND\",\"isPartOf\":{\"@id\":\"https:\\\/\\\/antderground.com\\\/pt-br\\\/#website\"},\"primaryImageOfPage\":{\"@id\":\"https:\\\/\\\/antderground.com\\\/pt-br\\\/produto\\\/cubaris-panda-king\\\/#primaryimage\"},\"image\":{\"@id\":\"https:\\\/\\\/antderground.com\\\/pt-br\\\/produto\\\/cubaris-panda-king\\\/#primaryimage\"},\"thumbnailUrl\":\"https:\\\/\\\/antderground.com\\\/wp-content\\\/uploads\\\/2024\\\/03\\\/Cubaris-panda-king.jpg\",\"datePublished\":\"2024-03-26T16:12:51+00:00\",\"dateModified\":\"2025-06-06T09:14:13+00:00\",\"description\":\"Nova variedade de is\u00f3podes (Cubaris panda king) s\u00e3o conhecidos pela sua cor e por serem um dos mais bonitos na categoria de is\u00f3podes (terr\u00e1rios).\",\"breadcrumb\":{\"@id\":\"https:\\\/\\\/antderground.com\\\/pt-br\\\/produto\\\/cubaris-panda-king\\\/#breadcrumb\"},\"inLanguage\":\"pt-BR\",\"potentialAction\":[{\"@type\":\"ReadAction\",\"target\":[\"https:\\\/\\\/antderground.com\\\/pt-br\\\/produto\\\/cubaris-panda-king\\\/\"]}]},{\"@type\":\"ImageObject\",\"inLanguage\":\"pt-BR\",\"@id\":\"https:\\\/\\\/antderground.com\\\/pt-br\\\/produto\\\/cubaris-panda-king\\\/#primaryimage\",\"url\":\"https:\\\/\\\/antderground.com\\\/wp-content\\\/uploads\\\/2024\\\/03\\\/Cubaris-panda-king.jpg\",\"contentUrl\":\"https:\\\/\\\/antderground.com\\\/wp-content\\\/uploads\\\/2024\\\/03\\\/Cubaris-panda-king.jpg\",\"width\":1826,\"height\":1826,\"caption\":\"Cubaris panda king\"},{\"@type\":\"BreadcrumbList\",\"@id\":\"https:\\\/\\\/antderground.com\\\/pt-br\\\/produto\\\/cubaris-panda-king\\\/#breadcrumb\",\"itemListElement\":[{\"@type\":\"ListItem\",\"position\":1,\"name\":\"Portada\",\"item\":\"https:\\\/\\\/antderground.com\\\/pt-br\\\/\"},{\"@type\":\"ListItem\",\"position\":2,\"name\":\"Produtos\",\"item\":\"https:\\\/\\\/antderground.com\\\/pt-br\\\/loja-de-formigueiros\\\/\"},{\"@type\":\"ListItem\",\"position\":3,\"name\":\"Cubaris panda king\"}]},{\"@type\":\"WebSite\",\"@id\":\"https:\\\/\\\/antderground.com\\\/pt-br\\\/#website\",\"url\":\"https:\\\/\\\/antderground.com\\\/pt-br\\\/\",\"name\":\"ANTDERGROUND\",\"description\":\"Tu tienda de hormigas, gran variedad de hormigueros acr\u00edlicos,madera,arena,3D y mas.. Pide tus hormigas gratis con tu pedido, somos expertos en hormigueros antifugas.\",\"publisher\":{\"@id\":\"https:\\\/\\\/antderground.com\\\/pt-br\\\/#\\\/schema\\\/person\\\/0e322c505e84fe72c65e2f6d08f96b81\"},\"alternateName\":\"Antderground\",\"potentialAction\":[{\"@type\":\"SearchAction\",\"target\":{\"@type\":\"EntryPoint\",\"urlTemplate\":\"https:\\\/\\\/antderground.com\\\/pt-br\\\/?s={search_term_string}\"},\"query-input\":{\"@type\":\"PropertyValueSpecification\",\"valueRequired\":true,\"valueName\":\"search_term_string\"}}],\"inLanguage\":\"pt-BR\"},{\"@type\":[\"Person\",\"Organization\"],\"@id\":\"https:\\\/\\\/antderground.com\\\/pt-br\\\/#\\\/schema\\\/person\\\/0e322c505e84fe72c65e2f6d08f96b81\",\"name\":\"Eric de Antderground\",\"image\":{\"@type\":\"ImageObject\",\"inLanguage\":\"pt-BR\",\"@id\":\"https:\\\/\\\/secure.gravatar.com\\\/avatar\\\/c49a1b9f79216d1498cb73c1e85cd47f4465dda35f2a94c03790d491bd4423c3?s=96&d=mm&r=g\",\"url\":\"https:\\\/\\\/secure.gravatar.com\\\/avatar\\\/c49a1b9f79216d1498cb73c1e85cd47f4465dda35f2a94c03790d491bd4423c3?s=96&d=mm&r=g\",\"contentUrl\":\"https:\\\/\\\/secure.gravatar.com\\\/avatar\\\/c49a1b9f79216d1498cb73c1e85cd47f4465dda35f2a94c03790d491bd4423c3?s=96&d=mm&r=g\",\"caption\":\"Eric de Antderground\"},\"logo\":{\"@id\":\"https:\\\/\\\/secure.gravatar.com\\\/avatar\\\/c49a1b9f79216d1498cb73c1e85cd47f4465dda35f2a94c03790d491bd4423c3?s=96&d=mm&r=g\"},\"description\":\"Eric es el especialista y fundador de Antderground, con una amplia trayectoria en artr\u00f3podos y enfocado en la mirmecolog\u00eda y el dise\u00f1o de hormigueros artificiales. Su enfoque combina la innovaci\u00f3n t\u00e9cnica con el respeto por la biolog\u00eda de las hormigas, is\u00f3podos y otros, desarrollando sistemas de nidos modulares 3D y acr\u00edlicos que son referentes para aficionados y profesionales en toda Europa. Su objetivo es facilitar la cr\u00eda de hormigas y otros artr\u00f3podos mediante soluciones seguras y divulgaci\u00f3n de calidad.\",\"sameAs\":[\"https:\\\/\\\/antderground.com\\\/\",\"https:\\\/\\\/www.youtube.com\\\/channel\\\/UCio72z7TlbufkAthAJIJfPw\"]}]}<\/script>\n<!-- \/ Yoast SEO plugin. -->","yoast_head_json":{"title":"Cubaris panda king | Is\u00f3podes | insetos - ANTDERGROUND","description":"Nova variedade de is\u00f3podes (Cubaris panda king) s\u00e3o conhecidos pela sua cor e por serem um dos mais bonitos na categoria de is\u00f3podes (terr\u00e1rios).","robots":{"index":"index","follow":"follow","max-snippet":"max-snippet:-1","max-image-preview":"max-image-preview:large","max-video-preview":"max-video-preview:-1"},"canonical":"https:\/\/antderground.com\/pt-br\/produto\/cubaris-panda-king\/","og_locale":"pt_BR","og_type":"article","og_title":"Cubaris panda king | Is\u00f3podes | insetos - ANTDERGROUND","og_description":"Nova variedade de is\u00f3podes (Cubaris panda king) s\u00e3o conhecidos pela sua cor e por serem um dos mais bonitos na categoria de is\u00f3podes (terr\u00e1rios).","og_url":"https:\/\/antderground.com\/pt-br\/produto\/cubaris-panda-king\/","og_site_name":"ANTDERGROUND","article_modified_time":"2025-06-06T09:14:13+00:00","og_image":[{"width":1826,"height":1826,"url":"https:\/\/antderground.com\/wp-content\/uploads\/2024\/03\/Cubaris-panda-king.jpg","type":"image\/jpeg"}],"twitter_card":"summary_large_image","twitter_misc":{"Est. tempo de leitura":"1 minuto"},"schema":{"@context":"https:\/\/schema.org","@graph":[{"@type":"WebPage","@id":"https:\/\/antderground.com\/pt-br\/produto\/cubaris-panda-king\/","url":"https:\/\/antderground.com\/pt-br\/produto\/cubaris-panda-king\/","name":"Cubaris panda king | Is\u00f3podes | insetos - ANTDERGROUND","isPartOf":{"@id":"https:\/\/antderground.com\/pt-br\/#website"},"primaryImageOfPage":{"@id":"https:\/\/antderground.com\/pt-br\/produto\/cubaris-panda-king\/#primaryimage"},"image":{"@id":"https:\/\/antderground.com\/pt-br\/produto\/cubaris-panda-king\/#primaryimage"},"thumbnailUrl":"https:\/\/antderground.com\/wp-content\/uploads\/2024\/03\/Cubaris-panda-king.jpg","datePublished":"2024-03-26T16:12:51+00:00","dateModified":"2025-06-06T09:14:13+00:00","description":"Nova variedade de is\u00f3podes (Cubaris panda king) s\u00e3o conhecidos pela sua cor e por serem um dos mais bonitos na categoria de is\u00f3podes (terr\u00e1rios).","breadcrumb":{"@id":"https:\/\/antderground.com\/pt-br\/produto\/cubaris-panda-king\/#breadcrumb"},"inLanguage":"pt-BR","potentialAction":[{"@type":"ReadAction","target":["https:\/\/antderground.com\/pt-br\/produto\/cubaris-panda-king\/"]}]},{"@type":"ImageObject","inLanguage":"pt-BR","@id":"https:\/\/antderground.com\/pt-br\/produto\/cubaris-panda-king\/#primaryimage","url":"https:\/\/antderground.com\/wp-content\/uploads\/2024\/03\/Cubaris-panda-king.jpg","contentUrl":"https:\/\/antderground.com\/wp-content\/uploads\/2024\/03\/Cubaris-panda-king.jpg","width":1826,"height":1826,"caption":"Cubaris panda king"},{"@type":"BreadcrumbList","@id":"https:\/\/antderground.com\/pt-br\/produto\/cubaris-panda-king\/#breadcrumb","itemListElement":[{"@type":"ListItem","position":1,"name":"Portada","item":"https:\/\/antderground.com\/pt-br\/"},{"@type":"ListItem","position":2,"name":"Produtos","item":"https:\/\/antderground.com\/pt-br\/loja-de-formigueiros\/"},{"@type":"ListItem","position":3,"name":"Cubaris panda king"}]},{"@type":"WebSite","@id":"https:\/\/antderground.com\/pt-br\/#website","url":"https:\/\/antderground.com\/pt-br\/","name":"ANTDERGROUND","description":"Tu tienda de hormigas, gran variedad de hormigueros acr\u00edlicos,madera,arena,3D y mas.. Pide tus hormigas gratis con tu pedido, somos expertos en hormigueros antifugas.","publisher":{"@id":"https:\/\/antderground.com\/pt-br\/#\/schema\/person\/0e322c505e84fe72c65e2f6d08f96b81"},"alternateName":"Antderground","potentialAction":[{"@type":"SearchAction","target":{"@type":"EntryPoint","urlTemplate":"https:\/\/antderground.com\/pt-br\/?s={search_term_string}"},"query-input":{"@type":"PropertyValueSpecification","valueRequired":true,"valueName":"search_term_string"}}],"inLanguage":"pt-BR"},{"@type":["Person","Organization"],"@id":"https:\/\/antderground.com\/pt-br\/#\/schema\/person\/0e322c505e84fe72c65e2f6d08f96b81","name":"Eric de Antderground","image":{"@type":"ImageObject","inLanguage":"pt-BR","@id":"https:\/\/secure.gravatar.com\/avatar\/c49a1b9f79216d1498cb73c1e85cd47f4465dda35f2a94c03790d491bd4423c3?s=96&d=mm&r=g","url":"https:\/\/secure.gravatar.com\/avatar\/c49a1b9f79216d1498cb73c1e85cd47f4465dda35f2a94c03790d491bd4423c3?s=96&d=mm&r=g","contentUrl":"https:\/\/secure.gravatar.com\/avatar\/c49a1b9f79216d1498cb73c1e85cd47f4465dda35f2a94c03790d491bd4423c3?s=96&d=mm&r=g","caption":"Eric de Antderground"},"logo":{"@id":"https:\/\/secure.gravatar.com\/avatar\/c49a1b9f79216d1498cb73c1e85cd47f4465dda35f2a94c03790d491bd4423c3?s=96&d=mm&r=g"},"description":"Eric es el especialista y fundador de Antderground, con una amplia trayectoria en artr\u00f3podos y enfocado en la mirmecolog\u00eda y el dise\u00f1o de hormigueros artificiales. Su enfoque combina la innovaci\u00f3n t\u00e9cnica con el respeto por la biolog\u00eda de las hormigas, is\u00f3podos y otros, desarrollando sistemas de nidos modulares 3D y acr\u00edlicos que son referentes para aficionados y profesionales en toda Europa. Su objetivo es facilitar la cr\u00eda de hormigas y otros artr\u00f3podos mediante soluciones seguras y divulgaci\u00f3n de calidad.","sameAs":["https:\/\/antderground.com\/","https:\/\/www.youtube.com\/channel\/UCio72z7TlbufkAthAJIJfPw"]}]}},"_links":{"self":[{"href":"https:\/\/antderground.com\/pt-br\/wp-json\/wp\/v2\/product\/33333","targetHints":{"allow":["GET"]}}],"collection":[{"href":"https:\/\/antderground.com\/pt-br\/wp-json\/wp\/v2\/product"}],"about":[{"href":"https:\/\/antderground.com\/pt-br\/wp-json\/wp\/v2\/types\/product"}],"version-history":[{"count":0,"href":"https:\/\/antderground.com\/pt-br\/wp-json\/wp\/v2\/product\/33333\/revisions"}],"wp:featuredmedia":[{"embeddable":true,"href":"https:\/\/antderground.com\/pt-br\/wp-json\/wp\/v2\/media\/33306"}],"wp:attachment":[{"href":"https:\/\/antderground.com\/pt-br\/wp-json\/wp\/v2\/media?parent=33333"}],"wp:term":[{"taxonomy":"product_brand","embeddable":true,"href":"https:\/\/antderground.com\/pt-br\/wp-json\/wp\/v2\/product_brand?post=33333"},{"taxonomy":"product_cat","embeddable":true,"href":"https:\/\/antderground.com\/pt-br\/wp-json\/wp\/v2\/product_cat?post=33333"},{"taxonomy":"product_tag","embeddable":true,"href":"https:\/\/antderground.com\/pt-br\/wp-json\/wp\/v2\/product_tag?post=33333"}],"curies":[{"name":"wp","href":"https:\/\/api.w.org\/{rel}","templated":true}]}}