{"id":33982,"date":"2024-04-30T22:31:41","date_gmt":"2024-04-30T20:31:41","guid":{"rendered":"https:\/\/www.antderground.com\/producto\/caribena-versicolor\/"},"modified":"2025-02-25T22:27:12","modified_gmt":"2025-02-25T21:27:12","slug":"caribena-versicolor","status":"publish","type":"product","link":"https:\/\/antderground.com\/pt-br\/produto\/caribena-versicolor\/","title":{"rendered":"Caribena versicolor"},"content":{"rendered":"<p><strong>Nome cient\u00edfico:<\/strong> Caribena versicolor<br \/>\n<strong>Nome comum:<\/strong> Tar\u00e2ntula caribenha versicolor, tar\u00e2ntula da Martinica<\/p>\n<p><strong>Classifica\u00e7\u00e3o taxon\u00f4mica:<\/strong><\/p>\n<ul>\n<li>Reino: Animalia<\/li>\n<li>Filo: Arthropoda<\/li>\n<li>Classe: Arachnida<\/li>\n<li>Ordem: Araneae<\/li>\n<li>Fam\u00edlia: Theraphosidae<\/li>\n<li>G\u00eanero: Caribena<\/li>\n<\/ul>\n<p><strong>Descri\u00e7\u00e3o:<\/strong><\/p>\n<ul>\n<li>Tamanho: As tar\u00e2ntulas caribenhas versicolor s\u00e3o relativamente grandes em compara\u00e7\u00e3o com outras esp\u00e9cies de tar\u00e2ntulas, com um corpo que pode atingir uma envergadura de 12 cm.<\/li>\n<li>Colora\u00e7\u00e3o: Uma das caracter\u00edsticas mais distintivas desta esp\u00e9cie \u00e9 sua espetacular colora\u00e7\u00e3o. Os juvenis t\u00eam uma apar\u00eancia predominantemente azul met\u00e1lico, enquanto os adultos desenvolvem um padr\u00e3o de cores mais variado que inclui azuis, verdes, amarelos e vermelhos.<\/li>\n<li>Morfologia: Apresentam um corpo robusto coberto de pelos, oito olhos dispostos em duas fileiras e quel\u00edceras (presas) proeminentes.<\/li>\n<\/ul>\n<p><strong>Habitat e distribui\u00e7\u00e3o:<\/strong><\/p>\n<ul>\n<li>Habitat natural: As tar\u00e2ntulas caribenhas versicolor s\u00e3o aranhas arb\u00f3reas e preferem viver em \u00e1reas florestais tropicais e subtropicais.<\/li>\n<li>Distribui\u00e7\u00e3o geogr\u00e1fica: S\u00e3o end\u00eamicas das Antilhas Menores, especificamente de ilhas como Martinica, Dominica, Guadalupe e Santa L\u00facia.<\/li>\n<\/ul>\n<p><strong>Comportamento e alimenta\u00e7\u00e3o:<\/strong><\/p>\n<ul>\n<li>Comportamento: S\u00e3o aranhas geralmente tranquilas e pouco agressivas, embora possam mostrar uma atitude defensiva se se sentirem amea\u00e7adas.<\/li>\n<li>Alimenta\u00e7\u00e3o: S\u00e3o predadores oportunistas que se alimentam principalmente de insetos e outros artr\u00f3podes. Capturam suas presas usando sua seda para construir teias ou emboscando-as diretamente.<\/li>\n<\/ul>\n<p><strong>Reprodu\u00e7\u00e3o:<\/strong><\/p>\n<ul>\n<li>Dimorfismo sexual: Os machos geralmente s\u00e3o mais magros e menores que as f\u00eameas. Al\u00e9m disso, podem apresentar espor\u00f5es nas patas dianteiras, que usam durante o cortejo e a c\u00f3pula.<\/li>\n<li>Ciclo reprodutivo: A reprodu\u00e7\u00e3o das tar\u00e2ntulas caribenhas versicolor envolve um ritual de acasalamento complexo, que frequentemente termina com a f\u00eamea devorando o macho ap\u00f3s o ato.<\/li>\n<\/ul>\n","protected":false},"excerpt":{"rendered":"<p>Descubra a encantadora tar\u00e2ntula caribenha versicolor para o seu terr\u00e1rio. Com sua bela colora\u00e7\u00e3o, \u00e9 um complemento perfeito para qualquer f\u00e3 de aranhas. Recomendamos ter experi\u00eancia anterior com tar\u00e2ntulas ou aracn\u00eddeos em geral. Traga beleza e fasc\u00ednio ao seu espa\u00e7o com esta esp\u00e9cie cativante.<\/p>\n","protected":false},"featured_media":33966,"template":"","meta":[],"product_brand":[],"product_cat":[483,588],"product_tag":[],"class_list":{"0":"post-33982","1":"product","2":"type-product","3":"status-publish","4":"has-post-thumbnail","6":"product_cat-artropodes","7":"product_cat-tarantulas-pt-br","9":"first","10":"outofstock","11":"shipping-taxable","12":"purchasable","13":"product-type-variable"},"yoast_head":"<!-- This site is optimized with the Yoast SEO plugin v27.3 - https:\/\/yoast.com\/product\/yoast-seo-wordpress\/ -->\n<title>Caribena versicolor | Tar\u00e2ntula da Martinica - ANTDERGROUND<\/title>\n<meta name=\"description\" content=\"Compre a tar\u00e2ntula caribenha versicolor! Ideal para o seu terr\u00e1rio. Fascinante e colorido, uma adi\u00e7\u00e3o cativante a qualquer cole\u00e7\u00e3o de aracn\u00eddeos.\" \/>\n<meta name=\"robots\" content=\"index, follow, max-snippet:-1, max-image-preview:large, max-video-preview:-1\" \/>\n<link rel=\"canonical\" href=\"https:\/\/antderground.com\/pt-br\/produto\/caribena-versicolor\/\" \/>\n<meta property=\"og:locale\" content=\"pt_BR\" \/>\n<meta property=\"og:type\" content=\"article\" \/>\n<meta property=\"og:title\" content=\"Caribena versicolor | Tar\u00e2ntula da Martinica - ANTDERGROUND\" \/>\n<meta property=\"og:description\" content=\"Compre a tar\u00e2ntula caribenha versicolor! Ideal para o seu terr\u00e1rio. Fascinante e colorido, uma adi\u00e7\u00e3o cativante a qualquer cole\u00e7\u00e3o de aracn\u00eddeos.\" \/>\n<meta property=\"og:url\" content=\"https:\/\/antderground.com\/pt-br\/produto\/caribena-versicolor\/\" \/>\n<meta property=\"og:site_name\" content=\"ANTDERGROUND\" \/>\n<meta property=\"article:modified_time\" content=\"2025-02-25T21:27:12+00:00\" \/>\n<meta property=\"og:image\" content=\"https:\/\/antderground.com\/wp-content\/uploads\/2024\/04\/caribena-versicolor.jpg\" \/>\n\t<meta property=\"og:image:width\" content=\"1417\" \/>\n\t<meta property=\"og:image:height\" content=\"1417\" \/>\n\t<meta property=\"og:image:type\" content=\"image\/jpeg\" \/>\n<meta name=\"twitter:card\" content=\"summary_large_image\" \/>\n<meta name=\"twitter:label1\" content=\"Est. tempo de leitura\" \/>\n\t<meta name=\"twitter:data1\" content=\"1 minuto\" \/>\n<script type=\"application\/ld+json\" class=\"yoast-schema-graph\">{\"@context\":\"https:\\\/\\\/schema.org\",\"@graph\":[{\"@type\":\"WebPage\",\"@id\":\"https:\\\/\\\/antderground.com\\\/pt-br\\\/produto\\\/caribena-versicolor\\\/\",\"url\":\"https:\\\/\\\/antderground.com\\\/pt-br\\\/produto\\\/caribena-versicolor\\\/\",\"name\":\"Caribena versicolor | Tar\u00e2ntula da Martinica - ANTDERGROUND\",\"isPartOf\":{\"@id\":\"https:\\\/\\\/antderground.com\\\/pt-br\\\/#website\"},\"primaryImageOfPage\":{\"@id\":\"https:\\\/\\\/antderground.com\\\/pt-br\\\/produto\\\/caribena-versicolor\\\/#primaryimage\"},\"image\":{\"@id\":\"https:\\\/\\\/antderground.com\\\/pt-br\\\/produto\\\/caribena-versicolor\\\/#primaryimage\"},\"thumbnailUrl\":\"https:\\\/\\\/antderground.com\\\/wp-content\\\/uploads\\\/2024\\\/04\\\/caribena-versicolor.jpg\",\"datePublished\":\"2024-04-30T20:31:41+00:00\",\"dateModified\":\"2025-02-25T21:27:12+00:00\",\"description\":\"Compre a tar\u00e2ntula caribenha versicolor! Ideal para o seu terr\u00e1rio. Fascinante e colorido, uma adi\u00e7\u00e3o cativante a qualquer cole\u00e7\u00e3o de aracn\u00eddeos.\",\"breadcrumb\":{\"@id\":\"https:\\\/\\\/antderground.com\\\/pt-br\\\/produto\\\/caribena-versicolor\\\/#breadcrumb\"},\"inLanguage\":\"pt-BR\",\"potentialAction\":[{\"@type\":\"ReadAction\",\"target\":[\"https:\\\/\\\/antderground.com\\\/pt-br\\\/produto\\\/caribena-versicolor\\\/\"]}]},{\"@type\":\"ImageObject\",\"inLanguage\":\"pt-BR\",\"@id\":\"https:\\\/\\\/antderground.com\\\/pt-br\\\/produto\\\/caribena-versicolor\\\/#primaryimage\",\"url\":\"https:\\\/\\\/antderground.com\\\/wp-content\\\/uploads\\\/2024\\\/04\\\/caribena-versicolor.jpg\",\"contentUrl\":\"https:\\\/\\\/antderground.com\\\/wp-content\\\/uploads\\\/2024\\\/04\\\/caribena-versicolor.jpg\",\"width\":1417,\"height\":1417,\"caption\":\"tar\u00e2ntula da Martinica\"},{\"@type\":\"BreadcrumbList\",\"@id\":\"https:\\\/\\\/antderground.com\\\/pt-br\\\/produto\\\/caribena-versicolor\\\/#breadcrumb\",\"itemListElement\":[{\"@type\":\"ListItem\",\"position\":1,\"name\":\"Portada\",\"item\":\"https:\\\/\\\/antderground.com\\\/pt-br\\\/\"},{\"@type\":\"ListItem\",\"position\":2,\"name\":\"Produtos\",\"item\":\"https:\\\/\\\/antderground.com\\\/pt-br\\\/loja-de-formigueiros\\\/\"},{\"@type\":\"ListItem\",\"position\":3,\"name\":\"Caribena versicolor\"}]},{\"@type\":\"WebSite\",\"@id\":\"https:\\\/\\\/antderground.com\\\/pt-br\\\/#website\",\"url\":\"https:\\\/\\\/antderground.com\\\/pt-br\\\/\",\"name\":\"ANTDERGROUND\",\"description\":\"Tu tienda de hormigas, gran variedad de hormigueros acr\u00edlicos,madera,arena,3D y mas.. Pide tus hormigas gratis con tu pedido, somos expertos en hormigueros antifugas.\",\"publisher\":{\"@id\":\"https:\\\/\\\/antderground.com\\\/pt-br\\\/#\\\/schema\\\/person\\\/0e322c505e84fe72c65e2f6d08f96b81\"},\"alternateName\":\"Antderground\",\"potentialAction\":[{\"@type\":\"SearchAction\",\"target\":{\"@type\":\"EntryPoint\",\"urlTemplate\":\"https:\\\/\\\/antderground.com\\\/pt-br\\\/?s={search_term_string}\"},\"query-input\":{\"@type\":\"PropertyValueSpecification\",\"valueRequired\":true,\"valueName\":\"search_term_string\"}}],\"inLanguage\":\"pt-BR\"},{\"@type\":[\"Person\",\"Organization\"],\"@id\":\"https:\\\/\\\/antderground.com\\\/pt-br\\\/#\\\/schema\\\/person\\\/0e322c505e84fe72c65e2f6d08f96b81\",\"name\":\"Eric de Antderground\",\"image\":{\"@type\":\"ImageObject\",\"inLanguage\":\"pt-BR\",\"@id\":\"https:\\\/\\\/secure.gravatar.com\\\/avatar\\\/c49a1b9f79216d1498cb73c1e85cd47f4465dda35f2a94c03790d491bd4423c3?s=96&d=mm&r=g\",\"url\":\"https:\\\/\\\/secure.gravatar.com\\\/avatar\\\/c49a1b9f79216d1498cb73c1e85cd47f4465dda35f2a94c03790d491bd4423c3?s=96&d=mm&r=g\",\"contentUrl\":\"https:\\\/\\\/secure.gravatar.com\\\/avatar\\\/c49a1b9f79216d1498cb73c1e85cd47f4465dda35f2a94c03790d491bd4423c3?s=96&d=mm&r=g\",\"caption\":\"Eric de Antderground\"},\"logo\":{\"@id\":\"https:\\\/\\\/secure.gravatar.com\\\/avatar\\\/c49a1b9f79216d1498cb73c1e85cd47f4465dda35f2a94c03790d491bd4423c3?s=96&d=mm&r=g\"},\"description\":\"Eric es el especialista y fundador de Antderground, con una amplia trayectoria en artr\u00f3podos y enfocado en la mirmecolog\u00eda y el dise\u00f1o de hormigueros artificiales. Su enfoque combina la innovaci\u00f3n t\u00e9cnica con el respeto por la biolog\u00eda de las hormigas, is\u00f3podos y otros, desarrollando sistemas de nidos modulares 3D y acr\u00edlicos que son referentes para aficionados y profesionales en toda Europa. Su objetivo es facilitar la cr\u00eda de hormigas y otros artr\u00f3podos mediante soluciones seguras y divulgaci\u00f3n de calidad.\",\"sameAs\":[\"https:\\\/\\\/antderground.com\\\/\",\"https:\\\/\\\/www.youtube.com\\\/channel\\\/UCio72z7TlbufkAthAJIJfPw\"]}]}<\/script>\n<!-- \/ Yoast SEO plugin. -->","yoast_head_json":{"title":"Caribena versicolor | Tar\u00e2ntula da Martinica - ANTDERGROUND","description":"Compre a tar\u00e2ntula caribenha versicolor! Ideal para o seu terr\u00e1rio. Fascinante e colorido, uma adi\u00e7\u00e3o cativante a qualquer cole\u00e7\u00e3o de aracn\u00eddeos.","robots":{"index":"index","follow":"follow","max-snippet":"max-snippet:-1","max-image-preview":"max-image-preview:large","max-video-preview":"max-video-preview:-1"},"canonical":"https:\/\/antderground.com\/pt-br\/produto\/caribena-versicolor\/","og_locale":"pt_BR","og_type":"article","og_title":"Caribena versicolor | Tar\u00e2ntula da Martinica - ANTDERGROUND","og_description":"Compre a tar\u00e2ntula caribenha versicolor! Ideal para o seu terr\u00e1rio. Fascinante e colorido, uma adi\u00e7\u00e3o cativante a qualquer cole\u00e7\u00e3o de aracn\u00eddeos.","og_url":"https:\/\/antderground.com\/pt-br\/produto\/caribena-versicolor\/","og_site_name":"ANTDERGROUND","article_modified_time":"2025-02-25T21:27:12+00:00","og_image":[{"width":1417,"height":1417,"url":"https:\/\/antderground.com\/wp-content\/uploads\/2024\/04\/caribena-versicolor.jpg","type":"image\/jpeg"}],"twitter_card":"summary_large_image","twitter_misc":{"Est. tempo de leitura":"1 minuto"},"schema":{"@context":"https:\/\/schema.org","@graph":[{"@type":"WebPage","@id":"https:\/\/antderground.com\/pt-br\/produto\/caribena-versicolor\/","url":"https:\/\/antderground.com\/pt-br\/produto\/caribena-versicolor\/","name":"Caribena versicolor | Tar\u00e2ntula da Martinica - ANTDERGROUND","isPartOf":{"@id":"https:\/\/antderground.com\/pt-br\/#website"},"primaryImageOfPage":{"@id":"https:\/\/antderground.com\/pt-br\/produto\/caribena-versicolor\/#primaryimage"},"image":{"@id":"https:\/\/antderground.com\/pt-br\/produto\/caribena-versicolor\/#primaryimage"},"thumbnailUrl":"https:\/\/antderground.com\/wp-content\/uploads\/2024\/04\/caribena-versicolor.jpg","datePublished":"2024-04-30T20:31:41+00:00","dateModified":"2025-02-25T21:27:12+00:00","description":"Compre a tar\u00e2ntula caribenha versicolor! Ideal para o seu terr\u00e1rio. Fascinante e colorido, uma adi\u00e7\u00e3o cativante a qualquer cole\u00e7\u00e3o de aracn\u00eddeos.","breadcrumb":{"@id":"https:\/\/antderground.com\/pt-br\/produto\/caribena-versicolor\/#breadcrumb"},"inLanguage":"pt-BR","potentialAction":[{"@type":"ReadAction","target":["https:\/\/antderground.com\/pt-br\/produto\/caribena-versicolor\/"]}]},{"@type":"ImageObject","inLanguage":"pt-BR","@id":"https:\/\/antderground.com\/pt-br\/produto\/caribena-versicolor\/#primaryimage","url":"https:\/\/antderground.com\/wp-content\/uploads\/2024\/04\/caribena-versicolor.jpg","contentUrl":"https:\/\/antderground.com\/wp-content\/uploads\/2024\/04\/caribena-versicolor.jpg","width":1417,"height":1417,"caption":"tar\u00e2ntula da Martinica"},{"@type":"BreadcrumbList","@id":"https:\/\/antderground.com\/pt-br\/produto\/caribena-versicolor\/#breadcrumb","itemListElement":[{"@type":"ListItem","position":1,"name":"Portada","item":"https:\/\/antderground.com\/pt-br\/"},{"@type":"ListItem","position":2,"name":"Produtos","item":"https:\/\/antderground.com\/pt-br\/loja-de-formigueiros\/"},{"@type":"ListItem","position":3,"name":"Caribena versicolor"}]},{"@type":"WebSite","@id":"https:\/\/antderground.com\/pt-br\/#website","url":"https:\/\/antderground.com\/pt-br\/","name":"ANTDERGROUND","description":"Tu tienda de hormigas, gran variedad de hormigueros acr\u00edlicos,madera,arena,3D y mas.. Pide tus hormigas gratis con tu pedido, somos expertos en hormigueros antifugas.","publisher":{"@id":"https:\/\/antderground.com\/pt-br\/#\/schema\/person\/0e322c505e84fe72c65e2f6d08f96b81"},"alternateName":"Antderground","potentialAction":[{"@type":"SearchAction","target":{"@type":"EntryPoint","urlTemplate":"https:\/\/antderground.com\/pt-br\/?s={search_term_string}"},"query-input":{"@type":"PropertyValueSpecification","valueRequired":true,"valueName":"search_term_string"}}],"inLanguage":"pt-BR"},{"@type":["Person","Organization"],"@id":"https:\/\/antderground.com\/pt-br\/#\/schema\/person\/0e322c505e84fe72c65e2f6d08f96b81","name":"Eric de Antderground","image":{"@type":"ImageObject","inLanguage":"pt-BR","@id":"https:\/\/secure.gravatar.com\/avatar\/c49a1b9f79216d1498cb73c1e85cd47f4465dda35f2a94c03790d491bd4423c3?s=96&d=mm&r=g","url":"https:\/\/secure.gravatar.com\/avatar\/c49a1b9f79216d1498cb73c1e85cd47f4465dda35f2a94c03790d491bd4423c3?s=96&d=mm&r=g","contentUrl":"https:\/\/secure.gravatar.com\/avatar\/c49a1b9f79216d1498cb73c1e85cd47f4465dda35f2a94c03790d491bd4423c3?s=96&d=mm&r=g","caption":"Eric de Antderground"},"logo":{"@id":"https:\/\/secure.gravatar.com\/avatar\/c49a1b9f79216d1498cb73c1e85cd47f4465dda35f2a94c03790d491bd4423c3?s=96&d=mm&r=g"},"description":"Eric es el especialista y fundador de Antderground, con una amplia trayectoria en artr\u00f3podos y enfocado en la mirmecolog\u00eda y el dise\u00f1o de hormigueros artificiales. Su enfoque combina la innovaci\u00f3n t\u00e9cnica con el respeto por la biolog\u00eda de las hormigas, is\u00f3podos y otros, desarrollando sistemas de nidos modulares 3D y acr\u00edlicos que son referentes para aficionados y profesionales en toda Europa. Su objetivo es facilitar la cr\u00eda de hormigas y otros artr\u00f3podos mediante soluciones seguras y divulgaci\u00f3n de calidad.","sameAs":["https:\/\/antderground.com\/","https:\/\/www.youtube.com\/channel\/UCio72z7TlbufkAthAJIJfPw"]}]}},"_links":{"self":[{"href":"https:\/\/antderground.com\/pt-br\/wp-json\/wp\/v2\/product\/33982","targetHints":{"allow":["GET"]}}],"collection":[{"href":"https:\/\/antderground.com\/pt-br\/wp-json\/wp\/v2\/product"}],"about":[{"href":"https:\/\/antderground.com\/pt-br\/wp-json\/wp\/v2\/types\/product"}],"version-history":[{"count":0,"href":"https:\/\/antderground.com\/pt-br\/wp-json\/wp\/v2\/product\/33982\/revisions"}],"wp:featuredmedia":[{"embeddable":true,"href":"https:\/\/antderground.com\/pt-br\/wp-json\/wp\/v2\/media\/33966"}],"wp:attachment":[{"href":"https:\/\/antderground.com\/pt-br\/wp-json\/wp\/v2\/media?parent=33982"}],"wp:term":[{"taxonomy":"product_brand","embeddable":true,"href":"https:\/\/antderground.com\/pt-br\/wp-json\/wp\/v2\/product_brand?post=33982"},{"taxonomy":"product_cat","embeddable":true,"href":"https:\/\/antderground.com\/pt-br\/wp-json\/wp\/v2\/product_cat?post=33982"},{"taxonomy":"product_tag","embeddable":true,"href":"https:\/\/antderground.com\/pt-br\/wp-json\/wp\/v2\/product_tag?post=33982"}],"curies":[{"name":"wp","href":"https:\/\/api.w.org\/{rel}","templated":true}]}}