{"id":34845,"date":"2019-08-02T22:42:23","date_gmt":"2019-08-02T20:42:23","guid":{"rendered":"https:\/\/www.antderground.com\/producto\/pheidole-pallidula\/"},"modified":"2024-10-21T19:06:03","modified_gmt":"2024-10-21T17:06:03","slug":"pheidole-pallidula","status":"publish","type":"product","link":"https:\/\/antderground.com\/pt-br\/produto\/pheidole-pallidula\/","title":{"rendered":"Pheidole pallidula"},"content":{"rendered":"<p><strong>Nome cient\u00edfico: Pheidole pallidula<\/strong><\/p>\n<p><strong>Classe:<\/strong> Insecta<br \/>\n<strong>Ordem:<\/strong> Hymenoptera<br \/>\n<strong>Fam\u00edlia:<\/strong> Formicidae<br \/>\n<strong>G\u00eanero:<\/strong> Pheidole<br \/>\n<strong>Esp\u00e9cie:<\/strong> pallidula<\/p>\n<p><strong>Caracter\u00edsticas morfol\u00f3gicas:<\/strong><\/p>\n<ul>\n<li><strong>Tamanho:<\/strong> As oper\u00e1rias t\u00eam um tamanho de aproximadamente 2-4 mm, enquanto as rainhas podem medir at\u00e9 7 mm.<\/li>\n<li><strong>Cor:<\/strong> As oper\u00e1rias s\u00e3o de cor marrom escuro a preto, com o abd\u00f4men mais claro, enquanto as rainhas podem ter tonalidades mais claras.<\/li>\n<li><strong>Corpo:<\/strong> Apresenta uma cabe\u00e7a grande em propor\u00e7\u00e3o ao corpo, com t\u00f3rax e abd\u00f4men bem diferenciados.<\/li>\n<li><strong>Antenas:<\/strong> O n\u00famero de segmentos nas antenas varia dependendo do tipo de casta, mas geralmente t\u00eam 12 segmentos.<\/li>\n<li><strong>Olhos:<\/strong> Apresenta olhos compostos relativamente grandes.<\/li>\n<\/ul>\n<p><strong>Ciclo de vida:<\/strong><\/p>\n<ul>\n<li>A col\u00f4nia \u00e9 composta por uma ou v\u00e1rias rainhas, oper\u00e1rias e larvas.<\/li>\n<li>A rainha \u00e9 a \u00fanica f\u00eamea f\u00e9rtil da col\u00f4nia e \u00e9 respons\u00e1vel por p\u00f4r ovos.<\/li>\n<li>As larvas passam por diferentes est\u00e1gios antes de se tornarem oper\u00e1rias adultas.<\/li>\n<li>As oper\u00e1rias s\u00e3o respons\u00e1veis por buscar alimento, cuidar das larvas e defender a col\u00f4nia.<\/li>\n<\/ul>\n<p><strong>Habitat e distribui\u00e7\u00e3o:<\/strong><\/p>\n<ul>\n<li>A formiga Pheidole pallidula \u00e9 origin\u00e1ria de regi\u00f5es mediterr\u00e2neas e \u00e9 comumente encontrada na Europa.<\/li>\n<li>Prefere habitats quentes e secos, como campos agr\u00edcolas, jardins, florestas e \u00e1reas urbanas.<\/li>\n<li>Pode construir seus ninhos subterr\u00e2neos, em troncos podres ou em mat\u00e9ria vegetal em decomposi\u00e7\u00e3o.<\/li>\n<\/ul>\n<p><strong>Comportamento:<\/strong><\/p>\n<ul>\n<li>\u00c9 uma esp\u00e9cie on\u00edvora, alimentando-se de uma variedade de fontes, incluindo insetos, n\u00e9ctar, sementes e mat\u00e9ria org\u00e2nica em decomposi\u00e7\u00e3o.<\/li>\n<li>Todas as formigas que oferecemos passam por uma quarentena por um per\u00edodo para garantir que est\u00e3o em bom estado, por isso oferecemos uma garantia quando voc\u00ea decide adquirir uma das esp\u00e9cies que oferecemos na Antderground.<\/li>\n<\/ul>\n","protected":false},"excerpt":{"rendered":"<p>Descubra o poder da formiga Pheidole pallidula: pequena mas poderosa, trabalha incansavelmente para atingir grandes objetivos. Fa\u00e7a parte do seu ninho hoje! \ud83d\udc1c\ud83d\udcaa<\/p>\n<p>*Formiga rainha<\/p>\n","protected":false},"featured_media":29432,"template":"","meta":[],"product_brand":[],"product_cat":[381,502],"product_tag":[],"class_list":{"0":"post-34845","1":"product","2":"type-product","3":"status-publish","4":"has-post-thumbnail","6":"product_cat-formigas","7":"product_cat-formigas-europeias","9":"first","10":"instock","11":"shipping-taxable","12":"purchasable","13":"product-type-variable"},"yoast_head":"<!-- This site is optimized with the Yoast SEO plugin v27.4 - https:\/\/yoast.com\/product\/yoast-seo-wordpress\/ -->\n<title>Pheidole pallidula | Formiga rainha - ANTDERGROUND<\/title>\n<meta name=\"description\" content=\"A formiga nativa Pheidole pallidula, descubra suas caracter\u00edsticas e estilo de vida dentro de um formigueiro artificial. Explore o mundo mirmecol\u00f3gico\" \/>\n<meta name=\"robots\" content=\"index, follow, max-snippet:-1, max-image-preview:large, max-video-preview:-1\" \/>\n<link rel=\"canonical\" href=\"https:\/\/antderground.com\/pt-br\/produto\/pheidole-pallidula\/\" \/>\n<meta property=\"og:locale\" content=\"pt_BR\" \/>\n<meta property=\"og:type\" content=\"article\" \/>\n<meta property=\"og:title\" content=\"Pheidole pallidula | Formiga rainha - ANTDERGROUND\" \/>\n<meta property=\"og:description\" content=\"A formiga nativa Pheidole pallidula, descubra suas caracter\u00edsticas e estilo de vida dentro de um formigueiro artificial. Explore o mundo mirmecol\u00f3gico\" \/>\n<meta property=\"og:url\" content=\"https:\/\/antderground.com\/pt-br\/produto\/pheidole-pallidula\/\" \/>\n<meta property=\"og:site_name\" content=\"ANTDERGROUND\" \/>\n<meta property=\"article:modified_time\" content=\"2024-10-21T17:06:03+00:00\" \/>\n<meta property=\"og:image\" content=\"https:\/\/antderground.com\/wp-content\/uploads\/2019\/08\/PHEIDOLE-PALLIDULA.jpg\" \/>\n\t<meta property=\"og:image:width\" content=\"1417\" \/>\n\t<meta property=\"og:image:height\" content=\"1417\" \/>\n\t<meta property=\"og:image:type\" content=\"image\/jpeg\" \/>\n<meta name=\"twitter:card\" content=\"summary_large_image\" \/>\n<meta name=\"twitter:label1\" content=\"Est. tempo de leitura\" \/>\n\t<meta name=\"twitter:data1\" content=\"1 minuto\" \/>\n<script type=\"application\/ld+json\" class=\"yoast-schema-graph\">{\"@context\":\"https:\\\/\\\/schema.org\",\"@graph\":[{\"@type\":\"WebPage\",\"@id\":\"https:\\\/\\\/antderground.com\\\/pt-br\\\/produto\\\/pheidole-pallidula\\\/\",\"url\":\"https:\\\/\\\/antderground.com\\\/pt-br\\\/produto\\\/pheidole-pallidula\\\/\",\"name\":\"Pheidole pallidula | Formiga rainha - ANTDERGROUND\",\"isPartOf\":{\"@id\":\"https:\\\/\\\/antderground.com\\\/pt-br\\\/#website\"},\"primaryImageOfPage\":{\"@id\":\"https:\\\/\\\/antderground.com\\\/pt-br\\\/produto\\\/pheidole-pallidula\\\/#primaryimage\"},\"image\":{\"@id\":\"https:\\\/\\\/antderground.com\\\/pt-br\\\/produto\\\/pheidole-pallidula\\\/#primaryimage\"},\"thumbnailUrl\":\"https:\\\/\\\/antderground.com\\\/wp-content\\\/uploads\\\/2019\\\/08\\\/PHEIDOLE-PALLIDULA.jpg\",\"datePublished\":\"2019-08-02T20:42:23+00:00\",\"dateModified\":\"2024-10-21T17:06:03+00:00\",\"description\":\"A formiga nativa Pheidole pallidula, descubra suas caracter\u00edsticas e estilo de vida dentro de um formigueiro artificial. Explore o mundo mirmecol\u00f3gico\",\"breadcrumb\":{\"@id\":\"https:\\\/\\\/antderground.com\\\/pt-br\\\/produto\\\/pheidole-pallidula\\\/#breadcrumb\"},\"inLanguage\":\"pt-BR\",\"potentialAction\":[{\"@type\":\"ReadAction\",\"target\":[\"https:\\\/\\\/antderground.com\\\/pt-br\\\/produto\\\/pheidole-pallidula\\\/\"]}]},{\"@type\":\"ImageObject\",\"inLanguage\":\"pt-BR\",\"@id\":\"https:\\\/\\\/antderground.com\\\/pt-br\\\/produto\\\/pheidole-pallidula\\\/#primaryimage\",\"url\":\"https:\\\/\\\/antderground.com\\\/wp-content\\\/uploads\\\/2019\\\/08\\\/PHEIDOLE-PALLIDULA.jpg\",\"contentUrl\":\"https:\\\/\\\/antderground.com\\\/wp-content\\\/uploads\\\/2019\\\/08\\\/PHEIDOLE-PALLIDULA.jpg\",\"width\":1417,\"height\":1417,\"caption\":\"PHEIDOLE PALLIDULA\"},{\"@type\":\"BreadcrumbList\",\"@id\":\"https:\\\/\\\/antderground.com\\\/pt-br\\\/produto\\\/pheidole-pallidula\\\/#breadcrumb\",\"itemListElement\":[{\"@type\":\"ListItem\",\"position\":1,\"name\":\"Portada\",\"item\":\"https:\\\/\\\/antderground.com\\\/pt-br\\\/\"},{\"@type\":\"ListItem\",\"position\":2,\"name\":\"Produtos\",\"item\":\"https:\\\/\\\/antderground.com\\\/pt-br\\\/loja-de-formigueiros\\\/\"},{\"@type\":\"ListItem\",\"position\":3,\"name\":\"Pheidole pallidula\"}]},{\"@type\":\"WebSite\",\"@id\":\"https:\\\/\\\/antderground.com\\\/pt-br\\\/#website\",\"url\":\"https:\\\/\\\/antderground.com\\\/pt-br\\\/\",\"name\":\"ANTDERGROUND\",\"description\":\"Tu tienda de hormigas, gran variedad de hormigueros acr\u00edlicos,madera,arena,3D y mas.. Pide tus hormigas gratis con tu pedido, somos expertos en hormigueros antifugas.\",\"publisher\":{\"@id\":\"https:\\\/\\\/antderground.com\\\/pt-br\\\/#\\\/schema\\\/person\\\/0e322c505e84fe72c65e2f6d08f96b81\"},\"alternateName\":\"Antderground\",\"potentialAction\":[{\"@type\":\"SearchAction\",\"target\":{\"@type\":\"EntryPoint\",\"urlTemplate\":\"https:\\\/\\\/antderground.com\\\/pt-br\\\/?s={search_term_string}\"},\"query-input\":{\"@type\":\"PropertyValueSpecification\",\"valueRequired\":true,\"valueName\":\"search_term_string\"}}],\"inLanguage\":\"pt-BR\"},{\"@type\":[\"Person\",\"Organization\"],\"@id\":\"https:\\\/\\\/antderground.com\\\/pt-br\\\/#\\\/schema\\\/person\\\/0e322c505e84fe72c65e2f6d08f96b81\",\"name\":\"Eric de Antderground\",\"image\":{\"@type\":\"ImageObject\",\"inLanguage\":\"pt-BR\",\"@id\":\"https:\\\/\\\/secure.gravatar.com\\\/avatar\\\/c49a1b9f79216d1498cb73c1e85cd47f4465dda35f2a94c03790d491bd4423c3?s=96&d=mm&r=g\",\"url\":\"https:\\\/\\\/secure.gravatar.com\\\/avatar\\\/c49a1b9f79216d1498cb73c1e85cd47f4465dda35f2a94c03790d491bd4423c3?s=96&d=mm&r=g\",\"contentUrl\":\"https:\\\/\\\/secure.gravatar.com\\\/avatar\\\/c49a1b9f79216d1498cb73c1e85cd47f4465dda35f2a94c03790d491bd4423c3?s=96&d=mm&r=g\",\"caption\":\"Eric de Antderground\"},\"logo\":{\"@id\":\"https:\\\/\\\/secure.gravatar.com\\\/avatar\\\/c49a1b9f79216d1498cb73c1e85cd47f4465dda35f2a94c03790d491bd4423c3?s=96&d=mm&r=g\"},\"description\":\"Eric es el especialista y fundador de Antderground, con una amplia trayectoria en artr\u00f3podos y enfocado en la mirmecolog\u00eda y el dise\u00f1o de hormigueros artificiales. Su enfoque combina la innovaci\u00f3n t\u00e9cnica con el respeto por la biolog\u00eda de las hormigas, is\u00f3podos y otros, desarrollando sistemas de nidos modulares 3D y acr\u00edlicos que son referentes para aficionados y profesionales en toda Europa. Su objetivo es facilitar la cr\u00eda de hormigas y otros artr\u00f3podos mediante soluciones seguras y divulgaci\u00f3n de calidad.\",\"sameAs\":[\"https:\\\/\\\/antderground.com\\\/\",\"https:\\\/\\\/www.youtube.com\\\/channel\\\/UCio72z7TlbufkAthAJIJfPw\"]}]}<\/script>\n<!-- \/ Yoast SEO plugin. -->","yoast_head_json":{"title":"Pheidole pallidula | Formiga rainha - ANTDERGROUND","description":"A formiga nativa Pheidole pallidula, descubra suas caracter\u00edsticas e estilo de vida dentro de um formigueiro artificial. Explore o mundo mirmecol\u00f3gico","robots":{"index":"index","follow":"follow","max-snippet":"max-snippet:-1","max-image-preview":"max-image-preview:large","max-video-preview":"max-video-preview:-1"},"canonical":"https:\/\/antderground.com\/pt-br\/produto\/pheidole-pallidula\/","og_locale":"pt_BR","og_type":"article","og_title":"Pheidole pallidula | Formiga rainha - ANTDERGROUND","og_description":"A formiga nativa Pheidole pallidula, descubra suas caracter\u00edsticas e estilo de vida dentro de um formigueiro artificial. Explore o mundo mirmecol\u00f3gico","og_url":"https:\/\/antderground.com\/pt-br\/produto\/pheidole-pallidula\/","og_site_name":"ANTDERGROUND","article_modified_time":"2024-10-21T17:06:03+00:00","og_image":[{"width":1417,"height":1417,"url":"https:\/\/antderground.com\/wp-content\/uploads\/2019\/08\/PHEIDOLE-PALLIDULA.jpg","type":"image\/jpeg"}],"twitter_card":"summary_large_image","twitter_misc":{"Est. tempo de leitura":"1 minuto"},"schema":{"@context":"https:\/\/schema.org","@graph":[{"@type":"WebPage","@id":"https:\/\/antderground.com\/pt-br\/produto\/pheidole-pallidula\/","url":"https:\/\/antderground.com\/pt-br\/produto\/pheidole-pallidula\/","name":"Pheidole pallidula | Formiga rainha - ANTDERGROUND","isPartOf":{"@id":"https:\/\/antderground.com\/pt-br\/#website"},"primaryImageOfPage":{"@id":"https:\/\/antderground.com\/pt-br\/produto\/pheidole-pallidula\/#primaryimage"},"image":{"@id":"https:\/\/antderground.com\/pt-br\/produto\/pheidole-pallidula\/#primaryimage"},"thumbnailUrl":"https:\/\/antderground.com\/wp-content\/uploads\/2019\/08\/PHEIDOLE-PALLIDULA.jpg","datePublished":"2019-08-02T20:42:23+00:00","dateModified":"2024-10-21T17:06:03+00:00","description":"A formiga nativa Pheidole pallidula, descubra suas caracter\u00edsticas e estilo de vida dentro de um formigueiro artificial. Explore o mundo mirmecol\u00f3gico","breadcrumb":{"@id":"https:\/\/antderground.com\/pt-br\/produto\/pheidole-pallidula\/#breadcrumb"},"inLanguage":"pt-BR","potentialAction":[{"@type":"ReadAction","target":["https:\/\/antderground.com\/pt-br\/produto\/pheidole-pallidula\/"]}]},{"@type":"ImageObject","inLanguage":"pt-BR","@id":"https:\/\/antderground.com\/pt-br\/produto\/pheidole-pallidula\/#primaryimage","url":"https:\/\/antderground.com\/wp-content\/uploads\/2019\/08\/PHEIDOLE-PALLIDULA.jpg","contentUrl":"https:\/\/antderground.com\/wp-content\/uploads\/2019\/08\/PHEIDOLE-PALLIDULA.jpg","width":1417,"height":1417,"caption":"PHEIDOLE PALLIDULA"},{"@type":"BreadcrumbList","@id":"https:\/\/antderground.com\/pt-br\/produto\/pheidole-pallidula\/#breadcrumb","itemListElement":[{"@type":"ListItem","position":1,"name":"Portada","item":"https:\/\/antderground.com\/pt-br\/"},{"@type":"ListItem","position":2,"name":"Produtos","item":"https:\/\/antderground.com\/pt-br\/loja-de-formigueiros\/"},{"@type":"ListItem","position":3,"name":"Pheidole pallidula"}]},{"@type":"WebSite","@id":"https:\/\/antderground.com\/pt-br\/#website","url":"https:\/\/antderground.com\/pt-br\/","name":"ANTDERGROUND","description":"Tu tienda de hormigas, gran variedad de hormigueros acr\u00edlicos,madera,arena,3D y mas.. Pide tus hormigas gratis con tu pedido, somos expertos en hormigueros antifugas.","publisher":{"@id":"https:\/\/antderground.com\/pt-br\/#\/schema\/person\/0e322c505e84fe72c65e2f6d08f96b81"},"alternateName":"Antderground","potentialAction":[{"@type":"SearchAction","target":{"@type":"EntryPoint","urlTemplate":"https:\/\/antderground.com\/pt-br\/?s={search_term_string}"},"query-input":{"@type":"PropertyValueSpecification","valueRequired":true,"valueName":"search_term_string"}}],"inLanguage":"pt-BR"},{"@type":["Person","Organization"],"@id":"https:\/\/antderground.com\/pt-br\/#\/schema\/person\/0e322c505e84fe72c65e2f6d08f96b81","name":"Eric de Antderground","image":{"@type":"ImageObject","inLanguage":"pt-BR","@id":"https:\/\/secure.gravatar.com\/avatar\/c49a1b9f79216d1498cb73c1e85cd47f4465dda35f2a94c03790d491bd4423c3?s=96&d=mm&r=g","url":"https:\/\/secure.gravatar.com\/avatar\/c49a1b9f79216d1498cb73c1e85cd47f4465dda35f2a94c03790d491bd4423c3?s=96&d=mm&r=g","contentUrl":"https:\/\/secure.gravatar.com\/avatar\/c49a1b9f79216d1498cb73c1e85cd47f4465dda35f2a94c03790d491bd4423c3?s=96&d=mm&r=g","caption":"Eric de Antderground"},"logo":{"@id":"https:\/\/secure.gravatar.com\/avatar\/c49a1b9f79216d1498cb73c1e85cd47f4465dda35f2a94c03790d491bd4423c3?s=96&d=mm&r=g"},"description":"Eric es el especialista y fundador de Antderground, con una amplia trayectoria en artr\u00f3podos y enfocado en la mirmecolog\u00eda y el dise\u00f1o de hormigueros artificiales. Su enfoque combina la innovaci\u00f3n t\u00e9cnica con el respeto por la biolog\u00eda de las hormigas, is\u00f3podos y otros, desarrollando sistemas de nidos modulares 3D y acr\u00edlicos que son referentes para aficionados y profesionales en toda Europa. Su objetivo es facilitar la cr\u00eda de hormigas y otros artr\u00f3podos mediante soluciones seguras y divulgaci\u00f3n de calidad.","sameAs":["https:\/\/antderground.com\/","https:\/\/www.youtube.com\/channel\/UCio72z7TlbufkAthAJIJfPw"]}]}},"_links":{"self":[{"href":"https:\/\/antderground.com\/pt-br\/wp-json\/wp\/v2\/product\/34845","targetHints":{"allow":["GET"]}}],"collection":[{"href":"https:\/\/antderground.com\/pt-br\/wp-json\/wp\/v2\/product"}],"about":[{"href":"https:\/\/antderground.com\/pt-br\/wp-json\/wp\/v2\/types\/product"}],"version-history":[{"count":0,"href":"https:\/\/antderground.com\/pt-br\/wp-json\/wp\/v2\/product\/34845\/revisions"}],"wp:featuredmedia":[{"embeddable":true,"href":"https:\/\/antderground.com\/pt-br\/wp-json\/wp\/v2\/media\/29432"}],"wp:attachment":[{"href":"https:\/\/antderground.com\/pt-br\/wp-json\/wp\/v2\/media?parent=34845"}],"wp:term":[{"taxonomy":"product_brand","embeddable":true,"href":"https:\/\/antderground.com\/pt-br\/wp-json\/wp\/v2\/product_brand?post=34845"},{"taxonomy":"product_cat","embeddable":true,"href":"https:\/\/antderground.com\/pt-br\/wp-json\/wp\/v2\/product_cat?post=34845"},{"taxonomy":"product_tag","embeddable":true,"href":"https:\/\/antderground.com\/pt-br\/wp-json\/wp\/v2\/product_tag?post=34845"}],"curies":[{"name":"wp","href":"https:\/\/api.w.org\/{rel}","templated":true}]}}