{"id":36268,"date":"2024-08-23T16:27:13","date_gmt":"2024-08-23T14:27:13","guid":{"rendered":"https:\/\/www.antderground.com\/producto\/armadillidium-granulatum-naranjito\/"},"modified":"2024-08-23T16:27:13","modified_gmt":"2024-08-23T14:27:13","slug":"armadillidium-granulatum-naranjito","status":"publish","type":"product","link":"https:\/\/antderground.com\/pt-br\/produto\/armadillidium-granulatum-naranjito\/","title":{"rendered":"Armadillidium granulatum Naranjito"},"content":{"rendered":"<p><strong>Ficha T\u00e9cnica: Armadillidium granulatum (Naranjito)<\/strong><\/p>\n<p><strong>Nome comum:<\/strong> Naranjito<\/p>\n<p><strong>Nome cient\u00edfico:<\/strong> <em>Armadillidium granulatum<\/em><\/p>\n<h3><strong>Classifica\u00e7\u00e3o Taxon\u00f4mica:<\/strong><\/h3>\n<ul>\n<li><strong>Reino:<\/strong> Animalia<\/li>\n<li><strong>Filo:<\/strong> Arthropoda<\/li>\n<li><strong>Classe:<\/strong> Malacostraca<\/li>\n<li><strong>Ordem:<\/strong> Isopoda<\/li>\n<li><strong>Fam\u00edlia:<\/strong> Armadillidiidae<\/li>\n<li><strong>G\u00eanero:<\/strong> <em>Armadillidium<\/em><\/li>\n<li><strong>Esp\u00e9cie:<\/strong> <em>A. granulatum<\/em><\/li>\n<\/ul>\n<h3><strong>Descri\u00e7\u00e3o:<\/strong><\/h3>\n<ul>\n<li><strong>Tamanho:<\/strong> Atinge um tamanho entre 8 e 18 mm de comprimento.<\/li>\n<li><strong>Forma:<\/strong> Ovalada e convexa dorsalmente, com um exoesqueleto duro segmentado que permite que ele se enrole em uma bola quando se sente amea\u00e7ado (comportamento de congloba\u00e7\u00e3o).<\/li>\n<li><strong>Colora\u00e7\u00e3o:<\/strong> O <em>Armadillidium granulatum<\/em> &#8220;Naranjito&#8221; \u00e9 caracterizado por sua colora\u00e7\u00e3o laranja brilhante. Em estado adulto, esse tom pode ser mais intenso e uniforme, enquanto os esp\u00e9cimes juvenis tendem a ter cores mais apagadas.<\/li>\n<li><strong>Padr\u00e3o e textura:<\/strong> O exoesqueleto apresenta uma superf\u00edcie granulada e texturizada, caracter\u00edstica da esp\u00e9cie, da\u00ed o nome espec\u00edfico &#8220;granulatum&#8221;.<\/li>\n<li><strong>Antenas:<\/strong> Dois pares de antenas, um mais longo e proeminente que o outro.<\/li>\n<li><strong>Patas:<\/strong> Possui sete pares de patas, t\u00edpicas dos is\u00f3podes terrestres.<\/li>\n<\/ul>\n<h3><strong>Habitat:<\/strong><\/h3>\n<ul>\n<li><strong>Distribui\u00e7\u00e3o:<\/strong> Esp\u00e9cie origin\u00e1ria da regi\u00e3o mediterr\u00e2nea, principalmente no sul da Europa e \u00e1reas circundantes, embora tamb\u00e9m possa ser encontrada em outras partes do mundo devido \u00e0 a\u00e7\u00e3o humana.<\/li>\n<li><strong>Ambiente:<\/strong> Prefere habitats \u00famidos, como solos de florestas, sob pedras, serrapilheira ou troncos ca\u00eddos. Tamb\u00e9m pode ser encontrado em jardins e \u00e1reas rurais com abundante mat\u00e9ria org\u00e2nica em decomposi\u00e7\u00e3o.<\/li>\n<li><strong>Condi\u00e7\u00f5es:<\/strong> S\u00e3o sens\u00edveis \u00e0 desseca\u00e7\u00e3o, por isso procuram microclimas \u00famidos. No entanto, o <em>A. granulatum<\/em> \u00e9 um pouco mais resistente \u00e0 secura em compara\u00e7\u00e3o com outras esp\u00e9cies de is\u00f3podes.<\/li>\n<\/ul>\n<h3><strong>Comportamento:<\/strong><\/h3>\n<ul>\n<li><strong>Alimenta\u00e7\u00e3o:<\/strong> Detrit\u00edvoro. Alimenta-se principalmente de mat\u00e9ria org\u00e2nica em decomposi\u00e7\u00e3o, como folhas, madeira morta e outros restos vegetais. Seu papel \u00e9 importante no ciclo de nutrientes do ecossistema, ajudando a decompor a mat\u00e9ria morta.<\/li>\n<li><strong>Atividade:<\/strong> Noturno. Durante o dia, geralmente permanece escondido sob abrigos naturais para evitar a desidrata\u00e7\u00e3o e a luz solar direta.<\/li>\n<li><strong>Defesa:<\/strong> Quando se sente amea\u00e7ado, enrola-se em uma bola fechada (comportamento de defesa conhecido como congloba\u00e7\u00e3o) para proteger suas partes moles e \u00f3rg\u00e3os internos contra predadores.<\/li>\n<\/ul>\n<h3><strong>Reprodu\u00e7\u00e3o:<\/strong><\/h3>\n<ul>\n<li><strong>Ciclo de vida:<\/strong> A reprodu\u00e7\u00e3o \u00e9 ovoviv\u00edpara, ou seja, as f\u00eameas ret\u00eam os ovos dentro de seus corpos at\u00e9 que eclodam. As crias nascem como vers\u00f5es menores e menos desenvolvidas dos adultos.<\/li>\n<li><strong>Crias:<\/strong> Ap\u00f3s o nascimento, as crias permanecem no mars\u00fapio da m\u00e3e por alguns dias at\u00e9 que possam cuidar de si mesmas.<\/li>\n<li><strong>Dura\u00e7\u00e3o de vida:<\/strong> T\u00eam uma vida \u00fatil de 2 a 4 anos, dependendo das condi\u00e7\u00f5es ambientais.<\/li>\n<\/ul>\n<h3><strong>Intera\u00e7\u00e3o com humanos:<\/strong><\/h3>\n<ul>\n<li><strong>Uso em terr\u00e1rios:<\/strong> O <em>Armadillidium granulatum<\/em> \u201cNaranjito\u201d \u00e9 popular no hobby do terr\u00e1rio devido \u00e0 sua cor brilhante e relativa resist\u00eancia, sendo utilizado como esp\u00e9cie decorativa ou como parte da equipe de limpeza em bioativos (ajudam a decompor res\u00edduos).<\/li>\n<li><strong>Cuidados:<\/strong> Preferem um substrato \u00famido com muita mat\u00e9ria org\u00e2nica. As condi\u00e7\u00f5es ideais incluem uma temperatura entre 20\u00b0C e 25\u00b0C, e uma umidade relativa superior a 70%. Precisam de abrigos e acesso a \u00e1reas mais secas para regular sua hidrata\u00e7\u00e3o.<\/li>\n<\/ul>\n","protected":false},"excerpt":{"rendered":"<p>Descubra o incr\u00edvel Armadillidium granulatum Naranjito! A sua cor laranja vibrante e a sua resist\u00eancia tornam-no na escolha perfeita para terr\u00e1rios bioativos. Limpa, embeleza e fascina! Adicione este pequeno is\u00f3pode exclusivo \u00e0 sua cole\u00e7\u00e3o hoje mesmo. N\u00e3o perca!<\/p>\n","protected":false},"featured_media":35971,"template":"","meta":[],"product_brand":[],"product_cat":[483,486,715],"product_tag":[],"class_list":{"0":"post-36268","1":"product","2":"type-product","3":"status-publish","4":"has-post-thumbnail","6":"product_cat-artropodes","7":"product_cat-isopodos","8":"product_cat-armadillidium","10":"first","11":"instock","12":"shipping-taxable","13":"purchasable","14":"product-type-variable"},"yoast_head":"<!-- This site is optimized with the Yoast SEO plugin v27.3 - https:\/\/yoast.com\/product\/yoast-seo-wordpress\/ -->\n<title>Armadillidium granulatum Naranjito | A sua loja de is\u00f3podes - ANTDERGROUND<\/title>\n<meta name=\"description\" content=\"Pegue no Armadillidium granulatum (Naranjito)! Perfeito para terr\u00e1rios bioativos. Cor vibrante, resistente e f\u00e1cil de cuidar. Stock limitado!\" \/>\n<meta name=\"robots\" content=\"index, follow, max-snippet:-1, max-image-preview:large, max-video-preview:-1\" \/>\n<link rel=\"canonical\" href=\"https:\/\/antderground.com\/pt-br\/produto\/armadillidium-granulatum-naranjito\/\" \/>\n<meta property=\"og:locale\" content=\"pt_BR\" \/>\n<meta property=\"og:type\" content=\"article\" \/>\n<meta property=\"og:title\" content=\"Armadillidium granulatum Naranjito | A sua loja de is\u00f3podes - ANTDERGROUND\" \/>\n<meta property=\"og:description\" content=\"Pegue no Armadillidium granulatum (Naranjito)! Perfeito para terr\u00e1rios bioativos. Cor vibrante, resistente e f\u00e1cil de cuidar. Stock limitado!\" \/>\n<meta property=\"og:url\" content=\"https:\/\/antderground.com\/pt-br\/produto\/armadillidium-granulatum-naranjito\/\" \/>\n<meta property=\"og:site_name\" content=\"ANTDERGROUND\" \/>\n<meta property=\"og:image\" content=\"https:\/\/antderground.com\/wp-content\/uploads\/2024\/08\/armadillidium-granulatum-Naranjito.jpeg\" \/>\n\t<meta property=\"og:image:width\" content=\"1600\" \/>\n\t<meta property=\"og:image:height\" content=\"1600\" \/>\n\t<meta property=\"og:image:type\" content=\"image\/jpeg\" \/>\n<meta name=\"twitter:card\" content=\"summary_large_image\" \/>\n<meta name=\"twitter:label1\" content=\"Est. tempo de leitura\" \/>\n\t<meta name=\"twitter:data1\" content=\"3 minutos\" \/>\n<script type=\"application\/ld+json\" class=\"yoast-schema-graph\">{\"@context\":\"https:\\\/\\\/schema.org\",\"@graph\":[{\"@type\":\"WebPage\",\"@id\":\"https:\\\/\\\/antderground.com\\\/pt-br\\\/produto\\\/armadillidium-granulatum-naranjito\\\/\",\"url\":\"https:\\\/\\\/antderground.com\\\/pt-br\\\/produto\\\/armadillidium-granulatum-naranjito\\\/\",\"name\":\"Armadillidium granulatum Naranjito | A sua loja de is\u00f3podes - ANTDERGROUND\",\"isPartOf\":{\"@id\":\"https:\\\/\\\/antderground.com\\\/pt-br\\\/#website\"},\"primaryImageOfPage\":{\"@id\":\"https:\\\/\\\/antderground.com\\\/pt-br\\\/produto\\\/armadillidium-granulatum-naranjito\\\/#primaryimage\"},\"image\":{\"@id\":\"https:\\\/\\\/antderground.com\\\/pt-br\\\/produto\\\/armadillidium-granulatum-naranjito\\\/#primaryimage\"},\"thumbnailUrl\":\"https:\\\/\\\/antderground.com\\\/wp-content\\\/uploads\\\/2024\\\/08\\\/armadillidium-granulatum-Naranjito.jpeg\",\"datePublished\":\"2024-08-23T14:27:13+00:00\",\"description\":\"Pegue no Armadillidium granulatum (Naranjito)! Perfeito para terr\u00e1rios bioativos. Cor vibrante, resistente e f\u00e1cil de cuidar. Stock limitado!\",\"breadcrumb\":{\"@id\":\"https:\\\/\\\/antderground.com\\\/pt-br\\\/produto\\\/armadillidium-granulatum-naranjito\\\/#breadcrumb\"},\"inLanguage\":\"pt-BR\",\"potentialAction\":[{\"@type\":\"ReadAction\",\"target\":[\"https:\\\/\\\/antderground.com\\\/pt-br\\\/produto\\\/armadillidium-granulatum-naranjito\\\/\"]}]},{\"@type\":\"ImageObject\",\"inLanguage\":\"pt-BR\",\"@id\":\"https:\\\/\\\/antderground.com\\\/pt-br\\\/produto\\\/armadillidium-granulatum-naranjito\\\/#primaryimage\",\"url\":\"https:\\\/\\\/antderground.com\\\/wp-content\\\/uploads\\\/2024\\\/08\\\/armadillidium-granulatum-Naranjito.jpeg\",\"contentUrl\":\"https:\\\/\\\/antderground.com\\\/wp-content\\\/uploads\\\/2024\\\/08\\\/armadillidium-granulatum-Naranjito.jpeg\",\"width\":1600,\"height\":1600,\"caption\":\"armadillidium granulatum Naranjito\"},{\"@type\":\"BreadcrumbList\",\"@id\":\"https:\\\/\\\/antderground.com\\\/pt-br\\\/produto\\\/armadillidium-granulatum-naranjito\\\/#breadcrumb\",\"itemListElement\":[{\"@type\":\"ListItem\",\"position\":1,\"name\":\"Portada\",\"item\":\"https:\\\/\\\/antderground.com\\\/pt-br\\\/\"},{\"@type\":\"ListItem\",\"position\":2,\"name\":\"Produtos\",\"item\":\"https:\\\/\\\/antderground.com\\\/pt-br\\\/loja-de-formigueiros\\\/\"},{\"@type\":\"ListItem\",\"position\":3,\"name\":\"Armadillidium granulatum Naranjito\"}]},{\"@type\":\"WebSite\",\"@id\":\"https:\\\/\\\/antderground.com\\\/pt-br\\\/#website\",\"url\":\"https:\\\/\\\/antderground.com\\\/pt-br\\\/\",\"name\":\"ANTDERGROUND\",\"description\":\"Tu tienda de hormigas, gran variedad de hormigueros acr\u00edlicos,madera,arena,3D y mas.. Pide tus hormigas gratis con tu pedido, somos expertos en hormigueros antifugas.\",\"publisher\":{\"@id\":\"https:\\\/\\\/antderground.com\\\/pt-br\\\/#\\\/schema\\\/person\\\/0e322c505e84fe72c65e2f6d08f96b81\"},\"alternateName\":\"Antderground\",\"potentialAction\":[{\"@type\":\"SearchAction\",\"target\":{\"@type\":\"EntryPoint\",\"urlTemplate\":\"https:\\\/\\\/antderground.com\\\/pt-br\\\/?s={search_term_string}\"},\"query-input\":{\"@type\":\"PropertyValueSpecification\",\"valueRequired\":true,\"valueName\":\"search_term_string\"}}],\"inLanguage\":\"pt-BR\"},{\"@type\":[\"Person\",\"Organization\"],\"@id\":\"https:\\\/\\\/antderground.com\\\/pt-br\\\/#\\\/schema\\\/person\\\/0e322c505e84fe72c65e2f6d08f96b81\",\"name\":\"Eric de Antderground\",\"image\":{\"@type\":\"ImageObject\",\"inLanguage\":\"pt-BR\",\"@id\":\"https:\\\/\\\/secure.gravatar.com\\\/avatar\\\/c49a1b9f79216d1498cb73c1e85cd47f4465dda35f2a94c03790d491bd4423c3?s=96&d=mm&r=g\",\"url\":\"https:\\\/\\\/secure.gravatar.com\\\/avatar\\\/c49a1b9f79216d1498cb73c1e85cd47f4465dda35f2a94c03790d491bd4423c3?s=96&d=mm&r=g\",\"contentUrl\":\"https:\\\/\\\/secure.gravatar.com\\\/avatar\\\/c49a1b9f79216d1498cb73c1e85cd47f4465dda35f2a94c03790d491bd4423c3?s=96&d=mm&r=g\",\"caption\":\"Eric de Antderground\"},\"logo\":{\"@id\":\"https:\\\/\\\/secure.gravatar.com\\\/avatar\\\/c49a1b9f79216d1498cb73c1e85cd47f4465dda35f2a94c03790d491bd4423c3?s=96&d=mm&r=g\"},\"description\":\"Eric es el especialista y fundador de Antderground, con una amplia trayectoria en artr\u00f3podos y enfocado en la mirmecolog\u00eda y el dise\u00f1o de hormigueros artificiales. Su enfoque combina la innovaci\u00f3n t\u00e9cnica con el respeto por la biolog\u00eda de las hormigas, is\u00f3podos y otros, desarrollando sistemas de nidos modulares 3D y acr\u00edlicos que son referentes para aficionados y profesionales en toda Europa. Su objetivo es facilitar la cr\u00eda de hormigas y otros artr\u00f3podos mediante soluciones seguras y divulgaci\u00f3n de calidad.\",\"sameAs\":[\"https:\\\/\\\/antderground.com\\\/\",\"https:\\\/\\\/www.youtube.com\\\/channel\\\/UCio72z7TlbufkAthAJIJfPw\"]}]}<\/script>\n<!-- \/ Yoast SEO plugin. -->","yoast_head_json":{"title":"Armadillidium granulatum Naranjito | A sua loja de is\u00f3podes - ANTDERGROUND","description":"Pegue no Armadillidium granulatum (Naranjito)! Perfeito para terr\u00e1rios bioativos. Cor vibrante, resistente e f\u00e1cil de cuidar. Stock limitado!","robots":{"index":"index","follow":"follow","max-snippet":"max-snippet:-1","max-image-preview":"max-image-preview:large","max-video-preview":"max-video-preview:-1"},"canonical":"https:\/\/antderground.com\/pt-br\/produto\/armadillidium-granulatum-naranjito\/","og_locale":"pt_BR","og_type":"article","og_title":"Armadillidium granulatum Naranjito | A sua loja de is\u00f3podes - ANTDERGROUND","og_description":"Pegue no Armadillidium granulatum (Naranjito)! Perfeito para terr\u00e1rios bioativos. Cor vibrante, resistente e f\u00e1cil de cuidar. Stock limitado!","og_url":"https:\/\/antderground.com\/pt-br\/produto\/armadillidium-granulatum-naranjito\/","og_site_name":"ANTDERGROUND","og_image":[{"width":1600,"height":1600,"url":"https:\/\/antderground.com\/wp-content\/uploads\/2024\/08\/armadillidium-granulatum-Naranjito.jpeg","type":"image\/jpeg"}],"twitter_card":"summary_large_image","twitter_misc":{"Est. tempo de leitura":"3 minutos"},"schema":{"@context":"https:\/\/schema.org","@graph":[{"@type":"WebPage","@id":"https:\/\/antderground.com\/pt-br\/produto\/armadillidium-granulatum-naranjito\/","url":"https:\/\/antderground.com\/pt-br\/produto\/armadillidium-granulatum-naranjito\/","name":"Armadillidium granulatum Naranjito | A sua loja de is\u00f3podes - ANTDERGROUND","isPartOf":{"@id":"https:\/\/antderground.com\/pt-br\/#website"},"primaryImageOfPage":{"@id":"https:\/\/antderground.com\/pt-br\/produto\/armadillidium-granulatum-naranjito\/#primaryimage"},"image":{"@id":"https:\/\/antderground.com\/pt-br\/produto\/armadillidium-granulatum-naranjito\/#primaryimage"},"thumbnailUrl":"https:\/\/antderground.com\/wp-content\/uploads\/2024\/08\/armadillidium-granulatum-Naranjito.jpeg","datePublished":"2024-08-23T14:27:13+00:00","description":"Pegue no Armadillidium granulatum (Naranjito)! Perfeito para terr\u00e1rios bioativos. Cor vibrante, resistente e f\u00e1cil de cuidar. Stock limitado!","breadcrumb":{"@id":"https:\/\/antderground.com\/pt-br\/produto\/armadillidium-granulatum-naranjito\/#breadcrumb"},"inLanguage":"pt-BR","potentialAction":[{"@type":"ReadAction","target":["https:\/\/antderground.com\/pt-br\/produto\/armadillidium-granulatum-naranjito\/"]}]},{"@type":"ImageObject","inLanguage":"pt-BR","@id":"https:\/\/antderground.com\/pt-br\/produto\/armadillidium-granulatum-naranjito\/#primaryimage","url":"https:\/\/antderground.com\/wp-content\/uploads\/2024\/08\/armadillidium-granulatum-Naranjito.jpeg","contentUrl":"https:\/\/antderground.com\/wp-content\/uploads\/2024\/08\/armadillidium-granulatum-Naranjito.jpeg","width":1600,"height":1600,"caption":"armadillidium granulatum Naranjito"},{"@type":"BreadcrumbList","@id":"https:\/\/antderground.com\/pt-br\/produto\/armadillidium-granulatum-naranjito\/#breadcrumb","itemListElement":[{"@type":"ListItem","position":1,"name":"Portada","item":"https:\/\/antderground.com\/pt-br\/"},{"@type":"ListItem","position":2,"name":"Produtos","item":"https:\/\/antderground.com\/pt-br\/loja-de-formigueiros\/"},{"@type":"ListItem","position":3,"name":"Armadillidium granulatum Naranjito"}]},{"@type":"WebSite","@id":"https:\/\/antderground.com\/pt-br\/#website","url":"https:\/\/antderground.com\/pt-br\/","name":"ANTDERGROUND","description":"Tu tienda de hormigas, gran variedad de hormigueros acr\u00edlicos,madera,arena,3D y mas.. Pide tus hormigas gratis con tu pedido, somos expertos en hormigueros antifugas.","publisher":{"@id":"https:\/\/antderground.com\/pt-br\/#\/schema\/person\/0e322c505e84fe72c65e2f6d08f96b81"},"alternateName":"Antderground","potentialAction":[{"@type":"SearchAction","target":{"@type":"EntryPoint","urlTemplate":"https:\/\/antderground.com\/pt-br\/?s={search_term_string}"},"query-input":{"@type":"PropertyValueSpecification","valueRequired":true,"valueName":"search_term_string"}}],"inLanguage":"pt-BR"},{"@type":["Person","Organization"],"@id":"https:\/\/antderground.com\/pt-br\/#\/schema\/person\/0e322c505e84fe72c65e2f6d08f96b81","name":"Eric de Antderground","image":{"@type":"ImageObject","inLanguage":"pt-BR","@id":"https:\/\/secure.gravatar.com\/avatar\/c49a1b9f79216d1498cb73c1e85cd47f4465dda35f2a94c03790d491bd4423c3?s=96&d=mm&r=g","url":"https:\/\/secure.gravatar.com\/avatar\/c49a1b9f79216d1498cb73c1e85cd47f4465dda35f2a94c03790d491bd4423c3?s=96&d=mm&r=g","contentUrl":"https:\/\/secure.gravatar.com\/avatar\/c49a1b9f79216d1498cb73c1e85cd47f4465dda35f2a94c03790d491bd4423c3?s=96&d=mm&r=g","caption":"Eric de Antderground"},"logo":{"@id":"https:\/\/secure.gravatar.com\/avatar\/c49a1b9f79216d1498cb73c1e85cd47f4465dda35f2a94c03790d491bd4423c3?s=96&d=mm&r=g"},"description":"Eric es el especialista y fundador de Antderground, con una amplia trayectoria en artr\u00f3podos y enfocado en la mirmecolog\u00eda y el dise\u00f1o de hormigueros artificiales. Su enfoque combina la innovaci\u00f3n t\u00e9cnica con el respeto por la biolog\u00eda de las hormigas, is\u00f3podos y otros, desarrollando sistemas de nidos modulares 3D y acr\u00edlicos que son referentes para aficionados y profesionales en toda Europa. Su objetivo es facilitar la cr\u00eda de hormigas y otros artr\u00f3podos mediante soluciones seguras y divulgaci\u00f3n de calidad.","sameAs":["https:\/\/antderground.com\/","https:\/\/www.youtube.com\/channel\/UCio72z7TlbufkAthAJIJfPw"]}]}},"_links":{"self":[{"href":"https:\/\/antderground.com\/pt-br\/wp-json\/wp\/v2\/product\/36268","targetHints":{"allow":["GET"]}}],"collection":[{"href":"https:\/\/antderground.com\/pt-br\/wp-json\/wp\/v2\/product"}],"about":[{"href":"https:\/\/antderground.com\/pt-br\/wp-json\/wp\/v2\/types\/product"}],"version-history":[{"count":0,"href":"https:\/\/antderground.com\/pt-br\/wp-json\/wp\/v2\/product\/36268\/revisions"}],"wp:featuredmedia":[{"embeddable":true,"href":"https:\/\/antderground.com\/pt-br\/wp-json\/wp\/v2\/media\/35971"}],"wp:attachment":[{"href":"https:\/\/antderground.com\/pt-br\/wp-json\/wp\/v2\/media?parent=36268"}],"wp:term":[{"taxonomy":"product_brand","embeddable":true,"href":"https:\/\/antderground.com\/pt-br\/wp-json\/wp\/v2\/product_brand?post=36268"},{"taxonomy":"product_cat","embeddable":true,"href":"https:\/\/antderground.com\/pt-br\/wp-json\/wp\/v2\/product_cat?post=36268"},{"taxonomy":"product_tag","embeddable":true,"href":"https:\/\/antderground.com\/pt-br\/wp-json\/wp\/v2\/product_tag?post=36268"}],"curies":[{"name":"wp","href":"https:\/\/api.w.org\/{rel}","templated":true}]}}