{"id":36565,"date":"2024-09-20T11:28:46","date_gmt":"2024-09-20T09:28:46","guid":{"rendered":"https:\/\/www.antderground.com\/producto\/formigueiro-vertical-t-com-substrato\/"},"modified":"2024-09-20T11:28:46","modified_gmt":"2024-09-20T09:28:46","slug":"formigueiro-vertical-t-com-substrato","status":"publish","type":"product","link":"https:\/\/antderground.com\/pt-br\/produto\/formigueiro-vertical-t-com-substrato\/","title":{"rendered":"Formigueiro vertical T (com substrato)"},"content":{"rendered":"<h3>Formigueiro Vertical Formato T: Fus\u00e3o entre Formigueiro e Zona de Forrageio<\/h3>\n<p><strong>Descri\u00e7\u00e3o geral<\/strong><br \/>\nO formigueiro vertical em formato T \u00e9 uma solu\u00e7\u00e3o inovadora que combina em um \u00fanico design a zona de ninho e a zona de forrageio. Ambas as \u00e1reas est\u00e3o conectadas por um buraco que permite o f\u00e1cil acesso das formigas entre os dois ambientes.<\/p>\n<p><strong>Zona de formigueiro<\/strong><br \/>\nA se\u00e7\u00e3o de ninho mede 15&#215;15 cm e \u00e9 composta por substrato natural. Ideal para que as formigas construam suas pr\u00f3prias galerias, recriando um ambiente semelhante ao que encontram na natureza.<\/p>\n<p><strong>Zona de forrageio<\/strong><br \/>\nO espa\u00e7o de forrageio mede 6x18x8 cm. Aqui, as formigas podem buscar alimento, armazenar recursos e explorar de forma segura.<\/p>\n<h4><strong>Vantagens do design<\/strong><\/h4>\n<ul>\n<li><strong>Economia de espa\u00e7o gra\u00e7as ao formato vertical<\/strong><br \/>\nEste design compacto \u00e9 perfeito para quem busca otimizar o espa\u00e7o. Ao ser vertical, o formigueiro n\u00e3o apenas permite abrigar uma col\u00f4nia de formigas em crescimento, mas tamb\u00e9m reduz a necessidade de uma superf\u00edcie ampla, tornando-se uma op\u00e7\u00e3o ideal para qualquer ambiente, como mesas ou prateleiras.<\/li>\n<li><strong>Observa\u00e7\u00e3o direta das formigas em ambas as zonas<\/strong><br \/>\nGra\u00e7as \u00e0 disposi\u00e7\u00e3o vertical e \u00e0 transpar\u00eancia do material, este formigueiro facilita a observa\u00e7\u00e3o tanto na zona de ninho quanto na zona de forrageio. Os usu\u00e1rios podem acompanhar de perto as atividades das formigas, desde a constru\u00e7\u00e3o de t\u00faneis no substrato at\u00e9 seu comportamento na coleta e armazenamento de alimentos, tornando-se uma ferramenta educativa e de entretenimento.<\/li>\n<li><strong>Ambiente natural para o desenvolvimento do formigueiro<\/strong><br \/>\nA zona de ninho foi projetada com um substrato que permite \u00e0s formigas escavar e construir suas pr\u00f3prias galerias, recriando seu habitat natural. Isso promove o bem-estar da col\u00f4nia e proporciona uma experi\u00eancia mais aut\u00eantica tanto para as formigas quanto para os observadores, fomentando o comportamento instintivo e saud\u00e1vel da col\u00f4nia.<\/li>\n<\/ul>\n","protected":false},"excerpt":{"rendered":"<p>Hormigueiro vertical em formato T com zona de ninho (15&#215;15 cm) com substrato e zona de Forrageio (6x18x8 cm), ideal para a observa\u00e7\u00e3o e o desenvolvimento natural das formigas. Combina ambas as \u00e1reas por meio de um espa\u00e7o de acesso, permitindo um ambiente pr\u00e1tico e compacto.<\/p>\n<p><strong>Inclui:<\/strong><br \/>\n&#8211; Hormigueiro formato T.<br \/>\n&#8211; Substrato.<br \/>\n&#8211; Pipeta (para a umidade).<\/p>\n<p>*Disp\u00f5e de conex\u00e3o para conectar a um hormigueiro adicional ou zona de alimenta\u00e7\u00e3o.<\/p>\n","protected":false},"featured_media":36553,"template":"","meta":[],"product_brand":[],"product_cat":[379,466,378],"product_tag":[],"class_list":{"0":"post-36565","1":"product","2":"type-product","3":"status-publish","4":"has-post-thumbnail","6":"product_cat-formigueiros","7":"product_cat-formigueiros-3d","8":"product_cat-formigueiros-verticais","10":"first","11":"instock","12":"sale","13":"shipping-taxable","14":"purchasable","15":"product-type-simple"},"yoast_head":"<!-- This site is optimized with the Yoast SEO plugin v27.3 - https:\/\/yoast.com\/product\/yoast-seo-wordpress\/ -->\n<title>Formigueiro vertical T (com substrato) | Mirmecologia - ANTDERGROUND<\/title>\n<meta name=\"description\" content=\"Formigueiro vertical em formato T com substrato e \u00e1rea de forrageamento. Design compacto ideal para o cultivo e observa\u00e7\u00e3o de formigas. Compre o seu formigueiro.\" \/>\n<meta name=\"robots\" content=\"index, follow, max-snippet:-1, max-image-preview:large, max-video-preview:-1\" \/>\n<link rel=\"canonical\" href=\"https:\/\/antderground.com\/pt-br\/produto\/formigueiro-vertical-t-com-substrato\/\" \/>\n<meta property=\"og:locale\" content=\"pt_BR\" \/>\n<meta property=\"og:type\" content=\"article\" \/>\n<meta property=\"og:title\" content=\"Formigueiro vertical T (com substrato) | Mirmecologia - ANTDERGROUND\" \/>\n<meta property=\"og:description\" content=\"Formigueiro vertical em formato T com substrato e \u00e1rea de forrageamento. Design compacto ideal para o cultivo e observa\u00e7\u00e3o de formigas. Compre o seu formigueiro.\" \/>\n<meta property=\"og:url\" content=\"https:\/\/antderground.com\/pt-br\/produto\/formigueiro-vertical-t-com-substrato\/\" \/>\n<meta property=\"og:site_name\" content=\"ANTDERGROUND\" \/>\n<meta property=\"og:image\" content=\"https:\/\/antderground.com\/wp-content\/uploads\/2024\/09\/hormiguero-version-T.jpg\" \/>\n\t<meta property=\"og:image:width\" content=\"1600\" \/>\n\t<meta property=\"og:image:height\" content=\"1600\" \/>\n\t<meta property=\"og:image:type\" content=\"image\/jpeg\" \/>\n<meta name=\"twitter:card\" content=\"summary_large_image\" \/>\n<meta name=\"twitter:label1\" content=\"Est. tempo de leitura\" \/>\n\t<meta name=\"twitter:data1\" content=\"2 minutos\" \/>\n<script type=\"application\/ld+json\" class=\"yoast-schema-graph\">{\"@context\":\"https:\\\/\\\/schema.org\",\"@graph\":[{\"@type\":\"WebPage\",\"@id\":\"https:\\\/\\\/antderground.com\\\/pt-br\\\/produto\\\/formigueiro-vertical-t-com-substrato\\\/\",\"url\":\"https:\\\/\\\/antderground.com\\\/pt-br\\\/produto\\\/formigueiro-vertical-t-com-substrato\\\/\",\"name\":\"Formigueiro vertical T (com substrato) | Mirmecologia - ANTDERGROUND\",\"isPartOf\":{\"@id\":\"https:\\\/\\\/antderground.com\\\/pt-br\\\/#website\"},\"primaryImageOfPage\":{\"@id\":\"https:\\\/\\\/antderground.com\\\/pt-br\\\/produto\\\/formigueiro-vertical-t-com-substrato\\\/#primaryimage\"},\"image\":{\"@id\":\"https:\\\/\\\/antderground.com\\\/pt-br\\\/produto\\\/formigueiro-vertical-t-com-substrato\\\/#primaryimage\"},\"thumbnailUrl\":\"https:\\\/\\\/antderground.com\\\/wp-content\\\/uploads\\\/2024\\\/09\\\/hormiguero-version-T.jpg\",\"datePublished\":\"2024-09-20T09:28:46+00:00\",\"description\":\"Formigueiro vertical em formato T com substrato e \u00e1rea de forrageamento. Design compacto ideal para o cultivo e observa\u00e7\u00e3o de formigas. Compre o seu formigueiro.\",\"breadcrumb\":{\"@id\":\"https:\\\/\\\/antderground.com\\\/pt-br\\\/produto\\\/formigueiro-vertical-t-com-substrato\\\/#breadcrumb\"},\"inLanguage\":\"pt-BR\",\"potentialAction\":[{\"@type\":\"ReadAction\",\"target\":[\"https:\\\/\\\/antderground.com\\\/pt-br\\\/produto\\\/formigueiro-vertical-t-com-substrato\\\/\"]}]},{\"@type\":\"ImageObject\",\"inLanguage\":\"pt-BR\",\"@id\":\"https:\\\/\\\/antderground.com\\\/pt-br\\\/produto\\\/formigueiro-vertical-t-com-substrato\\\/#primaryimage\",\"url\":\"https:\\\/\\\/antderground.com\\\/wp-content\\\/uploads\\\/2024\\\/09\\\/hormiguero-version-T.jpg\",\"contentUrl\":\"https:\\\/\\\/antderground.com\\\/wp-content\\\/uploads\\\/2024\\\/09\\\/hormiguero-version-T.jpg\",\"width\":1600,\"height\":1600,\"caption\":\"Formigueiro vertical T (com substrato)\"},{\"@type\":\"BreadcrumbList\",\"@id\":\"https:\\\/\\\/antderground.com\\\/pt-br\\\/produto\\\/formigueiro-vertical-t-com-substrato\\\/#breadcrumb\",\"itemListElement\":[{\"@type\":\"ListItem\",\"position\":1,\"name\":\"Portada\",\"item\":\"https:\\\/\\\/antderground.com\\\/pt-br\\\/\"},{\"@type\":\"ListItem\",\"position\":2,\"name\":\"Produtos\",\"item\":\"https:\\\/\\\/antderground.com\\\/pt-br\\\/loja-de-formigueiros\\\/\"},{\"@type\":\"ListItem\",\"position\":3,\"name\":\"Formigueiro vertical T (com substrato)\"}]},{\"@type\":\"WebSite\",\"@id\":\"https:\\\/\\\/antderground.com\\\/pt-br\\\/#website\",\"url\":\"https:\\\/\\\/antderground.com\\\/pt-br\\\/\",\"name\":\"ANTDERGROUND\",\"description\":\"Tu tienda de hormigas, gran variedad de hormigueros acr\u00edlicos,madera,arena,3D y mas.. Pide tus hormigas gratis con tu pedido, somos expertos en hormigueros antifugas.\",\"publisher\":{\"@id\":\"https:\\\/\\\/antderground.com\\\/pt-br\\\/#\\\/schema\\\/person\\\/0e322c505e84fe72c65e2f6d08f96b81\"},\"alternateName\":\"Antderground\",\"potentialAction\":[{\"@type\":\"SearchAction\",\"target\":{\"@type\":\"EntryPoint\",\"urlTemplate\":\"https:\\\/\\\/antderground.com\\\/pt-br\\\/?s={search_term_string}\"},\"query-input\":{\"@type\":\"PropertyValueSpecification\",\"valueRequired\":true,\"valueName\":\"search_term_string\"}}],\"inLanguage\":\"pt-BR\"},{\"@type\":[\"Person\",\"Organization\"],\"@id\":\"https:\\\/\\\/antderground.com\\\/pt-br\\\/#\\\/schema\\\/person\\\/0e322c505e84fe72c65e2f6d08f96b81\",\"name\":\"Eric de Antderground\",\"image\":{\"@type\":\"ImageObject\",\"inLanguage\":\"pt-BR\",\"@id\":\"https:\\\/\\\/secure.gravatar.com\\\/avatar\\\/c49a1b9f79216d1498cb73c1e85cd47f4465dda35f2a94c03790d491bd4423c3?s=96&d=mm&r=g\",\"url\":\"https:\\\/\\\/secure.gravatar.com\\\/avatar\\\/c49a1b9f79216d1498cb73c1e85cd47f4465dda35f2a94c03790d491bd4423c3?s=96&d=mm&r=g\",\"contentUrl\":\"https:\\\/\\\/secure.gravatar.com\\\/avatar\\\/c49a1b9f79216d1498cb73c1e85cd47f4465dda35f2a94c03790d491bd4423c3?s=96&d=mm&r=g\",\"caption\":\"Eric de Antderground\"},\"logo\":{\"@id\":\"https:\\\/\\\/secure.gravatar.com\\\/avatar\\\/c49a1b9f79216d1498cb73c1e85cd47f4465dda35f2a94c03790d491bd4423c3?s=96&d=mm&r=g\"},\"description\":\"Eric es el especialista y fundador de Antderground, con una amplia trayectoria en artr\u00f3podos y enfocado en la mirmecolog\u00eda y el dise\u00f1o de hormigueros artificiales. Su enfoque combina la innovaci\u00f3n t\u00e9cnica con el respeto por la biolog\u00eda de las hormigas, is\u00f3podos y otros, desarrollando sistemas de nidos modulares 3D y acr\u00edlicos que son referentes para aficionados y profesionales en toda Europa. Su objetivo es facilitar la cr\u00eda de hormigas y otros artr\u00f3podos mediante soluciones seguras y divulgaci\u00f3n de calidad.\",\"sameAs\":[\"https:\\\/\\\/antderground.com\\\/\",\"https:\\\/\\\/www.youtube.com\\\/channel\\\/UCio72z7TlbufkAthAJIJfPw\"]}]}<\/script>\n<!-- \/ Yoast SEO plugin. -->","yoast_head_json":{"title":"Formigueiro vertical T (com substrato) | Mirmecologia - ANTDERGROUND","description":"Formigueiro vertical em formato T com substrato e \u00e1rea de forrageamento. Design compacto ideal para o cultivo e observa\u00e7\u00e3o de formigas. Compre o seu formigueiro.","robots":{"index":"index","follow":"follow","max-snippet":"max-snippet:-1","max-image-preview":"max-image-preview:large","max-video-preview":"max-video-preview:-1"},"canonical":"https:\/\/antderground.com\/pt-br\/produto\/formigueiro-vertical-t-com-substrato\/","og_locale":"pt_BR","og_type":"article","og_title":"Formigueiro vertical T (com substrato) | Mirmecologia - ANTDERGROUND","og_description":"Formigueiro vertical em formato T com substrato e \u00e1rea de forrageamento. Design compacto ideal para o cultivo e observa\u00e7\u00e3o de formigas. Compre o seu formigueiro.","og_url":"https:\/\/antderground.com\/pt-br\/produto\/formigueiro-vertical-t-com-substrato\/","og_site_name":"ANTDERGROUND","og_image":[{"width":1600,"height":1600,"url":"https:\/\/antderground.com\/wp-content\/uploads\/2024\/09\/hormiguero-version-T.jpg","type":"image\/jpeg"}],"twitter_card":"summary_large_image","twitter_misc":{"Est. tempo de leitura":"2 minutos"},"schema":{"@context":"https:\/\/schema.org","@graph":[{"@type":"WebPage","@id":"https:\/\/antderground.com\/pt-br\/produto\/formigueiro-vertical-t-com-substrato\/","url":"https:\/\/antderground.com\/pt-br\/produto\/formigueiro-vertical-t-com-substrato\/","name":"Formigueiro vertical T (com substrato) | Mirmecologia - ANTDERGROUND","isPartOf":{"@id":"https:\/\/antderground.com\/pt-br\/#website"},"primaryImageOfPage":{"@id":"https:\/\/antderground.com\/pt-br\/produto\/formigueiro-vertical-t-com-substrato\/#primaryimage"},"image":{"@id":"https:\/\/antderground.com\/pt-br\/produto\/formigueiro-vertical-t-com-substrato\/#primaryimage"},"thumbnailUrl":"https:\/\/antderground.com\/wp-content\/uploads\/2024\/09\/hormiguero-version-T.jpg","datePublished":"2024-09-20T09:28:46+00:00","description":"Formigueiro vertical em formato T com substrato e \u00e1rea de forrageamento. Design compacto ideal para o cultivo e observa\u00e7\u00e3o de formigas. Compre o seu formigueiro.","breadcrumb":{"@id":"https:\/\/antderground.com\/pt-br\/produto\/formigueiro-vertical-t-com-substrato\/#breadcrumb"},"inLanguage":"pt-BR","potentialAction":[{"@type":"ReadAction","target":["https:\/\/antderground.com\/pt-br\/produto\/formigueiro-vertical-t-com-substrato\/"]}]},{"@type":"ImageObject","inLanguage":"pt-BR","@id":"https:\/\/antderground.com\/pt-br\/produto\/formigueiro-vertical-t-com-substrato\/#primaryimage","url":"https:\/\/antderground.com\/wp-content\/uploads\/2024\/09\/hormiguero-version-T.jpg","contentUrl":"https:\/\/antderground.com\/wp-content\/uploads\/2024\/09\/hormiguero-version-T.jpg","width":1600,"height":1600,"caption":"Formigueiro vertical T (com substrato)"},{"@type":"BreadcrumbList","@id":"https:\/\/antderground.com\/pt-br\/produto\/formigueiro-vertical-t-com-substrato\/#breadcrumb","itemListElement":[{"@type":"ListItem","position":1,"name":"Portada","item":"https:\/\/antderground.com\/pt-br\/"},{"@type":"ListItem","position":2,"name":"Produtos","item":"https:\/\/antderground.com\/pt-br\/loja-de-formigueiros\/"},{"@type":"ListItem","position":3,"name":"Formigueiro vertical T (com substrato)"}]},{"@type":"WebSite","@id":"https:\/\/antderground.com\/pt-br\/#website","url":"https:\/\/antderground.com\/pt-br\/","name":"ANTDERGROUND","description":"Tu tienda de hormigas, gran variedad de hormigueros acr\u00edlicos,madera,arena,3D y mas.. Pide tus hormigas gratis con tu pedido, somos expertos en hormigueros antifugas.","publisher":{"@id":"https:\/\/antderground.com\/pt-br\/#\/schema\/person\/0e322c505e84fe72c65e2f6d08f96b81"},"alternateName":"Antderground","potentialAction":[{"@type":"SearchAction","target":{"@type":"EntryPoint","urlTemplate":"https:\/\/antderground.com\/pt-br\/?s={search_term_string}"},"query-input":{"@type":"PropertyValueSpecification","valueRequired":true,"valueName":"search_term_string"}}],"inLanguage":"pt-BR"},{"@type":["Person","Organization"],"@id":"https:\/\/antderground.com\/pt-br\/#\/schema\/person\/0e322c505e84fe72c65e2f6d08f96b81","name":"Eric de Antderground","image":{"@type":"ImageObject","inLanguage":"pt-BR","@id":"https:\/\/secure.gravatar.com\/avatar\/c49a1b9f79216d1498cb73c1e85cd47f4465dda35f2a94c03790d491bd4423c3?s=96&d=mm&r=g","url":"https:\/\/secure.gravatar.com\/avatar\/c49a1b9f79216d1498cb73c1e85cd47f4465dda35f2a94c03790d491bd4423c3?s=96&d=mm&r=g","contentUrl":"https:\/\/secure.gravatar.com\/avatar\/c49a1b9f79216d1498cb73c1e85cd47f4465dda35f2a94c03790d491bd4423c3?s=96&d=mm&r=g","caption":"Eric de Antderground"},"logo":{"@id":"https:\/\/secure.gravatar.com\/avatar\/c49a1b9f79216d1498cb73c1e85cd47f4465dda35f2a94c03790d491bd4423c3?s=96&d=mm&r=g"},"description":"Eric es el especialista y fundador de Antderground, con una amplia trayectoria en artr\u00f3podos y enfocado en la mirmecolog\u00eda y el dise\u00f1o de hormigueros artificiales. Su enfoque combina la innovaci\u00f3n t\u00e9cnica con el respeto por la biolog\u00eda de las hormigas, is\u00f3podos y otros, desarrollando sistemas de nidos modulares 3D y acr\u00edlicos que son referentes para aficionados y profesionales en toda Europa. Su objetivo es facilitar la cr\u00eda de hormigas y otros artr\u00f3podos mediante soluciones seguras y divulgaci\u00f3n de calidad.","sameAs":["https:\/\/antderground.com\/","https:\/\/www.youtube.com\/channel\/UCio72z7TlbufkAthAJIJfPw"]}]}},"_links":{"self":[{"href":"https:\/\/antderground.com\/pt-br\/wp-json\/wp\/v2\/product\/36565","targetHints":{"allow":["GET"]}}],"collection":[{"href":"https:\/\/antderground.com\/pt-br\/wp-json\/wp\/v2\/product"}],"about":[{"href":"https:\/\/antderground.com\/pt-br\/wp-json\/wp\/v2\/types\/product"}],"version-history":[{"count":0,"href":"https:\/\/antderground.com\/pt-br\/wp-json\/wp\/v2\/product\/36565\/revisions"}],"wp:featuredmedia":[{"embeddable":true,"href":"https:\/\/antderground.com\/pt-br\/wp-json\/wp\/v2\/media\/36553"}],"wp:attachment":[{"href":"https:\/\/antderground.com\/pt-br\/wp-json\/wp\/v2\/media?parent=36565"}],"wp:term":[{"taxonomy":"product_brand","embeddable":true,"href":"https:\/\/antderground.com\/pt-br\/wp-json\/wp\/v2\/product_brand?post=36565"},{"taxonomy":"product_cat","embeddable":true,"href":"https:\/\/antderground.com\/pt-br\/wp-json\/wp\/v2\/product_cat?post=36565"},{"taxonomy":"product_tag","embeddable":true,"href":"https:\/\/antderground.com\/pt-br\/wp-json\/wp\/v2\/product_tag?post=36565"}],"curies":[{"name":"wp","href":"https:\/\/api.w.org\/{rel}","templated":true}]}}