{"id":37838,"date":"2024-11-08T17:28:27","date_gmt":"2024-11-08T16:28:27","guid":{"rendered":"https:\/\/www.antderground.com\/producto\/kit-modular-3d-v2m\/"},"modified":"2024-12-02T10:34:19","modified_gmt":"2024-12-02T09:34:19","slug":"kit-modular-3d-v2m","status":"publish","type":"product","link":"https:\/\/antderground.com\/pt-br\/produto\/kit-modular-3d-v2m\/","title":{"rendered":"Kit Modular 3D (v2)(M)"},"content":{"rendered":"<p><strong>Kit Modular 3D M\u00e9dio para Col\u00f4nias de Formigas<\/strong><\/p>\n<p>Este kit modular 3D de tamanho m\u00e9dio \u00e9 perfeito para quem deseja iniciar com col\u00f4nias m\u00e9dias de formigas. Gra\u00e7as ao seu design modular, voc\u00ea pode expandi-lo conforme suas necessidades e prefer\u00eancias, adaptando-se ao crescimento de suas col\u00f4nias.<\/p>\n<h3>Conte\u00fado do Pacote<\/h3>\n<ol>\n<li><strong>Caixa de Forrageamento 10&#215;10 cm<\/strong><br \/>\nIdeal para oferecer um espa\u00e7o seguro de forrageamento para as formigas.<br \/>\n<strong>Caracter\u00edsticas<\/strong>:<\/p>\n<ul>\n<li><strong>Cor<\/strong>: Branco<\/li>\n<li><strong>Estrutura<\/strong>: Criada em 3D com laterais de acr\u00edlico<\/li>\n<li><strong>Sistema de Respira\u00e7\u00e3o<\/strong>: Sim<\/li>\n<li><strong>Modular<\/strong>: Sim<\/li>\n<li><strong>Entradas\/Conex\u00f5es<\/strong>: 4<\/li>\n<\/ul>\n<\/li>\n<li><strong>Formigueiro Modular 3D 10&#215;20 cm<\/strong><br \/>\nUm formigueiro de tamanho m\u00e9dio projetado para adaptar-se ao crescimento das col\u00f4nias.<br \/>\n<strong>Caracter\u00edsticas<\/strong>:<\/p>\n<ul>\n<li><strong>Vers\u00e3o 2<\/strong>: Inclui \u00e1reas maiores para mais conforto<\/li>\n<li><strong>Dep\u00f3sito de \u00c1gua<\/strong>: 20 ml<\/li>\n<li><strong>Cor<\/strong>: Branco \/ Amarelo<\/li>\n<li><strong>Tampa<\/strong>: Inclu\u00edda na cor vermelha<\/li>\n<li><strong>Modular<\/strong>: Sim<\/li>\n<li><strong>Portas Internas<\/strong>: 1<\/li>\n<li><strong>Portas Externas<\/strong>: 6<\/li>\n<\/ul>\n<\/li>\n<li><strong>Conector Modular<\/strong><br \/>\nAcess\u00f3rio essencial para expandir e conectar m\u00f3dulos adicionais.<\/li>\n<li><strong>Tampa Vermelha para Formigueiro<\/strong><br \/>\nPermite manter o formigueiro fechado e seguro para as formigas.<\/li>\n<\/ol>\n<p>Com este kit modular, voc\u00ea ter\u00e1 um sistema completamente adapt\u00e1vel para iniciar a cria\u00e7\u00e3o de formigas, com a possibilidade de expandi-lo conforme necess\u00e1rio, mantendo um ambiente seguro e controlado para suas col\u00f4nias.<\/p>\n","protected":false},"excerpt":{"rendered":"<p>Este kit \u00e9 ideal para iniciar col\u00f3nias de tamanho m\u00e9dio, com um design modular que permite expandi-lo como desejar. Inclui caixa de forrageamento, formigueiro, conector e tampa vermelha. Perfeito para um ambiente seguro e personaliz\u00e1vel.<\/p>\n<p><strong>Caracter\u00edsticas:<\/strong><br \/>\nCaixa de Forragem: 10&#215;10 cm.<br \/>\nFormigueiro: 10&#215;20 cm.<br \/>\nConector modular: Sim<br \/>\nBon\u00e9 vermelho: Sim<\/p>\n","protected":false},"featured_media":37794,"template":"","meta":[],"product_brand":[],"product_cat":[379,466,391],"product_tag":[],"class_list":{"0":"post-37838","1":"product","2":"type-product","3":"status-publish","4":"has-post-thumbnail","6":"product_cat-formigueiros","7":"product_cat-formigueiros-3d","8":"product_cat-kits-de-formigueiros","10":"first","11":"instock","12":"sale","13":"shipping-taxable","14":"purchasable","15":"product-type-simple"},"yoast_head":"<!-- This site is optimized with the Yoast SEO plugin v27.4 - https:\/\/yoast.com\/product\/yoast-seo-wordpress\/ -->\n<title>Kit modular 3D (v2)(M) | Formigueiro 10x20 + \u00c1rea de forrageamento 10x10 - ANTDERGROUND<\/title>\n<meta name=\"description\" content=\"Novo kit modular 3D (M) composto por um Formigueiro 3D 10x20 e uma Caixa de Forragem 10x10. Seu formigueiro mais brutal!! ;-)\" \/>\n<meta name=\"robots\" content=\"index, follow, max-snippet:-1, max-image-preview:large, max-video-preview:-1\" \/>\n<link rel=\"canonical\" href=\"https:\/\/antderground.com\/pt-br\/produto\/kit-modular-3d-v2m\/\" \/>\n<meta property=\"og:locale\" content=\"pt_BR\" \/>\n<meta property=\"og:type\" content=\"article\" \/>\n<meta property=\"og:title\" content=\"Kit modular 3D (v2)(M) | Formigueiro 10x20 + \u00c1rea de forrageamento 10x10 - ANTDERGROUND\" \/>\n<meta property=\"og:description\" content=\"Novo kit modular 3D (M) composto por um Formigueiro 3D 10x20 e uma Caixa de Forragem 10x10. Seu formigueiro mais brutal!! ;-)\" \/>\n<meta property=\"og:url\" content=\"https:\/\/antderground.com\/pt-br\/produto\/kit-modular-3d-v2m\/\" \/>\n<meta property=\"og:site_name\" content=\"ANTDERGROUND\" \/>\n<meta property=\"article:modified_time\" content=\"2024-12-02T09:34:19+00:00\" \/>\n<meta property=\"og:image\" content=\"https:\/\/antderground.com\/wp-content\/uploads\/2024\/11\/kit-10x20-1.jpg\" \/>\n\t<meta property=\"og:image:width\" content=\"1600\" \/>\n\t<meta property=\"og:image:height\" content=\"1600\" \/>\n\t<meta property=\"og:image:type\" content=\"image\/jpeg\" \/>\n<meta name=\"twitter:card\" content=\"summary_large_image\" \/>\n<meta name=\"twitter:label1\" content=\"Est. tempo de leitura\" \/>\n\t<meta name=\"twitter:data1\" content=\"1 minuto\" \/>\n<script type=\"application\/ld+json\" class=\"yoast-schema-graph\">{\"@context\":\"https:\\\/\\\/schema.org\",\"@graph\":[{\"@type\":\"WebPage\",\"@id\":\"https:\\\/\\\/antderground.com\\\/pt-br\\\/produto\\\/kit-modular-3d-v2m\\\/\",\"url\":\"https:\\\/\\\/antderground.com\\\/pt-br\\\/produto\\\/kit-modular-3d-v2m\\\/\",\"name\":\"Kit modular 3D (v2)(M) | Formigueiro 10x20 + \u00c1rea de forrageamento 10x10 - ANTDERGROUND\",\"isPartOf\":{\"@id\":\"https:\\\/\\\/antderground.com\\\/pt-br\\\/#website\"},\"primaryImageOfPage\":{\"@id\":\"https:\\\/\\\/antderground.com\\\/pt-br\\\/produto\\\/kit-modular-3d-v2m\\\/#primaryimage\"},\"image\":{\"@id\":\"https:\\\/\\\/antderground.com\\\/pt-br\\\/produto\\\/kit-modular-3d-v2m\\\/#primaryimage\"},\"thumbnailUrl\":\"https:\\\/\\\/antderground.com\\\/wp-content\\\/uploads\\\/2024\\\/11\\\/kit-10x20-1.jpg\",\"datePublished\":\"2024-11-08T16:28:27+00:00\",\"dateModified\":\"2024-12-02T09:34:19+00:00\",\"description\":\"Novo kit modular 3D (M) composto por um Formigueiro 3D 10x20 e uma Caixa de Forragem 10x10. Seu formigueiro mais brutal!! ;-)\",\"breadcrumb\":{\"@id\":\"https:\\\/\\\/antderground.com\\\/pt-br\\\/produto\\\/kit-modular-3d-v2m\\\/#breadcrumb\"},\"inLanguage\":\"pt-BR\",\"potentialAction\":[{\"@type\":\"ReadAction\",\"target\":[\"https:\\\/\\\/antderground.com\\\/pt-br\\\/produto\\\/kit-modular-3d-v2m\\\/\"]}]},{\"@type\":\"ImageObject\",\"inLanguage\":\"pt-BR\",\"@id\":\"https:\\\/\\\/antderground.com\\\/pt-br\\\/produto\\\/kit-modular-3d-v2m\\\/#primaryimage\",\"url\":\"https:\\\/\\\/antderground.com\\\/wp-content\\\/uploads\\\/2024\\\/11\\\/kit-10x20-1.jpg\",\"contentUrl\":\"https:\\\/\\\/antderground.com\\\/wp-content\\\/uploads\\\/2024\\\/11\\\/kit-10x20-1.jpg\",\"width\":1600,\"height\":1600},{\"@type\":\"BreadcrumbList\",\"@id\":\"https:\\\/\\\/antderground.com\\\/pt-br\\\/produto\\\/kit-modular-3d-v2m\\\/#breadcrumb\",\"itemListElement\":[{\"@type\":\"ListItem\",\"position\":1,\"name\":\"Portada\",\"item\":\"https:\\\/\\\/antderground.com\\\/pt-br\\\/\"},{\"@type\":\"ListItem\",\"position\":2,\"name\":\"Produtos\",\"item\":\"https:\\\/\\\/antderground.com\\\/pt-br\\\/loja-de-formigueiros\\\/\"},{\"@type\":\"ListItem\",\"position\":3,\"name\":\"Kit Modular 3D (v2)(M)\"}]},{\"@type\":\"WebSite\",\"@id\":\"https:\\\/\\\/antderground.com\\\/pt-br\\\/#website\",\"url\":\"https:\\\/\\\/antderground.com\\\/pt-br\\\/\",\"name\":\"ANTDERGROUND\",\"description\":\"Tu tienda de hormigas, gran variedad de hormigueros acr\u00edlicos,madera,arena,3D y mas.. Pide tus hormigas gratis con tu pedido, somos expertos en hormigueros antifugas.\",\"publisher\":{\"@id\":\"https:\\\/\\\/antderground.com\\\/pt-br\\\/#\\\/schema\\\/person\\\/0e322c505e84fe72c65e2f6d08f96b81\"},\"alternateName\":\"Antderground\",\"potentialAction\":[{\"@type\":\"SearchAction\",\"target\":{\"@type\":\"EntryPoint\",\"urlTemplate\":\"https:\\\/\\\/antderground.com\\\/pt-br\\\/?s={search_term_string}\"},\"query-input\":{\"@type\":\"PropertyValueSpecification\",\"valueRequired\":true,\"valueName\":\"search_term_string\"}}],\"inLanguage\":\"pt-BR\"},{\"@type\":[\"Person\",\"Organization\"],\"@id\":\"https:\\\/\\\/antderground.com\\\/pt-br\\\/#\\\/schema\\\/person\\\/0e322c505e84fe72c65e2f6d08f96b81\",\"name\":\"Eric de Antderground\",\"image\":{\"@type\":\"ImageObject\",\"inLanguage\":\"pt-BR\",\"@id\":\"https:\\\/\\\/secure.gravatar.com\\\/avatar\\\/c49a1b9f79216d1498cb73c1e85cd47f4465dda35f2a94c03790d491bd4423c3?s=96&d=mm&r=g\",\"url\":\"https:\\\/\\\/secure.gravatar.com\\\/avatar\\\/c49a1b9f79216d1498cb73c1e85cd47f4465dda35f2a94c03790d491bd4423c3?s=96&d=mm&r=g\",\"contentUrl\":\"https:\\\/\\\/secure.gravatar.com\\\/avatar\\\/c49a1b9f79216d1498cb73c1e85cd47f4465dda35f2a94c03790d491bd4423c3?s=96&d=mm&r=g\",\"caption\":\"Eric de Antderground\"},\"logo\":{\"@id\":\"https:\\\/\\\/secure.gravatar.com\\\/avatar\\\/c49a1b9f79216d1498cb73c1e85cd47f4465dda35f2a94c03790d491bd4423c3?s=96&d=mm&r=g\"},\"description\":\"Eric es el especialista y fundador de Antderground, con una amplia trayectoria en artr\u00f3podos y enfocado en la mirmecolog\u00eda y el dise\u00f1o de hormigueros artificiales. Su enfoque combina la innovaci\u00f3n t\u00e9cnica con el respeto por la biolog\u00eda de las hormigas, is\u00f3podos y otros, desarrollando sistemas de nidos modulares 3D y acr\u00edlicos que son referentes para aficionados y profesionales en toda Europa. Su objetivo es facilitar la cr\u00eda de hormigas y otros artr\u00f3podos mediante soluciones seguras y divulgaci\u00f3n de calidad.\",\"sameAs\":[\"https:\\\/\\\/antderground.com\\\/\",\"https:\\\/\\\/www.youtube.com\\\/channel\\\/UCio72z7TlbufkAthAJIJfPw\"]}]}<\/script>\n<!-- \/ Yoast SEO plugin. -->","yoast_head_json":{"title":"Kit modular 3D (v2)(M) | Formigueiro 10x20 + \u00c1rea de forrageamento 10x10 - ANTDERGROUND","description":"Novo kit modular 3D (M) composto por um Formigueiro 3D 10x20 e uma Caixa de Forragem 10x10. Seu formigueiro mais brutal!! ;-)","robots":{"index":"index","follow":"follow","max-snippet":"max-snippet:-1","max-image-preview":"max-image-preview:large","max-video-preview":"max-video-preview:-1"},"canonical":"https:\/\/antderground.com\/pt-br\/produto\/kit-modular-3d-v2m\/","og_locale":"pt_BR","og_type":"article","og_title":"Kit modular 3D (v2)(M) | Formigueiro 10x20 + \u00c1rea de forrageamento 10x10 - ANTDERGROUND","og_description":"Novo kit modular 3D (M) composto por um Formigueiro 3D 10x20 e uma Caixa de Forragem 10x10. Seu formigueiro mais brutal!! ;-)","og_url":"https:\/\/antderground.com\/pt-br\/produto\/kit-modular-3d-v2m\/","og_site_name":"ANTDERGROUND","article_modified_time":"2024-12-02T09:34:19+00:00","og_image":[{"width":1600,"height":1600,"url":"https:\/\/antderground.com\/wp-content\/uploads\/2024\/11\/kit-10x20-1.jpg","type":"image\/jpeg"}],"twitter_card":"summary_large_image","twitter_misc":{"Est. tempo de leitura":"1 minuto"},"schema":{"@context":"https:\/\/schema.org","@graph":[{"@type":"WebPage","@id":"https:\/\/antderground.com\/pt-br\/produto\/kit-modular-3d-v2m\/","url":"https:\/\/antderground.com\/pt-br\/produto\/kit-modular-3d-v2m\/","name":"Kit modular 3D (v2)(M) | Formigueiro 10x20 + \u00c1rea de forrageamento 10x10 - ANTDERGROUND","isPartOf":{"@id":"https:\/\/antderground.com\/pt-br\/#website"},"primaryImageOfPage":{"@id":"https:\/\/antderground.com\/pt-br\/produto\/kit-modular-3d-v2m\/#primaryimage"},"image":{"@id":"https:\/\/antderground.com\/pt-br\/produto\/kit-modular-3d-v2m\/#primaryimage"},"thumbnailUrl":"https:\/\/antderground.com\/wp-content\/uploads\/2024\/11\/kit-10x20-1.jpg","datePublished":"2024-11-08T16:28:27+00:00","dateModified":"2024-12-02T09:34:19+00:00","description":"Novo kit modular 3D (M) composto por um Formigueiro 3D 10x20 e uma Caixa de Forragem 10x10. Seu formigueiro mais brutal!! ;-)","breadcrumb":{"@id":"https:\/\/antderground.com\/pt-br\/produto\/kit-modular-3d-v2m\/#breadcrumb"},"inLanguage":"pt-BR","potentialAction":[{"@type":"ReadAction","target":["https:\/\/antderground.com\/pt-br\/produto\/kit-modular-3d-v2m\/"]}]},{"@type":"ImageObject","inLanguage":"pt-BR","@id":"https:\/\/antderground.com\/pt-br\/produto\/kit-modular-3d-v2m\/#primaryimage","url":"https:\/\/antderground.com\/wp-content\/uploads\/2024\/11\/kit-10x20-1.jpg","contentUrl":"https:\/\/antderground.com\/wp-content\/uploads\/2024\/11\/kit-10x20-1.jpg","width":1600,"height":1600},{"@type":"BreadcrumbList","@id":"https:\/\/antderground.com\/pt-br\/produto\/kit-modular-3d-v2m\/#breadcrumb","itemListElement":[{"@type":"ListItem","position":1,"name":"Portada","item":"https:\/\/antderground.com\/pt-br\/"},{"@type":"ListItem","position":2,"name":"Produtos","item":"https:\/\/antderground.com\/pt-br\/loja-de-formigueiros\/"},{"@type":"ListItem","position":3,"name":"Kit Modular 3D (v2)(M)"}]},{"@type":"WebSite","@id":"https:\/\/antderground.com\/pt-br\/#website","url":"https:\/\/antderground.com\/pt-br\/","name":"ANTDERGROUND","description":"Tu tienda de hormigas, gran variedad de hormigueros acr\u00edlicos,madera,arena,3D y mas.. Pide tus hormigas gratis con tu pedido, somos expertos en hormigueros antifugas.","publisher":{"@id":"https:\/\/antderground.com\/pt-br\/#\/schema\/person\/0e322c505e84fe72c65e2f6d08f96b81"},"alternateName":"Antderground","potentialAction":[{"@type":"SearchAction","target":{"@type":"EntryPoint","urlTemplate":"https:\/\/antderground.com\/pt-br\/?s={search_term_string}"},"query-input":{"@type":"PropertyValueSpecification","valueRequired":true,"valueName":"search_term_string"}}],"inLanguage":"pt-BR"},{"@type":["Person","Organization"],"@id":"https:\/\/antderground.com\/pt-br\/#\/schema\/person\/0e322c505e84fe72c65e2f6d08f96b81","name":"Eric de Antderground","image":{"@type":"ImageObject","inLanguage":"pt-BR","@id":"https:\/\/secure.gravatar.com\/avatar\/c49a1b9f79216d1498cb73c1e85cd47f4465dda35f2a94c03790d491bd4423c3?s=96&d=mm&r=g","url":"https:\/\/secure.gravatar.com\/avatar\/c49a1b9f79216d1498cb73c1e85cd47f4465dda35f2a94c03790d491bd4423c3?s=96&d=mm&r=g","contentUrl":"https:\/\/secure.gravatar.com\/avatar\/c49a1b9f79216d1498cb73c1e85cd47f4465dda35f2a94c03790d491bd4423c3?s=96&d=mm&r=g","caption":"Eric de Antderground"},"logo":{"@id":"https:\/\/secure.gravatar.com\/avatar\/c49a1b9f79216d1498cb73c1e85cd47f4465dda35f2a94c03790d491bd4423c3?s=96&d=mm&r=g"},"description":"Eric es el especialista y fundador de Antderground, con una amplia trayectoria en artr\u00f3podos y enfocado en la mirmecolog\u00eda y el dise\u00f1o de hormigueros artificiales. Su enfoque combina la innovaci\u00f3n t\u00e9cnica con el respeto por la biolog\u00eda de las hormigas, is\u00f3podos y otros, desarrollando sistemas de nidos modulares 3D y acr\u00edlicos que son referentes para aficionados y profesionales en toda Europa. Su objetivo es facilitar la cr\u00eda de hormigas y otros artr\u00f3podos mediante soluciones seguras y divulgaci\u00f3n de calidad.","sameAs":["https:\/\/antderground.com\/","https:\/\/www.youtube.com\/channel\/UCio72z7TlbufkAthAJIJfPw"]}]}},"_links":{"self":[{"href":"https:\/\/antderground.com\/pt-br\/wp-json\/wp\/v2\/product\/37838","targetHints":{"allow":["GET"]}}],"collection":[{"href":"https:\/\/antderground.com\/pt-br\/wp-json\/wp\/v2\/product"}],"about":[{"href":"https:\/\/antderground.com\/pt-br\/wp-json\/wp\/v2\/types\/product"}],"version-history":[{"count":0,"href":"https:\/\/antderground.com\/pt-br\/wp-json\/wp\/v2\/product\/37838\/revisions"}],"wp:featuredmedia":[{"embeddable":true,"href":"https:\/\/antderground.com\/pt-br\/wp-json\/wp\/v2\/media\/37794"}],"wp:attachment":[{"href":"https:\/\/antderground.com\/pt-br\/wp-json\/wp\/v2\/media?parent=37838"}],"wp:term":[{"taxonomy":"product_brand","embeddable":true,"href":"https:\/\/antderground.com\/pt-br\/wp-json\/wp\/v2\/product_brand?post=37838"},{"taxonomy":"product_cat","embeddable":true,"href":"https:\/\/antderground.com\/pt-br\/wp-json\/wp\/v2\/product_cat?post=37838"},{"taxonomy":"product_tag","embeddable":true,"href":"https:\/\/antderground.com\/pt-br\/wp-json\/wp\/v2\/product_tag?post=37838"}],"curies":[{"name":"wp","href":"https:\/\/api.w.org\/{rel}","templated":true}]}}