{"id":40135,"date":"2024-12-03T14:56:56","date_gmt":"2024-12-03T13:56:56","guid":{"rendered":"https:\/\/www.antderground.com\/producto\/odontomachus-rixosus\/"},"modified":"2024-12-03T14:56:56","modified_gmt":"2024-12-03T13:56:56","slug":"odontomachus-rixosus","status":"publish","type":"product","link":"https:\/\/antderground.com\/pt-br\/produto\/odontomachus-rixosus\/","title":{"rendered":"Odontomachus rixosus"},"content":{"rendered":"<h3 data-start=\"0\" data-end=\"53\">Fitxa t\u00e8cnica: Formiga <strong data-start=\"27\" data-end=\"51\">Odontomachus rixosus<\/strong><\/h3>\n<h4 data-start=\"60\" data-end=\"95\"><strong data-start=\"65\" data-end=\"93\">Classificaci\u00f3 cient\u00edfica<\/strong><\/h4>\n<ul data-start=\"96\" data-end=\"323\">\n<li data-start=\"96\" data-end=\"119\"><strong data-start=\"98\" data-end=\"108\">Regne:<\/strong> Animalia<\/li>\n<li data-start=\"120\" data-end=\"145\"><strong data-start=\"122\" data-end=\"132\">F\u00edlum:<\/strong> Arthropoda<\/li>\n<li data-start=\"146\" data-end=\"169\"><strong data-start=\"148\" data-end=\"159\">Classe:<\/strong> Insecta<\/li>\n<li data-start=\"170\" data-end=\"196\"><strong data-start=\"172\" data-end=\"182\">Ordre:<\/strong> Hymenoptera<\/li>\n<li data-start=\"197\" data-end=\"224\"><strong data-start=\"199\" data-end=\"211\">Fam\u00edlia:<\/strong> Formicidae<\/li>\n<li data-start=\"225\" data-end=\"254\"><strong data-start=\"227\" data-end=\"242\">Subfam\u00edlia:<\/strong> Ponerinae<\/li>\n<li data-start=\"255\" data-end=\"283\"><strong data-start=\"257\" data-end=\"268\">G\u00e8nere:<\/strong> Odontomachus<\/li>\n<li data-start=\"284\" data-end=\"323\"><strong data-start=\"286\" data-end=\"298\">Esp\u00e8cie:<\/strong> <em data-start=\"299\" data-end=\"321\">Odontomachus rixosus<\/em><\/li>\n<\/ul>\n<h4 data-start=\"330\" data-end=\"366\"><strong data-start=\"335\" data-end=\"364\">Caracter\u00edstiques generals<\/strong><\/h4>\n<ul data-start=\"367\" data-end=\"759\">\n<li data-start=\"367\" data-end=\"448\"><strong data-start=\"369\" data-end=\"378\">Mida:<\/strong>\n<ul data-start=\"383\" data-end=\"448\">\n<li data-start=\"383\" data-end=\"403\">Obreres: 8-10 mm<\/li>\n<li data-start=\"406\" data-end=\"426\">Reines: 10-12 mm<\/li>\n<li data-start=\"429\" data-end=\"448\">Mascles: 7-9 mm<\/li>\n<\/ul>\n<\/li>\n<li data-start=\"449\" data-end=\"531\"><strong data-start=\"451\" data-end=\"465\">Coloraci\u00f3:<\/strong> Tons foscos, generalment marr\u00f3 negr\u00f3s amb reflexos vermellosos.<\/li>\n<li data-start=\"532\" data-end=\"759\"><strong data-start=\"534\" data-end=\"549\">Morfologia:<\/strong>\n<ul data-start=\"554\" data-end=\"759\">\n<li data-start=\"554\" data-end=\"636\">Mand\u00edbules tipus &#8220;trampa&#8221; capaces de tancar-se r\u00e0pidament per capturar preses.<\/li>\n<li data-start=\"639\" data-end=\"711\">Cos allargat amb potes llargues, adaptades per moure\u2019s amb rapidesa.<\/li>\n<li data-start=\"714\" data-end=\"759\">Antenes segmentades i ben desenvolupades.<\/li>\n<\/ul>\n<\/li>\n<\/ul>\n<h4 data-start=\"766\" data-end=\"798\"><strong data-start=\"771\" data-end=\"796\">Distribuci\u00f3 i h\u00e0bitat<\/strong><\/h4>\n<ul data-start=\"799\" data-end=\"1068\">\n<li data-start=\"799\" data-end=\"916\"><strong data-start=\"801\" data-end=\"817\">Distribuci\u00f3:<\/strong> Origin\u00e0ria del sud-est asi\u00e0tic, present a pa\u00efsos com Tail\u00e0ndia, Mal\u00e0isia, Indon\u00e8sia i Filipines.<\/li>\n<li data-start=\"917\" data-end=\"1068\"><strong data-start=\"919\" data-end=\"931\">H\u00e0bitat:<\/strong> Prefereix boscos tropicals, zones humides i s\u00f2ls rics en mat\u00e8ria org\u00e0nica. Tamb\u00e9 s\u2019adapta a ambients alterats propers a zones urbanes.<\/li>\n<\/ul>\n<h4 data-start=\"1075\" data-end=\"1098\"><strong data-start=\"1080\" data-end=\"1096\">Comportament<\/strong><\/h4>\n<ul data-start=\"1099\" data-end=\"1526\">\n<li data-start=\"1099\" data-end=\"1248\"><strong data-start=\"1101\" data-end=\"1117\">Alimentaci\u00f3:<\/strong>\n<ul data-start=\"1122\" data-end=\"1248\">\n<li data-start=\"1122\" data-end=\"1248\">Omn\u00edvora, per\u00f2 principalment insect\u00edvora. S\u2019alimenta de petits artr\u00f2podes i ocasionalment de l\u00edquids dol\u00e7os com el n\u00e8ctar.<\/li>\n<\/ul>\n<\/li>\n<li data-start=\"1249\" data-end=\"1377\"><strong data-start=\"1251\" data-end=\"1265\">Activitat:<\/strong>\n<ul data-start=\"1270\" data-end=\"1377\">\n<li data-start=\"1270\" data-end=\"1377\">Principalment nocturna, encara que pot estar activa durant el dia en condicions d\u2019ombra o alta humitat.<\/li>\n<\/ul>\n<\/li>\n<li data-start=\"1378\" data-end=\"1526\"><strong data-start=\"1380\" data-end=\"1392\">Defensa:<\/strong>\n<ul data-start=\"1397\" data-end=\"1526\">\n<li data-start=\"1397\" data-end=\"1455\">T\u00e9 una picada dolorosa gr\u00e0cies al seu fibl\u00f3 funcional.<\/li>\n<li data-start=\"1458\" data-end=\"1526\">Les mand\u00edbules poden usar-se tant per ca\u00e7ar com per defensar-se.<\/li>\n<\/ul>\n<\/li>\n<\/ul>\n<h4 data-start=\"1533\" data-end=\"1551\"><strong data-start=\"1538\" data-end=\"1549\">Col\u00f2nia<\/strong><\/h4>\n<ul data-start=\"1552\" data-end=\"1760\">\n<li data-start=\"1552\" data-end=\"1615\"><strong data-start=\"1554\" data-end=\"1569\">Estructura:<\/strong> Col\u00f2nies monog\u00edniques (amb una sola reina).<\/li>\n<li data-start=\"1616\" data-end=\"1678\"><strong data-start=\"1618\" data-end=\"1627\">Mida:<\/strong> Relativament petites, entre 100 i 500 individus.<\/li>\n<li data-start=\"1679\" data-end=\"1760\"><strong data-start=\"1681\" data-end=\"1690\">Nius:<\/strong> Construeix nius en s\u00f2ls tous, fusta en descomposici\u00f3 o sota pedres.<\/li>\n<\/ul>\n<h4 data-start=\"1767\" data-end=\"1789\"><strong data-start=\"1772\" data-end=\"1787\">Reproducci\u00f3<\/strong><\/h4>\n<ul data-start=\"1790\" data-end=\"2007\">\n<li data-start=\"1790\" data-end=\"1852\"><strong data-start=\"1792\" data-end=\"1810\">Vols nupcials:<\/strong> T\u00edpics de les \u00e8poques humides de l\u2019any.<\/li>\n<li data-start=\"1853\" data-end=\"1936\"><strong data-start=\"1855\" data-end=\"1873\">Cicle de vida:<\/strong>\n<ul data-start=\"1878\" data-end=\"1936\">\n<li data-start=\"1878\" data-end=\"1936\">Ou \u2192 Larva \u2192 Pupa \u2192 Adult (aproximadament 8 setmanes).<\/li>\n<\/ul>\n<\/li>\n<li data-start=\"1937\" data-end=\"2007\"><strong data-start=\"1939\" data-end=\"1949\">Reina:<\/strong> Responsable de la posta d\u2019ous; pot viure diversos anys.<\/li>\n<\/ul>\n<h4 data-start=\"2014\" data-end=\"2044\"><strong data-start=\"2019\" data-end=\"2042\">Cures en captivitat<\/strong><\/h4>\n<ul data-start=\"2045\" data-end=\"2496\">\n<li data-start=\"2045\" data-end=\"2128\"><strong data-start=\"2047\" data-end=\"2070\">Tipus de formiguer:<\/strong> Formiguers d\u2019acr\u00edlic o de terra, amb suficient humitat.<\/li>\n<li data-start=\"2129\" data-end=\"2168\"><strong data-start=\"2131\" data-end=\"2147\">Temperatura:<\/strong> Entre 22\u00b0C i 26\u00b0C.<\/li>\n<li data-start=\"2169\" data-end=\"2214\"><strong data-start=\"2171\" data-end=\"2183\">Humitat:<\/strong> Alta, entre el 60% i el 80%.<\/li>\n<li data-start=\"2215\" data-end=\"2335\"><strong data-start=\"2217\" data-end=\"2233\">Alimentaci\u00f3:<\/strong>\n<ul data-start=\"2238\" data-end=\"2335\">\n<li data-start=\"2238\" data-end=\"2280\">Preses vives com grills o drosof\u00edlids.<\/li>\n<li data-start=\"2283\" data-end=\"2335\">Mel dilu\u00efda o l\u00edquids ensucrats com a suplement.<\/li>\n<\/ul>\n<\/li>\n<li data-start=\"2336\" data-end=\"2496\"><strong data-start=\"2338\" data-end=\"2354\">Precaucions:<\/strong>\n<ul data-start=\"2359\" data-end=\"2496\">\n<li data-start=\"2359\" data-end=\"2438\">Controlar b\u00e9 el tancament del formiguer, ja que s\u00f3n excel\u00b7lents escapistes.<\/li>\n<li data-start=\"2441\" data-end=\"2496\">Maneig amb cura a causa de la seva picada dolorosa.<\/li>\n<\/ul>\n<\/li>\n<\/ul>\n<h4 data-start=\"2503\" data-end=\"2525\"><strong data-start=\"2508\" data-end=\"2523\">Curiositats<\/strong><\/h4>\n<ul data-start=\"2526\" data-end=\"2773\">\n<li data-start=\"2526\" data-end=\"2668\">\u00c9s coneguda per la velocitat de tancament de les seves mand\u00edbules, que pot arribar fins a 50 m\/s, una de les m\u00e9s r\u00e0pides del regne animal.<\/li>\n<li data-start=\"2669\" data-end=\"2773\">S\u2019utilitza en estudis cient\u00edfics pel seu comportament depredador i el seu sistema sensorial avan\u00e7at.<\/li>\n<\/ul>\n","protected":false},"excerpt":{"rendered":"<p>Descubra a fascinante Odontomachus rixosus, uma formiga ex\u00f3tica com mand\u00edbulas tipo armadilha e cores intensas. Ideal para amantes de esp\u00e9cies \u00fanicas, \u00e9 ativa, ca\u00e7adora e f\u00e1cil de observar. Adicione um toque selvagem e surpreendente ao seu formigueiro!<\/p>\n","protected":false},"featured_media":38421,"template":"","meta":[],"product_brand":[],"product_cat":[381,477],"product_tag":[],"class_list":{"0":"post-40135","1":"product","2":"type-product","3":"status-publish","4":"has-post-thumbnail","6":"product_cat-formigas","7":"product_cat-formigas-exoticas","9":"first","10":"outofstock","11":"shipping-taxable","12":"purchasable","13":"product-type-variable"},"yoast_head":"<!-- This site is optimized with the Yoast SEO plugin v27.3 - https:\/\/yoast.com\/product\/yoast-seo-wordpress\/ -->\n<title>Odontomachus rixosus | formigas ex\u00f3ticas - ANTDERGROUND<\/title>\n<meta name=\"description\" content=\"Conhe\u00e7a a incr\u00edvel Odontomachus rixosus, uma formiga ex\u00f3tica com uma mand\u00edbula de cores intensas e comportamento de ca\u00e7a. \u00danico no seu formigueiro!\" \/>\n<meta name=\"robots\" content=\"index, follow, max-snippet:-1, max-image-preview:large, max-video-preview:-1\" \/>\n<link rel=\"canonical\" href=\"https:\/\/antderground.com\/pt-br\/produto\/odontomachus-rixosus\/\" \/>\n<meta property=\"og:locale\" content=\"pt_BR\" \/>\n<meta property=\"og:type\" content=\"article\" \/>\n<meta property=\"og:title\" content=\"Odontomachus rixosus | formigas ex\u00f3ticas - ANTDERGROUND\" \/>\n<meta property=\"og:description\" content=\"Conhe\u00e7a a incr\u00edvel Odontomachus rixosus, uma formiga ex\u00f3tica com uma mand\u00edbula de cores intensas e comportamento de ca\u00e7a. \u00danico no seu formigueiro!\" \/>\n<meta property=\"og:url\" content=\"https:\/\/antderground.com\/pt-br\/produto\/odontomachus-rixosus\/\" \/>\n<meta property=\"og:site_name\" content=\"ANTDERGROUND\" \/>\n<meta property=\"og:image\" content=\"https:\/\/antderground.com\/wp-content\/uploads\/2024\/12\/Odontomachus-rixosus.jpeg\" \/>\n\t<meta property=\"og:image:width\" content=\"2048\" \/>\n\t<meta property=\"og:image:height\" content=\"2048\" \/>\n\t<meta property=\"og:image:type\" content=\"image\/jpeg\" \/>\n<meta name=\"twitter:card\" content=\"summary_large_image\" \/>\n<meta name=\"twitter:label1\" content=\"Est. tempo de leitura\" \/>\n\t<meta name=\"twitter:data1\" content=\"2 minutos\" \/>\n<script type=\"application\/ld+json\" class=\"yoast-schema-graph\">{\"@context\":\"https:\\\/\\\/schema.org\",\"@graph\":[{\"@type\":\"WebPage\",\"@id\":\"https:\\\/\\\/antderground.com\\\/pt-br\\\/produto\\\/odontomachus-rixosus\\\/\",\"url\":\"https:\\\/\\\/antderground.com\\\/pt-br\\\/produto\\\/odontomachus-rixosus\\\/\",\"name\":\"Odontomachus rixosus | formigas ex\u00f3ticas - ANTDERGROUND\",\"isPartOf\":{\"@id\":\"https:\\\/\\\/antderground.com\\\/pt-br\\\/#website\"},\"primaryImageOfPage\":{\"@id\":\"https:\\\/\\\/antderground.com\\\/pt-br\\\/produto\\\/odontomachus-rixosus\\\/#primaryimage\"},\"image\":{\"@id\":\"https:\\\/\\\/antderground.com\\\/pt-br\\\/produto\\\/odontomachus-rixosus\\\/#primaryimage\"},\"thumbnailUrl\":\"https:\\\/\\\/antderground.com\\\/wp-content\\\/uploads\\\/2024\\\/12\\\/Odontomachus-rixosus.jpeg\",\"datePublished\":\"2024-12-03T13:56:56+00:00\",\"description\":\"Conhe\u00e7a a incr\u00edvel Odontomachus rixosus, uma formiga ex\u00f3tica com uma mand\u00edbula de cores intensas e comportamento de ca\u00e7a. \u00danico no seu formigueiro!\",\"breadcrumb\":{\"@id\":\"https:\\\/\\\/antderground.com\\\/pt-br\\\/produto\\\/odontomachus-rixosus\\\/#breadcrumb\"},\"inLanguage\":\"pt-BR\",\"potentialAction\":[{\"@type\":\"ReadAction\",\"target\":[\"https:\\\/\\\/antderground.com\\\/pt-br\\\/produto\\\/odontomachus-rixosus\\\/\"]}]},{\"@type\":\"ImageObject\",\"inLanguage\":\"pt-BR\",\"@id\":\"https:\\\/\\\/antderground.com\\\/pt-br\\\/produto\\\/odontomachus-rixosus\\\/#primaryimage\",\"url\":\"https:\\\/\\\/antderground.com\\\/wp-content\\\/uploads\\\/2024\\\/12\\\/Odontomachus-rixosus.jpeg\",\"contentUrl\":\"https:\\\/\\\/antderground.com\\\/wp-content\\\/uploads\\\/2024\\\/12\\\/Odontomachus-rixosus.jpeg\",\"width\":2048,\"height\":2048,\"caption\":\"hormiga ex\u00f3tica\"},{\"@type\":\"BreadcrumbList\",\"@id\":\"https:\\\/\\\/antderground.com\\\/pt-br\\\/produto\\\/odontomachus-rixosus\\\/#breadcrumb\",\"itemListElement\":[{\"@type\":\"ListItem\",\"position\":1,\"name\":\"Portada\",\"item\":\"https:\\\/\\\/antderground.com\\\/pt-br\\\/\"},{\"@type\":\"ListItem\",\"position\":2,\"name\":\"Produtos\",\"item\":\"https:\\\/\\\/antderground.com\\\/pt-br\\\/loja-de-formigueiros\\\/\"},{\"@type\":\"ListItem\",\"position\":3,\"name\":\"Odontomachus rixosus\"}]},{\"@type\":\"WebSite\",\"@id\":\"https:\\\/\\\/antderground.com\\\/pt-br\\\/#website\",\"url\":\"https:\\\/\\\/antderground.com\\\/pt-br\\\/\",\"name\":\"ANTDERGROUND\",\"description\":\"Tu tienda de hormigas, gran variedad de hormigueros acr\u00edlicos,madera,arena,3D y mas.. Pide tus hormigas gratis con tu pedido, somos expertos en hormigueros antifugas.\",\"publisher\":{\"@id\":\"https:\\\/\\\/antderground.com\\\/pt-br\\\/#\\\/schema\\\/person\\\/0e322c505e84fe72c65e2f6d08f96b81\"},\"alternateName\":\"Antderground\",\"potentialAction\":[{\"@type\":\"SearchAction\",\"target\":{\"@type\":\"EntryPoint\",\"urlTemplate\":\"https:\\\/\\\/antderground.com\\\/pt-br\\\/?s={search_term_string}\"},\"query-input\":{\"@type\":\"PropertyValueSpecification\",\"valueRequired\":true,\"valueName\":\"search_term_string\"}}],\"inLanguage\":\"pt-BR\"},{\"@type\":[\"Person\",\"Organization\"],\"@id\":\"https:\\\/\\\/antderground.com\\\/pt-br\\\/#\\\/schema\\\/person\\\/0e322c505e84fe72c65e2f6d08f96b81\",\"name\":\"Eric de Antderground\",\"image\":{\"@type\":\"ImageObject\",\"inLanguage\":\"pt-BR\",\"@id\":\"https:\\\/\\\/secure.gravatar.com\\\/avatar\\\/c49a1b9f79216d1498cb73c1e85cd47f4465dda35f2a94c03790d491bd4423c3?s=96&d=mm&r=g\",\"url\":\"https:\\\/\\\/secure.gravatar.com\\\/avatar\\\/c49a1b9f79216d1498cb73c1e85cd47f4465dda35f2a94c03790d491bd4423c3?s=96&d=mm&r=g\",\"contentUrl\":\"https:\\\/\\\/secure.gravatar.com\\\/avatar\\\/c49a1b9f79216d1498cb73c1e85cd47f4465dda35f2a94c03790d491bd4423c3?s=96&d=mm&r=g\",\"caption\":\"Eric de Antderground\"},\"logo\":{\"@id\":\"https:\\\/\\\/secure.gravatar.com\\\/avatar\\\/c49a1b9f79216d1498cb73c1e85cd47f4465dda35f2a94c03790d491bd4423c3?s=96&d=mm&r=g\"},\"description\":\"Eric es el especialista y fundador de Antderground, con una amplia trayectoria en artr\u00f3podos y enfocado en la mirmecolog\u00eda y el dise\u00f1o de hormigueros artificiales. Su enfoque combina la innovaci\u00f3n t\u00e9cnica con el respeto por la biolog\u00eda de las hormigas, is\u00f3podos y otros, desarrollando sistemas de nidos modulares 3D y acr\u00edlicos que son referentes para aficionados y profesionales en toda Europa. Su objetivo es facilitar la cr\u00eda de hormigas y otros artr\u00f3podos mediante soluciones seguras y divulgaci\u00f3n de calidad.\",\"sameAs\":[\"https:\\\/\\\/antderground.com\\\/\",\"https:\\\/\\\/www.youtube.com\\\/channel\\\/UCio72z7TlbufkAthAJIJfPw\"]}]}<\/script>\n<!-- \/ Yoast SEO plugin. -->","yoast_head_json":{"title":"Odontomachus rixosus | formigas ex\u00f3ticas - ANTDERGROUND","description":"Conhe\u00e7a a incr\u00edvel Odontomachus rixosus, uma formiga ex\u00f3tica com uma mand\u00edbula de cores intensas e comportamento de ca\u00e7a. \u00danico no seu formigueiro!","robots":{"index":"index","follow":"follow","max-snippet":"max-snippet:-1","max-image-preview":"max-image-preview:large","max-video-preview":"max-video-preview:-1"},"canonical":"https:\/\/antderground.com\/pt-br\/produto\/odontomachus-rixosus\/","og_locale":"pt_BR","og_type":"article","og_title":"Odontomachus rixosus | formigas ex\u00f3ticas - ANTDERGROUND","og_description":"Conhe\u00e7a a incr\u00edvel Odontomachus rixosus, uma formiga ex\u00f3tica com uma mand\u00edbula de cores intensas e comportamento de ca\u00e7a. \u00danico no seu formigueiro!","og_url":"https:\/\/antderground.com\/pt-br\/produto\/odontomachus-rixosus\/","og_site_name":"ANTDERGROUND","og_image":[{"width":2048,"height":2048,"url":"https:\/\/antderground.com\/wp-content\/uploads\/2024\/12\/Odontomachus-rixosus.jpeg","type":"image\/jpeg"}],"twitter_card":"summary_large_image","twitter_misc":{"Est. tempo de leitura":"2 minutos"},"schema":{"@context":"https:\/\/schema.org","@graph":[{"@type":"WebPage","@id":"https:\/\/antderground.com\/pt-br\/produto\/odontomachus-rixosus\/","url":"https:\/\/antderground.com\/pt-br\/produto\/odontomachus-rixosus\/","name":"Odontomachus rixosus | formigas ex\u00f3ticas - ANTDERGROUND","isPartOf":{"@id":"https:\/\/antderground.com\/pt-br\/#website"},"primaryImageOfPage":{"@id":"https:\/\/antderground.com\/pt-br\/produto\/odontomachus-rixosus\/#primaryimage"},"image":{"@id":"https:\/\/antderground.com\/pt-br\/produto\/odontomachus-rixosus\/#primaryimage"},"thumbnailUrl":"https:\/\/antderground.com\/wp-content\/uploads\/2024\/12\/Odontomachus-rixosus.jpeg","datePublished":"2024-12-03T13:56:56+00:00","description":"Conhe\u00e7a a incr\u00edvel Odontomachus rixosus, uma formiga ex\u00f3tica com uma mand\u00edbula de cores intensas e comportamento de ca\u00e7a. \u00danico no seu formigueiro!","breadcrumb":{"@id":"https:\/\/antderground.com\/pt-br\/produto\/odontomachus-rixosus\/#breadcrumb"},"inLanguage":"pt-BR","potentialAction":[{"@type":"ReadAction","target":["https:\/\/antderground.com\/pt-br\/produto\/odontomachus-rixosus\/"]}]},{"@type":"ImageObject","inLanguage":"pt-BR","@id":"https:\/\/antderground.com\/pt-br\/produto\/odontomachus-rixosus\/#primaryimage","url":"https:\/\/antderground.com\/wp-content\/uploads\/2024\/12\/Odontomachus-rixosus.jpeg","contentUrl":"https:\/\/antderground.com\/wp-content\/uploads\/2024\/12\/Odontomachus-rixosus.jpeg","width":2048,"height":2048,"caption":"hormiga ex\u00f3tica"},{"@type":"BreadcrumbList","@id":"https:\/\/antderground.com\/pt-br\/produto\/odontomachus-rixosus\/#breadcrumb","itemListElement":[{"@type":"ListItem","position":1,"name":"Portada","item":"https:\/\/antderground.com\/pt-br\/"},{"@type":"ListItem","position":2,"name":"Produtos","item":"https:\/\/antderground.com\/pt-br\/loja-de-formigueiros\/"},{"@type":"ListItem","position":3,"name":"Odontomachus rixosus"}]},{"@type":"WebSite","@id":"https:\/\/antderground.com\/pt-br\/#website","url":"https:\/\/antderground.com\/pt-br\/","name":"ANTDERGROUND","description":"Tu tienda de hormigas, gran variedad de hormigueros acr\u00edlicos,madera,arena,3D y mas.. Pide tus hormigas gratis con tu pedido, somos expertos en hormigueros antifugas.","publisher":{"@id":"https:\/\/antderground.com\/pt-br\/#\/schema\/person\/0e322c505e84fe72c65e2f6d08f96b81"},"alternateName":"Antderground","potentialAction":[{"@type":"SearchAction","target":{"@type":"EntryPoint","urlTemplate":"https:\/\/antderground.com\/pt-br\/?s={search_term_string}"},"query-input":{"@type":"PropertyValueSpecification","valueRequired":true,"valueName":"search_term_string"}}],"inLanguage":"pt-BR"},{"@type":["Person","Organization"],"@id":"https:\/\/antderground.com\/pt-br\/#\/schema\/person\/0e322c505e84fe72c65e2f6d08f96b81","name":"Eric de Antderground","image":{"@type":"ImageObject","inLanguage":"pt-BR","@id":"https:\/\/secure.gravatar.com\/avatar\/c49a1b9f79216d1498cb73c1e85cd47f4465dda35f2a94c03790d491bd4423c3?s=96&d=mm&r=g","url":"https:\/\/secure.gravatar.com\/avatar\/c49a1b9f79216d1498cb73c1e85cd47f4465dda35f2a94c03790d491bd4423c3?s=96&d=mm&r=g","contentUrl":"https:\/\/secure.gravatar.com\/avatar\/c49a1b9f79216d1498cb73c1e85cd47f4465dda35f2a94c03790d491bd4423c3?s=96&d=mm&r=g","caption":"Eric de Antderground"},"logo":{"@id":"https:\/\/secure.gravatar.com\/avatar\/c49a1b9f79216d1498cb73c1e85cd47f4465dda35f2a94c03790d491bd4423c3?s=96&d=mm&r=g"},"description":"Eric es el especialista y fundador de Antderground, con una amplia trayectoria en artr\u00f3podos y enfocado en la mirmecolog\u00eda y el dise\u00f1o de hormigueros artificiales. Su enfoque combina la innovaci\u00f3n t\u00e9cnica con el respeto por la biolog\u00eda de las hormigas, is\u00f3podos y otros, desarrollando sistemas de nidos modulares 3D y acr\u00edlicos que son referentes para aficionados y profesionales en toda Europa. Su objetivo es facilitar la cr\u00eda de hormigas y otros artr\u00f3podos mediante soluciones seguras y divulgaci\u00f3n de calidad.","sameAs":["https:\/\/antderground.com\/","https:\/\/www.youtube.com\/channel\/UCio72z7TlbufkAthAJIJfPw"]}]}},"_links":{"self":[{"href":"https:\/\/antderground.com\/pt-br\/wp-json\/wp\/v2\/product\/40135","targetHints":{"allow":["GET"]}}],"collection":[{"href":"https:\/\/antderground.com\/pt-br\/wp-json\/wp\/v2\/product"}],"about":[{"href":"https:\/\/antderground.com\/pt-br\/wp-json\/wp\/v2\/types\/product"}],"version-history":[{"count":0,"href":"https:\/\/antderground.com\/pt-br\/wp-json\/wp\/v2\/product\/40135\/revisions"}],"wp:featuredmedia":[{"embeddable":true,"href":"https:\/\/antderground.com\/pt-br\/wp-json\/wp\/v2\/media\/38421"}],"wp:attachment":[{"href":"https:\/\/antderground.com\/pt-br\/wp-json\/wp\/v2\/media?parent=40135"}],"wp:term":[{"taxonomy":"product_brand","embeddable":true,"href":"https:\/\/antderground.com\/pt-br\/wp-json\/wp\/v2\/product_brand?post=40135"},{"taxonomy":"product_cat","embeddable":true,"href":"https:\/\/antderground.com\/pt-br\/wp-json\/wp\/v2\/product_cat?post=40135"},{"taxonomy":"product_tag","embeddable":true,"href":"https:\/\/antderground.com\/pt-br\/wp-json\/wp\/v2\/product_tag?post=40135"}],"curies":[{"name":"wp","href":"https:\/\/api.w.org\/{rel}","templated":true}]}}