{"id":40146,"date":"2024-11-29T21:14:17","date_gmt":"2024-11-29T20:14:17","guid":{"rendered":"https:\/\/www.antderground.com\/producto\/cubaris-murina-papaya\/"},"modified":"2024-11-29T21:14:17","modified_gmt":"2024-11-29T20:14:17","slug":"cubaris-murina-papaya","status":"publish","type":"product","link":"https:\/\/antderground.com\/pt-br\/produto\/cubaris-murina-papaya\/","title":{"rendered":"Cubaris murina &#8220;Papaya&#8221;"},"content":{"rendered":"<h3 data-start=\"61\" data-end=\"109\"><strong data-start=\"65\" data-end=\"107\">Ficha T\u00e9cnica: Cubaris murina &#8220;Papaya&#8221;<\/strong><\/h3>\n<p data-start=\"111\" data-end=\"265\"><strong data-start=\"111\" data-end=\"126\">Nome comum:<\/strong> Is\u00f3pode Papaya<br data-start=\"141\" data-end=\"144\" \/><strong data-start=\"144\" data-end=\"164\">Nome cient\u00edfico:<\/strong> <em data-start=\"165\" data-end=\"181\">Cubaris murina<\/em><br data-start=\"181\" data-end=\"184\" \/><strong data-start=\"184\" data-end=\"196\">Fam\u00edlia:<\/strong> Armadillidiidae<br data-start=\"212\" data-end=\"215\" \/><strong data-start=\"215\" data-end=\"226\">Origem:<\/strong> Tail\u00e2ndia, regi\u00f5es tropicais da \u00c1sia<\/p>\n<h4 data-start=\"267\" data-end=\"288\"><strong data-start=\"272\" data-end=\"286\">Descri\u00e7\u00e3o:<\/strong><\/h4>\n<p data-start=\"289\" data-end=\"671\">O <em data-start=\"291\" data-end=\"316\">Cubaris murina &#8220;Papaya&#8221;<\/em> \u00e9 um is\u00f3pode da fam\u00edlia Armadillidiidae, conhecido por suas cores vibrantes e seu exoesqueleto em tons de laranja e marrom, que lembram a fruta papaia. Seu corpo segmentado \u00e9 protegido por uma carapa\u00e7a r\u00edgida que lhe permite enrolar-se em uma esfera para se defender de poss\u00edveis amea\u00e7as. Este is\u00f3pode \u00e9 pequeno, atingindo entre 2 a 3 cm quando adulto.<\/p>\n<h4 data-start=\"673\" data-end=\"692\"><strong data-start=\"678\" data-end=\"690\">Habitat:<\/strong><\/h4>\n<p data-start=\"693\" data-end=\"1043\">O <em data-start=\"695\" data-end=\"720\">Cubaris murina &#8220;Papaya&#8221;<\/em> \u00e9 uma esp\u00e9cie terrestre que vive em solos \u00famidos e escuros, t\u00edpicos dos ecossistemas tropicais. Prefere ambientes quentes e \u00famidos, como os encontrados em terr\u00e1rios bem preparados. Pode ser mantido em condi\u00e7\u00f5es semelhantes \u00e0s de outros is\u00f3podes tropicais, com um substrato de terra \u00famida, casca de \u00e1rvore e folhas secas.<\/p>\n<h4 data-start=\"1045\" data-end=\"1078\"><strong data-start=\"1050\" data-end=\"1076\">Temperatura e Umidade:<\/strong><\/h4>\n<ul data-start=\"1079\" data-end=\"1228\">\n<li data-start=\"1079\" data-end=\"1118\"><strong data-start=\"1081\" data-end=\"1097\">Temperatura:<\/strong> Entre 22\u00b0C e 28\u00b0C.<\/li>\n<li data-start=\"1119\" data-end=\"1228\"><strong data-start=\"1121\" data-end=\"1133\">Umidade:<\/strong> Alta, entre 60-80%. \u00c9 importante manter o substrato constantemente \u00famido, mas sem encharcar.<\/li>\n<\/ul>\n<h4 data-start=\"1230\" data-end=\"1253\"><strong data-start=\"1235\" data-end=\"1251\">Alimenta\u00e7\u00e3o:<\/strong><\/h4>\n<p data-start=\"1254\" data-end=\"1509\">On\u00edvoro, alimenta-se de mat\u00e9ria org\u00e2nica em decomposi\u00e7\u00e3o, como folhas secas, madeira podre e restos de vegetais. Tamb\u00e9m pode consumir pequenos peda\u00e7os de frutas e legumes, mas estes devem ser oferecidos com modera\u00e7\u00e3o para evitar o crescimento de fungos.<\/p>\n<h4 data-start=\"1511\" data-end=\"1533\"><strong data-start=\"1516\" data-end=\"1531\">Reprodu\u00e7\u00e3o:<\/strong><\/h4>\n<p data-start=\"1534\" data-end=\"1765\">O <em data-start=\"1536\" data-end=\"1561\">Cubaris murina &#8220;Papaya&#8221;<\/em> possui um ciclo reprodutivo relativamente r\u00e1pido. A f\u00eamea carrega as crias em seu mars\u00fapio at\u00e9 que estejam totalmente desenvolvidas. Quando emergem, j\u00e1 apresentam a forma juvenil e crescem rapidamente.<\/p>\n<h4 data-start=\"1767\" data-end=\"1787\"><strong data-start=\"1772\" data-end=\"1785\">Cuidados:<\/strong><\/h4>\n<ul data-start=\"1788\" data-end=\"2153\">\n<li data-start=\"1788\" data-end=\"1885\"><strong data-start=\"1790\" data-end=\"1803\">Terr\u00e1rio:<\/strong> Deve ter espa\u00e7o suficiente e \u00e1reas escuras onde os is\u00f3podes possam se esconder.<\/li>\n<li data-start=\"1886\" data-end=\"2023\"><strong data-start=\"1888\" data-end=\"1902\">Substrato:<\/strong> Uma mistura de terra, folhas secas e casca de \u00e1rvore \u00e9 ideal para manter a umidade adequada e permitir o enterramento.<\/li>\n<li data-start=\"2024\" data-end=\"2153\"><strong data-start=\"2026\" data-end=\"2040\">Decora\u00e7\u00e3o:<\/strong> Elementos naturais, como pedras, troncos e plantas vivas ou artificiais, ajudam a recriar um ambiente natural.<\/li>\n<\/ul>\n<h4 data-start=\"2155\" data-end=\"2180\"><strong data-start=\"2160\" data-end=\"2178\">Comportamento:<\/strong><\/h4>\n<p data-start=\"2181\" data-end=\"2387\">O <em data-start=\"2183\" data-end=\"2208\">Cubaris murina &#8220;Papaya&#8221;<\/em> \u00e9 um is\u00f3pode tranquilo, mas pode apresentar comportamento defensivo ao se sentir amea\u00e7ado, enrolando-se em uma bola. Geralmente s\u00e3o noturnos, sendo mais ativos durante a noite.<\/p>\n<h4 data-start=\"2389\" data-end=\"2416\"><strong data-start=\"2394\" data-end=\"2414\">Compatibilidade:<\/strong><\/h4>\n<p data-start=\"2417\" data-end=\"2637\">Esta esp\u00e9cie pode ser mantida em grupos, desde que o terr\u00e1rio tenha recursos suficientes para evitar competi\u00e7\u00e3o. Pode coexistir com outras esp\u00e9cies de is\u00f3podes, desde que suas necessidades ambientais sejam compat\u00edveis.<\/p>\n<h4 data-start=\"2639\" data-end=\"2660\"><strong data-start=\"2644\" data-end=\"2658\">Vantagens:<\/strong><\/h4>\n<ul data-start=\"2661\" data-end=\"3033\">\n<li data-start=\"2661\" data-end=\"2790\"><strong data-start=\"2663\" data-end=\"2686\">Apar\u00eancia atrativa:<\/strong> Sua colora\u00e7\u00e3o em tons de laranja e marrom torna esta esp\u00e9cie visualmente interessante para terr\u00e1rios.<\/li>\n<li data-start=\"2791\" data-end=\"2907\"><strong data-start=\"2793\" data-end=\"2816\">Reciclador natural:<\/strong> Ajuda na decomposi\u00e7\u00e3o da mat\u00e9ria org\u00e2nica, contribuindo para um ecossistema equilibrado.<\/li>\n<li data-start=\"2908\" data-end=\"3033\"><strong data-start=\"2910\" data-end=\"2930\">F\u00e1cil de cuidar:<\/strong> Requer cuidados b\u00e1sicos em um ambiente tropical, sendo ideal para iniciantes na cria\u00e7\u00e3o de is\u00f3podes.<\/li>\n<\/ul>\n","protected":false},"excerpt":{"rendered":"<p>O Cubaris murina &#8220;Papaya&#8221; \u00e9 um is\u00f3pode fascinante, com uma colora\u00e7\u00e3o laranja e castanha que o torna \u00fanico. Perfeito para terr\u00e1rios tropicais, \u00e9 f\u00e1cil de cuidar e ajuda a manter um ambiente saud\u00e1vel ao decompor mat\u00e9ria org\u00e2nica. Uma j\u00f3ia para a sua cole\u00e7\u00e3o!!<\/p>\n","protected":false},"featured_media":38361,"template":"","meta":[],"product_brand":[],"product_cat":[483,486,721],"product_tag":[],"class_list":{"0":"post-40146","1":"product","2":"type-product","3":"status-publish","4":"has-post-thumbnail","6":"product_cat-artropodes","7":"product_cat-isopodos","8":"product_cat-cubaris","10":"first","11":"instock","12":"shipping-taxable","13":"purchasable","14":"product-type-variable"},"yoast_head":"<!-- This site is optimized with the Yoast SEO plugin v27.4 - https:\/\/yoast.com\/product\/yoast-seo-wordpress\/ -->\n<title>Cubaris murina &quot;Papaya&quot; | Loja online de is\u00f3podes - ANTDERGROUND<\/title>\n<meta name=\"description\" content=\"Isopod Cubaris murina &quot;Papaya&quot;: cor vibrante, f\u00e1cil de cuidar e perfeita para terr\u00e1rios tropicais. \ud83c\udf3f\ud83e\udde1 D\u00ea um toque ex\u00f3tico ao seu terr\u00e1rio!\" \/>\n<meta name=\"robots\" content=\"index, follow, max-snippet:-1, max-image-preview:large, max-video-preview:-1\" \/>\n<link rel=\"canonical\" href=\"https:\/\/antderground.com\/pt-br\/produto\/cubaris-murina-papaya\/\" \/>\n<meta property=\"og:locale\" content=\"pt_BR\" \/>\n<meta property=\"og:type\" content=\"article\" \/>\n<meta property=\"og:title\" content=\"Cubaris murina &quot;Papaya&quot; | Loja online de is\u00f3podes - ANTDERGROUND\" \/>\n<meta property=\"og:description\" content=\"Isopod Cubaris murina &quot;Papaya&quot;: cor vibrante, f\u00e1cil de cuidar e perfeita para terr\u00e1rios tropicais. \ud83c\udf3f\ud83e\udde1 D\u00ea um toque ex\u00f3tico ao seu terr\u00e1rio!\" \/>\n<meta property=\"og:url\" content=\"https:\/\/antderground.com\/pt-br\/produto\/cubaris-murina-papaya\/\" \/>\n<meta property=\"og:site_name\" content=\"ANTDERGROUND\" \/>\n<meta property=\"og:image\" content=\"https:\/\/antderground.com\/wp-content\/uploads\/2024\/11\/Cubaris-murina-papaya.jpg\" \/>\n\t<meta property=\"og:image:width\" content=\"2042\" \/>\n\t<meta property=\"og:image:height\" content=\"2042\" \/>\n\t<meta property=\"og:image:type\" content=\"image\/jpeg\" \/>\n<meta name=\"twitter:card\" content=\"summary_large_image\" \/>\n<meta name=\"twitter:label1\" content=\"Est. tempo de leitura\" \/>\n\t<meta name=\"twitter:data1\" content=\"2 minutos\" \/>\n<script type=\"application\/ld+json\" class=\"yoast-schema-graph\">{\"@context\":\"https:\\\/\\\/schema.org\",\"@graph\":[{\"@type\":\"WebPage\",\"@id\":\"https:\\\/\\\/antderground.com\\\/pt-br\\\/produto\\\/cubaris-murina-papaya\\\/\",\"url\":\"https:\\\/\\\/antderground.com\\\/pt-br\\\/produto\\\/cubaris-murina-papaya\\\/\",\"name\":\"Cubaris murina \\\"Papaya\\\" | Loja online de is\u00f3podes - ANTDERGROUND\",\"isPartOf\":{\"@id\":\"https:\\\/\\\/antderground.com\\\/pt-br\\\/#website\"},\"primaryImageOfPage\":{\"@id\":\"https:\\\/\\\/antderground.com\\\/pt-br\\\/produto\\\/cubaris-murina-papaya\\\/#primaryimage\"},\"image\":{\"@id\":\"https:\\\/\\\/antderground.com\\\/pt-br\\\/produto\\\/cubaris-murina-papaya\\\/#primaryimage\"},\"thumbnailUrl\":\"https:\\\/\\\/antderground.com\\\/wp-content\\\/uploads\\\/2024\\\/11\\\/Cubaris-murina-papaya.jpg\",\"datePublished\":\"2024-11-29T20:14:17+00:00\",\"description\":\"Isopod Cubaris murina \\\"Papaya\\\": cor vibrante, f\u00e1cil de cuidar e perfeita para terr\u00e1rios tropicais. \ud83c\udf3f\ud83e\udde1 D\u00ea um toque ex\u00f3tico ao seu terr\u00e1rio!\",\"breadcrumb\":{\"@id\":\"https:\\\/\\\/antderground.com\\\/pt-br\\\/produto\\\/cubaris-murina-papaya\\\/#breadcrumb\"},\"inLanguage\":\"pt-BR\",\"potentialAction\":[{\"@type\":\"ReadAction\",\"target\":[\"https:\\\/\\\/antderground.com\\\/pt-br\\\/produto\\\/cubaris-murina-papaya\\\/\"]}]},{\"@type\":\"ImageObject\",\"inLanguage\":\"pt-BR\",\"@id\":\"https:\\\/\\\/antderground.com\\\/pt-br\\\/produto\\\/cubaris-murina-papaya\\\/#primaryimage\",\"url\":\"https:\\\/\\\/antderground.com\\\/wp-content\\\/uploads\\\/2024\\\/11\\\/Cubaris-murina-papaya.jpg\",\"contentUrl\":\"https:\\\/\\\/antderground.com\\\/wp-content\\\/uploads\\\/2024\\\/11\\\/Cubaris-murina-papaya.jpg\",\"width\":2042,\"height\":2042,\"caption\":\"Cubaris murina papaya\"},{\"@type\":\"BreadcrumbList\",\"@id\":\"https:\\\/\\\/antderground.com\\\/pt-br\\\/produto\\\/cubaris-murina-papaya\\\/#breadcrumb\",\"itemListElement\":[{\"@type\":\"ListItem\",\"position\":1,\"name\":\"Portada\",\"item\":\"https:\\\/\\\/antderground.com\\\/pt-br\\\/\"},{\"@type\":\"ListItem\",\"position\":2,\"name\":\"Produtos\",\"item\":\"https:\\\/\\\/antderground.com\\\/pt-br\\\/loja-de-formigueiros\\\/\"},{\"@type\":\"ListItem\",\"position\":3,\"name\":\"Cubaris murina &#8220;Papaya&#8221;\"}]},{\"@type\":\"WebSite\",\"@id\":\"https:\\\/\\\/antderground.com\\\/pt-br\\\/#website\",\"url\":\"https:\\\/\\\/antderground.com\\\/pt-br\\\/\",\"name\":\"ANTDERGROUND\",\"description\":\"Tu tienda de hormigas, gran variedad de hormigueros acr\u00edlicos,madera,arena,3D y mas.. Pide tus hormigas gratis con tu pedido, somos expertos en hormigueros antifugas.\",\"publisher\":{\"@id\":\"https:\\\/\\\/antderground.com\\\/pt-br\\\/#\\\/schema\\\/person\\\/0e322c505e84fe72c65e2f6d08f96b81\"},\"alternateName\":\"Antderground\",\"potentialAction\":[{\"@type\":\"SearchAction\",\"target\":{\"@type\":\"EntryPoint\",\"urlTemplate\":\"https:\\\/\\\/antderground.com\\\/pt-br\\\/?s={search_term_string}\"},\"query-input\":{\"@type\":\"PropertyValueSpecification\",\"valueRequired\":true,\"valueName\":\"search_term_string\"}}],\"inLanguage\":\"pt-BR\"},{\"@type\":[\"Person\",\"Organization\"],\"@id\":\"https:\\\/\\\/antderground.com\\\/pt-br\\\/#\\\/schema\\\/person\\\/0e322c505e84fe72c65e2f6d08f96b81\",\"name\":\"Eric de Antderground\",\"image\":{\"@type\":\"ImageObject\",\"inLanguage\":\"pt-BR\",\"@id\":\"https:\\\/\\\/secure.gravatar.com\\\/avatar\\\/c49a1b9f79216d1498cb73c1e85cd47f4465dda35f2a94c03790d491bd4423c3?s=96&d=mm&r=g\",\"url\":\"https:\\\/\\\/secure.gravatar.com\\\/avatar\\\/c49a1b9f79216d1498cb73c1e85cd47f4465dda35f2a94c03790d491bd4423c3?s=96&d=mm&r=g\",\"contentUrl\":\"https:\\\/\\\/secure.gravatar.com\\\/avatar\\\/c49a1b9f79216d1498cb73c1e85cd47f4465dda35f2a94c03790d491bd4423c3?s=96&d=mm&r=g\",\"caption\":\"Eric de Antderground\"},\"logo\":{\"@id\":\"https:\\\/\\\/secure.gravatar.com\\\/avatar\\\/c49a1b9f79216d1498cb73c1e85cd47f4465dda35f2a94c03790d491bd4423c3?s=96&d=mm&r=g\"},\"description\":\"Eric es el especialista y fundador de Antderground, con una amplia trayectoria en artr\u00f3podos y enfocado en la mirmecolog\u00eda y el dise\u00f1o de hormigueros artificiales. Su enfoque combina la innovaci\u00f3n t\u00e9cnica con el respeto por la biolog\u00eda de las hormigas, is\u00f3podos y otros, desarrollando sistemas de nidos modulares 3D y acr\u00edlicos que son referentes para aficionados y profesionales en toda Europa. Su objetivo es facilitar la cr\u00eda de hormigas y otros artr\u00f3podos mediante soluciones seguras y divulgaci\u00f3n de calidad.\",\"sameAs\":[\"https:\\\/\\\/antderground.com\\\/\",\"https:\\\/\\\/www.youtube.com\\\/channel\\\/UCio72z7TlbufkAthAJIJfPw\"]}]}<\/script>\n<!-- \/ Yoast SEO plugin. -->","yoast_head_json":{"title":"Cubaris murina \"Papaya\" | Loja online de is\u00f3podes - ANTDERGROUND","description":"Isopod Cubaris murina \"Papaya\": cor vibrante, f\u00e1cil de cuidar e perfeita para terr\u00e1rios tropicais. \ud83c\udf3f\ud83e\udde1 D\u00ea um toque ex\u00f3tico ao seu terr\u00e1rio!","robots":{"index":"index","follow":"follow","max-snippet":"max-snippet:-1","max-image-preview":"max-image-preview:large","max-video-preview":"max-video-preview:-1"},"canonical":"https:\/\/antderground.com\/pt-br\/produto\/cubaris-murina-papaya\/","og_locale":"pt_BR","og_type":"article","og_title":"Cubaris murina \"Papaya\" | Loja online de is\u00f3podes - ANTDERGROUND","og_description":"Isopod Cubaris murina \"Papaya\": cor vibrante, f\u00e1cil de cuidar e perfeita para terr\u00e1rios tropicais. \ud83c\udf3f\ud83e\udde1 D\u00ea um toque ex\u00f3tico ao seu terr\u00e1rio!","og_url":"https:\/\/antderground.com\/pt-br\/produto\/cubaris-murina-papaya\/","og_site_name":"ANTDERGROUND","og_image":[{"width":2042,"height":2042,"url":"https:\/\/antderground.com\/wp-content\/uploads\/2024\/11\/Cubaris-murina-papaya.jpg","type":"image\/jpeg"}],"twitter_card":"summary_large_image","twitter_misc":{"Est. tempo de leitura":"2 minutos"},"schema":{"@context":"https:\/\/schema.org","@graph":[{"@type":"WebPage","@id":"https:\/\/antderground.com\/pt-br\/produto\/cubaris-murina-papaya\/","url":"https:\/\/antderground.com\/pt-br\/produto\/cubaris-murina-papaya\/","name":"Cubaris murina \"Papaya\" | Loja online de is\u00f3podes - ANTDERGROUND","isPartOf":{"@id":"https:\/\/antderground.com\/pt-br\/#website"},"primaryImageOfPage":{"@id":"https:\/\/antderground.com\/pt-br\/produto\/cubaris-murina-papaya\/#primaryimage"},"image":{"@id":"https:\/\/antderground.com\/pt-br\/produto\/cubaris-murina-papaya\/#primaryimage"},"thumbnailUrl":"https:\/\/antderground.com\/wp-content\/uploads\/2024\/11\/Cubaris-murina-papaya.jpg","datePublished":"2024-11-29T20:14:17+00:00","description":"Isopod Cubaris murina \"Papaya\": cor vibrante, f\u00e1cil de cuidar e perfeita para terr\u00e1rios tropicais. \ud83c\udf3f\ud83e\udde1 D\u00ea um toque ex\u00f3tico ao seu terr\u00e1rio!","breadcrumb":{"@id":"https:\/\/antderground.com\/pt-br\/produto\/cubaris-murina-papaya\/#breadcrumb"},"inLanguage":"pt-BR","potentialAction":[{"@type":"ReadAction","target":["https:\/\/antderground.com\/pt-br\/produto\/cubaris-murina-papaya\/"]}]},{"@type":"ImageObject","inLanguage":"pt-BR","@id":"https:\/\/antderground.com\/pt-br\/produto\/cubaris-murina-papaya\/#primaryimage","url":"https:\/\/antderground.com\/wp-content\/uploads\/2024\/11\/Cubaris-murina-papaya.jpg","contentUrl":"https:\/\/antderground.com\/wp-content\/uploads\/2024\/11\/Cubaris-murina-papaya.jpg","width":2042,"height":2042,"caption":"Cubaris murina papaya"},{"@type":"BreadcrumbList","@id":"https:\/\/antderground.com\/pt-br\/produto\/cubaris-murina-papaya\/#breadcrumb","itemListElement":[{"@type":"ListItem","position":1,"name":"Portada","item":"https:\/\/antderground.com\/pt-br\/"},{"@type":"ListItem","position":2,"name":"Produtos","item":"https:\/\/antderground.com\/pt-br\/loja-de-formigueiros\/"},{"@type":"ListItem","position":3,"name":"Cubaris murina &#8220;Papaya&#8221;"}]},{"@type":"WebSite","@id":"https:\/\/antderground.com\/pt-br\/#website","url":"https:\/\/antderground.com\/pt-br\/","name":"ANTDERGROUND","description":"Tu tienda de hormigas, gran variedad de hormigueros acr\u00edlicos,madera,arena,3D y mas.. Pide tus hormigas gratis con tu pedido, somos expertos en hormigueros antifugas.","publisher":{"@id":"https:\/\/antderground.com\/pt-br\/#\/schema\/person\/0e322c505e84fe72c65e2f6d08f96b81"},"alternateName":"Antderground","potentialAction":[{"@type":"SearchAction","target":{"@type":"EntryPoint","urlTemplate":"https:\/\/antderground.com\/pt-br\/?s={search_term_string}"},"query-input":{"@type":"PropertyValueSpecification","valueRequired":true,"valueName":"search_term_string"}}],"inLanguage":"pt-BR"},{"@type":["Person","Organization"],"@id":"https:\/\/antderground.com\/pt-br\/#\/schema\/person\/0e322c505e84fe72c65e2f6d08f96b81","name":"Eric de Antderground","image":{"@type":"ImageObject","inLanguage":"pt-BR","@id":"https:\/\/secure.gravatar.com\/avatar\/c49a1b9f79216d1498cb73c1e85cd47f4465dda35f2a94c03790d491bd4423c3?s=96&d=mm&r=g","url":"https:\/\/secure.gravatar.com\/avatar\/c49a1b9f79216d1498cb73c1e85cd47f4465dda35f2a94c03790d491bd4423c3?s=96&d=mm&r=g","contentUrl":"https:\/\/secure.gravatar.com\/avatar\/c49a1b9f79216d1498cb73c1e85cd47f4465dda35f2a94c03790d491bd4423c3?s=96&d=mm&r=g","caption":"Eric de Antderground"},"logo":{"@id":"https:\/\/secure.gravatar.com\/avatar\/c49a1b9f79216d1498cb73c1e85cd47f4465dda35f2a94c03790d491bd4423c3?s=96&d=mm&r=g"},"description":"Eric es el especialista y fundador de Antderground, con una amplia trayectoria en artr\u00f3podos y enfocado en la mirmecolog\u00eda y el dise\u00f1o de hormigueros artificiales. Su enfoque combina la innovaci\u00f3n t\u00e9cnica con el respeto por la biolog\u00eda de las hormigas, is\u00f3podos y otros, desarrollando sistemas de nidos modulares 3D y acr\u00edlicos que son referentes para aficionados y profesionales en toda Europa. Su objetivo es facilitar la cr\u00eda de hormigas y otros artr\u00f3podos mediante soluciones seguras y divulgaci\u00f3n de calidad.","sameAs":["https:\/\/antderground.com\/","https:\/\/www.youtube.com\/channel\/UCio72z7TlbufkAthAJIJfPw"]}]}},"_links":{"self":[{"href":"https:\/\/antderground.com\/pt-br\/wp-json\/wp\/v2\/product\/40146","targetHints":{"allow":["GET"]}}],"collection":[{"href":"https:\/\/antderground.com\/pt-br\/wp-json\/wp\/v2\/product"}],"about":[{"href":"https:\/\/antderground.com\/pt-br\/wp-json\/wp\/v2\/types\/product"}],"version-history":[{"count":0,"href":"https:\/\/antderground.com\/pt-br\/wp-json\/wp\/v2\/product\/40146\/revisions"}],"wp:featuredmedia":[{"embeddable":true,"href":"https:\/\/antderground.com\/pt-br\/wp-json\/wp\/v2\/media\/38361"}],"wp:attachment":[{"href":"https:\/\/antderground.com\/pt-br\/wp-json\/wp\/v2\/media?parent=40146"}],"wp:term":[{"taxonomy":"product_brand","embeddable":true,"href":"https:\/\/antderground.com\/pt-br\/wp-json\/wp\/v2\/product_brand?post=40146"},{"taxonomy":"product_cat","embeddable":true,"href":"https:\/\/antderground.com\/pt-br\/wp-json\/wp\/v2\/product_cat?post=40146"},{"taxonomy":"product_tag","embeddable":true,"href":"https:\/\/antderground.com\/pt-br\/wp-json\/wp\/v2\/product_tag?post=40146"}],"curies":[{"name":"wp","href":"https:\/\/api.w.org\/{rel}","templated":true}]}}